{"id":245133,"date":"2026-04-07T00:25:36","date_gmt":"2026-04-07T06:25:36","guid":{"rendered":"https:\/\/compuviper.mx\/tienda\/producto\/tripp-lite-suint1500lcd2u-no-break-tripp-lite-series-sai-smartonline-de-doble-conversin-1500va-1350w-208-230v-8-tomacorrientes-autonoma-extendida-opcin-de-tarjeta-de-red-lcd-usb-db9-2u-rac\/"},"modified":"2026-04-07T00:25:37","modified_gmt":"2026-04-07T06:25:37","slug":"tripp-lite-suint1500lcd2u-no-break-tripp-lite-series-sai-smartonline-de-doble-conversin-1500va-1350w-208-230v-8-tomacorrientes-autonoma-extendida-opcin-de-tarjeta-de-red-lcd-usb-db9-2u-rac","status":"publish","type":"product","link":"https:\/\/compuviper.mx\/tienda\/producto\/tripp-lite-suint1500lcd2u-no-break-tripp-lite-series-sai-smartonline-de-doble-conversin-1500va-1350w-208-230v-8-tomacorrientes-autonoma-extendida-opcin-de-tarjeta-de-red-lcd-usb-db9-2u-rac\/","title":{"rendered":"Tripp-lite Suint1500lcd2u No Break Tripp Lite  Series Sai Smartonline De Doble Conversi?n 1500va 1350w 208\/230v &#8211; 8 Tomacorrientes, Autonom?a Extendida, Opci?n De Tarjeta De Red, Lcd, Usb, Db9, 2u Rack\/torre. G2"},"content":{"rendered":"<table class=\"descripcion\">\n<tr>\n<td>Dise\u00f1o actualizado para 2023<\/td>\n<\/tr>\n<tr>\n<td>Protege los equipos contra apagones, ca\u00eddas de voltaje, sobretensiones transitorias y ruido en la l\u00ednea<\/td>\n<\/tr>\n<tr>\n<td>Mantiene el equipo funcionando durante apagones para permitir tiempo para el guardado de archivos y apagado seguro<\/td>\n<\/tr>\n<tr>\n<td>Cero tiempo de transferencia entre los modos en l\u00ednea y de respaldo por bater\u00eda para una operaci\u00f3n ininterrumpida.<\/td>\n<\/tr>\n<tr>\n<td>La tarjeta opcional webcardlxe permite acceso y control remoto total<\/td>\n<\/tr>\n<tr>\n<td>El lcd controlado por men\u00fas lo mantiene actualizado con informaci\u00f3n de estado y otros an\u00e1lisis vitales<\/td>\n<\/tr>\n<tr>\n<td>Garant\u00eda limitada por 2 a\u00f1os<\/td>\n<\/tr>\n<tr>\n<td>Utilice la tarjeta web opcional webcardlxe.<\/td>\n<\/tr>\n<tr>\n<td>No es compatible con webcardlx.<\/td>\n<\/tr>\n<tr>\n<td>Compatibilidad con m\u00f3dulo de bater\u00edas externas    bp48rt<\/td>\n<\/tr>\n<tr>\n<td>Tipo de bater\u00eda plomo \u00e1cido regulada por v\u00e1lvula [vrla]<\/td>\n<\/tr>\n<tr>\n<td>Autonom\u00eda a plena carga (min)   5.8 m\u00edn (1350 w)<\/td>\n<\/tr>\n<tr>\n<td>Autonom\u00eda a media carga (min)   16 m\u00edn (675 w)<\/td>\n<\/tr>\n<tr>\n<td>Autonom\u00eda ampliable s\u00ed<\/td>\n<\/tr>\n<\/table>\n","protected":false},"excerpt":{"rendered":"<p>El ups de doble conversi\u00f3n protege los equipos contra da\u00f1os, tiempos de inactividad y p\u00e9rdida de datos. Este sistema ups de doble conversi\u00f3n en l\u00ednea mantiene una salida perfecta al convertir la entrada de ca en cc y, a continuaci\u00f3n, reconvertir la salida del ups en ca de onda sinusoidal totalmente regulada. El funcionamiento constante de en l\u00ednea a\u00edsla completamente los equipos sensibles de cualquier problema de energ\u00eda en la l\u00ednea ca. El smartonline\u00ae suint1500lcd2u proporciona el m\u00e1s alto nivel de protecci\u00f3n el\u00e9ctrica y bater\u00eda de reserva para aplicaciones de educaci\u00f3n, sanidad, militares, gubernamentales y otras aplicaciones de ti de misi\u00f3n cr\u00edtica en las que el espacio es limitado, pero la fiabilidad de la alimentaci\u00f3n el\u00e9ctrica es esencial. Bater\u00eda de reserva fiable y ampliable que le mantiene operativo en caso de apagones. Los m\u00f3dulos de bater\u00eda vrla sustituibles en caliente le permiten trabajar en caso de apagones breves y le dan tiempo suficiente para guardar archivos de forma segura y apagar el sistema en caso de un apag\u00f3n prolongado. Cero tiempo de transferencia entre los modos en l\u00ednea y bater\u00eda mantiene el funcionamiento continuo de los equipos conectados sin interrupciones ni reinicios. Se puede obtener una autonom\u00eda adicional conectando hasta cuatro m\u00f3dulos de bater\u00eda extendida opcionales (bp48rt, se venden por separado).<\/p>\n","protected":false},"featured_media":259538,"comment_status":"open","ping_status":"open","template":"","meta":[],"product_cat":[1508,1691],"product_tag":[1510],"acf":[],"yoast_head":"<!-- This site is optimized with the Yoast SEO plugin v21.7 - https:\/\/yoast.com\/wordpress\/plugins\/seo\/ -->\n<title>[ Tripp-lite ] &#129351; Suint1500lcd2u No Break Tripp Lite Series Sai Smartonline De Doble Conversi\u00f3n 1500va 1350w 208\/230v - 8 Tomacorrientes, Autonom\u00eda Extendida, Opci\u00f3n De Tarjeta De Red, Lcd, Usb, Db9, 2u Rack\/torre. G2<\/title>\n<meta name=\"description\" content=\"Compra Suint1500lcd2u No Break Tripp Lite Series Sai Smartonline De Doble Conversi\u00f3n 1500va 1350w 208\/230v - 8 Tomacorrientes, Autonom\u00eda Extendida, Opci\u00f3n De Tarjeta De Red, Lcd, Usb, Db9, 2u Rack\/torre. G2 + Env\u00edo a domicilio + Pago seguro + Garant\u00eda\" \/>\n<meta name=\"robots\" content=\"index, follow, max-snippet:-1, max-image-preview:large, max-video-preview:-1\" \/>\n<link rel=\"canonical\" href=\"https:\/\/compuviper.mx\/tienda\/producto\/tripp-lite-suint1500lcd2u-no-break-tripp-lite-series-sai-smartonline-de-doble-conversin-1500va-1350w-208-230v-8-tomacorrientes-autonoma-extendida-opcin-de-tarjeta-de-red-lcd-usb-db9-2u-rac\/\" \/>\n<meta property=\"og:locale\" content=\"es_MX\" \/>\n<meta property=\"og:type\" content=\"article\" \/>\n<meta property=\"og:title\" content=\"[ Tripp-lite ] &#129351; Suint1500lcd2u No Break Tripp Lite Series Sai Smartonline De Doble Conversi\u00f3n 1500va 1350w 208\/230v - 8 Tomacorrientes, Autonom\u00eda Extendida, Opci\u00f3n De Tarjeta De Red, Lcd, Usb, Db9, 2u Rack\/torre. G2\" \/>\n<meta property=\"og:description\" content=\"Compra Suint1500lcd2u No Break Tripp Lite Series Sai Smartonline De Doble Conversi\u00f3n 1500va 1350w 208\/230v - 8 Tomacorrientes, Autonom\u00eda Extendida, Opci\u00f3n De Tarjeta De Red, Lcd, Usb, Db9, 2u Rack\/torre. G2 + Env\u00edo a domicilio + Pago seguro + Garant\u00eda\" \/>\n<meta property=\"og:url\" content=\"https:\/\/compuviper.mx\/tienda\/producto\/tripp-lite-suint1500lcd2u-no-break-tripp-lite-series-sai-smartonline-de-doble-conversin-1500va-1350w-208-230v-8-tomacorrientes-autonoma-extendida-opcin-de-tarjeta-de-red-lcd-usb-db9-2u-rac\/\" \/>\n<meta property=\"og:site_name\" content=\"Compuviper\" \/>\n<meta property=\"article:publisher\" content=\"https:\/\/www.facebook.com\/compuviper\" \/>\n<meta property=\"article:modified_time\" content=\"2026-04-07T06:25:37+00:00\" \/>\n<meta property=\"og:image\" content=\"https:\/\/compuviper.mx\/tienda\/wp-content\/uploads\/2025\/10\/No-break-tripp-lite-suint1500lcd2u-series-sai-smartonline-de-doble-conversion-1500va-1350w-208230v-8-tomacorrientes-autonomia-extendida-opcion-de-tarjeta-de-red-lcd-usb-db9-2u-racktorre.-g2.jpg\" \/>\n\t<meta property=\"og:image:width\" content=\"200\" \/>\n\t<meta property=\"og:image:height\" content=\"200\" \/>\n\t<meta property=\"og:image:type\" content=\"image\/jpeg\" \/>\n<meta name=\"twitter:card\" content=\"summary_large_image\" \/>\n<meta name=\"twitter:label1\" content=\"Precio\" \/>\n\t<meta name=\"twitter:data1\" content=\"&#36;19,651 con IVA\" \/>\n\t<meta name=\"twitter:label2\" content=\"Availability\" \/>\n\t<meta name=\"twitter:data2\" content=\"On backorder\" \/>\n<script type=\"application\/ld+json\" class=\"yoast-schema-graph\">{\"@context\":\"https:\/\/schema.org\",\"@graph\":[{\"@type\":\"WebPage\",\"@id\":\"https:\/\/compuviper.mx\/tienda\/producto\/tripp-lite-suint1500lcd2u-no-break-tripp-lite-series-sai-smartonline-de-doble-conversin-1500va-1350w-208-230v-8-tomacorrientes-autonoma-extendida-opcin-de-tarjeta-de-red-lcd-usb-db9-2u-rac\/\",\"url\":\"https:\/\/compuviper.mx\/tienda\/producto\/tripp-lite-suint1500lcd2u-no-break-tripp-lite-series-sai-smartonline-de-doble-conversin-1500va-1350w-208-230v-8-tomacorrientes-autonoma-extendida-opcin-de-tarjeta-de-red-lcd-usb-db9-2u-rac\/\",\"name\":\"[ Tripp-lite ] &#129351; Suint1500lcd2u No Break Tripp Lite Series Sai Smartonline De Doble Conversi\u00f3n 1500va 1350w 208\/230v - 8 Tomacorrientes, Autonom\u00eda Extendida, Opci\u00f3n De Tarjeta De Red, Lcd, Usb, Db9, 2u Rack\/torre. G2\",\"isPartOf\":{\"@id\":\"https:\/\/compuviper.mx\/tienda\/#website\"},\"datePublished\":\"2026-04-07T06:25:36+00:00\",\"dateModified\":\"2026-04-07T06:25:37+00:00\",\"description\":\"Compra Suint1500lcd2u No Break Tripp Lite Series Sai Smartonline De Doble Conversi\u00f3n 1500va 1350w 208\/230v - 8 Tomacorrientes, Autonom\u00eda Extendida, Opci\u00f3n De Tarjeta De Red, Lcd, Usb, Db9, 2u Rack\/torre. G2 + Env\u00edo a domicilio + Pago seguro + Garant\u00eda\",\"breadcrumb\":{\"@id\":\"https:\/\/compuviper.mx\/tienda\/producto\/tripp-lite-suint1500lcd2u-no-break-tripp-lite-series-sai-smartonline-de-doble-conversin-1500va-1350w-208-230v-8-tomacorrientes-autonoma-extendida-opcin-de-tarjeta-de-red-lcd-usb-db9-2u-rac\/#breadcrumb\"},\"inLanguage\":\"es-MX\",\"potentialAction\":[{\"@type\":\"ReadAction\",\"target\":[\"https:\/\/compuviper.mx\/tienda\/producto\/tripp-lite-suint1500lcd2u-no-break-tripp-lite-series-sai-smartonline-de-doble-conversin-1500va-1350w-208-230v-8-tomacorrientes-autonoma-extendida-opcin-de-tarjeta-de-red-lcd-usb-db9-2u-rac\/\"]}]},{\"@type\":\"BreadcrumbList\",\"@id\":\"https:\/\/compuviper.mx\/tienda\/producto\/tripp-lite-suint1500lcd2u-no-break-tripp-lite-series-sai-smartonline-de-doble-conversin-1500va-1350w-208-230v-8-tomacorrientes-autonoma-extendida-opcin-de-tarjeta-de-red-lcd-usb-db9-2u-rac\/#breadcrumb\",\"itemListElement\":[{\"@type\":\"ListItem\",\"position\":1,\"name\":\"Inicio\",\"item\":\"https:\/\/compuviper.mx\/tienda\/\"},{\"@type\":\"ListItem\",\"position\":2,\"name\":\"Productos\",\"item\":\"https:\/\/compuviper.mx\/tienda\/productos\/\"},{\"@type\":\"ListItem\",\"position\":3,\"name\":\"Energia\",\"item\":\"https:\/\/compuviper.mx\/tienda\/categoria-producto\/energia\/\"},{\"@type\":\"ListItem\",\"position\":4,\"name\":\"No Break\",\"item\":\"https:\/\/compuviper.mx\/tienda\/categoria-producto\/energia\/no-break\/\"},{\"@type\":\"ListItem\",\"position\":5,\"name\":\"Tripp-lite Suint1500lcd2u No Break Tripp Lite Series Sai Smartonline De Doble Conversi?n 1500va 1350w 208\/230v &#8211; 8 Tomacorrientes, Autonom?a Extendida, Opci?n De Tarjeta De Red, Lcd, Usb, Db9, 2u Rack\/torre. G2\"}]},{\"@type\":\"WebSite\",\"@id\":\"https:\/\/compuviper.mx\/tienda\/#website\",\"url\":\"https:\/\/compuviper.mx\/tienda\/\",\"name\":\"Compuviper\",\"description\":\"Proveedor de Computadoras, Laptops, Servidores, Monitores, Puntos de Venta, Teclados,   Impresoras, T\u00f3ner, C\u00e1maras de Seguridad y m\u00e1s en tu tienda en l\u00ednea\",\"publisher\":{\"@id\":\"https:\/\/compuviper.mx\/tienda\/#organization\"},\"potentialAction\":[{\"@type\":\"SearchAction\",\"target\":{\"@type\":\"EntryPoint\",\"urlTemplate\":\"https:\/\/compuviper.mx\/tienda\/?s={search_term_string}\"},\"query-input\":\"required name=search_term_string\"}],\"inLanguage\":\"es-MX\"},{\"@type\":\"Organization\",\"@id\":\"https:\/\/compuviper.mx\/tienda\/#organization\",\"name\":\"Compuviper\",\"url\":\"https:\/\/compuviper.mx\/tienda\/\",\"logo\":{\"@type\":\"ImageObject\",\"inLanguage\":\"es-MX\",\"@id\":\"https:\/\/compuviper.mx\/tienda\/#\/schema\/logo\/image\/\",\"url\":\"https:\/\/compuviper.mx\/tienda\/wp-content\/uploads\/2021\/08\/Logo-Compuviper-10.png\",\"contentUrl\":\"https:\/\/compuviper.mx\/tienda\/wp-content\/uploads\/2021\/08\/Logo-Compuviper-10.png\",\"width\":1000,\"height\":500,\"caption\":\"Compuviper\"},\"image\":{\"@id\":\"https:\/\/compuviper.mx\/tienda\/#\/schema\/logo\/image\/\"},\"sameAs\":[\"https:\/\/www.facebook.com\/compuviper\",\"https:\/\/www.youtube.com\/channel\/UCf73dERp9Y3cfOq7q8BhLjA?view_as=subscriber\"]}]}<\/script>\n<meta property=\"product:brand\" content=\"TRIPP-LITE\" \/>\n<meta property=\"product:price:amount\" content=\"19651\" \/>\n<meta property=\"product:price:currency\" content=\"MXN\" \/>\n<meta property=\"og:availability\" content=\"backorder\" \/>\n<meta property=\"product:availability\" content=\"available for order\" \/>\n<meta property=\"product:retailer_item_id\" content=\"SUINT1500LCD2U\" \/>\n<meta property=\"product:condition\" content=\"new\" \/>\n<!-- \/ Yoast SEO plugin. -->","yoast_head_json":{"title":"[ Tripp-lite ] &#129351; Suint1500lcd2u No Break Tripp Lite Series Sai Smartonline De Doble Conversi\u00f3n 1500va 1350w 208\/230v - 8 Tomacorrientes, Autonom\u00eda Extendida, Opci\u00f3n De Tarjeta De Red, Lcd, Usb, Db9, 2u Rack\/torre. G2","description":"Compra Suint1500lcd2u No Break Tripp Lite Series Sai Smartonline De Doble Conversi\u00f3n 1500va 1350w 208\/230v - 8 Tomacorrientes, Autonom\u00eda Extendida, Opci\u00f3n De Tarjeta De Red, Lcd, Usb, Db9, 2u Rack\/torre. G2 + Env\u00edo a domicilio + Pago seguro + Garant\u00eda","robots":{"index":"index","follow":"follow","max-snippet":"max-snippet:-1","max-image-preview":"max-image-preview:large","max-video-preview":"max-video-preview:-1"},"canonical":"https:\/\/compuviper.mx\/tienda\/producto\/tripp-lite-suint1500lcd2u-no-break-tripp-lite-series-sai-smartonline-de-doble-conversin-1500va-1350w-208-230v-8-tomacorrientes-autonoma-extendida-opcin-de-tarjeta-de-red-lcd-usb-db9-2u-rac\/","og_locale":"es_MX","og_type":"article","og_title":"[ Tripp-lite ] &#129351; Suint1500lcd2u No Break Tripp Lite Series Sai Smartonline De Doble Conversi\u00f3n 1500va 1350w 208\/230v - 8 Tomacorrientes, Autonom\u00eda Extendida, Opci\u00f3n De Tarjeta De Red, Lcd, Usb, Db9, 2u Rack\/torre. G2","og_description":"Compra Suint1500lcd2u No Break Tripp Lite Series Sai Smartonline De Doble Conversi\u00f3n 1500va 1350w 208\/230v - 8 Tomacorrientes, Autonom\u00eda Extendida, Opci\u00f3n De Tarjeta De Red, Lcd, Usb, Db9, 2u Rack\/torre. G2 + Env\u00edo a domicilio + Pago seguro + Garant\u00eda","og_url":"https:\/\/compuviper.mx\/tienda\/producto\/tripp-lite-suint1500lcd2u-no-break-tripp-lite-series-sai-smartonline-de-doble-conversin-1500va-1350w-208-230v-8-tomacorrientes-autonoma-extendida-opcin-de-tarjeta-de-red-lcd-usb-db9-2u-rac\/","og_site_name":"Compuviper","article_publisher":"https:\/\/www.facebook.com\/compuviper","article_modified_time":"2026-04-07T06:25:37+00:00","og_image":[{"width":200,"height":200,"url":"https:\/\/compuviper.mx\/tienda\/wp-content\/uploads\/2025\/10\/No-break-tripp-lite-suint1500lcd2u-series-sai-smartonline-de-doble-conversion-1500va-1350w-208230v-8-tomacorrientes-autonomia-extendida-opcion-de-tarjeta-de-red-lcd-usb-db9-2u-racktorre.-g2.jpg","type":"image\/jpeg"}],"twitter_card":"summary_large_image","twitter_misc":{"Precio":"&#36;19,651 con IVA","Availability":"On backorder"},"schema":{"@context":"https:\/\/schema.org","@graph":[{"@type":"WebPage","@id":"https:\/\/compuviper.mx\/tienda\/producto\/tripp-lite-suint1500lcd2u-no-break-tripp-lite-series-sai-smartonline-de-doble-conversin-1500va-1350w-208-230v-8-tomacorrientes-autonoma-extendida-opcin-de-tarjeta-de-red-lcd-usb-db9-2u-rac\/","url":"https:\/\/compuviper.mx\/tienda\/producto\/tripp-lite-suint1500lcd2u-no-break-tripp-lite-series-sai-smartonline-de-doble-conversin-1500va-1350w-208-230v-8-tomacorrientes-autonoma-extendida-opcin-de-tarjeta-de-red-lcd-usb-db9-2u-rac\/","name":"[ Tripp-lite ] &#129351; Suint1500lcd2u No Break Tripp Lite Series Sai Smartonline De Doble Conversi\u00f3n 1500va 1350w 208\/230v - 8 Tomacorrientes, Autonom\u00eda Extendida, Opci\u00f3n De Tarjeta De Red, Lcd, Usb, Db9, 2u Rack\/torre. G2","isPartOf":{"@id":"https:\/\/compuviper.mx\/tienda\/#website"},"datePublished":"2026-04-07T06:25:36+00:00","dateModified":"2026-04-07T06:25:37+00:00","description":"Compra Suint1500lcd2u No Break Tripp Lite Series Sai Smartonline De Doble Conversi\u00f3n 1500va 1350w 208\/230v - 8 Tomacorrientes, Autonom\u00eda Extendida, Opci\u00f3n De Tarjeta De Red, Lcd, Usb, Db9, 2u Rack\/torre. G2 + Env\u00edo a domicilio + Pago seguro + Garant\u00eda","breadcrumb":{"@id":"https:\/\/compuviper.mx\/tienda\/producto\/tripp-lite-suint1500lcd2u-no-break-tripp-lite-series-sai-smartonline-de-doble-conversin-1500va-1350w-208-230v-8-tomacorrientes-autonoma-extendida-opcin-de-tarjeta-de-red-lcd-usb-db9-2u-rac\/#breadcrumb"},"inLanguage":"es-MX","potentialAction":[{"@type":"ReadAction","target":["https:\/\/compuviper.mx\/tienda\/producto\/tripp-lite-suint1500lcd2u-no-break-tripp-lite-series-sai-smartonline-de-doble-conversin-1500va-1350w-208-230v-8-tomacorrientes-autonoma-extendida-opcin-de-tarjeta-de-red-lcd-usb-db9-2u-rac\/"]}]},{"@type":"BreadcrumbList","@id":"https:\/\/compuviper.mx\/tienda\/producto\/tripp-lite-suint1500lcd2u-no-break-tripp-lite-series-sai-smartonline-de-doble-conversin-1500va-1350w-208-230v-8-tomacorrientes-autonoma-extendida-opcin-de-tarjeta-de-red-lcd-usb-db9-2u-rac\/#breadcrumb","itemListElement":[{"@type":"ListItem","position":1,"name":"Inicio","item":"https:\/\/compuviper.mx\/tienda\/"},{"@type":"ListItem","position":2,"name":"Productos","item":"https:\/\/compuviper.mx\/tienda\/productos\/"},{"@type":"ListItem","position":3,"name":"Energia","item":"https:\/\/compuviper.mx\/tienda\/categoria-producto\/energia\/"},{"@type":"ListItem","position":4,"name":"No Break","item":"https:\/\/compuviper.mx\/tienda\/categoria-producto\/energia\/no-break\/"},{"@type":"ListItem","position":5,"name":"Tripp-lite Suint1500lcd2u No Break Tripp Lite Series Sai Smartonline De Doble Conversi?n 1500va 1350w 208\/230v &#8211; 8 Tomacorrientes, Autonom?a Extendida, Opci?n De Tarjeta De Red, Lcd, Usb, Db9, 2u Rack\/torre. G2"}]},{"@type":"WebSite","@id":"https:\/\/compuviper.mx\/tienda\/#website","url":"https:\/\/compuviper.mx\/tienda\/","name":"Compuviper","description":"Proveedor de Computadoras, Laptops, Servidores, Monitores, Puntos de Venta, Teclados,   Impresoras, T\u00f3ner, C\u00e1maras de Seguridad y m\u00e1s en tu tienda en l\u00ednea","publisher":{"@id":"https:\/\/compuviper.mx\/tienda\/#organization"},"potentialAction":[{"@type":"SearchAction","target":{"@type":"EntryPoint","urlTemplate":"https:\/\/compuviper.mx\/tienda\/?s={search_term_string}"},"query-input":"required name=search_term_string"}],"inLanguage":"es-MX"},{"@type":"Organization","@id":"https:\/\/compuviper.mx\/tienda\/#organization","name":"Compuviper","url":"https:\/\/compuviper.mx\/tienda\/","logo":{"@type":"ImageObject","inLanguage":"es-MX","@id":"https:\/\/compuviper.mx\/tienda\/#\/schema\/logo\/image\/","url":"https:\/\/compuviper.mx\/tienda\/wp-content\/uploads\/2021\/08\/Logo-Compuviper-10.png","contentUrl":"https:\/\/compuviper.mx\/tienda\/wp-content\/uploads\/2021\/08\/Logo-Compuviper-10.png","width":1000,"height":500,"caption":"Compuviper"},"image":{"@id":"https:\/\/compuviper.mx\/tienda\/#\/schema\/logo\/image\/"},"sameAs":["https:\/\/www.facebook.com\/compuviper","https:\/\/www.youtube.com\/channel\/UCf73dERp9Y3cfOq7q8BhLjA?view_as=subscriber"]}]},"product_brand":"TRIPP-LITE","product_price_amount":"19651","product_price_currency":"MXN","og_availability":"backorder","product_availability":"available for order","product_retailer_item_id":"SUINT1500LCD2U","product_condition":"new"},"_links":{"self":[{"href":"https:\/\/compuviper.mx\/tienda\/wp-json\/wp\/v2\/product\/245133"}],"collection":[{"href":"https:\/\/compuviper.mx\/tienda\/wp-json\/wp\/v2\/product"}],"about":[{"href":"https:\/\/compuviper.mx\/tienda\/wp-json\/wp\/v2\/types\/product"}],"replies":[{"embeddable":true,"href":"https:\/\/compuviper.mx\/tienda\/wp-json\/wp\/v2\/comments?post=245133"}],"wp:featuredmedia":[{"embeddable":true,"href":"https:\/\/compuviper.mx\/tienda\/wp-json\/wp\/v2\/media\/259538"}],"wp:attachment":[{"href":"https:\/\/compuviper.mx\/tienda\/wp-json\/wp\/v2\/media?parent=245133"}],"wp:term":[{"taxonomy":"product_cat","embeddable":true,"href":"https:\/\/compuviper.mx\/tienda\/wp-json\/wp\/v2\/product_cat?post=245133"},{"taxonomy":"product_tag","embeddable":true,"href":"https:\/\/compuviper.mx\/tienda\/wp-json\/wp\/v2\/product_tag?post=245133"}],"curies":[{"name":"wp","href":"https:\/\/api.w.org\/{rel}","templated":true}]}}