{"id":245105,"date":"2026-04-01T23:14:01","date_gmt":"2026-04-02T05:14:01","guid":{"rendered":"https:\/\/compuviper.mx\/tienda\/producto\/startech-com-133l-privacy-screen-filtro-de-privacidad-para-laptop-de-13-3in-filtro-para-monitor-para-pantalla-ancha-169-protector-de-pantalla-startech\/"},"modified":"2026-04-01T23:14:01","modified_gmt":"2026-04-02T05:14:01","slug":"startech-com-133l-privacy-screen-filtro-de-privacidad-para-laptop-de-13-3in-filtro-para-monitor-para-pantalla-ancha-169-protector-de-pantalla-startech","status":"publish","type":"product","link":"https:\/\/compuviper.mx\/tienda\/producto\/startech-com-133l-privacy-screen-filtro-de-privacidad-para-laptop-de-13-3in-filtro-para-monitor-para-pantalla-ancha-169-protector-de-pantalla-startech\/","title":{"rendered":"Startech.com 133l-privacy-screen Filtro De Privacidad Para Laptop De 13.3in &#8211; Filtro Para Monitor Para Pantalla Ancha 16:9 &#8211; Protector De Pantalla  Startech"},"content":{"rendered":"<table class=\"descripcion\">\n<tr>\n<td>Proteja los datos visuales confidenciales: oscurece la pantalla de su laptop por los lados a la vez que proporciona un angulo de visi\u00f3n de 60\u00b0 (+\/-30\u00b0) &#8211; mantenga sus datos confidenciales en privado y evite el fisgoneo visual en espacios publicos<\/td>\n<\/tr>\n<tr>\n<td>Para laptops de 13,3: se adapta a laptops de 13.3 con pantallas de 16:9 &#8211; 29.4&#215;16.6cm &#8211; el filtro no interferira con c\u00e1maras web montadas en la parte superior o al cerrar la tapa &#8211; verifique el tamano de la pantalla antes de realizar el pedido<\/td>\n<\/tr>\n<tr>\n<td>Reduzca el esfuerzo ocular: esta pantalla de privacidad para laptop bloquea hasta el 51% de la luz azul, lo que ayuda a reducir la fatiga ocular digital y mejora el confort visual durante un uso prolongado<\/td>\n<\/tr>\n<tr>\n<td>Filtro reversible: presenta un lado mate antideslumbrante para entornos propensos a los reflejos y un lado de alto brillo que ayuda a conservar el color &#8211; el lado mate proporciona una proteccion adicional con un revestimiento resistente a las huellas<\/td>\n<\/tr>\n<tr>\n<td>Aplicacion sin problemas: instale el protector de privacidad en pantallas sin biseles utilizando las tiras adhesivas transparentes y sin residuos &#8211; utilice las pesta\u00f1as de montaje deslizante para instalarla en pantallas de laptops con biseles<\/td>\n<\/tr>\n<\/table>\n","protected":false},"excerpt":{"rendered":"<p>Evite miradas indiscretas limitando los angulos de visi\u00f3n de su pantalla con el filtro de privacidad startech<\/p>\n","protected":false},"featured_media":258674,"comment_status":"open","ping_status":"open","template":"","meta":[],"product_cat":[1485,2026],"product_tag":[1590],"acf":[],"yoast_head":"<!-- This site is optimized with the Yoast SEO plugin v21.7 - https:\/\/yoast.com\/wordpress\/plugins\/seo\/ -->\n<title>[ Startech.com ] &#129351; 133l-privacy-screen Filtro De Privacidad Para Laptop De 13.3in - Filtro Para Monitor Para Pantalla Ancha 16:9 - Protector De Pantalla Startech<\/title>\n<meta name=\"description\" content=\"Compra 133l-privacy-screen Filtro De Privacidad Para Laptop De 13.3in - Filtro Para Monitor Para Pantalla Ancha 16:9 - Protector De Pantalla Startech + Env\u00edo a domicilio + Pago seguro + Garant\u00eda\" \/>\n<meta name=\"robots\" content=\"index, follow, max-snippet:-1, max-image-preview:large, max-video-preview:-1\" \/>\n<link rel=\"canonical\" href=\"https:\/\/compuviper.mx\/tienda\/producto\/startech-com-133l-privacy-screen-filtro-de-privacidad-para-laptop-de-13-3in-filtro-para-monitor-para-pantalla-ancha-169-protector-de-pantalla-startech\/\" \/>\n<meta property=\"og:locale\" content=\"es_MX\" \/>\n<meta property=\"og:type\" content=\"article\" \/>\n<meta property=\"og:title\" content=\"[ Startech.com ] &#129351; 133l-privacy-screen Filtro De Privacidad Para Laptop De 13.3in - Filtro Para Monitor Para Pantalla Ancha 16:9 - Protector De Pantalla Startech\" \/>\n<meta property=\"og:description\" content=\"Compra 133l-privacy-screen Filtro De Privacidad Para Laptop De 13.3in - Filtro Para Monitor Para Pantalla Ancha 16:9 - Protector De Pantalla Startech + Env\u00edo a domicilio + Pago seguro + Garant\u00eda\" \/>\n<meta property=\"og:url\" content=\"https:\/\/compuviper.mx\/tienda\/producto\/startech-com-133l-privacy-screen-filtro-de-privacidad-para-laptop-de-13-3in-filtro-para-monitor-para-pantalla-ancha-169-protector-de-pantalla-startech\/\" \/>\n<meta property=\"og:site_name\" content=\"Compuviper\" \/>\n<meta property=\"article:publisher\" content=\"https:\/\/www.facebook.com\/compuviper\" \/>\n<meta property=\"og:image\" content=\"https:\/\/compuviper.mx\/tienda\/wp-content\/uploads\/2025\/10\/Filtro-de-privacidad-para-laptop-de-13.3in-filtro-para-monitor-para-pantalla-ancha-169-protector-de-pantalla-startech.jpg\" \/>\n\t<meta property=\"og:image:width\" content=\"200\" \/>\n\t<meta property=\"og:image:height\" content=\"200\" \/>\n\t<meta property=\"og:image:type\" content=\"image\/jpeg\" \/>\n<meta name=\"twitter:card\" content=\"summary_large_image\" \/>\n<meta name=\"twitter:label1\" content=\"Precio\" \/>\n\t<meta name=\"twitter:data1\" content=\"&#36;249 con IVA\" \/>\n\t<meta name=\"twitter:label2\" content=\"Availability\" \/>\n\t<meta name=\"twitter:data2\" content=\"On backorder\" \/>\n<script type=\"application\/ld+json\" class=\"yoast-schema-graph\">{\"@context\":\"https:\/\/schema.org\",\"@graph\":[{\"@type\":\"WebPage\",\"@id\":\"https:\/\/compuviper.mx\/tienda\/producto\/startech-com-133l-privacy-screen-filtro-de-privacidad-para-laptop-de-13-3in-filtro-para-monitor-para-pantalla-ancha-169-protector-de-pantalla-startech\/\",\"url\":\"https:\/\/compuviper.mx\/tienda\/producto\/startech-com-133l-privacy-screen-filtro-de-privacidad-para-laptop-de-13-3in-filtro-para-monitor-para-pantalla-ancha-169-protector-de-pantalla-startech\/\",\"name\":\"[ Startech.com ] &#129351; 133l-privacy-screen Filtro De Privacidad Para Laptop De 13.3in - Filtro Para Monitor Para Pantalla Ancha 16:9 - Protector De Pantalla Startech\",\"isPartOf\":{\"@id\":\"https:\/\/compuviper.mx\/tienda\/#website\"},\"datePublished\":\"2026-04-02T05:14:01+00:00\",\"dateModified\":\"2026-04-02T05:14:01+00:00\",\"description\":\"Compra 133l-privacy-screen Filtro De Privacidad Para Laptop De 13.3in - Filtro Para Monitor Para Pantalla Ancha 16:9 - Protector De Pantalla Startech + Env\u00edo a domicilio + Pago seguro + Garant\u00eda\",\"breadcrumb\":{\"@id\":\"https:\/\/compuviper.mx\/tienda\/producto\/startech-com-133l-privacy-screen-filtro-de-privacidad-para-laptop-de-13-3in-filtro-para-monitor-para-pantalla-ancha-169-protector-de-pantalla-startech\/#breadcrumb\"},\"inLanguage\":\"es-MX\",\"potentialAction\":[{\"@type\":\"ReadAction\",\"target\":[\"https:\/\/compuviper.mx\/tienda\/producto\/startech-com-133l-privacy-screen-filtro-de-privacidad-para-laptop-de-13-3in-filtro-para-monitor-para-pantalla-ancha-169-protector-de-pantalla-startech\/\"]}]},{\"@type\":\"BreadcrumbList\",\"@id\":\"https:\/\/compuviper.mx\/tienda\/producto\/startech-com-133l-privacy-screen-filtro-de-privacidad-para-laptop-de-13-3in-filtro-para-monitor-para-pantalla-ancha-169-protector-de-pantalla-startech\/#breadcrumb\",\"itemListElement\":[{\"@type\":\"ListItem\",\"position\":1,\"name\":\"Inicio\",\"item\":\"https:\/\/compuviper.mx\/tienda\/\"},{\"@type\":\"ListItem\",\"position\":2,\"name\":\"Productos\",\"item\":\"https:\/\/compuviper.mx\/tienda\/productos\/\"},{\"@type\":\"ListItem\",\"position\":3,\"name\":\"Accesorios\",\"item\":\"https:\/\/compuviper.mx\/tienda\/categoria-producto\/accesorios\/\"},{\"@type\":\"ListItem\",\"position\":4,\"name\":\"Filtros\",\"item\":\"https:\/\/compuviper.mx\/tienda\/categoria-producto\/accesorios\/filtros\/\"},{\"@type\":\"ListItem\",\"position\":5,\"name\":\"Startech.com 133l-privacy-screen Filtro De Privacidad Para Laptop De 13.3in &#8211; Filtro Para Monitor Para Pantalla Ancha 16:9 &#8211; Protector De Pantalla Startech\"}]},{\"@type\":\"WebSite\",\"@id\":\"https:\/\/compuviper.mx\/tienda\/#website\",\"url\":\"https:\/\/compuviper.mx\/tienda\/\",\"name\":\"Compuviper\",\"description\":\"Proveedor de Computadoras, Laptops, Servidores, Monitores, Puntos de Venta, Teclados,   Impresoras, T\u00f3ner, C\u00e1maras de Seguridad y m\u00e1s en tu tienda en l\u00ednea\",\"publisher\":{\"@id\":\"https:\/\/compuviper.mx\/tienda\/#organization\"},\"potentialAction\":[{\"@type\":\"SearchAction\",\"target\":{\"@type\":\"EntryPoint\",\"urlTemplate\":\"https:\/\/compuviper.mx\/tienda\/?s={search_term_string}\"},\"query-input\":\"required name=search_term_string\"}],\"inLanguage\":\"es-MX\"},{\"@type\":\"Organization\",\"@id\":\"https:\/\/compuviper.mx\/tienda\/#organization\",\"name\":\"Compuviper\",\"url\":\"https:\/\/compuviper.mx\/tienda\/\",\"logo\":{\"@type\":\"ImageObject\",\"inLanguage\":\"es-MX\",\"@id\":\"https:\/\/compuviper.mx\/tienda\/#\/schema\/logo\/image\/\",\"url\":\"https:\/\/compuviper.mx\/tienda\/wp-content\/uploads\/2021\/08\/Logo-Compuviper-10.png\",\"contentUrl\":\"https:\/\/compuviper.mx\/tienda\/wp-content\/uploads\/2021\/08\/Logo-Compuviper-10.png\",\"width\":1000,\"height\":500,\"caption\":\"Compuviper\"},\"image\":{\"@id\":\"https:\/\/compuviper.mx\/tienda\/#\/schema\/logo\/image\/\"},\"sameAs\":[\"https:\/\/www.facebook.com\/compuviper\",\"https:\/\/www.youtube.com\/channel\/UCf73dERp9Y3cfOq7q8BhLjA?view_as=subscriber\"]}]}<\/script>\n<meta property=\"product:brand\" content=\"STARTECH.COM\" \/>\n<meta property=\"product:price:amount\" content=\"249\" \/>\n<meta property=\"product:price:currency\" content=\"MXN\" \/>\n<meta property=\"og:availability\" content=\"backorder\" \/>\n<meta property=\"product:availability\" content=\"available for order\" \/>\n<meta property=\"product:retailer_item_id\" content=\"133L-PRIVACY-SCREEN\" \/>\n<meta property=\"product:condition\" content=\"new\" \/>\n<!-- \/ Yoast SEO plugin. -->","yoast_head_json":{"title":"[ Startech.com ] &#129351; 133l-privacy-screen Filtro De Privacidad Para Laptop De 13.3in - Filtro Para Monitor Para Pantalla Ancha 16:9 - Protector De Pantalla Startech","description":"Compra 133l-privacy-screen Filtro De Privacidad Para Laptop De 13.3in - Filtro Para Monitor Para Pantalla Ancha 16:9 - Protector De Pantalla Startech + Env\u00edo a domicilio + Pago seguro + Garant\u00eda","robots":{"index":"index","follow":"follow","max-snippet":"max-snippet:-1","max-image-preview":"max-image-preview:large","max-video-preview":"max-video-preview:-1"},"canonical":"https:\/\/compuviper.mx\/tienda\/producto\/startech-com-133l-privacy-screen-filtro-de-privacidad-para-laptop-de-13-3in-filtro-para-monitor-para-pantalla-ancha-169-protector-de-pantalla-startech\/","og_locale":"es_MX","og_type":"article","og_title":"[ Startech.com ] &#129351; 133l-privacy-screen Filtro De Privacidad Para Laptop De 13.3in - Filtro Para Monitor Para Pantalla Ancha 16:9 - Protector De Pantalla Startech","og_description":"Compra 133l-privacy-screen Filtro De Privacidad Para Laptop De 13.3in - Filtro Para Monitor Para Pantalla Ancha 16:9 - Protector De Pantalla Startech + Env\u00edo a domicilio + Pago seguro + Garant\u00eda","og_url":"https:\/\/compuviper.mx\/tienda\/producto\/startech-com-133l-privacy-screen-filtro-de-privacidad-para-laptop-de-13-3in-filtro-para-monitor-para-pantalla-ancha-169-protector-de-pantalla-startech\/","og_site_name":"Compuviper","article_publisher":"https:\/\/www.facebook.com\/compuviper","og_image":[{"width":200,"height":200,"url":"https:\/\/compuviper.mx\/tienda\/wp-content\/uploads\/2025\/10\/Filtro-de-privacidad-para-laptop-de-13.3in-filtro-para-monitor-para-pantalla-ancha-169-protector-de-pantalla-startech.jpg","type":"image\/jpeg"}],"twitter_card":"summary_large_image","twitter_misc":{"Precio":"&#36;249 con IVA","Availability":"On backorder"},"schema":{"@context":"https:\/\/schema.org","@graph":[{"@type":"WebPage","@id":"https:\/\/compuviper.mx\/tienda\/producto\/startech-com-133l-privacy-screen-filtro-de-privacidad-para-laptop-de-13-3in-filtro-para-monitor-para-pantalla-ancha-169-protector-de-pantalla-startech\/","url":"https:\/\/compuviper.mx\/tienda\/producto\/startech-com-133l-privacy-screen-filtro-de-privacidad-para-laptop-de-13-3in-filtro-para-monitor-para-pantalla-ancha-169-protector-de-pantalla-startech\/","name":"[ Startech.com ] &#129351; 133l-privacy-screen Filtro De Privacidad Para Laptop De 13.3in - Filtro Para Monitor Para Pantalla Ancha 16:9 - Protector De Pantalla Startech","isPartOf":{"@id":"https:\/\/compuviper.mx\/tienda\/#website"},"datePublished":"2026-04-02T05:14:01+00:00","dateModified":"2026-04-02T05:14:01+00:00","description":"Compra 133l-privacy-screen Filtro De Privacidad Para Laptop De 13.3in - Filtro Para Monitor Para Pantalla Ancha 16:9 - Protector De Pantalla Startech + Env\u00edo a domicilio + Pago seguro + Garant\u00eda","breadcrumb":{"@id":"https:\/\/compuviper.mx\/tienda\/producto\/startech-com-133l-privacy-screen-filtro-de-privacidad-para-laptop-de-13-3in-filtro-para-monitor-para-pantalla-ancha-169-protector-de-pantalla-startech\/#breadcrumb"},"inLanguage":"es-MX","potentialAction":[{"@type":"ReadAction","target":["https:\/\/compuviper.mx\/tienda\/producto\/startech-com-133l-privacy-screen-filtro-de-privacidad-para-laptop-de-13-3in-filtro-para-monitor-para-pantalla-ancha-169-protector-de-pantalla-startech\/"]}]},{"@type":"BreadcrumbList","@id":"https:\/\/compuviper.mx\/tienda\/producto\/startech-com-133l-privacy-screen-filtro-de-privacidad-para-laptop-de-13-3in-filtro-para-monitor-para-pantalla-ancha-169-protector-de-pantalla-startech\/#breadcrumb","itemListElement":[{"@type":"ListItem","position":1,"name":"Inicio","item":"https:\/\/compuviper.mx\/tienda\/"},{"@type":"ListItem","position":2,"name":"Productos","item":"https:\/\/compuviper.mx\/tienda\/productos\/"},{"@type":"ListItem","position":3,"name":"Accesorios","item":"https:\/\/compuviper.mx\/tienda\/categoria-producto\/accesorios\/"},{"@type":"ListItem","position":4,"name":"Filtros","item":"https:\/\/compuviper.mx\/tienda\/categoria-producto\/accesorios\/filtros\/"},{"@type":"ListItem","position":5,"name":"Startech.com 133l-privacy-screen Filtro De Privacidad Para Laptop De 13.3in &#8211; Filtro Para Monitor Para Pantalla Ancha 16:9 &#8211; Protector De Pantalla Startech"}]},{"@type":"WebSite","@id":"https:\/\/compuviper.mx\/tienda\/#website","url":"https:\/\/compuviper.mx\/tienda\/","name":"Compuviper","description":"Proveedor de Computadoras, Laptops, Servidores, Monitores, Puntos de Venta, Teclados,   Impresoras, T\u00f3ner, C\u00e1maras de Seguridad y m\u00e1s en tu tienda en l\u00ednea","publisher":{"@id":"https:\/\/compuviper.mx\/tienda\/#organization"},"potentialAction":[{"@type":"SearchAction","target":{"@type":"EntryPoint","urlTemplate":"https:\/\/compuviper.mx\/tienda\/?s={search_term_string}"},"query-input":"required name=search_term_string"}],"inLanguage":"es-MX"},{"@type":"Organization","@id":"https:\/\/compuviper.mx\/tienda\/#organization","name":"Compuviper","url":"https:\/\/compuviper.mx\/tienda\/","logo":{"@type":"ImageObject","inLanguage":"es-MX","@id":"https:\/\/compuviper.mx\/tienda\/#\/schema\/logo\/image\/","url":"https:\/\/compuviper.mx\/tienda\/wp-content\/uploads\/2021\/08\/Logo-Compuviper-10.png","contentUrl":"https:\/\/compuviper.mx\/tienda\/wp-content\/uploads\/2021\/08\/Logo-Compuviper-10.png","width":1000,"height":500,"caption":"Compuviper"},"image":{"@id":"https:\/\/compuviper.mx\/tienda\/#\/schema\/logo\/image\/"},"sameAs":["https:\/\/www.facebook.com\/compuviper","https:\/\/www.youtube.com\/channel\/UCf73dERp9Y3cfOq7q8BhLjA?view_as=subscriber"]}]},"product_brand":"STARTECH.COM","product_price_amount":"249","product_price_currency":"MXN","og_availability":"backorder","product_availability":"available for order","product_retailer_item_id":"133L-PRIVACY-SCREEN","product_condition":"new"},"_links":{"self":[{"href":"https:\/\/compuviper.mx\/tienda\/wp-json\/wp\/v2\/product\/245105"}],"collection":[{"href":"https:\/\/compuviper.mx\/tienda\/wp-json\/wp\/v2\/product"}],"about":[{"href":"https:\/\/compuviper.mx\/tienda\/wp-json\/wp\/v2\/types\/product"}],"replies":[{"embeddable":true,"href":"https:\/\/compuviper.mx\/tienda\/wp-json\/wp\/v2\/comments?post=245105"}],"wp:featuredmedia":[{"embeddable":true,"href":"https:\/\/compuviper.mx\/tienda\/wp-json\/wp\/v2\/media\/258674"}],"wp:attachment":[{"href":"https:\/\/compuviper.mx\/tienda\/wp-json\/wp\/v2\/media?parent=245105"}],"wp:term":[{"taxonomy":"product_cat","embeddable":true,"href":"https:\/\/compuviper.mx\/tienda\/wp-json\/wp\/v2\/product_cat?post=245105"},{"taxonomy":"product_tag","embeddable":true,"href":"https:\/\/compuviper.mx\/tienda\/wp-json\/wp\/v2\/product_tag?post=245105"}],"curies":[{"name":"wp","href":"https:\/\/api.w.org\/{rel}","templated":true}]}}