{"id":245019,"date":"2026-04-09T02:12:45","date_gmt":"2026-04-09T08:12:45","guid":{"rendered":"https:\/\/compuviper.mx\/tienda\/producto\/perfect-choice-pc-117186-audifonos-tws-enc-con-carga-inalambrica-nesh-negro\/"},"modified":"2026-04-09T02:12:45","modified_gmt":"2026-04-09T08:12:45","slug":"perfect-choice-pc-117186-audifonos-tws-enc-con-carga-inalambrica-nesh-negro","status":"publish","type":"product","link":"https:\/\/compuviper.mx\/tienda\/producto\/perfect-choice-pc-117186-audifonos-tws-enc-con-carga-inalambrica-nesh-negro\/","title":{"rendered":"Perfect Choice Pc-117186 Audifonos  Tws Enc Con Carga Inalambrica Nesh Negro"},"content":{"rendered":"<table class=\"descripcion\">\n<tr>\n<td>Alimentacin: 5vcc 1a \u0096 3w<\/td>\n<\/tr>\n<tr>\n<td>    tipo de carga: inalmbrico<\/td>\n<\/tr>\n<tr>\n<td>    bluetooth: v 5.3<\/td>\n<\/tr>\n<tr>\n<td>    alcance: 10m<\/td>\n<\/tr>\n<tr>\n<td>    perfiles: avrcp, a2dp, hsp, hfp<\/td>\n<\/tr>\n<tr>\n<td>    batera estuche \/ audfono: 300mah \/ 30mah<\/td>\n<\/tr>\n<tr>\n<td>    tiempo de reproduccin: hasta 45h total, 6h por carga<\/td>\n<\/tr>\n<tr>\n<td>    tiempo de carga: 4 horas<\/td>\n<\/tr>\n<tr>\n<td>    proteccin: ipx6<\/td>\n<\/tr>\n<tr>\n<td>Parte 4: medidas de producto<\/td>\n<\/tr>\n<tr>\n<td>    dimensiones<\/td>\n<\/tr>\n<tr>\n<td>        medidas:<\/td>\n<\/tr>\n<tr>\n<td>            estuche: 4.5 x 2 x 6 cm<\/td>\n<\/tr>\n<tr>\n<td>            auricular: 3.9 x 2.2 x 1.7 cm<\/td>\n<\/tr>\n<tr>\n<td>    peso: 60 g<\/td>\n<\/tr>\n<\/table>\n","protected":false},"excerpt":{"rendered":"<p>Descubre la experiencia de audio con nuestros audfonos tws equipados con reduccin de ruido enc. Diseados para ofrecer la mxima comodidad y calidad de sonido hq, estos audfonos te envuelven en una experiencia sonora con bajos aumentados que hacen vibrar tu msica favorita. Disfruta de hasta 45 horas de reproduccin continua y la conveniencia de la carga inalmbrica.<\/p>\n","protected":false},"featured_media":260826,"comment_status":"open","ping_status":"open","template":"","meta":[],"product_cat":[1552,1553],"product_tag":[1513],"acf":[],"yoast_head":"<!-- This site is optimized with the Yoast SEO plugin v21.7 - https:\/\/yoast.com\/wordpress\/plugins\/seo\/ -->\n<title>[ Perfect Choice ] &#129351; Pc-117186 Audifonos Tws Enc Con Carga Inalambrica Nesh Negro<\/title>\n<meta name=\"description\" content=\"Compra Pc-117186 Audifonos Tws Enc Con Carga Inalambrica Nesh Negro + Env\u00edo a domicilio + Pago seguro + Garant\u00eda\" \/>\n<meta name=\"robots\" content=\"index, follow, max-snippet:-1, max-image-preview:large, max-video-preview:-1\" \/>\n<link rel=\"canonical\" href=\"https:\/\/compuviper.mx\/tienda\/producto\/perfect-choice-pc-117186-audifonos-tws-enc-con-carga-inalambrica-nesh-negro\/\" \/>\n<meta property=\"og:locale\" content=\"es_MX\" \/>\n<meta property=\"og:type\" content=\"article\" \/>\n<meta property=\"og:title\" content=\"[ Perfect Choice ] &#129351; Pc-117186 Audifonos Tws Enc Con Carga Inalambrica Nesh Negro\" \/>\n<meta property=\"og:description\" content=\"Compra Pc-117186 Audifonos Tws Enc Con Carga Inalambrica Nesh Negro + Env\u00edo a domicilio + Pago seguro + Garant\u00eda\" \/>\n<meta property=\"og:url\" content=\"https:\/\/compuviper.mx\/tienda\/producto\/perfect-choice-pc-117186-audifonos-tws-enc-con-carga-inalambrica-nesh-negro\/\" \/>\n<meta property=\"og:site_name\" content=\"Compuviper\" \/>\n<meta property=\"article:publisher\" content=\"https:\/\/www.facebook.com\/compuviper\" \/>\n<meta property=\"og:image\" content=\"https:\/\/compuviper.mx\/tienda\/wp-content\/uploads\/2025\/10\/Audifonos-perfect-choice-tws-enc-con-carga-inalambrica-nesh-negro.jpg\" \/>\n\t<meta property=\"og:image:width\" content=\"200\" \/>\n\t<meta property=\"og:image:height\" content=\"200\" \/>\n\t<meta property=\"og:image:type\" content=\"image\/jpeg\" \/>\n<meta name=\"twitter:card\" content=\"summary_large_image\" \/>\n<meta name=\"twitter:label1\" content=\"Precio\" \/>\n\t<meta name=\"twitter:data1\" content=\"&#36;361 con IVA\" \/>\n\t<meta name=\"twitter:label2\" content=\"Availability\" \/>\n\t<meta name=\"twitter:data2\" content=\"In stock\" \/>\n<script type=\"application\/ld+json\" class=\"yoast-schema-graph\">{\"@context\":\"https:\/\/schema.org\",\"@graph\":[{\"@type\":\"WebPage\",\"@id\":\"https:\/\/compuviper.mx\/tienda\/producto\/perfect-choice-pc-117186-audifonos-tws-enc-con-carga-inalambrica-nesh-negro\/\",\"url\":\"https:\/\/compuviper.mx\/tienda\/producto\/perfect-choice-pc-117186-audifonos-tws-enc-con-carga-inalambrica-nesh-negro\/\",\"name\":\"[ Perfect Choice ] &#129351; Pc-117186 Audifonos Tws Enc Con Carga Inalambrica Nesh Negro\",\"isPartOf\":{\"@id\":\"https:\/\/compuviper.mx\/tienda\/#website\"},\"datePublished\":\"2026-04-09T08:12:45+00:00\",\"dateModified\":\"2026-04-09T08:12:45+00:00\",\"description\":\"Compra Pc-117186 Audifonos Tws Enc Con Carga Inalambrica Nesh Negro + Env\u00edo a domicilio + Pago seguro + Garant\u00eda\",\"breadcrumb\":{\"@id\":\"https:\/\/compuviper.mx\/tienda\/producto\/perfect-choice-pc-117186-audifonos-tws-enc-con-carga-inalambrica-nesh-negro\/#breadcrumb\"},\"inLanguage\":\"es-MX\",\"potentialAction\":[{\"@type\":\"ReadAction\",\"target\":[\"https:\/\/compuviper.mx\/tienda\/producto\/perfect-choice-pc-117186-audifonos-tws-enc-con-carga-inalambrica-nesh-negro\/\"]}]},{\"@type\":\"BreadcrumbList\",\"@id\":\"https:\/\/compuviper.mx\/tienda\/producto\/perfect-choice-pc-117186-audifonos-tws-enc-con-carga-inalambrica-nesh-negro\/#breadcrumb\",\"itemListElement\":[{\"@type\":\"ListItem\",\"position\":1,\"name\":\"Inicio\",\"item\":\"https:\/\/compuviper.mx\/tienda\/\"},{\"@type\":\"ListItem\",\"position\":2,\"name\":\"Productos\",\"item\":\"https:\/\/compuviper.mx\/tienda\/productos\/\"},{\"@type\":\"ListItem\",\"position\":3,\"name\":\"Audifonos Y Micro\",\"item\":\"https:\/\/compuviper.mx\/tienda\/categoria-producto\/audifonos-y-micro\/\"},{\"@type\":\"ListItem\",\"position\":4,\"name\":\"Audifono\",\"item\":\"https:\/\/compuviper.mx\/tienda\/categoria-producto\/audifonos-y-micro\/audifono\/\"},{\"@type\":\"ListItem\",\"position\":5,\"name\":\"Perfect Choice Pc-117186 Audifonos Tws Enc Con Carga Inalambrica Nesh Negro\"}]},{\"@type\":\"WebSite\",\"@id\":\"https:\/\/compuviper.mx\/tienda\/#website\",\"url\":\"https:\/\/compuviper.mx\/tienda\/\",\"name\":\"Compuviper\",\"description\":\"Proveedor de Computadoras, Laptops, Servidores, Monitores, Puntos de Venta, Teclados,   Impresoras, T\u00f3ner, C\u00e1maras de Seguridad y m\u00e1s en tu tienda en l\u00ednea\",\"publisher\":{\"@id\":\"https:\/\/compuviper.mx\/tienda\/#organization\"},\"potentialAction\":[{\"@type\":\"SearchAction\",\"target\":{\"@type\":\"EntryPoint\",\"urlTemplate\":\"https:\/\/compuviper.mx\/tienda\/?s={search_term_string}\"},\"query-input\":\"required name=search_term_string\"}],\"inLanguage\":\"es-MX\"},{\"@type\":\"Organization\",\"@id\":\"https:\/\/compuviper.mx\/tienda\/#organization\",\"name\":\"Compuviper\",\"url\":\"https:\/\/compuviper.mx\/tienda\/\",\"logo\":{\"@type\":\"ImageObject\",\"inLanguage\":\"es-MX\",\"@id\":\"https:\/\/compuviper.mx\/tienda\/#\/schema\/logo\/image\/\",\"url\":\"https:\/\/compuviper.mx\/tienda\/wp-content\/uploads\/2021\/08\/Logo-Compuviper-10.png\",\"contentUrl\":\"https:\/\/compuviper.mx\/tienda\/wp-content\/uploads\/2021\/08\/Logo-Compuviper-10.png\",\"width\":1000,\"height\":500,\"caption\":\"Compuviper\"},\"image\":{\"@id\":\"https:\/\/compuviper.mx\/tienda\/#\/schema\/logo\/image\/\"},\"sameAs\":[\"https:\/\/www.facebook.com\/compuviper\",\"https:\/\/www.youtube.com\/channel\/UCf73dERp9Y3cfOq7q8BhLjA?view_as=subscriber\"]}]}<\/script>\n<meta property=\"product:brand\" content=\"PERFECT CHOICE\" \/>\n<meta property=\"product:price:amount\" content=\"361\" \/>\n<meta property=\"product:price:currency\" content=\"MXN\" \/>\n<meta property=\"og:availability\" content=\"instock\" \/>\n<meta property=\"product:availability\" content=\"instock\" \/>\n<meta property=\"product:retailer_item_id\" content=\"PC-117186\" \/>\n<meta property=\"product:condition\" content=\"new\" \/>\n<!-- \/ Yoast SEO plugin. -->","yoast_head_json":{"title":"[ Perfect Choice ] &#129351; Pc-117186 Audifonos Tws Enc Con Carga Inalambrica Nesh Negro","description":"Compra Pc-117186 Audifonos Tws Enc Con Carga Inalambrica Nesh Negro + Env\u00edo a domicilio + Pago seguro + Garant\u00eda","robots":{"index":"index","follow":"follow","max-snippet":"max-snippet:-1","max-image-preview":"max-image-preview:large","max-video-preview":"max-video-preview:-1"},"canonical":"https:\/\/compuviper.mx\/tienda\/producto\/perfect-choice-pc-117186-audifonos-tws-enc-con-carga-inalambrica-nesh-negro\/","og_locale":"es_MX","og_type":"article","og_title":"[ Perfect Choice ] &#129351; Pc-117186 Audifonos Tws Enc Con Carga Inalambrica Nesh Negro","og_description":"Compra Pc-117186 Audifonos Tws Enc Con Carga Inalambrica Nesh Negro + Env\u00edo a domicilio + Pago seguro + Garant\u00eda","og_url":"https:\/\/compuviper.mx\/tienda\/producto\/perfect-choice-pc-117186-audifonos-tws-enc-con-carga-inalambrica-nesh-negro\/","og_site_name":"Compuviper","article_publisher":"https:\/\/www.facebook.com\/compuviper","og_image":[{"width":200,"height":200,"url":"https:\/\/compuviper.mx\/tienda\/wp-content\/uploads\/2025\/10\/Audifonos-perfect-choice-tws-enc-con-carga-inalambrica-nesh-negro.jpg","type":"image\/jpeg"}],"twitter_card":"summary_large_image","twitter_misc":{"Precio":"&#36;361 con IVA","Availability":"In stock"},"schema":{"@context":"https:\/\/schema.org","@graph":[{"@type":"WebPage","@id":"https:\/\/compuviper.mx\/tienda\/producto\/perfect-choice-pc-117186-audifonos-tws-enc-con-carga-inalambrica-nesh-negro\/","url":"https:\/\/compuviper.mx\/tienda\/producto\/perfect-choice-pc-117186-audifonos-tws-enc-con-carga-inalambrica-nesh-negro\/","name":"[ Perfect Choice ] &#129351; Pc-117186 Audifonos Tws Enc Con Carga Inalambrica Nesh Negro","isPartOf":{"@id":"https:\/\/compuviper.mx\/tienda\/#website"},"datePublished":"2026-04-09T08:12:45+00:00","dateModified":"2026-04-09T08:12:45+00:00","description":"Compra Pc-117186 Audifonos Tws Enc Con Carga Inalambrica Nesh Negro + Env\u00edo a domicilio + Pago seguro + Garant\u00eda","breadcrumb":{"@id":"https:\/\/compuviper.mx\/tienda\/producto\/perfect-choice-pc-117186-audifonos-tws-enc-con-carga-inalambrica-nesh-negro\/#breadcrumb"},"inLanguage":"es-MX","potentialAction":[{"@type":"ReadAction","target":["https:\/\/compuviper.mx\/tienda\/producto\/perfect-choice-pc-117186-audifonos-tws-enc-con-carga-inalambrica-nesh-negro\/"]}]},{"@type":"BreadcrumbList","@id":"https:\/\/compuviper.mx\/tienda\/producto\/perfect-choice-pc-117186-audifonos-tws-enc-con-carga-inalambrica-nesh-negro\/#breadcrumb","itemListElement":[{"@type":"ListItem","position":1,"name":"Inicio","item":"https:\/\/compuviper.mx\/tienda\/"},{"@type":"ListItem","position":2,"name":"Productos","item":"https:\/\/compuviper.mx\/tienda\/productos\/"},{"@type":"ListItem","position":3,"name":"Audifonos Y Micro","item":"https:\/\/compuviper.mx\/tienda\/categoria-producto\/audifonos-y-micro\/"},{"@type":"ListItem","position":4,"name":"Audifono","item":"https:\/\/compuviper.mx\/tienda\/categoria-producto\/audifonos-y-micro\/audifono\/"},{"@type":"ListItem","position":5,"name":"Perfect Choice Pc-117186 Audifonos Tws Enc Con Carga Inalambrica Nesh Negro"}]},{"@type":"WebSite","@id":"https:\/\/compuviper.mx\/tienda\/#website","url":"https:\/\/compuviper.mx\/tienda\/","name":"Compuviper","description":"Proveedor de Computadoras, Laptops, Servidores, Monitores, Puntos de Venta, Teclados,   Impresoras, T\u00f3ner, C\u00e1maras de Seguridad y m\u00e1s en tu tienda en l\u00ednea","publisher":{"@id":"https:\/\/compuviper.mx\/tienda\/#organization"},"potentialAction":[{"@type":"SearchAction","target":{"@type":"EntryPoint","urlTemplate":"https:\/\/compuviper.mx\/tienda\/?s={search_term_string}"},"query-input":"required name=search_term_string"}],"inLanguage":"es-MX"},{"@type":"Organization","@id":"https:\/\/compuviper.mx\/tienda\/#organization","name":"Compuviper","url":"https:\/\/compuviper.mx\/tienda\/","logo":{"@type":"ImageObject","inLanguage":"es-MX","@id":"https:\/\/compuviper.mx\/tienda\/#\/schema\/logo\/image\/","url":"https:\/\/compuviper.mx\/tienda\/wp-content\/uploads\/2021\/08\/Logo-Compuviper-10.png","contentUrl":"https:\/\/compuviper.mx\/tienda\/wp-content\/uploads\/2021\/08\/Logo-Compuviper-10.png","width":1000,"height":500,"caption":"Compuviper"},"image":{"@id":"https:\/\/compuviper.mx\/tienda\/#\/schema\/logo\/image\/"},"sameAs":["https:\/\/www.facebook.com\/compuviper","https:\/\/www.youtube.com\/channel\/UCf73dERp9Y3cfOq7q8BhLjA?view_as=subscriber"]}]},"product_brand":"PERFECT CHOICE","product_price_amount":"361","product_price_currency":"MXN","og_availability":"instock","product_availability":"instock","product_retailer_item_id":"PC-117186","product_condition":"new"},"_links":{"self":[{"href":"https:\/\/compuviper.mx\/tienda\/wp-json\/wp\/v2\/product\/245019"}],"collection":[{"href":"https:\/\/compuviper.mx\/tienda\/wp-json\/wp\/v2\/product"}],"about":[{"href":"https:\/\/compuviper.mx\/tienda\/wp-json\/wp\/v2\/types\/product"}],"replies":[{"embeddable":true,"href":"https:\/\/compuviper.mx\/tienda\/wp-json\/wp\/v2\/comments?post=245019"}],"wp:featuredmedia":[{"embeddable":true,"href":"https:\/\/compuviper.mx\/tienda\/wp-json\/wp\/v2\/media\/260826"}],"wp:attachment":[{"href":"https:\/\/compuviper.mx\/tienda\/wp-json\/wp\/v2\/media?parent=245019"}],"wp:term":[{"taxonomy":"product_cat","embeddable":true,"href":"https:\/\/compuviper.mx\/tienda\/wp-json\/wp\/v2\/product_cat?post=245019"},{"taxonomy":"product_tag","embeddable":true,"href":"https:\/\/compuviper.mx\/tienda\/wp-json\/wp\/v2\/product_tag?post=245019"}],"curies":[{"name":"wp","href":"https:\/\/api.w.org\/{rel}","templated":true}]}}