{"id":245016,"date":"2026-04-21T02:03:42","date_gmt":"2026-04-21T08:03:42","guid":{"rendered":"https:\/\/compuviper.mx\/tienda\/producto\/complet-erv-10-008-regulador-industrial-marca-erv-10-002-5000va-5000w-voltaje-220v\/"},"modified":"2026-04-21T02:03:42","modified_gmt":"2026-04-21T08:03:42","slug":"complet-erv-10-008-regulador-industrial-marca-5000va-5000w-voltaje-220","status":"publish","type":"product","link":"https:\/\/compuviper.mx\/tienda\/producto\/complet-erv-10-008-regulador-industrial-marca-5000va-5000w-voltaje-220\/","title":{"rendered":"Complet Erv-10-008 Regulador Industrial Marca  , 5000va\/5000w  Voltaje 220"},"content":{"rendered":"<table class=\"descripcion\">\n<tr>\n<td>Especificaciones t\u00e9cnicas: modelo x-power 5kva-220va, n\u00famero de parte: erv-10-008,  capacidad (va) 5 000, potencia (w) 5 000,  factor de potencia  a la salida 1.<\/td>\n<\/tr>\n<tr>\n<td>Par\u00e1metros de entrada: voltaje nominal de entrada (va) 220, rango de voltaje de entrada (va) 204-236, corriente m\u00e1xima de entrada (a) 22, limite de corriente (a) 27, frecuencia nominal 60hz, rango de frecuencia de entrada (hz) 60 consumo de entrada (a).<\/td>\n<\/tr>\n<tr>\n<td>Par\u00e1metros de salida: voltaje de salida nomina (vca) 220, corriente max. salida (a factor de potencia especificado) (a) 22,  contactos: entrada y salida con bloque de terminales de 3 posiciones, supresi\u00f3n de picos el\u00e9ctricos (j) 504.<\/td>\n<\/tr>\n<tr>\n<td> alertas y controles: indicador de regulaci\u00f3n, indicador led de funcionamiento, leds indicadores 1 led indicador.<\/td>\n<\/tr>\n<tr>\n<td>Caracter\u00edsticas f\u00edsicas : largo (cm) 13.3, ancho (cm )12.5, altura (cm) 10.5, peso (kg) 9.4: par\u00e1metros ambientales:  altitud por debajo de 3000m snm no afecta potencia,  garant\u00eda :  garant\u00eda del producto* 60 meses, sustituci\u00f3n inmediata 6 meses, tipo de garant\u00eda  est\u00e1ndar 8\/5 (8 horas laborales \/ d\u00edas h\u00e1biles), * garant\u00eda no valida cuando el producto no hubiese sido operado con el instructivo de uso que le acompa\u00f1a, cuando el producto hubiese sido alterado o reparado por personal no autorizado por el fabricante nacional, importador o comercializador responsable respectivo.<\/td>\n<\/tr>\n<\/table>\n","protected":false},"excerpt":{"rendered":"<p>Regulador para equipos industriales de alta capacidad, aplicaciones, comercio, seguridad,  c\u00f3mputo, refrigeraci\u00f3n, hornos. Regulaci\u00f3n de voltaje +\/.3%.<\/p>\n","protected":false},"featured_media":260743,"comment_status":"open","ping_status":"open","template":"","meta":[],"product_cat":[1508,1802],"product_tag":[1697],"acf":[],"yoast_head":"<!-- This site is optimized with the Yoast SEO plugin v21.7 - https:\/\/yoast.com\/wordpress\/plugins\/seo\/ -->\n<title>[ Complet ] &#129351; Erv-10-008 Regulador Industrial Marca , 5000va\/5000w Voltaje 220<\/title>\n<meta name=\"description\" content=\"Compra Erv-10-008 Regulador Industrial Marca , 5000va\/5000w Voltaje 220 + Env\u00edo a domicilio + Pago seguro + Garant\u00eda\" \/>\n<meta name=\"robots\" content=\"index, follow, max-snippet:-1, max-image-preview:large, max-video-preview:-1\" \/>\n<link rel=\"canonical\" href=\"https:\/\/compuviper.mx\/tienda\/producto\/complet-erv-10-008-regulador-industrial-marca-5000va-5000w-voltaje-220\/\" \/>\n<meta property=\"og:locale\" content=\"es_MX\" \/>\n<meta property=\"og:type\" content=\"article\" \/>\n<meta property=\"og:title\" content=\"[ Complet ] &#129351; Erv-10-008 Regulador Industrial Marca , 5000va\/5000w Voltaje 220\" \/>\n<meta property=\"og:description\" content=\"Compra Erv-10-008 Regulador Industrial Marca , 5000va\/5000w Voltaje 220 + Env\u00edo a domicilio + Pago seguro + Garant\u00eda\" \/>\n<meta property=\"og:url\" content=\"https:\/\/compuviper.mx\/tienda\/producto\/complet-erv-10-008-regulador-industrial-marca-5000va-5000w-voltaje-220\/\" \/>\n<meta property=\"og:site_name\" content=\"Compuviper\" \/>\n<meta property=\"article:publisher\" content=\"https:\/\/www.facebook.com\/compuviper\" \/>\n<meta property=\"og:image\" content=\"https:\/\/compuviper.mx\/tienda\/wp-content\/uploads\/2025\/10\/Regulador-industrial-marca-complet-erv-10-008-5000va5000w-voltaje-220.jpg\" \/>\n\t<meta property=\"og:image:width\" content=\"200\" \/>\n\t<meta property=\"og:image:height\" content=\"200\" \/>\n\t<meta property=\"og:image:type\" content=\"image\/jpeg\" \/>\n<meta name=\"twitter:card\" content=\"summary_large_image\" \/>\n<meta name=\"twitter:label1\" content=\"Precio\" \/>\n\t<meta name=\"twitter:data1\" content=\"&#36;5,656 con IVA\" \/>\n\t<meta name=\"twitter:label2\" content=\"Availability\" \/>\n\t<meta name=\"twitter:data2\" content=\"On backorder\" \/>\n<script type=\"application\/ld+json\" class=\"yoast-schema-graph\">{\"@context\":\"https:\/\/schema.org\",\"@graph\":[{\"@type\":\"WebPage\",\"@id\":\"https:\/\/compuviper.mx\/tienda\/producto\/complet-erv-10-008-regulador-industrial-marca-5000va-5000w-voltaje-220\/\",\"url\":\"https:\/\/compuviper.mx\/tienda\/producto\/complet-erv-10-008-regulador-industrial-marca-5000va-5000w-voltaje-220\/\",\"name\":\"[ Complet ] &#129351; Erv-10-008 Regulador Industrial Marca , 5000va\/5000w Voltaje 220\",\"isPartOf\":{\"@id\":\"https:\/\/compuviper.mx\/tienda\/#website\"},\"datePublished\":\"2026-04-21T08:03:42+00:00\",\"dateModified\":\"2026-04-21T08:03:42+00:00\",\"description\":\"Compra Erv-10-008 Regulador Industrial Marca , 5000va\/5000w Voltaje 220 + Env\u00edo a domicilio + Pago seguro + Garant\u00eda\",\"breadcrumb\":{\"@id\":\"https:\/\/compuviper.mx\/tienda\/producto\/complet-erv-10-008-regulador-industrial-marca-5000va-5000w-voltaje-220\/#breadcrumb\"},\"inLanguage\":\"es-MX\",\"potentialAction\":[{\"@type\":\"ReadAction\",\"target\":[\"https:\/\/compuviper.mx\/tienda\/producto\/complet-erv-10-008-regulador-industrial-marca-5000va-5000w-voltaje-220\/\"]}]},{\"@type\":\"BreadcrumbList\",\"@id\":\"https:\/\/compuviper.mx\/tienda\/producto\/complet-erv-10-008-regulador-industrial-marca-5000va-5000w-voltaje-220\/#breadcrumb\",\"itemListElement\":[{\"@type\":\"ListItem\",\"position\":1,\"name\":\"Inicio\",\"item\":\"https:\/\/compuviper.mx\/tienda\/\"},{\"@type\":\"ListItem\",\"position\":2,\"name\":\"Productos\",\"item\":\"https:\/\/compuviper.mx\/tienda\/productos\/\"},{\"@type\":\"ListItem\",\"position\":3,\"name\":\"Energia\",\"item\":\"https:\/\/compuviper.mx\/tienda\/categoria-producto\/energia\/\"},{\"@type\":\"ListItem\",\"position\":4,\"name\":\"Regulador\",\"item\":\"https:\/\/compuviper.mx\/tienda\/categoria-producto\/energia\/regulador\/\"},{\"@type\":\"ListItem\",\"position\":5,\"name\":\"Complet Erv-10-008 Regulador Industrial Marca , 5000va\/5000w Voltaje 220\"}]},{\"@type\":\"WebSite\",\"@id\":\"https:\/\/compuviper.mx\/tienda\/#website\",\"url\":\"https:\/\/compuviper.mx\/tienda\/\",\"name\":\"Compuviper\",\"description\":\"Proveedor de Computadoras, Laptops, Servidores, Monitores, Puntos de Venta, Teclados,   Impresoras, T\u00f3ner, C\u00e1maras de Seguridad y m\u00e1s en tu tienda en l\u00ednea\",\"publisher\":{\"@id\":\"https:\/\/compuviper.mx\/tienda\/#organization\"},\"potentialAction\":[{\"@type\":\"SearchAction\",\"target\":{\"@type\":\"EntryPoint\",\"urlTemplate\":\"https:\/\/compuviper.mx\/tienda\/?s={search_term_string}\"},\"query-input\":\"required name=search_term_string\"}],\"inLanguage\":\"es-MX\"},{\"@type\":\"Organization\",\"@id\":\"https:\/\/compuviper.mx\/tienda\/#organization\",\"name\":\"Compuviper\",\"url\":\"https:\/\/compuviper.mx\/tienda\/\",\"logo\":{\"@type\":\"ImageObject\",\"inLanguage\":\"es-MX\",\"@id\":\"https:\/\/compuviper.mx\/tienda\/#\/schema\/logo\/image\/\",\"url\":\"https:\/\/compuviper.mx\/tienda\/wp-content\/uploads\/2021\/08\/Logo-Compuviper-10.png\",\"contentUrl\":\"https:\/\/compuviper.mx\/tienda\/wp-content\/uploads\/2021\/08\/Logo-Compuviper-10.png\",\"width\":1000,\"height\":500,\"caption\":\"Compuviper\"},\"image\":{\"@id\":\"https:\/\/compuviper.mx\/tienda\/#\/schema\/logo\/image\/\"},\"sameAs\":[\"https:\/\/www.facebook.com\/compuviper\",\"https:\/\/www.youtube.com\/channel\/UCf73dERp9Y3cfOq7q8BhLjA?view_as=subscriber\"]}]}<\/script>\n<meta property=\"product:brand\" content=\"COMPLET\" \/>\n<meta property=\"product:price:amount\" content=\"5656\" \/>\n<meta property=\"product:price:currency\" content=\"MXN\" \/>\n<meta property=\"og:availability\" content=\"backorder\" \/>\n<meta property=\"product:availability\" content=\"available for order\" \/>\n<meta property=\"product:retailer_item_id\" content=\"ERV-10-008\" \/>\n<meta property=\"product:condition\" content=\"new\" \/>\n<!-- \/ Yoast SEO plugin. -->","yoast_head_json":{"title":"[ Complet ] &#129351; Erv-10-008 Regulador Industrial Marca , 5000va\/5000w Voltaje 220","description":"Compra Erv-10-008 Regulador Industrial Marca , 5000va\/5000w Voltaje 220 + Env\u00edo a domicilio + Pago seguro + Garant\u00eda","robots":{"index":"index","follow":"follow","max-snippet":"max-snippet:-1","max-image-preview":"max-image-preview:large","max-video-preview":"max-video-preview:-1"},"canonical":"https:\/\/compuviper.mx\/tienda\/producto\/complet-erv-10-008-regulador-industrial-marca-5000va-5000w-voltaje-220\/","og_locale":"es_MX","og_type":"article","og_title":"[ Complet ] &#129351; Erv-10-008 Regulador Industrial Marca , 5000va\/5000w Voltaje 220","og_description":"Compra Erv-10-008 Regulador Industrial Marca , 5000va\/5000w Voltaje 220 + Env\u00edo a domicilio + Pago seguro + Garant\u00eda","og_url":"https:\/\/compuviper.mx\/tienda\/producto\/complet-erv-10-008-regulador-industrial-marca-5000va-5000w-voltaje-220\/","og_site_name":"Compuviper","article_publisher":"https:\/\/www.facebook.com\/compuviper","og_image":[{"width":200,"height":200,"url":"https:\/\/compuviper.mx\/tienda\/wp-content\/uploads\/2025\/10\/Regulador-industrial-marca-complet-erv-10-008-5000va5000w-voltaje-220.jpg","type":"image\/jpeg"}],"twitter_card":"summary_large_image","twitter_misc":{"Precio":"&#36;5,656 con IVA","Availability":"On backorder"},"schema":{"@context":"https:\/\/schema.org","@graph":[{"@type":"WebPage","@id":"https:\/\/compuviper.mx\/tienda\/producto\/complet-erv-10-008-regulador-industrial-marca-5000va-5000w-voltaje-220\/","url":"https:\/\/compuviper.mx\/tienda\/producto\/complet-erv-10-008-regulador-industrial-marca-5000va-5000w-voltaje-220\/","name":"[ Complet ] &#129351; Erv-10-008 Regulador Industrial Marca , 5000va\/5000w Voltaje 220","isPartOf":{"@id":"https:\/\/compuviper.mx\/tienda\/#website"},"datePublished":"2026-04-21T08:03:42+00:00","dateModified":"2026-04-21T08:03:42+00:00","description":"Compra Erv-10-008 Regulador Industrial Marca , 5000va\/5000w Voltaje 220 + Env\u00edo a domicilio + Pago seguro + Garant\u00eda","breadcrumb":{"@id":"https:\/\/compuviper.mx\/tienda\/producto\/complet-erv-10-008-regulador-industrial-marca-5000va-5000w-voltaje-220\/#breadcrumb"},"inLanguage":"es-MX","potentialAction":[{"@type":"ReadAction","target":["https:\/\/compuviper.mx\/tienda\/producto\/complet-erv-10-008-regulador-industrial-marca-5000va-5000w-voltaje-220\/"]}]},{"@type":"BreadcrumbList","@id":"https:\/\/compuviper.mx\/tienda\/producto\/complet-erv-10-008-regulador-industrial-marca-5000va-5000w-voltaje-220\/#breadcrumb","itemListElement":[{"@type":"ListItem","position":1,"name":"Inicio","item":"https:\/\/compuviper.mx\/tienda\/"},{"@type":"ListItem","position":2,"name":"Productos","item":"https:\/\/compuviper.mx\/tienda\/productos\/"},{"@type":"ListItem","position":3,"name":"Energia","item":"https:\/\/compuviper.mx\/tienda\/categoria-producto\/energia\/"},{"@type":"ListItem","position":4,"name":"Regulador","item":"https:\/\/compuviper.mx\/tienda\/categoria-producto\/energia\/regulador\/"},{"@type":"ListItem","position":5,"name":"Complet Erv-10-008 Regulador Industrial Marca , 5000va\/5000w Voltaje 220"}]},{"@type":"WebSite","@id":"https:\/\/compuviper.mx\/tienda\/#website","url":"https:\/\/compuviper.mx\/tienda\/","name":"Compuviper","description":"Proveedor de Computadoras, Laptops, Servidores, Monitores, Puntos de Venta, Teclados,   Impresoras, T\u00f3ner, C\u00e1maras de Seguridad y m\u00e1s en tu tienda en l\u00ednea","publisher":{"@id":"https:\/\/compuviper.mx\/tienda\/#organization"},"potentialAction":[{"@type":"SearchAction","target":{"@type":"EntryPoint","urlTemplate":"https:\/\/compuviper.mx\/tienda\/?s={search_term_string}"},"query-input":"required name=search_term_string"}],"inLanguage":"es-MX"},{"@type":"Organization","@id":"https:\/\/compuviper.mx\/tienda\/#organization","name":"Compuviper","url":"https:\/\/compuviper.mx\/tienda\/","logo":{"@type":"ImageObject","inLanguage":"es-MX","@id":"https:\/\/compuviper.mx\/tienda\/#\/schema\/logo\/image\/","url":"https:\/\/compuviper.mx\/tienda\/wp-content\/uploads\/2021\/08\/Logo-Compuviper-10.png","contentUrl":"https:\/\/compuviper.mx\/tienda\/wp-content\/uploads\/2021\/08\/Logo-Compuviper-10.png","width":1000,"height":500,"caption":"Compuviper"},"image":{"@id":"https:\/\/compuviper.mx\/tienda\/#\/schema\/logo\/image\/"},"sameAs":["https:\/\/www.facebook.com\/compuviper","https:\/\/www.youtube.com\/channel\/UCf73dERp9Y3cfOq7q8BhLjA?view_as=subscriber"]}]},"product_brand":"COMPLET","product_price_amount":"5656","product_price_currency":"MXN","og_availability":"backorder","product_availability":"available for order","product_retailer_item_id":"ERV-10-008","product_condition":"new"},"_links":{"self":[{"href":"https:\/\/compuviper.mx\/tienda\/wp-json\/wp\/v2\/product\/245016"}],"collection":[{"href":"https:\/\/compuviper.mx\/tienda\/wp-json\/wp\/v2\/product"}],"about":[{"href":"https:\/\/compuviper.mx\/tienda\/wp-json\/wp\/v2\/types\/product"}],"replies":[{"embeddable":true,"href":"https:\/\/compuviper.mx\/tienda\/wp-json\/wp\/v2\/comments?post=245016"}],"wp:featuredmedia":[{"embeddable":true,"href":"https:\/\/compuviper.mx\/tienda\/wp-json\/wp\/v2\/media\/260743"}],"wp:attachment":[{"href":"https:\/\/compuviper.mx\/tienda\/wp-json\/wp\/v2\/media?parent=245016"}],"wp:term":[{"taxonomy":"product_cat","embeddable":true,"href":"https:\/\/compuviper.mx\/tienda\/wp-json\/wp\/v2\/product_cat?post=245016"},{"taxonomy":"product_tag","embeddable":true,"href":"https:\/\/compuviper.mx\/tienda\/wp-json\/wp\/v2\/product_tag?post=245016"}],"curies":[{"name":"wp","href":"https:\/\/api.w.org\/{rel}","templated":true}]}}