{"id":245011,"date":"2026-04-11T01:07:21","date_gmt":"2026-04-11T07:07:21","guid":{"rendered":"https:\/\/compuviper.mx\/tienda\/producto\/grandstream-gwn7603-access-point-punto-de-acceso-802-11ac-wave-2-4-ptos-gigaeth-1-pto-poe-in-y-2-pto-poe-out-mu-mimo-2x2-dualband-desempeo-de-1-27gbps-cobertura-de-100mts-100-usuario-simul\/"},"modified":"2026-04-11T01:07:21","modified_gmt":"2026-04-11T07:07:21","slug":"grandstream-gwn7603-access-point-wifi-5-banda-dual-2-4-y-5g-1-27gbps-mu-mimo-2x2-uso-interior-cobertura-de-100-mts-admite-100-dispositivos-4-ptos-gigabit-controlador-inte-sin-inyecto-poe","status":"publish","type":"product","link":"https:\/\/compuviper.mx\/tienda\/producto\/grandstream-gwn7603-access-point-wifi-5-banda-dual-2-4-y-5g-1-27gbps-mu-mimo-2x2-uso-interior-cobertura-de-100-mts-admite-100-dispositivos-4-ptos-gigabit-controlador-inte-sin-inyecto-poe\/","title":{"rendered":"Grandstream Gwn7603 Access Point  \/ Wifi 5\/ Banda  Dual 2.4 Y 5g \/1.27gbps\/ Mu-mimo 2x:2:\/  Uso Interior\/ Cobertura De 100 Mts\/ Admite 100 Dispositivos 4 Ptos Gigabit\/controlador Inte\/sin Inyecto Poe"},"content":{"rendered":"<table class=\"descripcion\">\n<tr>\n<td>El gwn7603 es un punto de acceso wi-fi compacto y vers\u00e1til que proporciona 4 puertos gigabit; dos puertos con pse que pueden proporcionar poe y una conexi\u00f3n de red a otros dispositivos y un puerto de enlace ascendente que puede recibir poe para alimentar el punto de acceso.<\/td>\n<\/tr>\n<tr>\n<td>Rendimiento inal\u00e1mbrico agregado de 1,27 gbps, velocidad de conexi\u00f3n por cable de 1 gigabit y 3 gigabit<\/td>\n<\/tr>\n<tr>\n<td>Alcance de cobertura de hasta 100 metros<\/td>\n<\/tr>\n<tr>\n<td>Adaptaci\u00f3n autom\u00e1tica de la potencia tras la detecci\u00f3n autom\u00e1tica de poe\/poe+ y pse<\/td>\n<\/tr>\n<tr>\n<td>Arranque seguro antipirater\u00eda y bloqueo de datos cr\u00edticos\/control mediante firmas digitales, certificado de seguridad \u00fanico\/contrase\u00f1a predeterminada aleatoria por dispositivo<\/td>\n<\/tr>\n<tr>\n<td>Admite hasta 100 dispositivos cliente wi-fi<\/td>\n<\/tr>\n<tr>\n<td>Qos avanzado para garantizar el rendimiento en tiempo real de aplicaciones de baja latencia.<\/td>\n<\/tr>\n<\/table>\n","protected":false},"excerpt":{"rendered":"<p>El gwn7603 es un punto de acceso wi-fi compacto dise\u00f1ado para peque\u00f1as empresas, hogares, oficinas. Hoteles y m\u00e1s. Provee 3 puertos gigabit que proporcionan ethernet a tel\u00e9fonos ip, iptv, computadoras y. Dispositivos similares, al mismo tiempo que proporciona un puerto de red gigabit de enlace ascendente. Con poe\/poe+ y pse. El gwn7603 ofrece tecnolog\u00eda mu-mimo 2&#215;2:2 de doble banda y un sofisticado. Dise\u00f1o de antena para un rendimiento de red ideal que soporta hasta m\u00e1s de 100 dispositivos y un rango. De cobertura de 100 metros. Para garantizar una f\u00e1cil instalaci\u00f3n y administraci\u00f3n, el gwn7603 cuenta con. El respaldo de gwn.Cloud, la plataforma de administraci\u00f3n de red gratuita de grandstream. El gwn7603. Es el ap wi-fi ideal para implementaciones de voz sobre wi-fi y ofrece una conexi\u00f3n perfecta con los. Tel\u00e9fonos ip de voz y video habilitados para wi-fi de grandstream. Al incluir soporte para qos avanzada. Aplicaciones en tiempo real de baja latencia, redes mesh y portales cautivos, el gwn7603 es un punto de. Acceso inal\u00e1mbrico dise\u00f1ado para escenarios de implementaci\u00f3n con densidad peque\u00f1a a mediana de. Usuarios conectados a la red.<\/p>\n","protected":false},"featured_media":260108,"comment_status":"open","ping_status":"open","template":"","meta":[],"product_cat":[1563,1754],"product_tag":[1576],"acf":[],"yoast_head":"<!-- This site is optimized with the Yoast SEO plugin v21.7 - https:\/\/yoast.com\/wordpress\/plugins\/seo\/ -->\n<title>[ Grandstream ] &#129351; Gwn7603 Access Point \/ Wifi 5\/ Banda Dual 2.4 Y 5g \/1.27gbps\/ Mu-mimo 2x:2:\/ Uso Interior\/ Cobertura De 100 Mts\/ Admite 100 Dispositivos 4 Ptos Gigabit\/controlador Inte\/sin Inyecto Poe<\/title>\n<meta name=\"description\" content=\"Compra Gwn7603 Access Point \/ Wifi 5\/ Banda Dual 2.4 Y 5g \/1.27gbps\/ Mu-mimo 2x:2:\/ Uso Interior\/ Cobertura De 100 Mts\/ Admite 100 Dispositivos 4 Ptos Gigabit\/controlador Inte\/sin Inyecto Poe + Env\u00edo a domicilio + Pago seguro + Garant\u00eda\" \/>\n<meta name=\"robots\" content=\"index, follow, max-snippet:-1, max-image-preview:large, max-video-preview:-1\" \/>\n<link rel=\"canonical\" href=\"https:\/\/compuviper.mx\/tienda\/producto\/grandstream-gwn7603-access-point-wifi-5-banda-dual-2-4-y-5g-1-27gbps-mu-mimo-2x2-uso-interior-cobertura-de-100-mts-admite-100-dispositivos-4-ptos-gigabit-controlador-inte-sin-inyecto-poe\/\" \/>\n<meta property=\"og:locale\" content=\"es_MX\" \/>\n<meta property=\"og:type\" content=\"article\" \/>\n<meta property=\"og:title\" content=\"[ Grandstream ] &#129351; Gwn7603 Access Point \/ Wifi 5\/ Banda Dual 2.4 Y 5g \/1.27gbps\/ Mu-mimo 2x:2:\/ Uso Interior\/ Cobertura De 100 Mts\/ Admite 100 Dispositivos 4 Ptos Gigabit\/controlador Inte\/sin Inyecto Poe\" \/>\n<meta property=\"og:description\" content=\"Compra Gwn7603 Access Point \/ Wifi 5\/ Banda Dual 2.4 Y 5g \/1.27gbps\/ Mu-mimo 2x:2:\/ Uso Interior\/ Cobertura De 100 Mts\/ Admite 100 Dispositivos 4 Ptos Gigabit\/controlador Inte\/sin Inyecto Poe + Env\u00edo a domicilio + Pago seguro + Garant\u00eda\" \/>\n<meta property=\"og:url\" content=\"https:\/\/compuviper.mx\/tienda\/producto\/grandstream-gwn7603-access-point-wifi-5-banda-dual-2-4-y-5g-1-27gbps-mu-mimo-2x2-uso-interior-cobertura-de-100-mts-admite-100-dispositivos-4-ptos-gigabit-controlador-inte-sin-inyecto-poe\/\" \/>\n<meta property=\"og:site_name\" content=\"Compuviper\" \/>\n<meta property=\"article:publisher\" content=\"https:\/\/www.facebook.com\/compuviper\" \/>\n<meta property=\"og:image\" content=\"https:\/\/compuviper.mx\/tienda\/wp-content\/uploads\/2025\/10\/Access-point-grandstream-gwn7603-wifi-5-banda-dual-2.4-y-5g-1.27gbps-mu-mimo-2x2-uso-interior-cobertura-de-100-mts-admite-100-dispositivos-4-ptos-gigabitcontrolador-intesin-inyecto-poe.jpg\" \/>\n\t<meta property=\"og:image:width\" content=\"200\" \/>\n\t<meta property=\"og:image:height\" content=\"200\" \/>\n\t<meta property=\"og:image:type\" content=\"image\/jpeg\" \/>\n<meta name=\"twitter:card\" content=\"summary_large_image\" \/>\n<meta name=\"twitter:label1\" content=\"Precio\" \/>\n\t<meta name=\"twitter:data1\" content=\"&#36;1,100 &#36;966 con IVA\" \/>\n\t<meta name=\"twitter:label2\" content=\"Availability\" \/>\n\t<meta name=\"twitter:data2\" content=\"In stock\" \/>\n<script type=\"application\/ld+json\" class=\"yoast-schema-graph\">{\"@context\":\"https:\/\/schema.org\",\"@graph\":[{\"@type\":\"WebPage\",\"@id\":\"https:\/\/compuviper.mx\/tienda\/producto\/grandstream-gwn7603-access-point-wifi-5-banda-dual-2-4-y-5g-1-27gbps-mu-mimo-2x2-uso-interior-cobertura-de-100-mts-admite-100-dispositivos-4-ptos-gigabit-controlador-inte-sin-inyecto-poe\/\",\"url\":\"https:\/\/compuviper.mx\/tienda\/producto\/grandstream-gwn7603-access-point-wifi-5-banda-dual-2-4-y-5g-1-27gbps-mu-mimo-2x2-uso-interior-cobertura-de-100-mts-admite-100-dispositivos-4-ptos-gigabit-controlador-inte-sin-inyecto-poe\/\",\"name\":\"[ Grandstream ] &#129351; Gwn7603 Access Point \/ Wifi 5\/ Banda Dual 2.4 Y 5g \/1.27gbps\/ Mu-mimo 2x:2:\/ Uso Interior\/ Cobertura De 100 Mts\/ Admite 100 Dispositivos 4 Ptos Gigabit\/controlador Inte\/sin Inyecto Poe\",\"isPartOf\":{\"@id\":\"https:\/\/compuviper.mx\/tienda\/#website\"},\"datePublished\":\"2026-04-11T07:07:21+00:00\",\"dateModified\":\"2026-04-11T07:07:21+00:00\",\"description\":\"Compra Gwn7603 Access Point \/ Wifi 5\/ Banda Dual 2.4 Y 5g \/1.27gbps\/ Mu-mimo 2x:2:\/ Uso Interior\/ Cobertura De 100 Mts\/ Admite 100 Dispositivos 4 Ptos Gigabit\/controlador Inte\/sin Inyecto Poe + Env\u00edo a domicilio + Pago seguro + Garant\u00eda\",\"breadcrumb\":{\"@id\":\"https:\/\/compuviper.mx\/tienda\/producto\/grandstream-gwn7603-access-point-wifi-5-banda-dual-2-4-y-5g-1-27gbps-mu-mimo-2x2-uso-interior-cobertura-de-100-mts-admite-100-dispositivos-4-ptos-gigabit-controlador-inte-sin-inyecto-poe\/#breadcrumb\"},\"inLanguage\":\"es-MX\",\"potentialAction\":[{\"@type\":\"ReadAction\",\"target\":[\"https:\/\/compuviper.mx\/tienda\/producto\/grandstream-gwn7603-access-point-wifi-5-banda-dual-2-4-y-5g-1-27gbps-mu-mimo-2x2-uso-interior-cobertura-de-100-mts-admite-100-dispositivos-4-ptos-gigabit-controlador-inte-sin-inyecto-poe\/\"]}]},{\"@type\":\"BreadcrumbList\",\"@id\":\"https:\/\/compuviper.mx\/tienda\/producto\/grandstream-gwn7603-access-point-wifi-5-banda-dual-2-4-y-5g-1-27gbps-mu-mimo-2x2-uso-interior-cobertura-de-100-mts-admite-100-dispositivos-4-ptos-gigabit-controlador-inte-sin-inyecto-poe\/#breadcrumb\",\"itemListElement\":[{\"@type\":\"ListItem\",\"position\":1,\"name\":\"Inicio\",\"item\":\"https:\/\/compuviper.mx\/tienda\/\"},{\"@type\":\"ListItem\",\"position\":2,\"name\":\"Productos\",\"item\":\"https:\/\/compuviper.mx\/tienda\/productos\/\"},{\"@type\":\"ListItem\",\"position\":3,\"name\":\"Redes\",\"item\":\"https:\/\/compuviper.mx\/tienda\/categoria-producto\/redes\/\"},{\"@type\":\"ListItem\",\"position\":4,\"name\":\"Access Point\",\"item\":\"https:\/\/compuviper.mx\/tienda\/categoria-producto\/redes\/access-point\/\"},{\"@type\":\"ListItem\",\"position\":5,\"name\":\"Grandstream Gwn7603 Access Point \/ Wifi 5\/ Banda Dual 2.4 Y 5g \/1.27gbps\/ Mu-mimo 2x:2:\/ Uso Interior\/ Cobertura De 100 Mts\/ Admite 100 Dispositivos 4 Ptos Gigabit\/controlador Inte\/sin Inyecto Poe\"}]},{\"@type\":\"WebSite\",\"@id\":\"https:\/\/compuviper.mx\/tienda\/#website\",\"url\":\"https:\/\/compuviper.mx\/tienda\/\",\"name\":\"Compuviper\",\"description\":\"Proveedor de Computadoras, Laptops, Servidores, Monitores, Puntos de Venta, Teclados,   Impresoras, T\u00f3ner, C\u00e1maras de Seguridad y m\u00e1s en tu tienda en l\u00ednea\",\"publisher\":{\"@id\":\"https:\/\/compuviper.mx\/tienda\/#organization\"},\"potentialAction\":[{\"@type\":\"SearchAction\",\"target\":{\"@type\":\"EntryPoint\",\"urlTemplate\":\"https:\/\/compuviper.mx\/tienda\/?s={search_term_string}\"},\"query-input\":\"required name=search_term_string\"}],\"inLanguage\":\"es-MX\"},{\"@type\":\"Organization\",\"@id\":\"https:\/\/compuviper.mx\/tienda\/#organization\",\"name\":\"Compuviper\",\"url\":\"https:\/\/compuviper.mx\/tienda\/\",\"logo\":{\"@type\":\"ImageObject\",\"inLanguage\":\"es-MX\",\"@id\":\"https:\/\/compuviper.mx\/tienda\/#\/schema\/logo\/image\/\",\"url\":\"https:\/\/compuviper.mx\/tienda\/wp-content\/uploads\/2021\/08\/Logo-Compuviper-10.png\",\"contentUrl\":\"https:\/\/compuviper.mx\/tienda\/wp-content\/uploads\/2021\/08\/Logo-Compuviper-10.png\",\"width\":1000,\"height\":500,\"caption\":\"Compuviper\"},\"image\":{\"@id\":\"https:\/\/compuviper.mx\/tienda\/#\/schema\/logo\/image\/\"},\"sameAs\":[\"https:\/\/www.facebook.com\/compuviper\",\"https:\/\/www.youtube.com\/channel\/UCf73dERp9Y3cfOq7q8BhLjA?view_as=subscriber\"]}]}<\/script>\n<meta property=\"product:brand\" content=\"GRANDSTREAM\" \/>\n<meta property=\"product:price:amount\" content=\"966\" \/>\n<meta property=\"product:price:currency\" content=\"MXN\" \/>\n<meta property=\"og:availability\" content=\"instock\" \/>\n<meta property=\"product:availability\" content=\"instock\" \/>\n<meta property=\"product:retailer_item_id\" content=\"GWN7603\" \/>\n<meta property=\"product:condition\" content=\"new\" \/>\n<!-- \/ Yoast SEO plugin. -->","yoast_head_json":{"title":"[ Grandstream ] &#129351; Gwn7603 Access Point \/ Wifi 5\/ Banda Dual 2.4 Y 5g \/1.27gbps\/ Mu-mimo 2x:2:\/ Uso Interior\/ Cobertura De 100 Mts\/ Admite 100 Dispositivos 4 Ptos Gigabit\/controlador Inte\/sin Inyecto Poe","description":"Compra Gwn7603 Access Point \/ Wifi 5\/ Banda Dual 2.4 Y 5g \/1.27gbps\/ Mu-mimo 2x:2:\/ Uso Interior\/ Cobertura De 100 Mts\/ Admite 100 Dispositivos 4 Ptos Gigabit\/controlador Inte\/sin Inyecto Poe + Env\u00edo a domicilio + Pago seguro + Garant\u00eda","robots":{"index":"index","follow":"follow","max-snippet":"max-snippet:-1","max-image-preview":"max-image-preview:large","max-video-preview":"max-video-preview:-1"},"canonical":"https:\/\/compuviper.mx\/tienda\/producto\/grandstream-gwn7603-access-point-wifi-5-banda-dual-2-4-y-5g-1-27gbps-mu-mimo-2x2-uso-interior-cobertura-de-100-mts-admite-100-dispositivos-4-ptos-gigabit-controlador-inte-sin-inyecto-poe\/","og_locale":"es_MX","og_type":"article","og_title":"[ Grandstream ] &#129351; Gwn7603 Access Point \/ Wifi 5\/ Banda Dual 2.4 Y 5g \/1.27gbps\/ Mu-mimo 2x:2:\/ Uso Interior\/ Cobertura De 100 Mts\/ Admite 100 Dispositivos 4 Ptos Gigabit\/controlador Inte\/sin Inyecto Poe","og_description":"Compra Gwn7603 Access Point \/ Wifi 5\/ Banda Dual 2.4 Y 5g \/1.27gbps\/ Mu-mimo 2x:2:\/ Uso Interior\/ Cobertura De 100 Mts\/ Admite 100 Dispositivos 4 Ptos Gigabit\/controlador Inte\/sin Inyecto Poe + Env\u00edo a domicilio + Pago seguro + Garant\u00eda","og_url":"https:\/\/compuviper.mx\/tienda\/producto\/grandstream-gwn7603-access-point-wifi-5-banda-dual-2-4-y-5g-1-27gbps-mu-mimo-2x2-uso-interior-cobertura-de-100-mts-admite-100-dispositivos-4-ptos-gigabit-controlador-inte-sin-inyecto-poe\/","og_site_name":"Compuviper","article_publisher":"https:\/\/www.facebook.com\/compuviper","og_image":[{"width":200,"height":200,"url":"https:\/\/compuviper.mx\/tienda\/wp-content\/uploads\/2025\/10\/Access-point-grandstream-gwn7603-wifi-5-banda-dual-2.4-y-5g-1.27gbps-mu-mimo-2x2-uso-interior-cobertura-de-100-mts-admite-100-dispositivos-4-ptos-gigabitcontrolador-intesin-inyecto-poe.jpg","type":"image\/jpeg"}],"twitter_card":"summary_large_image","twitter_misc":{"Precio":"&#36;1,100 &#36;966 con IVA","Availability":"In stock"},"schema":{"@context":"https:\/\/schema.org","@graph":[{"@type":"WebPage","@id":"https:\/\/compuviper.mx\/tienda\/producto\/grandstream-gwn7603-access-point-wifi-5-banda-dual-2-4-y-5g-1-27gbps-mu-mimo-2x2-uso-interior-cobertura-de-100-mts-admite-100-dispositivos-4-ptos-gigabit-controlador-inte-sin-inyecto-poe\/","url":"https:\/\/compuviper.mx\/tienda\/producto\/grandstream-gwn7603-access-point-wifi-5-banda-dual-2-4-y-5g-1-27gbps-mu-mimo-2x2-uso-interior-cobertura-de-100-mts-admite-100-dispositivos-4-ptos-gigabit-controlador-inte-sin-inyecto-poe\/","name":"[ Grandstream ] &#129351; Gwn7603 Access Point \/ Wifi 5\/ Banda Dual 2.4 Y 5g \/1.27gbps\/ Mu-mimo 2x:2:\/ Uso Interior\/ Cobertura De 100 Mts\/ Admite 100 Dispositivos 4 Ptos Gigabit\/controlador Inte\/sin Inyecto Poe","isPartOf":{"@id":"https:\/\/compuviper.mx\/tienda\/#website"},"datePublished":"2026-04-11T07:07:21+00:00","dateModified":"2026-04-11T07:07:21+00:00","description":"Compra Gwn7603 Access Point \/ Wifi 5\/ Banda Dual 2.4 Y 5g \/1.27gbps\/ Mu-mimo 2x:2:\/ Uso Interior\/ Cobertura De 100 Mts\/ Admite 100 Dispositivos 4 Ptos Gigabit\/controlador Inte\/sin Inyecto Poe + Env\u00edo a domicilio + Pago seguro + Garant\u00eda","breadcrumb":{"@id":"https:\/\/compuviper.mx\/tienda\/producto\/grandstream-gwn7603-access-point-wifi-5-banda-dual-2-4-y-5g-1-27gbps-mu-mimo-2x2-uso-interior-cobertura-de-100-mts-admite-100-dispositivos-4-ptos-gigabit-controlador-inte-sin-inyecto-poe\/#breadcrumb"},"inLanguage":"es-MX","potentialAction":[{"@type":"ReadAction","target":["https:\/\/compuviper.mx\/tienda\/producto\/grandstream-gwn7603-access-point-wifi-5-banda-dual-2-4-y-5g-1-27gbps-mu-mimo-2x2-uso-interior-cobertura-de-100-mts-admite-100-dispositivos-4-ptos-gigabit-controlador-inte-sin-inyecto-poe\/"]}]},{"@type":"BreadcrumbList","@id":"https:\/\/compuviper.mx\/tienda\/producto\/grandstream-gwn7603-access-point-wifi-5-banda-dual-2-4-y-5g-1-27gbps-mu-mimo-2x2-uso-interior-cobertura-de-100-mts-admite-100-dispositivos-4-ptos-gigabit-controlador-inte-sin-inyecto-poe\/#breadcrumb","itemListElement":[{"@type":"ListItem","position":1,"name":"Inicio","item":"https:\/\/compuviper.mx\/tienda\/"},{"@type":"ListItem","position":2,"name":"Productos","item":"https:\/\/compuviper.mx\/tienda\/productos\/"},{"@type":"ListItem","position":3,"name":"Redes","item":"https:\/\/compuviper.mx\/tienda\/categoria-producto\/redes\/"},{"@type":"ListItem","position":4,"name":"Access Point","item":"https:\/\/compuviper.mx\/tienda\/categoria-producto\/redes\/access-point\/"},{"@type":"ListItem","position":5,"name":"Grandstream Gwn7603 Access Point \/ Wifi 5\/ Banda Dual 2.4 Y 5g \/1.27gbps\/ Mu-mimo 2x:2:\/ Uso Interior\/ Cobertura De 100 Mts\/ Admite 100 Dispositivos 4 Ptos Gigabit\/controlador Inte\/sin Inyecto Poe"}]},{"@type":"WebSite","@id":"https:\/\/compuviper.mx\/tienda\/#website","url":"https:\/\/compuviper.mx\/tienda\/","name":"Compuviper","description":"Proveedor de Computadoras, Laptops, Servidores, Monitores, Puntos de Venta, Teclados,   Impresoras, T\u00f3ner, C\u00e1maras de Seguridad y m\u00e1s en tu tienda en l\u00ednea","publisher":{"@id":"https:\/\/compuviper.mx\/tienda\/#organization"},"potentialAction":[{"@type":"SearchAction","target":{"@type":"EntryPoint","urlTemplate":"https:\/\/compuviper.mx\/tienda\/?s={search_term_string}"},"query-input":"required name=search_term_string"}],"inLanguage":"es-MX"},{"@type":"Organization","@id":"https:\/\/compuviper.mx\/tienda\/#organization","name":"Compuviper","url":"https:\/\/compuviper.mx\/tienda\/","logo":{"@type":"ImageObject","inLanguage":"es-MX","@id":"https:\/\/compuviper.mx\/tienda\/#\/schema\/logo\/image\/","url":"https:\/\/compuviper.mx\/tienda\/wp-content\/uploads\/2021\/08\/Logo-Compuviper-10.png","contentUrl":"https:\/\/compuviper.mx\/tienda\/wp-content\/uploads\/2021\/08\/Logo-Compuviper-10.png","width":1000,"height":500,"caption":"Compuviper"},"image":{"@id":"https:\/\/compuviper.mx\/tienda\/#\/schema\/logo\/image\/"},"sameAs":["https:\/\/www.facebook.com\/compuviper","https:\/\/www.youtube.com\/channel\/UCf73dERp9Y3cfOq7q8BhLjA?view_as=subscriber"]}]},"product_brand":"GRANDSTREAM","product_price_amount":"966","product_price_currency":"MXN","og_availability":"instock","product_availability":"instock","product_retailer_item_id":"GWN7603","product_condition":"new"},"_links":{"self":[{"href":"https:\/\/compuviper.mx\/tienda\/wp-json\/wp\/v2\/product\/245011"}],"collection":[{"href":"https:\/\/compuviper.mx\/tienda\/wp-json\/wp\/v2\/product"}],"about":[{"href":"https:\/\/compuviper.mx\/tienda\/wp-json\/wp\/v2\/types\/product"}],"replies":[{"embeddable":true,"href":"https:\/\/compuviper.mx\/tienda\/wp-json\/wp\/v2\/comments?post=245011"}],"wp:featuredmedia":[{"embeddable":true,"href":"https:\/\/compuviper.mx\/tienda\/wp-json\/wp\/v2\/media\/260108"}],"wp:attachment":[{"href":"https:\/\/compuviper.mx\/tienda\/wp-json\/wp\/v2\/media?parent=245011"}],"wp:term":[{"taxonomy":"product_cat","embeddable":true,"href":"https:\/\/compuviper.mx\/tienda\/wp-json\/wp\/v2\/product_cat?post=245011"},{"taxonomy":"product_tag","embeddable":true,"href":"https:\/\/compuviper.mx\/tienda\/wp-json\/wp\/v2\/product_tag?post=245011"}],"curies":[{"name":"wp","href":"https:\/\/api.w.org\/{rel}","templated":true}]}}