{"id":244965,"date":"2026-04-18T01:14:09","date_gmt":"2026-04-18T07:14:09","guid":{"rendered":"https:\/\/compuviper.mx\/tienda\/producto\/grandstream-gwn7806p-switch-switch-gigabit-poe-administrable-48-puertos-10-100-1000-mbps-6-puertos-sfp-hasta-400w-compatible-con-gwn-cloud\/"},"modified":"2026-04-18T01:14:09","modified_gmt":"2026-04-18T07:14:09","slug":"grandstream-gwn7806p-switch-switch-gigabit-poe-administrable-48-puertos-10-100-1000-mbps-6-puertos-sfp-hasta-400w-compatible-con-gwn-cloud","status":"publish","type":"product","link":"https:\/\/compuviper.mx\/tienda\/producto\/grandstream-gwn7806p-switch-switch-gigabit-poe-administrable-48-puertos-10-100-1000-mbps-6-puertos-sfp-hasta-400w-compatible-con-gwn-cloud\/","title":{"rendered":"Grandstream Gwn7806p Switch  \/ Switch Gigabit Poe Administrable \/ 48 Puertos 10\/100\/1000 Mbps 6 Puertos Sfp \/ Hasta 400w \/ Compatible Con Gwn Cloud."},"content":{"rendered":"<table class=\"descripcion\">\n<tr>\n<td>Protocolos de red: ipv4, ipv6, ieee 802.3, ieee 802.3i, ieee 802.3u, ieee 802.3ab, ieee 802.3z, ieee 802.3ae, ieee 802.3az, ieee 802.3ad, ieee 802.3x, ieee 802.1p, ieee 802.1q, ieee 802.3ab, ieee 802.1p, ieee 802.1d, ieee 802.1s, ieee 802.1w, ieee 802.1x<\/td>\n<\/tr>\n<tr>\n<td>Est\u00e1ndares poe:  ieee 802.3af\/at<\/td>\n<\/tr>\n<tr>\n<td>Puertos gigabit:  48<\/td>\n<\/tr>\n<tr>\n<td>Puertos sfp:  6  nota admite cable dac y debe ser  and 8804; 5 m<\/td>\n<\/tr>\n<tr>\n<td>Nmero m\u00e1ximo de mdulos compatibles:  sm-10g: 6, mm-10g: 6, rj45-10g: 3  nota rj45-10g los mdulos deben insertarse a intervalos.<\/td>\n<\/tr>\n<tr>\n<td>Consola:  1<\/td>\n<\/tr>\n<tr>\n<td> puertos poe:  48<\/td>\n<\/tr>\n<tr>\n<td>Fuentes de alimentacin integrada:  470w<\/td>\n<\/tr>\n<tr>\n<td>Potencia m\u00e1xima de salida por puerto poe:  30w<\/td>\n<\/tr>\n<tr>\n<td>Potencia de salida total m\u00e1xima de poe:   400w<\/td>\n<\/tr>\n<tr>\n<td>Proteccin contra sobrecargas de energa:  \u00b1 6kv cm y dm para alimentacin de energa \u00b1 4kv cm para puertos de red<\/td>\n<\/tr>\n<tr>\n<td>Esd:  \u00b1 12kv para descarga de contacto<\/td>\n<\/tr>\n<tr>\n<td>Puertos auxiliares:  1x botn de reinicio<\/td>\n<\/tr>\n<tr>\n<td>Modo de reenvo:  almacenamiento y reenvo<\/td>\n<\/tr>\n<tr>\n<td>Rendimiento total sin bloqueo:  108gbps<\/td>\n<\/tr>\n<tr>\n<td>Capacidad de switching:  216gbps<\/td>\n<\/tr>\n<tr>\n<td>Tasa de reenvo:  160.704mpps<\/td>\n<\/tr>\n<tr>\n<td>Bfer de paquetes:  16mb<\/td>\n<\/tr>\n<tr>\n<td>Latencia de conexin:   4 and 924;s<\/td>\n<\/tr>\n<tr>\n<td>Switching:  32k direcciones mac est\u00e1ticas, din\u00e1micas y de filtrado, \u0095vlan 4k, vlan basada en puerto, etiquetado vlan ieee 802.1q, vlan de voz, \u0095interfaz virtual de vlan, \u0095gvrp pendiente, \u0095agregacin de 27 enlaces, \u0095spanning tree, 64 instancias para stp\/rstp\/mstp.<\/td>\n<\/tr>\n<tr>\n<td>Enrutamiento: enrutamiento est\u00e1tico<\/td>\n<\/tr>\n<tr>\n<td>Multidifusin: \u0095igmp snooping, \u0095mld snooping, \u0095mvr pendiente<\/td>\n<\/tr>\n<tr>\n<td>Qos\/acl:  \u0095prioridad de puerto, \u0095mapeo de prioridades, \u0095programacin de colas, incluidos sp, wrr, wfq, sp-wrr y sp-wfq, \u0095conformacin del tr\u00e1fico, \u0095lmite de tarifa, \u0095acl 4k para ethernet, ipv4 e ipv6<\/td>\n<\/tr>\n<tr>\n<td>Dhcp:  servidor dhcp, rel dhcp, opcin dhcp 82, 60, 160 y 43<\/td>\n<\/tr>\n<tr>\n<td>Seguridad:  \u0095gestin jer\u00e1rquica de usuarios y proteccin con contrasea, https, ssh, telnet \u0095autenticacin 802.1x \u0095autenticacin aaa que incluye radius, tacacs \u0095control de tormentas \u0095aislamiento de puertos, seguridad de puertos, mac pegajoso \u0095filtrado de direcciones mac \u0095proteccin de fuente ip, prevencin de ataques dos, inspeccin arp \u0095dhcp snooping \u0095proteccin de bucle que incluye proteccin de bpdu, proteccin de raz pendiente y proteccin de bucle invertido pendiente \u0095compatibilidad con ranura de seguridad kensington bloqueo kensington<\/td>\n<\/tr>\n<tr>\n<td>Mantenimiento:  monitoreo de cpu y memoria, snmp, rmon, lldp y lldp-med, respaldo y restauracin, syslog, diagnsticos que incluyen ping, traceroute, duplicacin de puertos, udld tbd y prueba de cobre<\/td>\n<\/tr>\n<tr>\n<td>Montaje: escritorio, montaje en rack kits de montaje en rack incluidos<\/td>\n<\/tr>\n<\/table>\n","protected":false},"excerpt":{"rendered":"<p>El gwn7806p es un switch de red administrable apilable pendiente de capa 2, que permite a las pequeas y medianas empresas crear redes comerciales escalables, seguras, de alto rendimiento e inteligentes que son totalmente administrables. Permite vlans avanzadas para una segmentacin de tr\u00e1fico flexible y sofisticada, qos avanzada para priorizar el tr\u00e1fico de red, igmp\/mld snooping para optimizar el rendimiento de la red y capacidades de seguridad integrales contra posibles ataques. El gwn7806p proporciona una salida poe din\u00e1mica inteligente para alimentar telfonos ip, c\u00e1maras ip, puntos de acceso wi-fi y otros dispositivos finales poe. El gwn7806p es f\u00e1cil de implementar y administrar, incluido el manejo mediante la interfaz de usuario web local del switch gwn7806p y cli, la interfaz de lnea de comandos. El switch tambin es compatible con gwn.Cloud y gwn manager, la plataforma de gestin de red local y en la nube de grandstream. El gwn7806p es switch administrable de nivel empresarial con el mejor valor para pequeas y medianas empresas.<\/p>\n","protected":false},"featured_media":260106,"comment_status":"open","ping_status":"open","template":"","meta":[],"product_cat":[1563,1564],"product_tag":[1576],"acf":[],"yoast_head":"<!-- This site is optimized with the Yoast SEO plugin v21.7 - https:\/\/yoast.com\/wordpress\/plugins\/seo\/ -->\n<title>[ Grandstream ] &#129351; Gwn7806p Switch \/ Switch Gigabit Poe Administrable \/ 48 Puertos 10\/100\/1000 Mbps 6 Puertos Sfp \/ Hasta 400w \/ Compatible Con Gwn Cloud.<\/title>\n<meta name=\"description\" content=\"Compra Gwn7806p Switch \/ Switch Gigabit Poe Administrable \/ 48 Puertos 10\/100\/1000 Mbps 6 Puertos Sfp \/ Hasta 400w \/ Compatible Con Gwn Cloud. + Env\u00edo a domicilio + Pago seguro + Garant\u00eda\" \/>\n<meta name=\"robots\" content=\"index, follow, max-snippet:-1, max-image-preview:large, max-video-preview:-1\" \/>\n<link rel=\"canonical\" href=\"https:\/\/compuviper.mx\/tienda\/producto\/grandstream-gwn7806p-switch-switch-gigabit-poe-administrable-48-puertos-10-100-1000-mbps-6-puertos-sfp-hasta-400w-compatible-con-gwn-cloud\/\" \/>\n<meta property=\"og:locale\" content=\"es_MX\" \/>\n<meta property=\"og:type\" content=\"article\" \/>\n<meta property=\"og:title\" content=\"[ Grandstream ] &#129351; Gwn7806p Switch \/ Switch Gigabit Poe Administrable \/ 48 Puertos 10\/100\/1000 Mbps 6 Puertos Sfp \/ Hasta 400w \/ Compatible Con Gwn Cloud.\" \/>\n<meta property=\"og:description\" content=\"Compra Gwn7806p Switch \/ Switch Gigabit Poe Administrable \/ 48 Puertos 10\/100\/1000 Mbps 6 Puertos Sfp \/ Hasta 400w \/ Compatible Con Gwn Cloud. + Env\u00edo a domicilio + Pago seguro + Garant\u00eda\" \/>\n<meta property=\"og:url\" content=\"https:\/\/compuviper.mx\/tienda\/producto\/grandstream-gwn7806p-switch-switch-gigabit-poe-administrable-48-puertos-10-100-1000-mbps-6-puertos-sfp-hasta-400w-compatible-con-gwn-cloud\/\" \/>\n<meta property=\"og:site_name\" content=\"Compuviper\" \/>\n<meta property=\"article:publisher\" content=\"https:\/\/www.facebook.com\/compuviper\" \/>\n<meta property=\"og:image\" content=\"https:\/\/compuviper.mx\/tienda\/wp-content\/uploads\/2025\/10\/Switch-grandstream-gwn7806p-switch-gigabit-poe-administrable-48-puertos-101001000-mbps-6-puertos-sfp-hasta-400w-compatible-con-gwn-cloud.jpg\" \/>\n\t<meta property=\"og:image:width\" content=\"200\" \/>\n\t<meta property=\"og:image:height\" content=\"200\" \/>\n\t<meta property=\"og:image:type\" content=\"image\/jpeg\" \/>\n<meta name=\"twitter:card\" content=\"summary_large_image\" \/>\n<meta name=\"twitter:label1\" content=\"Precio\" \/>\n\t<meta name=\"twitter:data1\" content=\"&#36;8,852 con IVA\" \/>\n\t<meta name=\"twitter:label2\" content=\"Availability\" \/>\n\t<meta name=\"twitter:data2\" content=\"Out of stock\" \/>\n<script type=\"application\/ld+json\" class=\"yoast-schema-graph\">{\"@context\":\"https:\/\/schema.org\",\"@graph\":[{\"@type\":\"WebPage\",\"@id\":\"https:\/\/compuviper.mx\/tienda\/producto\/grandstream-gwn7806p-switch-switch-gigabit-poe-administrable-48-puertos-10-100-1000-mbps-6-puertos-sfp-hasta-400w-compatible-con-gwn-cloud\/\",\"url\":\"https:\/\/compuviper.mx\/tienda\/producto\/grandstream-gwn7806p-switch-switch-gigabit-poe-administrable-48-puertos-10-100-1000-mbps-6-puertos-sfp-hasta-400w-compatible-con-gwn-cloud\/\",\"name\":\"[ Grandstream ] &#129351; Gwn7806p Switch \/ Switch Gigabit Poe Administrable \/ 48 Puertos 10\/100\/1000 Mbps 6 Puertos Sfp \/ Hasta 400w \/ Compatible Con Gwn Cloud.\",\"isPartOf\":{\"@id\":\"https:\/\/compuviper.mx\/tienda\/#website\"},\"datePublished\":\"2026-04-18T07:14:09+00:00\",\"dateModified\":\"2026-04-18T07:14:09+00:00\",\"description\":\"Compra Gwn7806p Switch \/ Switch Gigabit Poe Administrable \/ 48 Puertos 10\/100\/1000 Mbps 6 Puertos Sfp \/ Hasta 400w \/ Compatible Con Gwn Cloud. + Env\u00edo a domicilio + Pago seguro + Garant\u00eda\",\"breadcrumb\":{\"@id\":\"https:\/\/compuviper.mx\/tienda\/producto\/grandstream-gwn7806p-switch-switch-gigabit-poe-administrable-48-puertos-10-100-1000-mbps-6-puertos-sfp-hasta-400w-compatible-con-gwn-cloud\/#breadcrumb\"},\"inLanguage\":\"es-MX\",\"potentialAction\":[{\"@type\":\"ReadAction\",\"target\":[\"https:\/\/compuviper.mx\/tienda\/producto\/grandstream-gwn7806p-switch-switch-gigabit-poe-administrable-48-puertos-10-100-1000-mbps-6-puertos-sfp-hasta-400w-compatible-con-gwn-cloud\/\"]}]},{\"@type\":\"BreadcrumbList\",\"@id\":\"https:\/\/compuviper.mx\/tienda\/producto\/grandstream-gwn7806p-switch-switch-gigabit-poe-administrable-48-puertos-10-100-1000-mbps-6-puertos-sfp-hasta-400w-compatible-con-gwn-cloud\/#breadcrumb\",\"itemListElement\":[{\"@type\":\"ListItem\",\"position\":1,\"name\":\"Inicio\",\"item\":\"https:\/\/compuviper.mx\/tienda\/\"},{\"@type\":\"ListItem\",\"position\":2,\"name\":\"Productos\",\"item\":\"https:\/\/compuviper.mx\/tienda\/productos\/\"},{\"@type\":\"ListItem\",\"position\":3,\"name\":\"Redes\",\"item\":\"https:\/\/compuviper.mx\/tienda\/categoria-producto\/redes\/\"},{\"@type\":\"ListItem\",\"position\":4,\"name\":\"Switch\",\"item\":\"https:\/\/compuviper.mx\/tienda\/categoria-producto\/redes\/switch\/\"},{\"@type\":\"ListItem\",\"position\":5,\"name\":\"Grandstream Gwn7806p Switch \/ Switch Gigabit Poe Administrable \/ 48 Puertos 10\/100\/1000 Mbps 6 Puertos Sfp \/ Hasta 400w \/ Compatible Con Gwn Cloud.\"}]},{\"@type\":\"WebSite\",\"@id\":\"https:\/\/compuviper.mx\/tienda\/#website\",\"url\":\"https:\/\/compuviper.mx\/tienda\/\",\"name\":\"Compuviper\",\"description\":\"Proveedor de Computadoras, Laptops, Servidores, Monitores, Puntos de Venta, Teclados,   Impresoras, T\u00f3ner, C\u00e1maras de Seguridad y m\u00e1s en tu tienda en l\u00ednea\",\"publisher\":{\"@id\":\"https:\/\/compuviper.mx\/tienda\/#organization\"},\"potentialAction\":[{\"@type\":\"SearchAction\",\"target\":{\"@type\":\"EntryPoint\",\"urlTemplate\":\"https:\/\/compuviper.mx\/tienda\/?s={search_term_string}\"},\"query-input\":\"required name=search_term_string\"}],\"inLanguage\":\"es-MX\"},{\"@type\":\"Organization\",\"@id\":\"https:\/\/compuviper.mx\/tienda\/#organization\",\"name\":\"Compuviper\",\"url\":\"https:\/\/compuviper.mx\/tienda\/\",\"logo\":{\"@type\":\"ImageObject\",\"inLanguage\":\"es-MX\",\"@id\":\"https:\/\/compuviper.mx\/tienda\/#\/schema\/logo\/image\/\",\"url\":\"https:\/\/compuviper.mx\/tienda\/wp-content\/uploads\/2021\/08\/Logo-Compuviper-10.png\",\"contentUrl\":\"https:\/\/compuviper.mx\/tienda\/wp-content\/uploads\/2021\/08\/Logo-Compuviper-10.png\",\"width\":1000,\"height\":500,\"caption\":\"Compuviper\"},\"image\":{\"@id\":\"https:\/\/compuviper.mx\/tienda\/#\/schema\/logo\/image\/\"},\"sameAs\":[\"https:\/\/www.facebook.com\/compuviper\",\"https:\/\/www.youtube.com\/channel\/UCf73dERp9Y3cfOq7q8BhLjA?view_as=subscriber\"]}]}<\/script>\n<meta property=\"product:brand\" content=\"GRANDSTREAM\" \/>\n<meta property=\"product:price:amount\" content=\"8852\" \/>\n<meta property=\"product:price:currency\" content=\"MXN\" \/>\n<meta property=\"og:availability\" content=\"out of stock\" \/>\n<meta property=\"product:availability\" content=\"out of stock\" \/>\n<meta property=\"product:retailer_item_id\" content=\"GWN7806P\" \/>\n<meta property=\"product:condition\" content=\"new\" \/>\n<!-- \/ Yoast SEO plugin. -->","yoast_head_json":{"title":"[ Grandstream ] &#129351; Gwn7806p Switch \/ Switch Gigabit Poe Administrable \/ 48 Puertos 10\/100\/1000 Mbps 6 Puertos Sfp \/ Hasta 400w \/ Compatible Con Gwn Cloud.","description":"Compra Gwn7806p Switch \/ Switch Gigabit Poe Administrable \/ 48 Puertos 10\/100\/1000 Mbps 6 Puertos Sfp \/ Hasta 400w \/ Compatible Con Gwn Cloud. + Env\u00edo a domicilio + Pago seguro + Garant\u00eda","robots":{"index":"index","follow":"follow","max-snippet":"max-snippet:-1","max-image-preview":"max-image-preview:large","max-video-preview":"max-video-preview:-1"},"canonical":"https:\/\/compuviper.mx\/tienda\/producto\/grandstream-gwn7806p-switch-switch-gigabit-poe-administrable-48-puertos-10-100-1000-mbps-6-puertos-sfp-hasta-400w-compatible-con-gwn-cloud\/","og_locale":"es_MX","og_type":"article","og_title":"[ Grandstream ] &#129351; Gwn7806p Switch \/ Switch Gigabit Poe Administrable \/ 48 Puertos 10\/100\/1000 Mbps 6 Puertos Sfp \/ Hasta 400w \/ Compatible Con Gwn Cloud.","og_description":"Compra Gwn7806p Switch \/ Switch Gigabit Poe Administrable \/ 48 Puertos 10\/100\/1000 Mbps 6 Puertos Sfp \/ Hasta 400w \/ Compatible Con Gwn Cloud. + Env\u00edo a domicilio + Pago seguro + Garant\u00eda","og_url":"https:\/\/compuviper.mx\/tienda\/producto\/grandstream-gwn7806p-switch-switch-gigabit-poe-administrable-48-puertos-10-100-1000-mbps-6-puertos-sfp-hasta-400w-compatible-con-gwn-cloud\/","og_site_name":"Compuviper","article_publisher":"https:\/\/www.facebook.com\/compuviper","og_image":[{"width":200,"height":200,"url":"https:\/\/compuviper.mx\/tienda\/wp-content\/uploads\/2025\/10\/Switch-grandstream-gwn7806p-switch-gigabit-poe-administrable-48-puertos-101001000-mbps-6-puertos-sfp-hasta-400w-compatible-con-gwn-cloud.jpg","type":"image\/jpeg"}],"twitter_card":"summary_large_image","twitter_misc":{"Precio":"&#36;8,852 con IVA","Availability":"Out of stock"},"schema":{"@context":"https:\/\/schema.org","@graph":[{"@type":"WebPage","@id":"https:\/\/compuviper.mx\/tienda\/producto\/grandstream-gwn7806p-switch-switch-gigabit-poe-administrable-48-puertos-10-100-1000-mbps-6-puertos-sfp-hasta-400w-compatible-con-gwn-cloud\/","url":"https:\/\/compuviper.mx\/tienda\/producto\/grandstream-gwn7806p-switch-switch-gigabit-poe-administrable-48-puertos-10-100-1000-mbps-6-puertos-sfp-hasta-400w-compatible-con-gwn-cloud\/","name":"[ Grandstream ] &#129351; Gwn7806p Switch \/ Switch Gigabit Poe Administrable \/ 48 Puertos 10\/100\/1000 Mbps 6 Puertos Sfp \/ Hasta 400w \/ Compatible Con Gwn Cloud.","isPartOf":{"@id":"https:\/\/compuviper.mx\/tienda\/#website"},"datePublished":"2026-04-18T07:14:09+00:00","dateModified":"2026-04-18T07:14:09+00:00","description":"Compra Gwn7806p Switch \/ Switch Gigabit Poe Administrable \/ 48 Puertos 10\/100\/1000 Mbps 6 Puertos Sfp \/ Hasta 400w \/ Compatible Con Gwn Cloud. + Env\u00edo a domicilio + Pago seguro + Garant\u00eda","breadcrumb":{"@id":"https:\/\/compuviper.mx\/tienda\/producto\/grandstream-gwn7806p-switch-switch-gigabit-poe-administrable-48-puertos-10-100-1000-mbps-6-puertos-sfp-hasta-400w-compatible-con-gwn-cloud\/#breadcrumb"},"inLanguage":"es-MX","potentialAction":[{"@type":"ReadAction","target":["https:\/\/compuviper.mx\/tienda\/producto\/grandstream-gwn7806p-switch-switch-gigabit-poe-administrable-48-puertos-10-100-1000-mbps-6-puertos-sfp-hasta-400w-compatible-con-gwn-cloud\/"]}]},{"@type":"BreadcrumbList","@id":"https:\/\/compuviper.mx\/tienda\/producto\/grandstream-gwn7806p-switch-switch-gigabit-poe-administrable-48-puertos-10-100-1000-mbps-6-puertos-sfp-hasta-400w-compatible-con-gwn-cloud\/#breadcrumb","itemListElement":[{"@type":"ListItem","position":1,"name":"Inicio","item":"https:\/\/compuviper.mx\/tienda\/"},{"@type":"ListItem","position":2,"name":"Productos","item":"https:\/\/compuviper.mx\/tienda\/productos\/"},{"@type":"ListItem","position":3,"name":"Redes","item":"https:\/\/compuviper.mx\/tienda\/categoria-producto\/redes\/"},{"@type":"ListItem","position":4,"name":"Switch","item":"https:\/\/compuviper.mx\/tienda\/categoria-producto\/redes\/switch\/"},{"@type":"ListItem","position":5,"name":"Grandstream Gwn7806p Switch \/ Switch Gigabit Poe Administrable \/ 48 Puertos 10\/100\/1000 Mbps 6 Puertos Sfp \/ Hasta 400w \/ Compatible Con Gwn Cloud."}]},{"@type":"WebSite","@id":"https:\/\/compuviper.mx\/tienda\/#website","url":"https:\/\/compuviper.mx\/tienda\/","name":"Compuviper","description":"Proveedor de Computadoras, Laptops, Servidores, Monitores, Puntos de Venta, Teclados,   Impresoras, T\u00f3ner, C\u00e1maras de Seguridad y m\u00e1s en tu tienda en l\u00ednea","publisher":{"@id":"https:\/\/compuviper.mx\/tienda\/#organization"},"potentialAction":[{"@type":"SearchAction","target":{"@type":"EntryPoint","urlTemplate":"https:\/\/compuviper.mx\/tienda\/?s={search_term_string}"},"query-input":"required name=search_term_string"}],"inLanguage":"es-MX"},{"@type":"Organization","@id":"https:\/\/compuviper.mx\/tienda\/#organization","name":"Compuviper","url":"https:\/\/compuviper.mx\/tienda\/","logo":{"@type":"ImageObject","inLanguage":"es-MX","@id":"https:\/\/compuviper.mx\/tienda\/#\/schema\/logo\/image\/","url":"https:\/\/compuviper.mx\/tienda\/wp-content\/uploads\/2021\/08\/Logo-Compuviper-10.png","contentUrl":"https:\/\/compuviper.mx\/tienda\/wp-content\/uploads\/2021\/08\/Logo-Compuviper-10.png","width":1000,"height":500,"caption":"Compuviper"},"image":{"@id":"https:\/\/compuviper.mx\/tienda\/#\/schema\/logo\/image\/"},"sameAs":["https:\/\/www.facebook.com\/compuviper","https:\/\/www.youtube.com\/channel\/UCf73dERp9Y3cfOq7q8BhLjA?view_as=subscriber"]}]},"product_brand":"GRANDSTREAM","product_price_amount":"8852","product_price_currency":"MXN","og_availability":"out of stock","product_availability":"out of stock","product_retailer_item_id":"GWN7806P","product_condition":"new"},"_links":{"self":[{"href":"https:\/\/compuviper.mx\/tienda\/wp-json\/wp\/v2\/product\/244965"}],"collection":[{"href":"https:\/\/compuviper.mx\/tienda\/wp-json\/wp\/v2\/product"}],"about":[{"href":"https:\/\/compuviper.mx\/tienda\/wp-json\/wp\/v2\/types\/product"}],"replies":[{"embeddable":true,"href":"https:\/\/compuviper.mx\/tienda\/wp-json\/wp\/v2\/comments?post=244965"}],"wp:featuredmedia":[{"embeddable":true,"href":"https:\/\/compuviper.mx\/tienda\/wp-json\/wp\/v2\/media\/260106"}],"wp:attachment":[{"href":"https:\/\/compuviper.mx\/tienda\/wp-json\/wp\/v2\/media?parent=244965"}],"wp:term":[{"taxonomy":"product_cat","embeddable":true,"href":"https:\/\/compuviper.mx\/tienda\/wp-json\/wp\/v2\/product_cat?post=244965"},{"taxonomy":"product_tag","embeddable":true,"href":"https:\/\/compuviper.mx\/tienda\/wp-json\/wp\/v2\/product_tag?post=244965"}],"curies":[{"name":"wp","href":"https:\/\/api.w.org\/{rel}","templated":true}]}}