{"id":244932,"date":"2026-04-18T01:14:09","date_gmt":"2026-04-18T07:14:09","guid":{"rendered":"https:\/\/compuviper.mx\/tienda\/producto\/grandstream-gwn7700m-switch-switches-de-red-multi-gigabit-de-2-5g-no-administrable-5-puertos-rj45-de-100-1000-2500mbps-1-puerto-de-fibra-sfp\/"},"modified":"2026-04-18T01:14:09","modified_gmt":"2026-04-18T07:14:09","slug":"grandstream-gwn7700m-switch-switches-de-red-multi-gigabit-de-2-5g-no-administrable-5-puertos-rj45-de-100-1000-2500mbps-1-puerto-de-fibra-sfp","status":"publish","type":"product","link":"https:\/\/compuviper.mx\/tienda\/producto\/grandstream-gwn7700m-switch-switches-de-red-multi-gigabit-de-2-5g-no-administrable-5-puertos-rj45-de-100-1000-2500mbps-1-puerto-de-fibra-sfp\/","title":{"rendered":"Grandstream Gwn7700m Switch  \/ Switches De Red Multi-gigabit De 2.5g No Administrable \/ 5 Puertos Rj45 De 100\/1000\/2500mbps \/ 1 Puerto De Fibra Sfp"},"content":{"rendered":"<table class=\"descripcion\">\n<tr>\n<td>Puertos 2.5 gigabit:  5<\/td>\n<\/tr>\n<tr>\n<td>Puertos poe:  n\/a<\/td>\n<\/tr>\n<tr>\n<td>Carcasa:  metal<\/td>\n<\/tr>\n<tr>\n<td>Montaje:  escritorio\/ pared<\/td>\n<\/tr>\n<tr>\n<td>Est\u00e1ndares y protocolos:  ieee 802.3i, ieee 802.3u, ieee 802.3ab, ieee 802.3bz2.5gbase-t, ieee 802.3x, ieee 802.1p, ieee 802.1x, ieee 802.3ae, ieee 802.3aq, ieee 802.3af, ieee 802.3at<\/td>\n<\/tr>\n<tr>\n<td>Caractersticas del puerto:  5 puertos 100\/1000\/2500mbps rj45 1 puerto sfp fibra auto negociacin auto mdi\/mdix<\/td>\n<\/tr>\n<tr>\n<td>Medios de red:  2.5gbase-t \/ 1000base-t \/ 100base-tx \/ 10 base-te, half\/full-duplex<\/td>\n<\/tr>\n<tr>\n<td>Puertos poe:  n\/a<\/td>\n<\/tr>\n<tr>\n<td>Indicadores led:  por puerto: enlace\/actividad verde por dispositivo &#8211; energa: verde gwn7700mp puerto1~4: salida poe &#8211; amarillo<\/td>\n<\/tr>\n<tr>\n<td>Tabla de direccin mac:  4k<\/td>\n<\/tr>\n<tr>\n<td>Capacidad de switching:  45gbps<\/td>\n<\/tr>\n<tr>\n<td>Jumbo frame:  9kb<\/td>\n<\/tr>\n<tr>\n<td>Funciones avanzadas:  autoaprendizaje y auto-aging autom\u00e1tico de direcciones mac control de flujo ieee 802.3x ieee 802.3az ethernet de eficiencia energtica 802.1p\/dscp qos igmp: \u0095igmp de salida r\u00e1pida \u0095igmp snoop \u0095autoaprendizaje del puerto de ruta \u0095puerto de miembro de actualizacin de consulta<\/td>\n<\/tr>\n<tr>\n<td>Adaptador de corriente:  externo 12vdc\/1a<\/td>\n<\/tr>\n<tr>\n<td>Consumo m\u00e1ximo de energa por base de sistema:  7.0w<\/td>\n<\/tr>\n<tr>\n<td>Condiciones clim\u00e1ticas adecuadas:  temperatura de funcionamiento: 0 a 40 \u00b0c 32 to 104 \u00b0f temperatura de almacenamiento: -20 a 60 \u00b0c -4 to 140 \u00b0f humedad de funcionamiento: 10 a 90 sin condensacin humedad de almacenamiento: 10 to 90 sin condensacin<\/td>\n<\/tr>\n<tr>\n<td>Dimensiones l x w x h:  unidad: 145 x 80 x 27mm, paquete: 255 x 110 x 53mm<\/td>\n<\/tr>\n<tr>\n<td>Peso: unidad: 0.3kg, paquete completo: 0.52kg<\/td>\n<\/tr>\n<tr>\n<td>Paquete: 1x switch, 1x adaptador de corriente,1x qig<\/td>\n<\/tr>\n<tr>\n<td>Cumplimiento:  fcc, ce, rcm, ic<\/td>\n<\/tr>\n<\/table>\n","protected":false},"excerpt":{"rendered":"<p>La serie gwn7700m son switches de red multi-gigabit no administrables que brindan conectividad de red de alta velocidad. De hasta 2.5 gbps para oficinas domsticas, pequeas y medianas empresas. Estos switches multi-gigabit de 6 y 9 puertos. Permiten velocidades de red r\u00e1pidas de ethernet de 1 gigabit y 2.5 gigabit, e incluyen 1 puerto de fibra gigabit sfp que. Proporciona conectividad de enlace ascendente de alta velocidad de 1 gigabit o 10 gigabit a su red. Los gwn7700m, gwn770mp. Y gwn77001m no requieren configuracin ni instalacin, se pueden montar en escritorio o en pared y proporcionan mdi. Mdix autom\u00e1tico para eliminar la necesidad de cables cruzados. Permiten la negociacin autom\u00e1tica en cada puerto para. Reconocer las velocidades de los dispositivos de red de 100\/1000\/2500 mbps y se ajustan de forma inteligente para lograr. Compatibilidad y rendimiento ptimo. El gwn7700mp proporciona puertos con salida poe din\u00e1mica inteligente compatible. Con ieee 802.3af\/at para alimentar telfonos ip, c\u00e1maras ip, puntos de acceso wi-fi y otros dispositivos poe. La serie plug-andplay gwn7700m son switches de red no administrables ideales para oficinas domsticas, pequeas y medianas empresas. Que requieren conectividad multi-gigabit de alta velocidad.<\/p>\n","protected":false},"featured_media":260105,"comment_status":"open","ping_status":"open","template":"","meta":[],"product_cat":[1563,1564],"product_tag":[1576],"acf":[],"yoast_head":"<!-- This site is optimized with the Yoast SEO plugin v21.7 - https:\/\/yoast.com\/wordpress\/plugins\/seo\/ -->\n<title>[ Grandstream ] &#129351; Gwn7700m Switch \/ Switches De Red Multi-gigabit De 2.5g No Administrable \/ 5 Puertos Rj45 De 100\/1000\/2500mbps \/ 1 Puerto De Fibra Sfp<\/title>\n<meta name=\"description\" content=\"Compra Gwn7700m Switch \/ Switches De Red Multi-gigabit De 2.5g No Administrable \/ 5 Puertos Rj45 De 100\/1000\/2500mbps \/ 1 Puerto De Fibra Sfp + Env\u00edo a domicilio + Pago seguro + Garant\u00eda\" \/>\n<meta name=\"robots\" content=\"index, follow, max-snippet:-1, max-image-preview:large, max-video-preview:-1\" \/>\n<link rel=\"canonical\" href=\"https:\/\/compuviper.mx\/tienda\/producto\/grandstream-gwn7700m-switch-switches-de-red-multi-gigabit-de-2-5g-no-administrable-5-puertos-rj45-de-100-1000-2500mbps-1-puerto-de-fibra-sfp\/\" \/>\n<meta property=\"og:locale\" content=\"es_MX\" \/>\n<meta property=\"og:type\" content=\"article\" \/>\n<meta property=\"og:title\" content=\"[ Grandstream ] &#129351; Gwn7700m Switch \/ Switches De Red Multi-gigabit De 2.5g No Administrable \/ 5 Puertos Rj45 De 100\/1000\/2500mbps \/ 1 Puerto De Fibra Sfp\" \/>\n<meta property=\"og:description\" content=\"Compra Gwn7700m Switch \/ Switches De Red Multi-gigabit De 2.5g No Administrable \/ 5 Puertos Rj45 De 100\/1000\/2500mbps \/ 1 Puerto De Fibra Sfp + Env\u00edo a domicilio + Pago seguro + Garant\u00eda\" \/>\n<meta property=\"og:url\" content=\"https:\/\/compuviper.mx\/tienda\/producto\/grandstream-gwn7700m-switch-switches-de-red-multi-gigabit-de-2-5g-no-administrable-5-puertos-rj45-de-100-1000-2500mbps-1-puerto-de-fibra-sfp\/\" \/>\n<meta property=\"og:site_name\" content=\"Compuviper\" \/>\n<meta property=\"article:publisher\" content=\"https:\/\/www.facebook.com\/compuviper\" \/>\n<meta property=\"og:image\" content=\"https:\/\/compuviper.mx\/tienda\/wp-content\/uploads\/2025\/10\/Switch-grandstream-gwn7700m-switches-de-red-multi-gigabit-de-2.5g-no-administrable-5-puertos-rj45-de-10010002500mbps-1-puerto-de-fibra-sfp.jpg\" \/>\n\t<meta property=\"og:image:width\" content=\"200\" \/>\n\t<meta property=\"og:image:height\" content=\"200\" \/>\n\t<meta property=\"og:image:type\" content=\"image\/jpeg\" \/>\n<meta name=\"twitter:card\" content=\"summary_large_image\" \/>\n<meta name=\"twitter:label1\" content=\"Precio\" \/>\n\t<meta name=\"twitter:data1\" content=\"&#36;920 con IVA\" \/>\n\t<meta name=\"twitter:label2\" content=\"Availability\" \/>\n\t<meta name=\"twitter:data2\" content=\"On backorder\" \/>\n<script type=\"application\/ld+json\" class=\"yoast-schema-graph\">{\"@context\":\"https:\/\/schema.org\",\"@graph\":[{\"@type\":\"WebPage\",\"@id\":\"https:\/\/compuviper.mx\/tienda\/producto\/grandstream-gwn7700m-switch-switches-de-red-multi-gigabit-de-2-5g-no-administrable-5-puertos-rj45-de-100-1000-2500mbps-1-puerto-de-fibra-sfp\/\",\"url\":\"https:\/\/compuviper.mx\/tienda\/producto\/grandstream-gwn7700m-switch-switches-de-red-multi-gigabit-de-2-5g-no-administrable-5-puertos-rj45-de-100-1000-2500mbps-1-puerto-de-fibra-sfp\/\",\"name\":\"[ Grandstream ] &#129351; Gwn7700m Switch \/ Switches De Red Multi-gigabit De 2.5g No Administrable \/ 5 Puertos Rj45 De 100\/1000\/2500mbps \/ 1 Puerto De Fibra Sfp\",\"isPartOf\":{\"@id\":\"https:\/\/compuviper.mx\/tienda\/#website\"},\"datePublished\":\"2026-04-18T07:14:09+00:00\",\"dateModified\":\"2026-04-18T07:14:09+00:00\",\"description\":\"Compra Gwn7700m Switch \/ Switches De Red Multi-gigabit De 2.5g No Administrable \/ 5 Puertos Rj45 De 100\/1000\/2500mbps \/ 1 Puerto De Fibra Sfp + Env\u00edo a domicilio + Pago seguro + Garant\u00eda\",\"breadcrumb\":{\"@id\":\"https:\/\/compuviper.mx\/tienda\/producto\/grandstream-gwn7700m-switch-switches-de-red-multi-gigabit-de-2-5g-no-administrable-5-puertos-rj45-de-100-1000-2500mbps-1-puerto-de-fibra-sfp\/#breadcrumb\"},\"inLanguage\":\"es-MX\",\"potentialAction\":[{\"@type\":\"ReadAction\",\"target\":[\"https:\/\/compuviper.mx\/tienda\/producto\/grandstream-gwn7700m-switch-switches-de-red-multi-gigabit-de-2-5g-no-administrable-5-puertos-rj45-de-100-1000-2500mbps-1-puerto-de-fibra-sfp\/\"]}]},{\"@type\":\"BreadcrumbList\",\"@id\":\"https:\/\/compuviper.mx\/tienda\/producto\/grandstream-gwn7700m-switch-switches-de-red-multi-gigabit-de-2-5g-no-administrable-5-puertos-rj45-de-100-1000-2500mbps-1-puerto-de-fibra-sfp\/#breadcrumb\",\"itemListElement\":[{\"@type\":\"ListItem\",\"position\":1,\"name\":\"Inicio\",\"item\":\"https:\/\/compuviper.mx\/tienda\/\"},{\"@type\":\"ListItem\",\"position\":2,\"name\":\"Productos\",\"item\":\"https:\/\/compuviper.mx\/tienda\/productos\/\"},{\"@type\":\"ListItem\",\"position\":3,\"name\":\"Redes\",\"item\":\"https:\/\/compuviper.mx\/tienda\/categoria-producto\/redes\/\"},{\"@type\":\"ListItem\",\"position\":4,\"name\":\"Switch\",\"item\":\"https:\/\/compuviper.mx\/tienda\/categoria-producto\/redes\/switch\/\"},{\"@type\":\"ListItem\",\"position\":5,\"name\":\"Grandstream Gwn7700m Switch \/ Switches De Red Multi-gigabit De 2.5g No Administrable \/ 5 Puertos Rj45 De 100\/1000\/2500mbps \/ 1 Puerto De Fibra Sfp\"}]},{\"@type\":\"WebSite\",\"@id\":\"https:\/\/compuviper.mx\/tienda\/#website\",\"url\":\"https:\/\/compuviper.mx\/tienda\/\",\"name\":\"Compuviper\",\"description\":\"Proveedor de Computadoras, Laptops, Servidores, Monitores, Puntos de Venta, Teclados,   Impresoras, T\u00f3ner, C\u00e1maras de Seguridad y m\u00e1s en tu tienda en l\u00ednea\",\"publisher\":{\"@id\":\"https:\/\/compuviper.mx\/tienda\/#organization\"},\"potentialAction\":[{\"@type\":\"SearchAction\",\"target\":{\"@type\":\"EntryPoint\",\"urlTemplate\":\"https:\/\/compuviper.mx\/tienda\/?s={search_term_string}\"},\"query-input\":\"required name=search_term_string\"}],\"inLanguage\":\"es-MX\"},{\"@type\":\"Organization\",\"@id\":\"https:\/\/compuviper.mx\/tienda\/#organization\",\"name\":\"Compuviper\",\"url\":\"https:\/\/compuviper.mx\/tienda\/\",\"logo\":{\"@type\":\"ImageObject\",\"inLanguage\":\"es-MX\",\"@id\":\"https:\/\/compuviper.mx\/tienda\/#\/schema\/logo\/image\/\",\"url\":\"https:\/\/compuviper.mx\/tienda\/wp-content\/uploads\/2021\/08\/Logo-Compuviper-10.png\",\"contentUrl\":\"https:\/\/compuviper.mx\/tienda\/wp-content\/uploads\/2021\/08\/Logo-Compuviper-10.png\",\"width\":1000,\"height\":500,\"caption\":\"Compuviper\"},\"image\":{\"@id\":\"https:\/\/compuviper.mx\/tienda\/#\/schema\/logo\/image\/\"},\"sameAs\":[\"https:\/\/www.facebook.com\/compuviper\",\"https:\/\/www.youtube.com\/channel\/UCf73dERp9Y3cfOq7q8BhLjA?view_as=subscriber\"]}]}<\/script>\n<meta property=\"product:brand\" content=\"GRANDSTREAM\" \/>\n<meta property=\"product:price:amount\" content=\"920\" \/>\n<meta property=\"product:price:currency\" content=\"MXN\" \/>\n<meta property=\"og:availability\" content=\"backorder\" \/>\n<meta property=\"product:availability\" content=\"available for order\" \/>\n<meta property=\"product:retailer_item_id\" content=\"GWN7700M\" \/>\n<meta property=\"product:condition\" content=\"new\" \/>\n<!-- \/ Yoast SEO plugin. -->","yoast_head_json":{"title":"[ Grandstream ] &#129351; Gwn7700m Switch \/ Switches De Red Multi-gigabit De 2.5g No Administrable \/ 5 Puertos Rj45 De 100\/1000\/2500mbps \/ 1 Puerto De Fibra Sfp","description":"Compra Gwn7700m Switch \/ Switches De Red Multi-gigabit De 2.5g No Administrable \/ 5 Puertos Rj45 De 100\/1000\/2500mbps \/ 1 Puerto De Fibra Sfp + Env\u00edo a domicilio + Pago seguro + Garant\u00eda","robots":{"index":"index","follow":"follow","max-snippet":"max-snippet:-1","max-image-preview":"max-image-preview:large","max-video-preview":"max-video-preview:-1"},"canonical":"https:\/\/compuviper.mx\/tienda\/producto\/grandstream-gwn7700m-switch-switches-de-red-multi-gigabit-de-2-5g-no-administrable-5-puertos-rj45-de-100-1000-2500mbps-1-puerto-de-fibra-sfp\/","og_locale":"es_MX","og_type":"article","og_title":"[ Grandstream ] &#129351; Gwn7700m Switch \/ Switches De Red Multi-gigabit De 2.5g No Administrable \/ 5 Puertos Rj45 De 100\/1000\/2500mbps \/ 1 Puerto De Fibra Sfp","og_description":"Compra Gwn7700m Switch \/ Switches De Red Multi-gigabit De 2.5g No Administrable \/ 5 Puertos Rj45 De 100\/1000\/2500mbps \/ 1 Puerto De Fibra Sfp + Env\u00edo a domicilio + Pago seguro + Garant\u00eda","og_url":"https:\/\/compuviper.mx\/tienda\/producto\/grandstream-gwn7700m-switch-switches-de-red-multi-gigabit-de-2-5g-no-administrable-5-puertos-rj45-de-100-1000-2500mbps-1-puerto-de-fibra-sfp\/","og_site_name":"Compuviper","article_publisher":"https:\/\/www.facebook.com\/compuviper","og_image":[{"width":200,"height":200,"url":"https:\/\/compuviper.mx\/tienda\/wp-content\/uploads\/2025\/10\/Switch-grandstream-gwn7700m-switches-de-red-multi-gigabit-de-2.5g-no-administrable-5-puertos-rj45-de-10010002500mbps-1-puerto-de-fibra-sfp.jpg","type":"image\/jpeg"}],"twitter_card":"summary_large_image","twitter_misc":{"Precio":"&#36;920 con IVA","Availability":"On backorder"},"schema":{"@context":"https:\/\/schema.org","@graph":[{"@type":"WebPage","@id":"https:\/\/compuviper.mx\/tienda\/producto\/grandstream-gwn7700m-switch-switches-de-red-multi-gigabit-de-2-5g-no-administrable-5-puertos-rj45-de-100-1000-2500mbps-1-puerto-de-fibra-sfp\/","url":"https:\/\/compuviper.mx\/tienda\/producto\/grandstream-gwn7700m-switch-switches-de-red-multi-gigabit-de-2-5g-no-administrable-5-puertos-rj45-de-100-1000-2500mbps-1-puerto-de-fibra-sfp\/","name":"[ Grandstream ] &#129351; Gwn7700m Switch \/ Switches De Red Multi-gigabit De 2.5g No Administrable \/ 5 Puertos Rj45 De 100\/1000\/2500mbps \/ 1 Puerto De Fibra Sfp","isPartOf":{"@id":"https:\/\/compuviper.mx\/tienda\/#website"},"datePublished":"2026-04-18T07:14:09+00:00","dateModified":"2026-04-18T07:14:09+00:00","description":"Compra Gwn7700m Switch \/ Switches De Red Multi-gigabit De 2.5g No Administrable \/ 5 Puertos Rj45 De 100\/1000\/2500mbps \/ 1 Puerto De Fibra Sfp + Env\u00edo a domicilio + Pago seguro + Garant\u00eda","breadcrumb":{"@id":"https:\/\/compuviper.mx\/tienda\/producto\/grandstream-gwn7700m-switch-switches-de-red-multi-gigabit-de-2-5g-no-administrable-5-puertos-rj45-de-100-1000-2500mbps-1-puerto-de-fibra-sfp\/#breadcrumb"},"inLanguage":"es-MX","potentialAction":[{"@type":"ReadAction","target":["https:\/\/compuviper.mx\/tienda\/producto\/grandstream-gwn7700m-switch-switches-de-red-multi-gigabit-de-2-5g-no-administrable-5-puertos-rj45-de-100-1000-2500mbps-1-puerto-de-fibra-sfp\/"]}]},{"@type":"BreadcrumbList","@id":"https:\/\/compuviper.mx\/tienda\/producto\/grandstream-gwn7700m-switch-switches-de-red-multi-gigabit-de-2-5g-no-administrable-5-puertos-rj45-de-100-1000-2500mbps-1-puerto-de-fibra-sfp\/#breadcrumb","itemListElement":[{"@type":"ListItem","position":1,"name":"Inicio","item":"https:\/\/compuviper.mx\/tienda\/"},{"@type":"ListItem","position":2,"name":"Productos","item":"https:\/\/compuviper.mx\/tienda\/productos\/"},{"@type":"ListItem","position":3,"name":"Redes","item":"https:\/\/compuviper.mx\/tienda\/categoria-producto\/redes\/"},{"@type":"ListItem","position":4,"name":"Switch","item":"https:\/\/compuviper.mx\/tienda\/categoria-producto\/redes\/switch\/"},{"@type":"ListItem","position":5,"name":"Grandstream Gwn7700m Switch \/ Switches De Red Multi-gigabit De 2.5g No Administrable \/ 5 Puertos Rj45 De 100\/1000\/2500mbps \/ 1 Puerto De Fibra Sfp"}]},{"@type":"WebSite","@id":"https:\/\/compuviper.mx\/tienda\/#website","url":"https:\/\/compuviper.mx\/tienda\/","name":"Compuviper","description":"Proveedor de Computadoras, Laptops, Servidores, Monitores, Puntos de Venta, Teclados,   Impresoras, T\u00f3ner, C\u00e1maras de Seguridad y m\u00e1s en tu tienda en l\u00ednea","publisher":{"@id":"https:\/\/compuviper.mx\/tienda\/#organization"},"potentialAction":[{"@type":"SearchAction","target":{"@type":"EntryPoint","urlTemplate":"https:\/\/compuviper.mx\/tienda\/?s={search_term_string}"},"query-input":"required name=search_term_string"}],"inLanguage":"es-MX"},{"@type":"Organization","@id":"https:\/\/compuviper.mx\/tienda\/#organization","name":"Compuviper","url":"https:\/\/compuviper.mx\/tienda\/","logo":{"@type":"ImageObject","inLanguage":"es-MX","@id":"https:\/\/compuviper.mx\/tienda\/#\/schema\/logo\/image\/","url":"https:\/\/compuviper.mx\/tienda\/wp-content\/uploads\/2021\/08\/Logo-Compuviper-10.png","contentUrl":"https:\/\/compuviper.mx\/tienda\/wp-content\/uploads\/2021\/08\/Logo-Compuviper-10.png","width":1000,"height":500,"caption":"Compuviper"},"image":{"@id":"https:\/\/compuviper.mx\/tienda\/#\/schema\/logo\/image\/"},"sameAs":["https:\/\/www.facebook.com\/compuviper","https:\/\/www.youtube.com\/channel\/UCf73dERp9Y3cfOq7q8BhLjA?view_as=subscriber"]}]},"product_brand":"GRANDSTREAM","product_price_amount":"920","product_price_currency":"MXN","og_availability":"backorder","product_availability":"available for order","product_retailer_item_id":"GWN7700M","product_condition":"new"},"_links":{"self":[{"href":"https:\/\/compuviper.mx\/tienda\/wp-json\/wp\/v2\/product\/244932"}],"collection":[{"href":"https:\/\/compuviper.mx\/tienda\/wp-json\/wp\/v2\/product"}],"about":[{"href":"https:\/\/compuviper.mx\/tienda\/wp-json\/wp\/v2\/types\/product"}],"replies":[{"embeddable":true,"href":"https:\/\/compuviper.mx\/tienda\/wp-json\/wp\/v2\/comments?post=244932"}],"wp:featuredmedia":[{"embeddable":true,"href":"https:\/\/compuviper.mx\/tienda\/wp-json\/wp\/v2\/media\/260105"}],"wp:attachment":[{"href":"https:\/\/compuviper.mx\/tienda\/wp-json\/wp\/v2\/media?parent=244932"}],"wp:term":[{"taxonomy":"product_cat","embeddable":true,"href":"https:\/\/compuviper.mx\/tienda\/wp-json\/wp\/v2\/product_cat?post=244932"},{"taxonomy":"product_tag","embeddable":true,"href":"https:\/\/compuviper.mx\/tienda\/wp-json\/wp\/v2\/product_tag?post=244932"}],"curies":[{"name":"wp","href":"https:\/\/api.w.org\/{rel}","templated":true}]}}