{"id":244927,"date":"2026-04-18T01:14:06","date_gmt":"2026-04-18T07:14:06","guid":{"rendered":"https:\/\/compuviper.mx\/tienda\/producto\/grandstream-gwn7813-switch-switch-capa-3-administrable-24-puertos-10-100-1000-mbps-4-puertos-sfp-de-10-gigabits-compatible-con-gwn-cloud\/"},"modified":"2026-04-18T01:14:06","modified_gmt":"2026-04-18T07:14:06","slug":"grandstream-gwn7813-switch-switch-capa-3-administrable-24-puertos-10-100-1000-mbps-4-puertos-sfp-de-10-gigabits-compatible-con-gwn-cloud","status":"publish","type":"product","link":"https:\/\/compuviper.mx\/tienda\/producto\/grandstream-gwn7813-switch-switch-capa-3-administrable-24-puertos-10-100-1000-mbps-4-puertos-sfp-de-10-gigabits-compatible-con-gwn-cloud\/","title":{"rendered":"Grandstream Gwn7813 Switch  \/ Switch Capa 3 Administrable \/ 24 Puertos 10\/100\/1000 Mbps 4 Puertos Sfp De 10 Gigabits \/ Compatible Con Gwn Cloud."},"content":{"rendered":"<table class=\"descripcion\">\n<tr>\n<td>Protocolos de red: ipv4, ipv6, ieee 802.3, ieee 802.3i, ieee 802.3u, ieee 802.3ab, ieee 802.3z, ieee 802.3ae, ieee 802.3x, ieee 802.1p, ieee 802.1q, ieee 802.1w, ieee 802.1d, ieee 802.1s, ieee 802.3az, ieee 802.3ad, ieee 802.3ab, ieee 802.1p, ieee 802.1d, ieee 802.1x<\/td>\n<\/tr>\n<tr>\n<td>Est\u00e1ndares poe:  \/<\/td>\n<\/tr>\n<tr>\n<td>Puertos gigabit ethernet:  24<\/td>\n<\/tr>\n<tr>\n<td>Puertos sfp+ de 10 gigabits: 4 nota* admite cable dac y debe ser  and #8804; 5 m<\/td>\n<\/tr>\n<tr>\n<td>N\u00famero m\u00e1ximo de m\u00f3dulos compatibles: sm-10g: 4, mm-10g: 4, rj45-10g: 2 nota* los m\u00f3dulos rj45-10g deben insertarse a intervalos<\/td>\n<\/tr>\n<tr>\n<td>Consola: 1<\/td>\n<\/tr>\n<tr>\n<td># puertos poe: \/<\/td>\n<\/tr>\n<tr>\n<td>Agregaci\u00f3n de enlace: 14<\/td>\n<\/tr>\n<tr>\n<td>Fuente de alimentaci\u00f3n redundante externa (rps):  12v\/5a(60w)<\/td>\n<\/tr>\n<tr>\n<td>Potencia m\u00e1xima de salida por puerto poe:  \/<\/td>\n<\/tr>\n<tr>\n<td>Potencia de salida total m\u00e1xima de poe:  \/<\/td>\n<\/tr>\n<tr>\n<td>Protecci\u00f3n contra sobretensiones: \u00b1 6kv cm y dm para alimentaci\u00f3n &#8211; \u00b1 4kv cm para puertos de red<\/td>\n<\/tr>\n<tr>\n<td>Esd:  \u00b1 12kv para descarga de contacto<\/td>\n<\/tr>\n<tr>\n<td>Puertos auxiliares:  1 agujero de alfiler de reinicio<\/td>\n<\/tr>\n<tr>\n<td>Modo de reenv\u00edo:  almacenamiento y reenv\u00edo<\/td>\n<\/tr>\n<tr>\n<td>Rendimiento total sin bloqueo:  64gbps<\/td>\n<\/tr>\n<tr>\n<td>Capacidad de switching:  128gbps<\/td>\n<\/tr>\n<tr>\n<td>Tasa de reenv\u00edo:  95.232mpps<\/td>\n<\/tr>\n<tr>\n<td>B\u00fafer de paquetes:  12mb<\/td>\n<\/tr>\n<tr>\n<td>Latencia de conexi\u00f3n:   4\u00b5s<\/td>\n<\/tr>\n<tr>\n<td>Conmutaci\u00f3n:  \u0095 16k direcciones mac est\u00e1ticas, din\u00e1micas y de filtrado \u0095 vlan 4k, vlan basada en puerto, etiquetado vlan ieee 802.1q, vlan de voz \u0095 interfaz virtual de vlan \u0095 gvrp (pendiente) \u0095 spanning tree, 32 instancias para stp\/rstp\/mstp<\/td>\n<\/tr>\n<tr>\n<td>Routing:  enrutamiento est\u00e1tico \u0095 enrutamiento din\u00e1mico, incluidos rip, ripng, ospf y ospfv3 \u0095 enrutamiento de pol\u00edticas (pendiente)<\/td>\n<\/tr>\n<tr>\n<td>Multidifusi\u00f3n: \u0095 igmp snooping \u0095 mld snooping \u0095 mvr (pendiente)<\/td>\n<\/tr>\n<tr>\n<td>Qos\/acl:   \u0095 prioridad de puerto \u0095 mapeo de prioridades \u0095 programaci\u00f3n de colas, incluidos sp, wrr, wfq, sp-wrr y sp-wfq \u0095 conformaci\u00f3n del tr\u00e1fico \u0095 l\u00edmite de tarifa \u0095 acl 2k para ethernet, ipv4 e ipv6<\/td>\n<\/tr>\n<tr>\n<td>Dhcp: servidor dhcp, rel\u00e9 dhcp, opci\u00f3n dhcp 82, 60, 160 y 43<\/td>\n<\/tr>\n<tr>\n<td>Mantenimiento:  monitoreo de cpu y memoria, snmp, rmon, lldp and lldp-med, respaldo y restauraci\u00f3n, syslog, diagn\u00f3sticos que incluyen ping, traceroute, duplicaci\u00f3n de puertos, udld (tbd) y prueba de cobre.<\/td>\n<\/tr>\n<tr>\n<td>Seguridad:   gesti\u00f3n jer\u00e1rquica de usuarios y protecci\u00f3n con contrase\u00f1a, https, ssh, telnet \u0095 autenticaci\u00f3n 802.1x \u0095 autenticaci\u00f3n aaa que incluye radius, tacacs+ \u0095 control de tormentas \u0095 aislamiento de puertos, seguridad de puertos, sticky mac \u0095 filtrado de direcciones mac \u0095 protecci\u00f3n de fuente ip, prevenci\u00f3n de ataques dos, inspecci\u00f3n arp \u0095 dhcp snooping \u0095 protecci\u00f3n de bucle que incluye protecci\u00f3n de bpdu, protecci\u00f3n de ra\u00edz (pendiente) y protecci\u00f3n de bucle invertido (pendiente) \u0095 compatibilidad con ranura de seguridad kensington (bloqueo kensington)<\/td>\n<\/tr>\n<tr>\n<td>Montaje:  escritorio, montaje en pared o montaje en racks (kits de montaje en racks incluidos)<\/td>\n<\/tr>\n<\/table>\n","protected":false},"excerpt":{"rendered":"<p>La serie gwn7810 son switches de red administrables de capa 3 que permiten a las medianas y grandes empresas. Crear redes comerciales escalables, seguras, de alto rendimiento e inteligentes que son totalmente administrables. Permite vlans avanzadas para una segmentaci\u00f3n de tr\u00e1fico flexible y sofisticada, qos avanzada para priorizar el. Tr\u00e1fico de red, igmp\/mld snooping para optimizar el rendimiento de la red y capacidades de seguridad integrales. Contra posibles ataques. Los modelos poe proporcionan una salida poe din\u00e1mica inteligente para alimentar tel\u00e9fonos. Ip, c\u00e1maras ip, puntos de acceso wi-fi y otros dispositivos poe. La serie gwn7810 se puede administrar de varias. Maneras, incluida la interfaz de usuario web local del switch de la serie gwn7810 y cli, la interfaz de l\u00ednea de. Comandos. La serie tambi\u00e9n es compatible con gwn.Cloud y gwn manager, la plataforma de gesti\u00f3n de red local y en. La nube de grandstream. La serie gwn7810 son switches de red administrables de nivel empresarial y con el mejor. Valor para medianas y grandes empresas.<\/p>\n","protected":false},"featured_media":260100,"comment_status":"open","ping_status":"open","template":"","meta":[],"product_cat":[1563,1564],"product_tag":[1576],"acf":[],"yoast_head":"<!-- This site is optimized with the Yoast SEO plugin v21.7 - https:\/\/yoast.com\/wordpress\/plugins\/seo\/ -->\n<title>[ Grandstream ] &#129351; Gwn7813 Switch \/ Switch Capa 3 Administrable \/ 24 Puertos 10\/100\/1000 Mbps 4 Puertos Sfp De 10 Gigabits \/ Compatible Con Gwn Cloud.<\/title>\n<meta name=\"description\" content=\"Compra Gwn7813 Switch \/ Switch Capa 3 Administrable \/ 24 Puertos 10\/100\/1000 Mbps 4 Puertos Sfp De 10 Gigabits \/ Compatible Con Gwn Cloud. + Env\u00edo a domicilio + Pago seguro + Garant\u00eda\" \/>\n<meta name=\"robots\" content=\"index, follow, max-snippet:-1, max-image-preview:large, max-video-preview:-1\" \/>\n<link rel=\"canonical\" href=\"https:\/\/compuviper.mx\/tienda\/producto\/grandstream-gwn7813-switch-switch-capa-3-administrable-24-puertos-10-100-1000-mbps-4-puertos-sfp-de-10-gigabits-compatible-con-gwn-cloud\/\" \/>\n<meta property=\"og:locale\" content=\"es_MX\" \/>\n<meta property=\"og:type\" content=\"article\" \/>\n<meta property=\"og:title\" content=\"[ Grandstream ] &#129351; Gwn7813 Switch \/ Switch Capa 3 Administrable \/ 24 Puertos 10\/100\/1000 Mbps 4 Puertos Sfp De 10 Gigabits \/ Compatible Con Gwn Cloud.\" \/>\n<meta property=\"og:description\" content=\"Compra Gwn7813 Switch \/ Switch Capa 3 Administrable \/ 24 Puertos 10\/100\/1000 Mbps 4 Puertos Sfp De 10 Gigabits \/ Compatible Con Gwn Cloud. + Env\u00edo a domicilio + Pago seguro + Garant\u00eda\" \/>\n<meta property=\"og:url\" content=\"https:\/\/compuviper.mx\/tienda\/producto\/grandstream-gwn7813-switch-switch-capa-3-administrable-24-puertos-10-100-1000-mbps-4-puertos-sfp-de-10-gigabits-compatible-con-gwn-cloud\/\" \/>\n<meta property=\"og:site_name\" content=\"Compuviper\" \/>\n<meta property=\"article:publisher\" content=\"https:\/\/www.facebook.com\/compuviper\" \/>\n<meta property=\"og:image\" content=\"https:\/\/compuviper.mx\/tienda\/wp-content\/uploads\/2025\/10\/Switch-grandstream-gwn7813-switch-capa-3-administrable-24-puertos-101001000-mbps-4-puertos-sfp-de-10-gigabits-compatible-con-gwn-cloud.jpg\" \/>\n\t<meta property=\"og:image:width\" content=\"200\" \/>\n\t<meta property=\"og:image:height\" content=\"200\" \/>\n\t<meta property=\"og:image:type\" content=\"image\/jpeg\" \/>\n<meta name=\"twitter:card\" content=\"summary_large_image\" \/>\n<meta name=\"twitter:label1\" content=\"Precio\" \/>\n\t<meta name=\"twitter:data1\" content=\"&#36;3,559 con IVA\" \/>\n\t<meta name=\"twitter:label2\" content=\"Availability\" \/>\n\t<meta name=\"twitter:data2\" content=\"On backorder\" \/>\n<script type=\"application\/ld+json\" class=\"yoast-schema-graph\">{\"@context\":\"https:\/\/schema.org\",\"@graph\":[{\"@type\":\"WebPage\",\"@id\":\"https:\/\/compuviper.mx\/tienda\/producto\/grandstream-gwn7813-switch-switch-capa-3-administrable-24-puertos-10-100-1000-mbps-4-puertos-sfp-de-10-gigabits-compatible-con-gwn-cloud\/\",\"url\":\"https:\/\/compuviper.mx\/tienda\/producto\/grandstream-gwn7813-switch-switch-capa-3-administrable-24-puertos-10-100-1000-mbps-4-puertos-sfp-de-10-gigabits-compatible-con-gwn-cloud\/\",\"name\":\"[ Grandstream ] &#129351; Gwn7813 Switch \/ Switch Capa 3 Administrable \/ 24 Puertos 10\/100\/1000 Mbps 4 Puertos Sfp De 10 Gigabits \/ Compatible Con Gwn Cloud.\",\"isPartOf\":{\"@id\":\"https:\/\/compuviper.mx\/tienda\/#website\"},\"datePublished\":\"2026-04-18T07:14:06+00:00\",\"dateModified\":\"2026-04-18T07:14:06+00:00\",\"description\":\"Compra Gwn7813 Switch \/ Switch Capa 3 Administrable \/ 24 Puertos 10\/100\/1000 Mbps 4 Puertos Sfp De 10 Gigabits \/ Compatible Con Gwn Cloud. + Env\u00edo a domicilio + Pago seguro + Garant\u00eda\",\"breadcrumb\":{\"@id\":\"https:\/\/compuviper.mx\/tienda\/producto\/grandstream-gwn7813-switch-switch-capa-3-administrable-24-puertos-10-100-1000-mbps-4-puertos-sfp-de-10-gigabits-compatible-con-gwn-cloud\/#breadcrumb\"},\"inLanguage\":\"es-MX\",\"potentialAction\":[{\"@type\":\"ReadAction\",\"target\":[\"https:\/\/compuviper.mx\/tienda\/producto\/grandstream-gwn7813-switch-switch-capa-3-administrable-24-puertos-10-100-1000-mbps-4-puertos-sfp-de-10-gigabits-compatible-con-gwn-cloud\/\"]}]},{\"@type\":\"BreadcrumbList\",\"@id\":\"https:\/\/compuviper.mx\/tienda\/producto\/grandstream-gwn7813-switch-switch-capa-3-administrable-24-puertos-10-100-1000-mbps-4-puertos-sfp-de-10-gigabits-compatible-con-gwn-cloud\/#breadcrumb\",\"itemListElement\":[{\"@type\":\"ListItem\",\"position\":1,\"name\":\"Inicio\",\"item\":\"https:\/\/compuviper.mx\/tienda\/\"},{\"@type\":\"ListItem\",\"position\":2,\"name\":\"Productos\",\"item\":\"https:\/\/compuviper.mx\/tienda\/productos\/\"},{\"@type\":\"ListItem\",\"position\":3,\"name\":\"Redes\",\"item\":\"https:\/\/compuviper.mx\/tienda\/categoria-producto\/redes\/\"},{\"@type\":\"ListItem\",\"position\":4,\"name\":\"Switch\",\"item\":\"https:\/\/compuviper.mx\/tienda\/categoria-producto\/redes\/switch\/\"},{\"@type\":\"ListItem\",\"position\":5,\"name\":\"Grandstream Gwn7813 Switch \/ Switch Capa 3 Administrable \/ 24 Puertos 10\/100\/1000 Mbps 4 Puertos Sfp De 10 Gigabits \/ Compatible Con Gwn Cloud.\"}]},{\"@type\":\"WebSite\",\"@id\":\"https:\/\/compuviper.mx\/tienda\/#website\",\"url\":\"https:\/\/compuviper.mx\/tienda\/\",\"name\":\"Compuviper\",\"description\":\"Proveedor de Computadoras, Laptops, Servidores, Monitores, Puntos de Venta, Teclados,   Impresoras, T\u00f3ner, C\u00e1maras de Seguridad y m\u00e1s en tu tienda en l\u00ednea\",\"publisher\":{\"@id\":\"https:\/\/compuviper.mx\/tienda\/#organization\"},\"potentialAction\":[{\"@type\":\"SearchAction\",\"target\":{\"@type\":\"EntryPoint\",\"urlTemplate\":\"https:\/\/compuviper.mx\/tienda\/?s={search_term_string}\"},\"query-input\":\"required name=search_term_string\"}],\"inLanguage\":\"es-MX\"},{\"@type\":\"Organization\",\"@id\":\"https:\/\/compuviper.mx\/tienda\/#organization\",\"name\":\"Compuviper\",\"url\":\"https:\/\/compuviper.mx\/tienda\/\",\"logo\":{\"@type\":\"ImageObject\",\"inLanguage\":\"es-MX\",\"@id\":\"https:\/\/compuviper.mx\/tienda\/#\/schema\/logo\/image\/\",\"url\":\"https:\/\/compuviper.mx\/tienda\/wp-content\/uploads\/2021\/08\/Logo-Compuviper-10.png\",\"contentUrl\":\"https:\/\/compuviper.mx\/tienda\/wp-content\/uploads\/2021\/08\/Logo-Compuviper-10.png\",\"width\":1000,\"height\":500,\"caption\":\"Compuviper\"},\"image\":{\"@id\":\"https:\/\/compuviper.mx\/tienda\/#\/schema\/logo\/image\/\"},\"sameAs\":[\"https:\/\/www.facebook.com\/compuviper\",\"https:\/\/www.youtube.com\/channel\/UCf73dERp9Y3cfOq7q8BhLjA?view_as=subscriber\"]}]}<\/script>\n<meta property=\"product:brand\" content=\"GRANDSTREAM\" \/>\n<meta property=\"product:price:amount\" content=\"3559\" \/>\n<meta property=\"product:price:currency\" content=\"MXN\" \/>\n<meta property=\"og:availability\" content=\"backorder\" \/>\n<meta property=\"product:availability\" content=\"available for order\" \/>\n<meta property=\"product:retailer_item_id\" content=\"GWN7813\" \/>\n<meta property=\"product:condition\" content=\"new\" \/>\n<!-- \/ Yoast SEO plugin. -->","yoast_head_json":{"title":"[ Grandstream ] &#129351; Gwn7813 Switch \/ Switch Capa 3 Administrable \/ 24 Puertos 10\/100\/1000 Mbps 4 Puertos Sfp De 10 Gigabits \/ Compatible Con Gwn Cloud.","description":"Compra Gwn7813 Switch \/ Switch Capa 3 Administrable \/ 24 Puertos 10\/100\/1000 Mbps 4 Puertos Sfp De 10 Gigabits \/ Compatible Con Gwn Cloud. + Env\u00edo a domicilio + Pago seguro + Garant\u00eda","robots":{"index":"index","follow":"follow","max-snippet":"max-snippet:-1","max-image-preview":"max-image-preview:large","max-video-preview":"max-video-preview:-1"},"canonical":"https:\/\/compuviper.mx\/tienda\/producto\/grandstream-gwn7813-switch-switch-capa-3-administrable-24-puertos-10-100-1000-mbps-4-puertos-sfp-de-10-gigabits-compatible-con-gwn-cloud\/","og_locale":"es_MX","og_type":"article","og_title":"[ Grandstream ] &#129351; Gwn7813 Switch \/ Switch Capa 3 Administrable \/ 24 Puertos 10\/100\/1000 Mbps 4 Puertos Sfp De 10 Gigabits \/ Compatible Con Gwn Cloud.","og_description":"Compra Gwn7813 Switch \/ Switch Capa 3 Administrable \/ 24 Puertos 10\/100\/1000 Mbps 4 Puertos Sfp De 10 Gigabits \/ Compatible Con Gwn Cloud. + Env\u00edo a domicilio + Pago seguro + Garant\u00eda","og_url":"https:\/\/compuviper.mx\/tienda\/producto\/grandstream-gwn7813-switch-switch-capa-3-administrable-24-puertos-10-100-1000-mbps-4-puertos-sfp-de-10-gigabits-compatible-con-gwn-cloud\/","og_site_name":"Compuviper","article_publisher":"https:\/\/www.facebook.com\/compuviper","og_image":[{"width":200,"height":200,"url":"https:\/\/compuviper.mx\/tienda\/wp-content\/uploads\/2025\/10\/Switch-grandstream-gwn7813-switch-capa-3-administrable-24-puertos-101001000-mbps-4-puertos-sfp-de-10-gigabits-compatible-con-gwn-cloud.jpg","type":"image\/jpeg"}],"twitter_card":"summary_large_image","twitter_misc":{"Precio":"&#36;3,559 con IVA","Availability":"On backorder"},"schema":{"@context":"https:\/\/schema.org","@graph":[{"@type":"WebPage","@id":"https:\/\/compuviper.mx\/tienda\/producto\/grandstream-gwn7813-switch-switch-capa-3-administrable-24-puertos-10-100-1000-mbps-4-puertos-sfp-de-10-gigabits-compatible-con-gwn-cloud\/","url":"https:\/\/compuviper.mx\/tienda\/producto\/grandstream-gwn7813-switch-switch-capa-3-administrable-24-puertos-10-100-1000-mbps-4-puertos-sfp-de-10-gigabits-compatible-con-gwn-cloud\/","name":"[ Grandstream ] &#129351; Gwn7813 Switch \/ Switch Capa 3 Administrable \/ 24 Puertos 10\/100\/1000 Mbps 4 Puertos Sfp De 10 Gigabits \/ Compatible Con Gwn Cloud.","isPartOf":{"@id":"https:\/\/compuviper.mx\/tienda\/#website"},"datePublished":"2026-04-18T07:14:06+00:00","dateModified":"2026-04-18T07:14:06+00:00","description":"Compra Gwn7813 Switch \/ Switch Capa 3 Administrable \/ 24 Puertos 10\/100\/1000 Mbps 4 Puertos Sfp De 10 Gigabits \/ Compatible Con Gwn Cloud. + Env\u00edo a domicilio + Pago seguro + Garant\u00eda","breadcrumb":{"@id":"https:\/\/compuviper.mx\/tienda\/producto\/grandstream-gwn7813-switch-switch-capa-3-administrable-24-puertos-10-100-1000-mbps-4-puertos-sfp-de-10-gigabits-compatible-con-gwn-cloud\/#breadcrumb"},"inLanguage":"es-MX","potentialAction":[{"@type":"ReadAction","target":["https:\/\/compuviper.mx\/tienda\/producto\/grandstream-gwn7813-switch-switch-capa-3-administrable-24-puertos-10-100-1000-mbps-4-puertos-sfp-de-10-gigabits-compatible-con-gwn-cloud\/"]}]},{"@type":"BreadcrumbList","@id":"https:\/\/compuviper.mx\/tienda\/producto\/grandstream-gwn7813-switch-switch-capa-3-administrable-24-puertos-10-100-1000-mbps-4-puertos-sfp-de-10-gigabits-compatible-con-gwn-cloud\/#breadcrumb","itemListElement":[{"@type":"ListItem","position":1,"name":"Inicio","item":"https:\/\/compuviper.mx\/tienda\/"},{"@type":"ListItem","position":2,"name":"Productos","item":"https:\/\/compuviper.mx\/tienda\/productos\/"},{"@type":"ListItem","position":3,"name":"Redes","item":"https:\/\/compuviper.mx\/tienda\/categoria-producto\/redes\/"},{"@type":"ListItem","position":4,"name":"Switch","item":"https:\/\/compuviper.mx\/tienda\/categoria-producto\/redes\/switch\/"},{"@type":"ListItem","position":5,"name":"Grandstream Gwn7813 Switch \/ Switch Capa 3 Administrable \/ 24 Puertos 10\/100\/1000 Mbps 4 Puertos Sfp De 10 Gigabits \/ Compatible Con Gwn Cloud."}]},{"@type":"WebSite","@id":"https:\/\/compuviper.mx\/tienda\/#website","url":"https:\/\/compuviper.mx\/tienda\/","name":"Compuviper","description":"Proveedor de Computadoras, Laptops, Servidores, Monitores, Puntos de Venta, Teclados,   Impresoras, T\u00f3ner, C\u00e1maras de Seguridad y m\u00e1s en tu tienda en l\u00ednea","publisher":{"@id":"https:\/\/compuviper.mx\/tienda\/#organization"},"potentialAction":[{"@type":"SearchAction","target":{"@type":"EntryPoint","urlTemplate":"https:\/\/compuviper.mx\/tienda\/?s={search_term_string}"},"query-input":"required name=search_term_string"}],"inLanguage":"es-MX"},{"@type":"Organization","@id":"https:\/\/compuviper.mx\/tienda\/#organization","name":"Compuviper","url":"https:\/\/compuviper.mx\/tienda\/","logo":{"@type":"ImageObject","inLanguage":"es-MX","@id":"https:\/\/compuviper.mx\/tienda\/#\/schema\/logo\/image\/","url":"https:\/\/compuviper.mx\/tienda\/wp-content\/uploads\/2021\/08\/Logo-Compuviper-10.png","contentUrl":"https:\/\/compuviper.mx\/tienda\/wp-content\/uploads\/2021\/08\/Logo-Compuviper-10.png","width":1000,"height":500,"caption":"Compuviper"},"image":{"@id":"https:\/\/compuviper.mx\/tienda\/#\/schema\/logo\/image\/"},"sameAs":["https:\/\/www.facebook.com\/compuviper","https:\/\/www.youtube.com\/channel\/UCf73dERp9Y3cfOq7q8BhLjA?view_as=subscriber"]}]},"product_brand":"GRANDSTREAM","product_price_amount":"3559","product_price_currency":"MXN","og_availability":"backorder","product_availability":"available for order","product_retailer_item_id":"GWN7813","product_condition":"new"},"_links":{"self":[{"href":"https:\/\/compuviper.mx\/tienda\/wp-json\/wp\/v2\/product\/244927"}],"collection":[{"href":"https:\/\/compuviper.mx\/tienda\/wp-json\/wp\/v2\/product"}],"about":[{"href":"https:\/\/compuviper.mx\/tienda\/wp-json\/wp\/v2\/types\/product"}],"replies":[{"embeddable":true,"href":"https:\/\/compuviper.mx\/tienda\/wp-json\/wp\/v2\/comments?post=244927"}],"wp:featuredmedia":[{"embeddable":true,"href":"https:\/\/compuviper.mx\/tienda\/wp-json\/wp\/v2\/media\/260100"}],"wp:attachment":[{"href":"https:\/\/compuviper.mx\/tienda\/wp-json\/wp\/v2\/media?parent=244927"}],"wp:term":[{"taxonomy":"product_cat","embeddable":true,"href":"https:\/\/compuviper.mx\/tienda\/wp-json\/wp\/v2\/product_cat?post=244927"},{"taxonomy":"product_tag","embeddable":true,"href":"https:\/\/compuviper.mx\/tienda\/wp-json\/wp\/v2\/product_tag?post=244927"}],"curies":[{"name":"wp","href":"https:\/\/api.w.org\/{rel}","templated":true}]}}