{"id":244924,"date":"2026-04-18T01:14:04","date_gmt":"2026-04-18T07:14:04","guid":{"rendered":"https:\/\/compuviper.mx\/tienda\/producto\/grandstream-gwn7703-switch-switch-gigabit-no-administrable-24-puertos-10-100-1000-mbps\/"},"modified":"2026-04-18T01:14:05","modified_gmt":"2026-04-18T07:14:05","slug":"grandstream-gwn7703-switch-switch-gigabit-no-administrable-24-puertos-10-100-1000-mbps","status":"publish","type":"product","link":"https:\/\/compuviper.mx\/tienda\/producto\/grandstream-gwn7703-switch-switch-gigabit-no-administrable-24-puertos-10-100-1000-mbps\/","title":{"rendered":"Grandstream Gwn7703 Switch  \/ Switch Gigabit No Administrable \/ 24 Puertos 10\/100\/1000 Mbps"},"content":{"rendered":"<table class=\"descripcion\">\n<tr>\n<td>Puertos gigabit: 24<\/td>\n<\/tr>\n<tr>\n<td>Puertos poe: n\/a<\/td>\n<\/tr>\n<tr>\n<td>Carcasa: metal<\/td>\n<\/tr>\n<tr>\n<td>Montaje: montaje de escritorio y pared<\/td>\n<\/tr>\n<tr>\n<td>Protocolos de red: ieee 802.3i, ieee 802.3u, ieee 802.3ab, ieee 802.3x, ieee 802.1p<\/td>\n<\/tr>\n<tr>\n<td>Est\u00e1ndares poe: \/<\/td>\n<\/tr>\n<tr>\n<td>Funci\u00f3n de puerto: puertos 16\/24\u00d7 10\/100\/1000mbps rj45 negociaci\u00f3n autom\u00e1tica mdi\/mdix autom\u00e1tico<\/td>\n<\/tr>\n<tr>\n<td>Medios de red: 1000base-t\/100base-tx\/10base-t, medio\/completo-d\u00faplex<\/td>\n<\/tr>\n<tr>\n<td>Configuraci\u00f3n poe: \/<\/td>\n<\/tr>\n<tr>\n<td>Indicadores led: por puerto: enlace\/actividad verde por dispositivo: encendido verde<\/td>\n<\/tr>\n<tr>\n<td>Tabla de direcciones mac: 8k<\/td>\n<\/tr>\n<tr>\n<td>Capacidad de switching: 48gbps<\/td>\n<\/tr>\n<tr>\n<td>Marco jumbo: 10kb<\/td>\n<\/tr>\n<tr>\n<td>Funciones avanzadas: autoaprendizaje y aging autom\u00e1tico de direcciones mac ieee 802.3x control de flujo contrapresi\u00f3n semid\u00faplex<\/td>\n<\/tr>\n<tr>\n<td>Adaptador de corriente: interno 100-240v ac, 50\/60hz,18w<\/td>\n<\/tr>\n<tr>\n<td>Consumo m\u00e1ximo de energ\u00eda por sistema base: 13w@220v\/50hz<\/td>\n<\/tr>\n<tr>\n<td>Condiciones ambientales: temperatura de funcionamiento: 0 a 40 \u00b0c (32 a 104 \u00b0f) temperatura de almacenamiento: -20 a 60 \u00b0c (-4 a 140 \u00b0f) humedad de funcionamiento: 10% a 90% sin condensaci\u00f3n humedad de almacenamiento: 10% a 90% sin condensaci\u00f3n<\/td>\n<\/tr>\n<tr>\n<td>Dimensiones: almacenamiento: 10% a 90% sin condensaci\u00f3n dimensiones unidad: 280 x 180 x 44mm; paquete: 366 x 211 x 53mm<\/td>\n<\/tr>\n<tr>\n<td>Peso: unidad: 1.35kg paquete completo: 1.95kg<\/td>\n<\/tr>\n<tr>\n<td>Contenido del paquete: 1 switch, 1 cable ca de 1.2 m, soportes est\u00e1ndar para montaje en rack, 4 pies de goma, 1 gu\u00eda r\u00e1pida de instalaci\u00f3n<\/td>\n<\/tr>\n<tr>\n<td>Cumplimiento: fcc, ce, rcm, ic, ukca<\/td>\n<\/tr>\n<\/table>\n","protected":false},"excerpt":{"rendered":"<p>La serie gwn7700 son switches de red no administrables que brindan una forma r\u00e1pida y rentable de agregar. Conectividad gigabit de alta velocidad a oficinas en casa, as\u00ed como peque\u00f1as y medianas empresas. No requiere. Configuraci\u00f3n ni instalaci\u00f3n, ofrece montaje para escritorio y montaje en pared. Proporciona mdi\/mdix autom\u00e1tico. Para eliminar la necesidad de cables cruzados. Cada puerto posibilita la negociaci\u00f3n autom\u00e1tica para permitir que. La serie gwn7700 reconozca la velocidad de enlace de cualquier dispositivo de red de 10\/100\/1000 mbps y ajuste. De forma inteligente la compatibilidad y \u00f3ptimo rendimiento. Los modelos poe (power-over-ethernet) proporcionan. Puertos con salida poe din\u00e1mica inteligente compatible con ieee 802.3af\/at para energizar tel\u00e9fonos ip, c\u00e1maras ip. Puntos de acceso wi-fi y otros dispositivos poe. La serie gwn7700 son switches de red no administrables ideales para. Oficinas en casa, as\u00ed como peque\u00f1as y medianas empresas.<\/p>\n","protected":false},"featured_media":260097,"comment_status":"open","ping_status":"open","template":"","meta":[],"product_cat":[1563,1564],"product_tag":[1576],"acf":[],"yoast_head":"<!-- This site is optimized with the Yoast SEO plugin v21.7 - https:\/\/yoast.com\/wordpress\/plugins\/seo\/ -->\n<title>[ Grandstream ] &#129351; Gwn7703 Switch \/ Switch Gigabit No Administrable \/ 24 Puertos 10\/100\/1000 Mbps<\/title>\n<meta name=\"description\" content=\"Compra Gwn7703 Switch \/ Switch Gigabit No Administrable \/ 24 Puertos 10\/100\/1000 Mbps + Env\u00edo a domicilio + Pago seguro + Garant\u00eda\" \/>\n<meta name=\"robots\" content=\"index, follow, max-snippet:-1, max-image-preview:large, max-video-preview:-1\" \/>\n<link rel=\"canonical\" href=\"https:\/\/compuviper.mx\/tienda\/producto\/grandstream-gwn7703-switch-switch-gigabit-no-administrable-24-puertos-10-100-1000-mbps\/\" \/>\n<meta property=\"og:locale\" content=\"es_MX\" \/>\n<meta property=\"og:type\" content=\"article\" \/>\n<meta property=\"og:title\" content=\"[ Grandstream ] &#129351; Gwn7703 Switch \/ Switch Gigabit No Administrable \/ 24 Puertos 10\/100\/1000 Mbps\" \/>\n<meta property=\"og:description\" content=\"Compra Gwn7703 Switch \/ Switch Gigabit No Administrable \/ 24 Puertos 10\/100\/1000 Mbps + Env\u00edo a domicilio + Pago seguro + Garant\u00eda\" \/>\n<meta property=\"og:url\" content=\"https:\/\/compuviper.mx\/tienda\/producto\/grandstream-gwn7703-switch-switch-gigabit-no-administrable-24-puertos-10-100-1000-mbps\/\" \/>\n<meta property=\"og:site_name\" content=\"Compuviper\" \/>\n<meta property=\"article:publisher\" content=\"https:\/\/www.facebook.com\/compuviper\" \/>\n<meta property=\"article:modified_time\" content=\"2026-04-18T07:14:05+00:00\" \/>\n<meta property=\"og:image\" content=\"https:\/\/compuviper.mx\/tienda\/wp-content\/uploads\/2025\/10\/Switch-grandstream-gwn7703-switch-gigabit-no-administrable-24-puertos-101001000-mbps.jpg\" \/>\n\t<meta property=\"og:image:width\" content=\"200\" \/>\n\t<meta property=\"og:image:height\" content=\"200\" \/>\n\t<meta property=\"og:image:type\" content=\"image\/jpeg\" \/>\n<meta name=\"twitter:card\" content=\"summary_large_image\" \/>\n<meta name=\"twitter:label1\" content=\"Precio\" \/>\n\t<meta name=\"twitter:data1\" content=\"&#36;1,375 con IVA\" \/>\n\t<meta name=\"twitter:label2\" content=\"Availability\" \/>\n\t<meta name=\"twitter:data2\" content=\"On backorder\" \/>\n<script type=\"application\/ld+json\" class=\"yoast-schema-graph\">{\"@context\":\"https:\/\/schema.org\",\"@graph\":[{\"@type\":\"WebPage\",\"@id\":\"https:\/\/compuviper.mx\/tienda\/producto\/grandstream-gwn7703-switch-switch-gigabit-no-administrable-24-puertos-10-100-1000-mbps\/\",\"url\":\"https:\/\/compuviper.mx\/tienda\/producto\/grandstream-gwn7703-switch-switch-gigabit-no-administrable-24-puertos-10-100-1000-mbps\/\",\"name\":\"[ Grandstream ] &#129351; Gwn7703 Switch \/ Switch Gigabit No Administrable \/ 24 Puertos 10\/100\/1000 Mbps\",\"isPartOf\":{\"@id\":\"https:\/\/compuviper.mx\/tienda\/#website\"},\"datePublished\":\"2026-04-18T07:14:04+00:00\",\"dateModified\":\"2026-04-18T07:14:05+00:00\",\"description\":\"Compra Gwn7703 Switch \/ Switch Gigabit No Administrable \/ 24 Puertos 10\/100\/1000 Mbps + Env\u00edo a domicilio + Pago seguro + Garant\u00eda\",\"breadcrumb\":{\"@id\":\"https:\/\/compuviper.mx\/tienda\/producto\/grandstream-gwn7703-switch-switch-gigabit-no-administrable-24-puertos-10-100-1000-mbps\/#breadcrumb\"},\"inLanguage\":\"es-MX\",\"potentialAction\":[{\"@type\":\"ReadAction\",\"target\":[\"https:\/\/compuviper.mx\/tienda\/producto\/grandstream-gwn7703-switch-switch-gigabit-no-administrable-24-puertos-10-100-1000-mbps\/\"]}]},{\"@type\":\"BreadcrumbList\",\"@id\":\"https:\/\/compuviper.mx\/tienda\/producto\/grandstream-gwn7703-switch-switch-gigabit-no-administrable-24-puertos-10-100-1000-mbps\/#breadcrumb\",\"itemListElement\":[{\"@type\":\"ListItem\",\"position\":1,\"name\":\"Inicio\",\"item\":\"https:\/\/compuviper.mx\/tienda\/\"},{\"@type\":\"ListItem\",\"position\":2,\"name\":\"Productos\",\"item\":\"https:\/\/compuviper.mx\/tienda\/productos\/\"},{\"@type\":\"ListItem\",\"position\":3,\"name\":\"Redes\",\"item\":\"https:\/\/compuviper.mx\/tienda\/categoria-producto\/redes\/\"},{\"@type\":\"ListItem\",\"position\":4,\"name\":\"Switch\",\"item\":\"https:\/\/compuviper.mx\/tienda\/categoria-producto\/redes\/switch\/\"},{\"@type\":\"ListItem\",\"position\":5,\"name\":\"Grandstream Gwn7703 Switch \/ Switch Gigabit No Administrable \/ 24 Puertos 10\/100\/1000 Mbps\"}]},{\"@type\":\"WebSite\",\"@id\":\"https:\/\/compuviper.mx\/tienda\/#website\",\"url\":\"https:\/\/compuviper.mx\/tienda\/\",\"name\":\"Compuviper\",\"description\":\"Proveedor de Computadoras, Laptops, Servidores, Monitores, Puntos de Venta, Teclados,   Impresoras, T\u00f3ner, C\u00e1maras de Seguridad y m\u00e1s en tu tienda en l\u00ednea\",\"publisher\":{\"@id\":\"https:\/\/compuviper.mx\/tienda\/#organization\"},\"potentialAction\":[{\"@type\":\"SearchAction\",\"target\":{\"@type\":\"EntryPoint\",\"urlTemplate\":\"https:\/\/compuviper.mx\/tienda\/?s={search_term_string}\"},\"query-input\":\"required name=search_term_string\"}],\"inLanguage\":\"es-MX\"},{\"@type\":\"Organization\",\"@id\":\"https:\/\/compuviper.mx\/tienda\/#organization\",\"name\":\"Compuviper\",\"url\":\"https:\/\/compuviper.mx\/tienda\/\",\"logo\":{\"@type\":\"ImageObject\",\"inLanguage\":\"es-MX\",\"@id\":\"https:\/\/compuviper.mx\/tienda\/#\/schema\/logo\/image\/\",\"url\":\"https:\/\/compuviper.mx\/tienda\/wp-content\/uploads\/2021\/08\/Logo-Compuviper-10.png\",\"contentUrl\":\"https:\/\/compuviper.mx\/tienda\/wp-content\/uploads\/2021\/08\/Logo-Compuviper-10.png\",\"width\":1000,\"height\":500,\"caption\":\"Compuviper\"},\"image\":{\"@id\":\"https:\/\/compuviper.mx\/tienda\/#\/schema\/logo\/image\/\"},\"sameAs\":[\"https:\/\/www.facebook.com\/compuviper\",\"https:\/\/www.youtube.com\/channel\/UCf73dERp9Y3cfOq7q8BhLjA?view_as=subscriber\"]}]}<\/script>\n<meta property=\"product:brand\" content=\"GRANDSTREAM\" \/>\n<meta property=\"product:price:amount\" content=\"1375\" \/>\n<meta property=\"product:price:currency\" content=\"MXN\" \/>\n<meta property=\"og:availability\" content=\"backorder\" \/>\n<meta property=\"product:availability\" content=\"available for order\" \/>\n<meta property=\"product:retailer_item_id\" content=\"GWN7703\" \/>\n<meta property=\"product:condition\" content=\"new\" \/>\n<!-- \/ Yoast SEO plugin. -->","yoast_head_json":{"title":"[ Grandstream ] &#129351; Gwn7703 Switch \/ Switch Gigabit No Administrable \/ 24 Puertos 10\/100\/1000 Mbps","description":"Compra Gwn7703 Switch \/ Switch Gigabit No Administrable \/ 24 Puertos 10\/100\/1000 Mbps + Env\u00edo a domicilio + Pago seguro + Garant\u00eda","robots":{"index":"index","follow":"follow","max-snippet":"max-snippet:-1","max-image-preview":"max-image-preview:large","max-video-preview":"max-video-preview:-1"},"canonical":"https:\/\/compuviper.mx\/tienda\/producto\/grandstream-gwn7703-switch-switch-gigabit-no-administrable-24-puertos-10-100-1000-mbps\/","og_locale":"es_MX","og_type":"article","og_title":"[ Grandstream ] &#129351; Gwn7703 Switch \/ Switch Gigabit No Administrable \/ 24 Puertos 10\/100\/1000 Mbps","og_description":"Compra Gwn7703 Switch \/ Switch Gigabit No Administrable \/ 24 Puertos 10\/100\/1000 Mbps + Env\u00edo a domicilio + Pago seguro + Garant\u00eda","og_url":"https:\/\/compuviper.mx\/tienda\/producto\/grandstream-gwn7703-switch-switch-gigabit-no-administrable-24-puertos-10-100-1000-mbps\/","og_site_name":"Compuviper","article_publisher":"https:\/\/www.facebook.com\/compuviper","article_modified_time":"2026-04-18T07:14:05+00:00","og_image":[{"width":200,"height":200,"url":"https:\/\/compuviper.mx\/tienda\/wp-content\/uploads\/2025\/10\/Switch-grandstream-gwn7703-switch-gigabit-no-administrable-24-puertos-101001000-mbps.jpg","type":"image\/jpeg"}],"twitter_card":"summary_large_image","twitter_misc":{"Precio":"&#36;1,375 con IVA","Availability":"On backorder"},"schema":{"@context":"https:\/\/schema.org","@graph":[{"@type":"WebPage","@id":"https:\/\/compuviper.mx\/tienda\/producto\/grandstream-gwn7703-switch-switch-gigabit-no-administrable-24-puertos-10-100-1000-mbps\/","url":"https:\/\/compuviper.mx\/tienda\/producto\/grandstream-gwn7703-switch-switch-gigabit-no-administrable-24-puertos-10-100-1000-mbps\/","name":"[ Grandstream ] &#129351; Gwn7703 Switch \/ Switch Gigabit No Administrable \/ 24 Puertos 10\/100\/1000 Mbps","isPartOf":{"@id":"https:\/\/compuviper.mx\/tienda\/#website"},"datePublished":"2026-04-18T07:14:04+00:00","dateModified":"2026-04-18T07:14:05+00:00","description":"Compra Gwn7703 Switch \/ Switch Gigabit No Administrable \/ 24 Puertos 10\/100\/1000 Mbps + Env\u00edo a domicilio + Pago seguro + Garant\u00eda","breadcrumb":{"@id":"https:\/\/compuviper.mx\/tienda\/producto\/grandstream-gwn7703-switch-switch-gigabit-no-administrable-24-puertos-10-100-1000-mbps\/#breadcrumb"},"inLanguage":"es-MX","potentialAction":[{"@type":"ReadAction","target":["https:\/\/compuviper.mx\/tienda\/producto\/grandstream-gwn7703-switch-switch-gigabit-no-administrable-24-puertos-10-100-1000-mbps\/"]}]},{"@type":"BreadcrumbList","@id":"https:\/\/compuviper.mx\/tienda\/producto\/grandstream-gwn7703-switch-switch-gigabit-no-administrable-24-puertos-10-100-1000-mbps\/#breadcrumb","itemListElement":[{"@type":"ListItem","position":1,"name":"Inicio","item":"https:\/\/compuviper.mx\/tienda\/"},{"@type":"ListItem","position":2,"name":"Productos","item":"https:\/\/compuviper.mx\/tienda\/productos\/"},{"@type":"ListItem","position":3,"name":"Redes","item":"https:\/\/compuviper.mx\/tienda\/categoria-producto\/redes\/"},{"@type":"ListItem","position":4,"name":"Switch","item":"https:\/\/compuviper.mx\/tienda\/categoria-producto\/redes\/switch\/"},{"@type":"ListItem","position":5,"name":"Grandstream Gwn7703 Switch \/ Switch Gigabit No Administrable \/ 24 Puertos 10\/100\/1000 Mbps"}]},{"@type":"WebSite","@id":"https:\/\/compuviper.mx\/tienda\/#website","url":"https:\/\/compuviper.mx\/tienda\/","name":"Compuviper","description":"Proveedor de Computadoras, Laptops, Servidores, Monitores, Puntos de Venta, Teclados,   Impresoras, T\u00f3ner, C\u00e1maras de Seguridad y m\u00e1s en tu tienda en l\u00ednea","publisher":{"@id":"https:\/\/compuviper.mx\/tienda\/#organization"},"potentialAction":[{"@type":"SearchAction","target":{"@type":"EntryPoint","urlTemplate":"https:\/\/compuviper.mx\/tienda\/?s={search_term_string}"},"query-input":"required name=search_term_string"}],"inLanguage":"es-MX"},{"@type":"Organization","@id":"https:\/\/compuviper.mx\/tienda\/#organization","name":"Compuviper","url":"https:\/\/compuviper.mx\/tienda\/","logo":{"@type":"ImageObject","inLanguage":"es-MX","@id":"https:\/\/compuviper.mx\/tienda\/#\/schema\/logo\/image\/","url":"https:\/\/compuviper.mx\/tienda\/wp-content\/uploads\/2021\/08\/Logo-Compuviper-10.png","contentUrl":"https:\/\/compuviper.mx\/tienda\/wp-content\/uploads\/2021\/08\/Logo-Compuviper-10.png","width":1000,"height":500,"caption":"Compuviper"},"image":{"@id":"https:\/\/compuviper.mx\/tienda\/#\/schema\/logo\/image\/"},"sameAs":["https:\/\/www.facebook.com\/compuviper","https:\/\/www.youtube.com\/channel\/UCf73dERp9Y3cfOq7q8BhLjA?view_as=subscriber"]}]},"product_brand":"GRANDSTREAM","product_price_amount":"1375","product_price_currency":"MXN","og_availability":"backorder","product_availability":"available for order","product_retailer_item_id":"GWN7703","product_condition":"new"},"_links":{"self":[{"href":"https:\/\/compuviper.mx\/tienda\/wp-json\/wp\/v2\/product\/244924"}],"collection":[{"href":"https:\/\/compuviper.mx\/tienda\/wp-json\/wp\/v2\/product"}],"about":[{"href":"https:\/\/compuviper.mx\/tienda\/wp-json\/wp\/v2\/types\/product"}],"replies":[{"embeddable":true,"href":"https:\/\/compuviper.mx\/tienda\/wp-json\/wp\/v2\/comments?post=244924"}],"wp:featuredmedia":[{"embeddable":true,"href":"https:\/\/compuviper.mx\/tienda\/wp-json\/wp\/v2\/media\/260097"}],"wp:attachment":[{"href":"https:\/\/compuviper.mx\/tienda\/wp-json\/wp\/v2\/media?parent=244924"}],"wp:term":[{"taxonomy":"product_cat","embeddable":true,"href":"https:\/\/compuviper.mx\/tienda\/wp-json\/wp\/v2\/product_cat?post=244924"},{"taxonomy":"product_tag","embeddable":true,"href":"https:\/\/compuviper.mx\/tienda\/wp-json\/wp\/v2\/product_tag?post=244924"}],"curies":[{"name":"wp","href":"https:\/\/api.w.org\/{rel}","templated":true}]}}