{"id":244923,"date":"2026-04-18T01:14:04","date_gmt":"2026-04-18T07:14:04","guid":{"rendered":"https:\/\/compuviper.mx\/tienda\/producto\/grandstream-gwn7701pa-switch-switch-poe-gigabit-no-administrable-8-puertos-10-100-1000-mbps-8-puertos-poe-hasta-145w\/"},"modified":"2026-04-18T01:14:04","modified_gmt":"2026-04-18T07:14:04","slug":"grandstream-gwn7701pa-switch-switch-poe-gigabit-no-administrable-8-puertos-10-100-1000-mbps-8-puertos-poe-hasta-145w","status":"publish","type":"product","link":"https:\/\/compuviper.mx\/tienda\/producto\/grandstream-gwn7701pa-switch-switch-poe-gigabit-no-administrable-8-puertos-10-100-1000-mbps-8-puertos-poe-hasta-145w\/","title":{"rendered":"Grandstream Gwn7701pa Switch  \/ Switch Poe Gigabit No Administrable \/ 8 Puertos 10\/100\/1000 Mbps \/ 8 Puertos Poe \/ Hasta 145w"},"content":{"rendered":"<table class=\"descripcion\">\n<tr>\n<td>Puertos gigabit: 8<\/td>\n<\/tr>\n<tr>\n<td>Puertos poe: 8<\/td>\n<\/tr>\n<tr>\n<td>Carcasa: metal<\/td>\n<\/tr>\n<tr>\n<td>Montaje: escritorio\/rack<\/td>\n<\/tr>\n<tr>\n<td>Protocolos de red: ieee 802.3i, ieee 802.3u, ieee 802.3ab, ieee 802.3x, ieee 802.1p<\/td>\n<\/tr>\n<tr>\n<td>Est\u00e1ndares poe: ieee 802.3af, ieee 802.3at<\/td>\n<\/tr>\n<tr>\n<td>Funci\u00f3n de puerto: puertos 8\u00d7 10\/100\/1000mbps rj45 auto negociaci\u00f3n auto mdi\/mdix<\/td>\n<\/tr>\n<tr>\n<td>Medios de red: 1000base-t\/100base-tx\/10base-t, medio\/completo-d\u00faplex<\/td>\n<\/tr>\n<tr>\n<td>Configuraci\u00f3n poe: \u00951~8 puertos compatibles con 802.3 \u0095hasta 30 w en cada puerto, total de energ\u00eda estimada de 145w \u0095sobrecarga para cortar el puerto de menor prioridad. \u0095prioridad: puerto 8 a puerto 1<\/td>\n<\/tr>\n<tr>\n<td>Indicadores led: por puerto: enlace\/actividad verde por puerto: salida poe &#8211; amarillo por dispositivo: encendido verde<\/td>\n<\/tr>\n<tr>\n<td>Tabla de direcciones mac: 8k<\/td>\n<\/tr>\n<tr>\n<td>Capacidad de switching: 16gbps<\/td>\n<\/tr>\n<tr>\n<td>Marco jumbo: 9kb<\/td>\n<\/tr>\n<tr>\n<td>Funciones avanzadas: autoaprendizaje y aging autom\u00e1tico de direcciones mac control de flujo 802.3x ieee q0s 802.1 p\/dscp qos funci\u00f3n de limpieza de base de datos de reenv\u00edo igmp: \u0095fast leave igmp \u0095igmp snoop \u0095aprendizaje autom\u00e1tico del puerto del router \u0095actualizaci\u00f3n de b\u00fasqueda de miembros del puerto<\/td>\n<\/tr>\n<tr>\n<td>Adaptador de corriente: interno 100-240v ac, 50\/60hz,150w<\/td>\n<\/tr>\n<tr>\n<td>Consumo m\u00e1ximo de energ\u00eda por sistema base: 6.7w @220v\/50hz (sin incluir la potencia de salida poe)<\/td>\n<\/tr>\n<tr>\n<td>Condiciones ambientales: temperatura de funcionamiento: 0 a 40 \u00b0c (32 a 104 \u00b0f) temperatura de almacenamiento: -40 a 60 \u00b0c (-4 a 140 \u00b0f) humedad de funcionamiento: 10% a 90% sin condensaci\u00f3n humedad de almacenamiento: 10% a 90% sin condensaci\u00f3n<\/td>\n<\/tr>\n<tr>\n<td>Dimensiones: unidad: unidad: 280 x 180 x 44mm paquete: 366 x 211 x 53mm<\/td>\n<\/tr>\n<tr>\n<td>Peso: unidad: unidad: unidad: 1.5kg paquete completo: 2.1kg<\/td>\n<\/tr>\n<tr>\n<td>Contenido del paquete: 1x switch, 1x cable de 1.2m ac rack de montaje soportes est\u00e1ndar, 4x pies de goma, 1x gu\u00eda de instalaci\u00f3n r\u00e1pida<\/td>\n<\/tr>\n<tr>\n<td>Cumplimiento: fcc, ce, rcm, ic, ukca<\/td>\n<\/tr>\n<\/table>\n","protected":false},"excerpt":{"rendered":"<p>La serie gwn7700 son switches de red no administrables que brindan una forma r\u00e1pida y rentable de agregar. Conectividad gigabit de alta velocidad a oficinas en casa, as\u00ed como peque\u00f1as y medianas empresas. No requiere. Configuraci\u00f3n ni instalaci\u00f3n, ofrece montaje para escritorio y montaje en pared. Proporciona mdi\/mdix autom\u00e1tico. Para eliminar la necesidad de cables cruzados. Cada puerto posibilita la negociaci\u00f3n autom\u00e1tica para permitir que. La serie gwn7700 reconozca la velocidad de enlace de cualquier dispositivo de red de 10\/100\/1000 mbps y ajuste. De forma inteligente la compatibilidad y \u00f3ptimo rendimiento. Los modelos poe (power-over-ethernet) proporcionan. Puertos con salida poe din\u00e1mica inteligente compatible con ieee 802.3af\/at para energizar tel\u00e9fonos ip, c\u00e1maras ip. Puntos de acceso wi-fi y otros dispositivos poe. La serie gwn7700 son switches de red no administrables ideales para. Oficinas en casa, as\u00ed como peque\u00f1as y medianas empresas.<\/p>\n","protected":false},"featured_media":260096,"comment_status":"open","ping_status":"open","template":"","meta":[],"product_cat":[1563,1564],"product_tag":[1576],"acf":[],"yoast_head":"<!-- This site is optimized with the Yoast SEO plugin v21.7 - https:\/\/yoast.com\/wordpress\/plugins\/seo\/ -->\n<title>[ Grandstream ] &#129351; Gwn7701pa Switch \/ Switch Poe Gigabit No Administrable \/ 8 Puertos 10\/100\/1000 Mbps \/ 8 Puertos Poe \/ Hasta 145w<\/title>\n<meta name=\"description\" content=\"Compra Gwn7701pa Switch \/ Switch Poe Gigabit No Administrable \/ 8 Puertos 10\/100\/1000 Mbps \/ 8 Puertos Poe \/ Hasta 145w + Env\u00edo a domicilio + Pago seguro + Garant\u00eda\" \/>\n<meta name=\"robots\" content=\"index, follow, max-snippet:-1, max-image-preview:large, max-video-preview:-1\" \/>\n<link rel=\"canonical\" href=\"https:\/\/compuviper.mx\/tienda\/producto\/grandstream-gwn7701pa-switch-switch-poe-gigabit-no-administrable-8-puertos-10-100-1000-mbps-8-puertos-poe-hasta-145w\/\" \/>\n<meta property=\"og:locale\" content=\"es_MX\" \/>\n<meta property=\"og:type\" content=\"article\" \/>\n<meta property=\"og:title\" content=\"[ Grandstream ] &#129351; Gwn7701pa Switch \/ Switch Poe Gigabit No Administrable \/ 8 Puertos 10\/100\/1000 Mbps \/ 8 Puertos Poe \/ Hasta 145w\" \/>\n<meta property=\"og:description\" content=\"Compra Gwn7701pa Switch \/ Switch Poe Gigabit No Administrable \/ 8 Puertos 10\/100\/1000 Mbps \/ 8 Puertos Poe \/ Hasta 145w + Env\u00edo a domicilio + Pago seguro + Garant\u00eda\" \/>\n<meta property=\"og:url\" content=\"https:\/\/compuviper.mx\/tienda\/producto\/grandstream-gwn7701pa-switch-switch-poe-gigabit-no-administrable-8-puertos-10-100-1000-mbps-8-puertos-poe-hasta-145w\/\" \/>\n<meta property=\"og:site_name\" content=\"Compuviper\" \/>\n<meta property=\"article:publisher\" content=\"https:\/\/www.facebook.com\/compuviper\" \/>\n<meta property=\"og:image\" content=\"https:\/\/compuviper.mx\/tienda\/wp-content\/uploads\/2025\/10\/Switch-grandstream-gwn7701pa-switch-poe-gigabit-no-administrable-8-puertos-101001000-mbps-8-puertos-poe-hasta-145w.jpg\" \/>\n\t<meta property=\"og:image:width\" content=\"200\" \/>\n\t<meta property=\"og:image:height\" content=\"200\" \/>\n\t<meta property=\"og:image:type\" content=\"image\/jpeg\" \/>\n<meta name=\"twitter:card\" content=\"summary_large_image\" \/>\n<meta name=\"twitter:label1\" content=\"Precio\" \/>\n\t<meta name=\"twitter:data1\" content=\"&#36;1,441 con IVA\" \/>\n\t<meta name=\"twitter:label2\" content=\"Availability\" \/>\n\t<meta name=\"twitter:data2\" content=\"On backorder\" \/>\n<script type=\"application\/ld+json\" class=\"yoast-schema-graph\">{\"@context\":\"https:\/\/schema.org\",\"@graph\":[{\"@type\":\"WebPage\",\"@id\":\"https:\/\/compuviper.mx\/tienda\/producto\/grandstream-gwn7701pa-switch-switch-poe-gigabit-no-administrable-8-puertos-10-100-1000-mbps-8-puertos-poe-hasta-145w\/\",\"url\":\"https:\/\/compuviper.mx\/tienda\/producto\/grandstream-gwn7701pa-switch-switch-poe-gigabit-no-administrable-8-puertos-10-100-1000-mbps-8-puertos-poe-hasta-145w\/\",\"name\":\"[ Grandstream ] &#129351; Gwn7701pa Switch \/ Switch Poe Gigabit No Administrable \/ 8 Puertos 10\/100\/1000 Mbps \/ 8 Puertos Poe \/ Hasta 145w\",\"isPartOf\":{\"@id\":\"https:\/\/compuviper.mx\/tienda\/#website\"},\"datePublished\":\"2026-04-18T07:14:04+00:00\",\"dateModified\":\"2026-04-18T07:14:04+00:00\",\"description\":\"Compra Gwn7701pa Switch \/ Switch Poe Gigabit No Administrable \/ 8 Puertos 10\/100\/1000 Mbps \/ 8 Puertos Poe \/ Hasta 145w + Env\u00edo a domicilio + Pago seguro + Garant\u00eda\",\"breadcrumb\":{\"@id\":\"https:\/\/compuviper.mx\/tienda\/producto\/grandstream-gwn7701pa-switch-switch-poe-gigabit-no-administrable-8-puertos-10-100-1000-mbps-8-puertos-poe-hasta-145w\/#breadcrumb\"},\"inLanguage\":\"es-MX\",\"potentialAction\":[{\"@type\":\"ReadAction\",\"target\":[\"https:\/\/compuviper.mx\/tienda\/producto\/grandstream-gwn7701pa-switch-switch-poe-gigabit-no-administrable-8-puertos-10-100-1000-mbps-8-puertos-poe-hasta-145w\/\"]}]},{\"@type\":\"BreadcrumbList\",\"@id\":\"https:\/\/compuviper.mx\/tienda\/producto\/grandstream-gwn7701pa-switch-switch-poe-gigabit-no-administrable-8-puertos-10-100-1000-mbps-8-puertos-poe-hasta-145w\/#breadcrumb\",\"itemListElement\":[{\"@type\":\"ListItem\",\"position\":1,\"name\":\"Inicio\",\"item\":\"https:\/\/compuviper.mx\/tienda\/\"},{\"@type\":\"ListItem\",\"position\":2,\"name\":\"Productos\",\"item\":\"https:\/\/compuviper.mx\/tienda\/productos\/\"},{\"@type\":\"ListItem\",\"position\":3,\"name\":\"Redes\",\"item\":\"https:\/\/compuviper.mx\/tienda\/categoria-producto\/redes\/\"},{\"@type\":\"ListItem\",\"position\":4,\"name\":\"Switch\",\"item\":\"https:\/\/compuviper.mx\/tienda\/categoria-producto\/redes\/switch\/\"},{\"@type\":\"ListItem\",\"position\":5,\"name\":\"Grandstream Gwn7701pa Switch \/ Switch Poe Gigabit No Administrable \/ 8 Puertos 10\/100\/1000 Mbps \/ 8 Puertos Poe \/ Hasta 145w\"}]},{\"@type\":\"WebSite\",\"@id\":\"https:\/\/compuviper.mx\/tienda\/#website\",\"url\":\"https:\/\/compuviper.mx\/tienda\/\",\"name\":\"Compuviper\",\"description\":\"Proveedor de Computadoras, Laptops, Servidores, Monitores, Puntos de Venta, Teclados,   Impresoras, T\u00f3ner, C\u00e1maras de Seguridad y m\u00e1s en tu tienda en l\u00ednea\",\"publisher\":{\"@id\":\"https:\/\/compuviper.mx\/tienda\/#organization\"},\"potentialAction\":[{\"@type\":\"SearchAction\",\"target\":{\"@type\":\"EntryPoint\",\"urlTemplate\":\"https:\/\/compuviper.mx\/tienda\/?s={search_term_string}\"},\"query-input\":\"required name=search_term_string\"}],\"inLanguage\":\"es-MX\"},{\"@type\":\"Organization\",\"@id\":\"https:\/\/compuviper.mx\/tienda\/#organization\",\"name\":\"Compuviper\",\"url\":\"https:\/\/compuviper.mx\/tienda\/\",\"logo\":{\"@type\":\"ImageObject\",\"inLanguage\":\"es-MX\",\"@id\":\"https:\/\/compuviper.mx\/tienda\/#\/schema\/logo\/image\/\",\"url\":\"https:\/\/compuviper.mx\/tienda\/wp-content\/uploads\/2021\/08\/Logo-Compuviper-10.png\",\"contentUrl\":\"https:\/\/compuviper.mx\/tienda\/wp-content\/uploads\/2021\/08\/Logo-Compuviper-10.png\",\"width\":1000,\"height\":500,\"caption\":\"Compuviper\"},\"image\":{\"@id\":\"https:\/\/compuviper.mx\/tienda\/#\/schema\/logo\/image\/\"},\"sameAs\":[\"https:\/\/www.facebook.com\/compuviper\",\"https:\/\/www.youtube.com\/channel\/UCf73dERp9Y3cfOq7q8BhLjA?view_as=subscriber\"]}]}<\/script>\n<meta property=\"product:brand\" content=\"GRANDSTREAM\" \/>\n<meta property=\"product:price:amount\" content=\"1441\" \/>\n<meta property=\"product:price:currency\" content=\"MXN\" \/>\n<meta property=\"og:availability\" content=\"backorder\" \/>\n<meta property=\"product:availability\" content=\"available for order\" \/>\n<meta property=\"product:retailer_item_id\" content=\"GWN7701PA\" \/>\n<meta property=\"product:condition\" content=\"new\" \/>\n<!-- \/ Yoast SEO plugin. -->","yoast_head_json":{"title":"[ Grandstream ] &#129351; Gwn7701pa Switch \/ Switch Poe Gigabit No Administrable \/ 8 Puertos 10\/100\/1000 Mbps \/ 8 Puertos Poe \/ Hasta 145w","description":"Compra Gwn7701pa Switch \/ Switch Poe Gigabit No Administrable \/ 8 Puertos 10\/100\/1000 Mbps \/ 8 Puertos Poe \/ Hasta 145w + Env\u00edo a domicilio + Pago seguro + Garant\u00eda","robots":{"index":"index","follow":"follow","max-snippet":"max-snippet:-1","max-image-preview":"max-image-preview:large","max-video-preview":"max-video-preview:-1"},"canonical":"https:\/\/compuviper.mx\/tienda\/producto\/grandstream-gwn7701pa-switch-switch-poe-gigabit-no-administrable-8-puertos-10-100-1000-mbps-8-puertos-poe-hasta-145w\/","og_locale":"es_MX","og_type":"article","og_title":"[ Grandstream ] &#129351; Gwn7701pa Switch \/ Switch Poe Gigabit No Administrable \/ 8 Puertos 10\/100\/1000 Mbps \/ 8 Puertos Poe \/ Hasta 145w","og_description":"Compra Gwn7701pa Switch \/ Switch Poe Gigabit No Administrable \/ 8 Puertos 10\/100\/1000 Mbps \/ 8 Puertos Poe \/ Hasta 145w + Env\u00edo a domicilio + Pago seguro + Garant\u00eda","og_url":"https:\/\/compuviper.mx\/tienda\/producto\/grandstream-gwn7701pa-switch-switch-poe-gigabit-no-administrable-8-puertos-10-100-1000-mbps-8-puertos-poe-hasta-145w\/","og_site_name":"Compuviper","article_publisher":"https:\/\/www.facebook.com\/compuviper","og_image":[{"width":200,"height":200,"url":"https:\/\/compuviper.mx\/tienda\/wp-content\/uploads\/2025\/10\/Switch-grandstream-gwn7701pa-switch-poe-gigabit-no-administrable-8-puertos-101001000-mbps-8-puertos-poe-hasta-145w.jpg","type":"image\/jpeg"}],"twitter_card":"summary_large_image","twitter_misc":{"Precio":"&#36;1,441 con IVA","Availability":"On backorder"},"schema":{"@context":"https:\/\/schema.org","@graph":[{"@type":"WebPage","@id":"https:\/\/compuviper.mx\/tienda\/producto\/grandstream-gwn7701pa-switch-switch-poe-gigabit-no-administrable-8-puertos-10-100-1000-mbps-8-puertos-poe-hasta-145w\/","url":"https:\/\/compuviper.mx\/tienda\/producto\/grandstream-gwn7701pa-switch-switch-poe-gigabit-no-administrable-8-puertos-10-100-1000-mbps-8-puertos-poe-hasta-145w\/","name":"[ Grandstream ] &#129351; Gwn7701pa Switch \/ Switch Poe Gigabit No Administrable \/ 8 Puertos 10\/100\/1000 Mbps \/ 8 Puertos Poe \/ Hasta 145w","isPartOf":{"@id":"https:\/\/compuviper.mx\/tienda\/#website"},"datePublished":"2026-04-18T07:14:04+00:00","dateModified":"2026-04-18T07:14:04+00:00","description":"Compra Gwn7701pa Switch \/ Switch Poe Gigabit No Administrable \/ 8 Puertos 10\/100\/1000 Mbps \/ 8 Puertos Poe \/ Hasta 145w + Env\u00edo a domicilio + Pago seguro + Garant\u00eda","breadcrumb":{"@id":"https:\/\/compuviper.mx\/tienda\/producto\/grandstream-gwn7701pa-switch-switch-poe-gigabit-no-administrable-8-puertos-10-100-1000-mbps-8-puertos-poe-hasta-145w\/#breadcrumb"},"inLanguage":"es-MX","potentialAction":[{"@type":"ReadAction","target":["https:\/\/compuviper.mx\/tienda\/producto\/grandstream-gwn7701pa-switch-switch-poe-gigabit-no-administrable-8-puertos-10-100-1000-mbps-8-puertos-poe-hasta-145w\/"]}]},{"@type":"BreadcrumbList","@id":"https:\/\/compuviper.mx\/tienda\/producto\/grandstream-gwn7701pa-switch-switch-poe-gigabit-no-administrable-8-puertos-10-100-1000-mbps-8-puertos-poe-hasta-145w\/#breadcrumb","itemListElement":[{"@type":"ListItem","position":1,"name":"Inicio","item":"https:\/\/compuviper.mx\/tienda\/"},{"@type":"ListItem","position":2,"name":"Productos","item":"https:\/\/compuviper.mx\/tienda\/productos\/"},{"@type":"ListItem","position":3,"name":"Redes","item":"https:\/\/compuviper.mx\/tienda\/categoria-producto\/redes\/"},{"@type":"ListItem","position":4,"name":"Switch","item":"https:\/\/compuviper.mx\/tienda\/categoria-producto\/redes\/switch\/"},{"@type":"ListItem","position":5,"name":"Grandstream Gwn7701pa Switch \/ Switch Poe Gigabit No Administrable \/ 8 Puertos 10\/100\/1000 Mbps \/ 8 Puertos Poe \/ Hasta 145w"}]},{"@type":"WebSite","@id":"https:\/\/compuviper.mx\/tienda\/#website","url":"https:\/\/compuviper.mx\/tienda\/","name":"Compuviper","description":"Proveedor de Computadoras, Laptops, Servidores, Monitores, Puntos de Venta, Teclados,   Impresoras, T\u00f3ner, C\u00e1maras de Seguridad y m\u00e1s en tu tienda en l\u00ednea","publisher":{"@id":"https:\/\/compuviper.mx\/tienda\/#organization"},"potentialAction":[{"@type":"SearchAction","target":{"@type":"EntryPoint","urlTemplate":"https:\/\/compuviper.mx\/tienda\/?s={search_term_string}"},"query-input":"required name=search_term_string"}],"inLanguage":"es-MX"},{"@type":"Organization","@id":"https:\/\/compuviper.mx\/tienda\/#organization","name":"Compuviper","url":"https:\/\/compuviper.mx\/tienda\/","logo":{"@type":"ImageObject","inLanguage":"es-MX","@id":"https:\/\/compuviper.mx\/tienda\/#\/schema\/logo\/image\/","url":"https:\/\/compuviper.mx\/tienda\/wp-content\/uploads\/2021\/08\/Logo-Compuviper-10.png","contentUrl":"https:\/\/compuviper.mx\/tienda\/wp-content\/uploads\/2021\/08\/Logo-Compuviper-10.png","width":1000,"height":500,"caption":"Compuviper"},"image":{"@id":"https:\/\/compuviper.mx\/tienda\/#\/schema\/logo\/image\/"},"sameAs":["https:\/\/www.facebook.com\/compuviper","https:\/\/www.youtube.com\/channel\/UCf73dERp9Y3cfOq7q8BhLjA?view_as=subscriber"]}]},"product_brand":"GRANDSTREAM","product_price_amount":"1441","product_price_currency":"MXN","og_availability":"backorder","product_availability":"available for order","product_retailer_item_id":"GWN7701PA","product_condition":"new"},"_links":{"self":[{"href":"https:\/\/compuviper.mx\/tienda\/wp-json\/wp\/v2\/product\/244923"}],"collection":[{"href":"https:\/\/compuviper.mx\/tienda\/wp-json\/wp\/v2\/product"}],"about":[{"href":"https:\/\/compuviper.mx\/tienda\/wp-json\/wp\/v2\/types\/product"}],"replies":[{"embeddable":true,"href":"https:\/\/compuviper.mx\/tienda\/wp-json\/wp\/v2\/comments?post=244923"}],"wp:featuredmedia":[{"embeddable":true,"href":"https:\/\/compuviper.mx\/tienda\/wp-json\/wp\/v2\/media\/260096"}],"wp:attachment":[{"href":"https:\/\/compuviper.mx\/tienda\/wp-json\/wp\/v2\/media?parent=244923"}],"wp:term":[{"taxonomy":"product_cat","embeddable":true,"href":"https:\/\/compuviper.mx\/tienda\/wp-json\/wp\/v2\/product_cat?post=244923"},{"taxonomy":"product_tag","embeddable":true,"href":"https:\/\/compuviper.mx\/tienda\/wp-json\/wp\/v2\/product_tag?post=244923"}],"curies":[{"name":"wp","href":"https:\/\/api.w.org\/{rel}","templated":true}]}}