{"id":244918,"date":"2026-04-21T00:57:28","date_gmt":"2026-04-21T06:57:28","guid":{"rendered":"https:\/\/compuviper.mx\/tienda\/producto\/ghia-mg2424-monitor-23-8-pulg-led-ips-full-hd-1920-x-1080-frameless-100-hz-vga-hdmi-bocinas-integradas\/"},"modified":"2026-04-21T00:57:29","modified_gmt":"2026-04-21T06:57:29","slug":"ghia-mg2424-monitor-23-8-pulg-led-ips-full-hd-1920-x-1080-frameless-100-hz-vga-hdmi-bocinas-integradas","status":"publish","type":"product","link":"https:\/\/compuviper.mx\/tienda\/producto\/ghia-mg2424-monitor-23-8-pulg-led-ips-full-hd-1920-x-1080-frameless-100-hz-vga-hdmi-bocinas-integradas\/","title":{"rendered":"Ghia Mg2424 Monitor  \/ 23.8 Pulg \/ Led \/ Ips \/ Full Hd 1920 X 1080 \/ Frameless \/ 100 Hz \/ Vga \/ Hdmi \/ Bocinas Integradas"},"content":{"rendered":"<table class=\"descripcion\">\n<tr>\n<td>Tipo de pantalla: led ips \/\/<\/td>\n<\/tr>\n<tr>\n<td>Pantalla visible 23.8 60.45 cm \/\/<\/td>\n<\/tr>\n<tr>\n<td>Recubrimiento anti reflejante \/\/<\/td>\n<\/tr>\n<tr>\n<td>Relacin de aspecto: 16:9 \/\/<\/td>\n<\/tr>\n<tr>\n<td>Resolucion maxima: 1920 x 1080<\/td>\n<\/tr>\n<tr>\n<td>Frecuencia hdmi: 100 hz \/\/<\/td>\n<\/tr>\n<tr>\n<td>Frecuencia vga: 60 hz \/\/<\/td>\n<\/tr>\n<tr>\n<td>Color: 16.7 millones de colores \/\/<\/td>\n<\/tr>\n<tr>\n<td>Contraste: 1000:1\/ 1 000 000:1dcr \/\/<\/td>\n<\/tr>\n<tr>\n<td>Brillo: 250 cd\/m2 \/\/<\/td>\n<\/tr>\n<tr>\n<td>Tiempo de respuesta: 4 ms \/\/<\/td>\n<\/tr>\n<tr>\n<td>Angulo de vision: h:178 v:178 \/\/<\/td>\n<\/tr>\n<tr>\n<td>Angulo de inclunacion:5\u00b0~15\u00b0 \/\/<\/td>\n<\/tr>\n<tr>\n<td>Entrada de seal: vga \/ hdmi \/\/<\/td>\n<\/tr>\n<tr>\n<td>Alimentacin:<\/td>\n<\/tr>\n<tr>\n<td>Entrada: 100-240v ca, 50-60 hz \/\/<\/td>\n<\/tr>\n<tr>\n<td>Salida: 12v cc 2.5a<\/td>\n<\/tr>\n<tr>\n<td>Soporte adicional opcional: vesa 75 x 75 mm \/\/<\/td>\n<\/tr>\n<tr>\n<td>Incluye solo cable hdmi \/\/<\/td>\n<\/tr>\n<tr>\n<td>Garantia de 3 a\u00f1os<\/td>\n<\/tr>\n<\/table>\n","protected":false},"excerpt":{"rendered":"<p>Obtn la mejor calidad de imagen al mejor precio solo con ghia, para hogar y negocio la mejor opcion.<\/p>\n","protected":false},"featured_media":259843,"comment_status":"open","ping_status":"open","template":"","meta":[],"product_cat":[1740,1741],"product_tag":[1548],"acf":[],"yoast_head":"<!-- This site is optimized with the Yoast SEO plugin v21.7 - https:\/\/yoast.com\/wordpress\/plugins\/seo\/ -->\n<title>[ Ghia ] &#129351; Mg2424 Monitor \/ 23.8 Pulg \/ Led \/ Ips \/ Full Hd 1920 X 1080 \/ Frameless \/ 100 Hz \/ Vga \/ Hdmi \/ Bocinas Integradas<\/title>\n<meta name=\"description\" content=\"Compra Mg2424 Monitor \/ 23.8 Pulg \/ Led \/ Ips \/ Full Hd 1920 X 1080 \/ Frameless \/ 100 Hz \/ Vga \/ Hdmi \/ Bocinas Integradas + Env\u00edo a domicilio + Pago seguro + Garant\u00eda\" \/>\n<meta name=\"robots\" content=\"index, follow, max-snippet:-1, max-image-preview:large, max-video-preview:-1\" \/>\n<link rel=\"canonical\" href=\"https:\/\/compuviper.mx\/tienda\/producto\/ghia-mg2424-monitor-23-8-pulg-led-ips-full-hd-1920-x-1080-frameless-100-hz-vga-hdmi-bocinas-integradas\/\" \/>\n<meta property=\"og:locale\" content=\"es_MX\" \/>\n<meta property=\"og:type\" content=\"article\" \/>\n<meta property=\"og:title\" content=\"[ Ghia ] &#129351; Mg2424 Monitor \/ 23.8 Pulg \/ Led \/ Ips \/ Full Hd 1920 X 1080 \/ Frameless \/ 100 Hz \/ Vga \/ Hdmi \/ Bocinas Integradas\" \/>\n<meta property=\"og:description\" content=\"Compra Mg2424 Monitor \/ 23.8 Pulg \/ Led \/ Ips \/ Full Hd 1920 X 1080 \/ Frameless \/ 100 Hz \/ Vga \/ Hdmi \/ Bocinas Integradas + Env\u00edo a domicilio + Pago seguro + Garant\u00eda\" \/>\n<meta property=\"og:url\" content=\"https:\/\/compuviper.mx\/tienda\/producto\/ghia-mg2424-monitor-23-8-pulg-led-ips-full-hd-1920-x-1080-frameless-100-hz-vga-hdmi-bocinas-integradas\/\" \/>\n<meta property=\"og:site_name\" content=\"Compuviper\" \/>\n<meta property=\"article:publisher\" content=\"https:\/\/www.facebook.com\/compuviper\" \/>\n<meta property=\"article:modified_time\" content=\"2026-04-21T06:57:29+00:00\" \/>\n<meta property=\"og:image\" content=\"https:\/\/compuviper.mx\/tienda\/wp-content\/uploads\/2025\/10\/Monitor-ghia-23.8-pulg-led-ips-full-hd-1920-x-1080-frameless-100-hz-vga-hdmi-bocinas-integradas.jpg\" \/>\n\t<meta property=\"og:image:width\" content=\"200\" \/>\n\t<meta property=\"og:image:height\" content=\"200\" \/>\n\t<meta property=\"og:image:type\" content=\"image\/jpeg\" \/>\n<meta name=\"twitter:card\" content=\"summary_large_image\" \/>\n<meta name=\"twitter:label1\" content=\"Precio\" \/>\n\t<meta name=\"twitter:data1\" content=\"&#36;1,289 con IVA\" \/>\n\t<meta name=\"twitter:label2\" content=\"Availability\" \/>\n\t<meta name=\"twitter:data2\" content=\"In stock\" \/>\n<script type=\"application\/ld+json\" class=\"yoast-schema-graph\">{\"@context\":\"https:\/\/schema.org\",\"@graph\":[{\"@type\":\"WebPage\",\"@id\":\"https:\/\/compuviper.mx\/tienda\/producto\/ghia-mg2424-monitor-23-8-pulg-led-ips-full-hd-1920-x-1080-frameless-100-hz-vga-hdmi-bocinas-integradas\/\",\"url\":\"https:\/\/compuviper.mx\/tienda\/producto\/ghia-mg2424-monitor-23-8-pulg-led-ips-full-hd-1920-x-1080-frameless-100-hz-vga-hdmi-bocinas-integradas\/\",\"name\":\"[ Ghia ] &#129351; Mg2424 Monitor \/ 23.8 Pulg \/ Led \/ Ips \/ Full Hd 1920 X 1080 \/ Frameless \/ 100 Hz \/ Vga \/ Hdmi \/ Bocinas Integradas\",\"isPartOf\":{\"@id\":\"https:\/\/compuviper.mx\/tienda\/#website\"},\"datePublished\":\"2026-04-21T06:57:28+00:00\",\"dateModified\":\"2026-04-21T06:57:29+00:00\",\"description\":\"Compra Mg2424 Monitor \/ 23.8 Pulg \/ Led \/ Ips \/ Full Hd 1920 X 1080 \/ Frameless \/ 100 Hz \/ Vga \/ Hdmi \/ Bocinas Integradas + Env\u00edo a domicilio + Pago seguro + Garant\u00eda\",\"breadcrumb\":{\"@id\":\"https:\/\/compuviper.mx\/tienda\/producto\/ghia-mg2424-monitor-23-8-pulg-led-ips-full-hd-1920-x-1080-frameless-100-hz-vga-hdmi-bocinas-integradas\/#breadcrumb\"},\"inLanguage\":\"es-MX\",\"potentialAction\":[{\"@type\":\"ReadAction\",\"target\":[\"https:\/\/compuviper.mx\/tienda\/producto\/ghia-mg2424-monitor-23-8-pulg-led-ips-full-hd-1920-x-1080-frameless-100-hz-vga-hdmi-bocinas-integradas\/\"]}]},{\"@type\":\"BreadcrumbList\",\"@id\":\"https:\/\/compuviper.mx\/tienda\/producto\/ghia-mg2424-monitor-23-8-pulg-led-ips-full-hd-1920-x-1080-frameless-100-hz-vga-hdmi-bocinas-integradas\/#breadcrumb\",\"itemListElement\":[{\"@type\":\"ListItem\",\"position\":1,\"name\":\"Inicio\",\"item\":\"https:\/\/compuviper.mx\/tienda\/\"},{\"@type\":\"ListItem\",\"position\":2,\"name\":\"Productos\",\"item\":\"https:\/\/compuviper.mx\/tienda\/productos\/\"},{\"@type\":\"ListItem\",\"position\":3,\"name\":\"Monitores\",\"item\":\"https:\/\/compuviper.mx\/tienda\/categoria-producto\/monitores\/\"},{\"@type\":\"ListItem\",\"position\":4,\"name\":\"Led\",\"item\":\"https:\/\/compuviper.mx\/tienda\/categoria-producto\/monitores\/led\/\"},{\"@type\":\"ListItem\",\"position\":5,\"name\":\"Ghia Mg2424 Monitor \/ 23.8 Pulg \/ Led \/ Ips \/ Full Hd 1920 X 1080 \/ Frameless \/ 100 Hz \/ Vga \/ Hdmi \/ Bocinas Integradas\"}]},{\"@type\":\"WebSite\",\"@id\":\"https:\/\/compuviper.mx\/tienda\/#website\",\"url\":\"https:\/\/compuviper.mx\/tienda\/\",\"name\":\"Compuviper\",\"description\":\"Proveedor de Computadoras, Laptops, Servidores, Monitores, Puntos de Venta, Teclados,   Impresoras, T\u00f3ner, C\u00e1maras de Seguridad y m\u00e1s en tu tienda en l\u00ednea\",\"publisher\":{\"@id\":\"https:\/\/compuviper.mx\/tienda\/#organization\"},\"potentialAction\":[{\"@type\":\"SearchAction\",\"target\":{\"@type\":\"EntryPoint\",\"urlTemplate\":\"https:\/\/compuviper.mx\/tienda\/?s={search_term_string}\"},\"query-input\":\"required name=search_term_string\"}],\"inLanguage\":\"es-MX\"},{\"@type\":\"Organization\",\"@id\":\"https:\/\/compuviper.mx\/tienda\/#organization\",\"name\":\"Compuviper\",\"url\":\"https:\/\/compuviper.mx\/tienda\/\",\"logo\":{\"@type\":\"ImageObject\",\"inLanguage\":\"es-MX\",\"@id\":\"https:\/\/compuviper.mx\/tienda\/#\/schema\/logo\/image\/\",\"url\":\"https:\/\/compuviper.mx\/tienda\/wp-content\/uploads\/2021\/08\/Logo-Compuviper-10.png\",\"contentUrl\":\"https:\/\/compuviper.mx\/tienda\/wp-content\/uploads\/2021\/08\/Logo-Compuviper-10.png\",\"width\":1000,\"height\":500,\"caption\":\"Compuviper\"},\"image\":{\"@id\":\"https:\/\/compuviper.mx\/tienda\/#\/schema\/logo\/image\/\"},\"sameAs\":[\"https:\/\/www.facebook.com\/compuviper\",\"https:\/\/www.youtube.com\/channel\/UCf73dERp9Y3cfOq7q8BhLjA?view_as=subscriber\"]}]}<\/script>\n<meta property=\"product:brand\" content=\"GHIA\" \/>\n<meta property=\"product:price:amount\" content=\"1289\" \/>\n<meta property=\"product:price:currency\" content=\"MXN\" \/>\n<meta property=\"og:availability\" content=\"instock\" \/>\n<meta property=\"product:availability\" content=\"instock\" \/>\n<meta property=\"product:retailer_item_id\" content=\"MG2424\" \/>\n<meta property=\"product:condition\" content=\"new\" \/>\n<!-- \/ Yoast SEO plugin. -->","yoast_head_json":{"title":"[ Ghia ] &#129351; Mg2424 Monitor \/ 23.8 Pulg \/ Led \/ Ips \/ Full Hd 1920 X 1080 \/ Frameless \/ 100 Hz \/ Vga \/ Hdmi \/ Bocinas Integradas","description":"Compra Mg2424 Monitor \/ 23.8 Pulg \/ Led \/ Ips \/ Full Hd 1920 X 1080 \/ Frameless \/ 100 Hz \/ Vga \/ Hdmi \/ Bocinas Integradas + Env\u00edo a domicilio + Pago seguro + Garant\u00eda","robots":{"index":"index","follow":"follow","max-snippet":"max-snippet:-1","max-image-preview":"max-image-preview:large","max-video-preview":"max-video-preview:-1"},"canonical":"https:\/\/compuviper.mx\/tienda\/producto\/ghia-mg2424-monitor-23-8-pulg-led-ips-full-hd-1920-x-1080-frameless-100-hz-vga-hdmi-bocinas-integradas\/","og_locale":"es_MX","og_type":"article","og_title":"[ Ghia ] &#129351; Mg2424 Monitor \/ 23.8 Pulg \/ Led \/ Ips \/ Full Hd 1920 X 1080 \/ Frameless \/ 100 Hz \/ Vga \/ Hdmi \/ Bocinas Integradas","og_description":"Compra Mg2424 Monitor \/ 23.8 Pulg \/ Led \/ Ips \/ Full Hd 1920 X 1080 \/ Frameless \/ 100 Hz \/ Vga \/ Hdmi \/ Bocinas Integradas + Env\u00edo a domicilio + Pago seguro + Garant\u00eda","og_url":"https:\/\/compuviper.mx\/tienda\/producto\/ghia-mg2424-monitor-23-8-pulg-led-ips-full-hd-1920-x-1080-frameless-100-hz-vga-hdmi-bocinas-integradas\/","og_site_name":"Compuviper","article_publisher":"https:\/\/www.facebook.com\/compuviper","article_modified_time":"2026-04-21T06:57:29+00:00","og_image":[{"width":200,"height":200,"url":"https:\/\/compuviper.mx\/tienda\/wp-content\/uploads\/2025\/10\/Monitor-ghia-23.8-pulg-led-ips-full-hd-1920-x-1080-frameless-100-hz-vga-hdmi-bocinas-integradas.jpg","type":"image\/jpeg"}],"twitter_card":"summary_large_image","twitter_misc":{"Precio":"&#36;1,289 con IVA","Availability":"In stock"},"schema":{"@context":"https:\/\/schema.org","@graph":[{"@type":"WebPage","@id":"https:\/\/compuviper.mx\/tienda\/producto\/ghia-mg2424-monitor-23-8-pulg-led-ips-full-hd-1920-x-1080-frameless-100-hz-vga-hdmi-bocinas-integradas\/","url":"https:\/\/compuviper.mx\/tienda\/producto\/ghia-mg2424-monitor-23-8-pulg-led-ips-full-hd-1920-x-1080-frameless-100-hz-vga-hdmi-bocinas-integradas\/","name":"[ Ghia ] &#129351; Mg2424 Monitor \/ 23.8 Pulg \/ Led \/ Ips \/ Full Hd 1920 X 1080 \/ Frameless \/ 100 Hz \/ Vga \/ Hdmi \/ Bocinas Integradas","isPartOf":{"@id":"https:\/\/compuviper.mx\/tienda\/#website"},"datePublished":"2026-04-21T06:57:28+00:00","dateModified":"2026-04-21T06:57:29+00:00","description":"Compra Mg2424 Monitor \/ 23.8 Pulg \/ Led \/ Ips \/ Full Hd 1920 X 1080 \/ Frameless \/ 100 Hz \/ Vga \/ Hdmi \/ Bocinas Integradas + Env\u00edo a domicilio + Pago seguro + Garant\u00eda","breadcrumb":{"@id":"https:\/\/compuviper.mx\/tienda\/producto\/ghia-mg2424-monitor-23-8-pulg-led-ips-full-hd-1920-x-1080-frameless-100-hz-vga-hdmi-bocinas-integradas\/#breadcrumb"},"inLanguage":"es-MX","potentialAction":[{"@type":"ReadAction","target":["https:\/\/compuviper.mx\/tienda\/producto\/ghia-mg2424-monitor-23-8-pulg-led-ips-full-hd-1920-x-1080-frameless-100-hz-vga-hdmi-bocinas-integradas\/"]}]},{"@type":"BreadcrumbList","@id":"https:\/\/compuviper.mx\/tienda\/producto\/ghia-mg2424-monitor-23-8-pulg-led-ips-full-hd-1920-x-1080-frameless-100-hz-vga-hdmi-bocinas-integradas\/#breadcrumb","itemListElement":[{"@type":"ListItem","position":1,"name":"Inicio","item":"https:\/\/compuviper.mx\/tienda\/"},{"@type":"ListItem","position":2,"name":"Productos","item":"https:\/\/compuviper.mx\/tienda\/productos\/"},{"@type":"ListItem","position":3,"name":"Monitores","item":"https:\/\/compuviper.mx\/tienda\/categoria-producto\/monitores\/"},{"@type":"ListItem","position":4,"name":"Led","item":"https:\/\/compuviper.mx\/tienda\/categoria-producto\/monitores\/led\/"},{"@type":"ListItem","position":5,"name":"Ghia Mg2424 Monitor \/ 23.8 Pulg \/ Led \/ Ips \/ Full Hd 1920 X 1080 \/ Frameless \/ 100 Hz \/ Vga \/ Hdmi \/ Bocinas Integradas"}]},{"@type":"WebSite","@id":"https:\/\/compuviper.mx\/tienda\/#website","url":"https:\/\/compuviper.mx\/tienda\/","name":"Compuviper","description":"Proveedor de Computadoras, Laptops, Servidores, Monitores, Puntos de Venta, Teclados,   Impresoras, T\u00f3ner, C\u00e1maras de Seguridad y m\u00e1s en tu tienda en l\u00ednea","publisher":{"@id":"https:\/\/compuviper.mx\/tienda\/#organization"},"potentialAction":[{"@type":"SearchAction","target":{"@type":"EntryPoint","urlTemplate":"https:\/\/compuviper.mx\/tienda\/?s={search_term_string}"},"query-input":"required name=search_term_string"}],"inLanguage":"es-MX"},{"@type":"Organization","@id":"https:\/\/compuviper.mx\/tienda\/#organization","name":"Compuviper","url":"https:\/\/compuviper.mx\/tienda\/","logo":{"@type":"ImageObject","inLanguage":"es-MX","@id":"https:\/\/compuviper.mx\/tienda\/#\/schema\/logo\/image\/","url":"https:\/\/compuviper.mx\/tienda\/wp-content\/uploads\/2021\/08\/Logo-Compuviper-10.png","contentUrl":"https:\/\/compuviper.mx\/tienda\/wp-content\/uploads\/2021\/08\/Logo-Compuviper-10.png","width":1000,"height":500,"caption":"Compuviper"},"image":{"@id":"https:\/\/compuviper.mx\/tienda\/#\/schema\/logo\/image\/"},"sameAs":["https:\/\/www.facebook.com\/compuviper","https:\/\/www.youtube.com\/channel\/UCf73dERp9Y3cfOq7q8BhLjA?view_as=subscriber"]}]},"product_brand":"GHIA","product_price_amount":"1289","product_price_currency":"MXN","og_availability":"instock","product_availability":"instock","product_retailer_item_id":"MG2424","product_condition":"new"},"_links":{"self":[{"href":"https:\/\/compuviper.mx\/tienda\/wp-json\/wp\/v2\/product\/244918"}],"collection":[{"href":"https:\/\/compuviper.mx\/tienda\/wp-json\/wp\/v2\/product"}],"about":[{"href":"https:\/\/compuviper.mx\/tienda\/wp-json\/wp\/v2\/types\/product"}],"replies":[{"embeddable":true,"href":"https:\/\/compuviper.mx\/tienda\/wp-json\/wp\/v2\/comments?post=244918"}],"wp:featuredmedia":[{"embeddable":true,"href":"https:\/\/compuviper.mx\/tienda\/wp-json\/wp\/v2\/media\/259843"}],"wp:attachment":[{"href":"https:\/\/compuviper.mx\/tienda\/wp-json\/wp\/v2\/media?parent=244918"}],"wp:term":[{"taxonomy":"product_cat","embeddable":true,"href":"https:\/\/compuviper.mx\/tienda\/wp-json\/wp\/v2\/product_cat?post=244918"},{"taxonomy":"product_tag","embeddable":true,"href":"https:\/\/compuviper.mx\/tienda\/wp-json\/wp\/v2\/product_tag?post=244918"}],"curies":[{"name":"wp","href":"https:\/\/api.w.org\/{rel}","templated":true}]}}