{"id":244700,"date":"2026-04-02T02:15:54","date_gmt":"2026-04-02T08:15:54","guid":{"rendered":"https:\/\/compuviper.mx\/tienda\/producto\/microsoft-dg7gmgf0pn41-0002-com-csp-word-ltsc-2024-commercial-perpetua\/"},"modified":"2026-04-02T02:15:54","modified_gmt":"2026-04-02T08:15:54","slug":"microsoft-dg7gmgf0pn410002commercial-csp-word-ltsc-2024-commercial-perpetua","status":"publish","type":"product","link":"https:\/\/compuviper.mx\/tienda\/producto\/microsoft-dg7gmgf0pn410002commercial-csp-word-ltsc-2024-commercial-perpetua\/","title":{"rendered":"Microsoft Dg7gmgf0pn41:0002:commercial  Csp Word Ltsc 2024 &#8211; Commercial &#8211; Perpetua"},"content":{"rendered":"<table class=\"descripcion\">\n<tr>\n<td>Requisitos previos<\/td>\n<\/tr>\n<tr>\n<td>Nota: lee atentamente la siguiente informaci\u00f3n antes de continuar con la descarga.<\/td>\n<\/tr>\n<tr>\n<td>1.   revisa los requisitos del sistema de windows 10.<\/td>\n<\/tr>\n<tr>\n<td>2.   reg\u00edstrate, descarga e instala el software con todas las caracter\u00edsticas para un per\u00edodo de evaluaci\u00f3n de 90 d\u00edas.<\/td>\n<\/tr>\n<tr>\n<td>3.   revisa los recursos que te guiar\u00e1n a lo largo de la evaluaci\u00f3n.<\/td>\n<\/tr>\n<tr>\n<td>Directrices de instalaci\u00f3n<\/td>\n<\/tr>\n<tr>\n<td>\u0095 planifica con antelaci\u00f3n. haz una copia de seguridad de los archivos y de la configuraci\u00f3n antes de instalar la evaluaci\u00f3n.<\/td>\n<\/tr>\n<tr>\n<td>\u0095 windows solicitar\u00e1 la activaci\u00f3n durante la instalaci\u00f3n. no se necesita una clave de producto para este software.<\/td>\n<\/tr>\n<tr>\n<td>\u0095 debes iniciar sesi\u00f3n en tu equipo con una cuenta microsoft para usar windows 10 enterprise. la opci\u00f3n de crear una cuenta local estar\u00e1 disponible cuando salga la versi\u00f3n final.<\/td>\n<\/tr>\n<tr>\n<td>\u0095 si decides instalar windows 10 enterprise con uno de los archivos iso proporcionados, no podr\u00e1s desinstalarlo. adem\u00e1s, despu\u00e9s de instalar windows 10 empresas, no podr\u00e1s usar la partici\u00f3n de recuperaci\u00f3n del equipo para volver a la versi\u00f3n anterior de windows. tendr\u00e1s que hacer una instalaci\u00f3n limpia de tu anterior sistema operativo y volver a instalar todos los programas y datos.<\/td>\n<\/tr>\n<tr>\n<td>\u0095 si no activas la evaluaci\u00f3n tras la instalaci\u00f3n o si el per\u00edodo de evaluaci\u00f3n caduca, el fondo de escritorio se pondr\u00e1 en negro, aparecer\u00e1 una notificaci\u00f3n persistente indicando que el sistema no es original y el equipo se apagar\u00e1 cada hora.<\/td>\n<\/tr>\n<tr>\n<td>Qu\u00e9 debes saber<\/td>\n<\/tr>\n<tr>\n<td>\u0095 windows 10 enterprise deber\u00eda ser compatible con los mismos dispositivos y programas que windows 8.1. en algunos casos es posible que un dispositivo o programa no funcione o que necesite una actualizaci\u00f3n. tal vez tengas que desinstalar algunos programas y volver a instalarlos tras instalar la evaluaci\u00f3n.<\/td>\n<\/tr>\n<tr>\n<td>\u0095 puede que la descarga de windows 10 enterprise lleve algunas horas. el tiempo exacto depender\u00e1 del proveedor, del ancho de banda y del tr\u00e1fico (pueden aplicarse tarifas por parte de su proveedor de acceso a internet).<\/td>\n<\/tr>\n<tr>\n<td>\u0095 para obtener la informaci\u00f3n m\u00e1s reciente sobre las funciones en desuso y los requisitos adicionales necesarios para usar ciertas caracter\u00edsticas, consulta especificaciones para pc de windows 10. para cuestiones t\u00e9cnicas, visita la windows 10 tech community.<\/td>\n<\/tr>\n<\/table>\n","protected":false},"excerpt":{"rendered":"<p>Descripci\u00f3n. Windows 10 enterprise se ha dise\u00f1ado para dar soluci\u00f3n a las necesidades de grandes y medianas organizaciones al proporcionar las siguientes caracter\u00edsticas a los profesionales de ti. \u0095 protecci\u00f3n avanzada contra amenazas de seguridad modernas. \u0095 implementaci\u00f3n flexible, actualizaciones y opciones de soporte. \u0095 control y administraci\u00f3n integral de aplicaciones y dispositivos. La versi\u00f3n 22h2 de windows 10 facilita la protecci\u00f3n de tus puntos de conexi\u00f3n, detecta ataques avanzados, automatiza las respuestas a amenazas emergentes y mejora tu posici\u00f3n de seguridad. Tambi\u00e9n te ayuda a simplificar la implementaci\u00f3n y las actualizaciones, y a ofrecer dispositivos preparados para empresas a tus usuarios directamente del fabricante. \u00bfbuscas informaci\u00f3n sobre alguna funci\u00f3n en espec\u00edfico? ver las novedades de windows 10. Idiomas. \u0095 alem\u00e1n, chino (simplificado), chino (tradicional), coreano, espa\u00f1ol, franc\u00e9s, ingl\u00e9s (estados unidos), ingl\u00e9s (reino unido), italiano, japon\u00e9s, portugu\u00e9s (brasil. Ediciones. \u0095 windows 10 enterprise, versi\u00f3n 22h2 | iso de 64 bits y 32 bits. \u0095 windows 10 enterprise ltsc 2021 | iso de 64 bits y 32 bits. La edici\u00f3n windows 10 enterprise ltsc 2021 da a los clientes acceso al canal de mantenimiento a largo plazo como opci\u00f3n de implementaci\u00f3n para sus dispositivos y entornos con un uso especial. Esta edici\u00f3n no se actualiza con nuevas funciones, y las funciones de windows 10 que podr\u00edan actualizarse con una nueva funcionalidad no se incluyen (por ejemplo, cortana y todas las aplicaciones universales de windows).<\/p>\n","protected":false},"featured_media":261010,"comment_status":"open","ping_status":"open","template":"","meta":[],"product_cat":[2108,1827],"product_tag":[1831],"acf":[],"yoast_head":"<!-- This site is optimized with the Yoast SEO plugin v21.7 - https:\/\/yoast.com\/wordpress\/plugins\/seo\/ -->\n<title>[ Microsoft ] &#129351; Dg7gmgf0pn41:0002:commercial Csp Word Ltsc 2024 - Commercial - Perpetua<\/title>\n<meta name=\"description\" content=\"Compra Dg7gmgf0pn41:0002:commercial Csp Word Ltsc 2024 - Commercial - Perpetua + Env\u00edo a domicilio + Pago seguro + Garant\u00eda\" \/>\n<meta name=\"robots\" content=\"index, follow, max-snippet:-1, max-image-preview:large, max-video-preview:-1\" \/>\n<link rel=\"canonical\" href=\"https:\/\/compuviper.mx\/tienda\/producto\/microsoft-dg7gmgf0pn410002commercial-csp-word-ltsc-2024-commercial-perpetua\/\" \/>\n<meta property=\"og:locale\" content=\"es_MX\" \/>\n<meta property=\"og:type\" content=\"article\" \/>\n<meta property=\"og:title\" content=\"[ Microsoft ] &#129351; Dg7gmgf0pn41:0002:commercial Csp Word Ltsc 2024 - Commercial - Perpetua\" \/>\n<meta property=\"og:description\" content=\"Compra Dg7gmgf0pn41:0002:commercial Csp Word Ltsc 2024 - Commercial - Perpetua + Env\u00edo a domicilio + Pago seguro + Garant\u00eda\" \/>\n<meta property=\"og:url\" content=\"https:\/\/compuviper.mx\/tienda\/producto\/microsoft-dg7gmgf0pn410002commercial-csp-word-ltsc-2024-commercial-perpetua\/\" \/>\n<meta property=\"og:site_name\" content=\"Compuviper\" \/>\n<meta property=\"article:publisher\" content=\"https:\/\/www.facebook.com\/compuviper\" \/>\n<meta property=\"og:image\" content=\"https:\/\/compuviper.mx\/tienda\/wp-content\/uploads\/2025\/10\/Microsoft-csp-word-ltsc-2024-commercial-perpetua.jpg\" \/>\n\t<meta property=\"og:image:width\" content=\"200\" \/>\n\t<meta property=\"og:image:height\" content=\"200\" \/>\n\t<meta property=\"og:image:type\" content=\"image\/jpeg\" \/>\n<meta name=\"twitter:card\" content=\"summary_large_image\" \/>\n<meta name=\"twitter:label1\" content=\"Precio\" \/>\n\t<meta name=\"twitter:data1\" content=\"&#36;3,995 con IVA\" \/>\n\t<meta name=\"twitter:label2\" content=\"Availability\" \/>\n\t<meta name=\"twitter:data2\" content=\"On backorder\" \/>\n<script type=\"application\/ld+json\" class=\"yoast-schema-graph\">{\"@context\":\"https:\/\/schema.org\",\"@graph\":[{\"@type\":\"WebPage\",\"@id\":\"https:\/\/compuviper.mx\/tienda\/producto\/microsoft-dg7gmgf0pn410002commercial-csp-word-ltsc-2024-commercial-perpetua\/\",\"url\":\"https:\/\/compuviper.mx\/tienda\/producto\/microsoft-dg7gmgf0pn410002commercial-csp-word-ltsc-2024-commercial-perpetua\/\",\"name\":\"[ Microsoft ] &#129351; Dg7gmgf0pn41:0002:commercial Csp Word Ltsc 2024 - Commercial - Perpetua\",\"isPartOf\":{\"@id\":\"https:\/\/compuviper.mx\/tienda\/#website\"},\"datePublished\":\"2026-04-02T08:15:54+00:00\",\"dateModified\":\"2026-04-02T08:15:54+00:00\",\"description\":\"Compra Dg7gmgf0pn41:0002:commercial Csp Word Ltsc 2024 - Commercial - Perpetua + Env\u00edo a domicilio + Pago seguro + Garant\u00eda\",\"breadcrumb\":{\"@id\":\"https:\/\/compuviper.mx\/tienda\/producto\/microsoft-dg7gmgf0pn410002commercial-csp-word-ltsc-2024-commercial-perpetua\/#breadcrumb\"},\"inLanguage\":\"es-MX\",\"potentialAction\":[{\"@type\":\"ReadAction\",\"target\":[\"https:\/\/compuviper.mx\/tienda\/producto\/microsoft-dg7gmgf0pn410002commercial-csp-word-ltsc-2024-commercial-perpetua\/\"]}]},{\"@type\":\"BreadcrumbList\",\"@id\":\"https:\/\/compuviper.mx\/tienda\/producto\/microsoft-dg7gmgf0pn410002commercial-csp-word-ltsc-2024-commercial-perpetua\/#breadcrumb\",\"itemListElement\":[{\"@type\":\"ListItem\",\"position\":1,\"name\":\"Inicio\",\"item\":\"https:\/\/compuviper.mx\/tienda\/\"},{\"@type\":\"ListItem\",\"position\":2,\"name\":\"Productos\",\"item\":\"https:\/\/compuviper.mx\/tienda\/productos\/\"},{\"@type\":\"ListItem\",\"position\":3,\"name\":\"Software\",\"item\":\"https:\/\/compuviper.mx\/tienda\/categoria-producto\/software\/\"},{\"@type\":\"ListItem\",\"position\":4,\"name\":\"Licenciamiento Microsoft Csp\",\"item\":\"https:\/\/compuviper.mx\/tienda\/categoria-producto\/software\/licenciamiento-microsoft-csp\/\"},{\"@type\":\"ListItem\",\"position\":5,\"name\":\"Microsoft Dg7gmgf0pn41:0002:commercial Csp Word Ltsc 2024 &#8211; Commercial &#8211; Perpetua\"}]},{\"@type\":\"WebSite\",\"@id\":\"https:\/\/compuviper.mx\/tienda\/#website\",\"url\":\"https:\/\/compuviper.mx\/tienda\/\",\"name\":\"Compuviper\",\"description\":\"Proveedor de Computadoras, Laptops, Servidores, Monitores, Puntos de Venta, Teclados,   Impresoras, T\u00f3ner, C\u00e1maras de Seguridad y m\u00e1s en tu tienda en l\u00ednea\",\"publisher\":{\"@id\":\"https:\/\/compuviper.mx\/tienda\/#organization\"},\"potentialAction\":[{\"@type\":\"SearchAction\",\"target\":{\"@type\":\"EntryPoint\",\"urlTemplate\":\"https:\/\/compuviper.mx\/tienda\/?s={search_term_string}\"},\"query-input\":\"required name=search_term_string\"}],\"inLanguage\":\"es-MX\"},{\"@type\":\"Organization\",\"@id\":\"https:\/\/compuviper.mx\/tienda\/#organization\",\"name\":\"Compuviper\",\"url\":\"https:\/\/compuviper.mx\/tienda\/\",\"logo\":{\"@type\":\"ImageObject\",\"inLanguage\":\"es-MX\",\"@id\":\"https:\/\/compuviper.mx\/tienda\/#\/schema\/logo\/image\/\",\"url\":\"https:\/\/compuviper.mx\/tienda\/wp-content\/uploads\/2021\/08\/Logo-Compuviper-10.png\",\"contentUrl\":\"https:\/\/compuviper.mx\/tienda\/wp-content\/uploads\/2021\/08\/Logo-Compuviper-10.png\",\"width\":1000,\"height\":500,\"caption\":\"Compuviper\"},\"image\":{\"@id\":\"https:\/\/compuviper.mx\/tienda\/#\/schema\/logo\/image\/\"},\"sameAs\":[\"https:\/\/www.facebook.com\/compuviper\",\"https:\/\/www.youtube.com\/channel\/UCf73dERp9Y3cfOq7q8BhLjA?view_as=subscriber\"]}]}<\/script>\n<meta property=\"product:brand\" content=\"MICROSOFT\" \/>\n<meta property=\"product:price:amount\" content=\"3995\" \/>\n<meta property=\"product:price:currency\" content=\"MXN\" \/>\n<meta property=\"og:availability\" content=\"backorder\" \/>\n<meta property=\"product:availability\" content=\"available for order\" \/>\n<meta property=\"product:retailer_item_id\" content=\"DG7GMGF0PN41:0002:Commercial\" \/>\n<meta property=\"product:condition\" content=\"new\" \/>\n<!-- \/ Yoast SEO plugin. -->","yoast_head_json":{"title":"[ Microsoft ] &#129351; Dg7gmgf0pn41:0002:commercial Csp Word Ltsc 2024 - Commercial - Perpetua","description":"Compra Dg7gmgf0pn41:0002:commercial Csp Word Ltsc 2024 - Commercial - Perpetua + Env\u00edo a domicilio + Pago seguro + Garant\u00eda","robots":{"index":"index","follow":"follow","max-snippet":"max-snippet:-1","max-image-preview":"max-image-preview:large","max-video-preview":"max-video-preview:-1"},"canonical":"https:\/\/compuviper.mx\/tienda\/producto\/microsoft-dg7gmgf0pn410002commercial-csp-word-ltsc-2024-commercial-perpetua\/","og_locale":"es_MX","og_type":"article","og_title":"[ Microsoft ] &#129351; Dg7gmgf0pn41:0002:commercial Csp Word Ltsc 2024 - Commercial - Perpetua","og_description":"Compra Dg7gmgf0pn41:0002:commercial Csp Word Ltsc 2024 - Commercial - Perpetua + Env\u00edo a domicilio + Pago seguro + Garant\u00eda","og_url":"https:\/\/compuviper.mx\/tienda\/producto\/microsoft-dg7gmgf0pn410002commercial-csp-word-ltsc-2024-commercial-perpetua\/","og_site_name":"Compuviper","article_publisher":"https:\/\/www.facebook.com\/compuviper","og_image":[{"width":200,"height":200,"url":"https:\/\/compuviper.mx\/tienda\/wp-content\/uploads\/2025\/10\/Microsoft-csp-word-ltsc-2024-commercial-perpetua.jpg","type":"image\/jpeg"}],"twitter_card":"summary_large_image","twitter_misc":{"Precio":"&#36;3,995 con IVA","Availability":"On backorder"},"schema":{"@context":"https:\/\/schema.org","@graph":[{"@type":"WebPage","@id":"https:\/\/compuviper.mx\/tienda\/producto\/microsoft-dg7gmgf0pn410002commercial-csp-word-ltsc-2024-commercial-perpetua\/","url":"https:\/\/compuviper.mx\/tienda\/producto\/microsoft-dg7gmgf0pn410002commercial-csp-word-ltsc-2024-commercial-perpetua\/","name":"[ Microsoft ] &#129351; Dg7gmgf0pn41:0002:commercial Csp Word Ltsc 2024 - Commercial - Perpetua","isPartOf":{"@id":"https:\/\/compuviper.mx\/tienda\/#website"},"datePublished":"2026-04-02T08:15:54+00:00","dateModified":"2026-04-02T08:15:54+00:00","description":"Compra Dg7gmgf0pn41:0002:commercial Csp Word Ltsc 2024 - Commercial - Perpetua + Env\u00edo a domicilio + Pago seguro + Garant\u00eda","breadcrumb":{"@id":"https:\/\/compuviper.mx\/tienda\/producto\/microsoft-dg7gmgf0pn410002commercial-csp-word-ltsc-2024-commercial-perpetua\/#breadcrumb"},"inLanguage":"es-MX","potentialAction":[{"@type":"ReadAction","target":["https:\/\/compuviper.mx\/tienda\/producto\/microsoft-dg7gmgf0pn410002commercial-csp-word-ltsc-2024-commercial-perpetua\/"]}]},{"@type":"BreadcrumbList","@id":"https:\/\/compuviper.mx\/tienda\/producto\/microsoft-dg7gmgf0pn410002commercial-csp-word-ltsc-2024-commercial-perpetua\/#breadcrumb","itemListElement":[{"@type":"ListItem","position":1,"name":"Inicio","item":"https:\/\/compuviper.mx\/tienda\/"},{"@type":"ListItem","position":2,"name":"Productos","item":"https:\/\/compuviper.mx\/tienda\/productos\/"},{"@type":"ListItem","position":3,"name":"Software","item":"https:\/\/compuviper.mx\/tienda\/categoria-producto\/software\/"},{"@type":"ListItem","position":4,"name":"Licenciamiento Microsoft Csp","item":"https:\/\/compuviper.mx\/tienda\/categoria-producto\/software\/licenciamiento-microsoft-csp\/"},{"@type":"ListItem","position":5,"name":"Microsoft Dg7gmgf0pn41:0002:commercial Csp Word Ltsc 2024 &#8211; Commercial &#8211; Perpetua"}]},{"@type":"WebSite","@id":"https:\/\/compuviper.mx\/tienda\/#website","url":"https:\/\/compuviper.mx\/tienda\/","name":"Compuviper","description":"Proveedor de Computadoras, Laptops, Servidores, Monitores, Puntos de Venta, Teclados,   Impresoras, T\u00f3ner, C\u00e1maras de Seguridad y m\u00e1s en tu tienda en l\u00ednea","publisher":{"@id":"https:\/\/compuviper.mx\/tienda\/#organization"},"potentialAction":[{"@type":"SearchAction","target":{"@type":"EntryPoint","urlTemplate":"https:\/\/compuviper.mx\/tienda\/?s={search_term_string}"},"query-input":"required name=search_term_string"}],"inLanguage":"es-MX"},{"@type":"Organization","@id":"https:\/\/compuviper.mx\/tienda\/#organization","name":"Compuviper","url":"https:\/\/compuviper.mx\/tienda\/","logo":{"@type":"ImageObject","inLanguage":"es-MX","@id":"https:\/\/compuviper.mx\/tienda\/#\/schema\/logo\/image\/","url":"https:\/\/compuviper.mx\/tienda\/wp-content\/uploads\/2021\/08\/Logo-Compuviper-10.png","contentUrl":"https:\/\/compuviper.mx\/tienda\/wp-content\/uploads\/2021\/08\/Logo-Compuviper-10.png","width":1000,"height":500,"caption":"Compuviper"},"image":{"@id":"https:\/\/compuviper.mx\/tienda\/#\/schema\/logo\/image\/"},"sameAs":["https:\/\/www.facebook.com\/compuviper","https:\/\/www.youtube.com\/channel\/UCf73dERp9Y3cfOq7q8BhLjA?view_as=subscriber"]}]},"product_brand":"MICROSOFT","product_price_amount":"3995","product_price_currency":"MXN","og_availability":"backorder","product_availability":"available for order","product_retailer_item_id":"DG7GMGF0PN41:0002:Commercial","product_condition":"new"},"_links":{"self":[{"href":"https:\/\/compuviper.mx\/tienda\/wp-json\/wp\/v2\/product\/244700"}],"collection":[{"href":"https:\/\/compuviper.mx\/tienda\/wp-json\/wp\/v2\/product"}],"about":[{"href":"https:\/\/compuviper.mx\/tienda\/wp-json\/wp\/v2\/types\/product"}],"replies":[{"embeddable":true,"href":"https:\/\/compuviper.mx\/tienda\/wp-json\/wp\/v2\/comments?post=244700"}],"wp:featuredmedia":[{"embeddable":true,"href":"https:\/\/compuviper.mx\/tienda\/wp-json\/wp\/v2\/media\/261010"}],"wp:attachment":[{"href":"https:\/\/compuviper.mx\/tienda\/wp-json\/wp\/v2\/media?parent=244700"}],"wp:term":[{"taxonomy":"product_cat","embeddable":true,"href":"https:\/\/compuviper.mx\/tienda\/wp-json\/wp\/v2\/product_cat?post=244700"},{"taxonomy":"product_tag","embeddable":true,"href":"https:\/\/compuviper.mx\/tienda\/wp-json\/wp\/v2\/product_tag?post=244700"}],"curies":[{"name":"wp","href":"https:\/\/api.w.org\/{rel}","templated":true}]}}