{"id":244664,"date":"2026-04-02T01:23:23","date_gmt":"2026-04-02T07:23:23","guid":{"rendered":"https:\/\/compuviper.mx\/tienda\/producto\/asus-p5405csa-u516g512-p1-laptop-expertbook-ia-p5405csa-core-ultra-5-226v-16gb-512gb-ssd-14-pulgadas-wqxga-win-11-pro-misty-grey-grado-militar-1-ao-de-garantia\/"},"modified":"2026-04-02T01:23:23","modified_gmt":"2026-04-02T07:23:23","slug":"asus-p5405csa-u516g512-p1-laptop-expertbook-ia-p5405csa-copilot-pc-core-ultra-5-226v-intel-ai-boost-npu-up-to-40-tops-16gb-512gb-ssd-14-pulgadas-wqxga-win-11-pro-misty-grey-grado-militar-1-a","status":"publish","type":"product","link":"https:\/\/compuviper.mx\/tienda\/producto\/asus-p5405csa-u516g512-p1-laptop-expertbook-ia-p5405csa-copilot-pc-core-ultra-5-226v-intel-ai-boost-npu-up-to-40-tops-16gb-512gb-ssd-14-pulgadas-wqxga-win-11-pro-misty-grey-grado-militar-1-a\/","title":{"rendered":"Asus P5405csa-u516g512-p1 Laptop  Expertbook Ia P5405csa, Copilot Pc, Core Ultra 5 226v Intel Ai Boost Npu Up To 40 Tops, 16gb, 512gb Ssd, 14 Pulgadas Wqxga, Win 11 Pro, Misty Grey, Grado Militar, 1 A?o De Garantia"},"content":{"rendered":"<table class=\"descripcion\">\n<tr>\n<td>Cod fabricante: p5405csa-u516g512-p1<\/td>\n<\/tr>\n<tr>\n<td>Num parte: 90nx0861-m00ha0<\/td>\n<\/tr>\n<tr>\n<td>Procesador: intel core ultra 5 processor 226v 16gb 1.6 ghz (8mb cache, up to 4.5 ghz, 8 cores, 8 threads)<\/td>\n<\/tr>\n<tr>\n<td>Dise\u00f1o: 14 pulgadas wqxga (2560 x 1600) 16:10<\/td>\n<\/tr>\n<tr>\n<td>Memoria ram: 16gb lpddr5x memory on package<\/td>\n<\/tr>\n<tr>\n<td>Almacenamiento: 512gb m.2 2280 nvme pcie 4.0 ssd<\/td>\n<\/tr>\n<tr>\n<td>Teclado: backlit chiclet keyboard<\/td>\n<\/tr>\n<tr>\n<td>Peso: 1.27 kg (2.80 lbs)<\/td>\n<\/tr>\n<tr>\n<td>Bater\u00eda: 63whrs, 3s1p, 3-cell li-ion<\/td>\n<\/tr>\n<tr>\n<td>Dimensiones del equipo: 31.20 x 22.32 x 1.49 ~ 1.64 cm (12.28 x 8.79 x 0.59 ~ 0.65)<\/td>\n<\/tr>\n<tr>\n<td>Color: misty grey<\/td>\n<\/tr>\n<tr>\n<td>Sistema operativo: windows 11 pro<\/td>\n<\/tr>\n<tr>\n<td>Garantia de 1 a\u00f1o, directamente con el fabricante<\/td>\n<\/tr>\n<\/table>\n","protected":false},"excerpt":{"rendered":"<p>Da la bienvenida al asus expertbook p5: un salto revolucionario en ai pc para el trabajo. El expertbook p5, dise\u00f1ado para una productividad futurista con windows 11 pro, aprovecha la potencia de la nueva generaci\u00f3n de procesadores intel core ultra1. Esta potente m\u00e1quina con ia ofrece una eficiencia excepcional para que arrases en el trabajo gracias a las aplicaciones de ia de asus. Este ordenador es ligero como una pluma, con tan solo 1,3 kg2, y est\u00e1 envuelto en un chasis de aluminio de primera categor\u00eda y durabilidad de calidad militar. El expertbook p5 cuenta con una impresionante pantalla 2.5k de bisel fino, de 144 hz y antirreflejos para ofrecer una nitidez excepcional. Todas estas especificaciones, junto a la seguridad y el servicio de nivel empresarial, convierten al expertbook p5 en la herramienta definitiva para los profesionales que buscan el m\u00e1ximo rendimiento y un trabajo fluido, en cualquier lugar.<\/p>\n","protected":false},"featured_media":260402,"comment_status":"open","ping_status":"open","template":"","meta":[],"product_cat":[1886,1887],"product_tag":[1729],"acf":[],"yoast_head":"<!-- This site is optimized with the Yoast SEO plugin v21.7 - https:\/\/yoast.com\/wordpress\/plugins\/seo\/ -->\n<title>[ Asus ] &#129351; P5405csa-u516g512-p1 Laptop Expertbook Ia P5405csa, Copilot Pc, Core Ultra 5 226v Intel Ai Boost Npu Up To 40 Tops, 16gb, 512gb Ssd, 14 Pulgadas Wqxga, Win 11 Pro, Misty Grey, Grado Militar, 1 A\u00f1o De Garantia<\/title>\n<meta name=\"description\" content=\"Compra P5405csa-u516g512-p1 Laptop Expertbook Ia P5405csa, Copilot Pc, Core Ultra 5 226v Intel Ai Boost Npu Up To 40 Tops, 16gb, 512gb Ssd, 14 Pulgadas Wqxga, Win 11 Pro, Misty Grey, Grado Militar, 1 A\u00f1o De Garantia + Env\u00edo a domicilio + Pago seguro + Garant\u00eda\" \/>\n<meta name=\"robots\" content=\"index, follow, max-snippet:-1, max-image-preview:large, max-video-preview:-1\" \/>\n<link rel=\"canonical\" href=\"https:\/\/compuviper.mx\/tienda\/producto\/asus-p5405csa-u516g512-p1-laptop-expertbook-ia-p5405csa-copilot-pc-core-ultra-5-226v-intel-ai-boost-npu-up-to-40-tops-16gb-512gb-ssd-14-pulgadas-wqxga-win-11-pro-misty-grey-grado-militar-1-a\/\" \/>\n<meta property=\"og:locale\" content=\"es_MX\" \/>\n<meta property=\"og:type\" content=\"article\" \/>\n<meta property=\"og:title\" content=\"[ Asus ] &#129351; P5405csa-u516g512-p1 Laptop Expertbook Ia P5405csa, Copilot Pc, Core Ultra 5 226v Intel Ai Boost Npu Up To 40 Tops, 16gb, 512gb Ssd, 14 Pulgadas Wqxga, Win 11 Pro, Misty Grey, Grado Militar, 1 A\u00f1o De Garantia\" \/>\n<meta property=\"og:description\" content=\"Compra P5405csa-u516g512-p1 Laptop Expertbook Ia P5405csa, Copilot Pc, Core Ultra 5 226v Intel Ai Boost Npu Up To 40 Tops, 16gb, 512gb Ssd, 14 Pulgadas Wqxga, Win 11 Pro, Misty Grey, Grado Militar, 1 A\u00f1o De Garantia + Env\u00edo a domicilio + Pago seguro + Garant\u00eda\" \/>\n<meta property=\"og:url\" content=\"https:\/\/compuviper.mx\/tienda\/producto\/asus-p5405csa-u516g512-p1-laptop-expertbook-ia-p5405csa-copilot-pc-core-ultra-5-226v-intel-ai-boost-npu-up-to-40-tops-16gb-512gb-ssd-14-pulgadas-wqxga-win-11-pro-misty-grey-grado-militar-1-a\/\" \/>\n<meta property=\"og:site_name\" content=\"Compuviper\" \/>\n<meta property=\"article:publisher\" content=\"https:\/\/www.facebook.com\/compuviper\" \/>\n<meta property=\"og:image\" content=\"https:\/\/compuviper.mx\/tienda\/wp-content\/uploads\/2025\/10\/Laptop-asus-expertbook-ia-p5405csa-copilot-pc-core-ultra-5-226v-intel-ai-boost-npu-up-to-40-tops-16gb-512gb-ssd-14-pulgadas-wqxga-win-11-pro-misty-grey-grado-militar-1-ano-de-garantia.jpg\" \/>\n\t<meta property=\"og:image:width\" content=\"200\" \/>\n\t<meta property=\"og:image:height\" content=\"200\" \/>\n\t<meta property=\"og:image:type\" content=\"image\/jpeg\" \/>\n<meta name=\"twitter:card\" content=\"summary_large_image\" \/>\n<meta name=\"twitter:label1\" content=\"Precio\" \/>\n\t<meta name=\"twitter:data1\" content=\"&#36;20,330 con IVA\" \/>\n\t<meta name=\"twitter:label2\" content=\"Availability\" \/>\n\t<meta name=\"twitter:data2\" content=\"Out of stock\" \/>\n<script type=\"application\/ld+json\" class=\"yoast-schema-graph\">{\"@context\":\"https:\/\/schema.org\",\"@graph\":[{\"@type\":\"WebPage\",\"@id\":\"https:\/\/compuviper.mx\/tienda\/producto\/asus-p5405csa-u516g512-p1-laptop-expertbook-ia-p5405csa-copilot-pc-core-ultra-5-226v-intel-ai-boost-npu-up-to-40-tops-16gb-512gb-ssd-14-pulgadas-wqxga-win-11-pro-misty-grey-grado-militar-1-a\/\",\"url\":\"https:\/\/compuviper.mx\/tienda\/producto\/asus-p5405csa-u516g512-p1-laptop-expertbook-ia-p5405csa-copilot-pc-core-ultra-5-226v-intel-ai-boost-npu-up-to-40-tops-16gb-512gb-ssd-14-pulgadas-wqxga-win-11-pro-misty-grey-grado-militar-1-a\/\",\"name\":\"[ Asus ] &#129351; P5405csa-u516g512-p1 Laptop Expertbook Ia P5405csa, Copilot Pc, Core Ultra 5 226v Intel Ai Boost Npu Up To 40 Tops, 16gb, 512gb Ssd, 14 Pulgadas Wqxga, Win 11 Pro, Misty Grey, Grado Militar, 1 A\u00f1o De Garantia\",\"isPartOf\":{\"@id\":\"https:\/\/compuviper.mx\/tienda\/#website\"},\"datePublished\":\"2026-04-02T07:23:23+00:00\",\"dateModified\":\"2026-04-02T07:23:23+00:00\",\"description\":\"Compra P5405csa-u516g512-p1 Laptop Expertbook Ia P5405csa, Copilot Pc, Core Ultra 5 226v Intel Ai Boost Npu Up To 40 Tops, 16gb, 512gb Ssd, 14 Pulgadas Wqxga, Win 11 Pro, Misty Grey, Grado Militar, 1 A\u00f1o De Garantia + Env\u00edo a domicilio + Pago seguro + Garant\u00eda\",\"breadcrumb\":{\"@id\":\"https:\/\/compuviper.mx\/tienda\/producto\/asus-p5405csa-u516g512-p1-laptop-expertbook-ia-p5405csa-copilot-pc-core-ultra-5-226v-intel-ai-boost-npu-up-to-40-tops-16gb-512gb-ssd-14-pulgadas-wqxga-win-11-pro-misty-grey-grado-militar-1-a\/#breadcrumb\"},\"inLanguage\":\"es-MX\",\"potentialAction\":[{\"@type\":\"ReadAction\",\"target\":[\"https:\/\/compuviper.mx\/tienda\/producto\/asus-p5405csa-u516g512-p1-laptop-expertbook-ia-p5405csa-copilot-pc-core-ultra-5-226v-intel-ai-boost-npu-up-to-40-tops-16gb-512gb-ssd-14-pulgadas-wqxga-win-11-pro-misty-grey-grado-militar-1-a\/\"]}]},{\"@type\":\"BreadcrumbList\",\"@id\":\"https:\/\/compuviper.mx\/tienda\/producto\/asus-p5405csa-u516g512-p1-laptop-expertbook-ia-p5405csa-copilot-pc-core-ultra-5-226v-intel-ai-boost-npu-up-to-40-tops-16gb-512gb-ssd-14-pulgadas-wqxga-win-11-pro-misty-grey-grado-militar-1-a\/#breadcrumb\",\"itemListElement\":[{\"@type\":\"ListItem\",\"position\":1,\"name\":\"Inicio\",\"item\":\"https:\/\/compuviper.mx\/tienda\/\"},{\"@type\":\"ListItem\",\"position\":2,\"name\":\"Productos\",\"item\":\"https:\/\/compuviper.mx\/tienda\/productos\/\"},{\"@type\":\"ListItem\",\"position\":3,\"name\":\"Laptops\",\"item\":\"https:\/\/compuviper.mx\/tienda\/categoria-producto\/laptops\/\"},{\"@type\":\"ListItem\",\"position\":4,\"name\":\"Notebook\",\"item\":\"https:\/\/compuviper.mx\/tienda\/categoria-producto\/laptops\/notebook-laptops\/\"},{\"@type\":\"ListItem\",\"position\":5,\"name\":\"Asus P5405csa-u516g512-p1 Laptop Expertbook Ia P5405csa, Copilot Pc, Core Ultra 5 226v Intel Ai Boost Npu Up To 40 Tops, 16gb, 512gb Ssd, 14 Pulgadas Wqxga, Win 11 Pro, Misty Grey, Grado Militar, 1 A?o De Garantia\"}]},{\"@type\":\"WebSite\",\"@id\":\"https:\/\/compuviper.mx\/tienda\/#website\",\"url\":\"https:\/\/compuviper.mx\/tienda\/\",\"name\":\"Compuviper\",\"description\":\"Proveedor de Computadoras, Laptops, Servidores, Monitores, Puntos de Venta, Teclados,   Impresoras, T\u00f3ner, C\u00e1maras de Seguridad y m\u00e1s en tu tienda en l\u00ednea\",\"publisher\":{\"@id\":\"https:\/\/compuviper.mx\/tienda\/#organization\"},\"potentialAction\":[{\"@type\":\"SearchAction\",\"target\":{\"@type\":\"EntryPoint\",\"urlTemplate\":\"https:\/\/compuviper.mx\/tienda\/?s={search_term_string}\"},\"query-input\":\"required name=search_term_string\"}],\"inLanguage\":\"es-MX\"},{\"@type\":\"Organization\",\"@id\":\"https:\/\/compuviper.mx\/tienda\/#organization\",\"name\":\"Compuviper\",\"url\":\"https:\/\/compuviper.mx\/tienda\/\",\"logo\":{\"@type\":\"ImageObject\",\"inLanguage\":\"es-MX\",\"@id\":\"https:\/\/compuviper.mx\/tienda\/#\/schema\/logo\/image\/\",\"url\":\"https:\/\/compuviper.mx\/tienda\/wp-content\/uploads\/2021\/08\/Logo-Compuviper-10.png\",\"contentUrl\":\"https:\/\/compuviper.mx\/tienda\/wp-content\/uploads\/2021\/08\/Logo-Compuviper-10.png\",\"width\":1000,\"height\":500,\"caption\":\"Compuviper\"},\"image\":{\"@id\":\"https:\/\/compuviper.mx\/tienda\/#\/schema\/logo\/image\/\"},\"sameAs\":[\"https:\/\/www.facebook.com\/compuviper\",\"https:\/\/www.youtube.com\/channel\/UCf73dERp9Y3cfOq7q8BhLjA?view_as=subscriber\"]}]}<\/script>\n<meta property=\"product:brand\" content=\"ASUS\" \/>\n<meta property=\"product:price:amount\" content=\"20330\" \/>\n<meta property=\"product:price:currency\" content=\"MXN\" \/>\n<meta property=\"og:availability\" content=\"out of stock\" \/>\n<meta property=\"product:availability\" content=\"out of stock\" \/>\n<meta property=\"product:retailer_item_id\" content=\"P5405CSA-U516G512-P1\" \/>\n<meta property=\"product:condition\" content=\"new\" \/>\n<!-- \/ Yoast SEO plugin. -->","yoast_head_json":{"title":"[ Asus ] &#129351; P5405csa-u516g512-p1 Laptop Expertbook Ia P5405csa, Copilot Pc, Core Ultra 5 226v Intel Ai Boost Npu Up To 40 Tops, 16gb, 512gb Ssd, 14 Pulgadas Wqxga, Win 11 Pro, Misty Grey, Grado Militar, 1 A\u00f1o De Garantia","description":"Compra P5405csa-u516g512-p1 Laptop Expertbook Ia P5405csa, Copilot Pc, Core Ultra 5 226v Intel Ai Boost Npu Up To 40 Tops, 16gb, 512gb Ssd, 14 Pulgadas Wqxga, Win 11 Pro, Misty Grey, Grado Militar, 1 A\u00f1o De Garantia + Env\u00edo a domicilio + Pago seguro + Garant\u00eda","robots":{"index":"index","follow":"follow","max-snippet":"max-snippet:-1","max-image-preview":"max-image-preview:large","max-video-preview":"max-video-preview:-1"},"canonical":"https:\/\/compuviper.mx\/tienda\/producto\/asus-p5405csa-u516g512-p1-laptop-expertbook-ia-p5405csa-copilot-pc-core-ultra-5-226v-intel-ai-boost-npu-up-to-40-tops-16gb-512gb-ssd-14-pulgadas-wqxga-win-11-pro-misty-grey-grado-militar-1-a\/","og_locale":"es_MX","og_type":"article","og_title":"[ Asus ] &#129351; P5405csa-u516g512-p1 Laptop Expertbook Ia P5405csa, Copilot Pc, Core Ultra 5 226v Intel Ai Boost Npu Up To 40 Tops, 16gb, 512gb Ssd, 14 Pulgadas Wqxga, Win 11 Pro, Misty Grey, Grado Militar, 1 A\u00f1o De Garantia","og_description":"Compra P5405csa-u516g512-p1 Laptop Expertbook Ia P5405csa, Copilot Pc, Core Ultra 5 226v Intel Ai Boost Npu Up To 40 Tops, 16gb, 512gb Ssd, 14 Pulgadas Wqxga, Win 11 Pro, Misty Grey, Grado Militar, 1 A\u00f1o De Garantia + Env\u00edo a domicilio + Pago seguro + Garant\u00eda","og_url":"https:\/\/compuviper.mx\/tienda\/producto\/asus-p5405csa-u516g512-p1-laptop-expertbook-ia-p5405csa-copilot-pc-core-ultra-5-226v-intel-ai-boost-npu-up-to-40-tops-16gb-512gb-ssd-14-pulgadas-wqxga-win-11-pro-misty-grey-grado-militar-1-a\/","og_site_name":"Compuviper","article_publisher":"https:\/\/www.facebook.com\/compuviper","og_image":[{"width":200,"height":200,"url":"https:\/\/compuviper.mx\/tienda\/wp-content\/uploads\/2025\/10\/Laptop-asus-expertbook-ia-p5405csa-copilot-pc-core-ultra-5-226v-intel-ai-boost-npu-up-to-40-tops-16gb-512gb-ssd-14-pulgadas-wqxga-win-11-pro-misty-grey-grado-militar-1-ano-de-garantia.jpg","type":"image\/jpeg"}],"twitter_card":"summary_large_image","twitter_misc":{"Precio":"&#36;20,330 con IVA","Availability":"Out of stock"},"schema":{"@context":"https:\/\/schema.org","@graph":[{"@type":"WebPage","@id":"https:\/\/compuviper.mx\/tienda\/producto\/asus-p5405csa-u516g512-p1-laptop-expertbook-ia-p5405csa-copilot-pc-core-ultra-5-226v-intel-ai-boost-npu-up-to-40-tops-16gb-512gb-ssd-14-pulgadas-wqxga-win-11-pro-misty-grey-grado-militar-1-a\/","url":"https:\/\/compuviper.mx\/tienda\/producto\/asus-p5405csa-u516g512-p1-laptop-expertbook-ia-p5405csa-copilot-pc-core-ultra-5-226v-intel-ai-boost-npu-up-to-40-tops-16gb-512gb-ssd-14-pulgadas-wqxga-win-11-pro-misty-grey-grado-militar-1-a\/","name":"[ Asus ] &#129351; P5405csa-u516g512-p1 Laptop Expertbook Ia P5405csa, Copilot Pc, Core Ultra 5 226v Intel Ai Boost Npu Up To 40 Tops, 16gb, 512gb Ssd, 14 Pulgadas Wqxga, Win 11 Pro, Misty Grey, Grado Militar, 1 A\u00f1o De Garantia","isPartOf":{"@id":"https:\/\/compuviper.mx\/tienda\/#website"},"datePublished":"2026-04-02T07:23:23+00:00","dateModified":"2026-04-02T07:23:23+00:00","description":"Compra P5405csa-u516g512-p1 Laptop Expertbook Ia P5405csa, Copilot Pc, Core Ultra 5 226v Intel Ai Boost Npu Up To 40 Tops, 16gb, 512gb Ssd, 14 Pulgadas Wqxga, Win 11 Pro, Misty Grey, Grado Militar, 1 A\u00f1o De Garantia + Env\u00edo a domicilio + Pago seguro + Garant\u00eda","breadcrumb":{"@id":"https:\/\/compuviper.mx\/tienda\/producto\/asus-p5405csa-u516g512-p1-laptop-expertbook-ia-p5405csa-copilot-pc-core-ultra-5-226v-intel-ai-boost-npu-up-to-40-tops-16gb-512gb-ssd-14-pulgadas-wqxga-win-11-pro-misty-grey-grado-militar-1-a\/#breadcrumb"},"inLanguage":"es-MX","potentialAction":[{"@type":"ReadAction","target":["https:\/\/compuviper.mx\/tienda\/producto\/asus-p5405csa-u516g512-p1-laptop-expertbook-ia-p5405csa-copilot-pc-core-ultra-5-226v-intel-ai-boost-npu-up-to-40-tops-16gb-512gb-ssd-14-pulgadas-wqxga-win-11-pro-misty-grey-grado-militar-1-a\/"]}]},{"@type":"BreadcrumbList","@id":"https:\/\/compuviper.mx\/tienda\/producto\/asus-p5405csa-u516g512-p1-laptop-expertbook-ia-p5405csa-copilot-pc-core-ultra-5-226v-intel-ai-boost-npu-up-to-40-tops-16gb-512gb-ssd-14-pulgadas-wqxga-win-11-pro-misty-grey-grado-militar-1-a\/#breadcrumb","itemListElement":[{"@type":"ListItem","position":1,"name":"Inicio","item":"https:\/\/compuviper.mx\/tienda\/"},{"@type":"ListItem","position":2,"name":"Productos","item":"https:\/\/compuviper.mx\/tienda\/productos\/"},{"@type":"ListItem","position":3,"name":"Laptops","item":"https:\/\/compuviper.mx\/tienda\/categoria-producto\/laptops\/"},{"@type":"ListItem","position":4,"name":"Notebook","item":"https:\/\/compuviper.mx\/tienda\/categoria-producto\/laptops\/notebook-laptops\/"},{"@type":"ListItem","position":5,"name":"Asus P5405csa-u516g512-p1 Laptop Expertbook Ia P5405csa, Copilot Pc, Core Ultra 5 226v Intel Ai Boost Npu Up To 40 Tops, 16gb, 512gb Ssd, 14 Pulgadas Wqxga, Win 11 Pro, Misty Grey, Grado Militar, 1 A?o De Garantia"}]},{"@type":"WebSite","@id":"https:\/\/compuviper.mx\/tienda\/#website","url":"https:\/\/compuviper.mx\/tienda\/","name":"Compuviper","description":"Proveedor de Computadoras, Laptops, Servidores, Monitores, Puntos de Venta, Teclados,   Impresoras, T\u00f3ner, C\u00e1maras de Seguridad y m\u00e1s en tu tienda en l\u00ednea","publisher":{"@id":"https:\/\/compuviper.mx\/tienda\/#organization"},"potentialAction":[{"@type":"SearchAction","target":{"@type":"EntryPoint","urlTemplate":"https:\/\/compuviper.mx\/tienda\/?s={search_term_string}"},"query-input":"required name=search_term_string"}],"inLanguage":"es-MX"},{"@type":"Organization","@id":"https:\/\/compuviper.mx\/tienda\/#organization","name":"Compuviper","url":"https:\/\/compuviper.mx\/tienda\/","logo":{"@type":"ImageObject","inLanguage":"es-MX","@id":"https:\/\/compuviper.mx\/tienda\/#\/schema\/logo\/image\/","url":"https:\/\/compuviper.mx\/tienda\/wp-content\/uploads\/2021\/08\/Logo-Compuviper-10.png","contentUrl":"https:\/\/compuviper.mx\/tienda\/wp-content\/uploads\/2021\/08\/Logo-Compuviper-10.png","width":1000,"height":500,"caption":"Compuviper"},"image":{"@id":"https:\/\/compuviper.mx\/tienda\/#\/schema\/logo\/image\/"},"sameAs":["https:\/\/www.facebook.com\/compuviper","https:\/\/www.youtube.com\/channel\/UCf73dERp9Y3cfOq7q8BhLjA?view_as=subscriber"]}]},"product_brand":"ASUS","product_price_amount":"20330","product_price_currency":"MXN","og_availability":"out of stock","product_availability":"out of stock","product_retailer_item_id":"P5405CSA-U516G512-P1","product_condition":"new"},"_links":{"self":[{"href":"https:\/\/compuviper.mx\/tienda\/wp-json\/wp\/v2\/product\/244664"}],"collection":[{"href":"https:\/\/compuviper.mx\/tienda\/wp-json\/wp\/v2\/product"}],"about":[{"href":"https:\/\/compuviper.mx\/tienda\/wp-json\/wp\/v2\/types\/product"}],"replies":[{"embeddable":true,"href":"https:\/\/compuviper.mx\/tienda\/wp-json\/wp\/v2\/comments?post=244664"}],"wp:featuredmedia":[{"embeddable":true,"href":"https:\/\/compuviper.mx\/tienda\/wp-json\/wp\/v2\/media\/260402"}],"wp:attachment":[{"href":"https:\/\/compuviper.mx\/tienda\/wp-json\/wp\/v2\/media?parent=244664"}],"wp:term":[{"taxonomy":"product_cat","embeddable":true,"href":"https:\/\/compuviper.mx\/tienda\/wp-json\/wp\/v2\/product_cat?post=244664"},{"taxonomy":"product_tag","embeddable":true,"href":"https:\/\/compuviper.mx\/tienda\/wp-json\/wp\/v2\/product_tag?post=244664"}],"curies":[{"name":"wp","href":"https:\/\/api.w.org\/{rel}","templated":true}]}}