{"id":244622,"date":"2026-04-17T00:00:59","date_gmt":"2026-04-17T06:00:59","guid":{"rendered":"https:\/\/compuviper.mx\/tienda\/producto\/epson-t55kd00-cartucho-ultrachrome-hdx-hd-violeta-700-ml\/"},"modified":"2026-04-17T00:00:59","modified_gmt":"2026-04-17T06:00:59","slug":"epson-t55kd00-cartucho-modelo-t55k-ultrachrome-hd-hdx-violeta-para-plotter-p6000-p7000-p8000-p9000-700-ml","status":"publish","type":"product","link":"https:\/\/compuviper.mx\/tienda\/producto\/epson-t55kd00-cartucho-modelo-t55k-ultrachrome-hd-hdx-violeta-para-plotter-p6000-p7000-p8000-p9000-700-ml\/","title":{"rendered":"Epson T55kd00 Cartucho  Modelo T55k Ultrachrome Hd \/ Hdx Violeta, Para Plotter P6000\/ P7000\/ P8000\/ P9000 700 Ml"},"content":{"rendered":"<table class=\"descripcion\">\n<tr>\n<td>Epson t55kd00, puede imprimir documentos, fotografias y otros materiales con colores magenta intensos y vibrantes. ya sea que necesite imprimir trabajos profesionales o personales, este cartucho es una excelente opcion para obtener resultados de alta calidad.<\/td>\n<\/tr>\n<\/table>\n","protected":false},"excerpt":{"rendered":"<p>El epson ultrachrome hdx\/hd violeta 700ml, t55kd00 es un cartucho de tinta original compatible con la marca epson. Este cartucho contiene 700 ml de tinta de color violeta y se vende en un solo paquete. Cada paquete incluye 1 pieza de cartucho de tinta de color. El epson ultrachrome hdx\/hd violeta 700ml, t55kd00 es perfecto para aquellos que buscan obtener impresiones de alta calidad en colores violeta  vibrantes. Con su volumen de tinta de 700 ml, este cartucho ofrece una gran capacidad de impresion, lo que significa menos interrupciones para reemplazar el cartucho.<\/p>\n","protected":false},"featured_media":259113,"comment_status":"open","ping_status":"open","template":"","meta":[],"product_cat":[1622,1623],"product_tag":[1624],"acf":[],"yoast_head":"<!-- This site is optimized with the Yoast SEO plugin v21.7 - https:\/\/yoast.com\/wordpress\/plugins\/seo\/ -->\n<title>[ Epson ] &#129351; T55kd00 Cartucho Modelo T55k Ultrachrome Hd \/ Hdx Violeta, Para Plotter P6000\/ P7000\/ P8000\/ P9000 700 Ml<\/title>\n<meta name=\"description\" content=\"Compra T55kd00 Cartucho Modelo T55k Ultrachrome Hd \/ Hdx Violeta, Para Plotter P6000\/ P7000\/ P8000\/ P9000 700 Ml + Env\u00edo a domicilio + Pago seguro + Garant\u00eda\" \/>\n<meta name=\"robots\" content=\"index, follow, max-snippet:-1, max-image-preview:large, max-video-preview:-1\" \/>\n<link rel=\"canonical\" href=\"https:\/\/compuviper.mx\/tienda\/producto\/epson-t55kd00-cartucho-modelo-t55k-ultrachrome-hd-hdx-violeta-para-plotter-p6000-p7000-p8000-p9000-700-ml\/\" \/>\n<meta property=\"og:locale\" content=\"es_MX\" \/>\n<meta property=\"og:type\" content=\"article\" \/>\n<meta property=\"og:title\" content=\"[ Epson ] &#129351; T55kd00 Cartucho Modelo T55k Ultrachrome Hd \/ Hdx Violeta, Para Plotter P6000\/ P7000\/ P8000\/ P9000 700 Ml\" \/>\n<meta property=\"og:description\" content=\"Compra T55kd00 Cartucho Modelo T55k Ultrachrome Hd \/ Hdx Violeta, Para Plotter P6000\/ P7000\/ P8000\/ P9000 700 Ml + Env\u00edo a domicilio + Pago seguro + Garant\u00eda\" \/>\n<meta property=\"og:url\" content=\"https:\/\/compuviper.mx\/tienda\/producto\/epson-t55kd00-cartucho-modelo-t55k-ultrachrome-hd-hdx-violeta-para-plotter-p6000-p7000-p8000-p9000-700-ml\/\" \/>\n<meta property=\"og:site_name\" content=\"Compuviper\" \/>\n<meta property=\"article:publisher\" content=\"https:\/\/www.facebook.com\/compuviper\" \/>\n<meta property=\"og:image\" content=\"https:\/\/compuviper.mx\/tienda\/wp-content\/uploads\/2025\/10\/Cartucho-epson-modelo-t55k-ultrachrome-hd-hdx-violeta-para-plotter-p6000-p7000-p8000-p9000-700-ml.jpg\" \/>\n\t<meta property=\"og:image:width\" content=\"200\" \/>\n\t<meta property=\"og:image:height\" content=\"200\" \/>\n\t<meta property=\"og:image:type\" content=\"image\/jpeg\" \/>\n<meta name=\"twitter:card\" content=\"summary_large_image\" \/>\n<meta name=\"twitter:label1\" content=\"Precio\" \/>\n\t<meta name=\"twitter:data1\" content=\"&#36;4,393 &#36;4,348 con IVA\" \/>\n\t<meta name=\"twitter:label2\" content=\"Availability\" \/>\n\t<meta name=\"twitter:data2\" content=\"Out of stock\" \/>\n<script type=\"application\/ld+json\" class=\"yoast-schema-graph\">{\"@context\":\"https:\/\/schema.org\",\"@graph\":[{\"@type\":\"WebPage\",\"@id\":\"https:\/\/compuviper.mx\/tienda\/producto\/epson-t55kd00-cartucho-modelo-t55k-ultrachrome-hd-hdx-violeta-para-plotter-p6000-p7000-p8000-p9000-700-ml\/\",\"url\":\"https:\/\/compuviper.mx\/tienda\/producto\/epson-t55kd00-cartucho-modelo-t55k-ultrachrome-hd-hdx-violeta-para-plotter-p6000-p7000-p8000-p9000-700-ml\/\",\"name\":\"[ Epson ] &#129351; T55kd00 Cartucho Modelo T55k Ultrachrome Hd \/ Hdx Violeta, Para Plotter P6000\/ P7000\/ P8000\/ P9000 700 Ml\",\"isPartOf\":{\"@id\":\"https:\/\/compuviper.mx\/tienda\/#website\"},\"datePublished\":\"2026-04-17T06:00:59+00:00\",\"dateModified\":\"2026-04-17T06:00:59+00:00\",\"description\":\"Compra T55kd00 Cartucho Modelo T55k Ultrachrome Hd \/ Hdx Violeta, Para Plotter P6000\/ P7000\/ P8000\/ P9000 700 Ml + Env\u00edo a domicilio + Pago seguro + Garant\u00eda\",\"breadcrumb\":{\"@id\":\"https:\/\/compuviper.mx\/tienda\/producto\/epson-t55kd00-cartucho-modelo-t55k-ultrachrome-hd-hdx-violeta-para-plotter-p6000-p7000-p8000-p9000-700-ml\/#breadcrumb\"},\"inLanguage\":\"es-MX\",\"potentialAction\":[{\"@type\":\"ReadAction\",\"target\":[\"https:\/\/compuviper.mx\/tienda\/producto\/epson-t55kd00-cartucho-modelo-t55k-ultrachrome-hd-hdx-violeta-para-plotter-p6000-p7000-p8000-p9000-700-ml\/\"]}]},{\"@type\":\"BreadcrumbList\",\"@id\":\"https:\/\/compuviper.mx\/tienda\/producto\/epson-t55kd00-cartucho-modelo-t55k-ultrachrome-hd-hdx-violeta-para-plotter-p6000-p7000-p8000-p9000-700-ml\/#breadcrumb\",\"itemListElement\":[{\"@type\":\"ListItem\",\"position\":1,\"name\":\"Inicio\",\"item\":\"https:\/\/compuviper.mx\/tienda\/\"},{\"@type\":\"ListItem\",\"position\":2,\"name\":\"Productos\",\"item\":\"https:\/\/compuviper.mx\/tienda\/productos\/\"},{\"@type\":\"ListItem\",\"position\":3,\"name\":\"Consumibles\",\"item\":\"https:\/\/compuviper.mx\/tienda\/categoria-producto\/consumibles\/\"},{\"@type\":\"ListItem\",\"position\":4,\"name\":\"Cartucho\",\"item\":\"https:\/\/compuviper.mx\/tienda\/categoria-producto\/consumibles\/cartucho\/\"},{\"@type\":\"ListItem\",\"position\":5,\"name\":\"Epson T55kd00 Cartucho Modelo T55k Ultrachrome Hd \/ Hdx Violeta, Para Plotter P6000\/ P7000\/ P8000\/ P9000 700 Ml\"}]},{\"@type\":\"WebSite\",\"@id\":\"https:\/\/compuviper.mx\/tienda\/#website\",\"url\":\"https:\/\/compuviper.mx\/tienda\/\",\"name\":\"Compuviper\",\"description\":\"Proveedor de Computadoras, Laptops, Servidores, Monitores, Puntos de Venta, Teclados,   Impresoras, T\u00f3ner, C\u00e1maras de Seguridad y m\u00e1s en tu tienda en l\u00ednea\",\"publisher\":{\"@id\":\"https:\/\/compuviper.mx\/tienda\/#organization\"},\"potentialAction\":[{\"@type\":\"SearchAction\",\"target\":{\"@type\":\"EntryPoint\",\"urlTemplate\":\"https:\/\/compuviper.mx\/tienda\/?s={search_term_string}\"},\"query-input\":\"required name=search_term_string\"}],\"inLanguage\":\"es-MX\"},{\"@type\":\"Organization\",\"@id\":\"https:\/\/compuviper.mx\/tienda\/#organization\",\"name\":\"Compuviper\",\"url\":\"https:\/\/compuviper.mx\/tienda\/\",\"logo\":{\"@type\":\"ImageObject\",\"inLanguage\":\"es-MX\",\"@id\":\"https:\/\/compuviper.mx\/tienda\/#\/schema\/logo\/image\/\",\"url\":\"https:\/\/compuviper.mx\/tienda\/wp-content\/uploads\/2021\/08\/Logo-Compuviper-10.png\",\"contentUrl\":\"https:\/\/compuviper.mx\/tienda\/wp-content\/uploads\/2021\/08\/Logo-Compuviper-10.png\",\"width\":1000,\"height\":500,\"caption\":\"Compuviper\"},\"image\":{\"@id\":\"https:\/\/compuviper.mx\/tienda\/#\/schema\/logo\/image\/\"},\"sameAs\":[\"https:\/\/www.facebook.com\/compuviper\",\"https:\/\/www.youtube.com\/channel\/UCf73dERp9Y3cfOq7q8BhLjA?view_as=subscriber\"]}]}<\/script>\n<meta property=\"product:brand\" content=\"EPSON\" \/>\n<meta property=\"product:price:amount\" content=\"4348\" \/>\n<meta property=\"product:price:currency\" content=\"MXN\" \/>\n<meta property=\"og:availability\" content=\"out of stock\" \/>\n<meta property=\"product:availability\" content=\"out of stock\" \/>\n<meta property=\"product:retailer_item_id\" content=\"T55KD00\" \/>\n<meta property=\"product:condition\" content=\"new\" \/>\n<!-- \/ Yoast SEO plugin. -->","yoast_head_json":{"title":"[ Epson ] &#129351; T55kd00 Cartucho Modelo T55k Ultrachrome Hd \/ Hdx Violeta, Para Plotter P6000\/ P7000\/ P8000\/ P9000 700 Ml","description":"Compra T55kd00 Cartucho Modelo T55k Ultrachrome Hd \/ Hdx Violeta, Para Plotter P6000\/ P7000\/ P8000\/ P9000 700 Ml + Env\u00edo a domicilio + Pago seguro + Garant\u00eda","robots":{"index":"index","follow":"follow","max-snippet":"max-snippet:-1","max-image-preview":"max-image-preview:large","max-video-preview":"max-video-preview:-1"},"canonical":"https:\/\/compuviper.mx\/tienda\/producto\/epson-t55kd00-cartucho-modelo-t55k-ultrachrome-hd-hdx-violeta-para-plotter-p6000-p7000-p8000-p9000-700-ml\/","og_locale":"es_MX","og_type":"article","og_title":"[ Epson ] &#129351; T55kd00 Cartucho Modelo T55k Ultrachrome Hd \/ Hdx Violeta, Para Plotter P6000\/ P7000\/ P8000\/ P9000 700 Ml","og_description":"Compra T55kd00 Cartucho Modelo T55k Ultrachrome Hd \/ Hdx Violeta, Para Plotter P6000\/ P7000\/ P8000\/ P9000 700 Ml + Env\u00edo a domicilio + Pago seguro + Garant\u00eda","og_url":"https:\/\/compuviper.mx\/tienda\/producto\/epson-t55kd00-cartucho-modelo-t55k-ultrachrome-hd-hdx-violeta-para-plotter-p6000-p7000-p8000-p9000-700-ml\/","og_site_name":"Compuviper","article_publisher":"https:\/\/www.facebook.com\/compuviper","og_image":[{"width":200,"height":200,"url":"https:\/\/compuviper.mx\/tienda\/wp-content\/uploads\/2025\/10\/Cartucho-epson-modelo-t55k-ultrachrome-hd-hdx-violeta-para-plotter-p6000-p7000-p8000-p9000-700-ml.jpg","type":"image\/jpeg"}],"twitter_card":"summary_large_image","twitter_misc":{"Precio":"&#36;4,393 &#36;4,348 con IVA","Availability":"Out of stock"},"schema":{"@context":"https:\/\/schema.org","@graph":[{"@type":"WebPage","@id":"https:\/\/compuviper.mx\/tienda\/producto\/epson-t55kd00-cartucho-modelo-t55k-ultrachrome-hd-hdx-violeta-para-plotter-p6000-p7000-p8000-p9000-700-ml\/","url":"https:\/\/compuviper.mx\/tienda\/producto\/epson-t55kd00-cartucho-modelo-t55k-ultrachrome-hd-hdx-violeta-para-plotter-p6000-p7000-p8000-p9000-700-ml\/","name":"[ Epson ] &#129351; T55kd00 Cartucho Modelo T55k Ultrachrome Hd \/ Hdx Violeta, Para Plotter P6000\/ P7000\/ P8000\/ P9000 700 Ml","isPartOf":{"@id":"https:\/\/compuviper.mx\/tienda\/#website"},"datePublished":"2026-04-17T06:00:59+00:00","dateModified":"2026-04-17T06:00:59+00:00","description":"Compra T55kd00 Cartucho Modelo T55k Ultrachrome Hd \/ Hdx Violeta, Para Plotter P6000\/ P7000\/ P8000\/ P9000 700 Ml + Env\u00edo a domicilio + Pago seguro + Garant\u00eda","breadcrumb":{"@id":"https:\/\/compuviper.mx\/tienda\/producto\/epson-t55kd00-cartucho-modelo-t55k-ultrachrome-hd-hdx-violeta-para-plotter-p6000-p7000-p8000-p9000-700-ml\/#breadcrumb"},"inLanguage":"es-MX","potentialAction":[{"@type":"ReadAction","target":["https:\/\/compuviper.mx\/tienda\/producto\/epson-t55kd00-cartucho-modelo-t55k-ultrachrome-hd-hdx-violeta-para-plotter-p6000-p7000-p8000-p9000-700-ml\/"]}]},{"@type":"BreadcrumbList","@id":"https:\/\/compuviper.mx\/tienda\/producto\/epson-t55kd00-cartucho-modelo-t55k-ultrachrome-hd-hdx-violeta-para-plotter-p6000-p7000-p8000-p9000-700-ml\/#breadcrumb","itemListElement":[{"@type":"ListItem","position":1,"name":"Inicio","item":"https:\/\/compuviper.mx\/tienda\/"},{"@type":"ListItem","position":2,"name":"Productos","item":"https:\/\/compuviper.mx\/tienda\/productos\/"},{"@type":"ListItem","position":3,"name":"Consumibles","item":"https:\/\/compuviper.mx\/tienda\/categoria-producto\/consumibles\/"},{"@type":"ListItem","position":4,"name":"Cartucho","item":"https:\/\/compuviper.mx\/tienda\/categoria-producto\/consumibles\/cartucho\/"},{"@type":"ListItem","position":5,"name":"Epson T55kd00 Cartucho Modelo T55k Ultrachrome Hd \/ Hdx Violeta, Para Plotter P6000\/ P7000\/ P8000\/ P9000 700 Ml"}]},{"@type":"WebSite","@id":"https:\/\/compuviper.mx\/tienda\/#website","url":"https:\/\/compuviper.mx\/tienda\/","name":"Compuviper","description":"Proveedor de Computadoras, Laptops, Servidores, Monitores, Puntos de Venta, Teclados,   Impresoras, T\u00f3ner, C\u00e1maras de Seguridad y m\u00e1s en tu tienda en l\u00ednea","publisher":{"@id":"https:\/\/compuviper.mx\/tienda\/#organization"},"potentialAction":[{"@type":"SearchAction","target":{"@type":"EntryPoint","urlTemplate":"https:\/\/compuviper.mx\/tienda\/?s={search_term_string}"},"query-input":"required name=search_term_string"}],"inLanguage":"es-MX"},{"@type":"Organization","@id":"https:\/\/compuviper.mx\/tienda\/#organization","name":"Compuviper","url":"https:\/\/compuviper.mx\/tienda\/","logo":{"@type":"ImageObject","inLanguage":"es-MX","@id":"https:\/\/compuviper.mx\/tienda\/#\/schema\/logo\/image\/","url":"https:\/\/compuviper.mx\/tienda\/wp-content\/uploads\/2021\/08\/Logo-Compuviper-10.png","contentUrl":"https:\/\/compuviper.mx\/tienda\/wp-content\/uploads\/2021\/08\/Logo-Compuviper-10.png","width":1000,"height":500,"caption":"Compuviper"},"image":{"@id":"https:\/\/compuviper.mx\/tienda\/#\/schema\/logo\/image\/"},"sameAs":["https:\/\/www.facebook.com\/compuviper","https:\/\/www.youtube.com\/channel\/UCf73dERp9Y3cfOq7q8BhLjA?view_as=subscriber"]}]},"product_brand":"EPSON","product_price_amount":"4348","product_price_currency":"MXN","og_availability":"out of stock","product_availability":"out of stock","product_retailer_item_id":"T55KD00","product_condition":"new"},"_links":{"self":[{"href":"https:\/\/compuviper.mx\/tienda\/wp-json\/wp\/v2\/product\/244622"}],"collection":[{"href":"https:\/\/compuviper.mx\/tienda\/wp-json\/wp\/v2\/product"}],"about":[{"href":"https:\/\/compuviper.mx\/tienda\/wp-json\/wp\/v2\/types\/product"}],"replies":[{"embeddable":true,"href":"https:\/\/compuviper.mx\/tienda\/wp-json\/wp\/v2\/comments?post=244622"}],"wp:featuredmedia":[{"embeddable":true,"href":"https:\/\/compuviper.mx\/tienda\/wp-json\/wp\/v2\/media\/259113"}],"wp:attachment":[{"href":"https:\/\/compuviper.mx\/tienda\/wp-json\/wp\/v2\/media?parent=244622"}],"wp:term":[{"taxonomy":"product_cat","embeddable":true,"href":"https:\/\/compuviper.mx\/tienda\/wp-json\/wp\/v2\/product_cat?post=244622"},{"taxonomy":"product_tag","embeddable":true,"href":"https:\/\/compuviper.mx\/tienda\/wp-json\/wp\/v2\/product_tag?post=244622"}],"curies":[{"name":"wp","href":"https:\/\/api.w.org\/{rel}","templated":true}]}}