{"id":244596,"date":"2026-04-09T01:31:18","date_gmt":"2026-04-09T07:31:18","guid":{"rendered":"https:\/\/compuviper.mx\/tienda\/producto\/lenovo-21kfs0vq00-laptop-thinkpad-x1-2-in-1-gen9-core-ultra-7-155u-max-4-8ghz-16gb-soldered-lpddr5x-6400-512gb-ssd-m-2-2280-14-wuxga-multi-touch-backlitspanish-no-ethernet-win-11-pro-3y-prem\/"},"modified":"2026-04-09T01:31:19","modified_gmt":"2026-04-09T07:31:19","slug":"lenovo-21kfs0vq00-laptop-thinkpad-x1-2-in-1-gen-9-core-ultra-7-155u-4-8ghz-16gb-lpddr5x-512gb-ssd-14-wuxga-1920x1200-touch-backlit-keyboard-con-pluma-win-11-pro-3yr-premier-support","status":"publish","type":"product","link":"https:\/\/compuviper.mx\/tienda\/producto\/lenovo-21kfs0vq00-laptop-thinkpad-x1-2-in-1-gen-9-core-ultra-7-155u-4-8ghz-16gb-lpddr5x-512gb-ssd-14-wuxga-1920x1200-touch-backlit-keyboard-con-pluma-win-11-pro-3yr-premier-support\/","title":{"rendered":"Lenovo 21kfs0vq00 Laptop  Thinkpad X1 2-in-1 Gen 9 \/ Core Ultra 7 155u 4.8ghz \/ 16gb Lpddr5x \/ 512gb Ssd \/ 14 Wuxga (1920&#215;1200) Touch \/ Backlit Keyboard \/ Con Pluma \/ Win 11 Pro \/ 3yr Premier Support"},"content":{"rendered":"<table class=\"descripcion\">\n<tr>\n<td>Thinkpad x1 2-in-1 gen 9<\/td>\n<\/tr>\n<tr>\n<td>Part number : 21kfs0vq00<\/td>\n<\/tr>\n<tr>\n<td>Processor:intel core ultra 7 155u, 12c (2p + 8e + 2lpe) \/ 14t, max turbo up to 4.8ghz, 12mb<\/td>\n<\/tr>\n<tr>\n<td>Ai pc  category: ai pc<\/td>\n<\/tr>\n<tr>\n<td>Npu:intel ai boost, up to 11 tops<\/td>\n<\/tr>\n<tr>\n<td>Graphics: integrated intel graphics<\/td>\n<\/tr>\n<tr>\n<td>Chipset: intel soc platform<\/td>\n<\/tr>\n<tr>\n<td>Memory:16gb soldered lpddr5x-6400<\/td>\n<\/tr>\n<tr>\n<td>Memory slots: memory soldered to systemboard, no slots, 8-channel<\/td>\n<\/tr>\n<tr>\n<td>Max memory:16gb soldered memory, not upgradable<\/td>\n<\/tr>\n<tr>\n<td>Storage:512gb ssd m.2 2280 pcie 4.0&#215;4 nvme opal 2.0<\/td>\n<\/tr>\n<tr>\n<td>Storage support: one drive, up to 2tb m.2 2280 ssd<\/td>\n<\/tr>\n<tr>\n<td>Storage slot: one m.2 2280 pcie\u00ae 4.0 x4 slot<\/td>\n<\/tr>\n<tr>\n<td>Battery: integrated 57wh<\/td>\n<\/tr>\n<tr>\n<td>Power adapter: 65w usb-c (2-pin)<\/td>\n<\/tr>\n<tr>\n<td>Display:14 wuxga (1920&#215;1200) ips 400nits anti-glare \/ anti-smudge, 100% srgb, 60hz, low power, touch<\/td>\n<\/tr>\n<tr>\n<td>Touchscreen:ogs, 10-point multi-touch<\/td>\n<\/tr>\n<tr>\n<td>Pen:lenovo slim pen<\/td>\n<\/tr>\n<tr>\n<td>Keyboard: backlit, spanish (la)<\/td>\n<\/tr>\n<tr>\n<td>Touchpad: trackpad<\/td>\n<\/tr>\n<tr>\n<td>Case color: grey<\/td>\n<\/tr>\n<tr>\n<td>Case material: aluminium (top), aluminium (bottom)<\/td>\n<\/tr>\n<tr>\n<td>Dimensions:312.80 x 217.65 x 15.49 mm (12.31 x 8.57 x 0.61 inches)<\/td>\n<\/tr>\n<tr>\n<td>Operating system: windows\u00ae 11 pro, spanish<\/td>\n<\/tr>\n<tr>\n<td>Bundled software:intel connectivity performance suite<\/td>\n<\/tr>\n<tr>\n<td>Ethernet: no onboard ethernet<\/td>\n<\/tr>\n<tr>\n<td>Wlan + bluetooth: intel wi-fi\u00ae 6e ax211, 802.11ax 2&#215;2 + bt5.3<\/td>\n<\/tr>\n<tr>\n<td>Standard ports: 1x usb-a (usb 5gbps \/ usb 3.2 gen 1)<\/td>\n<\/tr>\n<tr>\n<td>1x usb-a (usb 5gbps \/ usb 3.2 gen 1), always on<\/td>\n<\/tr>\n<tr>\n<td>2x usb-c\u00ae (thunderbolt\u0099 4 \/ usb4\u00ae 40gbps), with usb pd 3.0 and displayport\u0099 2.1<\/td>\n<\/tr>\n<tr>\n<td>1x hdmi\u00ae 2.1, up to 4k\/60hz<\/td>\n<\/tr>\n<tr>\n<td>1x headphone \/ microphone combo jack (3.5mm)<\/td>\n<\/tr>\n<tr>\n<td>Security chip: discrete tpm 2.0 enabled<\/td>\n<\/tr>\n<tr>\n<td>Fingerprint reader: touch style, match-on-chip, in keyboard key<\/td>\n<\/tr>\n<tr>\n<td>Physical locks: kensington\u00ae nano security slot\u0099, 2.5 x 6 mm<\/td>\n<\/tr>\n<tr>\n<td>Base warranty: 1-year, courier or carry-in<\/td>\n<\/tr>\n<tr>\n<td>Included upgrade: 3y premier support upgrade from 1y courier\/carry-in<\/td>\n<\/tr>\n<\/table>\n","protected":false},"excerpt":{"rendered":"<p>Lenovo thinkpad x1 2-en-1 9na gen (14\u0094, intel. Reinventa tus l\u00edmites. Con los procesadores intel\u00ae core\u0099 ultra, la lenovo thinkpad x1 2-en-1 9na gen (14\u0094, intel) lleva la potencia de la ia a la vanguardia. Disfruta de un rendimiento optimizado con motores de ia dedicados, inclu\u00edda la unidad de procesamiento neuronal (npu) de baja potencia que te permite hacer mucho m\u00e1s con la energ\u00eda de la bater\u00eda. Realiza tareas m\u00faltiples con la velocidad de la memoria lpddr5x.<\/p>\n","protected":false},"featured_media":260394,"comment_status":"open","ping_status":"open","template":"","meta":[],"product_cat":[1886,1890],"product_tag":[1578],"acf":[],"yoast_head":"<!-- This site is optimized with the Yoast SEO plugin v21.7 - https:\/\/yoast.com\/wordpress\/plugins\/seo\/ -->\n<title>[ Lenovo ] &#129351; 21kfs0vq00 Laptop Thinkpad X1 2-in-1 Gen 9 \/ Core Ultra 7 155u 4.8ghz \/ 16gb Lpddr5x \/ 512gb Ssd \/ 14 Wuxga (1920x1200) Touch \/ Backlit Keyboard \/ Con Pluma \/ Win 11 Pro \/ 3yr Premier Support<\/title>\n<meta name=\"description\" content=\"Compra 21kfs0vq00 Laptop Thinkpad X1 2-in-1 Gen 9 \/ Core Ultra 7 155u 4.8ghz \/ 16gb Lpddr5x \/ 512gb Ssd \/ 14 Wuxga (1920x1200) Touch \/ Backlit Keyboard \/ Con Pluma \/ Win 11 Pro \/ 3yr Premier Support + Env\u00edo a domicilio + Pago seguro + Garant\u00eda\" \/>\n<meta name=\"robots\" content=\"index, follow, max-snippet:-1, max-image-preview:large, max-video-preview:-1\" \/>\n<link rel=\"canonical\" href=\"https:\/\/compuviper.mx\/tienda\/producto\/lenovo-21kfs0vq00-laptop-thinkpad-x1-2-in-1-gen-9-core-ultra-7-155u-4-8ghz-16gb-lpddr5x-512gb-ssd-14-wuxga-1920x1200-touch-backlit-keyboard-con-pluma-win-11-pro-3yr-premier-support\/\" \/>\n<meta property=\"og:locale\" content=\"es_MX\" \/>\n<meta property=\"og:type\" content=\"article\" \/>\n<meta property=\"og:title\" content=\"[ Lenovo ] &#129351; 21kfs0vq00 Laptop Thinkpad X1 2-in-1 Gen 9 \/ Core Ultra 7 155u 4.8ghz \/ 16gb Lpddr5x \/ 512gb Ssd \/ 14 Wuxga (1920x1200) Touch \/ Backlit Keyboard \/ Con Pluma \/ Win 11 Pro \/ 3yr Premier Support\" \/>\n<meta property=\"og:description\" content=\"Compra 21kfs0vq00 Laptop Thinkpad X1 2-in-1 Gen 9 \/ Core Ultra 7 155u 4.8ghz \/ 16gb Lpddr5x \/ 512gb Ssd \/ 14 Wuxga (1920x1200) Touch \/ Backlit Keyboard \/ Con Pluma \/ Win 11 Pro \/ 3yr Premier Support + Env\u00edo a domicilio + Pago seguro + Garant\u00eda\" \/>\n<meta property=\"og:url\" content=\"https:\/\/compuviper.mx\/tienda\/producto\/lenovo-21kfs0vq00-laptop-thinkpad-x1-2-in-1-gen-9-core-ultra-7-155u-4-8ghz-16gb-lpddr5x-512gb-ssd-14-wuxga-1920x1200-touch-backlit-keyboard-con-pluma-win-11-pro-3yr-premier-support\/\" \/>\n<meta property=\"og:site_name\" content=\"Compuviper\" \/>\n<meta property=\"article:publisher\" content=\"https:\/\/www.facebook.com\/compuviper\" \/>\n<meta property=\"article:modified_time\" content=\"2026-04-09T07:31:19+00:00\" \/>\n<meta property=\"og:image\" content=\"https:\/\/compuviper.mx\/tienda\/wp-content\/uploads\/2025\/10\/Laptop-lenovo-thinkpad-x1-2-in-1-gen-9-core-ultra-7-155u-4.8ghz-16gb-lpddr5x-512gb-ssd-14-wuxga-1920x1200-touch-backlit-keyboard-con-pluma-win-11-pro-3yr-premier-support.jpg\" \/>\n\t<meta property=\"og:image:width\" content=\"200\" \/>\n\t<meta property=\"og:image:height\" content=\"200\" \/>\n\t<meta property=\"og:image:type\" content=\"image\/jpeg\" \/>\n<meta name=\"twitter:card\" content=\"summary_large_image\" \/>\n<meta name=\"twitter:label1\" content=\"Precio\" \/>\n\t<meta name=\"twitter:data1\" content=\"&#36;41,189 &#36;40,434 con IVA\" \/>\n\t<meta name=\"twitter:label2\" content=\"Availability\" \/>\n\t<meta name=\"twitter:data2\" content=\"In stock\" \/>\n<script type=\"application\/ld+json\" class=\"yoast-schema-graph\">{\"@context\":\"https:\/\/schema.org\",\"@graph\":[{\"@type\":\"WebPage\",\"@id\":\"https:\/\/compuviper.mx\/tienda\/producto\/lenovo-21kfs0vq00-laptop-thinkpad-x1-2-in-1-gen-9-core-ultra-7-155u-4-8ghz-16gb-lpddr5x-512gb-ssd-14-wuxga-1920x1200-touch-backlit-keyboard-con-pluma-win-11-pro-3yr-premier-support\/\",\"url\":\"https:\/\/compuviper.mx\/tienda\/producto\/lenovo-21kfs0vq00-laptop-thinkpad-x1-2-in-1-gen-9-core-ultra-7-155u-4-8ghz-16gb-lpddr5x-512gb-ssd-14-wuxga-1920x1200-touch-backlit-keyboard-con-pluma-win-11-pro-3yr-premier-support\/\",\"name\":\"[ Lenovo ] &#129351; 21kfs0vq00 Laptop Thinkpad X1 2-in-1 Gen 9 \/ Core Ultra 7 155u 4.8ghz \/ 16gb Lpddr5x \/ 512gb Ssd \/ 14 Wuxga (1920x1200) Touch \/ Backlit Keyboard \/ Con Pluma \/ Win 11 Pro \/ 3yr Premier Support\",\"isPartOf\":{\"@id\":\"https:\/\/compuviper.mx\/tienda\/#website\"},\"datePublished\":\"2026-04-09T07:31:18+00:00\",\"dateModified\":\"2026-04-09T07:31:19+00:00\",\"description\":\"Compra 21kfs0vq00 Laptop Thinkpad X1 2-in-1 Gen 9 \/ Core Ultra 7 155u 4.8ghz \/ 16gb Lpddr5x \/ 512gb Ssd \/ 14 Wuxga (1920x1200) Touch \/ Backlit Keyboard \/ Con Pluma \/ Win 11 Pro \/ 3yr Premier Support + Env\u00edo a domicilio + Pago seguro + Garant\u00eda\",\"breadcrumb\":{\"@id\":\"https:\/\/compuviper.mx\/tienda\/producto\/lenovo-21kfs0vq00-laptop-thinkpad-x1-2-in-1-gen-9-core-ultra-7-155u-4-8ghz-16gb-lpddr5x-512gb-ssd-14-wuxga-1920x1200-touch-backlit-keyboard-con-pluma-win-11-pro-3yr-premier-support\/#breadcrumb\"},\"inLanguage\":\"es-MX\",\"potentialAction\":[{\"@type\":\"ReadAction\",\"target\":[\"https:\/\/compuviper.mx\/tienda\/producto\/lenovo-21kfs0vq00-laptop-thinkpad-x1-2-in-1-gen-9-core-ultra-7-155u-4-8ghz-16gb-lpddr5x-512gb-ssd-14-wuxga-1920x1200-touch-backlit-keyboard-con-pluma-win-11-pro-3yr-premier-support\/\"]}]},{\"@type\":\"BreadcrumbList\",\"@id\":\"https:\/\/compuviper.mx\/tienda\/producto\/lenovo-21kfs0vq00-laptop-thinkpad-x1-2-in-1-gen-9-core-ultra-7-155u-4-8ghz-16gb-lpddr5x-512gb-ssd-14-wuxga-1920x1200-touch-backlit-keyboard-con-pluma-win-11-pro-3yr-premier-support\/#breadcrumb\",\"itemListElement\":[{\"@type\":\"ListItem\",\"position\":1,\"name\":\"Inicio\",\"item\":\"https:\/\/compuviper.mx\/tienda\/\"},{\"@type\":\"ListItem\",\"position\":2,\"name\":\"Productos\",\"item\":\"https:\/\/compuviper.mx\/tienda\/productos\/\"},{\"@type\":\"ListItem\",\"position\":3,\"name\":\"Laptops\",\"item\":\"https:\/\/compuviper.mx\/tienda\/categoria-producto\/laptops\/\"},{\"@type\":\"ListItem\",\"position\":4,\"name\":\"Ultrabook\",\"item\":\"https:\/\/compuviper.mx\/tienda\/categoria-producto\/laptops\/ultrabook-laptops\/\"},{\"@type\":\"ListItem\",\"position\":5,\"name\":\"Lenovo 21kfs0vq00 Laptop Thinkpad X1 2-in-1 Gen 9 \/ Core Ultra 7 155u 4.8ghz \/ 16gb Lpddr5x \/ 512gb Ssd \/ 14 Wuxga (1920&#215;1200) Touch \/ Backlit Keyboard \/ Con Pluma \/ Win 11 Pro \/ 3yr Premier Support\"}]},{\"@type\":\"WebSite\",\"@id\":\"https:\/\/compuviper.mx\/tienda\/#website\",\"url\":\"https:\/\/compuviper.mx\/tienda\/\",\"name\":\"Compuviper\",\"description\":\"Proveedor de Computadoras, Laptops, Servidores, Monitores, Puntos de Venta, Teclados,   Impresoras, T\u00f3ner, C\u00e1maras de Seguridad y m\u00e1s en tu tienda en l\u00ednea\",\"publisher\":{\"@id\":\"https:\/\/compuviper.mx\/tienda\/#organization\"},\"potentialAction\":[{\"@type\":\"SearchAction\",\"target\":{\"@type\":\"EntryPoint\",\"urlTemplate\":\"https:\/\/compuviper.mx\/tienda\/?s={search_term_string}\"},\"query-input\":\"required name=search_term_string\"}],\"inLanguage\":\"es-MX\"},{\"@type\":\"Organization\",\"@id\":\"https:\/\/compuviper.mx\/tienda\/#organization\",\"name\":\"Compuviper\",\"url\":\"https:\/\/compuviper.mx\/tienda\/\",\"logo\":{\"@type\":\"ImageObject\",\"inLanguage\":\"es-MX\",\"@id\":\"https:\/\/compuviper.mx\/tienda\/#\/schema\/logo\/image\/\",\"url\":\"https:\/\/compuviper.mx\/tienda\/wp-content\/uploads\/2021\/08\/Logo-Compuviper-10.png\",\"contentUrl\":\"https:\/\/compuviper.mx\/tienda\/wp-content\/uploads\/2021\/08\/Logo-Compuviper-10.png\",\"width\":1000,\"height\":500,\"caption\":\"Compuviper\"},\"image\":{\"@id\":\"https:\/\/compuviper.mx\/tienda\/#\/schema\/logo\/image\/\"},\"sameAs\":[\"https:\/\/www.facebook.com\/compuviper\",\"https:\/\/www.youtube.com\/channel\/UCf73dERp9Y3cfOq7q8BhLjA?view_as=subscriber\"]}]}<\/script>\n<meta property=\"product:brand\" content=\"LENOVO\" \/>\n<meta property=\"product:price:amount\" content=\"40434\" \/>\n<meta property=\"product:price:currency\" content=\"MXN\" \/>\n<meta property=\"og:availability\" content=\"instock\" \/>\n<meta property=\"product:availability\" content=\"instock\" \/>\n<meta property=\"product:retailer_item_id\" content=\"21KFS0VQ00\" \/>\n<meta property=\"product:condition\" content=\"new\" \/>\n<!-- \/ Yoast SEO plugin. -->","yoast_head_json":{"title":"[ Lenovo ] &#129351; 21kfs0vq00 Laptop Thinkpad X1 2-in-1 Gen 9 \/ Core Ultra 7 155u 4.8ghz \/ 16gb Lpddr5x \/ 512gb Ssd \/ 14 Wuxga (1920x1200) Touch \/ Backlit Keyboard \/ Con Pluma \/ Win 11 Pro \/ 3yr Premier Support","description":"Compra 21kfs0vq00 Laptop Thinkpad X1 2-in-1 Gen 9 \/ Core Ultra 7 155u 4.8ghz \/ 16gb Lpddr5x \/ 512gb Ssd \/ 14 Wuxga (1920x1200) Touch \/ Backlit Keyboard \/ Con Pluma \/ Win 11 Pro \/ 3yr Premier Support + Env\u00edo a domicilio + Pago seguro + Garant\u00eda","robots":{"index":"index","follow":"follow","max-snippet":"max-snippet:-1","max-image-preview":"max-image-preview:large","max-video-preview":"max-video-preview:-1"},"canonical":"https:\/\/compuviper.mx\/tienda\/producto\/lenovo-21kfs0vq00-laptop-thinkpad-x1-2-in-1-gen-9-core-ultra-7-155u-4-8ghz-16gb-lpddr5x-512gb-ssd-14-wuxga-1920x1200-touch-backlit-keyboard-con-pluma-win-11-pro-3yr-premier-support\/","og_locale":"es_MX","og_type":"article","og_title":"[ Lenovo ] &#129351; 21kfs0vq00 Laptop Thinkpad X1 2-in-1 Gen 9 \/ Core Ultra 7 155u 4.8ghz \/ 16gb Lpddr5x \/ 512gb Ssd \/ 14 Wuxga (1920x1200) Touch \/ Backlit Keyboard \/ Con Pluma \/ Win 11 Pro \/ 3yr Premier Support","og_description":"Compra 21kfs0vq00 Laptop Thinkpad X1 2-in-1 Gen 9 \/ Core Ultra 7 155u 4.8ghz \/ 16gb Lpddr5x \/ 512gb Ssd \/ 14 Wuxga (1920x1200) Touch \/ Backlit Keyboard \/ Con Pluma \/ Win 11 Pro \/ 3yr Premier Support + Env\u00edo a domicilio + Pago seguro + Garant\u00eda","og_url":"https:\/\/compuviper.mx\/tienda\/producto\/lenovo-21kfs0vq00-laptop-thinkpad-x1-2-in-1-gen-9-core-ultra-7-155u-4-8ghz-16gb-lpddr5x-512gb-ssd-14-wuxga-1920x1200-touch-backlit-keyboard-con-pluma-win-11-pro-3yr-premier-support\/","og_site_name":"Compuviper","article_publisher":"https:\/\/www.facebook.com\/compuviper","article_modified_time":"2026-04-09T07:31:19+00:00","og_image":[{"width":200,"height":200,"url":"https:\/\/compuviper.mx\/tienda\/wp-content\/uploads\/2025\/10\/Laptop-lenovo-thinkpad-x1-2-in-1-gen-9-core-ultra-7-155u-4.8ghz-16gb-lpddr5x-512gb-ssd-14-wuxga-1920x1200-touch-backlit-keyboard-con-pluma-win-11-pro-3yr-premier-support.jpg","type":"image\/jpeg"}],"twitter_card":"summary_large_image","twitter_misc":{"Precio":"&#36;41,189 &#36;40,434 con IVA","Availability":"In stock"},"schema":{"@context":"https:\/\/schema.org","@graph":[{"@type":"WebPage","@id":"https:\/\/compuviper.mx\/tienda\/producto\/lenovo-21kfs0vq00-laptop-thinkpad-x1-2-in-1-gen-9-core-ultra-7-155u-4-8ghz-16gb-lpddr5x-512gb-ssd-14-wuxga-1920x1200-touch-backlit-keyboard-con-pluma-win-11-pro-3yr-premier-support\/","url":"https:\/\/compuviper.mx\/tienda\/producto\/lenovo-21kfs0vq00-laptop-thinkpad-x1-2-in-1-gen-9-core-ultra-7-155u-4-8ghz-16gb-lpddr5x-512gb-ssd-14-wuxga-1920x1200-touch-backlit-keyboard-con-pluma-win-11-pro-3yr-premier-support\/","name":"[ Lenovo ] &#129351; 21kfs0vq00 Laptop Thinkpad X1 2-in-1 Gen 9 \/ Core Ultra 7 155u 4.8ghz \/ 16gb Lpddr5x \/ 512gb Ssd \/ 14 Wuxga (1920x1200) Touch \/ Backlit Keyboard \/ Con Pluma \/ Win 11 Pro \/ 3yr Premier Support","isPartOf":{"@id":"https:\/\/compuviper.mx\/tienda\/#website"},"datePublished":"2026-04-09T07:31:18+00:00","dateModified":"2026-04-09T07:31:19+00:00","description":"Compra 21kfs0vq00 Laptop Thinkpad X1 2-in-1 Gen 9 \/ Core Ultra 7 155u 4.8ghz \/ 16gb Lpddr5x \/ 512gb Ssd \/ 14 Wuxga (1920x1200) Touch \/ Backlit Keyboard \/ Con Pluma \/ Win 11 Pro \/ 3yr Premier Support + Env\u00edo a domicilio + Pago seguro + Garant\u00eda","breadcrumb":{"@id":"https:\/\/compuviper.mx\/tienda\/producto\/lenovo-21kfs0vq00-laptop-thinkpad-x1-2-in-1-gen-9-core-ultra-7-155u-4-8ghz-16gb-lpddr5x-512gb-ssd-14-wuxga-1920x1200-touch-backlit-keyboard-con-pluma-win-11-pro-3yr-premier-support\/#breadcrumb"},"inLanguage":"es-MX","potentialAction":[{"@type":"ReadAction","target":["https:\/\/compuviper.mx\/tienda\/producto\/lenovo-21kfs0vq00-laptop-thinkpad-x1-2-in-1-gen-9-core-ultra-7-155u-4-8ghz-16gb-lpddr5x-512gb-ssd-14-wuxga-1920x1200-touch-backlit-keyboard-con-pluma-win-11-pro-3yr-premier-support\/"]}]},{"@type":"BreadcrumbList","@id":"https:\/\/compuviper.mx\/tienda\/producto\/lenovo-21kfs0vq00-laptop-thinkpad-x1-2-in-1-gen-9-core-ultra-7-155u-4-8ghz-16gb-lpddr5x-512gb-ssd-14-wuxga-1920x1200-touch-backlit-keyboard-con-pluma-win-11-pro-3yr-premier-support\/#breadcrumb","itemListElement":[{"@type":"ListItem","position":1,"name":"Inicio","item":"https:\/\/compuviper.mx\/tienda\/"},{"@type":"ListItem","position":2,"name":"Productos","item":"https:\/\/compuviper.mx\/tienda\/productos\/"},{"@type":"ListItem","position":3,"name":"Laptops","item":"https:\/\/compuviper.mx\/tienda\/categoria-producto\/laptops\/"},{"@type":"ListItem","position":4,"name":"Ultrabook","item":"https:\/\/compuviper.mx\/tienda\/categoria-producto\/laptops\/ultrabook-laptops\/"},{"@type":"ListItem","position":5,"name":"Lenovo 21kfs0vq00 Laptop Thinkpad X1 2-in-1 Gen 9 \/ Core Ultra 7 155u 4.8ghz \/ 16gb Lpddr5x \/ 512gb Ssd \/ 14 Wuxga (1920&#215;1200) Touch \/ Backlit Keyboard \/ Con Pluma \/ Win 11 Pro \/ 3yr Premier Support"}]},{"@type":"WebSite","@id":"https:\/\/compuviper.mx\/tienda\/#website","url":"https:\/\/compuviper.mx\/tienda\/","name":"Compuviper","description":"Proveedor de Computadoras, Laptops, Servidores, Monitores, Puntos de Venta, Teclados,   Impresoras, T\u00f3ner, C\u00e1maras de Seguridad y m\u00e1s en tu tienda en l\u00ednea","publisher":{"@id":"https:\/\/compuviper.mx\/tienda\/#organization"},"potentialAction":[{"@type":"SearchAction","target":{"@type":"EntryPoint","urlTemplate":"https:\/\/compuviper.mx\/tienda\/?s={search_term_string}"},"query-input":"required name=search_term_string"}],"inLanguage":"es-MX"},{"@type":"Organization","@id":"https:\/\/compuviper.mx\/tienda\/#organization","name":"Compuviper","url":"https:\/\/compuviper.mx\/tienda\/","logo":{"@type":"ImageObject","inLanguage":"es-MX","@id":"https:\/\/compuviper.mx\/tienda\/#\/schema\/logo\/image\/","url":"https:\/\/compuviper.mx\/tienda\/wp-content\/uploads\/2021\/08\/Logo-Compuviper-10.png","contentUrl":"https:\/\/compuviper.mx\/tienda\/wp-content\/uploads\/2021\/08\/Logo-Compuviper-10.png","width":1000,"height":500,"caption":"Compuviper"},"image":{"@id":"https:\/\/compuviper.mx\/tienda\/#\/schema\/logo\/image\/"},"sameAs":["https:\/\/www.facebook.com\/compuviper","https:\/\/www.youtube.com\/channel\/UCf73dERp9Y3cfOq7q8BhLjA?view_as=subscriber"]}]},"product_brand":"LENOVO","product_price_amount":"40434","product_price_currency":"MXN","og_availability":"instock","product_availability":"instock","product_retailer_item_id":"21KFS0VQ00","product_condition":"new"},"_links":{"self":[{"href":"https:\/\/compuviper.mx\/tienda\/wp-json\/wp\/v2\/product\/244596"}],"collection":[{"href":"https:\/\/compuviper.mx\/tienda\/wp-json\/wp\/v2\/product"}],"about":[{"href":"https:\/\/compuviper.mx\/tienda\/wp-json\/wp\/v2\/types\/product"}],"replies":[{"embeddable":true,"href":"https:\/\/compuviper.mx\/tienda\/wp-json\/wp\/v2\/comments?post=244596"}],"wp:featuredmedia":[{"embeddable":true,"href":"https:\/\/compuviper.mx\/tienda\/wp-json\/wp\/v2\/media\/260394"}],"wp:attachment":[{"href":"https:\/\/compuviper.mx\/tienda\/wp-json\/wp\/v2\/media?parent=244596"}],"wp:term":[{"taxonomy":"product_cat","embeddable":true,"href":"https:\/\/compuviper.mx\/tienda\/wp-json\/wp\/v2\/product_cat?post=244596"},{"taxonomy":"product_tag","embeddable":true,"href":"https:\/\/compuviper.mx\/tienda\/wp-json\/wp\/v2\/product_tag?post=244596"}],"curies":[{"name":"wp","href":"https:\/\/api.w.org\/{rel}","templated":true}]}}