{"id":244451,"date":"2026-04-10T00:43:58","date_gmt":"2026-04-10T06:43:58","guid":{"rendered":"https:\/\/compuviper.mx\/tienda\/producto\/lg-27us500-monitor-pc-27-4k-uhd-ultrafine-resol-3840-x-2160-panel-ips-rel-169-brillo-300-cd-m2-contr-10001-tr-5ms-60-hz-hdr10-amd-freesync-hdmi-display-port-100x100-mm-blanco\/"},"modified":"2026-04-10T00:43:59","modified_gmt":"2026-04-10T06:43:59","slug":"lg-27us500-monitor-pc-27-4k-uhd-ultrafine-resol-3840-x-2160-panel-ips-rel-169-brillo-300-cd-m2-contr-10001-tr-5ms-60-hz-hdr10-amd-freesync-hdmi-display-port-100x100-mm-blanco","status":"publish","type":"product","link":"https:\/\/compuviper.mx\/tienda\/producto\/lg-27us500-monitor-pc-27-4k-uhd-ultrafine-resol-3840-x-2160-panel-ips-rel-169-brillo-300-cd-m2-contr-10001-tr-5ms-60-hz-hdr10-amd-freesync-hdmi-display-port-100x100-mm-blanco\/","title":{"rendered":"Lg 27us500 Monitor Pc   27, 4k Uhd Ultrafine, Resol. 3840 X 2160, Panel Ips, Rel.16:9, Brillo 300 Cd\/m2, Contr.1000:1, Tr 5ms, 60 Hz, Hdr10, Amd Freesync, Hdmi, Display Port, 100&#215;100 Mm, Blanco."},"content":{"rendered":"<table class=\"descripcion\">\n<tr>\n<td>Tama\u00f1o 27<\/td>\n<\/tr>\n<tr>\n<td>Resolucion 3840 x 2160<\/td>\n<\/tr>\n<tr>\n<td>Tipo de panel ips<\/td>\n<\/tr>\n<tr>\n<td>Relacion de aspecto 16:9<\/td>\n<\/tr>\n<tr>\n<td>Brillo (typ) 300 cd\/m2<\/td>\n<\/tr>\n<tr>\n<td>No. de colores 1.07 b<\/td>\n<\/tr>\n<tr>\n<td>Contraste ratio 1000:1<\/td>\n<\/tr>\n<tr>\n<td>Tiempo de respuesta 5 ms (gtg)<\/td>\n<\/tr>\n<tr>\n<td>Frecuencia 60 hz<\/td>\n<\/tr>\n<tr>\n<td>Angulo de vision 178\u00ba(r\/l),178\u00ba(u\/d)<\/td>\n<\/tr>\n<tr>\n<td>Hdr10 si<\/td>\n<\/tr>\n<tr>\n<td>Hdr effect si<\/td>\n<\/tr>\n<tr>\n<td>Calibracion de color en fabrica no<\/td>\n<\/tr>\n<tr>\n<td>Color weakness si<\/td>\n<\/tr>\n<tr>\n<td>Flicker safe si<\/td>\n<\/tr>\n<tr>\n<td>Reader mode si<\/td>\n<\/tr>\n<tr>\n<td>Super resolution+ si<\/td>\n<\/tr>\n<tr>\n<td>Amd freesync freesync<\/td>\n<\/tr>\n<tr>\n<td>Black stabilizer si<\/td>\n<\/tr>\n<tr>\n<td>Dynamic action sync si<\/td>\n<\/tr>\n<tr>\n<td>Smart energy saving si<\/td>\n<\/tr>\n<tr>\n<td>Dual controller si<\/td>\n<\/tr>\n<tr>\n<td>On screen control si<\/td>\n<\/tr>\n<tr>\n<td>Hdmi yes(2ea)<\/td>\n<\/tr>\n<tr>\n<td>Display port yes(1ea)<\/td>\n<\/tr>\n<tr>\n<td>Headphone out si<\/td>\n<\/tr>\n<tr>\n<td>Type external power(adapter)<\/td>\n<\/tr>\n<tr>\n<td>Ac input 100~240v (50\/60hz)<\/td>\n<\/tr>\n<tr>\n<td>Power consumption (typ.) 25w<\/td>\n<\/tr>\n<tr>\n<td>Power consumption (max.) 26w<\/td>\n<\/tr>\n<tr>\n<td>Power consumption (sleep mode) less than 0.5w<\/td>\n<\/tr>\n<tr>\n<td>Power consumption (dc off) less than 0.3w<\/td>\n<\/tr>\n<tr>\n<td>Display position adjustments tilt<\/td>\n<\/tr>\n<tr>\n<td>Wall mountable 100 x 100 mm<\/td>\n<\/tr>\n<tr>\n<td>Dimension with stand (w x h x d) 622.6 x 460 x 209.4mm<\/td>\n<\/tr>\n<tr>\n<td>Dimension without stand (w x h x d) 622.6 x 371 x 74.1mm<\/td>\n<\/tr>\n<tr>\n<td>Dimension in shiping (w x h x d) 700 x 446 x 146mm<\/td>\n<\/tr>\n<tr>\n<td>Weight with stand 5.1kg<\/td>\n<\/tr>\n<tr>\n<td>Weight without stand 4.6kg<\/td>\n<\/tr>\n<tr>\n<td>Weight in shipping 7.1kg<\/td>\n<\/tr>\n<tr>\n<td>Cable hdmi + display port si\/no<\/td>\n<\/tr>\n<\/table>\n","protected":false},"excerpt":{"rendered":"<p>Monitor lg ips 4k uhd ultrafine 27. 3840 x 2160, panel ips, rel.16:9, brillo 300 cd\/m2, contr.1000:1, tr 5ms, 60 hz, hdr10, amd freesync, hdmi, display port, montable en pared 100&#215;100 mm, blanco. Experimenta una claridad visual sorprendente y colores vibrantes con el monitor lg uhd. Ultrafine\u0099 admite una resoluci\u00f3n de 4k, 90 % dci-p3, m\u00e1s de 300 nits de brillo y un dise\u00f1o sin bordes en 3 lados que proporciona una estaci\u00f3n de trabajo eficiente para ilustradores, fot\u00f3grafos y editores de video. La tecnolog\u00eda hdr ahora se aplica a diversos contenidos. Nuestro monitor es compatible con el est\u00e1ndar industrial hdr10 (alto rango din\u00e1mico), basado en la gama de colores dci-p3 90 %, que admite niveles espec\u00edficos de color y brillo que permiten a los espectadores disfrutar de los colores espectaculares del contenido. El dise\u00f1o de bisel delgado de 3 lados con la forma delgada y plana del soporte se integra en su oficina o hogar ocupando un espacio m\u00ednimo. Y permite una experiencia de trabajo ideal a trav\u00e9s del c\u00f3modo ajuste de inclinaci\u00f3n.<\/p>\n","protected":false},"featured_media":259862,"comment_status":"open","ping_status":"open","template":"","meta":[],"product_cat":[1740,1741],"product_tag":[1687],"acf":[],"yoast_head":"<!-- This site is optimized with the Yoast SEO plugin v21.7 - https:\/\/yoast.com\/wordpress\/plugins\/seo\/ -->\n<title>[ Lg ] &#129351; 27us500 Monitor Pc 27, 4k Uhd Ultrafine, Resol. 3840 X 2160, Panel Ips, Rel.16:9, Brillo 300 Cd\/m2, Contr.1000:1, Tr 5ms, 60 Hz, Hdr10, Amd Freesync, Hdmi, Display Port, 100x100 Mm, Blanco.<\/title>\n<meta name=\"description\" content=\"Compra 27us500 Monitor Pc 27, 4k Uhd Ultrafine, Resol. 3840 X 2160, Panel Ips, Rel.16:9, Brillo 300 Cd\/m2, Contr.1000:1, Tr 5ms, 60 Hz, Hdr10, Amd Freesync, Hdmi, Display Port, 100x100 Mm, Blanco. + Env\u00edo a domicilio + Pago seguro + Garant\u00eda\" \/>\n<meta name=\"robots\" content=\"index, follow, max-snippet:-1, max-image-preview:large, max-video-preview:-1\" \/>\n<link rel=\"canonical\" href=\"https:\/\/compuviper.mx\/tienda\/producto\/lg-27us500-monitor-pc-27-4k-uhd-ultrafine-resol-3840-x-2160-panel-ips-rel-169-brillo-300-cd-m2-contr-10001-tr-5ms-60-hz-hdr10-amd-freesync-hdmi-display-port-100x100-mm-blanco\/\" \/>\n<meta property=\"og:locale\" content=\"es_MX\" \/>\n<meta property=\"og:type\" content=\"article\" \/>\n<meta property=\"og:title\" content=\"[ Lg ] &#129351; 27us500 Monitor Pc 27, 4k Uhd Ultrafine, Resol. 3840 X 2160, Panel Ips, Rel.16:9, Brillo 300 Cd\/m2, Contr.1000:1, Tr 5ms, 60 Hz, Hdr10, Amd Freesync, Hdmi, Display Port, 100x100 Mm, Blanco.\" \/>\n<meta property=\"og:description\" content=\"Compra 27us500 Monitor Pc 27, 4k Uhd Ultrafine, Resol. 3840 X 2160, Panel Ips, Rel.16:9, Brillo 300 Cd\/m2, Contr.1000:1, Tr 5ms, 60 Hz, Hdr10, Amd Freesync, Hdmi, Display Port, 100x100 Mm, Blanco. + Env\u00edo a domicilio + Pago seguro + Garant\u00eda\" \/>\n<meta property=\"og:url\" content=\"https:\/\/compuviper.mx\/tienda\/producto\/lg-27us500-monitor-pc-27-4k-uhd-ultrafine-resol-3840-x-2160-panel-ips-rel-169-brillo-300-cd-m2-contr-10001-tr-5ms-60-hz-hdr10-amd-freesync-hdmi-display-port-100x100-mm-blanco\/\" \/>\n<meta property=\"og:site_name\" content=\"Compuviper\" \/>\n<meta property=\"article:publisher\" content=\"https:\/\/www.facebook.com\/compuviper\" \/>\n<meta property=\"article:modified_time\" content=\"2026-04-10T06:43:59+00:00\" \/>\n<meta property=\"og:image\" content=\"https:\/\/compuviper.mx\/tienda\/wp-content\/uploads\/2025\/10\/Monitor-pc-lg-27us500-27-4k-uhd-ultrafine-resol.-3840-x-2160-panel-ips-rel.169-brillo-300-cdm2-contr.10001-tr-5ms-60-hz-hdr10-amd-freesync-hdmi-display-port-100x100-mm-blanco.jpg\" \/>\n\t<meta property=\"og:image:width\" content=\"200\" \/>\n\t<meta property=\"og:image:height\" content=\"200\" \/>\n\t<meta property=\"og:image:type\" content=\"image\/jpeg\" \/>\n<meta name=\"twitter:card\" content=\"summary_large_image\" \/>\n<meta name=\"twitter:label1\" content=\"Precio\" \/>\n\t<meta name=\"twitter:data1\" content=\"&#36;5,585 &#36;5,056 con IVA\" \/>\n\t<meta name=\"twitter:label2\" content=\"Availability\" \/>\n\t<meta name=\"twitter:data2\" content=\"In stock\" \/>\n<script type=\"application\/ld+json\" class=\"yoast-schema-graph\">{\"@context\":\"https:\/\/schema.org\",\"@graph\":[{\"@type\":\"WebPage\",\"@id\":\"https:\/\/compuviper.mx\/tienda\/producto\/lg-27us500-monitor-pc-27-4k-uhd-ultrafine-resol-3840-x-2160-panel-ips-rel-169-brillo-300-cd-m2-contr-10001-tr-5ms-60-hz-hdr10-amd-freesync-hdmi-display-port-100x100-mm-blanco\/\",\"url\":\"https:\/\/compuviper.mx\/tienda\/producto\/lg-27us500-monitor-pc-27-4k-uhd-ultrafine-resol-3840-x-2160-panel-ips-rel-169-brillo-300-cd-m2-contr-10001-tr-5ms-60-hz-hdr10-amd-freesync-hdmi-display-port-100x100-mm-blanco\/\",\"name\":\"[ Lg ] &#129351; 27us500 Monitor Pc 27, 4k Uhd Ultrafine, Resol. 3840 X 2160, Panel Ips, Rel.16:9, Brillo 300 Cd\/m2, Contr.1000:1, Tr 5ms, 60 Hz, Hdr10, Amd Freesync, Hdmi, Display Port, 100x100 Mm, Blanco.\",\"isPartOf\":{\"@id\":\"https:\/\/compuviper.mx\/tienda\/#website\"},\"datePublished\":\"2026-04-10T06:43:58+00:00\",\"dateModified\":\"2026-04-10T06:43:59+00:00\",\"description\":\"Compra 27us500 Monitor Pc 27, 4k Uhd Ultrafine, Resol. 3840 X 2160, Panel Ips, Rel.16:9, Brillo 300 Cd\/m2, Contr.1000:1, Tr 5ms, 60 Hz, Hdr10, Amd Freesync, Hdmi, Display Port, 100x100 Mm, Blanco. + Env\u00edo a domicilio + Pago seguro + Garant\u00eda\",\"breadcrumb\":{\"@id\":\"https:\/\/compuviper.mx\/tienda\/producto\/lg-27us500-monitor-pc-27-4k-uhd-ultrafine-resol-3840-x-2160-panel-ips-rel-169-brillo-300-cd-m2-contr-10001-tr-5ms-60-hz-hdr10-amd-freesync-hdmi-display-port-100x100-mm-blanco\/#breadcrumb\"},\"inLanguage\":\"es-MX\",\"potentialAction\":[{\"@type\":\"ReadAction\",\"target\":[\"https:\/\/compuviper.mx\/tienda\/producto\/lg-27us500-monitor-pc-27-4k-uhd-ultrafine-resol-3840-x-2160-panel-ips-rel-169-brillo-300-cd-m2-contr-10001-tr-5ms-60-hz-hdr10-amd-freesync-hdmi-display-port-100x100-mm-blanco\/\"]}]},{\"@type\":\"BreadcrumbList\",\"@id\":\"https:\/\/compuviper.mx\/tienda\/producto\/lg-27us500-monitor-pc-27-4k-uhd-ultrafine-resol-3840-x-2160-panel-ips-rel-169-brillo-300-cd-m2-contr-10001-tr-5ms-60-hz-hdr10-amd-freesync-hdmi-display-port-100x100-mm-blanco\/#breadcrumb\",\"itemListElement\":[{\"@type\":\"ListItem\",\"position\":1,\"name\":\"Inicio\",\"item\":\"https:\/\/compuviper.mx\/tienda\/\"},{\"@type\":\"ListItem\",\"position\":2,\"name\":\"Productos\",\"item\":\"https:\/\/compuviper.mx\/tienda\/productos\/\"},{\"@type\":\"ListItem\",\"position\":3,\"name\":\"Monitores\",\"item\":\"https:\/\/compuviper.mx\/tienda\/categoria-producto\/monitores\/\"},{\"@type\":\"ListItem\",\"position\":4,\"name\":\"Led\",\"item\":\"https:\/\/compuviper.mx\/tienda\/categoria-producto\/monitores\/led\/\"},{\"@type\":\"ListItem\",\"position\":5,\"name\":\"Lg 27us500 Monitor Pc 27, 4k Uhd Ultrafine, Resol. 3840 X 2160, Panel Ips, Rel.16:9, Brillo 300 Cd\/m2, Contr.1000:1, Tr 5ms, 60 Hz, Hdr10, Amd Freesync, Hdmi, Display Port, 100&#215;100 Mm, Blanco.\"}]},{\"@type\":\"WebSite\",\"@id\":\"https:\/\/compuviper.mx\/tienda\/#website\",\"url\":\"https:\/\/compuviper.mx\/tienda\/\",\"name\":\"Compuviper\",\"description\":\"Proveedor de Computadoras, Laptops, Servidores, Monitores, Puntos de Venta, Teclados,   Impresoras, T\u00f3ner, C\u00e1maras de Seguridad y m\u00e1s en tu tienda en l\u00ednea\",\"publisher\":{\"@id\":\"https:\/\/compuviper.mx\/tienda\/#organization\"},\"potentialAction\":[{\"@type\":\"SearchAction\",\"target\":{\"@type\":\"EntryPoint\",\"urlTemplate\":\"https:\/\/compuviper.mx\/tienda\/?s={search_term_string}\"},\"query-input\":\"required name=search_term_string\"}],\"inLanguage\":\"es-MX\"},{\"@type\":\"Organization\",\"@id\":\"https:\/\/compuviper.mx\/tienda\/#organization\",\"name\":\"Compuviper\",\"url\":\"https:\/\/compuviper.mx\/tienda\/\",\"logo\":{\"@type\":\"ImageObject\",\"inLanguage\":\"es-MX\",\"@id\":\"https:\/\/compuviper.mx\/tienda\/#\/schema\/logo\/image\/\",\"url\":\"https:\/\/compuviper.mx\/tienda\/wp-content\/uploads\/2021\/08\/Logo-Compuviper-10.png\",\"contentUrl\":\"https:\/\/compuviper.mx\/tienda\/wp-content\/uploads\/2021\/08\/Logo-Compuviper-10.png\",\"width\":1000,\"height\":500,\"caption\":\"Compuviper\"},\"image\":{\"@id\":\"https:\/\/compuviper.mx\/tienda\/#\/schema\/logo\/image\/\"},\"sameAs\":[\"https:\/\/www.facebook.com\/compuviper\",\"https:\/\/www.youtube.com\/channel\/UCf73dERp9Y3cfOq7q8BhLjA?view_as=subscriber\"]}]}<\/script>\n<meta property=\"product:brand\" content=\"LG\" \/>\n<meta property=\"product:price:amount\" content=\"5056\" \/>\n<meta property=\"product:price:currency\" content=\"MXN\" \/>\n<meta property=\"og:availability\" content=\"instock\" \/>\n<meta property=\"product:availability\" content=\"instock\" \/>\n<meta property=\"product:retailer_item_id\" content=\"27US500\" \/>\n<meta property=\"product:condition\" content=\"new\" \/>\n<!-- \/ Yoast SEO plugin. -->","yoast_head_json":{"title":"[ Lg ] &#129351; 27us500 Monitor Pc 27, 4k Uhd Ultrafine, Resol. 3840 X 2160, Panel Ips, Rel.16:9, Brillo 300 Cd\/m2, Contr.1000:1, Tr 5ms, 60 Hz, Hdr10, Amd Freesync, Hdmi, Display Port, 100x100 Mm, Blanco.","description":"Compra 27us500 Monitor Pc 27, 4k Uhd Ultrafine, Resol. 3840 X 2160, Panel Ips, Rel.16:9, Brillo 300 Cd\/m2, Contr.1000:1, Tr 5ms, 60 Hz, Hdr10, Amd Freesync, Hdmi, Display Port, 100x100 Mm, Blanco. + Env\u00edo a domicilio + Pago seguro + Garant\u00eda","robots":{"index":"index","follow":"follow","max-snippet":"max-snippet:-1","max-image-preview":"max-image-preview:large","max-video-preview":"max-video-preview:-1"},"canonical":"https:\/\/compuviper.mx\/tienda\/producto\/lg-27us500-monitor-pc-27-4k-uhd-ultrafine-resol-3840-x-2160-panel-ips-rel-169-brillo-300-cd-m2-contr-10001-tr-5ms-60-hz-hdr10-amd-freesync-hdmi-display-port-100x100-mm-blanco\/","og_locale":"es_MX","og_type":"article","og_title":"[ Lg ] &#129351; 27us500 Monitor Pc 27, 4k Uhd Ultrafine, Resol. 3840 X 2160, Panel Ips, Rel.16:9, Brillo 300 Cd\/m2, Contr.1000:1, Tr 5ms, 60 Hz, Hdr10, Amd Freesync, Hdmi, Display Port, 100x100 Mm, Blanco.","og_description":"Compra 27us500 Monitor Pc 27, 4k Uhd Ultrafine, Resol. 3840 X 2160, Panel Ips, Rel.16:9, Brillo 300 Cd\/m2, Contr.1000:1, Tr 5ms, 60 Hz, Hdr10, Amd Freesync, Hdmi, Display Port, 100x100 Mm, Blanco. + Env\u00edo a domicilio + Pago seguro + Garant\u00eda","og_url":"https:\/\/compuviper.mx\/tienda\/producto\/lg-27us500-monitor-pc-27-4k-uhd-ultrafine-resol-3840-x-2160-panel-ips-rel-169-brillo-300-cd-m2-contr-10001-tr-5ms-60-hz-hdr10-amd-freesync-hdmi-display-port-100x100-mm-blanco\/","og_site_name":"Compuviper","article_publisher":"https:\/\/www.facebook.com\/compuviper","article_modified_time":"2026-04-10T06:43:59+00:00","og_image":[{"width":200,"height":200,"url":"https:\/\/compuviper.mx\/tienda\/wp-content\/uploads\/2025\/10\/Monitor-pc-lg-27us500-27-4k-uhd-ultrafine-resol.-3840-x-2160-panel-ips-rel.169-brillo-300-cdm2-contr.10001-tr-5ms-60-hz-hdr10-amd-freesync-hdmi-display-port-100x100-mm-blanco.jpg","type":"image\/jpeg"}],"twitter_card":"summary_large_image","twitter_misc":{"Precio":"&#36;5,585 &#36;5,056 con IVA","Availability":"In stock"},"schema":{"@context":"https:\/\/schema.org","@graph":[{"@type":"WebPage","@id":"https:\/\/compuviper.mx\/tienda\/producto\/lg-27us500-monitor-pc-27-4k-uhd-ultrafine-resol-3840-x-2160-panel-ips-rel-169-brillo-300-cd-m2-contr-10001-tr-5ms-60-hz-hdr10-amd-freesync-hdmi-display-port-100x100-mm-blanco\/","url":"https:\/\/compuviper.mx\/tienda\/producto\/lg-27us500-monitor-pc-27-4k-uhd-ultrafine-resol-3840-x-2160-panel-ips-rel-169-brillo-300-cd-m2-contr-10001-tr-5ms-60-hz-hdr10-amd-freesync-hdmi-display-port-100x100-mm-blanco\/","name":"[ Lg ] &#129351; 27us500 Monitor Pc 27, 4k Uhd Ultrafine, Resol. 3840 X 2160, Panel Ips, Rel.16:9, Brillo 300 Cd\/m2, Contr.1000:1, Tr 5ms, 60 Hz, Hdr10, Amd Freesync, Hdmi, Display Port, 100x100 Mm, Blanco.","isPartOf":{"@id":"https:\/\/compuviper.mx\/tienda\/#website"},"datePublished":"2026-04-10T06:43:58+00:00","dateModified":"2026-04-10T06:43:59+00:00","description":"Compra 27us500 Monitor Pc 27, 4k Uhd Ultrafine, Resol. 3840 X 2160, Panel Ips, Rel.16:9, Brillo 300 Cd\/m2, Contr.1000:1, Tr 5ms, 60 Hz, Hdr10, Amd Freesync, Hdmi, Display Port, 100x100 Mm, Blanco. + Env\u00edo a domicilio + Pago seguro + Garant\u00eda","breadcrumb":{"@id":"https:\/\/compuviper.mx\/tienda\/producto\/lg-27us500-monitor-pc-27-4k-uhd-ultrafine-resol-3840-x-2160-panel-ips-rel-169-brillo-300-cd-m2-contr-10001-tr-5ms-60-hz-hdr10-amd-freesync-hdmi-display-port-100x100-mm-blanco\/#breadcrumb"},"inLanguage":"es-MX","potentialAction":[{"@type":"ReadAction","target":["https:\/\/compuviper.mx\/tienda\/producto\/lg-27us500-monitor-pc-27-4k-uhd-ultrafine-resol-3840-x-2160-panel-ips-rel-169-brillo-300-cd-m2-contr-10001-tr-5ms-60-hz-hdr10-amd-freesync-hdmi-display-port-100x100-mm-blanco\/"]}]},{"@type":"BreadcrumbList","@id":"https:\/\/compuviper.mx\/tienda\/producto\/lg-27us500-monitor-pc-27-4k-uhd-ultrafine-resol-3840-x-2160-panel-ips-rel-169-brillo-300-cd-m2-contr-10001-tr-5ms-60-hz-hdr10-amd-freesync-hdmi-display-port-100x100-mm-blanco\/#breadcrumb","itemListElement":[{"@type":"ListItem","position":1,"name":"Inicio","item":"https:\/\/compuviper.mx\/tienda\/"},{"@type":"ListItem","position":2,"name":"Productos","item":"https:\/\/compuviper.mx\/tienda\/productos\/"},{"@type":"ListItem","position":3,"name":"Monitores","item":"https:\/\/compuviper.mx\/tienda\/categoria-producto\/monitores\/"},{"@type":"ListItem","position":4,"name":"Led","item":"https:\/\/compuviper.mx\/tienda\/categoria-producto\/monitores\/led\/"},{"@type":"ListItem","position":5,"name":"Lg 27us500 Monitor Pc 27, 4k Uhd Ultrafine, Resol. 3840 X 2160, Panel Ips, Rel.16:9, Brillo 300 Cd\/m2, Contr.1000:1, Tr 5ms, 60 Hz, Hdr10, Amd Freesync, Hdmi, Display Port, 100&#215;100 Mm, Blanco."}]},{"@type":"WebSite","@id":"https:\/\/compuviper.mx\/tienda\/#website","url":"https:\/\/compuviper.mx\/tienda\/","name":"Compuviper","description":"Proveedor de Computadoras, Laptops, Servidores, Monitores, Puntos de Venta, Teclados,   Impresoras, T\u00f3ner, C\u00e1maras de Seguridad y m\u00e1s en tu tienda en l\u00ednea","publisher":{"@id":"https:\/\/compuviper.mx\/tienda\/#organization"},"potentialAction":[{"@type":"SearchAction","target":{"@type":"EntryPoint","urlTemplate":"https:\/\/compuviper.mx\/tienda\/?s={search_term_string}"},"query-input":"required name=search_term_string"}],"inLanguage":"es-MX"},{"@type":"Organization","@id":"https:\/\/compuviper.mx\/tienda\/#organization","name":"Compuviper","url":"https:\/\/compuviper.mx\/tienda\/","logo":{"@type":"ImageObject","inLanguage":"es-MX","@id":"https:\/\/compuviper.mx\/tienda\/#\/schema\/logo\/image\/","url":"https:\/\/compuviper.mx\/tienda\/wp-content\/uploads\/2021\/08\/Logo-Compuviper-10.png","contentUrl":"https:\/\/compuviper.mx\/tienda\/wp-content\/uploads\/2021\/08\/Logo-Compuviper-10.png","width":1000,"height":500,"caption":"Compuviper"},"image":{"@id":"https:\/\/compuviper.mx\/tienda\/#\/schema\/logo\/image\/"},"sameAs":["https:\/\/www.facebook.com\/compuviper","https:\/\/www.youtube.com\/channel\/UCf73dERp9Y3cfOq7q8BhLjA?view_as=subscriber"]}]},"product_brand":"LG","product_price_amount":"5056","product_price_currency":"MXN","og_availability":"instock","product_availability":"instock","product_retailer_item_id":"27US500","product_condition":"new"},"_links":{"self":[{"href":"https:\/\/compuviper.mx\/tienda\/wp-json\/wp\/v2\/product\/244451"}],"collection":[{"href":"https:\/\/compuviper.mx\/tienda\/wp-json\/wp\/v2\/product"}],"about":[{"href":"https:\/\/compuviper.mx\/tienda\/wp-json\/wp\/v2\/types\/product"}],"replies":[{"embeddable":true,"href":"https:\/\/compuviper.mx\/tienda\/wp-json\/wp\/v2\/comments?post=244451"}],"wp:featuredmedia":[{"embeddable":true,"href":"https:\/\/compuviper.mx\/tienda\/wp-json\/wp\/v2\/media\/259862"}],"wp:attachment":[{"href":"https:\/\/compuviper.mx\/tienda\/wp-json\/wp\/v2\/media?parent=244451"}],"wp:term":[{"taxonomy":"product_cat","embeddable":true,"href":"https:\/\/compuviper.mx\/tienda\/wp-json\/wp\/v2\/product_cat?post=244451"},{"taxonomy":"product_tag","embeddable":true,"href":"https:\/\/compuviper.mx\/tienda\/wp-json\/wp\/v2\/product_tag?post=244451"}],"curies":[{"name":"wp","href":"https:\/\/api.w.org\/{rel}","templated":true}]}}