{"id":244382,"date":"2026-04-07T01:57:48","date_gmt":"2026-04-07T07:57:48","guid":{"rendered":"https:\/\/compuviper.mx\/tienda\/producto\/poly-783r3aa-diadema-hp-encorepro-hw525-binaural-usb-a-con-microfono-cancelacion-de-ruido-para-call-center\/"},"modified":"2026-04-07T01:57:48","modified_gmt":"2026-04-07T07:57:48","slug":"poly-783r3aa-diadema-hp-encorepro-hw525-binaural-usb-a-con-microfono-cancelacion-de-ruido-para-call-center","status":"publish","type":"product","link":"https:\/\/compuviper.mx\/tienda\/producto\/poly-783r3aa-diadema-hp-encorepro-hw525-binaural-usb-a-con-microfono-cancelacion-de-ruido-para-call-center\/","title":{"rendered":"Poly 783r3aa Diadema Hp   Encorepro Hw525\/ Binaural Usb-a Con Microfono Cancelacion De Ruido Para Call Center"},"content":{"rendered":"<table class=\"descripcion\">\n<tr>\n<td>Auriculares estereo usb-a poly encorepro 525 (783r3aa)<\/td>\n<\/tr>\n<tr>\n<td>Microfono anti-ruido<\/td>\n<\/tr>\n<tr>\n<td>El microfono flexible de ultima generacion con guias de colocacion reduce el ruido y la interferencia de fondo, lo que garantiza una menor cantidad de palabras perdidas y una mejor experiencia del usuario.<\/td>\n<\/tr>\n<tr>\n<td>F\u00e1cil administraci\u00f3n mediante poly lens<\/td>\n<\/tr>\n<tr>\n<td>Controle su implementaci\u00f3n desde cualquier lugar a trav\u00e9s de la administraci\u00f3n remota con el software de administraci\u00f3n de dispositivos basado en la nube poly lens.<\/td>\n<\/tr>\n<tr>\n<td>Flexibilidad de conexi\u00f3n<\/td>\n<\/tr>\n<tr>\n<td>Responda f\u00e1cilmente las llamadas desde su equipo, sin importar el tipo de puerto usb que tenga, gracias a los c\u00f3modos conectores usb-a y usb tipo-c\u00ae and #65039; integrados en el mismo cable.<\/td>\n<\/tr>\n<tr>\n<td>Se optimiz\u00f3 para plataformas de comunicaci\u00f3n<\/td>\n<\/tr>\n<tr>\n<td>Estos auriculares, que son el sue\u00f1o de un gerente de ti, se dise\u00f1aron para tener comunicaciones con otras personas. adem\u00e1s, se optimizaron y est\u00e1n certificados para trabajar con los principales proveedores de reuniones virtuales.<\/td>\n<\/tr>\n<tr>\n<td>Protecci\u00f3n auditiva ac\u00fastica<\/td>\n<\/tr>\n<tr>\n<td>Soundguard digital utiliza algoritmos sofisticados para proporcionar una protecci\u00f3n ac\u00fastica adicional, superior a la protecci\u00f3n de soundguard, y al mismo tiempo, mantiene un sonido de voz natural.<\/td>\n<\/tr>\n<\/table>\n","protected":false},"excerpt":{"rendered":"<p>Preparado, auriculares, listo. Micr\u00f3fono anti-ruido. El micr\u00f3fono flexible de \u00faltima generaci\u00f3n con gu\u00edas de colocaci\u00f3n reduce el ruido y la interferencia de fondo, lo que garantiza una menor cantidad de palabras perdidas y una mejor experiencia del usuario. F\u00e1cil administraci\u00f3n mediante poly lens. Controle su implementaci\u00f3n desde cualquier lugar a trav\u00e9s de la administraci\u00f3n remota con el software de administraci\u00f3n de dispositivos basado en la nube poly lens. Flexibilidad de conexi\u00f3n. Responda f\u00e1cilmente las llamadas desde su equipo, sin importar el tipo de puerto usb que tenga, gracias a los c\u00f3modos conectores usb-a y usb tipo-c\u00ae and #65039; integrados en el mismo cable. Se optimiz\u00f3 para plataformas de comunicaci\u00f3n. Estos auriculares, que son el sue\u00f1o de un gerente de ti, se dise\u00f1aron para tener comunicaciones con otras personas. Adem\u00e1s, se optimizaron y est\u00e1n certificados para trabajar con los principales proveedores de reuniones virtuales.<\/p>\n","protected":false},"featured_media":260822,"comment_status":"open","ping_status":"open","template":"","meta":[],"product_cat":[1552,1816],"product_tag":[2035],"acf":[],"yoast_head":"<!-- This site is optimized with the Yoast SEO plugin v21.7 - https:\/\/yoast.com\/wordpress\/plugins\/seo\/ -->\n<title>[ Poly ] &#129351; 783r3aa Diadema Hp Encorepro Hw525\/ Binaural Usb-a Con Microfono Cancelacion De Ruido Para Call Center<\/title>\n<meta name=\"description\" content=\"Compra 783r3aa Diadema Hp Encorepro Hw525\/ Binaural Usb-a Con Microfono Cancelacion De Ruido Para Call Center + Env\u00edo a domicilio + Pago seguro + Garant\u00eda\" \/>\n<meta name=\"robots\" content=\"index, follow, max-snippet:-1, max-image-preview:large, max-video-preview:-1\" \/>\n<link rel=\"canonical\" href=\"https:\/\/compuviper.mx\/tienda\/producto\/poly-783r3aa-diadema-hp-encorepro-hw525-binaural-usb-a-con-microfono-cancelacion-de-ruido-para-call-center\/\" \/>\n<meta property=\"og:locale\" content=\"es_MX\" \/>\n<meta property=\"og:type\" content=\"article\" \/>\n<meta property=\"og:title\" content=\"[ Poly ] &#129351; 783r3aa Diadema Hp Encorepro Hw525\/ Binaural Usb-a Con Microfono Cancelacion De Ruido Para Call Center\" \/>\n<meta property=\"og:description\" content=\"Compra 783r3aa Diadema Hp Encorepro Hw525\/ Binaural Usb-a Con Microfono Cancelacion De Ruido Para Call Center + Env\u00edo a domicilio + Pago seguro + Garant\u00eda\" \/>\n<meta property=\"og:url\" content=\"https:\/\/compuviper.mx\/tienda\/producto\/poly-783r3aa-diadema-hp-encorepro-hw525-binaural-usb-a-con-microfono-cancelacion-de-ruido-para-call-center\/\" \/>\n<meta property=\"og:site_name\" content=\"Compuviper\" \/>\n<meta property=\"article:publisher\" content=\"https:\/\/www.facebook.com\/compuviper\" \/>\n<meta property=\"og:image\" content=\"https:\/\/compuviper.mx\/tienda\/wp-content\/uploads\/2025\/10\/Diadema-hp-poly-783r3aa-encorepro-hw525-binaural-usb-a-con-microfono-cancelacion-de-ruido-para-call-center.jpg\" \/>\n\t<meta property=\"og:image:width\" content=\"200\" \/>\n\t<meta property=\"og:image:height\" content=\"200\" \/>\n\t<meta property=\"og:image:type\" content=\"image\/jpeg\" \/>\n<meta name=\"twitter:card\" content=\"summary_large_image\" \/>\n<meta name=\"twitter:label1\" content=\"Precio\" \/>\n\t<meta name=\"twitter:data1\" content=\"&#36;2,352 con IVA\" \/>\n\t<meta name=\"twitter:label2\" content=\"Availability\" \/>\n\t<meta name=\"twitter:data2\" content=\"On backorder\" \/>\n<script type=\"application\/ld+json\" class=\"yoast-schema-graph\">{\"@context\":\"https:\/\/schema.org\",\"@graph\":[{\"@type\":\"WebPage\",\"@id\":\"https:\/\/compuviper.mx\/tienda\/producto\/poly-783r3aa-diadema-hp-encorepro-hw525-binaural-usb-a-con-microfono-cancelacion-de-ruido-para-call-center\/\",\"url\":\"https:\/\/compuviper.mx\/tienda\/producto\/poly-783r3aa-diadema-hp-encorepro-hw525-binaural-usb-a-con-microfono-cancelacion-de-ruido-para-call-center\/\",\"name\":\"[ Poly ] &#129351; 783r3aa Diadema Hp Encorepro Hw525\/ Binaural Usb-a Con Microfono Cancelacion De Ruido Para Call Center\",\"isPartOf\":{\"@id\":\"https:\/\/compuviper.mx\/tienda\/#website\"},\"datePublished\":\"2026-04-07T07:57:48+00:00\",\"dateModified\":\"2026-04-07T07:57:48+00:00\",\"description\":\"Compra 783r3aa Diadema Hp Encorepro Hw525\/ Binaural Usb-a Con Microfono Cancelacion De Ruido Para Call Center + Env\u00edo a domicilio + Pago seguro + Garant\u00eda\",\"breadcrumb\":{\"@id\":\"https:\/\/compuviper.mx\/tienda\/producto\/poly-783r3aa-diadema-hp-encorepro-hw525-binaural-usb-a-con-microfono-cancelacion-de-ruido-para-call-center\/#breadcrumb\"},\"inLanguage\":\"es-MX\",\"potentialAction\":[{\"@type\":\"ReadAction\",\"target\":[\"https:\/\/compuviper.mx\/tienda\/producto\/poly-783r3aa-diadema-hp-encorepro-hw525-binaural-usb-a-con-microfono-cancelacion-de-ruido-para-call-center\/\"]}]},{\"@type\":\"BreadcrumbList\",\"@id\":\"https:\/\/compuviper.mx\/tienda\/producto\/poly-783r3aa-diadema-hp-encorepro-hw525-binaural-usb-a-con-microfono-cancelacion-de-ruido-para-call-center\/#breadcrumb\",\"itemListElement\":[{\"@type\":\"ListItem\",\"position\":1,\"name\":\"Inicio\",\"item\":\"https:\/\/compuviper.mx\/tienda\/\"},{\"@type\":\"ListItem\",\"position\":2,\"name\":\"Productos\",\"item\":\"https:\/\/compuviper.mx\/tienda\/productos\/\"},{\"@type\":\"ListItem\",\"position\":3,\"name\":\"Audifonos Y Micro\",\"item\":\"https:\/\/compuviper.mx\/tienda\/categoria-producto\/audifonos-y-micro\/\"},{\"@type\":\"ListItem\",\"position\":4,\"name\":\"Audifono Con Microfono\",\"item\":\"https:\/\/compuviper.mx\/tienda\/categoria-producto\/audifonos-y-micro\/audifono-con-microfono\/\"},{\"@type\":\"ListItem\",\"position\":5,\"name\":\"Poly 783r3aa Diadema Hp Encorepro Hw525\/ Binaural Usb-a Con Microfono Cancelacion De Ruido Para Call Center\"}]},{\"@type\":\"WebSite\",\"@id\":\"https:\/\/compuviper.mx\/tienda\/#website\",\"url\":\"https:\/\/compuviper.mx\/tienda\/\",\"name\":\"Compuviper\",\"description\":\"Proveedor de Computadoras, Laptops, Servidores, Monitores, Puntos de Venta, Teclados,   Impresoras, T\u00f3ner, C\u00e1maras de Seguridad y m\u00e1s en tu tienda en l\u00ednea\",\"publisher\":{\"@id\":\"https:\/\/compuviper.mx\/tienda\/#organization\"},\"potentialAction\":[{\"@type\":\"SearchAction\",\"target\":{\"@type\":\"EntryPoint\",\"urlTemplate\":\"https:\/\/compuviper.mx\/tienda\/?s={search_term_string}\"},\"query-input\":\"required name=search_term_string\"}],\"inLanguage\":\"es-MX\"},{\"@type\":\"Organization\",\"@id\":\"https:\/\/compuviper.mx\/tienda\/#organization\",\"name\":\"Compuviper\",\"url\":\"https:\/\/compuviper.mx\/tienda\/\",\"logo\":{\"@type\":\"ImageObject\",\"inLanguage\":\"es-MX\",\"@id\":\"https:\/\/compuviper.mx\/tienda\/#\/schema\/logo\/image\/\",\"url\":\"https:\/\/compuviper.mx\/tienda\/wp-content\/uploads\/2021\/08\/Logo-Compuviper-10.png\",\"contentUrl\":\"https:\/\/compuviper.mx\/tienda\/wp-content\/uploads\/2021\/08\/Logo-Compuviper-10.png\",\"width\":1000,\"height\":500,\"caption\":\"Compuviper\"},\"image\":{\"@id\":\"https:\/\/compuviper.mx\/tienda\/#\/schema\/logo\/image\/\"},\"sameAs\":[\"https:\/\/www.facebook.com\/compuviper\",\"https:\/\/www.youtube.com\/channel\/UCf73dERp9Y3cfOq7q8BhLjA?view_as=subscriber\"]}]}<\/script>\n<meta property=\"product:brand\" content=\"POLY\" \/>\n<meta property=\"product:price:amount\" content=\"2352\" \/>\n<meta property=\"product:price:currency\" content=\"MXN\" \/>\n<meta property=\"og:availability\" content=\"backorder\" \/>\n<meta property=\"product:availability\" content=\"available for order\" \/>\n<meta property=\"product:retailer_item_id\" content=\"783R3AA\" \/>\n<meta property=\"product:condition\" content=\"new\" \/>\n<!-- \/ Yoast SEO plugin. -->","yoast_head_json":{"title":"[ Poly ] &#129351; 783r3aa Diadema Hp Encorepro Hw525\/ Binaural Usb-a Con Microfono Cancelacion De Ruido Para Call Center","description":"Compra 783r3aa Diadema Hp Encorepro Hw525\/ Binaural Usb-a Con Microfono Cancelacion De Ruido Para Call Center + Env\u00edo a domicilio + Pago seguro + Garant\u00eda","robots":{"index":"index","follow":"follow","max-snippet":"max-snippet:-1","max-image-preview":"max-image-preview:large","max-video-preview":"max-video-preview:-1"},"canonical":"https:\/\/compuviper.mx\/tienda\/producto\/poly-783r3aa-diadema-hp-encorepro-hw525-binaural-usb-a-con-microfono-cancelacion-de-ruido-para-call-center\/","og_locale":"es_MX","og_type":"article","og_title":"[ Poly ] &#129351; 783r3aa Diadema Hp Encorepro Hw525\/ Binaural Usb-a Con Microfono Cancelacion De Ruido Para Call Center","og_description":"Compra 783r3aa Diadema Hp Encorepro Hw525\/ Binaural Usb-a Con Microfono Cancelacion De Ruido Para Call Center + Env\u00edo a domicilio + Pago seguro + Garant\u00eda","og_url":"https:\/\/compuviper.mx\/tienda\/producto\/poly-783r3aa-diadema-hp-encorepro-hw525-binaural-usb-a-con-microfono-cancelacion-de-ruido-para-call-center\/","og_site_name":"Compuviper","article_publisher":"https:\/\/www.facebook.com\/compuviper","og_image":[{"width":200,"height":200,"url":"https:\/\/compuviper.mx\/tienda\/wp-content\/uploads\/2025\/10\/Diadema-hp-poly-783r3aa-encorepro-hw525-binaural-usb-a-con-microfono-cancelacion-de-ruido-para-call-center.jpg","type":"image\/jpeg"}],"twitter_card":"summary_large_image","twitter_misc":{"Precio":"&#36;2,352 con IVA","Availability":"On backorder"},"schema":{"@context":"https:\/\/schema.org","@graph":[{"@type":"WebPage","@id":"https:\/\/compuviper.mx\/tienda\/producto\/poly-783r3aa-diadema-hp-encorepro-hw525-binaural-usb-a-con-microfono-cancelacion-de-ruido-para-call-center\/","url":"https:\/\/compuviper.mx\/tienda\/producto\/poly-783r3aa-diadema-hp-encorepro-hw525-binaural-usb-a-con-microfono-cancelacion-de-ruido-para-call-center\/","name":"[ Poly ] &#129351; 783r3aa Diadema Hp Encorepro Hw525\/ Binaural Usb-a Con Microfono Cancelacion De Ruido Para Call Center","isPartOf":{"@id":"https:\/\/compuviper.mx\/tienda\/#website"},"datePublished":"2026-04-07T07:57:48+00:00","dateModified":"2026-04-07T07:57:48+00:00","description":"Compra 783r3aa Diadema Hp Encorepro Hw525\/ Binaural Usb-a Con Microfono Cancelacion De Ruido Para Call Center + Env\u00edo a domicilio + Pago seguro + Garant\u00eda","breadcrumb":{"@id":"https:\/\/compuviper.mx\/tienda\/producto\/poly-783r3aa-diadema-hp-encorepro-hw525-binaural-usb-a-con-microfono-cancelacion-de-ruido-para-call-center\/#breadcrumb"},"inLanguage":"es-MX","potentialAction":[{"@type":"ReadAction","target":["https:\/\/compuviper.mx\/tienda\/producto\/poly-783r3aa-diadema-hp-encorepro-hw525-binaural-usb-a-con-microfono-cancelacion-de-ruido-para-call-center\/"]}]},{"@type":"BreadcrumbList","@id":"https:\/\/compuviper.mx\/tienda\/producto\/poly-783r3aa-diadema-hp-encorepro-hw525-binaural-usb-a-con-microfono-cancelacion-de-ruido-para-call-center\/#breadcrumb","itemListElement":[{"@type":"ListItem","position":1,"name":"Inicio","item":"https:\/\/compuviper.mx\/tienda\/"},{"@type":"ListItem","position":2,"name":"Productos","item":"https:\/\/compuviper.mx\/tienda\/productos\/"},{"@type":"ListItem","position":3,"name":"Audifonos Y Micro","item":"https:\/\/compuviper.mx\/tienda\/categoria-producto\/audifonos-y-micro\/"},{"@type":"ListItem","position":4,"name":"Audifono Con Microfono","item":"https:\/\/compuviper.mx\/tienda\/categoria-producto\/audifonos-y-micro\/audifono-con-microfono\/"},{"@type":"ListItem","position":5,"name":"Poly 783r3aa Diadema Hp Encorepro Hw525\/ Binaural Usb-a Con Microfono Cancelacion De Ruido Para Call Center"}]},{"@type":"WebSite","@id":"https:\/\/compuviper.mx\/tienda\/#website","url":"https:\/\/compuviper.mx\/tienda\/","name":"Compuviper","description":"Proveedor de Computadoras, Laptops, Servidores, Monitores, Puntos de Venta, Teclados,   Impresoras, T\u00f3ner, C\u00e1maras de Seguridad y m\u00e1s en tu tienda en l\u00ednea","publisher":{"@id":"https:\/\/compuviper.mx\/tienda\/#organization"},"potentialAction":[{"@type":"SearchAction","target":{"@type":"EntryPoint","urlTemplate":"https:\/\/compuviper.mx\/tienda\/?s={search_term_string}"},"query-input":"required name=search_term_string"}],"inLanguage":"es-MX"},{"@type":"Organization","@id":"https:\/\/compuviper.mx\/tienda\/#organization","name":"Compuviper","url":"https:\/\/compuviper.mx\/tienda\/","logo":{"@type":"ImageObject","inLanguage":"es-MX","@id":"https:\/\/compuviper.mx\/tienda\/#\/schema\/logo\/image\/","url":"https:\/\/compuviper.mx\/tienda\/wp-content\/uploads\/2021\/08\/Logo-Compuviper-10.png","contentUrl":"https:\/\/compuviper.mx\/tienda\/wp-content\/uploads\/2021\/08\/Logo-Compuviper-10.png","width":1000,"height":500,"caption":"Compuviper"},"image":{"@id":"https:\/\/compuviper.mx\/tienda\/#\/schema\/logo\/image\/"},"sameAs":["https:\/\/www.facebook.com\/compuviper","https:\/\/www.youtube.com\/channel\/UCf73dERp9Y3cfOq7q8BhLjA?view_as=subscriber"]}]},"product_brand":"POLY","product_price_amount":"2352","product_price_currency":"MXN","og_availability":"backorder","product_availability":"available for order","product_retailer_item_id":"783R3AA","product_condition":"new"},"_links":{"self":[{"href":"https:\/\/compuviper.mx\/tienda\/wp-json\/wp\/v2\/product\/244382"}],"collection":[{"href":"https:\/\/compuviper.mx\/tienda\/wp-json\/wp\/v2\/product"}],"about":[{"href":"https:\/\/compuviper.mx\/tienda\/wp-json\/wp\/v2\/types\/product"}],"replies":[{"embeddable":true,"href":"https:\/\/compuviper.mx\/tienda\/wp-json\/wp\/v2\/comments?post=244382"}],"wp:featuredmedia":[{"embeddable":true,"href":"https:\/\/compuviper.mx\/tienda\/wp-json\/wp\/v2\/media\/260822"}],"wp:attachment":[{"href":"https:\/\/compuviper.mx\/tienda\/wp-json\/wp\/v2\/media?parent=244382"}],"wp:term":[{"taxonomy":"product_cat","embeddable":true,"href":"https:\/\/compuviper.mx\/tienda\/wp-json\/wp\/v2\/product_cat?post=244382"},{"taxonomy":"product_tag","embeddable":true,"href":"https:\/\/compuviper.mx\/tienda\/wp-json\/wp\/v2\/product_tag?post=244382"}],"curies":[{"name":"wp","href":"https:\/\/api.w.org\/{rel}","templated":true}]}}