{"id":244361,"date":"2026-04-01T23:13:53","date_gmt":"2026-04-02T05:13:53","guid":{"rendered":"https:\/\/compuviper.mx\/tienda\/producto\/peerless-av-aec0406-accesorio-peerless-columna-de-extensin-ajustables-1219-1828-mm-para-videoproyectores-o-monitores-capacidad-hasta-227-kg\/"},"modified":"2026-04-01T23:13:53","modified_gmt":"2026-04-02T05:13:53","slug":"peerless-av-aec0406-accesorio-peerless-columna-de-extensin-ajustables-1219-1828-mm-para-videoproyectores-o-monitores-capacidad-hasta-227-kg","status":"publish","type":"product","link":"https:\/\/compuviper.mx\/tienda\/producto\/peerless-av-aec0406-accesorio-peerless-columna-de-extensin-ajustables-1219-1828-mm-para-videoproyectores-o-monitores-capacidad-hasta-227-kg\/","title":{"rendered":"Peerless-av Aec0406 Accesorio Peerless Columna De Extensi?n Ajustables  (1219-1828 Mm) Para Videoproyectores O Monitores Capacidad Hasta 227 Kg"},"content":{"rendered":"<table class=\"descripcion\">\n<tr>\n<td>Acceso para gesti\u00f3n de cables provisto en un extremo de la columna<\/td>\n<\/tr>\n<tr>\n<td>Construcci\u00f3n de aluminio liviano para facilitar la instalaci\u00f3n y reducir los costos de env\u00edo.<\/td>\n<\/tr>\n<tr>\n<td>Las longitudes de las columnas de extensi\u00f3n del modelo ext miden 1 and #8243; (25 mm) m\u00e1s que la ca\u00edda indicada para proporcionar una longitud de ca\u00edda terminada para varios montajes<\/td>\n<\/tr>\n<tr>\n<td>Rosca npt de 1-1\/2 and #8243; \u0096 11,5 en ambos extremos. con muescas para usar con tornillos para brindar seguridad.<\/td>\n<\/tr>\n<\/table>\n","protected":false},"excerpt":{"rendered":"<p>La l\u00ednea de tubos fijos ext de peerless-av se dise\u00f1\u00f3 para integrarse y funcionar en casi todo tipo de ambiente, y tienen diversas longitudes, desde 15.2 cm hasta 3 m, con diversas medidas intermedias. La variedad de los tubos permite encontrar f\u00e1cilmente el tama\u00f1o adecuado para su aplicaci\u00f3n. Los tubos fijos soportan un peso total de 227 kg, ya sea que deba instalarlas en un ambiente de oficina o necesite colocarlas en un cielorraso de doble altura. La flexibilidad y la resistencia de estos tubos hacen que sean perfectos para exposiciones y locales de venta minorista, o para publicidad digital.<\/p>\n","protected":false},"featured_media":258655,"comment_status":"open","ping_status":"open","template":"","meta":[],"product_cat":[2269,2265],"product_tag":[1904],"acf":[],"yoast_head":"<!-- This site is optimized with the Yoast SEO plugin v21.7 - https:\/\/yoast.com\/wordpress\/plugins\/seo\/ -->\n<title>[ Peerless-av ] &#129351; Aec0406 Accesorio Peerless Columna De Extensi\u00f3n Ajustables (1219-1828 Mm) Para Videoproyectores O Monitores Capacidad Hasta 227 Kg<\/title>\n<meta name=\"description\" content=\"Compra Aec0406 Accesorio Peerless Columna De Extensi\u00f3n Ajustables (1219-1828 Mm) Para Videoproyectores O Monitores Capacidad Hasta 227 Kg + Env\u00edo a domicilio + Pago seguro + Garant\u00eda\" \/>\n<meta name=\"robots\" content=\"index, follow, max-snippet:-1, max-image-preview:large, max-video-preview:-1\" \/>\n<link rel=\"canonical\" href=\"https:\/\/compuviper.mx\/tienda\/producto\/peerless-av-aec0406-accesorio-peerless-columna-de-extensin-ajustables-1219-1828-mm-para-videoproyectores-o-monitores-capacidad-hasta-227-kg\/\" \/>\n<meta property=\"og:locale\" content=\"es_MX\" \/>\n<meta property=\"og:type\" content=\"article\" \/>\n<meta property=\"og:title\" content=\"[ Peerless-av ] &#129351; Aec0406 Accesorio Peerless Columna De Extensi\u00f3n Ajustables (1219-1828 Mm) Para Videoproyectores O Monitores Capacidad Hasta 227 Kg\" \/>\n<meta property=\"og:description\" content=\"Compra Aec0406 Accesorio Peerless Columna De Extensi\u00f3n Ajustables (1219-1828 Mm) Para Videoproyectores O Monitores Capacidad Hasta 227 Kg + Env\u00edo a domicilio + Pago seguro + Garant\u00eda\" \/>\n<meta property=\"og:url\" content=\"https:\/\/compuviper.mx\/tienda\/producto\/peerless-av-aec0406-accesorio-peerless-columna-de-extensin-ajustables-1219-1828-mm-para-videoproyectores-o-monitores-capacidad-hasta-227-kg\/\" \/>\n<meta property=\"og:site_name\" content=\"Compuviper\" \/>\n<meta property=\"article:publisher\" content=\"https:\/\/www.facebook.com\/compuviper\" \/>\n<meta property=\"og:image\" content=\"https:\/\/compuviper.mx\/tienda\/wp-content\/uploads\/2025\/10\/Accesorio-peerless-columna-de-extension-ajustables-aec0406-1219-1828-mm-para-videoproyectores-o-monitores-capacidad-hasta-227-kg.jpg\" \/>\n\t<meta property=\"og:image:width\" content=\"200\" \/>\n\t<meta property=\"og:image:height\" content=\"200\" \/>\n\t<meta property=\"og:image:type\" content=\"image\/jpeg\" \/>\n<meta name=\"twitter:card\" content=\"summary_large_image\" \/>\n<meta name=\"twitter:label1\" content=\"Precio\" \/>\n\t<meta name=\"twitter:data1\" content=\"&#36;4,013 con IVA\" \/>\n\t<meta name=\"twitter:label2\" content=\"Availability\" \/>\n\t<meta name=\"twitter:data2\" content=\"On backorder\" \/>\n<script type=\"application\/ld+json\" class=\"yoast-schema-graph\">{\"@context\":\"https:\/\/schema.org\",\"@graph\":[{\"@type\":\"WebPage\",\"@id\":\"https:\/\/compuviper.mx\/tienda\/producto\/peerless-av-aec0406-accesorio-peerless-columna-de-extensin-ajustables-1219-1828-mm-para-videoproyectores-o-monitores-capacidad-hasta-227-kg\/\",\"url\":\"https:\/\/compuviper.mx\/tienda\/producto\/peerless-av-aec0406-accesorio-peerless-columna-de-extensin-ajustables-1219-1828-mm-para-videoproyectores-o-monitores-capacidad-hasta-227-kg\/\",\"name\":\"[ Peerless-av ] &#129351; Aec0406 Accesorio Peerless Columna De Extensi\u00f3n Ajustables (1219-1828 Mm) Para Videoproyectores O Monitores Capacidad Hasta 227 Kg\",\"isPartOf\":{\"@id\":\"https:\/\/compuviper.mx\/tienda\/#website\"},\"datePublished\":\"2026-04-02T05:13:53+00:00\",\"dateModified\":\"2026-04-02T05:13:53+00:00\",\"description\":\"Compra Aec0406 Accesorio Peerless Columna De Extensi\u00f3n Ajustables (1219-1828 Mm) Para Videoproyectores O Monitores Capacidad Hasta 227 Kg + Env\u00edo a domicilio + Pago seguro + Garant\u00eda\",\"breadcrumb\":{\"@id\":\"https:\/\/compuviper.mx\/tienda\/producto\/peerless-av-aec0406-accesorio-peerless-columna-de-extensin-ajustables-1219-1828-mm-para-videoproyectores-o-monitores-capacidad-hasta-227-kg\/#breadcrumb\"},\"inLanguage\":\"es-MX\",\"potentialAction\":[{\"@type\":\"ReadAction\",\"target\":[\"https:\/\/compuviper.mx\/tienda\/producto\/peerless-av-aec0406-accesorio-peerless-columna-de-extensin-ajustables-1219-1828-mm-para-videoproyectores-o-monitores-capacidad-hasta-227-kg\/\"]}]},{\"@type\":\"BreadcrumbList\",\"@id\":\"https:\/\/compuviper.mx\/tienda\/producto\/peerless-av-aec0406-accesorio-peerless-columna-de-extensin-ajustables-1219-1828-mm-para-videoproyectores-o-monitores-capacidad-hasta-227-kg\/#breadcrumb\",\"itemListElement\":[{\"@type\":\"ListItem\",\"position\":1,\"name\":\"Inicio\",\"item\":\"https:\/\/compuviper.mx\/tienda\/\"},{\"@type\":\"ListItem\",\"position\":2,\"name\":\"Productos\",\"item\":\"https:\/\/compuviper.mx\/tienda\/productos\/\"},{\"@type\":\"ListItem\",\"position\":3,\"name\":\"Soportes Y Bases P\/tv\/ Proyectores\/dvd\/consolas\/bocinas\/pantallas\/monotores\",\"item\":\"https:\/\/compuviper.mx\/tienda\/categoria-producto\/soportes-y-bases-p-tv-proyectores-dvd-consolas-bocinas-pantallas-monotores\/\"},{\"@type\":\"ListItem\",\"position\":4,\"name\":\"Sin Categor\u00eda\",\"item\":\"https:\/\/compuviper.mx\/tienda\/categoria-producto\/soportes-y-bases-p-tv-proyectores-dvd-consolas-bocinas-pantallas-monotores\/sin-categoria-soportes-y-bases-p-tv-proyectores-dvd-consolas-bocinas-pantallas-monotores\/\"},{\"@type\":\"ListItem\",\"position\":5,\"name\":\"Peerless-av Aec0406 Accesorio Peerless Columna De Extensi?n Ajustables (1219-1828 Mm) Para Videoproyectores O Monitores Capacidad Hasta 227 Kg\"}]},{\"@type\":\"WebSite\",\"@id\":\"https:\/\/compuviper.mx\/tienda\/#website\",\"url\":\"https:\/\/compuviper.mx\/tienda\/\",\"name\":\"Compuviper\",\"description\":\"Proveedor de Computadoras, Laptops, Servidores, Monitores, Puntos de Venta, Teclados,   Impresoras, T\u00f3ner, C\u00e1maras de Seguridad y m\u00e1s en tu tienda en l\u00ednea\",\"publisher\":{\"@id\":\"https:\/\/compuviper.mx\/tienda\/#organization\"},\"potentialAction\":[{\"@type\":\"SearchAction\",\"target\":{\"@type\":\"EntryPoint\",\"urlTemplate\":\"https:\/\/compuviper.mx\/tienda\/?s={search_term_string}\"},\"query-input\":\"required name=search_term_string\"}],\"inLanguage\":\"es-MX\"},{\"@type\":\"Organization\",\"@id\":\"https:\/\/compuviper.mx\/tienda\/#organization\",\"name\":\"Compuviper\",\"url\":\"https:\/\/compuviper.mx\/tienda\/\",\"logo\":{\"@type\":\"ImageObject\",\"inLanguage\":\"es-MX\",\"@id\":\"https:\/\/compuviper.mx\/tienda\/#\/schema\/logo\/image\/\",\"url\":\"https:\/\/compuviper.mx\/tienda\/wp-content\/uploads\/2021\/08\/Logo-Compuviper-10.png\",\"contentUrl\":\"https:\/\/compuviper.mx\/tienda\/wp-content\/uploads\/2021\/08\/Logo-Compuviper-10.png\",\"width\":1000,\"height\":500,\"caption\":\"Compuviper\"},\"image\":{\"@id\":\"https:\/\/compuviper.mx\/tienda\/#\/schema\/logo\/image\/\"},\"sameAs\":[\"https:\/\/www.facebook.com\/compuviper\",\"https:\/\/www.youtube.com\/channel\/UCf73dERp9Y3cfOq7q8BhLjA?view_as=subscriber\"]}]}<\/script>\n<meta property=\"product:brand\" content=\"PEERLESS-AV\" \/>\n<meta property=\"product:price:amount\" content=\"4013\" \/>\n<meta property=\"product:price:currency\" content=\"MXN\" \/>\n<meta property=\"og:availability\" content=\"backorder\" \/>\n<meta property=\"product:availability\" content=\"available for order\" \/>\n<meta property=\"product:retailer_item_id\" content=\"AEC0406\" \/>\n<meta property=\"product:condition\" content=\"new\" \/>\n<!-- \/ Yoast SEO plugin. -->","yoast_head_json":{"title":"[ Peerless-av ] &#129351; Aec0406 Accesorio Peerless Columna De Extensi\u00f3n Ajustables (1219-1828 Mm) Para Videoproyectores O Monitores Capacidad Hasta 227 Kg","description":"Compra Aec0406 Accesorio Peerless Columna De Extensi\u00f3n Ajustables (1219-1828 Mm) Para Videoproyectores O Monitores Capacidad Hasta 227 Kg + Env\u00edo a domicilio + Pago seguro + Garant\u00eda","robots":{"index":"index","follow":"follow","max-snippet":"max-snippet:-1","max-image-preview":"max-image-preview:large","max-video-preview":"max-video-preview:-1"},"canonical":"https:\/\/compuviper.mx\/tienda\/producto\/peerless-av-aec0406-accesorio-peerless-columna-de-extensin-ajustables-1219-1828-mm-para-videoproyectores-o-monitores-capacidad-hasta-227-kg\/","og_locale":"es_MX","og_type":"article","og_title":"[ Peerless-av ] &#129351; Aec0406 Accesorio Peerless Columna De Extensi\u00f3n Ajustables (1219-1828 Mm) Para Videoproyectores O Monitores Capacidad Hasta 227 Kg","og_description":"Compra Aec0406 Accesorio Peerless Columna De Extensi\u00f3n Ajustables (1219-1828 Mm) Para Videoproyectores O Monitores Capacidad Hasta 227 Kg + Env\u00edo a domicilio + Pago seguro + Garant\u00eda","og_url":"https:\/\/compuviper.mx\/tienda\/producto\/peerless-av-aec0406-accesorio-peerless-columna-de-extensin-ajustables-1219-1828-mm-para-videoproyectores-o-monitores-capacidad-hasta-227-kg\/","og_site_name":"Compuviper","article_publisher":"https:\/\/www.facebook.com\/compuviper","og_image":[{"width":200,"height":200,"url":"https:\/\/compuviper.mx\/tienda\/wp-content\/uploads\/2025\/10\/Accesorio-peerless-columna-de-extension-ajustables-aec0406-1219-1828-mm-para-videoproyectores-o-monitores-capacidad-hasta-227-kg.jpg","type":"image\/jpeg"}],"twitter_card":"summary_large_image","twitter_misc":{"Precio":"&#36;4,013 con IVA","Availability":"On backorder"},"schema":{"@context":"https:\/\/schema.org","@graph":[{"@type":"WebPage","@id":"https:\/\/compuviper.mx\/tienda\/producto\/peerless-av-aec0406-accesorio-peerless-columna-de-extensin-ajustables-1219-1828-mm-para-videoproyectores-o-monitores-capacidad-hasta-227-kg\/","url":"https:\/\/compuviper.mx\/tienda\/producto\/peerless-av-aec0406-accesorio-peerless-columna-de-extensin-ajustables-1219-1828-mm-para-videoproyectores-o-monitores-capacidad-hasta-227-kg\/","name":"[ Peerless-av ] &#129351; Aec0406 Accesorio Peerless Columna De Extensi\u00f3n Ajustables (1219-1828 Mm) Para Videoproyectores O Monitores Capacidad Hasta 227 Kg","isPartOf":{"@id":"https:\/\/compuviper.mx\/tienda\/#website"},"datePublished":"2026-04-02T05:13:53+00:00","dateModified":"2026-04-02T05:13:53+00:00","description":"Compra Aec0406 Accesorio Peerless Columna De Extensi\u00f3n Ajustables (1219-1828 Mm) Para Videoproyectores O Monitores Capacidad Hasta 227 Kg + Env\u00edo a domicilio + Pago seguro + Garant\u00eda","breadcrumb":{"@id":"https:\/\/compuviper.mx\/tienda\/producto\/peerless-av-aec0406-accesorio-peerless-columna-de-extensin-ajustables-1219-1828-mm-para-videoproyectores-o-monitores-capacidad-hasta-227-kg\/#breadcrumb"},"inLanguage":"es-MX","potentialAction":[{"@type":"ReadAction","target":["https:\/\/compuviper.mx\/tienda\/producto\/peerless-av-aec0406-accesorio-peerless-columna-de-extensin-ajustables-1219-1828-mm-para-videoproyectores-o-monitores-capacidad-hasta-227-kg\/"]}]},{"@type":"BreadcrumbList","@id":"https:\/\/compuviper.mx\/tienda\/producto\/peerless-av-aec0406-accesorio-peerless-columna-de-extensin-ajustables-1219-1828-mm-para-videoproyectores-o-monitores-capacidad-hasta-227-kg\/#breadcrumb","itemListElement":[{"@type":"ListItem","position":1,"name":"Inicio","item":"https:\/\/compuviper.mx\/tienda\/"},{"@type":"ListItem","position":2,"name":"Productos","item":"https:\/\/compuviper.mx\/tienda\/productos\/"},{"@type":"ListItem","position":3,"name":"Soportes Y Bases P\/tv\/ Proyectores\/dvd\/consolas\/bocinas\/pantallas\/monotores","item":"https:\/\/compuviper.mx\/tienda\/categoria-producto\/soportes-y-bases-p-tv-proyectores-dvd-consolas-bocinas-pantallas-monotores\/"},{"@type":"ListItem","position":4,"name":"Sin Categor\u00eda","item":"https:\/\/compuviper.mx\/tienda\/categoria-producto\/soportes-y-bases-p-tv-proyectores-dvd-consolas-bocinas-pantallas-monotores\/sin-categoria-soportes-y-bases-p-tv-proyectores-dvd-consolas-bocinas-pantallas-monotores\/"},{"@type":"ListItem","position":5,"name":"Peerless-av Aec0406 Accesorio Peerless Columna De Extensi?n Ajustables (1219-1828 Mm) Para Videoproyectores O Monitores Capacidad Hasta 227 Kg"}]},{"@type":"WebSite","@id":"https:\/\/compuviper.mx\/tienda\/#website","url":"https:\/\/compuviper.mx\/tienda\/","name":"Compuviper","description":"Proveedor de Computadoras, Laptops, Servidores, Monitores, Puntos de Venta, Teclados,   Impresoras, T\u00f3ner, C\u00e1maras de Seguridad y m\u00e1s en tu tienda en l\u00ednea","publisher":{"@id":"https:\/\/compuviper.mx\/tienda\/#organization"},"potentialAction":[{"@type":"SearchAction","target":{"@type":"EntryPoint","urlTemplate":"https:\/\/compuviper.mx\/tienda\/?s={search_term_string}"},"query-input":"required name=search_term_string"}],"inLanguage":"es-MX"},{"@type":"Organization","@id":"https:\/\/compuviper.mx\/tienda\/#organization","name":"Compuviper","url":"https:\/\/compuviper.mx\/tienda\/","logo":{"@type":"ImageObject","inLanguage":"es-MX","@id":"https:\/\/compuviper.mx\/tienda\/#\/schema\/logo\/image\/","url":"https:\/\/compuviper.mx\/tienda\/wp-content\/uploads\/2021\/08\/Logo-Compuviper-10.png","contentUrl":"https:\/\/compuviper.mx\/tienda\/wp-content\/uploads\/2021\/08\/Logo-Compuviper-10.png","width":1000,"height":500,"caption":"Compuviper"},"image":{"@id":"https:\/\/compuviper.mx\/tienda\/#\/schema\/logo\/image\/"},"sameAs":["https:\/\/www.facebook.com\/compuviper","https:\/\/www.youtube.com\/channel\/UCf73dERp9Y3cfOq7q8BhLjA?view_as=subscriber"]}]},"product_brand":"PEERLESS-AV","product_price_amount":"4013","product_price_currency":"MXN","og_availability":"backorder","product_availability":"available for order","product_retailer_item_id":"AEC0406","product_condition":"new"},"_links":{"self":[{"href":"https:\/\/compuviper.mx\/tienda\/wp-json\/wp\/v2\/product\/244361"}],"collection":[{"href":"https:\/\/compuviper.mx\/tienda\/wp-json\/wp\/v2\/product"}],"about":[{"href":"https:\/\/compuviper.mx\/tienda\/wp-json\/wp\/v2\/types\/product"}],"replies":[{"embeddable":true,"href":"https:\/\/compuviper.mx\/tienda\/wp-json\/wp\/v2\/comments?post=244361"}],"wp:featuredmedia":[{"embeddable":true,"href":"https:\/\/compuviper.mx\/tienda\/wp-json\/wp\/v2\/media\/258655"}],"wp:attachment":[{"href":"https:\/\/compuviper.mx\/tienda\/wp-json\/wp\/v2\/media?parent=244361"}],"wp:term":[{"taxonomy":"product_cat","embeddable":true,"href":"https:\/\/compuviper.mx\/tienda\/wp-json\/wp\/v2\/product_cat?post=244361"},{"taxonomy":"product_tag","embeddable":true,"href":"https:\/\/compuviper.mx\/tienda\/wp-json\/wp\/v2\/product_tag?post=244361"}],"curies":[{"name":"wp","href":"https:\/\/api.w.org\/{rel}","templated":true}]}}