{"id":244321,"date":"2026-04-16T01:03:10","date_gmt":"2026-04-16T07:03:10","guid":{"rendered":"https:\/\/compuviper.mx\/tienda\/producto\/hewlett-packard-enterprise-r2h28a-access-point-hpe-aruba-ap-505-rw-dual-radio-2x22-802-11ax-con-antenas-internas\/"},"modified":"2026-04-16T01:03:11","modified_gmt":"2026-04-16T07:03:11","slug":"hewlett-packard-enterprise-r2h28a-access-point-hpe-aruba-ap-505-rw-dual-radio-2x22-802-11ax-con-antenas-internas","status":"publish","type":"product","link":"https:\/\/compuviper.mx\/tienda\/producto\/hewlett-packard-enterprise-r2h28a-access-point-hpe-aruba-ap-505-rw-dual-radio-2x22-802-11ax-con-antenas-internas\/","title":{"rendered":"Hewlett Packard Enterprise R2h28a Access Point Hpe Aruba  Ap-505 Rw Dual Radio 2&#215;22 802.11ax Con Antenas Internas"},"content":{"rendered":"<table class=\"descripcion\">\n<tr>\n<td>Puertos: (1) 10\/100\/1000base-t.<\/td>\n<\/tr>\n<tr>\n<td>Velocidades inal\u00e1mbricas: 1.2gbps (5ghz) y 574mbps p(12.4ghz).<\/td>\n<\/tr>\n<tr>\n<td>Antenas: 2 antenas dual-band omnidireccional integradas (4.9dbi en 2.4ghz y 5.7dbi en 5ghz).<\/td>\n<\/tr>\n<tr>\n<td>Instalaci\u00f3n: el soporte de montaje se ha preinstalado en la parte posterior del punto de acceso. este soporte se usa para asegurar el punto de acceso en cualquiera de los kits de montaje (a la venta por separado) consulte la gu\u00eda de pedidos de la serie 500 para obtener m\u00e1s informaci\u00f3n.<\/td>\n<\/tr>\n<tr>\n<td>Voltaje de entrada: poe ieee 802.3af u 802.3at o alimentaci\u00f3n cc directa (a trav\u00e9s de la fuente de alimentaci\u00f3n opcional).<\/td>\n<\/tr>\n<tr>\n<td>Consumo de energ\u00eda: con alimentaci\u00f3n poe (802.3at): 11,0 w\/16,5 w. con alimentaci\u00f3n poe (802.3af): 11,0 w\/13,5 w. con alimentaci\u00f3n cc: 8,9 w\/14,2 w. consumo de energ\u00eda m\u00e1ximo (en el peor de los casos) (sin\/con un dispositivo usb conectado).<\/td>\n<\/tr>\n<tr>\n<td>Dimensiones m\u00ednimas (alto x ancho x fondo): 37 x 160 x 161 mm; 1.5 x 6.3 x 6.3 in.<\/td>\n<\/tr>\n<tr>\n<td>Peso: 500 g; 1.1 lb.<\/td>\n<\/tr>\n<\/table>\n","protected":false},"excerpt":{"rendered":"<p>Los puntos de acceso sin cable de la serie aruba 500 proporcionan conectividad de alto rendimiento para empresas que cuentan con un presupuesto ajustado y un creciente, n\u00famero de requisitos en cuanto a telefon\u00eda m\u00f3vil, iot y movilidad. Compatible con el \u00faltimo est\u00e1ndar wi-fi 6, la serie 500 puede conseguir una velocidad de datos m\u00e1xima agregada de 1,77 gbps (1,774 gbps) para empresas y espacios tales como escuelas, oficinas de tama\u00f1o medio y comercios minoristas. Los puntos de acceso de la serie aruba 500 est\u00e1n dise\u00f1ados para ofrecer experiencias de usuario mejoradas, integrando tecnolog\u00edas clave de optimizaci\u00f3n de wi-fi para lograr una mayor eficiencia de wi-fi y un tiempo de emisi\u00f3n del cliente optimizado. Novedades. Wi-fi 6 para un alto rendimiento y eficacia. Proporciona la aplicaci\u00f3n de pol\u00edticas para el tr\u00e1fico inal\u00e1mbrico gracias a la segmentaci\u00f3n din\u00e1mica. Habilitado para iot con tecnolog\u00edas bluetooth 5 y radio 802.15.4 integradas que admiten zigbee. Admite hasta 256 clientes asociados por radio. Puede implementarse como un punto de acceso instant\u00e1neo gestionado en la nube o un punto de acceso basado en controlador. Solo ventajas. Eficiencia incre\u00edble con wi-fi 6. Los puntos de acceso sin cable de la serie aruba 500 admiten wi-fi 6 est\u00e1ndar, incluyendo caracter\u00edsticas tales como acceso m\u00faltiple por divisi\u00f3n de frecuencias ortogonales (ofdma), mimo multiusuario bidireccional (mu-mimo) y target wait time (twt). Las tecnolog\u00edas de optimizaci\u00f3n de rf patentadas, como clientmatch, han sido mejoradas con concienciaci\u00f3n wi-fi 6 para grupos de dispositivos cliente con capacidad wi-fi 6 para un uso optimizado de la red. La serie aruba 500 tambi\u00e9n admite airslice, una capacidad \u00fanica que mejora ofdma con seguro de aplicaci\u00f3n de grado sla desde el punto de acceso al dispositivo cliente. Infraestructura dise\u00f1ada pensando en la flexibilidad. Los puntos de acceso sin cable de la serie aruba 500 pueden implementarse en modos basados en controlador o sin controlador, seg\u00fan los requisitos de la empresa. Este producto puede ser gestionado de manera local, con aruba central en la nube o a trav\u00e9s de una soluci\u00f3n local convergente de m\u00faltiples proveedores con aruba airwave. Tambi\u00e9n cuenta con supervisi\u00f3n inteligente de la energ\u00eda para activar o desactivar las caracter\u00edsticas de punto de acceso basadas en poe disponible desde un conmutador de red. Capacidades de la plataforma internet de las cosas. Los puntos de acceso sin cable de la serie aruba 500 pueden dar soporte hasta a 256 clientes asociados por radio wi-fi, perfecto para organizaciones que implementan dispositivos iot con conectividad wi-fi. Admite protocolos inal\u00e1mbricos bluetooth 5 y zigbee a trav\u00e9s de una radio iot integrada y expansi\u00f3n de terceros con un puerto usb integrado. Mejora la visibilidad del cliente gracias a los perfiles de dispositivos integrados y a la opci\u00f3n de informaci\u00f3n avanzada cuando se integra con clearpass policy manager o clearpass device insight.<\/p>\n","protected":false},"featured_media":244730,"comment_status":"open","ping_status":"open","template":"","meta":[],"product_cat":[1563,1754],"product_tag":[1568],"acf":[],"yoast_head":"<!-- This site is optimized with the Yoast SEO plugin v21.7 - https:\/\/yoast.com\/wordpress\/plugins\/seo\/ -->\n<title>[ Hewlett Packard Enterprise ] &#129351; R2h28a Access Point Hpe Aruba Ap-505 Rw Dual Radio 2x22 802.11ax Con Antenas Internas<\/title>\n<meta name=\"description\" content=\"Compra R2h28a Access Point Hpe Aruba Ap-505 Rw Dual Radio 2x22 802.11ax Con Antenas Internas + Env\u00edo a domicilio + Pago seguro + Garant\u00eda\" \/>\n<meta name=\"robots\" content=\"index, follow, max-snippet:-1, max-image-preview:large, max-video-preview:-1\" \/>\n<link rel=\"canonical\" href=\"https:\/\/compuviper.mx\/tienda\/producto\/hewlett-packard-enterprise-r2h28a-access-point-hpe-aruba-ap-505-rw-dual-radio-2x22-802-11ax-con-antenas-internas\/\" \/>\n<meta property=\"og:locale\" content=\"es_MX\" \/>\n<meta property=\"og:type\" content=\"article\" \/>\n<meta property=\"og:title\" content=\"[ Hewlett Packard Enterprise ] &#129351; R2h28a Access Point Hpe Aruba Ap-505 Rw Dual Radio 2x22 802.11ax Con Antenas Internas\" \/>\n<meta property=\"og:description\" content=\"Compra R2h28a Access Point Hpe Aruba Ap-505 Rw Dual Radio 2x22 802.11ax Con Antenas Internas + Env\u00edo a domicilio + Pago seguro + Garant\u00eda\" \/>\n<meta property=\"og:url\" content=\"https:\/\/compuviper.mx\/tienda\/producto\/hewlett-packard-enterprise-r2h28a-access-point-hpe-aruba-ap-505-rw-dual-radio-2x22-802-11ax-con-antenas-internas\/\" \/>\n<meta property=\"og:site_name\" content=\"Compuviper\" \/>\n<meta property=\"article:publisher\" content=\"https:\/\/www.facebook.com\/compuviper\" \/>\n<meta property=\"article:modified_time\" content=\"2026-04-16T07:03:11+00:00\" \/>\n<meta property=\"og:image\" content=\"https:\/\/compuviper.mx\/tienda\/wp-content\/uploads\/2024\/10\/Access-point-hpe-aruba-r2h28a-ap-505-rw-dual-radio-2x22-802.11ax-con-antenas-internas.jpg\" \/>\n\t<meta property=\"og:image:width\" content=\"200\" \/>\n\t<meta property=\"og:image:height\" content=\"200\" \/>\n\t<meta property=\"og:image:type\" content=\"image\/jpeg\" \/>\n<meta name=\"twitter:card\" content=\"summary_large_image\" \/>\n<meta name=\"twitter:label1\" content=\"Precio\" \/>\n\t<meta name=\"twitter:data1\" content=\"&#36;13,453 &#36;10,162 con IVA\" \/>\n\t<meta name=\"twitter:label2\" content=\"Availability\" \/>\n\t<meta name=\"twitter:data2\" content=\"In stock\" \/>\n<script type=\"application\/ld+json\" class=\"yoast-schema-graph\">{\"@context\":\"https:\/\/schema.org\",\"@graph\":[{\"@type\":\"WebPage\",\"@id\":\"https:\/\/compuviper.mx\/tienda\/producto\/hewlett-packard-enterprise-r2h28a-access-point-hpe-aruba-ap-505-rw-dual-radio-2x22-802-11ax-con-antenas-internas\/\",\"url\":\"https:\/\/compuviper.mx\/tienda\/producto\/hewlett-packard-enterprise-r2h28a-access-point-hpe-aruba-ap-505-rw-dual-radio-2x22-802-11ax-con-antenas-internas\/\",\"name\":\"[ Hewlett Packard Enterprise ] &#129351; R2h28a Access Point Hpe Aruba Ap-505 Rw Dual Radio 2x22 802.11ax Con Antenas Internas\",\"isPartOf\":{\"@id\":\"https:\/\/compuviper.mx\/tienda\/#website\"},\"datePublished\":\"2026-04-16T07:03:10+00:00\",\"dateModified\":\"2026-04-16T07:03:11+00:00\",\"description\":\"Compra R2h28a Access Point Hpe Aruba Ap-505 Rw Dual Radio 2x22 802.11ax Con Antenas Internas + Env\u00edo a domicilio + Pago seguro + Garant\u00eda\",\"breadcrumb\":{\"@id\":\"https:\/\/compuviper.mx\/tienda\/producto\/hewlett-packard-enterprise-r2h28a-access-point-hpe-aruba-ap-505-rw-dual-radio-2x22-802-11ax-con-antenas-internas\/#breadcrumb\"},\"inLanguage\":\"es-MX\",\"potentialAction\":[{\"@type\":\"ReadAction\",\"target\":[\"https:\/\/compuviper.mx\/tienda\/producto\/hewlett-packard-enterprise-r2h28a-access-point-hpe-aruba-ap-505-rw-dual-radio-2x22-802-11ax-con-antenas-internas\/\"]}]},{\"@type\":\"BreadcrumbList\",\"@id\":\"https:\/\/compuviper.mx\/tienda\/producto\/hewlett-packard-enterprise-r2h28a-access-point-hpe-aruba-ap-505-rw-dual-radio-2x22-802-11ax-con-antenas-internas\/#breadcrumb\",\"itemListElement\":[{\"@type\":\"ListItem\",\"position\":1,\"name\":\"Inicio\",\"item\":\"https:\/\/compuviper.mx\/tienda\/\"},{\"@type\":\"ListItem\",\"position\":2,\"name\":\"Productos\",\"item\":\"https:\/\/compuviper.mx\/tienda\/productos\/\"},{\"@type\":\"ListItem\",\"position\":3,\"name\":\"Redes\",\"item\":\"https:\/\/compuviper.mx\/tienda\/categoria-producto\/redes\/\"},{\"@type\":\"ListItem\",\"position\":4,\"name\":\"Access Point\",\"item\":\"https:\/\/compuviper.mx\/tienda\/categoria-producto\/redes\/access-point\/\"},{\"@type\":\"ListItem\",\"position\":5,\"name\":\"Hewlett Packard Enterprise R2h28a Access Point Hpe Aruba Ap-505 Rw Dual Radio 2&#215;22 802.11ax Con Antenas Internas\"}]},{\"@type\":\"WebSite\",\"@id\":\"https:\/\/compuviper.mx\/tienda\/#website\",\"url\":\"https:\/\/compuviper.mx\/tienda\/\",\"name\":\"Compuviper\",\"description\":\"Proveedor de Computadoras, Laptops, Servidores, Monitores, Puntos de Venta, Teclados,   Impresoras, T\u00f3ner, C\u00e1maras de Seguridad y m\u00e1s en tu tienda en l\u00ednea\",\"publisher\":{\"@id\":\"https:\/\/compuviper.mx\/tienda\/#organization\"},\"potentialAction\":[{\"@type\":\"SearchAction\",\"target\":{\"@type\":\"EntryPoint\",\"urlTemplate\":\"https:\/\/compuviper.mx\/tienda\/?s={search_term_string}\"},\"query-input\":\"required name=search_term_string\"}],\"inLanguage\":\"es-MX\"},{\"@type\":\"Organization\",\"@id\":\"https:\/\/compuviper.mx\/tienda\/#organization\",\"name\":\"Compuviper\",\"url\":\"https:\/\/compuviper.mx\/tienda\/\",\"logo\":{\"@type\":\"ImageObject\",\"inLanguage\":\"es-MX\",\"@id\":\"https:\/\/compuviper.mx\/tienda\/#\/schema\/logo\/image\/\",\"url\":\"https:\/\/compuviper.mx\/tienda\/wp-content\/uploads\/2021\/08\/Logo-Compuviper-10.png\",\"contentUrl\":\"https:\/\/compuviper.mx\/tienda\/wp-content\/uploads\/2021\/08\/Logo-Compuviper-10.png\",\"width\":1000,\"height\":500,\"caption\":\"Compuviper\"},\"image\":{\"@id\":\"https:\/\/compuviper.mx\/tienda\/#\/schema\/logo\/image\/\"},\"sameAs\":[\"https:\/\/www.facebook.com\/compuviper\",\"https:\/\/www.youtube.com\/channel\/UCf73dERp9Y3cfOq7q8BhLjA?view_as=subscriber\"]}]}<\/script>\n<meta property=\"product:brand\" content=\"HEWLETT PACKARD ENTERPRISE\" \/>\n<meta property=\"product:price:amount\" content=\"10162\" \/>\n<meta property=\"product:price:currency\" content=\"MXN\" \/>\n<meta property=\"og:availability\" content=\"instock\" \/>\n<meta property=\"product:availability\" content=\"instock\" \/>\n<meta property=\"product:retailer_item_id\" content=\"R2H28A\" \/>\n<meta property=\"product:condition\" content=\"new\" \/>\n<!-- \/ Yoast SEO plugin. -->","yoast_head_json":{"title":"[ Hewlett Packard Enterprise ] &#129351; R2h28a Access Point Hpe Aruba Ap-505 Rw Dual Radio 2x22 802.11ax Con Antenas Internas","description":"Compra R2h28a Access Point Hpe Aruba Ap-505 Rw Dual Radio 2x22 802.11ax Con Antenas Internas + Env\u00edo a domicilio + Pago seguro + Garant\u00eda","robots":{"index":"index","follow":"follow","max-snippet":"max-snippet:-1","max-image-preview":"max-image-preview:large","max-video-preview":"max-video-preview:-1"},"canonical":"https:\/\/compuviper.mx\/tienda\/producto\/hewlett-packard-enterprise-r2h28a-access-point-hpe-aruba-ap-505-rw-dual-radio-2x22-802-11ax-con-antenas-internas\/","og_locale":"es_MX","og_type":"article","og_title":"[ Hewlett Packard Enterprise ] &#129351; R2h28a Access Point Hpe Aruba Ap-505 Rw Dual Radio 2x22 802.11ax Con Antenas Internas","og_description":"Compra R2h28a Access Point Hpe Aruba Ap-505 Rw Dual Radio 2x22 802.11ax Con Antenas Internas + Env\u00edo a domicilio + Pago seguro + Garant\u00eda","og_url":"https:\/\/compuviper.mx\/tienda\/producto\/hewlett-packard-enterprise-r2h28a-access-point-hpe-aruba-ap-505-rw-dual-radio-2x22-802-11ax-con-antenas-internas\/","og_site_name":"Compuviper","article_publisher":"https:\/\/www.facebook.com\/compuviper","article_modified_time":"2026-04-16T07:03:11+00:00","og_image":[{"width":200,"height":200,"url":"https:\/\/compuviper.mx\/tienda\/wp-content\/uploads\/2024\/10\/Access-point-hpe-aruba-r2h28a-ap-505-rw-dual-radio-2x22-802.11ax-con-antenas-internas.jpg","type":"image\/jpeg"}],"twitter_card":"summary_large_image","twitter_misc":{"Precio":"&#36;13,453 &#36;10,162 con IVA","Availability":"In stock"},"schema":{"@context":"https:\/\/schema.org","@graph":[{"@type":"WebPage","@id":"https:\/\/compuviper.mx\/tienda\/producto\/hewlett-packard-enterprise-r2h28a-access-point-hpe-aruba-ap-505-rw-dual-radio-2x22-802-11ax-con-antenas-internas\/","url":"https:\/\/compuviper.mx\/tienda\/producto\/hewlett-packard-enterprise-r2h28a-access-point-hpe-aruba-ap-505-rw-dual-radio-2x22-802-11ax-con-antenas-internas\/","name":"[ Hewlett Packard Enterprise ] &#129351; R2h28a Access Point Hpe Aruba Ap-505 Rw Dual Radio 2x22 802.11ax Con Antenas Internas","isPartOf":{"@id":"https:\/\/compuviper.mx\/tienda\/#website"},"datePublished":"2026-04-16T07:03:10+00:00","dateModified":"2026-04-16T07:03:11+00:00","description":"Compra R2h28a Access Point Hpe Aruba Ap-505 Rw Dual Radio 2x22 802.11ax Con Antenas Internas + Env\u00edo a domicilio + Pago seguro + Garant\u00eda","breadcrumb":{"@id":"https:\/\/compuviper.mx\/tienda\/producto\/hewlett-packard-enterprise-r2h28a-access-point-hpe-aruba-ap-505-rw-dual-radio-2x22-802-11ax-con-antenas-internas\/#breadcrumb"},"inLanguage":"es-MX","potentialAction":[{"@type":"ReadAction","target":["https:\/\/compuviper.mx\/tienda\/producto\/hewlett-packard-enterprise-r2h28a-access-point-hpe-aruba-ap-505-rw-dual-radio-2x22-802-11ax-con-antenas-internas\/"]}]},{"@type":"BreadcrumbList","@id":"https:\/\/compuviper.mx\/tienda\/producto\/hewlett-packard-enterprise-r2h28a-access-point-hpe-aruba-ap-505-rw-dual-radio-2x22-802-11ax-con-antenas-internas\/#breadcrumb","itemListElement":[{"@type":"ListItem","position":1,"name":"Inicio","item":"https:\/\/compuviper.mx\/tienda\/"},{"@type":"ListItem","position":2,"name":"Productos","item":"https:\/\/compuviper.mx\/tienda\/productos\/"},{"@type":"ListItem","position":3,"name":"Redes","item":"https:\/\/compuviper.mx\/tienda\/categoria-producto\/redes\/"},{"@type":"ListItem","position":4,"name":"Access Point","item":"https:\/\/compuviper.mx\/tienda\/categoria-producto\/redes\/access-point\/"},{"@type":"ListItem","position":5,"name":"Hewlett Packard Enterprise R2h28a Access Point Hpe Aruba Ap-505 Rw Dual Radio 2&#215;22 802.11ax Con Antenas Internas"}]},{"@type":"WebSite","@id":"https:\/\/compuviper.mx\/tienda\/#website","url":"https:\/\/compuviper.mx\/tienda\/","name":"Compuviper","description":"Proveedor de Computadoras, Laptops, Servidores, Monitores, Puntos de Venta, Teclados,   Impresoras, T\u00f3ner, C\u00e1maras de Seguridad y m\u00e1s en tu tienda en l\u00ednea","publisher":{"@id":"https:\/\/compuviper.mx\/tienda\/#organization"},"potentialAction":[{"@type":"SearchAction","target":{"@type":"EntryPoint","urlTemplate":"https:\/\/compuviper.mx\/tienda\/?s={search_term_string}"},"query-input":"required name=search_term_string"}],"inLanguage":"es-MX"},{"@type":"Organization","@id":"https:\/\/compuviper.mx\/tienda\/#organization","name":"Compuviper","url":"https:\/\/compuviper.mx\/tienda\/","logo":{"@type":"ImageObject","inLanguage":"es-MX","@id":"https:\/\/compuviper.mx\/tienda\/#\/schema\/logo\/image\/","url":"https:\/\/compuviper.mx\/tienda\/wp-content\/uploads\/2021\/08\/Logo-Compuviper-10.png","contentUrl":"https:\/\/compuviper.mx\/tienda\/wp-content\/uploads\/2021\/08\/Logo-Compuviper-10.png","width":1000,"height":500,"caption":"Compuviper"},"image":{"@id":"https:\/\/compuviper.mx\/tienda\/#\/schema\/logo\/image\/"},"sameAs":["https:\/\/www.facebook.com\/compuviper","https:\/\/www.youtube.com\/channel\/UCf73dERp9Y3cfOq7q8BhLjA?view_as=subscriber"]}]},"product_brand":"HEWLETT PACKARD ENTERPRISE","product_price_amount":"10162","product_price_currency":"MXN","og_availability":"instock","product_availability":"instock","product_retailer_item_id":"R2H28A","product_condition":"new"},"_links":{"self":[{"href":"https:\/\/compuviper.mx\/tienda\/wp-json\/wp\/v2\/product\/244321"}],"collection":[{"href":"https:\/\/compuviper.mx\/tienda\/wp-json\/wp\/v2\/product"}],"about":[{"href":"https:\/\/compuviper.mx\/tienda\/wp-json\/wp\/v2\/types\/product"}],"replies":[{"embeddable":true,"href":"https:\/\/compuviper.mx\/tienda\/wp-json\/wp\/v2\/comments?post=244321"}],"wp:featuredmedia":[{"embeddable":true,"href":"https:\/\/compuviper.mx\/tienda\/wp-json\/wp\/v2\/media\/244730"}],"wp:attachment":[{"href":"https:\/\/compuviper.mx\/tienda\/wp-json\/wp\/v2\/media?parent=244321"}],"wp:term":[{"taxonomy":"product_cat","embeddable":true,"href":"https:\/\/compuviper.mx\/tienda\/wp-json\/wp\/v2\/product_cat?post=244321"},{"taxonomy":"product_tag","embeddable":true,"href":"https:\/\/compuviper.mx\/tienda\/wp-json\/wp\/v2\/product_tag?post=244321"}],"curies":[{"name":"wp","href":"https:\/\/api.w.org\/{rel}","templated":true}]}}