{"id":244308,"date":"2026-04-02T00:38:44","date_gmt":"2026-04-02T06:38:44","guid":{"rendered":"https:\/\/compuviper.mx\/tienda\/producto\/seagate-st10000ve001-disco-duro-interno-skyhawk-ai-10tb-3-5-escritorio-sata3-6gb-s-256mb-7200rpm-video-vigilancia-ai-24x7-nvr-1-16-bahias-1-64-cam\/"},"modified":"2026-04-03T00:00:12","modified_gmt":"2026-04-03T06:00:12","slug":"seagate-st10000ve001-disco-duro-interno-skyhawk-ai-10tb-3-5-escritorio-sata3-6gb-s-256mb-7200rpm-video-vigilancia-ai-24x7-nvr-1-16-bahias-1-64-cam","status":"publish","type":"product","link":"https:\/\/compuviper.mx\/tienda\/producto\/seagate-st10000ve001-disco-duro-interno-skyhawk-ai-10tb-3-5-escritorio-sata3-6gb-s-256mb-7200rpm-video-vigilancia-ai-24x7-nvr-1-16-bahias-1-64-cam\/","title":{"rendered":"Seagate St10000ve001 Disco Duro Interno  Skyhawk Ai 10tb 3.5 Escritorio Sata3 6gb\/s 256mb 7200rpm Video Vigilancia Ai 24&#215;7 Nvr 1-16 Bahias 1-64 Cam"},"content":{"rendered":"<table class=\"descripcion\">\n<tr>\n<td>Capacidad<\/td>\n<\/tr>\n<tr>\n<td>10 tb<\/td>\n<\/tr>\n<tr>\n<td>N\u00fameros de modelo est\u00e1ndar<\/td>\n<\/tr>\n<tr>\n<td>St10000ve001<\/td>\n<\/tr>\n<tr>\n<td>Interfaz<\/td>\n<\/tr>\n<tr>\n<td>Sata de 6 gb\/s<\/td>\n<\/tr>\n<tr>\n<td>Tecnolog\u00eda de grabaci\u00f3n<\/td>\n<\/tr>\n<tr>\n<td>Cmr<\/td>\n<\/tr>\n<tr>\n<td>Dise\u00f1o de la unidad<\/td>\n<\/tr>\n<tr>\n<td>Air<\/td>\n<\/tr>\n<tr>\n<td>Funciones y rendimiento<\/td>\n<\/tr>\n<tr>\n<td>Bah\u00edas de unidad admitidas<\/td>\n<\/tr>\n<tr>\n<td>Ilimitado<\/td>\n<\/tr>\n<tr>\n<td>Canales de ia<\/td>\n<\/tr>\n<tr>\n<td>32<\/td>\n<\/tr>\n<tr>\n<td>Captura de eventos por segundo en tiempo real de ia<\/td>\n<\/tr>\n<tr>\n<td>Hasta 120<\/td>\n<\/tr>\n<tr>\n<td>Comparaci\u00f3n de eventos por segundo en tiempo real de ia<\/td>\n<\/tr>\n<tr>\n<td>Hasta 96<\/td>\n<\/tr>\n<tr>\n<td>C\u00e1maras hd admitidas<\/td>\n<\/tr>\n<tr>\n<td>Hasta 64<\/td>\n<\/tr>\n<tr>\n<td>Sensores de vibraci\u00f3n giratoria (vg)<\/td>\n<\/tr>\n<tr>\n<td>S\u00ed<\/td>\n<\/tr>\n<tr>\n<td>Velocidad de transferencia de datos m\u00e1xima (mb\/s)<\/td>\n<\/tr>\n<tr>\n<td>Hasta 263<\/td>\n<\/tr>\n<tr>\n<td>Cach\u00e9 (mb)<\/td>\n<\/tr>\n<tr>\n<td>256<\/td>\n<\/tr>\n<tr>\n<td>Fiabilidad\/integridad de los datos<\/td>\n<\/tr>\n<tr>\n<td>Resistente a manchas<\/td>\n<\/tr>\n<tr>\n<td>S\u00ed<\/td>\n<\/tr>\n<tr>\n<td>Ciclos de carga\/descarga<\/td>\n<\/tr>\n<tr>\n<td>600.000<\/td>\n<\/tr>\n<tr>\n<td>\u00edndice de errores de lectura no recuperables, m\u00e1x.<\/td>\n<\/tr>\n<tr>\n<td>1 por 10e15<\/td>\n<\/tr>\n<tr>\n<td>Horas de encendido por a\u00f1o<\/td>\n<\/tr>\n<tr>\n<td>8.760<\/td>\n<\/tr>\n<tr>\n<td>L\u00edmite de carga de trabajo (wrl)<\/td>\n<\/tr>\n<tr>\n<td>550<\/td>\n<\/tr>\n<tr>\n<td>Tiempo medio entre fallos (mtbf) (horas)<\/td>\n<\/tr>\n<tr>\n<td>2.000.000 hr<\/td>\n<\/tr>\n<tr>\n<td>Garant\u00eda, limitada (a\u00f1os)<\/td>\n<\/tr>\n<tr>\n<td>5<\/td>\n<\/tr>\n<tr>\n<td>Servicios de recuperaci\u00f3n de datos rescue  (a\u00f1os)<\/td>\n<\/tr>\n<tr>\n<td>3<\/td>\n<\/tr>\n<tr>\n<td>Administraci\u00f3n de energ\u00eda<\/td>\n<\/tr>\n<tr>\n<td>Corriente de arranque, t\u00edpica (12 v, a)<\/td>\n<\/tr>\n<tr>\n<td>2<\/td>\n<\/tr>\n<tr>\n<td>Corriente promedio en lecturas\/escrituras * (w)<\/td>\n<\/tr>\n<tr>\n<td>9,1<\/td>\n<\/tr>\n<tr>\n<td>Inactividad promedio (w)<\/td>\n<\/tr>\n<tr>\n<td>7,4 w<\/td>\n<\/tr>\n<tr>\n<td>Modo en espera\/modo descanso, t\u00edpico (w)<\/td>\n<\/tr>\n<tr>\n<td>1\/1<\/td>\n<\/tr>\n<tr>\n<td>Tolerancia al voltaje (5 v)<\/td>\n<\/tr>\n<tr>\n<td>\u00b15 %<\/td>\n<\/tr>\n<tr>\n<td>Tolerancia al voltaje (12 v)<\/td>\n<\/tr>\n<tr>\n<td>\u00b110 %<\/td>\n<\/tr>\n<tr>\n<td>Ambiental\/temperatura<\/td>\n<\/tr>\n<tr>\n<td>En funcionamiento (ambiente, m\u00edn. \u00b0c)<\/td>\n<\/tr>\n<tr>\n<td>0<\/td>\n<\/tr>\n<tr>\n<td>En funcionamiento (\u00b0c m\u00e1x. reportados para la unidad)<\/td>\n<\/tr>\n<tr>\n<td>65<\/td>\n<\/tr>\n<tr>\n<td>En estado no operativo (ambiente, \u00b0c m\u00edn.)<\/td>\n<\/tr>\n<tr>\n<td>-40<\/td>\n<\/tr>\n<tr>\n<td>Datos f\u00edsicos<\/td>\n<\/tr>\n<tr>\n<td>Altura (mm\/pulg., m\u00e1x.)<\/td>\n<\/tr>\n<tr>\n<td>26,11 mm\/1,028 pulg.<\/td>\n<\/tr>\n<tr>\n<td>Ancho (mm\/pulg., m\u00e1x.)<\/td>\n<\/tr>\n<tr>\n<td>101,85 mm\/4,01 pulg.<\/td>\n<\/tr>\n<tr>\n<td>Profundidad (mm\/pulg., m\u00e1x.)<\/td>\n<\/tr>\n<tr>\n<td>146,99 mm\/5,787 pulg.<\/td>\n<\/tr>\n<tr>\n<td>Peso (g\/lb, t\u00edpico)<\/td>\n<\/tr>\n<tr>\n<td>720 g\/1,59 lb<\/td>\n<\/tr>\n<tr>\n<td>Cantidad de unidades por caja<\/td>\n<\/tr>\n<tr>\n<td>20<\/td>\n<\/tr>\n<\/table>\n","protected":false},"excerpt":{"rendered":"<p>Seagate skyhawk ai es una unidad optimizada para. Video que est\u00e1 dise\u00f1ada para los sistemas nvr con inteligencia. Artificial (ia) para las aplicaciones de la periferia.<\/p>\n","protected":false},"featured_media":244309,"comment_status":"open","ping_status":"open","template":"","meta":[],"product_cat":[1703,1706],"product_tag":[1710],"acf":[],"yoast_head":"<!-- This site is optimized with the Yoast SEO plugin v21.7 - https:\/\/yoast.com\/wordpress\/plugins\/seo\/ -->\n<title>[ Seagate ] &#129351; St10000ve001 Disco Duro Interno Skyhawk Ai 10tb 3.5 Escritorio Sata3 6gb\/s 256mb 7200rpm Video Vigilancia Ai 24x7 Nvr 1-16 Bahias 1-64 Cam<\/title>\n<meta name=\"description\" content=\"Compra St10000ve001 Disco Duro Interno Skyhawk Ai 10tb 3.5 Escritorio Sata3 6gb\/s 256mb 7200rpm Video Vigilancia Ai 24x7 Nvr 1-16 Bahias 1-64 Cam + Env\u00edo a domicilio + Pago seguro + Garant\u00eda\" \/>\n<meta name=\"robots\" content=\"index, follow, max-snippet:-1, max-image-preview:large, max-video-preview:-1\" \/>\n<link rel=\"canonical\" href=\"https:\/\/compuviper.mx\/tienda\/producto\/seagate-st10000ve001-disco-duro-interno-skyhawk-ai-10tb-3-5-escritorio-sata3-6gb-s-256mb-7200rpm-video-vigilancia-ai-24x7-nvr-1-16-bahias-1-64-cam\/\" \/>\n<meta property=\"og:locale\" content=\"es_MX\" \/>\n<meta property=\"og:type\" content=\"article\" \/>\n<meta property=\"og:title\" content=\"[ Seagate ] &#129351; St10000ve001 Disco Duro Interno Skyhawk Ai 10tb 3.5 Escritorio Sata3 6gb\/s 256mb 7200rpm Video Vigilancia Ai 24x7 Nvr 1-16 Bahias 1-64 Cam\" \/>\n<meta property=\"og:description\" content=\"Compra St10000ve001 Disco Duro Interno Skyhawk Ai 10tb 3.5 Escritorio Sata3 6gb\/s 256mb 7200rpm Video Vigilancia Ai 24x7 Nvr 1-16 Bahias 1-64 Cam + Env\u00edo a domicilio + Pago seguro + Garant\u00eda\" \/>\n<meta property=\"og:url\" content=\"https:\/\/compuviper.mx\/tienda\/producto\/seagate-st10000ve001-disco-duro-interno-skyhawk-ai-10tb-3-5-escritorio-sata3-6gb-s-256mb-7200rpm-video-vigilancia-ai-24x7-nvr-1-16-bahias-1-64-cam\/\" \/>\n<meta property=\"og:site_name\" content=\"Compuviper\" \/>\n<meta property=\"article:publisher\" content=\"https:\/\/www.facebook.com\/compuviper\" \/>\n<meta property=\"article:modified_time\" content=\"2026-04-03T06:00:12+00:00\" \/>\n<meta property=\"og:image\" content=\"https:\/\/compuviper.mx\/tienda\/wp-content\/uploads\/2024\/10\/Disco-duro-interno-seagate-skyhawk-ai-10tb-3.5-escritorio-sata3-6gbs-256mb-7200rpm-video-vigilancia-ai-24x7-nvr-1-16-bahias-1-64-cam.jpg\" \/>\n\t<meta property=\"og:image:width\" content=\"200\" \/>\n\t<meta property=\"og:image:height\" content=\"200\" \/>\n\t<meta property=\"og:image:type\" content=\"image\/jpeg\" \/>\n<meta name=\"twitter:card\" content=\"summary_large_image\" \/>\n<meta name=\"twitter:label1\" content=\"Precio\" \/>\n\t<meta name=\"twitter:data1\" content=\"&#36;4,827 con IVA\" \/>\n\t<meta name=\"twitter:label2\" content=\"Availability\" \/>\n\t<meta name=\"twitter:data2\" content=\"Out of stock\" \/>\n<script type=\"application\/ld+json\" class=\"yoast-schema-graph\">{\"@context\":\"https:\/\/schema.org\",\"@graph\":[{\"@type\":\"WebPage\",\"@id\":\"https:\/\/compuviper.mx\/tienda\/producto\/seagate-st10000ve001-disco-duro-interno-skyhawk-ai-10tb-3-5-escritorio-sata3-6gb-s-256mb-7200rpm-video-vigilancia-ai-24x7-nvr-1-16-bahias-1-64-cam\/\",\"url\":\"https:\/\/compuviper.mx\/tienda\/producto\/seagate-st10000ve001-disco-duro-interno-skyhawk-ai-10tb-3-5-escritorio-sata3-6gb-s-256mb-7200rpm-video-vigilancia-ai-24x7-nvr-1-16-bahias-1-64-cam\/\",\"name\":\"[ Seagate ] &#129351; St10000ve001 Disco Duro Interno Skyhawk Ai 10tb 3.5 Escritorio Sata3 6gb\/s 256mb 7200rpm Video Vigilancia Ai 24x7 Nvr 1-16 Bahias 1-64 Cam\",\"isPartOf\":{\"@id\":\"https:\/\/compuviper.mx\/tienda\/#website\"},\"datePublished\":\"2026-04-02T06:38:44+00:00\",\"dateModified\":\"2026-04-03T06:00:12+00:00\",\"description\":\"Compra St10000ve001 Disco Duro Interno Skyhawk Ai 10tb 3.5 Escritorio Sata3 6gb\/s 256mb 7200rpm Video Vigilancia Ai 24x7 Nvr 1-16 Bahias 1-64 Cam + Env\u00edo a domicilio + Pago seguro + Garant\u00eda\",\"breadcrumb\":{\"@id\":\"https:\/\/compuviper.mx\/tienda\/producto\/seagate-st10000ve001-disco-duro-interno-skyhawk-ai-10tb-3-5-escritorio-sata3-6gb-s-256mb-7200rpm-video-vigilancia-ai-24x7-nvr-1-16-bahias-1-64-cam\/#breadcrumb\"},\"inLanguage\":\"es-MX\",\"potentialAction\":[{\"@type\":\"ReadAction\",\"target\":[\"https:\/\/compuviper.mx\/tienda\/producto\/seagate-st10000ve001-disco-duro-interno-skyhawk-ai-10tb-3-5-escritorio-sata3-6gb-s-256mb-7200rpm-video-vigilancia-ai-24x7-nvr-1-16-bahias-1-64-cam\/\"]}]},{\"@type\":\"BreadcrumbList\",\"@id\":\"https:\/\/compuviper.mx\/tienda\/producto\/seagate-st10000ve001-disco-duro-interno-skyhawk-ai-10tb-3-5-escritorio-sata3-6gb-s-256mb-7200rpm-video-vigilancia-ai-24x7-nvr-1-16-bahias-1-64-cam\/#breadcrumb\",\"itemListElement\":[{\"@type\":\"ListItem\",\"position\":1,\"name\":\"Inicio\",\"item\":\"https:\/\/compuviper.mx\/tienda\/\"},{\"@type\":\"ListItem\",\"position\":2,\"name\":\"Productos\",\"item\":\"https:\/\/compuviper.mx\/tienda\/productos\/\"},{\"@type\":\"ListItem\",\"position\":3,\"name\":\"Discos Duros\",\"item\":\"https:\/\/compuviper.mx\/tienda\/categoria-producto\/discos-duros\/\"},{\"@type\":\"ListItem\",\"position\":4,\"name\":\"Disco Duro\",\"item\":\"https:\/\/compuviper.mx\/tienda\/categoria-producto\/discos-duros\/disco-duro\/\"},{\"@type\":\"ListItem\",\"position\":5,\"name\":\"Seagate St10000ve001 Disco Duro Interno Skyhawk Ai 10tb 3.5 Escritorio Sata3 6gb\/s 256mb 7200rpm Video Vigilancia Ai 24&#215;7 Nvr 1-16 Bahias 1-64 Cam\"}]},{\"@type\":\"WebSite\",\"@id\":\"https:\/\/compuviper.mx\/tienda\/#website\",\"url\":\"https:\/\/compuviper.mx\/tienda\/\",\"name\":\"Compuviper\",\"description\":\"Proveedor de Computadoras, Laptops, Servidores, Monitores, Puntos de Venta, Teclados,   Impresoras, T\u00f3ner, C\u00e1maras de Seguridad y m\u00e1s en tu tienda en l\u00ednea\",\"publisher\":{\"@id\":\"https:\/\/compuviper.mx\/tienda\/#organization\"},\"potentialAction\":[{\"@type\":\"SearchAction\",\"target\":{\"@type\":\"EntryPoint\",\"urlTemplate\":\"https:\/\/compuviper.mx\/tienda\/?s={search_term_string}\"},\"query-input\":\"required name=search_term_string\"}],\"inLanguage\":\"es-MX\"},{\"@type\":\"Organization\",\"@id\":\"https:\/\/compuviper.mx\/tienda\/#organization\",\"name\":\"Compuviper\",\"url\":\"https:\/\/compuviper.mx\/tienda\/\",\"logo\":{\"@type\":\"ImageObject\",\"inLanguage\":\"es-MX\",\"@id\":\"https:\/\/compuviper.mx\/tienda\/#\/schema\/logo\/image\/\",\"url\":\"https:\/\/compuviper.mx\/tienda\/wp-content\/uploads\/2021\/08\/Logo-Compuviper-10.png\",\"contentUrl\":\"https:\/\/compuviper.mx\/tienda\/wp-content\/uploads\/2021\/08\/Logo-Compuviper-10.png\",\"width\":1000,\"height\":500,\"caption\":\"Compuviper\"},\"image\":{\"@id\":\"https:\/\/compuviper.mx\/tienda\/#\/schema\/logo\/image\/\"},\"sameAs\":[\"https:\/\/www.facebook.com\/compuviper\",\"https:\/\/www.youtube.com\/channel\/UCf73dERp9Y3cfOq7q8BhLjA?view_as=subscriber\"]}]}<\/script>\n<meta property=\"product:brand\" content=\"SEAGATE\" \/>\n<meta property=\"product:price:amount\" content=\"4827\" \/>\n<meta property=\"product:price:currency\" content=\"MXN\" \/>\n<meta property=\"og:availability\" content=\"out of stock\" \/>\n<meta property=\"product:availability\" content=\"out of stock\" \/>\n<meta property=\"product:retailer_item_id\" content=\"ST10000VE001\" \/>\n<meta property=\"product:condition\" content=\"new\" \/>\n<!-- \/ Yoast SEO plugin. -->","yoast_head_json":{"title":"[ Seagate ] &#129351; St10000ve001 Disco Duro Interno Skyhawk Ai 10tb 3.5 Escritorio Sata3 6gb\/s 256mb 7200rpm Video Vigilancia Ai 24x7 Nvr 1-16 Bahias 1-64 Cam","description":"Compra St10000ve001 Disco Duro Interno Skyhawk Ai 10tb 3.5 Escritorio Sata3 6gb\/s 256mb 7200rpm Video Vigilancia Ai 24x7 Nvr 1-16 Bahias 1-64 Cam + Env\u00edo a domicilio + Pago seguro + Garant\u00eda","robots":{"index":"index","follow":"follow","max-snippet":"max-snippet:-1","max-image-preview":"max-image-preview:large","max-video-preview":"max-video-preview:-1"},"canonical":"https:\/\/compuviper.mx\/tienda\/producto\/seagate-st10000ve001-disco-duro-interno-skyhawk-ai-10tb-3-5-escritorio-sata3-6gb-s-256mb-7200rpm-video-vigilancia-ai-24x7-nvr-1-16-bahias-1-64-cam\/","og_locale":"es_MX","og_type":"article","og_title":"[ Seagate ] &#129351; St10000ve001 Disco Duro Interno Skyhawk Ai 10tb 3.5 Escritorio Sata3 6gb\/s 256mb 7200rpm Video Vigilancia Ai 24x7 Nvr 1-16 Bahias 1-64 Cam","og_description":"Compra St10000ve001 Disco Duro Interno Skyhawk Ai 10tb 3.5 Escritorio Sata3 6gb\/s 256mb 7200rpm Video Vigilancia Ai 24x7 Nvr 1-16 Bahias 1-64 Cam + Env\u00edo a domicilio + Pago seguro + Garant\u00eda","og_url":"https:\/\/compuviper.mx\/tienda\/producto\/seagate-st10000ve001-disco-duro-interno-skyhawk-ai-10tb-3-5-escritorio-sata3-6gb-s-256mb-7200rpm-video-vigilancia-ai-24x7-nvr-1-16-bahias-1-64-cam\/","og_site_name":"Compuviper","article_publisher":"https:\/\/www.facebook.com\/compuviper","article_modified_time":"2026-04-03T06:00:12+00:00","og_image":[{"width":200,"height":200,"url":"https:\/\/compuviper.mx\/tienda\/wp-content\/uploads\/2024\/10\/Disco-duro-interno-seagate-skyhawk-ai-10tb-3.5-escritorio-sata3-6gbs-256mb-7200rpm-video-vigilancia-ai-24x7-nvr-1-16-bahias-1-64-cam.jpg","type":"image\/jpeg"}],"twitter_card":"summary_large_image","twitter_misc":{"Precio":"&#36;4,827 con IVA","Availability":"Out of stock"},"schema":{"@context":"https:\/\/schema.org","@graph":[{"@type":"WebPage","@id":"https:\/\/compuviper.mx\/tienda\/producto\/seagate-st10000ve001-disco-duro-interno-skyhawk-ai-10tb-3-5-escritorio-sata3-6gb-s-256mb-7200rpm-video-vigilancia-ai-24x7-nvr-1-16-bahias-1-64-cam\/","url":"https:\/\/compuviper.mx\/tienda\/producto\/seagate-st10000ve001-disco-duro-interno-skyhawk-ai-10tb-3-5-escritorio-sata3-6gb-s-256mb-7200rpm-video-vigilancia-ai-24x7-nvr-1-16-bahias-1-64-cam\/","name":"[ Seagate ] &#129351; St10000ve001 Disco Duro Interno Skyhawk Ai 10tb 3.5 Escritorio Sata3 6gb\/s 256mb 7200rpm Video Vigilancia Ai 24x7 Nvr 1-16 Bahias 1-64 Cam","isPartOf":{"@id":"https:\/\/compuviper.mx\/tienda\/#website"},"datePublished":"2026-04-02T06:38:44+00:00","dateModified":"2026-04-03T06:00:12+00:00","description":"Compra St10000ve001 Disco Duro Interno Skyhawk Ai 10tb 3.5 Escritorio Sata3 6gb\/s 256mb 7200rpm Video Vigilancia Ai 24x7 Nvr 1-16 Bahias 1-64 Cam + Env\u00edo a domicilio + Pago seguro + Garant\u00eda","breadcrumb":{"@id":"https:\/\/compuviper.mx\/tienda\/producto\/seagate-st10000ve001-disco-duro-interno-skyhawk-ai-10tb-3-5-escritorio-sata3-6gb-s-256mb-7200rpm-video-vigilancia-ai-24x7-nvr-1-16-bahias-1-64-cam\/#breadcrumb"},"inLanguage":"es-MX","potentialAction":[{"@type":"ReadAction","target":["https:\/\/compuviper.mx\/tienda\/producto\/seagate-st10000ve001-disco-duro-interno-skyhawk-ai-10tb-3-5-escritorio-sata3-6gb-s-256mb-7200rpm-video-vigilancia-ai-24x7-nvr-1-16-bahias-1-64-cam\/"]}]},{"@type":"BreadcrumbList","@id":"https:\/\/compuviper.mx\/tienda\/producto\/seagate-st10000ve001-disco-duro-interno-skyhawk-ai-10tb-3-5-escritorio-sata3-6gb-s-256mb-7200rpm-video-vigilancia-ai-24x7-nvr-1-16-bahias-1-64-cam\/#breadcrumb","itemListElement":[{"@type":"ListItem","position":1,"name":"Inicio","item":"https:\/\/compuviper.mx\/tienda\/"},{"@type":"ListItem","position":2,"name":"Productos","item":"https:\/\/compuviper.mx\/tienda\/productos\/"},{"@type":"ListItem","position":3,"name":"Discos Duros","item":"https:\/\/compuviper.mx\/tienda\/categoria-producto\/discos-duros\/"},{"@type":"ListItem","position":4,"name":"Disco Duro","item":"https:\/\/compuviper.mx\/tienda\/categoria-producto\/discos-duros\/disco-duro\/"},{"@type":"ListItem","position":5,"name":"Seagate St10000ve001 Disco Duro Interno Skyhawk Ai 10tb 3.5 Escritorio Sata3 6gb\/s 256mb 7200rpm Video Vigilancia Ai 24&#215;7 Nvr 1-16 Bahias 1-64 Cam"}]},{"@type":"WebSite","@id":"https:\/\/compuviper.mx\/tienda\/#website","url":"https:\/\/compuviper.mx\/tienda\/","name":"Compuviper","description":"Proveedor de Computadoras, Laptops, Servidores, Monitores, Puntos de Venta, Teclados,   Impresoras, T\u00f3ner, C\u00e1maras de Seguridad y m\u00e1s en tu tienda en l\u00ednea","publisher":{"@id":"https:\/\/compuviper.mx\/tienda\/#organization"},"potentialAction":[{"@type":"SearchAction","target":{"@type":"EntryPoint","urlTemplate":"https:\/\/compuviper.mx\/tienda\/?s={search_term_string}"},"query-input":"required name=search_term_string"}],"inLanguage":"es-MX"},{"@type":"Organization","@id":"https:\/\/compuviper.mx\/tienda\/#organization","name":"Compuviper","url":"https:\/\/compuviper.mx\/tienda\/","logo":{"@type":"ImageObject","inLanguage":"es-MX","@id":"https:\/\/compuviper.mx\/tienda\/#\/schema\/logo\/image\/","url":"https:\/\/compuviper.mx\/tienda\/wp-content\/uploads\/2021\/08\/Logo-Compuviper-10.png","contentUrl":"https:\/\/compuviper.mx\/tienda\/wp-content\/uploads\/2021\/08\/Logo-Compuviper-10.png","width":1000,"height":500,"caption":"Compuviper"},"image":{"@id":"https:\/\/compuviper.mx\/tienda\/#\/schema\/logo\/image\/"},"sameAs":["https:\/\/www.facebook.com\/compuviper","https:\/\/www.youtube.com\/channel\/UCf73dERp9Y3cfOq7q8BhLjA?view_as=subscriber"]}]},"product_brand":"SEAGATE","product_price_amount":"4827","product_price_currency":"MXN","og_availability":"out of stock","product_availability":"out of stock","product_retailer_item_id":"ST10000VE001","product_condition":"new"},"_links":{"self":[{"href":"https:\/\/compuviper.mx\/tienda\/wp-json\/wp\/v2\/product\/244308"}],"collection":[{"href":"https:\/\/compuviper.mx\/tienda\/wp-json\/wp\/v2\/product"}],"about":[{"href":"https:\/\/compuviper.mx\/tienda\/wp-json\/wp\/v2\/types\/product"}],"replies":[{"embeddable":true,"href":"https:\/\/compuviper.mx\/tienda\/wp-json\/wp\/v2\/comments?post=244308"}],"wp:featuredmedia":[{"embeddable":true,"href":"https:\/\/compuviper.mx\/tienda\/wp-json\/wp\/v2\/media\/244309"}],"wp:attachment":[{"href":"https:\/\/compuviper.mx\/tienda\/wp-json\/wp\/v2\/media?parent=244308"}],"wp:term":[{"taxonomy":"product_cat","embeddable":true,"href":"https:\/\/compuviper.mx\/tienda\/wp-json\/wp\/v2\/product_cat?post=244308"},{"taxonomy":"product_tag","embeddable":true,"href":"https:\/\/compuviper.mx\/tienda\/wp-json\/wp\/v2\/product_tag?post=244308"}],"curies":[{"name":"wp","href":"https:\/\/api.w.org\/{rel}","templated":true}]}}