{"id":244267,"date":"2026-04-30T00:47:01","date_gmt":"2026-04-30T06:47:01","guid":{"rendered":"https:\/\/compuviper.mx\/tienda\/producto\/samsung-ls27d360galxzx-monitor-led-27-pulgadas-full-hd-1920x1080-curvo-s27d360-va-4ms-100-hz-hdmi-vga-1800r\/"},"modified":"2026-04-30T00:47:01","modified_gmt":"2026-04-30T06:47:01","slug":"samsung-ls27d360galxzx-monitor-led-27-pulgadas-s3-s36gd-mainstream-fhd-1920-x-1080-va-curvo-hdmi-d-sub-100hz-negro","status":"publish","type":"product","link":"https:\/\/compuviper.mx\/tienda\/producto\/samsung-ls27d360galxzx-monitor-led-27-pulgadas-s3-s36gd-mainstream-fhd-1920-x-1080-va-curvo-hdmi-d-sub-100hz-negro\/","title":{"rendered":"Samsung Ls27d360galxzx Monitor Led  27 Pulgadas \/s3 S36gd Mainstream\/ Fhd (1920 X 1080) \/ Va \/ Curvo\/hdmi\/d-sub\/ 100hz \/ Negro."},"content":{"rendered":"<table class=\"descripcion\">\n<tr>\n<td>Mostrar tama\u00f1o de pantalla (27)<\/td>\n<\/tr>\n<tr>\n<td>Plano\/curva d curva<\/td>\n<\/tr>\n<tr>\n<td>Tama\u00f1o de pantalla activa (hxv) (mm ) 596.736&#215;335.664<\/td>\n<\/tr>\n<tr>\n<td>Curvatura de pantalla 1800r<\/td>\n<\/tr>\n<tr>\n<td>Relaci\u00f3n de aspecto o 16:9<\/td>\n<\/tr>\n<tr>\n<td>Tipo de panel mi<\/td>\n<\/tr>\n<tr>\n<td>Brillo (t\u00edpico ) 250 cd\/<\/td>\n<\/tr>\n<tr>\n<td>Brillo (m\u00edn. ) 200 cd\/<\/td>\n<\/tr>\n<tr>\n<td>Relaci\u00f3n de contraste (est\u00e1tica ) 3.000:1<\/td>\n<\/tr>\n<tr>\n<td>Relaci\u00f3n de contraste (din\u00e1mico ) n\/a<\/td>\n<\/tr>\n<tr>\n<td>Hdr (alto rango din\u00e1mico ) n\/a<\/td>\n<\/tr>\n<tr>\n<td>Hdr10 + n\/a<\/td>\n<\/tr>\n<tr>\n<td>Atenuaci\u00f3n local mini led n\/a<\/td>\n<\/tr>\n<tr>\n<td>Resoluci\u00f3n nfhd (1.920 x 1,080)<\/td>\n<\/tr>\n<tr>\n<td>Tiempo de respuesta (ms ) 4(gtg)<\/td>\n<\/tr>\n<tr>\n<td>\u00e1ngulo de visi\u00f3n (h\/v ) 178\u00b0(h)\/178\u00b0(v)<\/td>\n<\/tr>\n<tr>\n<td>Soporte de color t m\u00e1ximo 16.7m<\/td>\n<\/tr>\n<tr>\n<td>Gama de colores (ntsc ) n\/a<\/td>\n<\/tr>\n<tr>\n<td>Gama de colores (cobertura dci ) n\/a<\/td>\n<\/tr>\n<tr>\n<td>Gama de colores (cobertura srgb ) 95%<\/td>\n<\/tr>\n<tr>\n<td>Frame rate 100hz<\/td>\n<\/tr>\n<tr>\n<td>Caracteristicas generales<\/td>\n<\/tr>\n<tr>\n<td>Eco saving plus si<\/td>\n<\/tr>\n<tr>\n<td>0.00 w off mode n\/a<\/td>\n<\/tr>\n<tr>\n<td>Eye saver mode si<\/td>\n<\/tr>\n<tr>\n<td>Flicker free si<\/td>\n<\/tr>\n<tr>\n<td>Picture-in-picture n\/a<\/td>\n<\/tr>\n<tr>\n<td>Picture-by-picture n\/a<\/td>\n<\/tr>\n<tr>\n<td>Quantum dot color n\/a<\/td>\n<\/tr>\n<tr>\n<td>Image size n\/a<\/td>\n<\/tr>\n<tr>\n<td>Daisy chain n\/a<\/td>\n<\/tr>\n<tr>\n<td>Windows certification windows 11<\/td>\n<\/tr>\n<tr>\n<td>Freesync n\/a<\/td>\n<\/tr>\n<tr>\n<td>G-sync n\/a<\/td>\n<\/tr>\n<tr>\n<td>Vesa adaptive-sync n\/a<\/td>\n<\/tr>\n<tr>\n<td>Temporizador de apagado plus si<\/td>\n<\/tr>\n<tr>\n<td>Ecualizador negro n\/a<\/td>\n<\/tr>\n<tr>\n<td>Punto aim virtual n\/a<\/td>\n<\/tr>\n<tr>\n<td>Sincronizaci\u00f3n central n\/a<\/td>\n<\/tr>\n<tr>\n<td>Barra de juegos n\/a<\/td>\n<\/tr>\n<tr>\n<td>Centro de juegos n\/a<\/td>\n<\/tr>\n<tr>\n<td>Optimizador de frecuencia de actualizaci\u00f3n n\/a<\/td>\n<\/tr>\n<tr>\n<td>Experiencia de usuario de juegos super arena n\/a<\/td>\n<\/tr>\n<tr>\n<td>Hdmi-cec n\/a<\/td>\n<\/tr>\n<tr>\n<td>Cambio de fuente autom\u00e1tico n\/a<\/td>\n<\/tr>\n<tr>\n<td>Imagen adaptable n\/a<\/td>\n<\/tr>\n<tr>\n<td>Vista de juego s\u00faper ultra ancha n\/a<\/td>\n<\/tr>\n<tr>\n<td>Conmutador kvm n\/a<\/td>\n<\/tr>\n<tr>\n<td>Servicio inteligente tipo inteligente n\/a<\/td>\n<\/tr>\n<tr>\n<td>Sistema operativo metro n\/a<\/td>\n<\/tr>\n<tr>\n<td>Bixby n\/a<\/td>\n<\/tr>\n<tr>\n<td>Interacci\u00f3n de voz de campo lejano n\/a<\/td>\n<\/tr>\n<tr>\n<td>Asistente de voz incorporado n\/a<\/td>\n<\/tr>\n<tr>\n<td>Tv +  n\/a<\/td>\n<\/tr>\n<tr>\n<td>Gu\u00eda universal n\/a<\/td>\n<\/tr>\n<tr>\n<td>Smartthings hub n\/a<\/td>\n<\/tr>\n<tr>\n<td>Experiencia multidispositivo n\/a<\/td>\n<\/tr>\n<tr>\n<td>Mi contenido n\/a<\/td>\n<\/tr>\n<tr>\n<td>Pantallavital n\/a<\/td>\n<\/tr>\n<tr>\n<td>Vista m\u00faltiple n\/a<\/td>\n<\/tr>\n<tr>\n<td>Calibraci\u00f3n inteligente n\/a<\/td>\n<\/tr>\n<tr>\n<td>Nft n\/a<\/td>\n<\/tr>\n<tr>\n<td>B\u00f3veda de knox n\/a<\/td>\n<\/tr>\n<tr>\n<td>Espacio de trabajo n\/a<\/td>\n<\/tr>\n<tr>\n<td>Interface wireless display n\/a<\/td>\n<\/tr>\n<tr>\n<td> d-sub 1 ea<\/td>\n<\/tr>\n<tr>\n<td> hdcp version (d-sub) n\/a<\/td>\n<\/tr>\n<tr>\n<td> dvi n\/a<\/td>\n<\/tr>\n<tr>\n<td> hdcp version (dvi) n\/a<\/td>\n<\/tr>\n<tr>\n<td> display port n\/a<\/td>\n<\/tr>\n<tr>\n<td> display port version n\/a<\/td>\n<\/tr>\n<tr>\n<td> hdcp version (dp) n\/a<\/td>\n<\/tr>\n<tr>\n<td> display port out n\/a<\/td>\n<\/tr>\n<tr>\n<td> display port out version n\/a<\/td>\n<\/tr>\n<tr>\n<td> mini-display port n\/a<\/td>\n<\/tr>\n<tr>\n<td> hdcp version (mini-dp) n\/a<\/td>\n<\/tr>\n<tr>\n<td> hdmi 1 ea<\/td>\n<\/tr>\n<tr>\n<td> hdmi version 1.4<\/td>\n<\/tr>\n<tr>\n<td> hdcp version (hdmi) n\/a<\/td>\n<\/tr>\n<tr>\n<td> micro hdmi n\/a<\/td>\n<\/tr>\n<tr>\n<td> micro hdmi version n\/a<\/td>\n<\/tr>\n<tr>\n<td> hdcp version (micro hdmi) n\/a<\/td>\n<\/tr>\n<tr>\n<td> audio in n\/a<\/td>\n<\/tr>\n<tr>\n<td> headphone yes<\/td>\n<\/tr>\n<tr>\n<td> usb ports n\/a<\/td>\n<\/tr>\n<tr>\n<td> usb hub version no<\/td>\n<\/tr>\n<tr>\n<td> usb-c n\/a<\/td>\n<\/tr>\n<tr>\n<td> usb-c charging power n\/a<\/td>\n<\/tr>\n<tr>\n<td> hdcp version (usb-c) n\/a<\/td>\n<\/tr>\n<tr>\n<td> thunderbolt input n\/a<\/td>\n<\/tr>\n<tr>\n<td> thunderbolt charging power n\/a<\/td>\n<\/tr>\n<tr>\n<td> version of thunderbolt n\/a<\/td>\n<\/tr>\n<tr>\n<td> hdcp version (thunderbolt) n\/a<\/td>\n<\/tr>\n<tr>\n<td> ethernet (lan) n\/a<\/td>\n<\/tr>\n<tr>\n<td> wifi n\/a<\/td>\n<\/tr>\n<tr>\n<td> bluetooth n\/a<\/td>\n<\/tr>\n<tr>\n<td> built-in camera n\/a<\/td>\n<\/tr>\n<tr>\n<td> windows hello certification n\/a<\/td>\n<\/tr>\n<tr>\n<td>Audio<\/td>\n<\/tr>\n<tr>\n<td>Bocina n\/a<\/td>\n<\/tr>\n<tr>\n<td>Sonido adaptativo n\/a<\/td>\n<\/tr>\n<tr>\n<td>Condiciones de operaci\u00f3n temperatura e 10~40<\/td>\n<\/tr>\n<tr>\n<td>Humedad y 10~80, sin condensaci\u00f3n<\/td>\n<\/tr>\n<tr>\n<td>Calibraci\u00f3n tunin de f\u00e1brica n\/a<\/td>\n<\/tr>\n<tr>\n<td>Equilibrio de grises n\/a<\/td>\n<\/tr>\n<tr>\n<td>Correcci\u00f3n de uniformidad n\/a<\/td>\n<\/tr>\n<tr>\n<td>Informe de calibraci\u00f3n de f\u00e1brica n\/a<\/td>\n<\/tr>\n<tr>\n<td>Dise\u00f1o color frontal  black<\/td>\n<\/tr>\n<tr>\n<td>Colo posterior  black<\/td>\n<\/tr>\n<tr>\n<td>Stand color negro alto black high glossy+etching<\/td>\n<\/tr>\n<tr>\n<td>Tipo de soporte simple<\/td>\n<\/tr>\n<tr>\n<td>Tiene (soporte ajustable en altura ) n\/a<\/td>\n<\/tr>\n<tr>\n<td>Hasta t -2.0\u00ba(\u00b12.0\u00ba) ~ 22\u00ba(\u00b12.0<\/td>\n<\/tr>\n<tr>\n<td>Giratorio n\/a<\/td>\n<\/tr>\n<tr>\n<td>Pivot  n\/a<\/td>\n<\/tr>\n<tr>\n<td>Montaje en pared  75,0 x 75.0mm<\/td>\n<\/tr>\n<tr>\n<td>Ecol\u00f3gico clases de eficiencia energ\u00e9tica n\/a<\/td>\n<\/tr>\n<tr>\n<td>Plasti reciclado n\/a<\/td>\n<\/tr>\n<tr>\n<td>Fuerza fuente de alimentaci\u00f3n ca 100~240v<\/td>\n<\/tr>\n<tr>\n<td>Consumo de energ\u00eda (m\u00e1x. ) 35w<\/td>\n<\/tr>\n<tr>\n<td>Consumo de energ\u00eda (tipo ) n\/a<\/td>\n<\/tr>\n<tr>\n<td>Consumo de energ\u00eda (dpms ) n\/a<\/td>\n<\/tr>\n<tr>\n<td>Consumo de energ\u00eda (modo apagado) n\/a<\/td>\n<\/tr>\n<tr>\n<td>Consumo de energ\u00eda (anual) n\/a<\/td>\n<\/tr>\n<tr>\n<td>Tipo e adaptaci\u00f3n externa<\/td>\n<\/tr>\n<tr>\n<td>Dimensi\u00f3n<\/td>\n<\/tr>\n<tr>\n<td> dimensiones con soporte (ancho x alto x profundidad) ) 622,6 x 458,6 x 214,0mm<\/td>\n<\/tr>\n<tr>\n<td>Establecer dimensiones sin soporte (ancho x alto x profundidad) ) 622,6 x 367,2 x 114,3mm<\/td>\n<\/tr>\n<tr>\n<td>Dimensi\u00f3n del paquete (wxhxd ) 687,0 x 175,0 x 442,0mm<\/td>\n<\/tr>\n<tr>\n<td>Peso peso con stan d 3.9 kg<\/td>\n<\/tr>\n<tr>\n<td>Establecer peso sin stan d 3.3 kg<\/td>\n<\/tr>\n<tr>\n<td>Peso del paquete 6.0 kg<\/td>\n<\/tr>\n<tr>\n<td>Accesorio longitud del cable de alimentaci\u00f3n h 1,5<\/td>\n<\/tr>\n<tr>\n<td>Cable d-sub n\/a<\/td>\n<\/tr>\n<tr>\n<td>Cable dvi n\/a<\/td>\n<\/tr>\n<tr>\n<td>Cable hdmi yes<\/td>\n<\/tr>\n<tr>\n<td>Cable hdmi a dvi n\/a<\/td>\n<\/tr>\n<tr>\n<td>Cable hdmi a micro hdmi n\/a<\/td>\n<\/tr>\n<tr>\n<td>Cable dp n\/a<\/td>\n<\/tr>\n<tr>\n<td>Cable usb tipo n\/a<\/td>\n<\/tr>\n<tr>\n<td>Instalar c d n<\/td>\n<\/tr>\n<tr>\n<td>Cable ascendente usb tipo a a b n\/a<\/td>\n<\/tr>\n<tr>\n<td>Cable de g\u00e9nero usb tipo c a tipo a n\/a<\/td>\n<\/tr>\n<tr>\n<td>Control remoto n\/a<\/td>\n<\/tr>\n<tr>\n<td>C\u00e1mara n\/a<\/td>\n<\/tr>\n<tr>\n<td>Pogo gender n\/a<\/td>\n<\/tr>\n<tr>\n<td>Certification and compliance ul glare free n\/a<\/td>\n<\/tr>\n<tr>\n<td> pantone validated n\/a<\/td>\n<\/tr>\n<tr>\n<td> tco certified n\/a<\/td>\n<\/tr>\n<tr>\n<td>Software support security update period (at least 5 years) n\/a<\/td>\n<\/tr>\n<\/table>\n","protected":false},"excerpt":{"rendered":"<p>Mostrar tama\u00f1o de pantalla (27) Plano\/curva d curva Tama\u00f1o de pantalla activa (hxv) (mm ) 596.736&#215;335.664 Curvatura de pantalla 1800r Relaci\u00f3n de aspecto o 16:9 Tipo de panel mi Brillo (t\u00edpico ) 250 cd\/ Brillo (m\u00edn. ) 200 cd\/ Relaci\u00f3n de contraste (est\u00e1tica ) 3.000:1 Relaci\u00f3n de contraste (din\u00e1mico ) n\/a Hdr (alto rango din\u00e1mico [&hellip;]<\/p>\n","protected":false},"featured_media":259858,"comment_status":"open","ping_status":"open","template":"","meta":[],"product_cat":[1740,1741],"product_tag":[1743],"acf":[],"yoast_head":"<!-- This site is optimized with the Yoast SEO plugin v21.7 - https:\/\/yoast.com\/wordpress\/plugins\/seo\/ -->\n<title>[ Samsung ] &#129351; Ls27d360galxzx Monitor Led 27 Pulgadas \/s3 S36gd Mainstream\/ Fhd (1920 X 1080) \/ Va \/ Curvo\/hdmi\/d-sub\/ 100hz \/ Negro.<\/title>\n<meta name=\"description\" content=\"Compra Ls27d360galxzx Monitor Led 27 Pulgadas \/s3 S36gd Mainstream\/ Fhd (1920 X 1080) \/ Va \/ Curvo\/hdmi\/d-sub\/ 100hz \/ Negro. + Env\u00edo a domicilio + Pago seguro + Garant\u00eda\" \/>\n<meta name=\"robots\" content=\"index, follow, max-snippet:-1, max-image-preview:large, max-video-preview:-1\" \/>\n<link rel=\"canonical\" href=\"https:\/\/compuviper.mx\/tienda\/producto\/samsung-ls27d360galxzx-monitor-led-27-pulgadas-s3-s36gd-mainstream-fhd-1920-x-1080-va-curvo-hdmi-d-sub-100hz-negro\/\" \/>\n<meta property=\"og:locale\" content=\"es_MX\" \/>\n<meta property=\"og:type\" content=\"article\" \/>\n<meta property=\"og:title\" content=\"[ Samsung ] &#129351; Ls27d360galxzx Monitor Led 27 Pulgadas \/s3 S36gd Mainstream\/ Fhd (1920 X 1080) \/ Va \/ Curvo\/hdmi\/d-sub\/ 100hz \/ Negro.\" \/>\n<meta property=\"og:description\" content=\"Compra Ls27d360galxzx Monitor Led 27 Pulgadas \/s3 S36gd Mainstream\/ Fhd (1920 X 1080) \/ Va \/ Curvo\/hdmi\/d-sub\/ 100hz \/ Negro. + Env\u00edo a domicilio + Pago seguro + Garant\u00eda\" \/>\n<meta property=\"og:url\" content=\"https:\/\/compuviper.mx\/tienda\/producto\/samsung-ls27d360galxzx-monitor-led-27-pulgadas-s3-s36gd-mainstream-fhd-1920-x-1080-va-curvo-hdmi-d-sub-100hz-negro\/\" \/>\n<meta property=\"og:site_name\" content=\"Compuviper\" \/>\n<meta property=\"article:publisher\" content=\"https:\/\/www.facebook.com\/compuviper\" \/>\n<meta property=\"og:image\" content=\"https:\/\/compuviper.mx\/tienda\/wp-content\/uploads\/2025\/10\/Monitor-led-samsung-27-pulgadas-s3-s36gd-mainstream-fhd-1920-x-1080-va-curvohdmid-sub-100hz-negro.jpg\" \/>\n\t<meta property=\"og:image:width\" content=\"200\" \/>\n\t<meta property=\"og:image:height\" content=\"200\" \/>\n\t<meta property=\"og:image:type\" content=\"image\/jpeg\" \/>\n<meta name=\"twitter:card\" content=\"summary_large_image\" \/>\n<meta name=\"twitter:label1\" content=\"Precio\" \/>\n\t<meta name=\"twitter:data1\" content=\"&#36;2,492 con IVA\" \/>\n\t<meta name=\"twitter:label2\" content=\"Availability\" \/>\n\t<meta name=\"twitter:data2\" content=\"Out of stock\" \/>\n<script type=\"application\/ld+json\" class=\"yoast-schema-graph\">{\"@context\":\"https:\/\/schema.org\",\"@graph\":[{\"@type\":\"WebPage\",\"@id\":\"https:\/\/compuviper.mx\/tienda\/producto\/samsung-ls27d360galxzx-monitor-led-27-pulgadas-s3-s36gd-mainstream-fhd-1920-x-1080-va-curvo-hdmi-d-sub-100hz-negro\/\",\"url\":\"https:\/\/compuviper.mx\/tienda\/producto\/samsung-ls27d360galxzx-monitor-led-27-pulgadas-s3-s36gd-mainstream-fhd-1920-x-1080-va-curvo-hdmi-d-sub-100hz-negro\/\",\"name\":\"[ Samsung ] &#129351; Ls27d360galxzx Monitor Led 27 Pulgadas \/s3 S36gd Mainstream\/ Fhd (1920 X 1080) \/ Va \/ Curvo\/hdmi\/d-sub\/ 100hz \/ Negro.\",\"isPartOf\":{\"@id\":\"https:\/\/compuviper.mx\/tienda\/#website\"},\"datePublished\":\"2026-04-30T06:47:01+00:00\",\"dateModified\":\"2026-04-30T06:47:01+00:00\",\"description\":\"Compra Ls27d360galxzx Monitor Led 27 Pulgadas \/s3 S36gd Mainstream\/ Fhd (1920 X 1080) \/ Va \/ Curvo\/hdmi\/d-sub\/ 100hz \/ Negro. + Env\u00edo a domicilio + Pago seguro + Garant\u00eda\",\"breadcrumb\":{\"@id\":\"https:\/\/compuviper.mx\/tienda\/producto\/samsung-ls27d360galxzx-monitor-led-27-pulgadas-s3-s36gd-mainstream-fhd-1920-x-1080-va-curvo-hdmi-d-sub-100hz-negro\/#breadcrumb\"},\"inLanguage\":\"es-MX\",\"potentialAction\":[{\"@type\":\"ReadAction\",\"target\":[\"https:\/\/compuviper.mx\/tienda\/producto\/samsung-ls27d360galxzx-monitor-led-27-pulgadas-s3-s36gd-mainstream-fhd-1920-x-1080-va-curvo-hdmi-d-sub-100hz-negro\/\"]}]},{\"@type\":\"BreadcrumbList\",\"@id\":\"https:\/\/compuviper.mx\/tienda\/producto\/samsung-ls27d360galxzx-monitor-led-27-pulgadas-s3-s36gd-mainstream-fhd-1920-x-1080-va-curvo-hdmi-d-sub-100hz-negro\/#breadcrumb\",\"itemListElement\":[{\"@type\":\"ListItem\",\"position\":1,\"name\":\"Inicio\",\"item\":\"https:\/\/compuviper.mx\/tienda\/\"},{\"@type\":\"ListItem\",\"position\":2,\"name\":\"Productos\",\"item\":\"https:\/\/compuviper.mx\/tienda\/productos\/\"},{\"@type\":\"ListItem\",\"position\":3,\"name\":\"Monitores\",\"item\":\"https:\/\/compuviper.mx\/tienda\/categoria-producto\/monitores\/\"},{\"@type\":\"ListItem\",\"position\":4,\"name\":\"Led\",\"item\":\"https:\/\/compuviper.mx\/tienda\/categoria-producto\/monitores\/led\/\"},{\"@type\":\"ListItem\",\"position\":5,\"name\":\"Samsung Ls27d360galxzx Monitor Led 27 Pulgadas \/s3 S36gd Mainstream\/ Fhd (1920 X 1080) \/ Va \/ Curvo\/hdmi\/d-sub\/ 100hz \/ Negro.\"}]},{\"@type\":\"WebSite\",\"@id\":\"https:\/\/compuviper.mx\/tienda\/#website\",\"url\":\"https:\/\/compuviper.mx\/tienda\/\",\"name\":\"Compuviper\",\"description\":\"Proveedor de Computadoras, Laptops, Servidores, Monitores, Puntos de Venta, Teclados,   Impresoras, T\u00f3ner, C\u00e1maras de Seguridad y m\u00e1s en tu tienda en l\u00ednea\",\"publisher\":{\"@id\":\"https:\/\/compuviper.mx\/tienda\/#organization\"},\"potentialAction\":[{\"@type\":\"SearchAction\",\"target\":{\"@type\":\"EntryPoint\",\"urlTemplate\":\"https:\/\/compuviper.mx\/tienda\/?s={search_term_string}\"},\"query-input\":\"required name=search_term_string\"}],\"inLanguage\":\"es-MX\"},{\"@type\":\"Organization\",\"@id\":\"https:\/\/compuviper.mx\/tienda\/#organization\",\"name\":\"Compuviper\",\"url\":\"https:\/\/compuviper.mx\/tienda\/\",\"logo\":{\"@type\":\"ImageObject\",\"inLanguage\":\"es-MX\",\"@id\":\"https:\/\/compuviper.mx\/tienda\/#\/schema\/logo\/image\/\",\"url\":\"https:\/\/compuviper.mx\/tienda\/wp-content\/uploads\/2021\/08\/Logo-Compuviper-10.png\",\"contentUrl\":\"https:\/\/compuviper.mx\/tienda\/wp-content\/uploads\/2021\/08\/Logo-Compuviper-10.png\",\"width\":1000,\"height\":500,\"caption\":\"Compuviper\"},\"image\":{\"@id\":\"https:\/\/compuviper.mx\/tienda\/#\/schema\/logo\/image\/\"},\"sameAs\":[\"https:\/\/www.facebook.com\/compuviper\",\"https:\/\/www.youtube.com\/channel\/UCf73dERp9Y3cfOq7q8BhLjA?view_as=subscriber\"]}]}<\/script>\n<meta property=\"product:brand\" content=\"SAMSUNG\" \/>\n<meta property=\"product:price:amount\" content=\"2492\" \/>\n<meta property=\"product:price:currency\" content=\"MXN\" \/>\n<meta property=\"og:availability\" content=\"out of stock\" \/>\n<meta property=\"product:availability\" content=\"out of stock\" \/>\n<meta property=\"product:retailer_item_id\" content=\"LS27D360GALXZX\" \/>\n<meta property=\"product:condition\" content=\"new\" \/>\n<!-- \/ Yoast SEO plugin. -->","yoast_head_json":{"title":"[ Samsung ] &#129351; Ls27d360galxzx Monitor Led 27 Pulgadas \/s3 S36gd Mainstream\/ Fhd (1920 X 1080) \/ Va \/ Curvo\/hdmi\/d-sub\/ 100hz \/ Negro.","description":"Compra Ls27d360galxzx Monitor Led 27 Pulgadas \/s3 S36gd Mainstream\/ Fhd (1920 X 1080) \/ Va \/ Curvo\/hdmi\/d-sub\/ 100hz \/ Negro. + Env\u00edo a domicilio + Pago seguro + Garant\u00eda","robots":{"index":"index","follow":"follow","max-snippet":"max-snippet:-1","max-image-preview":"max-image-preview:large","max-video-preview":"max-video-preview:-1"},"canonical":"https:\/\/compuviper.mx\/tienda\/producto\/samsung-ls27d360galxzx-monitor-led-27-pulgadas-s3-s36gd-mainstream-fhd-1920-x-1080-va-curvo-hdmi-d-sub-100hz-negro\/","og_locale":"es_MX","og_type":"article","og_title":"[ Samsung ] &#129351; Ls27d360galxzx Monitor Led 27 Pulgadas \/s3 S36gd Mainstream\/ Fhd (1920 X 1080) \/ Va \/ Curvo\/hdmi\/d-sub\/ 100hz \/ Negro.","og_description":"Compra Ls27d360galxzx Monitor Led 27 Pulgadas \/s3 S36gd Mainstream\/ Fhd (1920 X 1080) \/ Va \/ Curvo\/hdmi\/d-sub\/ 100hz \/ Negro. + Env\u00edo a domicilio + Pago seguro + Garant\u00eda","og_url":"https:\/\/compuviper.mx\/tienda\/producto\/samsung-ls27d360galxzx-monitor-led-27-pulgadas-s3-s36gd-mainstream-fhd-1920-x-1080-va-curvo-hdmi-d-sub-100hz-negro\/","og_site_name":"Compuviper","article_publisher":"https:\/\/www.facebook.com\/compuviper","og_image":[{"width":200,"height":200,"url":"https:\/\/compuviper.mx\/tienda\/wp-content\/uploads\/2025\/10\/Monitor-led-samsung-27-pulgadas-s3-s36gd-mainstream-fhd-1920-x-1080-va-curvohdmid-sub-100hz-negro.jpg","type":"image\/jpeg"}],"twitter_card":"summary_large_image","twitter_misc":{"Precio":"&#36;2,492 con IVA","Availability":"Out of stock"},"schema":{"@context":"https:\/\/schema.org","@graph":[{"@type":"WebPage","@id":"https:\/\/compuviper.mx\/tienda\/producto\/samsung-ls27d360galxzx-monitor-led-27-pulgadas-s3-s36gd-mainstream-fhd-1920-x-1080-va-curvo-hdmi-d-sub-100hz-negro\/","url":"https:\/\/compuviper.mx\/tienda\/producto\/samsung-ls27d360galxzx-monitor-led-27-pulgadas-s3-s36gd-mainstream-fhd-1920-x-1080-va-curvo-hdmi-d-sub-100hz-negro\/","name":"[ Samsung ] &#129351; Ls27d360galxzx Monitor Led 27 Pulgadas \/s3 S36gd Mainstream\/ Fhd (1920 X 1080) \/ Va \/ Curvo\/hdmi\/d-sub\/ 100hz \/ Negro.","isPartOf":{"@id":"https:\/\/compuviper.mx\/tienda\/#website"},"datePublished":"2026-04-30T06:47:01+00:00","dateModified":"2026-04-30T06:47:01+00:00","description":"Compra Ls27d360galxzx Monitor Led 27 Pulgadas \/s3 S36gd Mainstream\/ Fhd (1920 X 1080) \/ Va \/ Curvo\/hdmi\/d-sub\/ 100hz \/ Negro. + Env\u00edo a domicilio + Pago seguro + Garant\u00eda","breadcrumb":{"@id":"https:\/\/compuviper.mx\/tienda\/producto\/samsung-ls27d360galxzx-monitor-led-27-pulgadas-s3-s36gd-mainstream-fhd-1920-x-1080-va-curvo-hdmi-d-sub-100hz-negro\/#breadcrumb"},"inLanguage":"es-MX","potentialAction":[{"@type":"ReadAction","target":["https:\/\/compuviper.mx\/tienda\/producto\/samsung-ls27d360galxzx-monitor-led-27-pulgadas-s3-s36gd-mainstream-fhd-1920-x-1080-va-curvo-hdmi-d-sub-100hz-negro\/"]}]},{"@type":"BreadcrumbList","@id":"https:\/\/compuviper.mx\/tienda\/producto\/samsung-ls27d360galxzx-monitor-led-27-pulgadas-s3-s36gd-mainstream-fhd-1920-x-1080-va-curvo-hdmi-d-sub-100hz-negro\/#breadcrumb","itemListElement":[{"@type":"ListItem","position":1,"name":"Inicio","item":"https:\/\/compuviper.mx\/tienda\/"},{"@type":"ListItem","position":2,"name":"Productos","item":"https:\/\/compuviper.mx\/tienda\/productos\/"},{"@type":"ListItem","position":3,"name":"Monitores","item":"https:\/\/compuviper.mx\/tienda\/categoria-producto\/monitores\/"},{"@type":"ListItem","position":4,"name":"Led","item":"https:\/\/compuviper.mx\/tienda\/categoria-producto\/monitores\/led\/"},{"@type":"ListItem","position":5,"name":"Samsung Ls27d360galxzx Monitor Led 27 Pulgadas \/s3 S36gd Mainstream\/ Fhd (1920 X 1080) \/ Va \/ Curvo\/hdmi\/d-sub\/ 100hz \/ Negro."}]},{"@type":"WebSite","@id":"https:\/\/compuviper.mx\/tienda\/#website","url":"https:\/\/compuviper.mx\/tienda\/","name":"Compuviper","description":"Proveedor de Computadoras, Laptops, Servidores, Monitores, Puntos de Venta, Teclados,   Impresoras, T\u00f3ner, C\u00e1maras de Seguridad y m\u00e1s en tu tienda en l\u00ednea","publisher":{"@id":"https:\/\/compuviper.mx\/tienda\/#organization"},"potentialAction":[{"@type":"SearchAction","target":{"@type":"EntryPoint","urlTemplate":"https:\/\/compuviper.mx\/tienda\/?s={search_term_string}"},"query-input":"required name=search_term_string"}],"inLanguage":"es-MX"},{"@type":"Organization","@id":"https:\/\/compuviper.mx\/tienda\/#organization","name":"Compuviper","url":"https:\/\/compuviper.mx\/tienda\/","logo":{"@type":"ImageObject","inLanguage":"es-MX","@id":"https:\/\/compuviper.mx\/tienda\/#\/schema\/logo\/image\/","url":"https:\/\/compuviper.mx\/tienda\/wp-content\/uploads\/2021\/08\/Logo-Compuviper-10.png","contentUrl":"https:\/\/compuviper.mx\/tienda\/wp-content\/uploads\/2021\/08\/Logo-Compuviper-10.png","width":1000,"height":500,"caption":"Compuviper"},"image":{"@id":"https:\/\/compuviper.mx\/tienda\/#\/schema\/logo\/image\/"},"sameAs":["https:\/\/www.facebook.com\/compuviper","https:\/\/www.youtube.com\/channel\/UCf73dERp9Y3cfOq7q8BhLjA?view_as=subscriber"]}]},"product_brand":"SAMSUNG","product_price_amount":"2492","product_price_currency":"MXN","og_availability":"out of stock","product_availability":"out of stock","product_retailer_item_id":"LS27D360GALXZX","product_condition":"new"},"_links":{"self":[{"href":"https:\/\/compuviper.mx\/tienda\/wp-json\/wp\/v2\/product\/244267"}],"collection":[{"href":"https:\/\/compuviper.mx\/tienda\/wp-json\/wp\/v2\/product"}],"about":[{"href":"https:\/\/compuviper.mx\/tienda\/wp-json\/wp\/v2\/types\/product"}],"replies":[{"embeddable":true,"href":"https:\/\/compuviper.mx\/tienda\/wp-json\/wp\/v2\/comments?post=244267"}],"wp:featuredmedia":[{"embeddable":true,"href":"https:\/\/compuviper.mx\/tienda\/wp-json\/wp\/v2\/media\/259858"}],"wp:attachment":[{"href":"https:\/\/compuviper.mx\/tienda\/wp-json\/wp\/v2\/media?parent=244267"}],"wp:term":[{"taxonomy":"product_cat","embeddable":true,"href":"https:\/\/compuviper.mx\/tienda\/wp-json\/wp\/v2\/product_cat?post=244267"},{"taxonomy":"product_tag","embeddable":true,"href":"https:\/\/compuviper.mx\/tienda\/wp-json\/wp\/v2\/product_tag?post=244267"}],"curies":[{"name":"wp","href":"https:\/\/api.w.org\/{rel}","templated":true}]}}