{"id":243940,"date":"2026-04-02T01:07:54","date_gmt":"2026-04-02T07:07:54","guid":{"rendered":"https:\/\/compuviper.mx\/tienda\/producto\/grandstream-gwn7700p-switch-gigabit-no-administrable-5-puertos-10-100-1000-4-puertos-poe-hasta-30-w-en-cada-puerto-de-metal\/"},"modified":"2026-04-02T01:07:55","modified_gmt":"2026-04-02T07:07:55","slug":"grandstream-gwn7700p-switch-gigabit-no-administrable-5-puertos-10-100-1000-4-puertos-poe-hasta-30-w-en-cada-puerto-de-metal","status":"publish","type":"product","link":"https:\/\/compuviper.mx\/tienda\/producto\/grandstream-gwn7700p-switch-gigabit-no-administrable-5-puertos-10-100-1000-4-puertos-poe-hasta-30-w-en-cada-puerto-de-metal\/","title":{"rendered":"Grandstream Gwn7700p Switch   Gigabit No Administrable \/ 5 Puertos 10\/100\/1000 4 Puertos Poe Hasta 30 W En Cada Puerto De Metal"},"content":{"rendered":"<table class=\"descripcion\">\n<tr>\n<td>5  puertos gigabit rj45, 4 puertos de salida poe+ (gwn7700p y gwn7701p),<\/td>\n<\/tr>\n<tr>\n<td>La tecnolog\u00eda verde reduce el consumo de energ\u00eda<\/td>\n<\/tr>\n<tr>\n<td>Indicadores led; por puerto: enlace\/actividad\/velocidad, por puerto: salida poe (gwn7701pa\/gwn7702p), por dispositivo: alimentaci\u00f3n<\/td>\n<\/tr>\n<tr>\n<td>Cruce autom\u00e1tico mdi\/mdix para todos los puertos<\/td>\n<\/tr>\n<tr>\n<td>Compatible con 802.3 af\/at hasta 30 w en cada puerto (<\/td>\n<\/tr>\n<tr>\n<td>Solo gwn7700p\/gwn7701p\/gwn7701pa\/gwn7702p)<\/td>\n<\/tr>\n<tr>\n<td>Control de tormentas de transmisi\u00f3n\/multidifusi\u00f3n\/unidifusi\u00f3n (fijado a 100 mbps) para monitorear los niveles de tr\u00e1fico<\/td>\n<\/tr>\n<tr>\n<td>Admite conexi\u00f3n de cable largo<\/td>\n<\/tr>\n<tr>\n<td>Qos: admite prioridad estricta predeterminada cuando est\u00e1 presente<\/td>\n<\/tr>\n<\/table>\n","protected":false},"excerpt":{"rendered":"<p>La serie gwn7700 son switches de red no administrables que brindan una forma r\u00e1pida y rentable de agregar. Conectividad gigabit de alta velocidad a oficinas en casa, as\u00ed como peque\u00f1as y medianas empresas. No requiere. Configuraci\u00f3n ni instalaci\u00f3n, ofrece montaje para escritorio y montaje en pared. Proporciona mdi\/mdix autom\u00e1tico. Para eliminar la necesidad de cables cruzados. Cada puerto posibilita la negociaci\u00f3n autom\u00e1tica para permitir que. La serie gwn7700 reconozca la velocidad de enlace de cualquier dispositivo de red de 10\/100\/1000 mbps y ajuste. De forma inteligente la compatibilidad y \u00f3ptimo rendimiento. Los modelos poe (power-over-ethernet) proporcionan. Puertos con salida poe din\u00e1mica inteligente compatible con ieee 802.3af\/at para energizar tel\u00e9fonos ip, c\u00e1maras ip. Puntos de acceso wi-fi y otros dispositivos poe. La serie gwn7700 son switches de red no administrables ideales para. Oficinas en casa, as\u00ed como peque\u00f1as y medianas empresas.<\/p>\n","protected":false},"featured_media":260093,"comment_status":"open","ping_status":"open","template":"","meta":[],"product_cat":[1563,1564],"product_tag":[1576],"acf":[],"yoast_head":"<!-- This site is optimized with the Yoast SEO plugin v21.7 - https:\/\/yoast.com\/wordpress\/plugins\/seo\/ -->\n<title>[ Grandstream ] &#129351; Gwn7700p Switch Gigabit No Administrable \/ 5 Puertos 10\/100\/1000 4 Puertos Poe Hasta 30 W En Cada Puerto De Metal<\/title>\n<meta name=\"description\" content=\"Compra Gwn7700p Switch Gigabit No Administrable \/ 5 Puertos 10\/100\/1000 4 Puertos Poe Hasta 30 W En Cada Puerto De Metal + Env\u00edo a domicilio + Pago seguro + Garant\u00eda\" \/>\n<meta name=\"robots\" content=\"index, follow, max-snippet:-1, max-image-preview:large, max-video-preview:-1\" \/>\n<link rel=\"canonical\" href=\"https:\/\/compuviper.mx\/tienda\/producto\/grandstream-gwn7700p-switch-gigabit-no-administrable-5-puertos-10-100-1000-4-puertos-poe-hasta-30-w-en-cada-puerto-de-metal\/\" \/>\n<meta property=\"og:locale\" content=\"es_MX\" \/>\n<meta property=\"og:type\" content=\"article\" \/>\n<meta property=\"og:title\" content=\"[ Grandstream ] &#129351; Gwn7700p Switch Gigabit No Administrable \/ 5 Puertos 10\/100\/1000 4 Puertos Poe Hasta 30 W En Cada Puerto De Metal\" \/>\n<meta property=\"og:description\" content=\"Compra Gwn7700p Switch Gigabit No Administrable \/ 5 Puertos 10\/100\/1000 4 Puertos Poe Hasta 30 W En Cada Puerto De Metal + Env\u00edo a domicilio + Pago seguro + Garant\u00eda\" \/>\n<meta property=\"og:url\" content=\"https:\/\/compuviper.mx\/tienda\/producto\/grandstream-gwn7700p-switch-gigabit-no-administrable-5-puertos-10-100-1000-4-puertos-poe-hasta-30-w-en-cada-puerto-de-metal\/\" \/>\n<meta property=\"og:site_name\" content=\"Compuviper\" \/>\n<meta property=\"article:publisher\" content=\"https:\/\/www.facebook.com\/compuviper\" \/>\n<meta property=\"article:modified_time\" content=\"2026-04-02T07:07:55+00:00\" \/>\n<meta property=\"og:image\" content=\"https:\/\/compuviper.mx\/tienda\/wp-content\/uploads\/2025\/10\/Switch-grandstream-gwn7700p-gigabit-no-administrable-5-puertos-101001000-4-puertos-poe-hasta-30-w-en-cada-puerto-de-metal.jpg\" \/>\n\t<meta property=\"og:image:width\" content=\"200\" \/>\n\t<meta property=\"og:image:height\" content=\"200\" \/>\n\t<meta property=\"og:image:type\" content=\"image\/jpeg\" \/>\n<meta name=\"twitter:card\" content=\"summary_large_image\" \/>\n<meta name=\"twitter:label1\" content=\"Precio\" \/>\n\t<meta name=\"twitter:data1\" content=\"&#36;677 &#36;599 con IVA\" \/>\n\t<meta name=\"twitter:label2\" content=\"Availability\" \/>\n\t<meta name=\"twitter:data2\" content=\"In stock\" \/>\n<script type=\"application\/ld+json\" class=\"yoast-schema-graph\">{\"@context\":\"https:\/\/schema.org\",\"@graph\":[{\"@type\":\"WebPage\",\"@id\":\"https:\/\/compuviper.mx\/tienda\/producto\/grandstream-gwn7700p-switch-gigabit-no-administrable-5-puertos-10-100-1000-4-puertos-poe-hasta-30-w-en-cada-puerto-de-metal\/\",\"url\":\"https:\/\/compuviper.mx\/tienda\/producto\/grandstream-gwn7700p-switch-gigabit-no-administrable-5-puertos-10-100-1000-4-puertos-poe-hasta-30-w-en-cada-puerto-de-metal\/\",\"name\":\"[ Grandstream ] &#129351; Gwn7700p Switch Gigabit No Administrable \/ 5 Puertos 10\/100\/1000 4 Puertos Poe Hasta 30 W En Cada Puerto De Metal\",\"isPartOf\":{\"@id\":\"https:\/\/compuviper.mx\/tienda\/#website\"},\"datePublished\":\"2026-04-02T07:07:54+00:00\",\"dateModified\":\"2026-04-02T07:07:55+00:00\",\"description\":\"Compra Gwn7700p Switch Gigabit No Administrable \/ 5 Puertos 10\/100\/1000 4 Puertos Poe Hasta 30 W En Cada Puerto De Metal + Env\u00edo a domicilio + Pago seguro + Garant\u00eda\",\"breadcrumb\":{\"@id\":\"https:\/\/compuviper.mx\/tienda\/producto\/grandstream-gwn7700p-switch-gigabit-no-administrable-5-puertos-10-100-1000-4-puertos-poe-hasta-30-w-en-cada-puerto-de-metal\/#breadcrumb\"},\"inLanguage\":\"es-MX\",\"potentialAction\":[{\"@type\":\"ReadAction\",\"target\":[\"https:\/\/compuviper.mx\/tienda\/producto\/grandstream-gwn7700p-switch-gigabit-no-administrable-5-puertos-10-100-1000-4-puertos-poe-hasta-30-w-en-cada-puerto-de-metal\/\"]}]},{\"@type\":\"BreadcrumbList\",\"@id\":\"https:\/\/compuviper.mx\/tienda\/producto\/grandstream-gwn7700p-switch-gigabit-no-administrable-5-puertos-10-100-1000-4-puertos-poe-hasta-30-w-en-cada-puerto-de-metal\/#breadcrumb\",\"itemListElement\":[{\"@type\":\"ListItem\",\"position\":1,\"name\":\"Inicio\",\"item\":\"https:\/\/compuviper.mx\/tienda\/\"},{\"@type\":\"ListItem\",\"position\":2,\"name\":\"Productos\",\"item\":\"https:\/\/compuviper.mx\/tienda\/productos\/\"},{\"@type\":\"ListItem\",\"position\":3,\"name\":\"Redes\",\"item\":\"https:\/\/compuviper.mx\/tienda\/categoria-producto\/redes\/\"},{\"@type\":\"ListItem\",\"position\":4,\"name\":\"Switch\",\"item\":\"https:\/\/compuviper.mx\/tienda\/categoria-producto\/redes\/switch\/\"},{\"@type\":\"ListItem\",\"position\":5,\"name\":\"Grandstream Gwn7700p Switch Gigabit No Administrable \/ 5 Puertos 10\/100\/1000 4 Puertos Poe Hasta 30 W En Cada Puerto De Metal\"}]},{\"@type\":\"WebSite\",\"@id\":\"https:\/\/compuviper.mx\/tienda\/#website\",\"url\":\"https:\/\/compuviper.mx\/tienda\/\",\"name\":\"Compuviper\",\"description\":\"Proveedor de Computadoras, Laptops, Servidores, Monitores, Puntos de Venta, Teclados,   Impresoras, T\u00f3ner, C\u00e1maras de Seguridad y m\u00e1s en tu tienda en l\u00ednea\",\"publisher\":{\"@id\":\"https:\/\/compuviper.mx\/tienda\/#organization\"},\"potentialAction\":[{\"@type\":\"SearchAction\",\"target\":{\"@type\":\"EntryPoint\",\"urlTemplate\":\"https:\/\/compuviper.mx\/tienda\/?s={search_term_string}\"},\"query-input\":\"required name=search_term_string\"}],\"inLanguage\":\"es-MX\"},{\"@type\":\"Organization\",\"@id\":\"https:\/\/compuviper.mx\/tienda\/#organization\",\"name\":\"Compuviper\",\"url\":\"https:\/\/compuviper.mx\/tienda\/\",\"logo\":{\"@type\":\"ImageObject\",\"inLanguage\":\"es-MX\",\"@id\":\"https:\/\/compuviper.mx\/tienda\/#\/schema\/logo\/image\/\",\"url\":\"https:\/\/compuviper.mx\/tienda\/wp-content\/uploads\/2021\/08\/Logo-Compuviper-10.png\",\"contentUrl\":\"https:\/\/compuviper.mx\/tienda\/wp-content\/uploads\/2021\/08\/Logo-Compuviper-10.png\",\"width\":1000,\"height\":500,\"caption\":\"Compuviper\"},\"image\":{\"@id\":\"https:\/\/compuviper.mx\/tienda\/#\/schema\/logo\/image\/\"},\"sameAs\":[\"https:\/\/www.facebook.com\/compuviper\",\"https:\/\/www.youtube.com\/channel\/UCf73dERp9Y3cfOq7q8BhLjA?view_as=subscriber\"]}]}<\/script>\n<meta property=\"product:brand\" content=\"GRANDSTREAM\" \/>\n<meta property=\"product:price:amount\" content=\"599\" \/>\n<meta property=\"product:price:currency\" content=\"MXN\" \/>\n<meta property=\"og:availability\" content=\"instock\" \/>\n<meta property=\"product:availability\" content=\"instock\" \/>\n<meta property=\"product:retailer_item_id\" content=\"GWN7700P\" \/>\n<meta property=\"product:condition\" content=\"new\" \/>\n<!-- \/ Yoast SEO plugin. -->","yoast_head_json":{"title":"[ Grandstream ] &#129351; Gwn7700p Switch Gigabit No Administrable \/ 5 Puertos 10\/100\/1000 4 Puertos Poe Hasta 30 W En Cada Puerto De Metal","description":"Compra Gwn7700p Switch Gigabit No Administrable \/ 5 Puertos 10\/100\/1000 4 Puertos Poe Hasta 30 W En Cada Puerto De Metal + Env\u00edo a domicilio + Pago seguro + Garant\u00eda","robots":{"index":"index","follow":"follow","max-snippet":"max-snippet:-1","max-image-preview":"max-image-preview:large","max-video-preview":"max-video-preview:-1"},"canonical":"https:\/\/compuviper.mx\/tienda\/producto\/grandstream-gwn7700p-switch-gigabit-no-administrable-5-puertos-10-100-1000-4-puertos-poe-hasta-30-w-en-cada-puerto-de-metal\/","og_locale":"es_MX","og_type":"article","og_title":"[ Grandstream ] &#129351; Gwn7700p Switch Gigabit No Administrable \/ 5 Puertos 10\/100\/1000 4 Puertos Poe Hasta 30 W En Cada Puerto De Metal","og_description":"Compra Gwn7700p Switch Gigabit No Administrable \/ 5 Puertos 10\/100\/1000 4 Puertos Poe Hasta 30 W En Cada Puerto De Metal + Env\u00edo a domicilio + Pago seguro + Garant\u00eda","og_url":"https:\/\/compuviper.mx\/tienda\/producto\/grandstream-gwn7700p-switch-gigabit-no-administrable-5-puertos-10-100-1000-4-puertos-poe-hasta-30-w-en-cada-puerto-de-metal\/","og_site_name":"Compuviper","article_publisher":"https:\/\/www.facebook.com\/compuviper","article_modified_time":"2026-04-02T07:07:55+00:00","og_image":[{"width":200,"height":200,"url":"https:\/\/compuviper.mx\/tienda\/wp-content\/uploads\/2025\/10\/Switch-grandstream-gwn7700p-gigabit-no-administrable-5-puertos-101001000-4-puertos-poe-hasta-30-w-en-cada-puerto-de-metal.jpg","type":"image\/jpeg"}],"twitter_card":"summary_large_image","twitter_misc":{"Precio":"&#36;677 &#36;599 con IVA","Availability":"In stock"},"schema":{"@context":"https:\/\/schema.org","@graph":[{"@type":"WebPage","@id":"https:\/\/compuviper.mx\/tienda\/producto\/grandstream-gwn7700p-switch-gigabit-no-administrable-5-puertos-10-100-1000-4-puertos-poe-hasta-30-w-en-cada-puerto-de-metal\/","url":"https:\/\/compuviper.mx\/tienda\/producto\/grandstream-gwn7700p-switch-gigabit-no-administrable-5-puertos-10-100-1000-4-puertos-poe-hasta-30-w-en-cada-puerto-de-metal\/","name":"[ Grandstream ] &#129351; Gwn7700p Switch Gigabit No Administrable \/ 5 Puertos 10\/100\/1000 4 Puertos Poe Hasta 30 W En Cada Puerto De Metal","isPartOf":{"@id":"https:\/\/compuviper.mx\/tienda\/#website"},"datePublished":"2026-04-02T07:07:54+00:00","dateModified":"2026-04-02T07:07:55+00:00","description":"Compra Gwn7700p Switch Gigabit No Administrable \/ 5 Puertos 10\/100\/1000 4 Puertos Poe Hasta 30 W En Cada Puerto De Metal + Env\u00edo a domicilio + Pago seguro + Garant\u00eda","breadcrumb":{"@id":"https:\/\/compuviper.mx\/tienda\/producto\/grandstream-gwn7700p-switch-gigabit-no-administrable-5-puertos-10-100-1000-4-puertos-poe-hasta-30-w-en-cada-puerto-de-metal\/#breadcrumb"},"inLanguage":"es-MX","potentialAction":[{"@type":"ReadAction","target":["https:\/\/compuviper.mx\/tienda\/producto\/grandstream-gwn7700p-switch-gigabit-no-administrable-5-puertos-10-100-1000-4-puertos-poe-hasta-30-w-en-cada-puerto-de-metal\/"]}]},{"@type":"BreadcrumbList","@id":"https:\/\/compuviper.mx\/tienda\/producto\/grandstream-gwn7700p-switch-gigabit-no-administrable-5-puertos-10-100-1000-4-puertos-poe-hasta-30-w-en-cada-puerto-de-metal\/#breadcrumb","itemListElement":[{"@type":"ListItem","position":1,"name":"Inicio","item":"https:\/\/compuviper.mx\/tienda\/"},{"@type":"ListItem","position":2,"name":"Productos","item":"https:\/\/compuviper.mx\/tienda\/productos\/"},{"@type":"ListItem","position":3,"name":"Redes","item":"https:\/\/compuviper.mx\/tienda\/categoria-producto\/redes\/"},{"@type":"ListItem","position":4,"name":"Switch","item":"https:\/\/compuviper.mx\/tienda\/categoria-producto\/redes\/switch\/"},{"@type":"ListItem","position":5,"name":"Grandstream Gwn7700p Switch Gigabit No Administrable \/ 5 Puertos 10\/100\/1000 4 Puertos Poe Hasta 30 W En Cada Puerto De Metal"}]},{"@type":"WebSite","@id":"https:\/\/compuviper.mx\/tienda\/#website","url":"https:\/\/compuviper.mx\/tienda\/","name":"Compuviper","description":"Proveedor de Computadoras, Laptops, Servidores, Monitores, Puntos de Venta, Teclados,   Impresoras, T\u00f3ner, C\u00e1maras de Seguridad y m\u00e1s en tu tienda en l\u00ednea","publisher":{"@id":"https:\/\/compuviper.mx\/tienda\/#organization"},"potentialAction":[{"@type":"SearchAction","target":{"@type":"EntryPoint","urlTemplate":"https:\/\/compuviper.mx\/tienda\/?s={search_term_string}"},"query-input":"required name=search_term_string"}],"inLanguage":"es-MX"},{"@type":"Organization","@id":"https:\/\/compuviper.mx\/tienda\/#organization","name":"Compuviper","url":"https:\/\/compuviper.mx\/tienda\/","logo":{"@type":"ImageObject","inLanguage":"es-MX","@id":"https:\/\/compuviper.mx\/tienda\/#\/schema\/logo\/image\/","url":"https:\/\/compuviper.mx\/tienda\/wp-content\/uploads\/2021\/08\/Logo-Compuviper-10.png","contentUrl":"https:\/\/compuviper.mx\/tienda\/wp-content\/uploads\/2021\/08\/Logo-Compuviper-10.png","width":1000,"height":500,"caption":"Compuviper"},"image":{"@id":"https:\/\/compuviper.mx\/tienda\/#\/schema\/logo\/image\/"},"sameAs":["https:\/\/www.facebook.com\/compuviper","https:\/\/www.youtube.com\/channel\/UCf73dERp9Y3cfOq7q8BhLjA?view_as=subscriber"]}]},"product_brand":"GRANDSTREAM","product_price_amount":"599","product_price_currency":"MXN","og_availability":"instock","product_availability":"instock","product_retailer_item_id":"GWN7700P","product_condition":"new"},"_links":{"self":[{"href":"https:\/\/compuviper.mx\/tienda\/wp-json\/wp\/v2\/product\/243940"}],"collection":[{"href":"https:\/\/compuviper.mx\/tienda\/wp-json\/wp\/v2\/product"}],"about":[{"href":"https:\/\/compuviper.mx\/tienda\/wp-json\/wp\/v2\/types\/product"}],"replies":[{"embeddable":true,"href":"https:\/\/compuviper.mx\/tienda\/wp-json\/wp\/v2\/comments?post=243940"}],"wp:featuredmedia":[{"embeddable":true,"href":"https:\/\/compuviper.mx\/tienda\/wp-json\/wp\/v2\/media\/260093"}],"wp:attachment":[{"href":"https:\/\/compuviper.mx\/tienda\/wp-json\/wp\/v2\/media?parent=243940"}],"wp:term":[{"taxonomy":"product_cat","embeddable":true,"href":"https:\/\/compuviper.mx\/tienda\/wp-json\/wp\/v2\/product_cat?post=243940"},{"taxonomy":"product_tag","embeddable":true,"href":"https:\/\/compuviper.mx\/tienda\/wp-json\/wp\/v2\/product_tag?post=243940"}],"curies":[{"name":"wp","href":"https:\/\/api.w.org\/{rel}","templated":true}]}}