{"id":243870,"date":"2026-04-21T02:23:20","date_gmt":"2026-04-21T08:23:20","guid":{"rendered":"https:\/\/compuviper.mx\/tienda\/producto\/microsoft-4yr-00341-kit-de-legalizacion-ggk-windows-11-profesional-64-bits-espaol-lat-1pk-dsp-dvd\/"},"modified":"2026-04-21T02:23:21","modified_gmt":"2026-04-21T08:23:21","slug":"microsoft-4yr-00341-oem-kit-de-legalizacion-ggk-windows-11-profesional-64-bits-espaol-lat-1pk-dsp-dvd","status":"publish","type":"product","link":"https:\/\/compuviper.mx\/tienda\/producto\/microsoft-4yr-00341-oem-kit-de-legalizacion-ggk-windows-11-profesional-64-bits-espaol-lat-1pk-dsp-dvd\/","title":{"rendered":"Microsoft 4yr-00341  Oem Kit De Legalizacion Ggk Windows 11 Profesional 64 Bits Espa?ol Lat 1pk Dsp Dvd"},"content":{"rendered":"<table class=\"descripcion\">\n<tr>\n<td>Windows 11 pro ofrece\u00a0seguridad avanzada\u00a0con bitlocker y windows defender firewall,\u00a0gesti\u00f3n eficiente\u00a0a trav\u00e9s de herramientas como windows update for business y group policy, y\u00a0productividad mejorada\u00a0gracias a la integraci\u00f3n con microsoft 365 y soporte para escritorios virtuales. adem\u00e1s, asegura\u00a0compatibilidad empresarial\u00a0con aplicaciones y hardware, y permite\u00a0acceso remoto\u00a0seguro mediante remote desktop.<\/td>\n<\/tr>\n<\/table>\n","protected":false},"excerpt":{"rendered":"<p>Windows 11 pro se ha dise\u00f1ado para proporcionar una experiencia productiva en una amplia variedad de dispositivos innovadores, incluidos port\u00e1tiles, equipos de escritorio, tabletas y tel\u00e9fonos, con la capacidad de ampliar o reducir los recursos en funci\u00f3n de sus necesidades para que su empresa pueda crecer con eficacia. Y con windows 10 pro, puede descansar tranquilo sabiendo que dispone de caracter\u00edsticas de seguridad de clase empresarial que le ayudan a proteger su informaci\u00f3n cr\u00edtica. Mejoramos el men\u00fa de inicio personalizable, windows defender y firewall de windows, arranque r\u00e1pido con hiberboot e instantgo (instantgo es una caracter\u00edstica que depende del hardware), compatibilidad con tpm (requiere tpm 1.2 o superior), ahorro de bater\u00eda y windows update. Caracter\u00edsticas windows 10 pro: cifrado de dispositivos (requiere instantgo o un dispositivo que supere la prueba de requisitos de cifrado de dispositivos) uni\u00f3n a un dominio administraci\u00f3n de directivas de grupo bitlocker (requiere tpm 1.2 o superior) internet explorer de modo empresarial assigned access 8.1 escritorio remoto cliente hyper-v microsoft passport instalaci\u00f3n de prueba de aplicaciones de l\u00ednea de negocio administraci\u00f3n de dispositivos m\u00f3viles capacidad de unirse a azure active directory con inicio de sesi\u00f3n \u00fanico en aplicaciones hospedadas en la nube (se requiere una licencia aparte de azure active directory).<\/p>\n","protected":false},"featured_media":260983,"comment_status":"open","ping_status":"open","template":"","meta":[],"product_cat":[1827,1830],"product_tag":[1831],"acf":[],"yoast_head":"<!-- This site is optimized with the Yoast SEO plugin v21.7 - https:\/\/yoast.com\/wordpress\/plugins\/seo\/ -->\n<title>[ Microsoft ] &#129351; 4yr-00341 Oem Kit De Legalizacion Ggk Windows 11 Profesional 64 Bits Espa\u00f1ol Lat 1pk Dsp Dvd<\/title>\n<meta name=\"description\" content=\"Compra 4yr-00341 Oem Kit De Legalizacion Ggk Windows 11 Profesional 64 Bits Espa\u00f1ol Lat 1pk Dsp Dvd + Env\u00edo a domicilio + Pago seguro + Garant\u00eda\" \/>\n<meta name=\"robots\" content=\"index, follow, max-snippet:-1, max-image-preview:large, max-video-preview:-1\" \/>\n<link rel=\"canonical\" href=\"https:\/\/compuviper.mx\/tienda\/producto\/microsoft-4yr-00341-oem-kit-de-legalizacion-ggk-windows-11-profesional-64-bits-espaol-lat-1pk-dsp-dvd\/\" \/>\n<meta property=\"og:locale\" content=\"es_MX\" \/>\n<meta property=\"og:type\" content=\"article\" \/>\n<meta property=\"og:title\" content=\"[ Microsoft ] &#129351; 4yr-00341 Oem Kit De Legalizacion Ggk Windows 11 Profesional 64 Bits Espa\u00f1ol Lat 1pk Dsp Dvd\" \/>\n<meta property=\"og:description\" content=\"Compra 4yr-00341 Oem Kit De Legalizacion Ggk Windows 11 Profesional 64 Bits Espa\u00f1ol Lat 1pk Dsp Dvd + Env\u00edo a domicilio + Pago seguro + Garant\u00eda\" \/>\n<meta property=\"og:url\" content=\"https:\/\/compuviper.mx\/tienda\/producto\/microsoft-4yr-00341-oem-kit-de-legalizacion-ggk-windows-11-profesional-64-bits-espaol-lat-1pk-dsp-dvd\/\" \/>\n<meta property=\"og:site_name\" content=\"Compuviper\" \/>\n<meta property=\"article:publisher\" content=\"https:\/\/www.facebook.com\/compuviper\" \/>\n<meta property=\"article:modified_time\" content=\"2026-04-21T08:23:21+00:00\" \/>\n<meta property=\"og:image\" content=\"https:\/\/compuviper.mx\/tienda\/wp-content\/uploads\/2025\/10\/Kit-de-legalizacion-ggk-windows-11-profesional-64-bits-espanol-lat-1pk-dsp-dvd.jpg\" \/>\n\t<meta property=\"og:image:width\" content=\"200\" \/>\n\t<meta property=\"og:image:height\" content=\"200\" \/>\n\t<meta property=\"og:image:type\" content=\"image\/jpeg\" \/>\n<meta name=\"twitter:card\" content=\"summary_large_image\" \/>\n<meta name=\"twitter:label1\" content=\"Precio\" \/>\n\t<meta name=\"twitter:data1\" content=\"&#36;3,285 con IVA\" \/>\n\t<meta name=\"twitter:label2\" content=\"Availability\" \/>\n\t<meta name=\"twitter:data2\" content=\"In stock\" \/>\n<script type=\"application\/ld+json\" class=\"yoast-schema-graph\">{\"@context\":\"https:\/\/schema.org\",\"@graph\":[{\"@type\":\"WebPage\",\"@id\":\"https:\/\/compuviper.mx\/tienda\/producto\/microsoft-4yr-00341-oem-kit-de-legalizacion-ggk-windows-11-profesional-64-bits-espaol-lat-1pk-dsp-dvd\/\",\"url\":\"https:\/\/compuviper.mx\/tienda\/producto\/microsoft-4yr-00341-oem-kit-de-legalizacion-ggk-windows-11-profesional-64-bits-espaol-lat-1pk-dsp-dvd\/\",\"name\":\"[ Microsoft ] &#129351; 4yr-00341 Oem Kit De Legalizacion Ggk Windows 11 Profesional 64 Bits Espa\u00f1ol Lat 1pk Dsp Dvd\",\"isPartOf\":{\"@id\":\"https:\/\/compuviper.mx\/tienda\/#website\"},\"datePublished\":\"2026-04-21T08:23:20+00:00\",\"dateModified\":\"2026-04-21T08:23:21+00:00\",\"description\":\"Compra 4yr-00341 Oem Kit De Legalizacion Ggk Windows 11 Profesional 64 Bits Espa\u00f1ol Lat 1pk Dsp Dvd + Env\u00edo a domicilio + Pago seguro + Garant\u00eda\",\"breadcrumb\":{\"@id\":\"https:\/\/compuviper.mx\/tienda\/producto\/microsoft-4yr-00341-oem-kit-de-legalizacion-ggk-windows-11-profesional-64-bits-espaol-lat-1pk-dsp-dvd\/#breadcrumb\"},\"inLanguage\":\"es-MX\",\"potentialAction\":[{\"@type\":\"ReadAction\",\"target\":[\"https:\/\/compuviper.mx\/tienda\/producto\/microsoft-4yr-00341-oem-kit-de-legalizacion-ggk-windows-11-profesional-64-bits-espaol-lat-1pk-dsp-dvd\/\"]}]},{\"@type\":\"BreadcrumbList\",\"@id\":\"https:\/\/compuviper.mx\/tienda\/producto\/microsoft-4yr-00341-oem-kit-de-legalizacion-ggk-windows-11-profesional-64-bits-espaol-lat-1pk-dsp-dvd\/#breadcrumb\",\"itemListElement\":[{\"@type\":\"ListItem\",\"position\":1,\"name\":\"Inicio\",\"item\":\"https:\/\/compuviper.mx\/tienda\/\"},{\"@type\":\"ListItem\",\"position\":2,\"name\":\"Productos\",\"item\":\"https:\/\/compuviper.mx\/tienda\/productos\/\"},{\"@type\":\"ListItem\",\"position\":3,\"name\":\"Software\",\"item\":\"https:\/\/compuviper.mx\/tienda\/categoria-producto\/software\/\"},{\"@type\":\"ListItem\",\"position\":4,\"name\":\"Licenciamiento Microsoft Oem\",\"item\":\"https:\/\/compuviper.mx\/tienda\/categoria-producto\/software\/licenciamiento-microsoft-oem\/\"},{\"@type\":\"ListItem\",\"position\":5,\"name\":\"Microsoft 4yr-00341 Oem Kit De Legalizacion Ggk Windows 11 Profesional 64 Bits Espa?ol Lat 1pk Dsp Dvd\"}]},{\"@type\":\"WebSite\",\"@id\":\"https:\/\/compuviper.mx\/tienda\/#website\",\"url\":\"https:\/\/compuviper.mx\/tienda\/\",\"name\":\"Compuviper\",\"description\":\"Proveedor de Computadoras, Laptops, Servidores, Monitores, Puntos de Venta, Teclados,   Impresoras, T\u00f3ner, C\u00e1maras de Seguridad y m\u00e1s en tu tienda en l\u00ednea\",\"publisher\":{\"@id\":\"https:\/\/compuviper.mx\/tienda\/#organization\"},\"potentialAction\":[{\"@type\":\"SearchAction\",\"target\":{\"@type\":\"EntryPoint\",\"urlTemplate\":\"https:\/\/compuviper.mx\/tienda\/?s={search_term_string}\"},\"query-input\":\"required name=search_term_string\"}],\"inLanguage\":\"es-MX\"},{\"@type\":\"Organization\",\"@id\":\"https:\/\/compuviper.mx\/tienda\/#organization\",\"name\":\"Compuviper\",\"url\":\"https:\/\/compuviper.mx\/tienda\/\",\"logo\":{\"@type\":\"ImageObject\",\"inLanguage\":\"es-MX\",\"@id\":\"https:\/\/compuviper.mx\/tienda\/#\/schema\/logo\/image\/\",\"url\":\"https:\/\/compuviper.mx\/tienda\/wp-content\/uploads\/2021\/08\/Logo-Compuviper-10.png\",\"contentUrl\":\"https:\/\/compuviper.mx\/tienda\/wp-content\/uploads\/2021\/08\/Logo-Compuviper-10.png\",\"width\":1000,\"height\":500,\"caption\":\"Compuviper\"},\"image\":{\"@id\":\"https:\/\/compuviper.mx\/tienda\/#\/schema\/logo\/image\/\"},\"sameAs\":[\"https:\/\/www.facebook.com\/compuviper\",\"https:\/\/www.youtube.com\/channel\/UCf73dERp9Y3cfOq7q8BhLjA?view_as=subscriber\"]}]}<\/script>\n<meta property=\"product:brand\" content=\"MICROSOFT\" \/>\n<meta property=\"product:price:amount\" content=\"3285\" \/>\n<meta property=\"product:price:currency\" content=\"MXN\" \/>\n<meta property=\"og:availability\" content=\"instock\" \/>\n<meta property=\"product:availability\" content=\"instock\" \/>\n<meta property=\"product:retailer_item_id\" content=\"4YR-00341\" \/>\n<meta property=\"product:condition\" content=\"new\" \/>\n<!-- \/ Yoast SEO plugin. -->","yoast_head_json":{"title":"[ Microsoft ] &#129351; 4yr-00341 Oem Kit De Legalizacion Ggk Windows 11 Profesional 64 Bits Espa\u00f1ol Lat 1pk Dsp Dvd","description":"Compra 4yr-00341 Oem Kit De Legalizacion Ggk Windows 11 Profesional 64 Bits Espa\u00f1ol Lat 1pk Dsp Dvd + Env\u00edo a domicilio + Pago seguro + Garant\u00eda","robots":{"index":"index","follow":"follow","max-snippet":"max-snippet:-1","max-image-preview":"max-image-preview:large","max-video-preview":"max-video-preview:-1"},"canonical":"https:\/\/compuviper.mx\/tienda\/producto\/microsoft-4yr-00341-oem-kit-de-legalizacion-ggk-windows-11-profesional-64-bits-espaol-lat-1pk-dsp-dvd\/","og_locale":"es_MX","og_type":"article","og_title":"[ Microsoft ] &#129351; 4yr-00341 Oem Kit De Legalizacion Ggk Windows 11 Profesional 64 Bits Espa\u00f1ol Lat 1pk Dsp Dvd","og_description":"Compra 4yr-00341 Oem Kit De Legalizacion Ggk Windows 11 Profesional 64 Bits Espa\u00f1ol Lat 1pk Dsp Dvd + Env\u00edo a domicilio + Pago seguro + Garant\u00eda","og_url":"https:\/\/compuviper.mx\/tienda\/producto\/microsoft-4yr-00341-oem-kit-de-legalizacion-ggk-windows-11-profesional-64-bits-espaol-lat-1pk-dsp-dvd\/","og_site_name":"Compuviper","article_publisher":"https:\/\/www.facebook.com\/compuviper","article_modified_time":"2026-04-21T08:23:21+00:00","og_image":[{"width":200,"height":200,"url":"https:\/\/compuviper.mx\/tienda\/wp-content\/uploads\/2025\/10\/Kit-de-legalizacion-ggk-windows-11-profesional-64-bits-espanol-lat-1pk-dsp-dvd.jpg","type":"image\/jpeg"}],"twitter_card":"summary_large_image","twitter_misc":{"Precio":"&#36;3,285 con IVA","Availability":"In stock"},"schema":{"@context":"https:\/\/schema.org","@graph":[{"@type":"WebPage","@id":"https:\/\/compuviper.mx\/tienda\/producto\/microsoft-4yr-00341-oem-kit-de-legalizacion-ggk-windows-11-profesional-64-bits-espaol-lat-1pk-dsp-dvd\/","url":"https:\/\/compuviper.mx\/tienda\/producto\/microsoft-4yr-00341-oem-kit-de-legalizacion-ggk-windows-11-profesional-64-bits-espaol-lat-1pk-dsp-dvd\/","name":"[ Microsoft ] &#129351; 4yr-00341 Oem Kit De Legalizacion Ggk Windows 11 Profesional 64 Bits Espa\u00f1ol Lat 1pk Dsp Dvd","isPartOf":{"@id":"https:\/\/compuviper.mx\/tienda\/#website"},"datePublished":"2026-04-21T08:23:20+00:00","dateModified":"2026-04-21T08:23:21+00:00","description":"Compra 4yr-00341 Oem Kit De Legalizacion Ggk Windows 11 Profesional 64 Bits Espa\u00f1ol Lat 1pk Dsp Dvd + Env\u00edo a domicilio + Pago seguro + Garant\u00eda","breadcrumb":{"@id":"https:\/\/compuviper.mx\/tienda\/producto\/microsoft-4yr-00341-oem-kit-de-legalizacion-ggk-windows-11-profesional-64-bits-espaol-lat-1pk-dsp-dvd\/#breadcrumb"},"inLanguage":"es-MX","potentialAction":[{"@type":"ReadAction","target":["https:\/\/compuviper.mx\/tienda\/producto\/microsoft-4yr-00341-oem-kit-de-legalizacion-ggk-windows-11-profesional-64-bits-espaol-lat-1pk-dsp-dvd\/"]}]},{"@type":"BreadcrumbList","@id":"https:\/\/compuviper.mx\/tienda\/producto\/microsoft-4yr-00341-oem-kit-de-legalizacion-ggk-windows-11-profesional-64-bits-espaol-lat-1pk-dsp-dvd\/#breadcrumb","itemListElement":[{"@type":"ListItem","position":1,"name":"Inicio","item":"https:\/\/compuviper.mx\/tienda\/"},{"@type":"ListItem","position":2,"name":"Productos","item":"https:\/\/compuviper.mx\/tienda\/productos\/"},{"@type":"ListItem","position":3,"name":"Software","item":"https:\/\/compuviper.mx\/tienda\/categoria-producto\/software\/"},{"@type":"ListItem","position":4,"name":"Licenciamiento Microsoft Oem","item":"https:\/\/compuviper.mx\/tienda\/categoria-producto\/software\/licenciamiento-microsoft-oem\/"},{"@type":"ListItem","position":5,"name":"Microsoft 4yr-00341 Oem Kit De Legalizacion Ggk Windows 11 Profesional 64 Bits Espa?ol Lat 1pk Dsp Dvd"}]},{"@type":"WebSite","@id":"https:\/\/compuviper.mx\/tienda\/#website","url":"https:\/\/compuviper.mx\/tienda\/","name":"Compuviper","description":"Proveedor de Computadoras, Laptops, Servidores, Monitores, Puntos de Venta, Teclados,   Impresoras, T\u00f3ner, C\u00e1maras de Seguridad y m\u00e1s en tu tienda en l\u00ednea","publisher":{"@id":"https:\/\/compuviper.mx\/tienda\/#organization"},"potentialAction":[{"@type":"SearchAction","target":{"@type":"EntryPoint","urlTemplate":"https:\/\/compuviper.mx\/tienda\/?s={search_term_string}"},"query-input":"required name=search_term_string"}],"inLanguage":"es-MX"},{"@type":"Organization","@id":"https:\/\/compuviper.mx\/tienda\/#organization","name":"Compuviper","url":"https:\/\/compuviper.mx\/tienda\/","logo":{"@type":"ImageObject","inLanguage":"es-MX","@id":"https:\/\/compuviper.mx\/tienda\/#\/schema\/logo\/image\/","url":"https:\/\/compuviper.mx\/tienda\/wp-content\/uploads\/2021\/08\/Logo-Compuviper-10.png","contentUrl":"https:\/\/compuviper.mx\/tienda\/wp-content\/uploads\/2021\/08\/Logo-Compuviper-10.png","width":1000,"height":500,"caption":"Compuviper"},"image":{"@id":"https:\/\/compuviper.mx\/tienda\/#\/schema\/logo\/image\/"},"sameAs":["https:\/\/www.facebook.com\/compuviper","https:\/\/www.youtube.com\/channel\/UCf73dERp9Y3cfOq7q8BhLjA?view_as=subscriber"]}]},"product_brand":"MICROSOFT","product_price_amount":"3285","product_price_currency":"MXN","og_availability":"instock","product_availability":"instock","product_retailer_item_id":"4YR-00341","product_condition":"new"},"_links":{"self":[{"href":"https:\/\/compuviper.mx\/tienda\/wp-json\/wp\/v2\/product\/243870"}],"collection":[{"href":"https:\/\/compuviper.mx\/tienda\/wp-json\/wp\/v2\/product"}],"about":[{"href":"https:\/\/compuviper.mx\/tienda\/wp-json\/wp\/v2\/types\/product"}],"replies":[{"embeddable":true,"href":"https:\/\/compuviper.mx\/tienda\/wp-json\/wp\/v2\/comments?post=243870"}],"wp:featuredmedia":[{"embeddable":true,"href":"https:\/\/compuviper.mx\/tienda\/wp-json\/wp\/v2\/media\/260983"}],"wp:attachment":[{"href":"https:\/\/compuviper.mx\/tienda\/wp-json\/wp\/v2\/media?parent=243870"}],"wp:term":[{"taxonomy":"product_cat","embeddable":true,"href":"https:\/\/compuviper.mx\/tienda\/wp-json\/wp\/v2\/product_cat?post=243870"},{"taxonomy":"product_tag","embeddable":true,"href":"https:\/\/compuviper.mx\/tienda\/wp-json\/wp\/v2\/product_tag?post=243870"}],"curies":[{"name":"wp","href":"https:\/\/api.w.org\/{rel}","templated":true}]}}