{"id":243847,"date":"2026-04-23T00:14:54","date_gmt":"2026-04-23T06:14:54","guid":{"rendered":"https:\/\/compuviper.mx\/tienda\/producto\/dahua-dh-sd22204db-gny-camara-ip-ptz-sd22204db-gny-de-2-mp-wizsense-4x-de-zoom-optico-starlight-deteccion-facial-smd-3-0-antivandalica-ik10-exterior-ip66-proteccion-perimetral-ranura-p\/"},"modified":"2026-04-23T00:14:55","modified_gmt":"2026-04-23T06:14:55","slug":"dahua-dh-sd22204db-gny-camara-ip-ptz-sd22204db-gny-de-2-mp-wizsense-4x-de-zoom-optico-starlight-deteccion-facial-smd-3-0-antivandalica-ik10-exterior-ip66-proteccion-perimetral-ranura-p","status":"publish","type":"product","link":"https:\/\/compuviper.mx\/tienda\/producto\/dahua-dh-sd22204db-gny-camara-ip-ptz-sd22204db-gny-de-2-mp-wizsense-4x-de-zoom-optico-starlight-deteccion-facial-smd-3-0-antivandalica-ik10-exterior-ip66-proteccion-perimetral-ranura-p\/","title":{"rendered":"Dahua Dh-sd22204db-gny Camara Ip Ptz\/ \/ Sd22204db-gny\/ De 2 Mp \/ Wizsense\/ 4x De Zoom Optico\/ Starlight \/ Deteccion Facial\/ Smd 3.0\/ Antivandalica Ik10\/ Exterior Ip66\/ Proteccion Perimetral \/ Ranura Para Microsd\/ Poe"},"content":{"rendered":"<table class=\"descripcion\">\n<tr>\n<td>Especificaciones tecnicas<\/td>\n<\/tr>\n<tr>\n<td>Sensor de imagen: cmos de 1\/2,8<\/td>\n<\/tr>\n<tr>\n<td>Pixel: 2 mp<\/td>\n<\/tr>\n<tr>\n<td>Max. resolucion: 1920 (h) x 1080 (v)<\/td>\n<\/tr>\n<tr>\n<td>Rom: 128 mb<\/td>\n<\/tr>\n<tr>\n<td>Ram: 256 mb<\/td>\n<\/tr>\n<tr>\n<td>Velocidad de obturacion electronica: 1\/1 s- 1\/30 000s<\/td>\n<\/tr>\n<tr>\n<td>Sistema de escaneo progresivo<\/td>\n<\/tr>\n<tr>\n<td>Min. iluminacion: color: 0,005 lux@f1.6 b\/n: 0,0005 lux@f1.6<\/td>\n<\/tr>\n<tr>\n<td>Longitud focal: 2,8 mm &#8211; 12 mm<\/td>\n<\/tr>\n<\/table>\n","protected":false},"excerpt":{"rendered":"<p>Informacion general. Con su potente zoom optico y capacidades precisas de movimiento horizontal y vertical, esta serie de camaras proporciona un amplio rango de monitoreo y gran detalle. Muestra imagenes en resolucion de 2 mp a 25\/30 fps. Estas camaras ofrecen un control suave y una proteccion de alto grado que les permite cumplir con los requisitos de videovigilancia en escenas de tama\u00f1o peque\u00f1o. Deteccion de rostro. La tecnologia de deteccion de rostros de dahua puede detectar el rostro en la imagen. Con un algoritmo de aprendizaje profundo, la tecnologia admite la deteccion, el seguimiento, la captura y la seleccion de la mejor imagen de la cara, y luego genera la cara. Instantanea. Tecnologia de luz estelar. Con tecnologia avanzada de procesamiento de imagenes y tecnologia optica, la tecnologia dahua starlight puede proporcionar videos claros y coloridos en un entorno de baja iluminacion. Se aplica ampliamente a varios entornos de baja iluminancia. H.265+ inteligente y h.264+ inteligente. Con un algoritmo avanzado de control de velocidad adaptable a la escena, la tecnologia de codificacion inteligente de dahua logra una mayor eficiencia de codificacion que h.265 y h.264, proporciona video de alta calidad y reduce el costo de almacenamiento y transmision. Caracteristicas principales. \u0095 cmos starvis\u0099 de 1\/2,8. \u0095 potente zoom optico de 4x. \u0095 max. 25\/30 fps @ 1080p . \u0095 velocidad maxima de giro de 100\u00b0\/s. \u00b7 admite deteccion de rostros. \u00b7 admite wi-fi. \u00b7 ip66, ik10. \u00b7 smd 3.0. \u00b7 a prueba de rayos 6000v<\/p>\n","protected":false},"featured_media":259328,"comment_status":"open","ping_status":"open","template":"","meta":[],"product_cat":[1681,1608],"product_tag":[1555],"acf":[],"yoast_head":"<!-- This site is optimized with the Yoast SEO plugin v21.7 - https:\/\/yoast.com\/wordpress\/plugins\/seo\/ -->\n<title>[ Dahua ] &#129351; Dh-sd22204db-gny Camara Ip Ptz\/ \/ Sd22204db-gny\/ De 2 Mp \/ Wizsense\/ 4x De Zoom Optico\/ Starlight \/ Deteccion Facial\/ Smd 3.0\/ Antivandalica Ik10\/ Exterior Ip66\/ Proteccion Perimetral \/ Ranura Para Microsd\/ Poe<\/title>\n<meta name=\"description\" content=\"Compra Dh-sd22204db-gny Camara Ip Ptz\/ \/ Sd22204db-gny\/ De 2 Mp \/ Wizsense\/ 4x De Zoom Optico\/ Starlight \/ Deteccion Facial\/ Smd 3.0\/ Antivandalica Ik10\/ Exterior Ip66\/ Proteccion Perimetral \/ Ranura Para Microsd\/ Poe + Env\u00edo a domicilio + Pago seguro + Garant\u00eda\" \/>\n<meta name=\"robots\" content=\"index, follow, max-snippet:-1, max-image-preview:large, max-video-preview:-1\" \/>\n<link rel=\"canonical\" href=\"https:\/\/compuviper.mx\/tienda\/producto\/dahua-dh-sd22204db-gny-camara-ip-ptz-sd22204db-gny-de-2-mp-wizsense-4x-de-zoom-optico-starlight-deteccion-facial-smd-3-0-antivandalica-ik10-exterior-ip66-proteccion-perimetral-ranura-p\/\" \/>\n<meta property=\"og:locale\" content=\"es_MX\" \/>\n<meta property=\"og:type\" content=\"article\" \/>\n<meta property=\"og:title\" content=\"[ Dahua ] &#129351; Dh-sd22204db-gny Camara Ip Ptz\/ \/ Sd22204db-gny\/ De 2 Mp \/ Wizsense\/ 4x De Zoom Optico\/ Starlight \/ Deteccion Facial\/ Smd 3.0\/ Antivandalica Ik10\/ Exterior Ip66\/ Proteccion Perimetral \/ Ranura Para Microsd\/ Poe\" \/>\n<meta property=\"og:description\" content=\"Compra Dh-sd22204db-gny Camara Ip Ptz\/ \/ Sd22204db-gny\/ De 2 Mp \/ Wizsense\/ 4x De Zoom Optico\/ Starlight \/ Deteccion Facial\/ Smd 3.0\/ Antivandalica Ik10\/ Exterior Ip66\/ Proteccion Perimetral \/ Ranura Para Microsd\/ Poe + Env\u00edo a domicilio + Pago seguro + Garant\u00eda\" \/>\n<meta property=\"og:url\" content=\"https:\/\/compuviper.mx\/tienda\/producto\/dahua-dh-sd22204db-gny-camara-ip-ptz-sd22204db-gny-de-2-mp-wizsense-4x-de-zoom-optico-starlight-deteccion-facial-smd-3-0-antivandalica-ik10-exterior-ip66-proteccion-perimetral-ranura-p\/\" \/>\n<meta property=\"og:site_name\" content=\"Compuviper\" \/>\n<meta property=\"article:publisher\" content=\"https:\/\/www.facebook.com\/compuviper\" \/>\n<meta property=\"article:modified_time\" content=\"2026-04-23T06:14:55+00:00\" \/>\n<meta property=\"og:image\" content=\"https:\/\/compuviper.mx\/tienda\/wp-content\/uploads\/2025\/10\/Camara-ip-ptz-dahua-sd22204db-gny-de-2-mp-wizsense-4x-de-zoom-optico-starlight-deteccion-facial-smd-3.0-antivandalica-ik10-exterior-ip66-proteccion-perimetral-ranura-para-microsd-poe.jpg\" \/>\n\t<meta property=\"og:image:width\" content=\"200\" \/>\n\t<meta property=\"og:image:height\" content=\"200\" \/>\n\t<meta property=\"og:image:type\" content=\"image\/jpeg\" \/>\n<meta name=\"twitter:card\" content=\"summary_large_image\" \/>\n<meta name=\"twitter:label1\" content=\"Precio\" \/>\n\t<meta name=\"twitter:data1\" content=\"&#36;1,972 con IVA\" \/>\n\t<meta name=\"twitter:label2\" content=\"Availability\" \/>\n\t<meta name=\"twitter:data2\" content=\"Out of stock\" \/>\n<script type=\"application\/ld+json\" class=\"yoast-schema-graph\">{\"@context\":\"https:\/\/schema.org\",\"@graph\":[{\"@type\":\"WebPage\",\"@id\":\"https:\/\/compuviper.mx\/tienda\/producto\/dahua-dh-sd22204db-gny-camara-ip-ptz-sd22204db-gny-de-2-mp-wizsense-4x-de-zoom-optico-starlight-deteccion-facial-smd-3-0-antivandalica-ik10-exterior-ip66-proteccion-perimetral-ranura-p\/\",\"url\":\"https:\/\/compuviper.mx\/tienda\/producto\/dahua-dh-sd22204db-gny-camara-ip-ptz-sd22204db-gny-de-2-mp-wizsense-4x-de-zoom-optico-starlight-deteccion-facial-smd-3-0-antivandalica-ik10-exterior-ip66-proteccion-perimetral-ranura-p\/\",\"name\":\"[ Dahua ] &#129351; Dh-sd22204db-gny Camara Ip Ptz\/ \/ Sd22204db-gny\/ De 2 Mp \/ Wizsense\/ 4x De Zoom Optico\/ Starlight \/ Deteccion Facial\/ Smd 3.0\/ Antivandalica Ik10\/ Exterior Ip66\/ Proteccion Perimetral \/ Ranura Para Microsd\/ Poe\",\"isPartOf\":{\"@id\":\"https:\/\/compuviper.mx\/tienda\/#website\"},\"datePublished\":\"2026-04-23T06:14:54+00:00\",\"dateModified\":\"2026-04-23T06:14:55+00:00\",\"description\":\"Compra Dh-sd22204db-gny Camara Ip Ptz\/ \/ Sd22204db-gny\/ De 2 Mp \/ Wizsense\/ 4x De Zoom Optico\/ Starlight \/ Deteccion Facial\/ Smd 3.0\/ Antivandalica Ik10\/ Exterior Ip66\/ Proteccion Perimetral \/ Ranura Para Microsd\/ Poe + Env\u00edo a domicilio + Pago seguro + Garant\u00eda\",\"breadcrumb\":{\"@id\":\"https:\/\/compuviper.mx\/tienda\/producto\/dahua-dh-sd22204db-gny-camara-ip-ptz-sd22204db-gny-de-2-mp-wizsense-4x-de-zoom-optico-starlight-deteccion-facial-smd-3-0-antivandalica-ik10-exterior-ip66-proteccion-perimetral-ranura-p\/#breadcrumb\"},\"inLanguage\":\"es-MX\",\"potentialAction\":[{\"@type\":\"ReadAction\",\"target\":[\"https:\/\/compuviper.mx\/tienda\/producto\/dahua-dh-sd22204db-gny-camara-ip-ptz-sd22204db-gny-de-2-mp-wizsense-4x-de-zoom-optico-starlight-deteccion-facial-smd-3-0-antivandalica-ik10-exterior-ip66-proteccion-perimetral-ranura-p\/\"]}]},{\"@type\":\"BreadcrumbList\",\"@id\":\"https:\/\/compuviper.mx\/tienda\/producto\/dahua-dh-sd22204db-gny-camara-ip-ptz-sd22204db-gny-de-2-mp-wizsense-4x-de-zoom-optico-starlight-deteccion-facial-smd-3-0-antivandalica-ik10-exterior-ip66-proteccion-perimetral-ranura-p\/#breadcrumb\",\"itemListElement\":[{\"@type\":\"ListItem\",\"position\":1,\"name\":\"Inicio\",\"item\":\"https:\/\/compuviper.mx\/tienda\/\"},{\"@type\":\"ListItem\",\"position\":2,\"name\":\"Productos\",\"item\":\"https:\/\/compuviper.mx\/tienda\/productos\/\"},{\"@type\":\"ListItem\",\"position\":3,\"name\":\"Camaras\",\"item\":\"https:\/\/compuviper.mx\/tienda\/categoria-producto\/camaras-2\/\"},{\"@type\":\"ListItem\",\"position\":4,\"name\":\"Camara De Videovigilancia\",\"item\":\"https:\/\/compuviper.mx\/tienda\/categoria-producto\/camaras-2\/camara-de-videovigilancia\/\"},{\"@type\":\"ListItem\",\"position\":5,\"name\":\"Dahua Dh-sd22204db-gny Camara Ip Ptz\/ \/ Sd22204db-gny\/ De 2 Mp \/ Wizsense\/ 4x De Zoom Optico\/ Starlight \/ Deteccion Facial\/ Smd 3.0\/ Antivandalica Ik10\/ Exterior Ip66\/ Proteccion Perimetral \/ Ranura Para Microsd\/ Poe\"}]},{\"@type\":\"WebSite\",\"@id\":\"https:\/\/compuviper.mx\/tienda\/#website\",\"url\":\"https:\/\/compuviper.mx\/tienda\/\",\"name\":\"Compuviper\",\"description\":\"Proveedor de Computadoras, Laptops, Servidores, Monitores, Puntos de Venta, Teclados,   Impresoras, T\u00f3ner, C\u00e1maras de Seguridad y m\u00e1s en tu tienda en l\u00ednea\",\"publisher\":{\"@id\":\"https:\/\/compuviper.mx\/tienda\/#organization\"},\"potentialAction\":[{\"@type\":\"SearchAction\",\"target\":{\"@type\":\"EntryPoint\",\"urlTemplate\":\"https:\/\/compuviper.mx\/tienda\/?s={search_term_string}\"},\"query-input\":\"required name=search_term_string\"}],\"inLanguage\":\"es-MX\"},{\"@type\":\"Organization\",\"@id\":\"https:\/\/compuviper.mx\/tienda\/#organization\",\"name\":\"Compuviper\",\"url\":\"https:\/\/compuviper.mx\/tienda\/\",\"logo\":{\"@type\":\"ImageObject\",\"inLanguage\":\"es-MX\",\"@id\":\"https:\/\/compuviper.mx\/tienda\/#\/schema\/logo\/image\/\",\"url\":\"https:\/\/compuviper.mx\/tienda\/wp-content\/uploads\/2021\/08\/Logo-Compuviper-10.png\",\"contentUrl\":\"https:\/\/compuviper.mx\/tienda\/wp-content\/uploads\/2021\/08\/Logo-Compuviper-10.png\",\"width\":1000,\"height\":500,\"caption\":\"Compuviper\"},\"image\":{\"@id\":\"https:\/\/compuviper.mx\/tienda\/#\/schema\/logo\/image\/\"},\"sameAs\":[\"https:\/\/www.facebook.com\/compuviper\",\"https:\/\/www.youtube.com\/channel\/UCf73dERp9Y3cfOq7q8BhLjA?view_as=subscriber\"]}]}<\/script>\n<meta property=\"product:brand\" content=\"DAHUA\" \/>\n<meta property=\"product:price:amount\" content=\"1972\" \/>\n<meta property=\"product:price:currency\" content=\"MXN\" \/>\n<meta property=\"og:availability\" content=\"out of stock\" \/>\n<meta property=\"product:availability\" content=\"out of stock\" \/>\n<meta property=\"product:retailer_item_id\" content=\"DH-SD22204DB-GNY\" \/>\n<meta property=\"product:condition\" content=\"new\" \/>\n<!-- \/ Yoast SEO plugin. -->","yoast_head_json":{"title":"[ Dahua ] &#129351; Dh-sd22204db-gny Camara Ip Ptz\/ \/ Sd22204db-gny\/ De 2 Mp \/ Wizsense\/ 4x De Zoom Optico\/ Starlight \/ Deteccion Facial\/ Smd 3.0\/ Antivandalica Ik10\/ Exterior Ip66\/ Proteccion Perimetral \/ Ranura Para Microsd\/ Poe","description":"Compra Dh-sd22204db-gny Camara Ip Ptz\/ \/ Sd22204db-gny\/ De 2 Mp \/ Wizsense\/ 4x De Zoom Optico\/ Starlight \/ Deteccion Facial\/ Smd 3.0\/ Antivandalica Ik10\/ Exterior Ip66\/ Proteccion Perimetral \/ Ranura Para Microsd\/ Poe + Env\u00edo a domicilio + Pago seguro + Garant\u00eda","robots":{"index":"index","follow":"follow","max-snippet":"max-snippet:-1","max-image-preview":"max-image-preview:large","max-video-preview":"max-video-preview:-1"},"canonical":"https:\/\/compuviper.mx\/tienda\/producto\/dahua-dh-sd22204db-gny-camara-ip-ptz-sd22204db-gny-de-2-mp-wizsense-4x-de-zoom-optico-starlight-deteccion-facial-smd-3-0-antivandalica-ik10-exterior-ip66-proteccion-perimetral-ranura-p\/","og_locale":"es_MX","og_type":"article","og_title":"[ Dahua ] &#129351; Dh-sd22204db-gny Camara Ip Ptz\/ \/ Sd22204db-gny\/ De 2 Mp \/ Wizsense\/ 4x De Zoom Optico\/ Starlight \/ Deteccion Facial\/ Smd 3.0\/ Antivandalica Ik10\/ Exterior Ip66\/ Proteccion Perimetral \/ Ranura Para Microsd\/ Poe","og_description":"Compra Dh-sd22204db-gny Camara Ip Ptz\/ \/ Sd22204db-gny\/ De 2 Mp \/ Wizsense\/ 4x De Zoom Optico\/ Starlight \/ Deteccion Facial\/ Smd 3.0\/ Antivandalica Ik10\/ Exterior Ip66\/ Proteccion Perimetral \/ Ranura Para Microsd\/ Poe + Env\u00edo a domicilio + Pago seguro + Garant\u00eda","og_url":"https:\/\/compuviper.mx\/tienda\/producto\/dahua-dh-sd22204db-gny-camara-ip-ptz-sd22204db-gny-de-2-mp-wizsense-4x-de-zoom-optico-starlight-deteccion-facial-smd-3-0-antivandalica-ik10-exterior-ip66-proteccion-perimetral-ranura-p\/","og_site_name":"Compuviper","article_publisher":"https:\/\/www.facebook.com\/compuviper","article_modified_time":"2026-04-23T06:14:55+00:00","og_image":[{"width":200,"height":200,"url":"https:\/\/compuviper.mx\/tienda\/wp-content\/uploads\/2025\/10\/Camara-ip-ptz-dahua-sd22204db-gny-de-2-mp-wizsense-4x-de-zoom-optico-starlight-deteccion-facial-smd-3.0-antivandalica-ik10-exterior-ip66-proteccion-perimetral-ranura-para-microsd-poe.jpg","type":"image\/jpeg"}],"twitter_card":"summary_large_image","twitter_misc":{"Precio":"&#36;1,972 con IVA","Availability":"Out of stock"},"schema":{"@context":"https:\/\/schema.org","@graph":[{"@type":"WebPage","@id":"https:\/\/compuviper.mx\/tienda\/producto\/dahua-dh-sd22204db-gny-camara-ip-ptz-sd22204db-gny-de-2-mp-wizsense-4x-de-zoom-optico-starlight-deteccion-facial-smd-3-0-antivandalica-ik10-exterior-ip66-proteccion-perimetral-ranura-p\/","url":"https:\/\/compuviper.mx\/tienda\/producto\/dahua-dh-sd22204db-gny-camara-ip-ptz-sd22204db-gny-de-2-mp-wizsense-4x-de-zoom-optico-starlight-deteccion-facial-smd-3-0-antivandalica-ik10-exterior-ip66-proteccion-perimetral-ranura-p\/","name":"[ Dahua ] &#129351; Dh-sd22204db-gny Camara Ip Ptz\/ \/ Sd22204db-gny\/ De 2 Mp \/ Wizsense\/ 4x De Zoom Optico\/ Starlight \/ Deteccion Facial\/ Smd 3.0\/ Antivandalica Ik10\/ Exterior Ip66\/ Proteccion Perimetral \/ Ranura Para Microsd\/ Poe","isPartOf":{"@id":"https:\/\/compuviper.mx\/tienda\/#website"},"datePublished":"2026-04-23T06:14:54+00:00","dateModified":"2026-04-23T06:14:55+00:00","description":"Compra Dh-sd22204db-gny Camara Ip Ptz\/ \/ Sd22204db-gny\/ De 2 Mp \/ Wizsense\/ 4x De Zoom Optico\/ Starlight \/ Deteccion Facial\/ Smd 3.0\/ Antivandalica Ik10\/ Exterior Ip66\/ Proteccion Perimetral \/ Ranura Para Microsd\/ Poe + Env\u00edo a domicilio + Pago seguro + Garant\u00eda","breadcrumb":{"@id":"https:\/\/compuviper.mx\/tienda\/producto\/dahua-dh-sd22204db-gny-camara-ip-ptz-sd22204db-gny-de-2-mp-wizsense-4x-de-zoom-optico-starlight-deteccion-facial-smd-3-0-antivandalica-ik10-exterior-ip66-proteccion-perimetral-ranura-p\/#breadcrumb"},"inLanguage":"es-MX","potentialAction":[{"@type":"ReadAction","target":["https:\/\/compuviper.mx\/tienda\/producto\/dahua-dh-sd22204db-gny-camara-ip-ptz-sd22204db-gny-de-2-mp-wizsense-4x-de-zoom-optico-starlight-deteccion-facial-smd-3-0-antivandalica-ik10-exterior-ip66-proteccion-perimetral-ranura-p\/"]}]},{"@type":"BreadcrumbList","@id":"https:\/\/compuviper.mx\/tienda\/producto\/dahua-dh-sd22204db-gny-camara-ip-ptz-sd22204db-gny-de-2-mp-wizsense-4x-de-zoom-optico-starlight-deteccion-facial-smd-3-0-antivandalica-ik10-exterior-ip66-proteccion-perimetral-ranura-p\/#breadcrumb","itemListElement":[{"@type":"ListItem","position":1,"name":"Inicio","item":"https:\/\/compuviper.mx\/tienda\/"},{"@type":"ListItem","position":2,"name":"Productos","item":"https:\/\/compuviper.mx\/tienda\/productos\/"},{"@type":"ListItem","position":3,"name":"Camaras","item":"https:\/\/compuviper.mx\/tienda\/categoria-producto\/camaras-2\/"},{"@type":"ListItem","position":4,"name":"Camara De Videovigilancia","item":"https:\/\/compuviper.mx\/tienda\/categoria-producto\/camaras-2\/camara-de-videovigilancia\/"},{"@type":"ListItem","position":5,"name":"Dahua Dh-sd22204db-gny Camara Ip Ptz\/ \/ Sd22204db-gny\/ De 2 Mp \/ Wizsense\/ 4x De Zoom Optico\/ Starlight \/ Deteccion Facial\/ Smd 3.0\/ Antivandalica Ik10\/ Exterior Ip66\/ Proteccion Perimetral \/ Ranura Para Microsd\/ Poe"}]},{"@type":"WebSite","@id":"https:\/\/compuviper.mx\/tienda\/#website","url":"https:\/\/compuviper.mx\/tienda\/","name":"Compuviper","description":"Proveedor de Computadoras, Laptops, Servidores, Monitores, Puntos de Venta, Teclados,   Impresoras, T\u00f3ner, C\u00e1maras de Seguridad y m\u00e1s en tu tienda en l\u00ednea","publisher":{"@id":"https:\/\/compuviper.mx\/tienda\/#organization"},"potentialAction":[{"@type":"SearchAction","target":{"@type":"EntryPoint","urlTemplate":"https:\/\/compuviper.mx\/tienda\/?s={search_term_string}"},"query-input":"required name=search_term_string"}],"inLanguage":"es-MX"},{"@type":"Organization","@id":"https:\/\/compuviper.mx\/tienda\/#organization","name":"Compuviper","url":"https:\/\/compuviper.mx\/tienda\/","logo":{"@type":"ImageObject","inLanguage":"es-MX","@id":"https:\/\/compuviper.mx\/tienda\/#\/schema\/logo\/image\/","url":"https:\/\/compuviper.mx\/tienda\/wp-content\/uploads\/2021\/08\/Logo-Compuviper-10.png","contentUrl":"https:\/\/compuviper.mx\/tienda\/wp-content\/uploads\/2021\/08\/Logo-Compuviper-10.png","width":1000,"height":500,"caption":"Compuviper"},"image":{"@id":"https:\/\/compuviper.mx\/tienda\/#\/schema\/logo\/image\/"},"sameAs":["https:\/\/www.facebook.com\/compuviper","https:\/\/www.youtube.com\/channel\/UCf73dERp9Y3cfOq7q8BhLjA?view_as=subscriber"]}]},"product_brand":"DAHUA","product_price_amount":"1972","product_price_currency":"MXN","og_availability":"out of stock","product_availability":"out of stock","product_retailer_item_id":"DH-SD22204DB-GNY","product_condition":"new"},"_links":{"self":[{"href":"https:\/\/compuviper.mx\/tienda\/wp-json\/wp\/v2\/product\/243847"}],"collection":[{"href":"https:\/\/compuviper.mx\/tienda\/wp-json\/wp\/v2\/product"}],"about":[{"href":"https:\/\/compuviper.mx\/tienda\/wp-json\/wp\/v2\/types\/product"}],"replies":[{"embeddable":true,"href":"https:\/\/compuviper.mx\/tienda\/wp-json\/wp\/v2\/comments?post=243847"}],"wp:featuredmedia":[{"embeddable":true,"href":"https:\/\/compuviper.mx\/tienda\/wp-json\/wp\/v2\/media\/259328"}],"wp:attachment":[{"href":"https:\/\/compuviper.mx\/tienda\/wp-json\/wp\/v2\/media?parent=243847"}],"wp:term":[{"taxonomy":"product_cat","embeddable":true,"href":"https:\/\/compuviper.mx\/tienda\/wp-json\/wp\/v2\/product_cat?post=243847"},{"taxonomy":"product_tag","embeddable":true,"href":"https:\/\/compuviper.mx\/tienda\/wp-json\/wp\/v2\/product_tag?post=243847"}],"curies":[{"name":"wp","href":"https:\/\/api.w.org\/{rel}","templated":true}]}}