{"id":243841,"date":"2026-04-23T00:14:52","date_gmt":"2026-04-23T06:14:52","guid":{"rendered":"https:\/\/compuviper.mx\/tienda\/producto\/dahua-dh-sd49225db-hc-camara-ptz-hdcvi-ptz-de-2-mp-25x-de-zoom-optico-starlight-wdr-real-de-120-db-ir-de-100-mts-ip66-e-de-alarma-1-canal-de-audio\/"},"modified":"2026-04-23T00:14:53","modified_gmt":"2026-04-23T06:14:53","slug":"dahua-dh-sd49225db-hc-camara-ptz-hdcvi-ptz-de-2-mp-25x-de-zoom-optico-starlight-wdr-real-de-120-db-ir-de-100-mts-ip66-e-de-alarma-1-canal-de-audio","status":"publish","type":"product","link":"https:\/\/compuviper.mx\/tienda\/producto\/dahua-dh-sd49225db-hc-camara-ptz-hdcvi-ptz-de-2-mp-25x-de-zoom-optico-starlight-wdr-real-de-120-db-ir-de-100-mts-ip66-e-de-alarma-1-canal-de-audio\/","title":{"rendered":"Dahua Dh-sd49225db-hc Camara Ptz\/ \/ \/ Hdcvi Ptz De 2 Mp\/ 25x De Zoom Optico\/ Starlight\/ Wdr Real De 120 Db\/ Ir De 100 Mts\/ Ip66\/ E De Alarma\/ 1 Canal De Audio"},"content":{"rendered":"<table class=\"descripcion\">\n<tr>\n<td>Caracteristicas principales<\/td>\n<\/tr>\n<tr>\n<td>\u0095 cmos starvis\u0099 de 1\/2,8 y 2 megapixeles.<\/td>\n<\/tr>\n<tr>\n<td>\u0095 potente zoom optico de 25\u00d7.<\/td>\n<\/tr>\n<tr>\n<td>\u0095 tecnologia de luz de estrellas.<\/td>\n<\/tr>\n<tr>\n<td>\u0095 wdr real de 120 db, reduccion de ruido 3d.<\/td>\n<\/tr>\n<tr>\n<td>\u0095 max. 25\/30 fps a 1080p, 25\/30\/50\/60 fps a 720p.<\/td>\n<\/tr>\n<tr>\n<td>\u0095 distancia ir de hasta 100 m.<\/td>\n<\/tr>\n<tr>\n<td>\u0095 p66.<\/td>\n<\/tr>\n<tr>\n<td>\u0095 incluye soporte de montaje en pared<\/td>\n<\/tr>\n<\/table>\n","protected":false},"excerpt":{"rendered":"<p>Informacion general. Con su potente zoom optico y capacidades precisas de giro e inclinacion, la serie de camaras hdcvi ptz proporciona una solucion todo en uno para monitoreo a gran escala. Aprovecha la ultima tecnologia de luz estelar, lo que le permite producir imagenes muy detalladas incluso en condiciones de poca luz. Estas camaras ofrecen un control fluido y una proteccion de alto nivel que les permite cumplir con los requisitos de videovigilancia en escenas peque\u00f1as y medianas. Starlight. Con tecnologia avanzada de procesamiento de imagenes y tecnologia optica, la tecnologia dahua starlight puede proporcionar videos claros y coloridos en entornos de baja iluminancia. Se aplica ampliamente a diversos entornos de baja iluminancia. 3dnr avanzado. La tecnologia 3dnr de dahua reduce el ruido de la imagen con poco o ningun impacto en la nitidez de la imagen, especialmente en condiciones de poca iluminacion. Detecta el ruido y compara los cuadros secuenciales para reducir el ruido de manera efectiva. Tambien hace un uso eficiente del ancho de banda, ahorrando espacio de almacenamiento. Amplio rango dinamico. La camara produce imagenes vividas, incluso en condiciones de iluminacion de alto contraste, mediante el uso de tecnologia de amplio rango dinamico (wdr) lider en la industria. Para escenas que alternan rapidamente entre iluminacion brillante y baja, wdr se ajusta para capturar completamente las areas brillantes y oscuras de una escena, produciendo videos de calidad superior. Ip66. Ip66, tvs 6000 v a prueba de rayos, proteccion contra sobretensiones y proteccion contra transitorios de voltaje.<\/p>\n","protected":false},"featured_media":259323,"comment_status":"open","ping_status":"open","template":"","meta":[],"product_cat":[1681,1608],"product_tag":[1555],"acf":[],"yoast_head":"<!-- This site is optimized with the Yoast SEO plugin v21.7 - https:\/\/yoast.com\/wordpress\/plugins\/seo\/ -->\n<title>[ Dahua ] &#129351; Dh-sd49225db-hc Camara Ptz\/ \/ \/ Hdcvi Ptz De 2 Mp\/ 25x De Zoom Optico\/ Starlight\/ Wdr Real De 120 Db\/ Ir De 100 Mts\/ Ip66\/ E De Alarma\/ 1 Canal De Audio<\/title>\n<meta name=\"description\" content=\"Compra Dh-sd49225db-hc Camara Ptz\/ \/ \/ Hdcvi Ptz De 2 Mp\/ 25x De Zoom Optico\/ Starlight\/ Wdr Real De 120 Db\/ Ir De 100 Mts\/ Ip66\/ E De Alarma\/ 1 Canal De Audio + Env\u00edo a domicilio + Pago seguro + Garant\u00eda\" \/>\n<meta name=\"robots\" content=\"index, follow, max-snippet:-1, max-image-preview:large, max-video-preview:-1\" \/>\n<link rel=\"canonical\" href=\"https:\/\/compuviper.mx\/tienda\/producto\/dahua-dh-sd49225db-hc-camara-ptz-hdcvi-ptz-de-2-mp-25x-de-zoom-optico-starlight-wdr-real-de-120-db-ir-de-100-mts-ip66-e-de-alarma-1-canal-de-audio\/\" \/>\n<meta property=\"og:locale\" content=\"es_MX\" \/>\n<meta property=\"og:type\" content=\"article\" \/>\n<meta property=\"og:title\" content=\"[ Dahua ] &#129351; Dh-sd49225db-hc Camara Ptz\/ \/ \/ Hdcvi Ptz De 2 Mp\/ 25x De Zoom Optico\/ Starlight\/ Wdr Real De 120 Db\/ Ir De 100 Mts\/ Ip66\/ E De Alarma\/ 1 Canal De Audio\" \/>\n<meta property=\"og:description\" content=\"Compra Dh-sd49225db-hc Camara Ptz\/ \/ \/ Hdcvi Ptz De 2 Mp\/ 25x De Zoom Optico\/ Starlight\/ Wdr Real De 120 Db\/ Ir De 100 Mts\/ Ip66\/ E De Alarma\/ 1 Canal De Audio + Env\u00edo a domicilio + Pago seguro + Garant\u00eda\" \/>\n<meta property=\"og:url\" content=\"https:\/\/compuviper.mx\/tienda\/producto\/dahua-dh-sd49225db-hc-camara-ptz-hdcvi-ptz-de-2-mp-25x-de-zoom-optico-starlight-wdr-real-de-120-db-ir-de-100-mts-ip66-e-de-alarma-1-canal-de-audio\/\" \/>\n<meta property=\"og:site_name\" content=\"Compuviper\" \/>\n<meta property=\"article:publisher\" content=\"https:\/\/www.facebook.com\/compuviper\" \/>\n<meta property=\"article:modified_time\" content=\"2026-04-23T06:14:53+00:00\" \/>\n<meta property=\"og:image\" content=\"https:\/\/compuviper.mx\/tienda\/wp-content\/uploads\/2025\/10\/Camara-ptz-dahua-dh-sd49225db-hc-hdcvi-ptz-de-2-mp-25x-de-zoom-optico-starlight-wdr-real-de-120-db-ir-de-100-mts-ip66-e-de-alarma-1-canal-de-audio.jpg\" \/>\n\t<meta property=\"og:image:width\" content=\"200\" \/>\n\t<meta property=\"og:image:height\" content=\"200\" \/>\n\t<meta property=\"og:image:type\" content=\"image\/jpeg\" \/>\n<meta name=\"twitter:card\" content=\"summary_large_image\" \/>\n<meta name=\"twitter:label1\" content=\"Precio\" \/>\n\t<meta name=\"twitter:data1\" content=\"&#36;4,115 con IVA\" \/>\n\t<meta name=\"twitter:label2\" content=\"Availability\" \/>\n\t<meta name=\"twitter:data2\" content=\"On backorder\" \/>\n<script type=\"application\/ld+json\" class=\"yoast-schema-graph\">{\"@context\":\"https:\/\/schema.org\",\"@graph\":[{\"@type\":\"WebPage\",\"@id\":\"https:\/\/compuviper.mx\/tienda\/producto\/dahua-dh-sd49225db-hc-camara-ptz-hdcvi-ptz-de-2-mp-25x-de-zoom-optico-starlight-wdr-real-de-120-db-ir-de-100-mts-ip66-e-de-alarma-1-canal-de-audio\/\",\"url\":\"https:\/\/compuviper.mx\/tienda\/producto\/dahua-dh-sd49225db-hc-camara-ptz-hdcvi-ptz-de-2-mp-25x-de-zoom-optico-starlight-wdr-real-de-120-db-ir-de-100-mts-ip66-e-de-alarma-1-canal-de-audio\/\",\"name\":\"[ Dahua ] &#129351; Dh-sd49225db-hc Camara Ptz\/ \/ \/ Hdcvi Ptz De 2 Mp\/ 25x De Zoom Optico\/ Starlight\/ Wdr Real De 120 Db\/ Ir De 100 Mts\/ Ip66\/ E De Alarma\/ 1 Canal De Audio\",\"isPartOf\":{\"@id\":\"https:\/\/compuviper.mx\/tienda\/#website\"},\"datePublished\":\"2026-04-23T06:14:52+00:00\",\"dateModified\":\"2026-04-23T06:14:53+00:00\",\"description\":\"Compra Dh-sd49225db-hc Camara Ptz\/ \/ \/ Hdcvi Ptz De 2 Mp\/ 25x De Zoom Optico\/ Starlight\/ Wdr Real De 120 Db\/ Ir De 100 Mts\/ Ip66\/ E De Alarma\/ 1 Canal De Audio + Env\u00edo a domicilio + Pago seguro + Garant\u00eda\",\"breadcrumb\":{\"@id\":\"https:\/\/compuviper.mx\/tienda\/producto\/dahua-dh-sd49225db-hc-camara-ptz-hdcvi-ptz-de-2-mp-25x-de-zoom-optico-starlight-wdr-real-de-120-db-ir-de-100-mts-ip66-e-de-alarma-1-canal-de-audio\/#breadcrumb\"},\"inLanguage\":\"es-MX\",\"potentialAction\":[{\"@type\":\"ReadAction\",\"target\":[\"https:\/\/compuviper.mx\/tienda\/producto\/dahua-dh-sd49225db-hc-camara-ptz-hdcvi-ptz-de-2-mp-25x-de-zoom-optico-starlight-wdr-real-de-120-db-ir-de-100-mts-ip66-e-de-alarma-1-canal-de-audio\/\"]}]},{\"@type\":\"BreadcrumbList\",\"@id\":\"https:\/\/compuviper.mx\/tienda\/producto\/dahua-dh-sd49225db-hc-camara-ptz-hdcvi-ptz-de-2-mp-25x-de-zoom-optico-starlight-wdr-real-de-120-db-ir-de-100-mts-ip66-e-de-alarma-1-canal-de-audio\/#breadcrumb\",\"itemListElement\":[{\"@type\":\"ListItem\",\"position\":1,\"name\":\"Inicio\",\"item\":\"https:\/\/compuviper.mx\/tienda\/\"},{\"@type\":\"ListItem\",\"position\":2,\"name\":\"Productos\",\"item\":\"https:\/\/compuviper.mx\/tienda\/productos\/\"},{\"@type\":\"ListItem\",\"position\":3,\"name\":\"Camaras\",\"item\":\"https:\/\/compuviper.mx\/tienda\/categoria-producto\/camaras-2\/\"},{\"@type\":\"ListItem\",\"position\":4,\"name\":\"Camara De Videovigilancia\",\"item\":\"https:\/\/compuviper.mx\/tienda\/categoria-producto\/camaras-2\/camara-de-videovigilancia\/\"},{\"@type\":\"ListItem\",\"position\":5,\"name\":\"Dahua Dh-sd49225db-hc Camara Ptz\/ \/ \/ Hdcvi Ptz De 2 Mp\/ 25x De Zoom Optico\/ Starlight\/ Wdr Real De 120 Db\/ Ir De 100 Mts\/ Ip66\/ E De Alarma\/ 1 Canal De Audio\"}]},{\"@type\":\"WebSite\",\"@id\":\"https:\/\/compuviper.mx\/tienda\/#website\",\"url\":\"https:\/\/compuviper.mx\/tienda\/\",\"name\":\"Compuviper\",\"description\":\"Proveedor de Computadoras, Laptops, Servidores, Monitores, Puntos de Venta, Teclados,   Impresoras, T\u00f3ner, C\u00e1maras de Seguridad y m\u00e1s en tu tienda en l\u00ednea\",\"publisher\":{\"@id\":\"https:\/\/compuviper.mx\/tienda\/#organization\"},\"potentialAction\":[{\"@type\":\"SearchAction\",\"target\":{\"@type\":\"EntryPoint\",\"urlTemplate\":\"https:\/\/compuviper.mx\/tienda\/?s={search_term_string}\"},\"query-input\":\"required name=search_term_string\"}],\"inLanguage\":\"es-MX\"},{\"@type\":\"Organization\",\"@id\":\"https:\/\/compuviper.mx\/tienda\/#organization\",\"name\":\"Compuviper\",\"url\":\"https:\/\/compuviper.mx\/tienda\/\",\"logo\":{\"@type\":\"ImageObject\",\"inLanguage\":\"es-MX\",\"@id\":\"https:\/\/compuviper.mx\/tienda\/#\/schema\/logo\/image\/\",\"url\":\"https:\/\/compuviper.mx\/tienda\/wp-content\/uploads\/2021\/08\/Logo-Compuviper-10.png\",\"contentUrl\":\"https:\/\/compuviper.mx\/tienda\/wp-content\/uploads\/2021\/08\/Logo-Compuviper-10.png\",\"width\":1000,\"height\":500,\"caption\":\"Compuviper\"},\"image\":{\"@id\":\"https:\/\/compuviper.mx\/tienda\/#\/schema\/logo\/image\/\"},\"sameAs\":[\"https:\/\/www.facebook.com\/compuviper\",\"https:\/\/www.youtube.com\/channel\/UCf73dERp9Y3cfOq7q8BhLjA?view_as=subscriber\"]}]}<\/script>\n<meta property=\"product:brand\" content=\"DAHUA\" \/>\n<meta property=\"product:price:amount\" content=\"4115\" \/>\n<meta property=\"product:price:currency\" content=\"MXN\" \/>\n<meta property=\"og:availability\" content=\"backorder\" \/>\n<meta property=\"product:availability\" content=\"available for order\" \/>\n<meta property=\"product:retailer_item_id\" content=\"DH-SD49225DB-HC\" \/>\n<meta property=\"product:condition\" content=\"new\" \/>\n<!-- \/ Yoast SEO plugin. -->","yoast_head_json":{"title":"[ Dahua ] &#129351; Dh-sd49225db-hc Camara Ptz\/ \/ \/ Hdcvi Ptz De 2 Mp\/ 25x De Zoom Optico\/ Starlight\/ Wdr Real De 120 Db\/ Ir De 100 Mts\/ Ip66\/ E De Alarma\/ 1 Canal De Audio","description":"Compra Dh-sd49225db-hc Camara Ptz\/ \/ \/ Hdcvi Ptz De 2 Mp\/ 25x De Zoom Optico\/ Starlight\/ Wdr Real De 120 Db\/ Ir De 100 Mts\/ Ip66\/ E De Alarma\/ 1 Canal De Audio + Env\u00edo a domicilio + Pago seguro + Garant\u00eda","robots":{"index":"index","follow":"follow","max-snippet":"max-snippet:-1","max-image-preview":"max-image-preview:large","max-video-preview":"max-video-preview:-1"},"canonical":"https:\/\/compuviper.mx\/tienda\/producto\/dahua-dh-sd49225db-hc-camara-ptz-hdcvi-ptz-de-2-mp-25x-de-zoom-optico-starlight-wdr-real-de-120-db-ir-de-100-mts-ip66-e-de-alarma-1-canal-de-audio\/","og_locale":"es_MX","og_type":"article","og_title":"[ Dahua ] &#129351; Dh-sd49225db-hc Camara Ptz\/ \/ \/ Hdcvi Ptz De 2 Mp\/ 25x De Zoom Optico\/ Starlight\/ Wdr Real De 120 Db\/ Ir De 100 Mts\/ Ip66\/ E De Alarma\/ 1 Canal De Audio","og_description":"Compra Dh-sd49225db-hc Camara Ptz\/ \/ \/ Hdcvi Ptz De 2 Mp\/ 25x De Zoom Optico\/ Starlight\/ Wdr Real De 120 Db\/ Ir De 100 Mts\/ Ip66\/ E De Alarma\/ 1 Canal De Audio + Env\u00edo a domicilio + Pago seguro + Garant\u00eda","og_url":"https:\/\/compuviper.mx\/tienda\/producto\/dahua-dh-sd49225db-hc-camara-ptz-hdcvi-ptz-de-2-mp-25x-de-zoom-optico-starlight-wdr-real-de-120-db-ir-de-100-mts-ip66-e-de-alarma-1-canal-de-audio\/","og_site_name":"Compuviper","article_publisher":"https:\/\/www.facebook.com\/compuviper","article_modified_time":"2026-04-23T06:14:53+00:00","og_image":[{"width":200,"height":200,"url":"https:\/\/compuviper.mx\/tienda\/wp-content\/uploads\/2025\/10\/Camara-ptz-dahua-dh-sd49225db-hc-hdcvi-ptz-de-2-mp-25x-de-zoom-optico-starlight-wdr-real-de-120-db-ir-de-100-mts-ip66-e-de-alarma-1-canal-de-audio.jpg","type":"image\/jpeg"}],"twitter_card":"summary_large_image","twitter_misc":{"Precio":"&#36;4,115 con IVA","Availability":"On backorder"},"schema":{"@context":"https:\/\/schema.org","@graph":[{"@type":"WebPage","@id":"https:\/\/compuviper.mx\/tienda\/producto\/dahua-dh-sd49225db-hc-camara-ptz-hdcvi-ptz-de-2-mp-25x-de-zoom-optico-starlight-wdr-real-de-120-db-ir-de-100-mts-ip66-e-de-alarma-1-canal-de-audio\/","url":"https:\/\/compuviper.mx\/tienda\/producto\/dahua-dh-sd49225db-hc-camara-ptz-hdcvi-ptz-de-2-mp-25x-de-zoom-optico-starlight-wdr-real-de-120-db-ir-de-100-mts-ip66-e-de-alarma-1-canal-de-audio\/","name":"[ Dahua ] &#129351; Dh-sd49225db-hc Camara Ptz\/ \/ \/ Hdcvi Ptz De 2 Mp\/ 25x De Zoom Optico\/ Starlight\/ Wdr Real De 120 Db\/ Ir De 100 Mts\/ Ip66\/ E De Alarma\/ 1 Canal De Audio","isPartOf":{"@id":"https:\/\/compuviper.mx\/tienda\/#website"},"datePublished":"2026-04-23T06:14:52+00:00","dateModified":"2026-04-23T06:14:53+00:00","description":"Compra Dh-sd49225db-hc Camara Ptz\/ \/ \/ Hdcvi Ptz De 2 Mp\/ 25x De Zoom Optico\/ Starlight\/ Wdr Real De 120 Db\/ Ir De 100 Mts\/ Ip66\/ E De Alarma\/ 1 Canal De Audio + Env\u00edo a domicilio + Pago seguro + Garant\u00eda","breadcrumb":{"@id":"https:\/\/compuviper.mx\/tienda\/producto\/dahua-dh-sd49225db-hc-camara-ptz-hdcvi-ptz-de-2-mp-25x-de-zoom-optico-starlight-wdr-real-de-120-db-ir-de-100-mts-ip66-e-de-alarma-1-canal-de-audio\/#breadcrumb"},"inLanguage":"es-MX","potentialAction":[{"@type":"ReadAction","target":["https:\/\/compuviper.mx\/tienda\/producto\/dahua-dh-sd49225db-hc-camara-ptz-hdcvi-ptz-de-2-mp-25x-de-zoom-optico-starlight-wdr-real-de-120-db-ir-de-100-mts-ip66-e-de-alarma-1-canal-de-audio\/"]}]},{"@type":"BreadcrumbList","@id":"https:\/\/compuviper.mx\/tienda\/producto\/dahua-dh-sd49225db-hc-camara-ptz-hdcvi-ptz-de-2-mp-25x-de-zoom-optico-starlight-wdr-real-de-120-db-ir-de-100-mts-ip66-e-de-alarma-1-canal-de-audio\/#breadcrumb","itemListElement":[{"@type":"ListItem","position":1,"name":"Inicio","item":"https:\/\/compuviper.mx\/tienda\/"},{"@type":"ListItem","position":2,"name":"Productos","item":"https:\/\/compuviper.mx\/tienda\/productos\/"},{"@type":"ListItem","position":3,"name":"Camaras","item":"https:\/\/compuviper.mx\/tienda\/categoria-producto\/camaras-2\/"},{"@type":"ListItem","position":4,"name":"Camara De Videovigilancia","item":"https:\/\/compuviper.mx\/tienda\/categoria-producto\/camaras-2\/camara-de-videovigilancia\/"},{"@type":"ListItem","position":5,"name":"Dahua Dh-sd49225db-hc Camara Ptz\/ \/ \/ Hdcvi Ptz De 2 Mp\/ 25x De Zoom Optico\/ Starlight\/ Wdr Real De 120 Db\/ Ir De 100 Mts\/ Ip66\/ E De Alarma\/ 1 Canal De Audio"}]},{"@type":"WebSite","@id":"https:\/\/compuviper.mx\/tienda\/#website","url":"https:\/\/compuviper.mx\/tienda\/","name":"Compuviper","description":"Proveedor de Computadoras, Laptops, Servidores, Monitores, Puntos de Venta, Teclados,   Impresoras, T\u00f3ner, C\u00e1maras de Seguridad y m\u00e1s en tu tienda en l\u00ednea","publisher":{"@id":"https:\/\/compuviper.mx\/tienda\/#organization"},"potentialAction":[{"@type":"SearchAction","target":{"@type":"EntryPoint","urlTemplate":"https:\/\/compuviper.mx\/tienda\/?s={search_term_string}"},"query-input":"required name=search_term_string"}],"inLanguage":"es-MX"},{"@type":"Organization","@id":"https:\/\/compuviper.mx\/tienda\/#organization","name":"Compuviper","url":"https:\/\/compuviper.mx\/tienda\/","logo":{"@type":"ImageObject","inLanguage":"es-MX","@id":"https:\/\/compuviper.mx\/tienda\/#\/schema\/logo\/image\/","url":"https:\/\/compuviper.mx\/tienda\/wp-content\/uploads\/2021\/08\/Logo-Compuviper-10.png","contentUrl":"https:\/\/compuviper.mx\/tienda\/wp-content\/uploads\/2021\/08\/Logo-Compuviper-10.png","width":1000,"height":500,"caption":"Compuviper"},"image":{"@id":"https:\/\/compuviper.mx\/tienda\/#\/schema\/logo\/image\/"},"sameAs":["https:\/\/www.facebook.com\/compuviper","https:\/\/www.youtube.com\/channel\/UCf73dERp9Y3cfOq7q8BhLjA?view_as=subscriber"]}]},"product_brand":"DAHUA","product_price_amount":"4115","product_price_currency":"MXN","og_availability":"backorder","product_availability":"available for order","product_retailer_item_id":"DH-SD49225DB-HC","product_condition":"new"},"_links":{"self":[{"href":"https:\/\/compuviper.mx\/tienda\/wp-json\/wp\/v2\/product\/243841"}],"collection":[{"href":"https:\/\/compuviper.mx\/tienda\/wp-json\/wp\/v2\/product"}],"about":[{"href":"https:\/\/compuviper.mx\/tienda\/wp-json\/wp\/v2\/types\/product"}],"replies":[{"embeddable":true,"href":"https:\/\/compuviper.mx\/tienda\/wp-json\/wp\/v2\/comments?post=243841"}],"wp:featuredmedia":[{"embeddable":true,"href":"https:\/\/compuviper.mx\/tienda\/wp-json\/wp\/v2\/media\/259323"}],"wp:attachment":[{"href":"https:\/\/compuviper.mx\/tienda\/wp-json\/wp\/v2\/media?parent=243841"}],"wp:term":[{"taxonomy":"product_cat","embeddable":true,"href":"https:\/\/compuviper.mx\/tienda\/wp-json\/wp\/v2\/product_cat?post=243841"},{"taxonomy":"product_tag","embeddable":true,"href":"https:\/\/compuviper.mx\/tienda\/wp-json\/wp\/v2\/product_tag?post=243841"}],"curies":[{"name":"wp","href":"https:\/\/api.w.org\/{rel}","templated":true}]}}