{"id":243840,"date":"2026-04-18T00:20:13","date_gmt":"2026-04-18T06:20:13","guid":{"rendered":"https:\/\/compuviper.mx\/tienda\/producto\/dahua-dh-sd22204dbn-gc-camara-ptz-sd22204db-gc-mini-domo-antivandalica-de-2-mp-analogica-4x-de-zoom-optico-ip66-ik10-starlight-hlc-30fps-3dnr\/"},"modified":"2026-04-18T00:20:14","modified_gmt":"2026-04-18T06:20:14","slug":"dahua-dh-sd22204dbn-gc-camara-ptz-sd22204db-gc-mini-domo-antivandalica-de-2-mp-analogica-4x-de-zoom-optico-ip66-ik10-starlight-hlc-30fps-3dnr","status":"publish","type":"product","link":"https:\/\/compuviper.mx\/tienda\/producto\/dahua-dh-sd22204dbn-gc-camara-ptz-sd22204db-gc-mini-domo-antivandalica-de-2-mp-analogica-4x-de-zoom-optico-ip66-ik10-starlight-hlc-30fps-3dnr\/","title":{"rendered":"Dahua Dh-sd22204dbn-gc Camara Ptz\/ \/ Sd22204db-gc\/ Mini Domo Antivandalica De 2 Mp\/ Analogica \/ 4x De Zoom Optico\/ Ip66\/ Ik10\/ Starlight\/ Hlc\/ 30fps\/ 3dnr"},"content":{"rendered":"<table class=\"descripcion\">\n<tr>\n<td>Especificaciones tecnicas<\/td>\n<\/tr>\n<tr>\n<td>\u0095 sensor de imagen: cmos starvis\u0099 de 1\/2,8<\/td>\n<\/tr>\n<tr>\n<td>\u0095 pixel: 2 mp<\/td>\n<\/tr>\n<tr>\n<td>\u0095 max. resolucion: 1920 (alto) x 1080 (v)<\/td>\n<\/tr>\n<tr>\n<td>\u0095 rom: 16 megas<\/td>\n<\/tr>\n<tr>\n<td>\u0095 ram: 256 megas<\/td>\n<\/tr>\n<tr>\n<td>\u0095 velocidad de obturacion electronica: 1\/3 s\u00961\/100000 s<\/td>\n<\/tr>\n<tr>\n<td>\u0095 camara analogica.<\/td>\n<\/tr>\n<tr>\n<td>\u0095 consumo energia: 12 vcc, 1,5 a \u00b1 10 %<\/td>\n<\/tr>\n<\/table>\n","protected":false},"excerpt":{"rendered":"<p>Informacion general. Con un potente zoom optico y un rendimiento preciso de giro\/inclinacion\/zoom, la camara ptz de la serie sd22 puede proporcionar un amplio rango de monitoreo y gran nivel de detalle. La camara ofrece una resolucion de 1080p a 25\/30 fps, con zoom optico de 4x y tiene un rendimiento excelente en condiciones de poca luz gracias a la ultima tecnologia de luz de estrellas. La camara ptz de la serie sd22 esta equipada con un control fluido, una imagen de alta calidad y una buena proteccion, lo que la hace adecuada para aplicaciones de videovigilancia peque\u00f1as y medianas. Starlight. Para aplicaciones desafiantes con poca luz, la tecnologia starlight ultra-low light de dahua ofrece la mejor sensibilidad a la luz de su clase, capturando detalles de color en condiciones de poca luz de hasta 0,005 lux. La camara utiliza un conjunto de funciones opticas para equilibrar la luz en toda la escena, lo que da como resultado imagenes claras en entornos oscuros. Caracteristicas principales. \u0095 cmos starvis\u0099 de 1\/2,8 y 2 megapixeles. \u0095 potente zoom optico de 4x. \u0095 tecnologia de luz de las estrellas. \u0095 max. 25\/30 fps a 1080p, 25\/30\/50\/60 fps a 720p. \u0095 ip66, ik10<\/p>\n","protected":false},"featured_media":259322,"comment_status":"open","ping_status":"open","template":"","meta":[],"product_cat":[1608,1681],"product_tag":[1555],"acf":[],"yoast_head":"<!-- This site is optimized with the Yoast SEO plugin v21.7 - https:\/\/yoast.com\/wordpress\/plugins\/seo\/ -->\n<title>[ Dahua ] &#129351; Dh-sd22204dbn-gc Camara Ptz\/ \/ Sd22204db-gc\/ Mini Domo Antivandalica De 2 Mp\/ Analogica \/ 4x De Zoom Optico\/ Ip66\/ Ik10\/ Starlight\/ Hlc\/ 30fps\/ 3dnr<\/title>\n<meta name=\"description\" content=\"Compra Dh-sd22204dbn-gc Camara Ptz\/ \/ Sd22204db-gc\/ Mini Domo Antivandalica De 2 Mp\/ Analogica \/ 4x De Zoom Optico\/ Ip66\/ Ik10\/ Starlight\/ Hlc\/ 30fps\/ 3dnr + Env\u00edo a domicilio + Pago seguro + Garant\u00eda\" \/>\n<meta name=\"robots\" content=\"index, follow, max-snippet:-1, max-image-preview:large, max-video-preview:-1\" \/>\n<link rel=\"canonical\" href=\"https:\/\/compuviper.mx\/tienda\/producto\/dahua-dh-sd22204dbn-gc-camara-ptz-sd22204db-gc-mini-domo-antivandalica-de-2-mp-analogica-4x-de-zoom-optico-ip66-ik10-starlight-hlc-30fps-3dnr\/\" \/>\n<meta property=\"og:locale\" content=\"es_MX\" \/>\n<meta property=\"og:type\" content=\"article\" \/>\n<meta property=\"og:title\" content=\"[ Dahua ] &#129351; Dh-sd22204dbn-gc Camara Ptz\/ \/ Sd22204db-gc\/ Mini Domo Antivandalica De 2 Mp\/ Analogica \/ 4x De Zoom Optico\/ Ip66\/ Ik10\/ Starlight\/ Hlc\/ 30fps\/ 3dnr\" \/>\n<meta property=\"og:description\" content=\"Compra Dh-sd22204dbn-gc Camara Ptz\/ \/ Sd22204db-gc\/ Mini Domo Antivandalica De 2 Mp\/ Analogica \/ 4x De Zoom Optico\/ Ip66\/ Ik10\/ Starlight\/ Hlc\/ 30fps\/ 3dnr + Env\u00edo a domicilio + Pago seguro + Garant\u00eda\" \/>\n<meta property=\"og:url\" content=\"https:\/\/compuviper.mx\/tienda\/producto\/dahua-dh-sd22204dbn-gc-camara-ptz-sd22204db-gc-mini-domo-antivandalica-de-2-mp-analogica-4x-de-zoom-optico-ip66-ik10-starlight-hlc-30fps-3dnr\/\" \/>\n<meta property=\"og:site_name\" content=\"Compuviper\" \/>\n<meta property=\"article:publisher\" content=\"https:\/\/www.facebook.com\/compuviper\" \/>\n<meta property=\"article:modified_time\" content=\"2026-04-18T06:20:14+00:00\" \/>\n<meta property=\"og:image\" content=\"https:\/\/compuviper.mx\/tienda\/wp-content\/uploads\/2025\/10\/Camara-ptz-dahua-sd22204db-gc-mini-domo-antivandalica-de-2-mp-analogica-4x-de-zoom-optico-ip66-ik10-starlight-hlc-30fps-3dnr.jpg\" \/>\n\t<meta property=\"og:image:width\" content=\"200\" \/>\n\t<meta property=\"og:image:height\" content=\"200\" \/>\n\t<meta property=\"og:image:type\" content=\"image\/jpeg\" \/>\n<meta name=\"twitter:card\" content=\"summary_large_image\" \/>\n<meta name=\"twitter:label1\" content=\"Precio\" \/>\n\t<meta name=\"twitter:data1\" content=\"&#36;1,967 con IVA\" \/>\n\t<meta name=\"twitter:label2\" content=\"Availability\" \/>\n\t<meta name=\"twitter:data2\" content=\"Out of stock\" \/>\n<script type=\"application\/ld+json\" class=\"yoast-schema-graph\">{\"@context\":\"https:\/\/schema.org\",\"@graph\":[{\"@type\":\"WebPage\",\"@id\":\"https:\/\/compuviper.mx\/tienda\/producto\/dahua-dh-sd22204dbn-gc-camara-ptz-sd22204db-gc-mini-domo-antivandalica-de-2-mp-analogica-4x-de-zoom-optico-ip66-ik10-starlight-hlc-30fps-3dnr\/\",\"url\":\"https:\/\/compuviper.mx\/tienda\/producto\/dahua-dh-sd22204dbn-gc-camara-ptz-sd22204db-gc-mini-domo-antivandalica-de-2-mp-analogica-4x-de-zoom-optico-ip66-ik10-starlight-hlc-30fps-3dnr\/\",\"name\":\"[ Dahua ] &#129351; Dh-sd22204dbn-gc Camara Ptz\/ \/ Sd22204db-gc\/ Mini Domo Antivandalica De 2 Mp\/ Analogica \/ 4x De Zoom Optico\/ Ip66\/ Ik10\/ Starlight\/ Hlc\/ 30fps\/ 3dnr\",\"isPartOf\":{\"@id\":\"https:\/\/compuviper.mx\/tienda\/#website\"},\"datePublished\":\"2026-04-18T06:20:13+00:00\",\"dateModified\":\"2026-04-18T06:20:14+00:00\",\"description\":\"Compra Dh-sd22204dbn-gc Camara Ptz\/ \/ Sd22204db-gc\/ Mini Domo Antivandalica De 2 Mp\/ Analogica \/ 4x De Zoom Optico\/ Ip66\/ Ik10\/ Starlight\/ Hlc\/ 30fps\/ 3dnr + Env\u00edo a domicilio + Pago seguro + Garant\u00eda\",\"breadcrumb\":{\"@id\":\"https:\/\/compuviper.mx\/tienda\/producto\/dahua-dh-sd22204dbn-gc-camara-ptz-sd22204db-gc-mini-domo-antivandalica-de-2-mp-analogica-4x-de-zoom-optico-ip66-ik10-starlight-hlc-30fps-3dnr\/#breadcrumb\"},\"inLanguage\":\"es-MX\",\"potentialAction\":[{\"@type\":\"ReadAction\",\"target\":[\"https:\/\/compuviper.mx\/tienda\/producto\/dahua-dh-sd22204dbn-gc-camara-ptz-sd22204db-gc-mini-domo-antivandalica-de-2-mp-analogica-4x-de-zoom-optico-ip66-ik10-starlight-hlc-30fps-3dnr\/\"]}]},{\"@type\":\"BreadcrumbList\",\"@id\":\"https:\/\/compuviper.mx\/tienda\/producto\/dahua-dh-sd22204dbn-gc-camara-ptz-sd22204db-gc-mini-domo-antivandalica-de-2-mp-analogica-4x-de-zoom-optico-ip66-ik10-starlight-hlc-30fps-3dnr\/#breadcrumb\",\"itemListElement\":[{\"@type\":\"ListItem\",\"position\":1,\"name\":\"Inicio\",\"item\":\"https:\/\/compuviper.mx\/tienda\/\"},{\"@type\":\"ListItem\",\"position\":2,\"name\":\"Productos\",\"item\":\"https:\/\/compuviper.mx\/tienda\/productos\/\"},{\"@type\":\"ListItem\",\"position\":3,\"name\":\"Camaras\",\"item\":\"https:\/\/compuviper.mx\/tienda\/categoria-producto\/camaras-2\/\"},{\"@type\":\"ListItem\",\"position\":4,\"name\":\"Camara De Videovigilancia\",\"item\":\"https:\/\/compuviper.mx\/tienda\/categoria-producto\/camaras-2\/camara-de-videovigilancia\/\"},{\"@type\":\"ListItem\",\"position\":5,\"name\":\"Dahua Dh-sd22204dbn-gc Camara Ptz\/ \/ Sd22204db-gc\/ Mini Domo Antivandalica De 2 Mp\/ Analogica \/ 4x De Zoom Optico\/ Ip66\/ Ik10\/ Starlight\/ Hlc\/ 30fps\/ 3dnr\"}]},{\"@type\":\"WebSite\",\"@id\":\"https:\/\/compuviper.mx\/tienda\/#website\",\"url\":\"https:\/\/compuviper.mx\/tienda\/\",\"name\":\"Compuviper\",\"description\":\"Proveedor de Computadoras, Laptops, Servidores, Monitores, Puntos de Venta, Teclados,   Impresoras, T\u00f3ner, C\u00e1maras de Seguridad y m\u00e1s en tu tienda en l\u00ednea\",\"publisher\":{\"@id\":\"https:\/\/compuviper.mx\/tienda\/#organization\"},\"potentialAction\":[{\"@type\":\"SearchAction\",\"target\":{\"@type\":\"EntryPoint\",\"urlTemplate\":\"https:\/\/compuviper.mx\/tienda\/?s={search_term_string}\"},\"query-input\":\"required name=search_term_string\"}],\"inLanguage\":\"es-MX\"},{\"@type\":\"Organization\",\"@id\":\"https:\/\/compuviper.mx\/tienda\/#organization\",\"name\":\"Compuviper\",\"url\":\"https:\/\/compuviper.mx\/tienda\/\",\"logo\":{\"@type\":\"ImageObject\",\"inLanguage\":\"es-MX\",\"@id\":\"https:\/\/compuviper.mx\/tienda\/#\/schema\/logo\/image\/\",\"url\":\"https:\/\/compuviper.mx\/tienda\/wp-content\/uploads\/2021\/08\/Logo-Compuviper-10.png\",\"contentUrl\":\"https:\/\/compuviper.mx\/tienda\/wp-content\/uploads\/2021\/08\/Logo-Compuviper-10.png\",\"width\":1000,\"height\":500,\"caption\":\"Compuviper\"},\"image\":{\"@id\":\"https:\/\/compuviper.mx\/tienda\/#\/schema\/logo\/image\/\"},\"sameAs\":[\"https:\/\/www.facebook.com\/compuviper\",\"https:\/\/www.youtube.com\/channel\/UCf73dERp9Y3cfOq7q8BhLjA?view_as=subscriber\"]}]}<\/script>\n<meta property=\"product:brand\" content=\"DAHUA\" \/>\n<meta property=\"product:price:amount\" content=\"1967\" \/>\n<meta property=\"product:price:currency\" content=\"MXN\" \/>\n<meta property=\"og:availability\" content=\"out of stock\" \/>\n<meta property=\"product:availability\" content=\"out of stock\" \/>\n<meta property=\"product:retailer_item_id\" content=\"DH-SD22204DBN-GC\" \/>\n<meta property=\"product:condition\" content=\"new\" \/>\n<!-- \/ Yoast SEO plugin. -->","yoast_head_json":{"title":"[ Dahua ] &#129351; Dh-sd22204dbn-gc Camara Ptz\/ \/ Sd22204db-gc\/ Mini Domo Antivandalica De 2 Mp\/ Analogica \/ 4x De Zoom Optico\/ Ip66\/ Ik10\/ Starlight\/ Hlc\/ 30fps\/ 3dnr","description":"Compra Dh-sd22204dbn-gc Camara Ptz\/ \/ Sd22204db-gc\/ Mini Domo Antivandalica De 2 Mp\/ Analogica \/ 4x De Zoom Optico\/ Ip66\/ Ik10\/ Starlight\/ Hlc\/ 30fps\/ 3dnr + Env\u00edo a domicilio + Pago seguro + Garant\u00eda","robots":{"index":"index","follow":"follow","max-snippet":"max-snippet:-1","max-image-preview":"max-image-preview:large","max-video-preview":"max-video-preview:-1"},"canonical":"https:\/\/compuviper.mx\/tienda\/producto\/dahua-dh-sd22204dbn-gc-camara-ptz-sd22204db-gc-mini-domo-antivandalica-de-2-mp-analogica-4x-de-zoom-optico-ip66-ik10-starlight-hlc-30fps-3dnr\/","og_locale":"es_MX","og_type":"article","og_title":"[ Dahua ] &#129351; Dh-sd22204dbn-gc Camara Ptz\/ \/ Sd22204db-gc\/ Mini Domo Antivandalica De 2 Mp\/ Analogica \/ 4x De Zoom Optico\/ Ip66\/ Ik10\/ Starlight\/ Hlc\/ 30fps\/ 3dnr","og_description":"Compra Dh-sd22204dbn-gc Camara Ptz\/ \/ Sd22204db-gc\/ Mini Domo Antivandalica De 2 Mp\/ Analogica \/ 4x De Zoom Optico\/ Ip66\/ Ik10\/ Starlight\/ Hlc\/ 30fps\/ 3dnr + Env\u00edo a domicilio + Pago seguro + Garant\u00eda","og_url":"https:\/\/compuviper.mx\/tienda\/producto\/dahua-dh-sd22204dbn-gc-camara-ptz-sd22204db-gc-mini-domo-antivandalica-de-2-mp-analogica-4x-de-zoom-optico-ip66-ik10-starlight-hlc-30fps-3dnr\/","og_site_name":"Compuviper","article_publisher":"https:\/\/www.facebook.com\/compuviper","article_modified_time":"2026-04-18T06:20:14+00:00","og_image":[{"width":200,"height":200,"url":"https:\/\/compuviper.mx\/tienda\/wp-content\/uploads\/2025\/10\/Camara-ptz-dahua-sd22204db-gc-mini-domo-antivandalica-de-2-mp-analogica-4x-de-zoom-optico-ip66-ik10-starlight-hlc-30fps-3dnr.jpg","type":"image\/jpeg"}],"twitter_card":"summary_large_image","twitter_misc":{"Precio":"&#36;1,967 con IVA","Availability":"Out of stock"},"schema":{"@context":"https:\/\/schema.org","@graph":[{"@type":"WebPage","@id":"https:\/\/compuviper.mx\/tienda\/producto\/dahua-dh-sd22204dbn-gc-camara-ptz-sd22204db-gc-mini-domo-antivandalica-de-2-mp-analogica-4x-de-zoom-optico-ip66-ik10-starlight-hlc-30fps-3dnr\/","url":"https:\/\/compuviper.mx\/tienda\/producto\/dahua-dh-sd22204dbn-gc-camara-ptz-sd22204db-gc-mini-domo-antivandalica-de-2-mp-analogica-4x-de-zoom-optico-ip66-ik10-starlight-hlc-30fps-3dnr\/","name":"[ Dahua ] &#129351; Dh-sd22204dbn-gc Camara Ptz\/ \/ Sd22204db-gc\/ Mini Domo Antivandalica De 2 Mp\/ Analogica \/ 4x De Zoom Optico\/ Ip66\/ Ik10\/ Starlight\/ Hlc\/ 30fps\/ 3dnr","isPartOf":{"@id":"https:\/\/compuviper.mx\/tienda\/#website"},"datePublished":"2026-04-18T06:20:13+00:00","dateModified":"2026-04-18T06:20:14+00:00","description":"Compra Dh-sd22204dbn-gc Camara Ptz\/ \/ Sd22204db-gc\/ Mini Domo Antivandalica De 2 Mp\/ Analogica \/ 4x De Zoom Optico\/ Ip66\/ Ik10\/ Starlight\/ Hlc\/ 30fps\/ 3dnr + Env\u00edo a domicilio + Pago seguro + Garant\u00eda","breadcrumb":{"@id":"https:\/\/compuviper.mx\/tienda\/producto\/dahua-dh-sd22204dbn-gc-camara-ptz-sd22204db-gc-mini-domo-antivandalica-de-2-mp-analogica-4x-de-zoom-optico-ip66-ik10-starlight-hlc-30fps-3dnr\/#breadcrumb"},"inLanguage":"es-MX","potentialAction":[{"@type":"ReadAction","target":["https:\/\/compuviper.mx\/tienda\/producto\/dahua-dh-sd22204dbn-gc-camara-ptz-sd22204db-gc-mini-domo-antivandalica-de-2-mp-analogica-4x-de-zoom-optico-ip66-ik10-starlight-hlc-30fps-3dnr\/"]}]},{"@type":"BreadcrumbList","@id":"https:\/\/compuviper.mx\/tienda\/producto\/dahua-dh-sd22204dbn-gc-camara-ptz-sd22204db-gc-mini-domo-antivandalica-de-2-mp-analogica-4x-de-zoom-optico-ip66-ik10-starlight-hlc-30fps-3dnr\/#breadcrumb","itemListElement":[{"@type":"ListItem","position":1,"name":"Inicio","item":"https:\/\/compuviper.mx\/tienda\/"},{"@type":"ListItem","position":2,"name":"Productos","item":"https:\/\/compuviper.mx\/tienda\/productos\/"},{"@type":"ListItem","position":3,"name":"Camaras","item":"https:\/\/compuviper.mx\/tienda\/categoria-producto\/camaras-2\/"},{"@type":"ListItem","position":4,"name":"Camara De Videovigilancia","item":"https:\/\/compuviper.mx\/tienda\/categoria-producto\/camaras-2\/camara-de-videovigilancia\/"},{"@type":"ListItem","position":5,"name":"Dahua Dh-sd22204dbn-gc Camara Ptz\/ \/ Sd22204db-gc\/ Mini Domo Antivandalica De 2 Mp\/ Analogica \/ 4x De Zoom Optico\/ Ip66\/ Ik10\/ Starlight\/ Hlc\/ 30fps\/ 3dnr"}]},{"@type":"WebSite","@id":"https:\/\/compuviper.mx\/tienda\/#website","url":"https:\/\/compuviper.mx\/tienda\/","name":"Compuviper","description":"Proveedor de Computadoras, Laptops, Servidores, Monitores, Puntos de Venta, Teclados,   Impresoras, T\u00f3ner, C\u00e1maras de Seguridad y m\u00e1s en tu tienda en l\u00ednea","publisher":{"@id":"https:\/\/compuviper.mx\/tienda\/#organization"},"potentialAction":[{"@type":"SearchAction","target":{"@type":"EntryPoint","urlTemplate":"https:\/\/compuviper.mx\/tienda\/?s={search_term_string}"},"query-input":"required name=search_term_string"}],"inLanguage":"es-MX"},{"@type":"Organization","@id":"https:\/\/compuviper.mx\/tienda\/#organization","name":"Compuviper","url":"https:\/\/compuviper.mx\/tienda\/","logo":{"@type":"ImageObject","inLanguage":"es-MX","@id":"https:\/\/compuviper.mx\/tienda\/#\/schema\/logo\/image\/","url":"https:\/\/compuviper.mx\/tienda\/wp-content\/uploads\/2021\/08\/Logo-Compuviper-10.png","contentUrl":"https:\/\/compuviper.mx\/tienda\/wp-content\/uploads\/2021\/08\/Logo-Compuviper-10.png","width":1000,"height":500,"caption":"Compuviper"},"image":{"@id":"https:\/\/compuviper.mx\/tienda\/#\/schema\/logo\/image\/"},"sameAs":["https:\/\/www.facebook.com\/compuviper","https:\/\/www.youtube.com\/channel\/UCf73dERp9Y3cfOq7q8BhLjA?view_as=subscriber"]}]},"product_brand":"DAHUA","product_price_amount":"1967","product_price_currency":"MXN","og_availability":"out of stock","product_availability":"out of stock","product_retailer_item_id":"DH-SD22204DBN-GC","product_condition":"new"},"_links":{"self":[{"href":"https:\/\/compuviper.mx\/tienda\/wp-json\/wp\/v2\/product\/243840"}],"collection":[{"href":"https:\/\/compuviper.mx\/tienda\/wp-json\/wp\/v2\/product"}],"about":[{"href":"https:\/\/compuviper.mx\/tienda\/wp-json\/wp\/v2\/types\/product"}],"replies":[{"embeddable":true,"href":"https:\/\/compuviper.mx\/tienda\/wp-json\/wp\/v2\/comments?post=243840"}],"wp:featuredmedia":[{"embeddable":true,"href":"https:\/\/compuviper.mx\/tienda\/wp-json\/wp\/v2\/media\/259322"}],"wp:attachment":[{"href":"https:\/\/compuviper.mx\/tienda\/wp-json\/wp\/v2\/media?parent=243840"}],"wp:term":[{"taxonomy":"product_cat","embeddable":true,"href":"https:\/\/compuviper.mx\/tienda\/wp-json\/wp\/v2\/product_cat?post=243840"},{"taxonomy":"product_tag","embeddable":true,"href":"https:\/\/compuviper.mx\/tienda\/wp-json\/wp\/v2\/product_tag?post=243840"}],"curies":[{"name":"wp","href":"https:\/\/api.w.org\/{rel}","templated":true}]}}