{"id":243836,"date":"2026-04-23T00:14:51","date_gmt":"2026-04-23T06:14:51","guid":{"rendered":"https:\/\/compuviper.mx\/tienda\/producto\/dahua-dh-ipc-b1e20-camara-ip-ipc-b1e20-bullet-de-2-mp-lente-2-8-mm-99-de-vision-ir-30-m-ip67-y-poe-dwdr-3d-nr-hlc-blc-y-compresion-h-265-para-videovigilancia-eficiente\/"},"modified":"2026-04-23T00:14:51","modified_gmt":"2026-04-23T06:14:51","slug":"dahua-dh-ipc-b1e20-camara-ip-ipc-b1e20-bullet-de-2-mp-lente-2-8-mm-99-de-vision-ir-30-m-ip67-y-poe-dwdr-3d-nr-hlc-blc-y-compresion-h-265-para-videovigilancia-eficiente","status":"publish","type":"product","link":"https:\/\/compuviper.mx\/tienda\/producto\/dahua-dh-ipc-b1e20-camara-ip-ipc-b1e20-bullet-de-2-mp-lente-2-8-mm-99-de-vision-ir-30-m-ip67-y-poe-dwdr-3d-nr-hlc-blc-y-compresion-h-265-para-videovigilancia-eficiente\/","title":{"rendered":"Dahua Dh-ipc-b1e20 Camara Ip\/ \/ Ipc-b1e20\/ Bullet De 2 Mp, Lente 2.8 Mm, 99 De Vision, Ir 30 M, Ip67 Y Poe \/ Dwdr, 3d Nr, Hlc, Blc Y Compresion H.265 Para Videovigilancia Eficiente"},"content":{"rendered":"<table class=\"descripcion\">\n<tr>\n<td>Especificaciones tecnicas<\/td>\n<\/tr>\n<tr>\n<td>\u0095 sensor de imagen: cmos de 1\/3,2<\/td>\n<\/tr>\n<tr>\n<td>\u0095 max. resolucion: 1920 (al) \u00d7 1080 (v)<\/td>\n<\/tr>\n<tr>\n<td>\u0095 sistema de escaneo: progresivo<\/td>\n<\/tr>\n<tr>\n<td>\u0095 min. iluminacion: 0,01 lux@f2.2 (color, 30 ire) 0,005 lux@f2.2 (b\/n, 30 ire) 0 lux (iluminador encendido)<\/td>\n<\/tr>\n<tr>\n<td>\u0095 distancia de iluminacion: hasta 30 m<\/td>\n<\/tr>\n<tr>\n<td>\u0095 fuente de alimentacion: 12 vcc\/poe<\/td>\n<\/tr>\n<tr>\n<td>\u0095 consumo de energia: basico: 1,2 w (12 vcc); 2,1 w (poe)<\/td>\n<\/tr>\n<tr>\n<td>\u0095 temperatura de funcionamiento: \u0096 40 \u00b0c a +50 \u00b0c<\/td>\n<\/tr>\n<tr>\n<td>\u0095 humedad de funcionamiento:  and #8804;95%<\/td>\n<\/tr>\n<tr>\n<td>\u0095 material: plastico<\/td>\n<\/tr>\n<tr>\n<td>\u0095 dimensiones: 198,9 mm \u00d7 80,2 mm \u00d7 76,2 mm<\/td>\n<\/tr>\n<tr>\n<td>\u0095 peso: 0,25 kg<\/td>\n<\/tr>\n<\/table>\n","protected":false},"excerpt":{"rendered":"<p>Informacion general. La dahua ipc-b1e20 es una camara ip bullet de 2mp con un lente de 2.8 mm y un angulo de vision de 99 grados. Ofrece iluminacion ir hasta 30 metros y tiene clasificacion ip67, ideal para exteriores. Su tecnologia poe facilita la instalacion. Incluye funciones avanzadas como dwdr, 3d nr, hlc y blc para mejorar la calidad de imagen en diversas condiciones. Utiliza compresion h.265+ para optimizar el almacenamiento. Es perfecta para la vigilancia de areas residenciales y comerciales, proporcionando imagenes claras y nitidas incluso en condiciones de poca luz.<\/p>\n","protected":false},"featured_media":259318,"comment_status":"open","ping_status":"open","template":"","meta":[],"product_cat":[1681,1608],"product_tag":[1555],"acf":[],"yoast_head":"<!-- This site is optimized with the Yoast SEO plugin v21.7 - https:\/\/yoast.com\/wordpress\/plugins\/seo\/ -->\n<title>[ Dahua ] &#129351; Dh-ipc-b1e20 Camara Ip\/ \/ Ipc-b1e20\/ Bullet De 2 Mp, Lente 2.8 Mm, 99 De Vision, Ir 30 M, Ip67 Y Poe \/ Dwdr, 3d Nr, Hlc, Blc Y Compresion H.265 Para Videovigilancia Eficiente<\/title>\n<meta name=\"description\" content=\"Compra Dh-ipc-b1e20 Camara Ip\/ \/ Ipc-b1e20\/ Bullet De 2 Mp, Lente 2.8 Mm, 99 De Vision, Ir 30 M, Ip67 Y Poe \/ Dwdr, 3d Nr, Hlc, Blc Y Compresion H.265 Para Videovigilancia Eficiente + Env\u00edo a domicilio + Pago seguro + Garant\u00eda\" \/>\n<meta name=\"robots\" content=\"index, follow, max-snippet:-1, max-image-preview:large, max-video-preview:-1\" \/>\n<link rel=\"canonical\" href=\"https:\/\/compuviper.mx\/tienda\/producto\/dahua-dh-ipc-b1e20-camara-ip-ipc-b1e20-bullet-de-2-mp-lente-2-8-mm-99-de-vision-ir-30-m-ip67-y-poe-dwdr-3d-nr-hlc-blc-y-compresion-h-265-para-videovigilancia-eficiente\/\" \/>\n<meta property=\"og:locale\" content=\"es_MX\" \/>\n<meta property=\"og:type\" content=\"article\" \/>\n<meta property=\"og:title\" content=\"[ Dahua ] &#129351; Dh-ipc-b1e20 Camara Ip\/ \/ Ipc-b1e20\/ Bullet De 2 Mp, Lente 2.8 Mm, 99 De Vision, Ir 30 M, Ip67 Y Poe \/ Dwdr, 3d Nr, Hlc, Blc Y Compresion H.265 Para Videovigilancia Eficiente\" \/>\n<meta property=\"og:description\" content=\"Compra Dh-ipc-b1e20 Camara Ip\/ \/ Ipc-b1e20\/ Bullet De 2 Mp, Lente 2.8 Mm, 99 De Vision, Ir 30 M, Ip67 Y Poe \/ Dwdr, 3d Nr, Hlc, Blc Y Compresion H.265 Para Videovigilancia Eficiente + Env\u00edo a domicilio + Pago seguro + Garant\u00eda\" \/>\n<meta property=\"og:url\" content=\"https:\/\/compuviper.mx\/tienda\/producto\/dahua-dh-ipc-b1e20-camara-ip-ipc-b1e20-bullet-de-2-mp-lente-2-8-mm-99-de-vision-ir-30-m-ip67-y-poe-dwdr-3d-nr-hlc-blc-y-compresion-h-265-para-videovigilancia-eficiente\/\" \/>\n<meta property=\"og:site_name\" content=\"Compuviper\" \/>\n<meta property=\"article:publisher\" content=\"https:\/\/www.facebook.com\/compuviper\" \/>\n<meta property=\"og:image\" content=\"https:\/\/compuviper.mx\/tienda\/wp-content\/uploads\/2025\/10\/Camara-ip-dahua-ipc-b1e20-bullet-de-2-mp-lente-2.8-mm-99-de-vision-ir-30-m-ip67-y-poe-dwdr-3d-nr-hlc-blc-y-compresion-h.265-para-videovigilancia-eficiente.jpg\" \/>\n\t<meta property=\"og:image:width\" content=\"200\" \/>\n\t<meta property=\"og:image:height\" content=\"200\" \/>\n\t<meta property=\"og:image:type\" content=\"image\/jpeg\" \/>\n<meta name=\"twitter:card\" content=\"summary_large_image\" \/>\n<meta name=\"twitter:label1\" content=\"Precio\" \/>\n\t<meta name=\"twitter:data1\" content=\"&#36;500 con IVA\" \/>\n\t<meta name=\"twitter:label2\" content=\"Availability\" \/>\n\t<meta name=\"twitter:data2\" content=\"In stock\" \/>\n<script type=\"application\/ld+json\" class=\"yoast-schema-graph\">{\"@context\":\"https:\/\/schema.org\",\"@graph\":[{\"@type\":\"WebPage\",\"@id\":\"https:\/\/compuviper.mx\/tienda\/producto\/dahua-dh-ipc-b1e20-camara-ip-ipc-b1e20-bullet-de-2-mp-lente-2-8-mm-99-de-vision-ir-30-m-ip67-y-poe-dwdr-3d-nr-hlc-blc-y-compresion-h-265-para-videovigilancia-eficiente\/\",\"url\":\"https:\/\/compuviper.mx\/tienda\/producto\/dahua-dh-ipc-b1e20-camara-ip-ipc-b1e20-bullet-de-2-mp-lente-2-8-mm-99-de-vision-ir-30-m-ip67-y-poe-dwdr-3d-nr-hlc-blc-y-compresion-h-265-para-videovigilancia-eficiente\/\",\"name\":\"[ Dahua ] &#129351; Dh-ipc-b1e20 Camara Ip\/ \/ Ipc-b1e20\/ Bullet De 2 Mp, Lente 2.8 Mm, 99 De Vision, Ir 30 M, Ip67 Y Poe \/ Dwdr, 3d Nr, Hlc, Blc Y Compresion H.265 Para Videovigilancia Eficiente\",\"isPartOf\":{\"@id\":\"https:\/\/compuviper.mx\/tienda\/#website\"},\"datePublished\":\"2026-04-23T06:14:51+00:00\",\"dateModified\":\"2026-04-23T06:14:51+00:00\",\"description\":\"Compra Dh-ipc-b1e20 Camara Ip\/ \/ Ipc-b1e20\/ Bullet De 2 Mp, Lente 2.8 Mm, 99 De Vision, Ir 30 M, Ip67 Y Poe \/ Dwdr, 3d Nr, Hlc, Blc Y Compresion H.265 Para Videovigilancia Eficiente + Env\u00edo a domicilio + Pago seguro + Garant\u00eda\",\"breadcrumb\":{\"@id\":\"https:\/\/compuviper.mx\/tienda\/producto\/dahua-dh-ipc-b1e20-camara-ip-ipc-b1e20-bullet-de-2-mp-lente-2-8-mm-99-de-vision-ir-30-m-ip67-y-poe-dwdr-3d-nr-hlc-blc-y-compresion-h-265-para-videovigilancia-eficiente\/#breadcrumb\"},\"inLanguage\":\"es-MX\",\"potentialAction\":[{\"@type\":\"ReadAction\",\"target\":[\"https:\/\/compuviper.mx\/tienda\/producto\/dahua-dh-ipc-b1e20-camara-ip-ipc-b1e20-bullet-de-2-mp-lente-2-8-mm-99-de-vision-ir-30-m-ip67-y-poe-dwdr-3d-nr-hlc-blc-y-compresion-h-265-para-videovigilancia-eficiente\/\"]}]},{\"@type\":\"BreadcrumbList\",\"@id\":\"https:\/\/compuviper.mx\/tienda\/producto\/dahua-dh-ipc-b1e20-camara-ip-ipc-b1e20-bullet-de-2-mp-lente-2-8-mm-99-de-vision-ir-30-m-ip67-y-poe-dwdr-3d-nr-hlc-blc-y-compresion-h-265-para-videovigilancia-eficiente\/#breadcrumb\",\"itemListElement\":[{\"@type\":\"ListItem\",\"position\":1,\"name\":\"Inicio\",\"item\":\"https:\/\/compuviper.mx\/tienda\/\"},{\"@type\":\"ListItem\",\"position\":2,\"name\":\"Productos\",\"item\":\"https:\/\/compuviper.mx\/tienda\/productos\/\"},{\"@type\":\"ListItem\",\"position\":3,\"name\":\"Camaras\",\"item\":\"https:\/\/compuviper.mx\/tienda\/categoria-producto\/camaras-2\/\"},{\"@type\":\"ListItem\",\"position\":4,\"name\":\"Camara De Videovigilancia\",\"item\":\"https:\/\/compuviper.mx\/tienda\/categoria-producto\/camaras-2\/camara-de-videovigilancia\/\"},{\"@type\":\"ListItem\",\"position\":5,\"name\":\"Dahua Dh-ipc-b1e20 Camara Ip\/ \/ Ipc-b1e20\/ Bullet De 2 Mp, Lente 2.8 Mm, 99 De Vision, Ir 30 M, Ip67 Y Poe \/ Dwdr, 3d Nr, Hlc, Blc Y Compresion H.265 Para Videovigilancia Eficiente\"}]},{\"@type\":\"WebSite\",\"@id\":\"https:\/\/compuviper.mx\/tienda\/#website\",\"url\":\"https:\/\/compuviper.mx\/tienda\/\",\"name\":\"Compuviper\",\"description\":\"Proveedor de Computadoras, Laptops, Servidores, Monitores, Puntos de Venta, Teclados,   Impresoras, T\u00f3ner, C\u00e1maras de Seguridad y m\u00e1s en tu tienda en l\u00ednea\",\"publisher\":{\"@id\":\"https:\/\/compuviper.mx\/tienda\/#organization\"},\"potentialAction\":[{\"@type\":\"SearchAction\",\"target\":{\"@type\":\"EntryPoint\",\"urlTemplate\":\"https:\/\/compuviper.mx\/tienda\/?s={search_term_string}\"},\"query-input\":\"required name=search_term_string\"}],\"inLanguage\":\"es-MX\"},{\"@type\":\"Organization\",\"@id\":\"https:\/\/compuviper.mx\/tienda\/#organization\",\"name\":\"Compuviper\",\"url\":\"https:\/\/compuviper.mx\/tienda\/\",\"logo\":{\"@type\":\"ImageObject\",\"inLanguage\":\"es-MX\",\"@id\":\"https:\/\/compuviper.mx\/tienda\/#\/schema\/logo\/image\/\",\"url\":\"https:\/\/compuviper.mx\/tienda\/wp-content\/uploads\/2021\/08\/Logo-Compuviper-10.png\",\"contentUrl\":\"https:\/\/compuviper.mx\/tienda\/wp-content\/uploads\/2021\/08\/Logo-Compuviper-10.png\",\"width\":1000,\"height\":500,\"caption\":\"Compuviper\"},\"image\":{\"@id\":\"https:\/\/compuviper.mx\/tienda\/#\/schema\/logo\/image\/\"},\"sameAs\":[\"https:\/\/www.facebook.com\/compuviper\",\"https:\/\/www.youtube.com\/channel\/UCf73dERp9Y3cfOq7q8BhLjA?view_as=subscriber\"]}]}<\/script>\n<meta property=\"product:brand\" content=\"DAHUA\" \/>\n<meta property=\"product:price:amount\" content=\"500\" \/>\n<meta property=\"product:price:currency\" content=\"MXN\" \/>\n<meta property=\"og:availability\" content=\"instock\" \/>\n<meta property=\"product:availability\" content=\"instock\" \/>\n<meta property=\"product:retailer_item_id\" content=\"DH-IPC-B1E20\" \/>\n<meta property=\"product:condition\" content=\"new\" \/>\n<!-- \/ Yoast SEO plugin. -->","yoast_head_json":{"title":"[ Dahua ] &#129351; Dh-ipc-b1e20 Camara Ip\/ \/ Ipc-b1e20\/ Bullet De 2 Mp, Lente 2.8 Mm, 99 De Vision, Ir 30 M, Ip67 Y Poe \/ Dwdr, 3d Nr, Hlc, Blc Y Compresion H.265 Para Videovigilancia Eficiente","description":"Compra Dh-ipc-b1e20 Camara Ip\/ \/ Ipc-b1e20\/ Bullet De 2 Mp, Lente 2.8 Mm, 99 De Vision, Ir 30 M, Ip67 Y Poe \/ Dwdr, 3d Nr, Hlc, Blc Y Compresion H.265 Para Videovigilancia Eficiente + Env\u00edo a domicilio + Pago seguro + Garant\u00eda","robots":{"index":"index","follow":"follow","max-snippet":"max-snippet:-1","max-image-preview":"max-image-preview:large","max-video-preview":"max-video-preview:-1"},"canonical":"https:\/\/compuviper.mx\/tienda\/producto\/dahua-dh-ipc-b1e20-camara-ip-ipc-b1e20-bullet-de-2-mp-lente-2-8-mm-99-de-vision-ir-30-m-ip67-y-poe-dwdr-3d-nr-hlc-blc-y-compresion-h-265-para-videovigilancia-eficiente\/","og_locale":"es_MX","og_type":"article","og_title":"[ Dahua ] &#129351; Dh-ipc-b1e20 Camara Ip\/ \/ Ipc-b1e20\/ Bullet De 2 Mp, Lente 2.8 Mm, 99 De Vision, Ir 30 M, Ip67 Y Poe \/ Dwdr, 3d Nr, Hlc, Blc Y Compresion H.265 Para Videovigilancia Eficiente","og_description":"Compra Dh-ipc-b1e20 Camara Ip\/ \/ Ipc-b1e20\/ Bullet De 2 Mp, Lente 2.8 Mm, 99 De Vision, Ir 30 M, Ip67 Y Poe \/ Dwdr, 3d Nr, Hlc, Blc Y Compresion H.265 Para Videovigilancia Eficiente + Env\u00edo a domicilio + Pago seguro + Garant\u00eda","og_url":"https:\/\/compuviper.mx\/tienda\/producto\/dahua-dh-ipc-b1e20-camara-ip-ipc-b1e20-bullet-de-2-mp-lente-2-8-mm-99-de-vision-ir-30-m-ip67-y-poe-dwdr-3d-nr-hlc-blc-y-compresion-h-265-para-videovigilancia-eficiente\/","og_site_name":"Compuviper","article_publisher":"https:\/\/www.facebook.com\/compuviper","og_image":[{"width":200,"height":200,"url":"https:\/\/compuviper.mx\/tienda\/wp-content\/uploads\/2025\/10\/Camara-ip-dahua-ipc-b1e20-bullet-de-2-mp-lente-2.8-mm-99-de-vision-ir-30-m-ip67-y-poe-dwdr-3d-nr-hlc-blc-y-compresion-h.265-para-videovigilancia-eficiente.jpg","type":"image\/jpeg"}],"twitter_card":"summary_large_image","twitter_misc":{"Precio":"&#36;500 con IVA","Availability":"In stock"},"schema":{"@context":"https:\/\/schema.org","@graph":[{"@type":"WebPage","@id":"https:\/\/compuviper.mx\/tienda\/producto\/dahua-dh-ipc-b1e20-camara-ip-ipc-b1e20-bullet-de-2-mp-lente-2-8-mm-99-de-vision-ir-30-m-ip67-y-poe-dwdr-3d-nr-hlc-blc-y-compresion-h-265-para-videovigilancia-eficiente\/","url":"https:\/\/compuviper.mx\/tienda\/producto\/dahua-dh-ipc-b1e20-camara-ip-ipc-b1e20-bullet-de-2-mp-lente-2-8-mm-99-de-vision-ir-30-m-ip67-y-poe-dwdr-3d-nr-hlc-blc-y-compresion-h-265-para-videovigilancia-eficiente\/","name":"[ Dahua ] &#129351; Dh-ipc-b1e20 Camara Ip\/ \/ Ipc-b1e20\/ Bullet De 2 Mp, Lente 2.8 Mm, 99 De Vision, Ir 30 M, Ip67 Y Poe \/ Dwdr, 3d Nr, Hlc, Blc Y Compresion H.265 Para Videovigilancia Eficiente","isPartOf":{"@id":"https:\/\/compuviper.mx\/tienda\/#website"},"datePublished":"2026-04-23T06:14:51+00:00","dateModified":"2026-04-23T06:14:51+00:00","description":"Compra Dh-ipc-b1e20 Camara Ip\/ \/ Ipc-b1e20\/ Bullet De 2 Mp, Lente 2.8 Mm, 99 De Vision, Ir 30 M, Ip67 Y Poe \/ Dwdr, 3d Nr, Hlc, Blc Y Compresion H.265 Para Videovigilancia Eficiente + Env\u00edo a domicilio + Pago seguro + Garant\u00eda","breadcrumb":{"@id":"https:\/\/compuviper.mx\/tienda\/producto\/dahua-dh-ipc-b1e20-camara-ip-ipc-b1e20-bullet-de-2-mp-lente-2-8-mm-99-de-vision-ir-30-m-ip67-y-poe-dwdr-3d-nr-hlc-blc-y-compresion-h-265-para-videovigilancia-eficiente\/#breadcrumb"},"inLanguage":"es-MX","potentialAction":[{"@type":"ReadAction","target":["https:\/\/compuviper.mx\/tienda\/producto\/dahua-dh-ipc-b1e20-camara-ip-ipc-b1e20-bullet-de-2-mp-lente-2-8-mm-99-de-vision-ir-30-m-ip67-y-poe-dwdr-3d-nr-hlc-blc-y-compresion-h-265-para-videovigilancia-eficiente\/"]}]},{"@type":"BreadcrumbList","@id":"https:\/\/compuviper.mx\/tienda\/producto\/dahua-dh-ipc-b1e20-camara-ip-ipc-b1e20-bullet-de-2-mp-lente-2-8-mm-99-de-vision-ir-30-m-ip67-y-poe-dwdr-3d-nr-hlc-blc-y-compresion-h-265-para-videovigilancia-eficiente\/#breadcrumb","itemListElement":[{"@type":"ListItem","position":1,"name":"Inicio","item":"https:\/\/compuviper.mx\/tienda\/"},{"@type":"ListItem","position":2,"name":"Productos","item":"https:\/\/compuviper.mx\/tienda\/productos\/"},{"@type":"ListItem","position":3,"name":"Camaras","item":"https:\/\/compuviper.mx\/tienda\/categoria-producto\/camaras-2\/"},{"@type":"ListItem","position":4,"name":"Camara De Videovigilancia","item":"https:\/\/compuviper.mx\/tienda\/categoria-producto\/camaras-2\/camara-de-videovigilancia\/"},{"@type":"ListItem","position":5,"name":"Dahua Dh-ipc-b1e20 Camara Ip\/ \/ Ipc-b1e20\/ Bullet De 2 Mp, Lente 2.8 Mm, 99 De Vision, Ir 30 M, Ip67 Y Poe \/ Dwdr, 3d Nr, Hlc, Blc Y Compresion H.265 Para Videovigilancia Eficiente"}]},{"@type":"WebSite","@id":"https:\/\/compuviper.mx\/tienda\/#website","url":"https:\/\/compuviper.mx\/tienda\/","name":"Compuviper","description":"Proveedor de Computadoras, Laptops, Servidores, Monitores, Puntos de Venta, Teclados,   Impresoras, T\u00f3ner, C\u00e1maras de Seguridad y m\u00e1s en tu tienda en l\u00ednea","publisher":{"@id":"https:\/\/compuviper.mx\/tienda\/#organization"},"potentialAction":[{"@type":"SearchAction","target":{"@type":"EntryPoint","urlTemplate":"https:\/\/compuviper.mx\/tienda\/?s={search_term_string}"},"query-input":"required name=search_term_string"}],"inLanguage":"es-MX"},{"@type":"Organization","@id":"https:\/\/compuviper.mx\/tienda\/#organization","name":"Compuviper","url":"https:\/\/compuviper.mx\/tienda\/","logo":{"@type":"ImageObject","inLanguage":"es-MX","@id":"https:\/\/compuviper.mx\/tienda\/#\/schema\/logo\/image\/","url":"https:\/\/compuviper.mx\/tienda\/wp-content\/uploads\/2021\/08\/Logo-Compuviper-10.png","contentUrl":"https:\/\/compuviper.mx\/tienda\/wp-content\/uploads\/2021\/08\/Logo-Compuviper-10.png","width":1000,"height":500,"caption":"Compuviper"},"image":{"@id":"https:\/\/compuviper.mx\/tienda\/#\/schema\/logo\/image\/"},"sameAs":["https:\/\/www.facebook.com\/compuviper","https:\/\/www.youtube.com\/channel\/UCf73dERp9Y3cfOq7q8BhLjA?view_as=subscriber"]}]},"product_brand":"DAHUA","product_price_amount":"500","product_price_currency":"MXN","og_availability":"instock","product_availability":"instock","product_retailer_item_id":"DH-IPC-B1E20","product_condition":"new"},"_links":{"self":[{"href":"https:\/\/compuviper.mx\/tienda\/wp-json\/wp\/v2\/product\/243836"}],"collection":[{"href":"https:\/\/compuviper.mx\/tienda\/wp-json\/wp\/v2\/product"}],"about":[{"href":"https:\/\/compuviper.mx\/tienda\/wp-json\/wp\/v2\/types\/product"}],"replies":[{"embeddable":true,"href":"https:\/\/compuviper.mx\/tienda\/wp-json\/wp\/v2\/comments?post=243836"}],"wp:featuredmedia":[{"embeddable":true,"href":"https:\/\/compuviper.mx\/tienda\/wp-json\/wp\/v2\/media\/259318"}],"wp:attachment":[{"href":"https:\/\/compuviper.mx\/tienda\/wp-json\/wp\/v2\/media?parent=243836"}],"wp:term":[{"taxonomy":"product_cat","embeddable":true,"href":"https:\/\/compuviper.mx\/tienda\/wp-json\/wp\/v2\/product_cat?post=243836"},{"taxonomy":"product_tag","embeddable":true,"href":"https:\/\/compuviper.mx\/tienda\/wp-json\/wp\/v2\/product_tag?post=243836"}],"curies":[{"name":"wp","href":"https:\/\/api.w.org\/{rel}","templated":true}]}}