{"id":243832,"date":"2026-04-16T00:18:08","date_gmt":"2026-04-16T06:18:08","guid":{"rendered":"https:\/\/compuviper.mx\/tienda\/producto\/dahua-dh-hac-hfw1509mhn-a-led-0360b-s2-camara-hdcvi-hac-hfw1509mhn-a-led-0360b-s2-bullet-full-color-de-5-mp-con-lente-de-3-6-mm-y-microfono-integrado-con-vision-nocturna-hasta-50-mtswdr-real-de-1\/"},"modified":"2026-04-16T00:18:08","modified_gmt":"2026-04-16T06:18:08","slug":"dahua-dh-hac-hfw1509mhn-a-led-0360b-s2-camara-hdcvi-hac-hfw1509mhn-a-led-0360b-s2-bullet-full-color-de-5-mp-con-lente-de-3-6-mm-y-microfono-integrado-con-vision-nocturna-hasta-50-mtswdr-real-de-1","status":"publish","type":"product","link":"https:\/\/compuviper.mx\/tienda\/producto\/dahua-dh-hac-hfw1509mhn-a-led-0360b-s2-camara-hdcvi-hac-hfw1509mhn-a-led-0360b-s2-bullet-full-color-de-5-mp-con-lente-de-3-6-mm-y-microfono-integrado-con-vision-nocturna-hasta-50-mtswdr-real-de-1\/","title":{"rendered":"Dahua Dh-hac-hfw1509mhn-a-led-0360b-s2 Camara Hdcvi\/ \/ Hac-hfw1509mhn-a-led-0360b-s2\/ Bullet Full Color De 5 Mp Con Lente De 3.6 Mm Y Microfono Integrado Con Vision Nocturna Hasta 50 Mts,wdr Real De 120 Db Y Color 24\/7 Ip67 Hdvci9.0"},"content":{"rendered":"<table class=\"descripcion\">\n<tr>\n<td>Especificaciones<\/td>\n<\/tr>\n<tr>\n<td>\u0095 sensor de imagen cmos de 5 mp<\/td>\n<\/tr>\n<tr>\n<td>\u0095 max. resolucion 2880 (h) \u00d7 1620 (v)<\/td>\n<\/tr>\n<tr>\n<td>\u0095 distancia de iluminacion 50 m<\/td>\n<\/tr>\n<tr>\n<td>\u0095 blc \/ hlc \/ wdr \/ hlc-pro<\/td>\n<\/tr>\n<tr>\n<td>\u0095 wdr 120 db<\/td>\n<\/tr>\n<tr>\n<td>\u0095 reduccion de ruido 3d nr<\/td>\n<\/tr>\n<tr>\n<td>\u0095 fuente de alimentacion 12 v \u00b1 30% cc<\/td>\n<\/tr>\n<tr>\n<td>\u0095 grado de proteccion ip67<\/td>\n<\/tr>\n<tr>\n<td>\u0095 cubierta frontal de metal + cuerpo principal de plastico + soporte de plastico<\/td>\n<\/tr>\n<tr>\n<td>Principales caracteristicas<\/td>\n<\/tr>\n<tr>\n<td>\u00b7 maximo 25 fps a 5mp (salida de video 16: 9)<\/td>\n<\/tr>\n<tr>\n<td>\u00b7 wdr verdadero de 120 db,<\/td>\n<\/tr>\n<tr>\n<td>\u00b7 3d nr<\/td>\n<\/tr>\n<tr>\n<td>\u00b7 full color<\/td>\n<\/tr>\n<tr>\n<td>\u00b7 tecnologia starlight<\/td>\n<\/tr>\n<tr>\n<td>\u00b7 imagenes en color 24 horas al dia, 7 dias a la semana<\/td>\n<\/tr>\n<tr>\n<td>\u00b7 distancia de iluminacion de 50 m<\/td>\n<\/tr>\n<tr>\n<td>\u00b7 cvi \/ cvbs \/ ahd \/ tvi conmutable<\/td>\n<\/tr>\n<tr>\n<td>\u00b7 microfono incorporado<\/td>\n<\/tr>\n<tr>\n<td>\u00b7 lente fija de 3,6 mm<\/td>\n<\/tr>\n<tr>\n<td>\u00b7 ip67<\/td>\n<\/tr>\n<\/table>\n","protected":false},"excerpt":{"rendered":"<p>Informacion general. El modelo hac-hfw1509mh-a-led ofrece un alto rendimiento, lo que lo convierte en una opcion ideal para aplicaciones residenciales y de peque\u00f1as y medianas empresas. Esta serie ofrece una opcion de una amplia gama de tecnologias como full-color y starlight, proporcionando varias soluciones para diferentes escenarios. Full color. La camara full color adopta una lente de gran apertura y un sensor de alto rendimiento. Con una mayor cantidad de luz absorbida y un algoritmo avanzado de procesamiento de imagenes, la camara proporciona monitoreo de color 24\/7 que recopila informacion clara y vivida, lo que aumenta significativamente la probabilidad de recopilar evidencia valida de humanos, vehiculos y eventos que se puede usar para un analisis inteligente adicional. Luces suplementarias. Con calidas luces led suplementarias, la camara puede proporcionar una imagen colorida y vivida incluso en la oscuridad total. De forma predeterminada, la camara esta configurada en modo de luz inteligente, en el que la camara puede ajustar automaticamente el tiempo de exposicion y la sensibilidad a la luz simultaneamente para evitar la sobre exposicion de los objetos en el centro de la imagen. 3d dnr. 3d nr es una tecnologia de reduccion de ruido que detecta y elimina ruidos aleatorios al comparar dos fotogramas secuenciales. La avanzada tecnologia 3d nr de dahua permite una notable reduccion del ruido con poco impacto en la nitidez, especialmente en condiciones de iluminacion limitadas. Ademas, el 3d nr avanzado reduce efectivamente el ancho de banda y ahorra espacio de almacenamiento. Super adapt. Integrada con un algoritmo inteligente, para cambiar el entorno externo, la camara puede ajustar automaticamente los parametros para presentar la imagen optima y resuelve el problema de la configuracion. Dise\u00f1o resistente. Ip67: la camara pasa una serie de estrictas pruebas de polvo y agua. Tiene funcion a prueba de polvo, y el gabinete puede funcionar normalmente despues de remojarlo en agua de 1 m de profundidad durante 30 minutos. Voltaje amplio: la camara permite una tolerancia de voltaje de entrada de \u00b1 30% (para algunas fuentes de alimentacion) rango de voltaje amplio, y se aplica ampliamente a entornos exteriores con voltaje inestable.<\/p>\n","protected":false},"featured_media":259316,"comment_status":"open","ping_status":"open","template":"","meta":[],"product_cat":[1608,1681],"product_tag":[1555],"acf":[],"yoast_head":"<!-- This site is optimized with the Yoast SEO plugin v21.7 - https:\/\/yoast.com\/wordpress\/plugins\/seo\/ -->\n<title>[ Dahua ] &#129351; Dh-hac-hfw1509mhn-a-led-0360b-s2 Camara Hdcvi\/ \/ Hac-hfw1509mhn-a-led-0360b-s2\/ Bullet Full Color De 5 Mp Con Lente De 3.6 Mm Y Microfono Integrado Con Vision Nocturna Hasta 50 Mts,wdr Real De 120 Db Y Color 24\/7 Ip67 Hdvci9.0<\/title>\n<meta name=\"description\" content=\"Compra Dh-hac-hfw1509mhn-a-led-0360b-s2 Camara Hdcvi\/ \/ Hac-hfw1509mhn-a-led-0360b-s2\/ Bullet Full Color De 5 Mp Con Lente De 3.6 Mm Y Microfono Integrado Con Vision Nocturna Hasta 50 Mts,wdr Real De 120 Db Y Color 24\/7 Ip67 Hdvci9.0 + Env\u00edo a domicilio + Pago seguro + Garant\u00eda\" \/>\n<meta name=\"robots\" content=\"index, follow, max-snippet:-1, max-image-preview:large, max-video-preview:-1\" \/>\n<link rel=\"canonical\" href=\"https:\/\/compuviper.mx\/tienda\/producto\/dahua-dh-hac-hfw1509mhn-a-led-0360b-s2-camara-hdcvi-hac-hfw1509mhn-a-led-0360b-s2-bullet-full-color-de-5-mp-con-lente-de-3-6-mm-y-microfono-integrado-con-vision-nocturna-hasta-50-mtswdr-real-de-1\/\" \/>\n<meta property=\"og:locale\" content=\"es_MX\" \/>\n<meta property=\"og:type\" content=\"article\" \/>\n<meta property=\"og:title\" content=\"[ Dahua ] &#129351; Dh-hac-hfw1509mhn-a-led-0360b-s2 Camara Hdcvi\/ \/ Hac-hfw1509mhn-a-led-0360b-s2\/ Bullet Full Color De 5 Mp Con Lente De 3.6 Mm Y Microfono Integrado Con Vision Nocturna Hasta 50 Mts,wdr Real De 120 Db Y Color 24\/7 Ip67 Hdvci9.0\" \/>\n<meta property=\"og:description\" content=\"Compra Dh-hac-hfw1509mhn-a-led-0360b-s2 Camara Hdcvi\/ \/ Hac-hfw1509mhn-a-led-0360b-s2\/ Bullet Full Color De 5 Mp Con Lente De 3.6 Mm Y Microfono Integrado Con Vision Nocturna Hasta 50 Mts,wdr Real De 120 Db Y Color 24\/7 Ip67 Hdvci9.0 + Env\u00edo a domicilio + Pago seguro + Garant\u00eda\" \/>\n<meta property=\"og:url\" content=\"https:\/\/compuviper.mx\/tienda\/producto\/dahua-dh-hac-hfw1509mhn-a-led-0360b-s2-camara-hdcvi-hac-hfw1509mhn-a-led-0360b-s2-bullet-full-color-de-5-mp-con-lente-de-3-6-mm-y-microfono-integrado-con-vision-nocturna-hasta-50-mtswdr-real-de-1\/\" \/>\n<meta property=\"og:site_name\" content=\"Compuviper\" \/>\n<meta property=\"article:publisher\" content=\"https:\/\/www.facebook.com\/compuviper\" \/>\n<meta property=\"og:image\" content=\"https:\/\/compuviper.mx\/tienda\/wp-content\/uploads\/2025\/10\/Camara-hdcvi-dahua-hac-hfw1509mhn-a-led-0360b-s2-bullet-full-color-de-5-mp-con-lente-de-3.6-mm-y-microfono-integrado-con-vision-nocturna-hasta-50-mtswdr-real-de-120-db-y-color-247-ip67-hdvci9.0.jpg\" \/>\n\t<meta property=\"og:image:width\" content=\"200\" \/>\n\t<meta property=\"og:image:height\" content=\"200\" \/>\n\t<meta property=\"og:image:type\" content=\"image\/jpeg\" \/>\n<meta name=\"twitter:card\" content=\"summary_large_image\" \/>\n<meta name=\"twitter:label1\" content=\"Precio\" \/>\n\t<meta name=\"twitter:data1\" content=\"&#36;910 &#36;900 con IVA\" \/>\n\t<meta name=\"twitter:label2\" content=\"Availability\" \/>\n\t<meta name=\"twitter:data2\" content=\"On backorder\" \/>\n<script type=\"application\/ld+json\" class=\"yoast-schema-graph\">{\"@context\":\"https:\/\/schema.org\",\"@graph\":[{\"@type\":\"WebPage\",\"@id\":\"https:\/\/compuviper.mx\/tienda\/producto\/dahua-dh-hac-hfw1509mhn-a-led-0360b-s2-camara-hdcvi-hac-hfw1509mhn-a-led-0360b-s2-bullet-full-color-de-5-mp-con-lente-de-3-6-mm-y-microfono-integrado-con-vision-nocturna-hasta-50-mtswdr-real-de-1\/\",\"url\":\"https:\/\/compuviper.mx\/tienda\/producto\/dahua-dh-hac-hfw1509mhn-a-led-0360b-s2-camara-hdcvi-hac-hfw1509mhn-a-led-0360b-s2-bullet-full-color-de-5-mp-con-lente-de-3-6-mm-y-microfono-integrado-con-vision-nocturna-hasta-50-mtswdr-real-de-1\/\",\"name\":\"[ Dahua ] &#129351; Dh-hac-hfw1509mhn-a-led-0360b-s2 Camara Hdcvi\/ \/ Hac-hfw1509mhn-a-led-0360b-s2\/ Bullet Full Color De 5 Mp Con Lente De 3.6 Mm Y Microfono Integrado Con Vision Nocturna Hasta 50 Mts,wdr Real De 120 Db Y Color 24\/7 Ip67 Hdvci9.0\",\"isPartOf\":{\"@id\":\"https:\/\/compuviper.mx\/tienda\/#website\"},\"datePublished\":\"2026-04-16T06:18:08+00:00\",\"dateModified\":\"2026-04-16T06:18:08+00:00\",\"description\":\"Compra Dh-hac-hfw1509mhn-a-led-0360b-s2 Camara Hdcvi\/ \/ Hac-hfw1509mhn-a-led-0360b-s2\/ Bullet Full Color De 5 Mp Con Lente De 3.6 Mm Y Microfono Integrado Con Vision Nocturna Hasta 50 Mts,wdr Real De 120 Db Y Color 24\/7 Ip67 Hdvci9.0 + Env\u00edo a domicilio + Pago seguro + Garant\u00eda\",\"breadcrumb\":{\"@id\":\"https:\/\/compuviper.mx\/tienda\/producto\/dahua-dh-hac-hfw1509mhn-a-led-0360b-s2-camara-hdcvi-hac-hfw1509mhn-a-led-0360b-s2-bullet-full-color-de-5-mp-con-lente-de-3-6-mm-y-microfono-integrado-con-vision-nocturna-hasta-50-mtswdr-real-de-1\/#breadcrumb\"},\"inLanguage\":\"es-MX\",\"potentialAction\":[{\"@type\":\"ReadAction\",\"target\":[\"https:\/\/compuviper.mx\/tienda\/producto\/dahua-dh-hac-hfw1509mhn-a-led-0360b-s2-camara-hdcvi-hac-hfw1509mhn-a-led-0360b-s2-bullet-full-color-de-5-mp-con-lente-de-3-6-mm-y-microfono-integrado-con-vision-nocturna-hasta-50-mtswdr-real-de-1\/\"]}]},{\"@type\":\"BreadcrumbList\",\"@id\":\"https:\/\/compuviper.mx\/tienda\/producto\/dahua-dh-hac-hfw1509mhn-a-led-0360b-s2-camara-hdcvi-hac-hfw1509mhn-a-led-0360b-s2-bullet-full-color-de-5-mp-con-lente-de-3-6-mm-y-microfono-integrado-con-vision-nocturna-hasta-50-mtswdr-real-de-1\/#breadcrumb\",\"itemListElement\":[{\"@type\":\"ListItem\",\"position\":1,\"name\":\"Inicio\",\"item\":\"https:\/\/compuviper.mx\/tienda\/\"},{\"@type\":\"ListItem\",\"position\":2,\"name\":\"Productos\",\"item\":\"https:\/\/compuviper.mx\/tienda\/productos\/\"},{\"@type\":\"ListItem\",\"position\":3,\"name\":\"Camaras\",\"item\":\"https:\/\/compuviper.mx\/tienda\/categoria-producto\/camaras-2\/\"},{\"@type\":\"ListItem\",\"position\":4,\"name\":\"Camara De Videovigilancia\",\"item\":\"https:\/\/compuviper.mx\/tienda\/categoria-producto\/camaras-2\/camara-de-videovigilancia\/\"},{\"@type\":\"ListItem\",\"position\":5,\"name\":\"Dahua Dh-hac-hfw1509mhn-a-led-0360b-s2 Camara Hdcvi\/ \/ Hac-hfw1509mhn-a-led-0360b-s2\/ Bullet Full Color De 5 Mp Con Lente De 3.6 Mm Y Microfono Integrado Con Vision Nocturna Hasta 50 Mts,wdr Real De 120 Db Y Color 24\/7 Ip67 Hdvci9.0\"}]},{\"@type\":\"WebSite\",\"@id\":\"https:\/\/compuviper.mx\/tienda\/#website\",\"url\":\"https:\/\/compuviper.mx\/tienda\/\",\"name\":\"Compuviper\",\"description\":\"Proveedor de Computadoras, Laptops, Servidores, Monitores, Puntos de Venta, Teclados,   Impresoras, T\u00f3ner, C\u00e1maras de Seguridad y m\u00e1s en tu tienda en l\u00ednea\",\"publisher\":{\"@id\":\"https:\/\/compuviper.mx\/tienda\/#organization\"},\"potentialAction\":[{\"@type\":\"SearchAction\",\"target\":{\"@type\":\"EntryPoint\",\"urlTemplate\":\"https:\/\/compuviper.mx\/tienda\/?s={search_term_string}\"},\"query-input\":\"required name=search_term_string\"}],\"inLanguage\":\"es-MX\"},{\"@type\":\"Organization\",\"@id\":\"https:\/\/compuviper.mx\/tienda\/#organization\",\"name\":\"Compuviper\",\"url\":\"https:\/\/compuviper.mx\/tienda\/\",\"logo\":{\"@type\":\"ImageObject\",\"inLanguage\":\"es-MX\",\"@id\":\"https:\/\/compuviper.mx\/tienda\/#\/schema\/logo\/image\/\",\"url\":\"https:\/\/compuviper.mx\/tienda\/wp-content\/uploads\/2021\/08\/Logo-Compuviper-10.png\",\"contentUrl\":\"https:\/\/compuviper.mx\/tienda\/wp-content\/uploads\/2021\/08\/Logo-Compuviper-10.png\",\"width\":1000,\"height\":500,\"caption\":\"Compuviper\"},\"image\":{\"@id\":\"https:\/\/compuviper.mx\/tienda\/#\/schema\/logo\/image\/\"},\"sameAs\":[\"https:\/\/www.facebook.com\/compuviper\",\"https:\/\/www.youtube.com\/channel\/UCf73dERp9Y3cfOq7q8BhLjA?view_as=subscriber\"]}]}<\/script>\n<meta property=\"product:brand\" content=\"DAHUA\" \/>\n<meta property=\"product:price:amount\" content=\"900\" \/>\n<meta property=\"product:price:currency\" content=\"MXN\" \/>\n<meta property=\"og:availability\" content=\"backorder\" \/>\n<meta property=\"product:availability\" content=\"available for order\" \/>\n<meta property=\"product:retailer_item_id\" content=\"DH-HAC-HFW1509MHN-A-LED-0360B-S2\" \/>\n<meta property=\"product:condition\" content=\"new\" \/>\n<!-- \/ Yoast SEO plugin. -->","yoast_head_json":{"title":"[ Dahua ] &#129351; Dh-hac-hfw1509mhn-a-led-0360b-s2 Camara Hdcvi\/ \/ Hac-hfw1509mhn-a-led-0360b-s2\/ Bullet Full Color De 5 Mp Con Lente De 3.6 Mm Y Microfono Integrado Con Vision Nocturna Hasta 50 Mts,wdr Real De 120 Db Y Color 24\/7 Ip67 Hdvci9.0","description":"Compra Dh-hac-hfw1509mhn-a-led-0360b-s2 Camara Hdcvi\/ \/ Hac-hfw1509mhn-a-led-0360b-s2\/ Bullet Full Color De 5 Mp Con Lente De 3.6 Mm Y Microfono Integrado Con Vision Nocturna Hasta 50 Mts,wdr Real De 120 Db Y Color 24\/7 Ip67 Hdvci9.0 + Env\u00edo a domicilio + Pago seguro + Garant\u00eda","robots":{"index":"index","follow":"follow","max-snippet":"max-snippet:-1","max-image-preview":"max-image-preview:large","max-video-preview":"max-video-preview:-1"},"canonical":"https:\/\/compuviper.mx\/tienda\/producto\/dahua-dh-hac-hfw1509mhn-a-led-0360b-s2-camara-hdcvi-hac-hfw1509mhn-a-led-0360b-s2-bullet-full-color-de-5-mp-con-lente-de-3-6-mm-y-microfono-integrado-con-vision-nocturna-hasta-50-mtswdr-real-de-1\/","og_locale":"es_MX","og_type":"article","og_title":"[ Dahua ] &#129351; Dh-hac-hfw1509mhn-a-led-0360b-s2 Camara Hdcvi\/ \/ Hac-hfw1509mhn-a-led-0360b-s2\/ Bullet Full Color De 5 Mp Con Lente De 3.6 Mm Y Microfono Integrado Con Vision Nocturna Hasta 50 Mts,wdr Real De 120 Db Y Color 24\/7 Ip67 Hdvci9.0","og_description":"Compra Dh-hac-hfw1509mhn-a-led-0360b-s2 Camara Hdcvi\/ \/ Hac-hfw1509mhn-a-led-0360b-s2\/ Bullet Full Color De 5 Mp Con Lente De 3.6 Mm Y Microfono Integrado Con Vision Nocturna Hasta 50 Mts,wdr Real De 120 Db Y Color 24\/7 Ip67 Hdvci9.0 + Env\u00edo a domicilio + Pago seguro + Garant\u00eda","og_url":"https:\/\/compuviper.mx\/tienda\/producto\/dahua-dh-hac-hfw1509mhn-a-led-0360b-s2-camara-hdcvi-hac-hfw1509mhn-a-led-0360b-s2-bullet-full-color-de-5-mp-con-lente-de-3-6-mm-y-microfono-integrado-con-vision-nocturna-hasta-50-mtswdr-real-de-1\/","og_site_name":"Compuviper","article_publisher":"https:\/\/www.facebook.com\/compuviper","og_image":[{"width":200,"height":200,"url":"https:\/\/compuviper.mx\/tienda\/wp-content\/uploads\/2025\/10\/Camara-hdcvi-dahua-hac-hfw1509mhn-a-led-0360b-s2-bullet-full-color-de-5-mp-con-lente-de-3.6-mm-y-microfono-integrado-con-vision-nocturna-hasta-50-mtswdr-real-de-120-db-y-color-247-ip67-hdvci9.0.jpg","type":"image\/jpeg"}],"twitter_card":"summary_large_image","twitter_misc":{"Precio":"&#36;910 &#36;900 con IVA","Availability":"On backorder"},"schema":{"@context":"https:\/\/schema.org","@graph":[{"@type":"WebPage","@id":"https:\/\/compuviper.mx\/tienda\/producto\/dahua-dh-hac-hfw1509mhn-a-led-0360b-s2-camara-hdcvi-hac-hfw1509mhn-a-led-0360b-s2-bullet-full-color-de-5-mp-con-lente-de-3-6-mm-y-microfono-integrado-con-vision-nocturna-hasta-50-mtswdr-real-de-1\/","url":"https:\/\/compuviper.mx\/tienda\/producto\/dahua-dh-hac-hfw1509mhn-a-led-0360b-s2-camara-hdcvi-hac-hfw1509mhn-a-led-0360b-s2-bullet-full-color-de-5-mp-con-lente-de-3-6-mm-y-microfono-integrado-con-vision-nocturna-hasta-50-mtswdr-real-de-1\/","name":"[ Dahua ] &#129351; Dh-hac-hfw1509mhn-a-led-0360b-s2 Camara Hdcvi\/ \/ Hac-hfw1509mhn-a-led-0360b-s2\/ Bullet Full Color De 5 Mp Con Lente De 3.6 Mm Y Microfono Integrado Con Vision Nocturna Hasta 50 Mts,wdr Real De 120 Db Y Color 24\/7 Ip67 Hdvci9.0","isPartOf":{"@id":"https:\/\/compuviper.mx\/tienda\/#website"},"datePublished":"2026-04-16T06:18:08+00:00","dateModified":"2026-04-16T06:18:08+00:00","description":"Compra Dh-hac-hfw1509mhn-a-led-0360b-s2 Camara Hdcvi\/ \/ Hac-hfw1509mhn-a-led-0360b-s2\/ Bullet Full Color De 5 Mp Con Lente De 3.6 Mm Y Microfono Integrado Con Vision Nocturna Hasta 50 Mts,wdr Real De 120 Db Y Color 24\/7 Ip67 Hdvci9.0 + Env\u00edo a domicilio + Pago seguro + Garant\u00eda","breadcrumb":{"@id":"https:\/\/compuviper.mx\/tienda\/producto\/dahua-dh-hac-hfw1509mhn-a-led-0360b-s2-camara-hdcvi-hac-hfw1509mhn-a-led-0360b-s2-bullet-full-color-de-5-mp-con-lente-de-3-6-mm-y-microfono-integrado-con-vision-nocturna-hasta-50-mtswdr-real-de-1\/#breadcrumb"},"inLanguage":"es-MX","potentialAction":[{"@type":"ReadAction","target":["https:\/\/compuviper.mx\/tienda\/producto\/dahua-dh-hac-hfw1509mhn-a-led-0360b-s2-camara-hdcvi-hac-hfw1509mhn-a-led-0360b-s2-bullet-full-color-de-5-mp-con-lente-de-3-6-mm-y-microfono-integrado-con-vision-nocturna-hasta-50-mtswdr-real-de-1\/"]}]},{"@type":"BreadcrumbList","@id":"https:\/\/compuviper.mx\/tienda\/producto\/dahua-dh-hac-hfw1509mhn-a-led-0360b-s2-camara-hdcvi-hac-hfw1509mhn-a-led-0360b-s2-bullet-full-color-de-5-mp-con-lente-de-3-6-mm-y-microfono-integrado-con-vision-nocturna-hasta-50-mtswdr-real-de-1\/#breadcrumb","itemListElement":[{"@type":"ListItem","position":1,"name":"Inicio","item":"https:\/\/compuviper.mx\/tienda\/"},{"@type":"ListItem","position":2,"name":"Productos","item":"https:\/\/compuviper.mx\/tienda\/productos\/"},{"@type":"ListItem","position":3,"name":"Camaras","item":"https:\/\/compuviper.mx\/tienda\/categoria-producto\/camaras-2\/"},{"@type":"ListItem","position":4,"name":"Camara De Videovigilancia","item":"https:\/\/compuviper.mx\/tienda\/categoria-producto\/camaras-2\/camara-de-videovigilancia\/"},{"@type":"ListItem","position":5,"name":"Dahua Dh-hac-hfw1509mhn-a-led-0360b-s2 Camara Hdcvi\/ \/ Hac-hfw1509mhn-a-led-0360b-s2\/ Bullet Full Color De 5 Mp Con Lente De 3.6 Mm Y Microfono Integrado Con Vision Nocturna Hasta 50 Mts,wdr Real De 120 Db Y Color 24\/7 Ip67 Hdvci9.0"}]},{"@type":"WebSite","@id":"https:\/\/compuviper.mx\/tienda\/#website","url":"https:\/\/compuviper.mx\/tienda\/","name":"Compuviper","description":"Proveedor de Computadoras, Laptops, Servidores, Monitores, Puntos de Venta, Teclados,   Impresoras, T\u00f3ner, C\u00e1maras de Seguridad y m\u00e1s en tu tienda en l\u00ednea","publisher":{"@id":"https:\/\/compuviper.mx\/tienda\/#organization"},"potentialAction":[{"@type":"SearchAction","target":{"@type":"EntryPoint","urlTemplate":"https:\/\/compuviper.mx\/tienda\/?s={search_term_string}"},"query-input":"required name=search_term_string"}],"inLanguage":"es-MX"},{"@type":"Organization","@id":"https:\/\/compuviper.mx\/tienda\/#organization","name":"Compuviper","url":"https:\/\/compuviper.mx\/tienda\/","logo":{"@type":"ImageObject","inLanguage":"es-MX","@id":"https:\/\/compuviper.mx\/tienda\/#\/schema\/logo\/image\/","url":"https:\/\/compuviper.mx\/tienda\/wp-content\/uploads\/2021\/08\/Logo-Compuviper-10.png","contentUrl":"https:\/\/compuviper.mx\/tienda\/wp-content\/uploads\/2021\/08\/Logo-Compuviper-10.png","width":1000,"height":500,"caption":"Compuviper"},"image":{"@id":"https:\/\/compuviper.mx\/tienda\/#\/schema\/logo\/image\/"},"sameAs":["https:\/\/www.facebook.com\/compuviper","https:\/\/www.youtube.com\/channel\/UCf73dERp9Y3cfOq7q8BhLjA?view_as=subscriber"]}]},"product_brand":"DAHUA","product_price_amount":"900","product_price_currency":"MXN","og_availability":"backorder","product_availability":"available for order","product_retailer_item_id":"DH-HAC-HFW1509MHN-A-LED-0360B-S2","product_condition":"new"},"_links":{"self":[{"href":"https:\/\/compuviper.mx\/tienda\/wp-json\/wp\/v2\/product\/243832"}],"collection":[{"href":"https:\/\/compuviper.mx\/tienda\/wp-json\/wp\/v2\/product"}],"about":[{"href":"https:\/\/compuviper.mx\/tienda\/wp-json\/wp\/v2\/types\/product"}],"replies":[{"embeddable":true,"href":"https:\/\/compuviper.mx\/tienda\/wp-json\/wp\/v2\/comments?post=243832"}],"wp:featuredmedia":[{"embeddable":true,"href":"https:\/\/compuviper.mx\/tienda\/wp-json\/wp\/v2\/media\/259316"}],"wp:attachment":[{"href":"https:\/\/compuviper.mx\/tienda\/wp-json\/wp\/v2\/media?parent=243832"}],"wp:term":[{"taxonomy":"product_cat","embeddable":true,"href":"https:\/\/compuviper.mx\/tienda\/wp-json\/wp\/v2\/product_cat?post=243832"},{"taxonomy":"product_tag","embeddable":true,"href":"https:\/\/compuviper.mx\/tienda\/wp-json\/wp\/v2\/product_tag?post=243832"}],"curies":[{"name":"wp","href":"https:\/\/api.w.org\/{rel}","templated":true}]}}