{"id":243831,"date":"2026-04-17T23:39:32","date_gmt":"2026-04-18T05:39:32","guid":{"rendered":"https:\/\/compuviper.mx\/tienda\/producto\/dahua-dhi-ard324-w2-detector-inalambrico-s-interior-de-vibracionmagneticoinclinacion-1-entrada-de-alarma-contacto-seco-na-nc-o-pulso-indicador-led-alarma-bateria-baja-deteccion-de-intensidad-d\/"},"modified":"2026-04-18T00:00:43","modified_gmt":"2026-04-18T06:00:43","slug":"dahua-dhi-ard324-w2-detector-inalambrico-s-interior-de-vibracionmagneticoinclinacion-1-entrada-de-alarma-contacto-seco-na-nc-o-pulso-indicador-led-alarma-bateria-baja-deteccion-de-intensidad-de","status":"publish","type":"product","link":"https:\/\/compuviper.mx\/tienda\/producto\/dahua-dhi-ard324-w2-detector-inalambrico-s-interior-de-vibracionmagneticoinclinacion-1-entrada-de-alarma-contacto-seco-na-nc-o-pulso-indicador-led-alarma-bateria-baja-deteccion-de-intensidad-de\/","title":{"rendered":"Dahua Dhi-ard324-w2 Detector Inalambrico\/ \/ S\/ Interior De Vibracionmagneticoinclinacion\/1 Entrada De Alarma Contacto Seco Na-nc O Pulso\/indicador Led\/alarma Bateria Baja\/deteccion De Intensidad De"},"content":{"rendered":"<table class=\"descripcion\">\n<tr>\n<td>Especificaciones tecnicas<\/td>\n<\/tr>\n<tr>\n<td>\u0095 entrada de alarma: 1 (normalmente cerrado; normalmente abierto; conteo de impulsos)<\/td>\n<\/tr>\n<tr>\n<td>\u0095 fuente de alimentacion bateria cr123a (incluida)<\/td>\n<\/tr>\n<tr>\n<td>\u0095 duracion de bateria de hasta 5 a\u00f1os<\/td>\n<\/tr>\n<tr>\n<td>\u0095 dimensiones producto 100,2 mm \u00d7 21,0 mm \u00d7 21,3 mm y 37,8 mm \u00d7 13,5 mm y 14,0 mm (largo \u00d7 ancho \u00d7 alto)<\/td>\n<\/tr>\n<tr>\n<td>\u0095 dimensiones empaque 135,0 mm \u00d7 98,5 mm \u00d7 27,8 mm (largo \u00d7 ancho \u00d7 alto)<\/td>\n<\/tr>\n<tr>\n<td>\u0095 peso bruto de 115 g<\/td>\n<\/tr>\n<tr>\n<td>\u0095 distancia de comunicacion hasta 1000 m<\/td>\n<\/tr>\n<tr>\n<td>\u0095 funcion de salto de frecuencia (433,1 mhz\u0096434,6 mhz) y tecnologia de comunicacion bidireccional encriptada en aes128 garantizando la estabilidad de la comunicacion<\/td>\n<\/tr>\n<tr>\n<td>\u0095 temperatura de funcionamiento en interior de -15\u00b0c a + 65\u00b0c (+5\u00b0f a + 149 \u00b0f)<\/td>\n<\/tr>\n<tr>\n<td>\u0095 paneles de fijacion (incluye tornillos y taquetes)<\/td>\n<\/tr>\n<tr>\n<td>\u0095 luz indicadora de alarma verde<\/td>\n<\/tr>\n<tr>\n<td>\u0095 boton interruptor de encendido<\/td>\n<\/tr>\n<\/table>\n","protected":false},"excerpt":{"rendered":"<p>Informacion general. Detector de puerta inalambrico plus. El sensor de puerta inalambrico plus detecta el estado de puertas y ventanas, reconociendo cuando se estan abriendo, golpeando e inclinando y adicionado con una entrada auxiliar para perifericos cableados ya sea: normalmente abierto, normalmente cerrado y pulso. Facil de instalar y todas las configuraciones se realizan a traves de la app dmss. Puede mostrar el estado de apertura y cierre, inclinacion y vibracion configurable por medio de la aplicacion dmss y proporciona notificaciones oportunas de eventos de alarma a traves de la misma aplicacion dmss, todo esto, en tiempo real; actuando como un mecanismo de monitoreo. Instalacion y enrolamiento sencillo a traves de codigo qr desde la comodidad de la aplicacion movil dmss (para usuarios finales) para telefonos ios y android. Caracteristicas principales. \u0095 admite deteccion de inclinacion y golpes, y genera alarmas cuando ocurre el evento. \u0095 entrada auxiliar de un canal para periferico cableado. \u0095 indicador led verde de alarma. \u0095 tamper antisabotaje. \u0095 medicion y alarma de bateria baja del dispositivo. \u0095 medicion de temperatura ambiente. \u0095 deteccion de intensidad de se\u00f1al. \u0095 vinculacion alarma &#8211; sirena, cuando se activa una alarma, el sensor informara los eventos de alarma al hub y alertaran con una sirena. \u0095 vinculacion alarma &#8211; video, cuando se activa una alarma, el sensor informara los eventos de alarma al hub y luego se vincularan con videos. \u0095 la funcion de salto de frecuencia y la tecnologia de comunicacion bidireccional garantizan la estabilidad de la comunicacion. \u0095 actualizacion en la nube y recuperacion automatica de errores de actualizacion<\/p>\n","protected":false},"featured_media":258979,"comment_status":"open","ping_status":"open","template":"","meta":[],"product_cat":[1592,1593],"product_tag":[1555],"acf":[],"yoast_head":"<!-- This site is optimized with the Yoast SEO plugin v21.7 - https:\/\/yoast.com\/wordpress\/plugins\/seo\/ -->\n<title>[ Dahua ] &#129351; Dhi-ard324-w2 Detector Inalambrico\/ \/ S\/ Interior De Vibracionmagneticoinclinacion\/1 Entrada De Alarma Contacto Seco Na-nc O Pulso\/indicador Led\/alarma Bateria Baja\/deteccion De Intensidad De<\/title>\n<meta name=\"description\" content=\"Compra Dhi-ard324-w2 Detector Inalambrico\/ \/ S\/ Interior De Vibracionmagneticoinclinacion\/1 Entrada De Alarma Contacto Seco Na-nc O Pulso\/indicador Led\/alarma Bateria Baja\/deteccion De Intensidad De + Env\u00edo a domicilio + Pago seguro + Garant\u00eda\" \/>\n<meta name=\"robots\" content=\"index, follow, max-snippet:-1, max-image-preview:large, max-video-preview:-1\" \/>\n<link rel=\"canonical\" href=\"https:\/\/compuviper.mx\/tienda\/producto\/dahua-dhi-ard324-w2-detector-inalambrico-s-interior-de-vibracionmagneticoinclinacion-1-entrada-de-alarma-contacto-seco-na-nc-o-pulso-indicador-led-alarma-bateria-baja-deteccion-de-intensidad-de\/\" \/>\n<meta property=\"og:locale\" content=\"es_MX\" \/>\n<meta property=\"og:type\" content=\"article\" \/>\n<meta property=\"og:title\" content=\"[ Dahua ] &#129351; Dhi-ard324-w2 Detector Inalambrico\/ \/ S\/ Interior De Vibracionmagneticoinclinacion\/1 Entrada De Alarma Contacto Seco Na-nc O Pulso\/indicador Led\/alarma Bateria Baja\/deteccion De Intensidad De\" \/>\n<meta property=\"og:description\" content=\"Compra Dhi-ard324-w2 Detector Inalambrico\/ \/ S\/ Interior De Vibracionmagneticoinclinacion\/1 Entrada De Alarma Contacto Seco Na-nc O Pulso\/indicador Led\/alarma Bateria Baja\/deteccion De Intensidad De + Env\u00edo a domicilio + Pago seguro + Garant\u00eda\" \/>\n<meta property=\"og:url\" content=\"https:\/\/compuviper.mx\/tienda\/producto\/dahua-dhi-ard324-w2-detector-inalambrico-s-interior-de-vibracionmagneticoinclinacion-1-entrada-de-alarma-contacto-seco-na-nc-o-pulso-indicador-led-alarma-bateria-baja-deteccion-de-intensidad-de\/\" \/>\n<meta property=\"og:site_name\" content=\"Compuviper\" \/>\n<meta property=\"article:publisher\" content=\"https:\/\/www.facebook.com\/compuviper\" \/>\n<meta property=\"article:modified_time\" content=\"2026-04-18T06:00:43+00:00\" \/>\n<meta property=\"og:image\" content=\"https:\/\/compuviper.mx\/tienda\/wp-content\/uploads\/2025\/10\/Detector-inalambrico-dahua-dhi-ard324-w2s-interior-de-vibracionmagneticoinclinacion1-entrada-de-alarma-contacto-seco-na-nc-o-pulsoindicador-ledalarma-bateria-bajadeteccion-de-intensidad-de.jpg\" \/>\n\t<meta property=\"og:image:width\" content=\"200\" \/>\n\t<meta property=\"og:image:height\" content=\"200\" \/>\n\t<meta property=\"og:image:type\" content=\"image\/jpeg\" \/>\n<meta name=\"twitter:card\" content=\"summary_large_image\" \/>\n<meta name=\"twitter:label1\" content=\"Precio\" \/>\n\t<meta name=\"twitter:data1\" content=\"&#36;484 con IVA\" \/>\n\t<meta name=\"twitter:label2\" content=\"Availability\" \/>\n\t<meta name=\"twitter:data2\" content=\"Out of stock\" \/>\n<script type=\"application\/ld+json\" class=\"yoast-schema-graph\">{\"@context\":\"https:\/\/schema.org\",\"@graph\":[{\"@type\":\"WebPage\",\"@id\":\"https:\/\/compuviper.mx\/tienda\/producto\/dahua-dhi-ard324-w2-detector-inalambrico-s-interior-de-vibracionmagneticoinclinacion-1-entrada-de-alarma-contacto-seco-na-nc-o-pulso-indicador-led-alarma-bateria-baja-deteccion-de-intensidad-de\/\",\"url\":\"https:\/\/compuviper.mx\/tienda\/producto\/dahua-dhi-ard324-w2-detector-inalambrico-s-interior-de-vibracionmagneticoinclinacion-1-entrada-de-alarma-contacto-seco-na-nc-o-pulso-indicador-led-alarma-bateria-baja-deteccion-de-intensidad-de\/\",\"name\":\"[ Dahua ] &#129351; Dhi-ard324-w2 Detector Inalambrico\/ \/ S\/ Interior De Vibracionmagneticoinclinacion\/1 Entrada De Alarma Contacto Seco Na-nc O Pulso\/indicador Led\/alarma Bateria Baja\/deteccion De Intensidad De\",\"isPartOf\":{\"@id\":\"https:\/\/compuviper.mx\/tienda\/#website\"},\"datePublished\":\"2026-04-18T05:39:32+00:00\",\"dateModified\":\"2026-04-18T06:00:43+00:00\",\"description\":\"Compra Dhi-ard324-w2 Detector Inalambrico\/ \/ S\/ Interior De Vibracionmagneticoinclinacion\/1 Entrada De Alarma Contacto Seco Na-nc O Pulso\/indicador Led\/alarma Bateria Baja\/deteccion De Intensidad De + Env\u00edo a domicilio + Pago seguro + Garant\u00eda\",\"breadcrumb\":{\"@id\":\"https:\/\/compuviper.mx\/tienda\/producto\/dahua-dhi-ard324-w2-detector-inalambrico-s-interior-de-vibracionmagneticoinclinacion-1-entrada-de-alarma-contacto-seco-na-nc-o-pulso-indicador-led-alarma-bateria-baja-deteccion-de-intensidad-de\/#breadcrumb\"},\"inLanguage\":\"es-MX\",\"potentialAction\":[{\"@type\":\"ReadAction\",\"target\":[\"https:\/\/compuviper.mx\/tienda\/producto\/dahua-dhi-ard324-w2-detector-inalambrico-s-interior-de-vibracionmagneticoinclinacion-1-entrada-de-alarma-contacto-seco-na-nc-o-pulso-indicador-led-alarma-bateria-baja-deteccion-de-intensidad-de\/\"]}]},{\"@type\":\"BreadcrumbList\",\"@id\":\"https:\/\/compuviper.mx\/tienda\/producto\/dahua-dhi-ard324-w2-detector-inalambrico-s-interior-de-vibracionmagneticoinclinacion-1-entrada-de-alarma-contacto-seco-na-nc-o-pulso-indicador-led-alarma-bateria-baja-deteccion-de-intensidad-de\/#breadcrumb\",\"itemListElement\":[{\"@type\":\"ListItem\",\"position\":1,\"name\":\"Inicio\",\"item\":\"https:\/\/compuviper.mx\/tienda\/\"},{\"@type\":\"ListItem\",\"position\":2,\"name\":\"Productos\",\"item\":\"https:\/\/compuviper.mx\/tienda\/productos\/\"},{\"@type\":\"ListItem\",\"position\":3,\"name\":\"Alarmas\",\"item\":\"https:\/\/compuviper.mx\/tienda\/categoria-producto\/alarmas\/\"},{\"@type\":\"ListItem\",\"position\":4,\"name\":\"Sensores Para Alarmas\",\"item\":\"https:\/\/compuviper.mx\/tienda\/categoria-producto\/alarmas\/sensores-para-alarmas\/\"},{\"@type\":\"ListItem\",\"position\":5,\"name\":\"Dahua Dhi-ard324-w2 Detector Inalambrico\/ \/ S\/ Interior De Vibracionmagneticoinclinacion\/1 Entrada De Alarma Contacto Seco Na-nc O Pulso\/indicador Led\/alarma Bateria Baja\/deteccion De Intensidad De\"}]},{\"@type\":\"WebSite\",\"@id\":\"https:\/\/compuviper.mx\/tienda\/#website\",\"url\":\"https:\/\/compuviper.mx\/tienda\/\",\"name\":\"Compuviper\",\"description\":\"Proveedor de Computadoras, Laptops, Servidores, Monitores, Puntos de Venta, Teclados,   Impresoras, T\u00f3ner, C\u00e1maras de Seguridad y m\u00e1s en tu tienda en l\u00ednea\",\"publisher\":{\"@id\":\"https:\/\/compuviper.mx\/tienda\/#organization\"},\"potentialAction\":[{\"@type\":\"SearchAction\",\"target\":{\"@type\":\"EntryPoint\",\"urlTemplate\":\"https:\/\/compuviper.mx\/tienda\/?s={search_term_string}\"},\"query-input\":\"required name=search_term_string\"}],\"inLanguage\":\"es-MX\"},{\"@type\":\"Organization\",\"@id\":\"https:\/\/compuviper.mx\/tienda\/#organization\",\"name\":\"Compuviper\",\"url\":\"https:\/\/compuviper.mx\/tienda\/\",\"logo\":{\"@type\":\"ImageObject\",\"inLanguage\":\"es-MX\",\"@id\":\"https:\/\/compuviper.mx\/tienda\/#\/schema\/logo\/image\/\",\"url\":\"https:\/\/compuviper.mx\/tienda\/wp-content\/uploads\/2021\/08\/Logo-Compuviper-10.png\",\"contentUrl\":\"https:\/\/compuviper.mx\/tienda\/wp-content\/uploads\/2021\/08\/Logo-Compuviper-10.png\",\"width\":1000,\"height\":500,\"caption\":\"Compuviper\"},\"image\":{\"@id\":\"https:\/\/compuviper.mx\/tienda\/#\/schema\/logo\/image\/\"},\"sameAs\":[\"https:\/\/www.facebook.com\/compuviper\",\"https:\/\/www.youtube.com\/channel\/UCf73dERp9Y3cfOq7q8BhLjA?view_as=subscriber\"]}]}<\/script>\n<meta property=\"product:brand\" content=\"DAHUA\" \/>\n<meta property=\"product:price:amount\" content=\"484\" \/>\n<meta property=\"product:price:currency\" content=\"MXN\" \/>\n<meta property=\"og:availability\" content=\"out of stock\" \/>\n<meta property=\"product:availability\" content=\"out of stock\" \/>\n<meta property=\"product:retailer_item_id\" content=\"DHI-ARD324-W2\" \/>\n<meta property=\"product:condition\" content=\"new\" \/>\n<!-- \/ Yoast SEO plugin. -->","yoast_head_json":{"title":"[ Dahua ] &#129351; Dhi-ard324-w2 Detector Inalambrico\/ \/ S\/ Interior De Vibracionmagneticoinclinacion\/1 Entrada De Alarma Contacto Seco Na-nc O Pulso\/indicador Led\/alarma Bateria Baja\/deteccion De Intensidad De","description":"Compra Dhi-ard324-w2 Detector Inalambrico\/ \/ S\/ Interior De Vibracionmagneticoinclinacion\/1 Entrada De Alarma Contacto Seco Na-nc O Pulso\/indicador Led\/alarma Bateria Baja\/deteccion De Intensidad De + Env\u00edo a domicilio + Pago seguro + Garant\u00eda","robots":{"index":"index","follow":"follow","max-snippet":"max-snippet:-1","max-image-preview":"max-image-preview:large","max-video-preview":"max-video-preview:-1"},"canonical":"https:\/\/compuviper.mx\/tienda\/producto\/dahua-dhi-ard324-w2-detector-inalambrico-s-interior-de-vibracionmagneticoinclinacion-1-entrada-de-alarma-contacto-seco-na-nc-o-pulso-indicador-led-alarma-bateria-baja-deteccion-de-intensidad-de\/","og_locale":"es_MX","og_type":"article","og_title":"[ Dahua ] &#129351; Dhi-ard324-w2 Detector Inalambrico\/ \/ S\/ Interior De Vibracionmagneticoinclinacion\/1 Entrada De Alarma Contacto Seco Na-nc O Pulso\/indicador Led\/alarma Bateria Baja\/deteccion De Intensidad De","og_description":"Compra Dhi-ard324-w2 Detector Inalambrico\/ \/ S\/ Interior De Vibracionmagneticoinclinacion\/1 Entrada De Alarma Contacto Seco Na-nc O Pulso\/indicador Led\/alarma Bateria Baja\/deteccion De Intensidad De + Env\u00edo a domicilio + Pago seguro + Garant\u00eda","og_url":"https:\/\/compuviper.mx\/tienda\/producto\/dahua-dhi-ard324-w2-detector-inalambrico-s-interior-de-vibracionmagneticoinclinacion-1-entrada-de-alarma-contacto-seco-na-nc-o-pulso-indicador-led-alarma-bateria-baja-deteccion-de-intensidad-de\/","og_site_name":"Compuviper","article_publisher":"https:\/\/www.facebook.com\/compuviper","article_modified_time":"2026-04-18T06:00:43+00:00","og_image":[{"width":200,"height":200,"url":"https:\/\/compuviper.mx\/tienda\/wp-content\/uploads\/2025\/10\/Detector-inalambrico-dahua-dhi-ard324-w2s-interior-de-vibracionmagneticoinclinacion1-entrada-de-alarma-contacto-seco-na-nc-o-pulsoindicador-ledalarma-bateria-bajadeteccion-de-intensidad-de.jpg","type":"image\/jpeg"}],"twitter_card":"summary_large_image","twitter_misc":{"Precio":"&#36;484 con IVA","Availability":"Out of stock"},"schema":{"@context":"https:\/\/schema.org","@graph":[{"@type":"WebPage","@id":"https:\/\/compuviper.mx\/tienda\/producto\/dahua-dhi-ard324-w2-detector-inalambrico-s-interior-de-vibracionmagneticoinclinacion-1-entrada-de-alarma-contacto-seco-na-nc-o-pulso-indicador-led-alarma-bateria-baja-deteccion-de-intensidad-de\/","url":"https:\/\/compuviper.mx\/tienda\/producto\/dahua-dhi-ard324-w2-detector-inalambrico-s-interior-de-vibracionmagneticoinclinacion-1-entrada-de-alarma-contacto-seco-na-nc-o-pulso-indicador-led-alarma-bateria-baja-deteccion-de-intensidad-de\/","name":"[ Dahua ] &#129351; Dhi-ard324-w2 Detector Inalambrico\/ \/ S\/ Interior De Vibracionmagneticoinclinacion\/1 Entrada De Alarma Contacto Seco Na-nc O Pulso\/indicador Led\/alarma Bateria Baja\/deteccion De Intensidad De","isPartOf":{"@id":"https:\/\/compuviper.mx\/tienda\/#website"},"datePublished":"2026-04-18T05:39:32+00:00","dateModified":"2026-04-18T06:00:43+00:00","description":"Compra Dhi-ard324-w2 Detector Inalambrico\/ \/ S\/ Interior De Vibracionmagneticoinclinacion\/1 Entrada De Alarma Contacto Seco Na-nc O Pulso\/indicador Led\/alarma Bateria Baja\/deteccion De Intensidad De + Env\u00edo a domicilio + Pago seguro + Garant\u00eda","breadcrumb":{"@id":"https:\/\/compuviper.mx\/tienda\/producto\/dahua-dhi-ard324-w2-detector-inalambrico-s-interior-de-vibracionmagneticoinclinacion-1-entrada-de-alarma-contacto-seco-na-nc-o-pulso-indicador-led-alarma-bateria-baja-deteccion-de-intensidad-de\/#breadcrumb"},"inLanguage":"es-MX","potentialAction":[{"@type":"ReadAction","target":["https:\/\/compuviper.mx\/tienda\/producto\/dahua-dhi-ard324-w2-detector-inalambrico-s-interior-de-vibracionmagneticoinclinacion-1-entrada-de-alarma-contacto-seco-na-nc-o-pulso-indicador-led-alarma-bateria-baja-deteccion-de-intensidad-de\/"]}]},{"@type":"BreadcrumbList","@id":"https:\/\/compuviper.mx\/tienda\/producto\/dahua-dhi-ard324-w2-detector-inalambrico-s-interior-de-vibracionmagneticoinclinacion-1-entrada-de-alarma-contacto-seco-na-nc-o-pulso-indicador-led-alarma-bateria-baja-deteccion-de-intensidad-de\/#breadcrumb","itemListElement":[{"@type":"ListItem","position":1,"name":"Inicio","item":"https:\/\/compuviper.mx\/tienda\/"},{"@type":"ListItem","position":2,"name":"Productos","item":"https:\/\/compuviper.mx\/tienda\/productos\/"},{"@type":"ListItem","position":3,"name":"Alarmas","item":"https:\/\/compuviper.mx\/tienda\/categoria-producto\/alarmas\/"},{"@type":"ListItem","position":4,"name":"Sensores Para Alarmas","item":"https:\/\/compuviper.mx\/tienda\/categoria-producto\/alarmas\/sensores-para-alarmas\/"},{"@type":"ListItem","position":5,"name":"Dahua Dhi-ard324-w2 Detector Inalambrico\/ \/ S\/ Interior De Vibracionmagneticoinclinacion\/1 Entrada De Alarma Contacto Seco Na-nc O Pulso\/indicador Led\/alarma Bateria Baja\/deteccion De Intensidad De"}]},{"@type":"WebSite","@id":"https:\/\/compuviper.mx\/tienda\/#website","url":"https:\/\/compuviper.mx\/tienda\/","name":"Compuviper","description":"Proveedor de Computadoras, Laptops, Servidores, Monitores, Puntos de Venta, Teclados,   Impresoras, T\u00f3ner, C\u00e1maras de Seguridad y m\u00e1s en tu tienda en l\u00ednea","publisher":{"@id":"https:\/\/compuviper.mx\/tienda\/#organization"},"potentialAction":[{"@type":"SearchAction","target":{"@type":"EntryPoint","urlTemplate":"https:\/\/compuviper.mx\/tienda\/?s={search_term_string}"},"query-input":"required name=search_term_string"}],"inLanguage":"es-MX"},{"@type":"Organization","@id":"https:\/\/compuviper.mx\/tienda\/#organization","name":"Compuviper","url":"https:\/\/compuviper.mx\/tienda\/","logo":{"@type":"ImageObject","inLanguage":"es-MX","@id":"https:\/\/compuviper.mx\/tienda\/#\/schema\/logo\/image\/","url":"https:\/\/compuviper.mx\/tienda\/wp-content\/uploads\/2021\/08\/Logo-Compuviper-10.png","contentUrl":"https:\/\/compuviper.mx\/tienda\/wp-content\/uploads\/2021\/08\/Logo-Compuviper-10.png","width":1000,"height":500,"caption":"Compuviper"},"image":{"@id":"https:\/\/compuviper.mx\/tienda\/#\/schema\/logo\/image\/"},"sameAs":["https:\/\/www.facebook.com\/compuviper","https:\/\/www.youtube.com\/channel\/UCf73dERp9Y3cfOq7q8BhLjA?view_as=subscriber"]}]},"product_brand":"DAHUA","product_price_amount":"484","product_price_currency":"MXN","og_availability":"out of stock","product_availability":"out of stock","product_retailer_item_id":"DHI-ARD324-W2","product_condition":"new"},"_links":{"self":[{"href":"https:\/\/compuviper.mx\/tienda\/wp-json\/wp\/v2\/product\/243831"}],"collection":[{"href":"https:\/\/compuviper.mx\/tienda\/wp-json\/wp\/v2\/product"}],"about":[{"href":"https:\/\/compuviper.mx\/tienda\/wp-json\/wp\/v2\/types\/product"}],"replies":[{"embeddable":true,"href":"https:\/\/compuviper.mx\/tienda\/wp-json\/wp\/v2\/comments?post=243831"}],"wp:featuredmedia":[{"embeddable":true,"href":"https:\/\/compuviper.mx\/tienda\/wp-json\/wp\/v2\/media\/258979"}],"wp:attachment":[{"href":"https:\/\/compuviper.mx\/tienda\/wp-json\/wp\/v2\/media?parent=243831"}],"wp:term":[{"taxonomy":"product_cat","embeddable":true,"href":"https:\/\/compuviper.mx\/tienda\/wp-json\/wp\/v2\/product_cat?post=243831"},{"taxonomy":"product_tag","embeddable":true,"href":"https:\/\/compuviper.mx\/tienda\/wp-json\/wp\/v2\/product_tag?post=243831"}],"curies":[{"name":"wp","href":"https:\/\/api.w.org\/{rel}","templated":true}]}}