{"id":243830,"date":"2026-04-01T23:13:53","date_gmt":"2026-04-02T05:13:53","guid":{"rendered":"https:\/\/compuviper.mx\/tienda\/producto\/dahua-dhi-vth2621g-p-monitor-ip-vth2621g-p-para-videoportero-tactil-de-7-en-negro-serie-lite-ideal-para-interiores-soporta-poe-estandar-hasta-4-camaras-de-e-y-4-mon-adicionales-incluye-modo\/"},"modified":"2026-04-02T00:00:46","modified_gmt":"2026-04-02T06:00:46","slug":"dahua-dhi-vth2621g-p-monitor-ip-vth2621g-p-para-videoportero-tactil-de-7-en-negro-serie-lite-ideal-para-interiores-soporta-poe-estandar-hasta-4-camaras-de-e-y-4-mon-adicionales-incluye-modo","status":"publish","type":"product","link":"https:\/\/compuviper.mx\/tienda\/producto\/dahua-dhi-vth2621g-p-monitor-ip-vth2621g-p-para-videoportero-tactil-de-7-en-negro-serie-lite-ideal-para-interiores-soporta-poe-estandar-hasta-4-camaras-de-e-y-4-mon-adicionales-incluye-modo\/","title":{"rendered":"Dahua Dhi-vth2621g-p Monitor Ip\/ \/ Vth2621g-p\/ Para Videoportero Tactil De 7 En Negro, Serie Lite, Ideal Para Interiores. Soporta Poe Estandar, Hasta 4 Camaras De E Y 4 Mon. Adicionales. Incluye Modo No Molestar, 6"},"content":{"rendered":"<table class=\"descripcion\">\n<tr>\n<td>Especificaciones<\/td>\n<\/tr>\n<tr>\n<td>\u0095 sistema operativo: linux integrado<\/td>\n<\/tr>\n<tr>\n<td>\u0095 fuente de alimentacion: 12 v dc \/ 1 a; poe estandar (36\u009657 v, 0,35 a)<\/td>\n<\/tr>\n<tr>\n<td>\u0095 dimensiones: 189,6 mm \u00d7 134,6 mm \u00d7 26,0 mm<\/td>\n<\/tr>\n<tr>\n<td>\u0095 temperatura de funcionamiento: \u0096 10 \u00b0c a +55 \u00b0c<\/td>\n<\/tr>\n<tr>\n<td>\u0095 humedad de funcionamiento: 10%\u009695% hr (sin condensacion)<\/td>\n<\/tr>\n<tr>\n<td>\u0095 consumo de energia: en espera  and #8804; 2w; trabajando  and #8804; 6w<\/td>\n<\/tr>\n<tr>\n<td>\u0095 peso neto: 0,34 kg<\/td>\n<\/tr>\n<tr>\n<td>\u0095 color: negro<\/td>\n<\/tr>\n<\/table>\n","protected":false},"excerpt":{"rendered":"<p>Informacion general. El dahua vth2621g-p es un monitor ip de 7 pulgadas de la serie lite, con pantalla tactil y poe estandar. Soporta h.265 y permite la conexion de hasta 4 frentes de calle y 4 monitores adicionales. Incluye 6 entradas y 1 salida de alarmas y cuenta con un modo no molestar para evitar interrupciones. Dise\u00f1ado para uso en interiores, facilita la gestion de sistemas de videovigilancia y comunicacion con una interfaz intuitiva. Ideal para integrar y controlar diversos dispositivos de seguridad en entornos domesticos o de oficina. Principales caracteristicas. \u0095 pantalla: tactil capacitiva tft de 7, 1024\u00d7600. \u0095 alarma: entrada de alarma de 6 canales y salida de alarma de 1 canal. \u0095 tecnologia: poe estandar. \u0095 estacion: de puerta y monitor ipc. \u0095 decodificacion: de video h.265 y h.264. \u0095 cualidades: alto rendimiento y rentable. Incluye. \u0095 monitor ip touch 7 pulgadas. \u0095 arnes de conexiones. \u0095 base de fijacion para montar en pared. \u0095 tornillos de fijacion. \u0095 manual de usuario. \u0095 poliza de garantia<\/p>\n","protected":false},"featured_media":258654,"comment_status":"open","ping_status":"open","template":"","meta":[],"product_cat":[1540,1556],"product_tag":[1555],"acf":[],"yoast_head":"<!-- This site is optimized with the Yoast SEO plugin v21.7 - https:\/\/yoast.com\/wordpress\/plugins\/seo\/ -->\n<title>[ Dahua ] &#129351; Dhi-vth2621g-p Monitor Ip\/ \/ Vth2621g-p\/ Para Videoportero Tactil De 7 En Negro, Serie Lite, Ideal Para Interiores. Soporta Poe Estandar, Hasta 4 Camaras De E Y 4 Mon. Adicionales. Incluye Modo No Molestar, 6<\/title>\n<meta name=\"description\" content=\"Compra Dhi-vth2621g-p Monitor Ip\/ \/ Vth2621g-p\/ Para Videoportero Tactil De 7 En Negro, Serie Lite, Ideal Para Interiores. Soporta Poe Estandar, Hasta 4 Camaras De E Y 4 Mon. Adicionales. Incluye Modo No Molestar, 6 + Env\u00edo a domicilio + Pago seguro + Garant\u00eda\" \/>\n<meta name=\"robots\" content=\"index, follow, max-snippet:-1, max-image-preview:large, max-video-preview:-1\" \/>\n<link rel=\"canonical\" href=\"https:\/\/compuviper.mx\/tienda\/producto\/dahua-dhi-vth2621g-p-monitor-ip-vth2621g-p-para-videoportero-tactil-de-7-en-negro-serie-lite-ideal-para-interiores-soporta-poe-estandar-hasta-4-camaras-de-e-y-4-mon-adicionales-incluye-modo\/\" \/>\n<meta property=\"og:locale\" content=\"es_MX\" \/>\n<meta property=\"og:type\" content=\"article\" \/>\n<meta property=\"og:title\" content=\"[ Dahua ] &#129351; Dhi-vth2621g-p Monitor Ip\/ \/ Vth2621g-p\/ Para Videoportero Tactil De 7 En Negro, Serie Lite, Ideal Para Interiores. Soporta Poe Estandar, Hasta 4 Camaras De E Y 4 Mon. Adicionales. Incluye Modo No Molestar, 6\" \/>\n<meta property=\"og:description\" content=\"Compra Dhi-vth2621g-p Monitor Ip\/ \/ Vth2621g-p\/ Para Videoportero Tactil De 7 En Negro, Serie Lite, Ideal Para Interiores. Soporta Poe Estandar, Hasta 4 Camaras De E Y 4 Mon. Adicionales. Incluye Modo No Molestar, 6 + Env\u00edo a domicilio + Pago seguro + Garant\u00eda\" \/>\n<meta property=\"og:url\" content=\"https:\/\/compuviper.mx\/tienda\/producto\/dahua-dhi-vth2621g-p-monitor-ip-vth2621g-p-para-videoportero-tactil-de-7-en-negro-serie-lite-ideal-para-interiores-soporta-poe-estandar-hasta-4-camaras-de-e-y-4-mon-adicionales-incluye-modo\/\" \/>\n<meta property=\"og:site_name\" content=\"Compuviper\" \/>\n<meta property=\"article:publisher\" content=\"https:\/\/www.facebook.com\/compuviper\" \/>\n<meta property=\"article:modified_time\" content=\"2026-04-02T06:00:46+00:00\" \/>\n<meta property=\"og:image\" content=\"https:\/\/compuviper.mx\/tienda\/wp-content\/uploads\/2025\/10\/Monitor-ip-dahua-vth2621g-p-para-videoportero-tactil-de-7-en-negro-serie-lite-ideal-para-interiores.-soporta-poe-estandar-hasta-4-camaras-de-e-y-4-mon.-adicionales.-incluye-modo-no-molestar-6.jpg\" \/>\n\t<meta property=\"og:image:width\" content=\"200\" \/>\n\t<meta property=\"og:image:height\" content=\"200\" \/>\n\t<meta property=\"og:image:type\" content=\"image\/jpeg\" \/>\n<meta name=\"twitter:card\" content=\"summary_large_image\" \/>\n<meta name=\"twitter:label1\" content=\"Precio\" \/>\n\t<meta name=\"twitter:data1\" content=\"&#36;1,315 con IVA\" \/>\n\t<meta name=\"twitter:label2\" content=\"Availability\" \/>\n\t<meta name=\"twitter:data2\" content=\"Out of stock\" \/>\n<script type=\"application\/ld+json\" class=\"yoast-schema-graph\">{\"@context\":\"https:\/\/schema.org\",\"@graph\":[{\"@type\":\"WebPage\",\"@id\":\"https:\/\/compuviper.mx\/tienda\/producto\/dahua-dhi-vth2621g-p-monitor-ip-vth2621g-p-para-videoportero-tactil-de-7-en-negro-serie-lite-ideal-para-interiores-soporta-poe-estandar-hasta-4-camaras-de-e-y-4-mon-adicionales-incluye-modo\/\",\"url\":\"https:\/\/compuviper.mx\/tienda\/producto\/dahua-dhi-vth2621g-p-monitor-ip-vth2621g-p-para-videoportero-tactil-de-7-en-negro-serie-lite-ideal-para-interiores-soporta-poe-estandar-hasta-4-camaras-de-e-y-4-mon-adicionales-incluye-modo\/\",\"name\":\"[ Dahua ] &#129351; Dhi-vth2621g-p Monitor Ip\/ \/ Vth2621g-p\/ Para Videoportero Tactil De 7 En Negro, Serie Lite, Ideal Para Interiores. Soporta Poe Estandar, Hasta 4 Camaras De E Y 4 Mon. Adicionales. Incluye Modo No Molestar, 6\",\"isPartOf\":{\"@id\":\"https:\/\/compuviper.mx\/tienda\/#website\"},\"datePublished\":\"2026-04-02T05:13:53+00:00\",\"dateModified\":\"2026-04-02T06:00:46+00:00\",\"description\":\"Compra Dhi-vth2621g-p Monitor Ip\/ \/ Vth2621g-p\/ Para Videoportero Tactil De 7 En Negro, Serie Lite, Ideal Para Interiores. Soporta Poe Estandar, Hasta 4 Camaras De E Y 4 Mon. Adicionales. Incluye Modo No Molestar, 6 + Env\u00edo a domicilio + Pago seguro + Garant\u00eda\",\"breadcrumb\":{\"@id\":\"https:\/\/compuviper.mx\/tienda\/producto\/dahua-dhi-vth2621g-p-monitor-ip-vth2621g-p-para-videoportero-tactil-de-7-en-negro-serie-lite-ideal-para-interiores-soporta-poe-estandar-hasta-4-camaras-de-e-y-4-mon-adicionales-incluye-modo\/#breadcrumb\"},\"inLanguage\":\"es-MX\",\"potentialAction\":[{\"@type\":\"ReadAction\",\"target\":[\"https:\/\/compuviper.mx\/tienda\/producto\/dahua-dhi-vth2621g-p-monitor-ip-vth2621g-p-para-videoportero-tactil-de-7-en-negro-serie-lite-ideal-para-interiores-soporta-poe-estandar-hasta-4-camaras-de-e-y-4-mon-adicionales-incluye-modo\/\"]}]},{\"@type\":\"BreadcrumbList\",\"@id\":\"https:\/\/compuviper.mx\/tienda\/producto\/dahua-dhi-vth2621g-p-monitor-ip-vth2621g-p-para-videoportero-tactil-de-7-en-negro-serie-lite-ideal-para-interiores-soporta-poe-estandar-hasta-4-camaras-de-e-y-4-mon-adicionales-incluye-modo\/#breadcrumb\",\"itemListElement\":[{\"@type\":\"ListItem\",\"position\":1,\"name\":\"Inicio\",\"item\":\"https:\/\/compuviper.mx\/tienda\/\"},{\"@type\":\"ListItem\",\"position\":2,\"name\":\"Productos\",\"item\":\"https:\/\/compuviper.mx\/tienda\/productos\/\"},{\"@type\":\"ListItem\",\"position\":3,\"name\":\"Control De Acceso Y Asistencia\",\"item\":\"https:\/\/compuviper.mx\/tienda\/categoria-producto\/control-de-acceso-y-asistencia\/\"},{\"@type\":\"ListItem\",\"position\":4,\"name\":\"Videoporteros\",\"item\":\"https:\/\/compuviper.mx\/tienda\/categoria-producto\/control-de-acceso-y-asistencia\/videoporteros\/\"},{\"@type\":\"ListItem\",\"position\":5,\"name\":\"Dahua Dhi-vth2621g-p Monitor Ip\/ \/ Vth2621g-p\/ Para Videoportero Tactil De 7 En Negro, Serie Lite, Ideal Para Interiores. Soporta Poe Estandar, Hasta 4 Camaras De E Y 4 Mon. Adicionales. Incluye Modo No Molestar, 6\"}]},{\"@type\":\"WebSite\",\"@id\":\"https:\/\/compuviper.mx\/tienda\/#website\",\"url\":\"https:\/\/compuviper.mx\/tienda\/\",\"name\":\"Compuviper\",\"description\":\"Proveedor de Computadoras, Laptops, Servidores, Monitores, Puntos de Venta, Teclados,   Impresoras, T\u00f3ner, C\u00e1maras de Seguridad y m\u00e1s en tu tienda en l\u00ednea\",\"publisher\":{\"@id\":\"https:\/\/compuviper.mx\/tienda\/#organization\"},\"potentialAction\":[{\"@type\":\"SearchAction\",\"target\":{\"@type\":\"EntryPoint\",\"urlTemplate\":\"https:\/\/compuviper.mx\/tienda\/?s={search_term_string}\"},\"query-input\":\"required name=search_term_string\"}],\"inLanguage\":\"es-MX\"},{\"@type\":\"Organization\",\"@id\":\"https:\/\/compuviper.mx\/tienda\/#organization\",\"name\":\"Compuviper\",\"url\":\"https:\/\/compuviper.mx\/tienda\/\",\"logo\":{\"@type\":\"ImageObject\",\"inLanguage\":\"es-MX\",\"@id\":\"https:\/\/compuviper.mx\/tienda\/#\/schema\/logo\/image\/\",\"url\":\"https:\/\/compuviper.mx\/tienda\/wp-content\/uploads\/2021\/08\/Logo-Compuviper-10.png\",\"contentUrl\":\"https:\/\/compuviper.mx\/tienda\/wp-content\/uploads\/2021\/08\/Logo-Compuviper-10.png\",\"width\":1000,\"height\":500,\"caption\":\"Compuviper\"},\"image\":{\"@id\":\"https:\/\/compuviper.mx\/tienda\/#\/schema\/logo\/image\/\"},\"sameAs\":[\"https:\/\/www.facebook.com\/compuviper\",\"https:\/\/www.youtube.com\/channel\/UCf73dERp9Y3cfOq7q8BhLjA?view_as=subscriber\"]}]}<\/script>\n<meta property=\"product:brand\" content=\"DAHUA\" \/>\n<meta property=\"product:price:amount\" content=\"1315\" \/>\n<meta property=\"product:price:currency\" content=\"MXN\" \/>\n<meta property=\"og:availability\" content=\"out of stock\" \/>\n<meta property=\"product:availability\" content=\"out of stock\" \/>\n<meta property=\"product:retailer_item_id\" content=\"DHI-VTH2621G-P\" \/>\n<meta property=\"product:condition\" content=\"new\" \/>\n<!-- \/ Yoast SEO plugin. -->","yoast_head_json":{"title":"[ Dahua ] &#129351; Dhi-vth2621g-p Monitor Ip\/ \/ Vth2621g-p\/ Para Videoportero Tactil De 7 En Negro, Serie Lite, Ideal Para Interiores. Soporta Poe Estandar, Hasta 4 Camaras De E Y 4 Mon. Adicionales. Incluye Modo No Molestar, 6","description":"Compra Dhi-vth2621g-p Monitor Ip\/ \/ Vth2621g-p\/ Para Videoportero Tactil De 7 En Negro, Serie Lite, Ideal Para Interiores. Soporta Poe Estandar, Hasta 4 Camaras De E Y 4 Mon. Adicionales. Incluye Modo No Molestar, 6 + Env\u00edo a domicilio + Pago seguro + Garant\u00eda","robots":{"index":"index","follow":"follow","max-snippet":"max-snippet:-1","max-image-preview":"max-image-preview:large","max-video-preview":"max-video-preview:-1"},"canonical":"https:\/\/compuviper.mx\/tienda\/producto\/dahua-dhi-vth2621g-p-monitor-ip-vth2621g-p-para-videoportero-tactil-de-7-en-negro-serie-lite-ideal-para-interiores-soporta-poe-estandar-hasta-4-camaras-de-e-y-4-mon-adicionales-incluye-modo\/","og_locale":"es_MX","og_type":"article","og_title":"[ Dahua ] &#129351; Dhi-vth2621g-p Monitor Ip\/ \/ Vth2621g-p\/ Para Videoportero Tactil De 7 En Negro, Serie Lite, Ideal Para Interiores. Soporta Poe Estandar, Hasta 4 Camaras De E Y 4 Mon. Adicionales. Incluye Modo No Molestar, 6","og_description":"Compra Dhi-vth2621g-p Monitor Ip\/ \/ Vth2621g-p\/ Para Videoportero Tactil De 7 En Negro, Serie Lite, Ideal Para Interiores. Soporta Poe Estandar, Hasta 4 Camaras De E Y 4 Mon. Adicionales. Incluye Modo No Molestar, 6 + Env\u00edo a domicilio + Pago seguro + Garant\u00eda","og_url":"https:\/\/compuviper.mx\/tienda\/producto\/dahua-dhi-vth2621g-p-monitor-ip-vth2621g-p-para-videoportero-tactil-de-7-en-negro-serie-lite-ideal-para-interiores-soporta-poe-estandar-hasta-4-camaras-de-e-y-4-mon-adicionales-incluye-modo\/","og_site_name":"Compuviper","article_publisher":"https:\/\/www.facebook.com\/compuviper","article_modified_time":"2026-04-02T06:00:46+00:00","og_image":[{"width":200,"height":200,"url":"https:\/\/compuviper.mx\/tienda\/wp-content\/uploads\/2025\/10\/Monitor-ip-dahua-vth2621g-p-para-videoportero-tactil-de-7-en-negro-serie-lite-ideal-para-interiores.-soporta-poe-estandar-hasta-4-camaras-de-e-y-4-mon.-adicionales.-incluye-modo-no-molestar-6.jpg","type":"image\/jpeg"}],"twitter_card":"summary_large_image","twitter_misc":{"Precio":"&#36;1,315 con IVA","Availability":"Out of stock"},"schema":{"@context":"https:\/\/schema.org","@graph":[{"@type":"WebPage","@id":"https:\/\/compuviper.mx\/tienda\/producto\/dahua-dhi-vth2621g-p-monitor-ip-vth2621g-p-para-videoportero-tactil-de-7-en-negro-serie-lite-ideal-para-interiores-soporta-poe-estandar-hasta-4-camaras-de-e-y-4-mon-adicionales-incluye-modo\/","url":"https:\/\/compuviper.mx\/tienda\/producto\/dahua-dhi-vth2621g-p-monitor-ip-vth2621g-p-para-videoportero-tactil-de-7-en-negro-serie-lite-ideal-para-interiores-soporta-poe-estandar-hasta-4-camaras-de-e-y-4-mon-adicionales-incluye-modo\/","name":"[ Dahua ] &#129351; Dhi-vth2621g-p Monitor Ip\/ \/ Vth2621g-p\/ Para Videoportero Tactil De 7 En Negro, Serie Lite, Ideal Para Interiores. Soporta Poe Estandar, Hasta 4 Camaras De E Y 4 Mon. Adicionales. Incluye Modo No Molestar, 6","isPartOf":{"@id":"https:\/\/compuviper.mx\/tienda\/#website"},"datePublished":"2026-04-02T05:13:53+00:00","dateModified":"2026-04-02T06:00:46+00:00","description":"Compra Dhi-vth2621g-p Monitor Ip\/ \/ Vth2621g-p\/ Para Videoportero Tactil De 7 En Negro, Serie Lite, Ideal Para Interiores. Soporta Poe Estandar, Hasta 4 Camaras De E Y 4 Mon. Adicionales. Incluye Modo No Molestar, 6 + Env\u00edo a domicilio + Pago seguro + Garant\u00eda","breadcrumb":{"@id":"https:\/\/compuviper.mx\/tienda\/producto\/dahua-dhi-vth2621g-p-monitor-ip-vth2621g-p-para-videoportero-tactil-de-7-en-negro-serie-lite-ideal-para-interiores-soporta-poe-estandar-hasta-4-camaras-de-e-y-4-mon-adicionales-incluye-modo\/#breadcrumb"},"inLanguage":"es-MX","potentialAction":[{"@type":"ReadAction","target":["https:\/\/compuviper.mx\/tienda\/producto\/dahua-dhi-vth2621g-p-monitor-ip-vth2621g-p-para-videoportero-tactil-de-7-en-negro-serie-lite-ideal-para-interiores-soporta-poe-estandar-hasta-4-camaras-de-e-y-4-mon-adicionales-incluye-modo\/"]}]},{"@type":"BreadcrumbList","@id":"https:\/\/compuviper.mx\/tienda\/producto\/dahua-dhi-vth2621g-p-monitor-ip-vth2621g-p-para-videoportero-tactil-de-7-en-negro-serie-lite-ideal-para-interiores-soporta-poe-estandar-hasta-4-camaras-de-e-y-4-mon-adicionales-incluye-modo\/#breadcrumb","itemListElement":[{"@type":"ListItem","position":1,"name":"Inicio","item":"https:\/\/compuviper.mx\/tienda\/"},{"@type":"ListItem","position":2,"name":"Productos","item":"https:\/\/compuviper.mx\/tienda\/productos\/"},{"@type":"ListItem","position":3,"name":"Control De Acceso Y Asistencia","item":"https:\/\/compuviper.mx\/tienda\/categoria-producto\/control-de-acceso-y-asistencia\/"},{"@type":"ListItem","position":4,"name":"Videoporteros","item":"https:\/\/compuviper.mx\/tienda\/categoria-producto\/control-de-acceso-y-asistencia\/videoporteros\/"},{"@type":"ListItem","position":5,"name":"Dahua Dhi-vth2621g-p Monitor Ip\/ \/ Vth2621g-p\/ Para Videoportero Tactil De 7 En Negro, Serie Lite, Ideal Para Interiores. Soporta Poe Estandar, Hasta 4 Camaras De E Y 4 Mon. Adicionales. Incluye Modo No Molestar, 6"}]},{"@type":"WebSite","@id":"https:\/\/compuviper.mx\/tienda\/#website","url":"https:\/\/compuviper.mx\/tienda\/","name":"Compuviper","description":"Proveedor de Computadoras, Laptops, Servidores, Monitores, Puntos de Venta, Teclados,   Impresoras, T\u00f3ner, C\u00e1maras de Seguridad y m\u00e1s en tu tienda en l\u00ednea","publisher":{"@id":"https:\/\/compuviper.mx\/tienda\/#organization"},"potentialAction":[{"@type":"SearchAction","target":{"@type":"EntryPoint","urlTemplate":"https:\/\/compuviper.mx\/tienda\/?s={search_term_string}"},"query-input":"required name=search_term_string"}],"inLanguage":"es-MX"},{"@type":"Organization","@id":"https:\/\/compuviper.mx\/tienda\/#organization","name":"Compuviper","url":"https:\/\/compuviper.mx\/tienda\/","logo":{"@type":"ImageObject","inLanguage":"es-MX","@id":"https:\/\/compuviper.mx\/tienda\/#\/schema\/logo\/image\/","url":"https:\/\/compuviper.mx\/tienda\/wp-content\/uploads\/2021\/08\/Logo-Compuviper-10.png","contentUrl":"https:\/\/compuviper.mx\/tienda\/wp-content\/uploads\/2021\/08\/Logo-Compuviper-10.png","width":1000,"height":500,"caption":"Compuviper"},"image":{"@id":"https:\/\/compuviper.mx\/tienda\/#\/schema\/logo\/image\/"},"sameAs":["https:\/\/www.facebook.com\/compuviper","https:\/\/www.youtube.com\/channel\/UCf73dERp9Y3cfOq7q8BhLjA?view_as=subscriber"]}]},"product_brand":"DAHUA","product_price_amount":"1315","product_price_currency":"MXN","og_availability":"out of stock","product_availability":"out of stock","product_retailer_item_id":"DHI-VTH2621G-P","product_condition":"new"},"_links":{"self":[{"href":"https:\/\/compuviper.mx\/tienda\/wp-json\/wp\/v2\/product\/243830"}],"collection":[{"href":"https:\/\/compuviper.mx\/tienda\/wp-json\/wp\/v2\/product"}],"about":[{"href":"https:\/\/compuviper.mx\/tienda\/wp-json\/wp\/v2\/types\/product"}],"replies":[{"embeddable":true,"href":"https:\/\/compuviper.mx\/tienda\/wp-json\/wp\/v2\/comments?post=243830"}],"wp:featuredmedia":[{"embeddable":true,"href":"https:\/\/compuviper.mx\/tienda\/wp-json\/wp\/v2\/media\/258654"}],"wp:attachment":[{"href":"https:\/\/compuviper.mx\/tienda\/wp-json\/wp\/v2\/media?parent=243830"}],"wp:term":[{"taxonomy":"product_cat","embeddable":true,"href":"https:\/\/compuviper.mx\/tienda\/wp-json\/wp\/v2\/product_cat?post=243830"},{"taxonomy":"product_tag","embeddable":true,"href":"https:\/\/compuviper.mx\/tienda\/wp-json\/wp\/v2\/product_tag?post=243830"}],"curies":[{"name":"wp","href":"https:\/\/api.w.org\/{rel}","templated":true}]}}