{"id":243826,"date":"2026-04-27T23:14:05","date_gmt":"2026-04-28T05:14:05","guid":{"rendered":"https:\/\/compuviper.mx\/tienda\/producto\/dahua-dhi-asf601a-cerradura-electrica-asf601a-inteligente-con-cierre-automatico-12-vdc-bidireccional-izquierda-o-derecha-aplicaciones-en-puerta-de-madera-metal-emergencia-etc-compatible-co\/"},"modified":"2026-04-27T23:14:05","modified_gmt":"2026-04-28T05:14:05","slug":"dahua-dhi-asf601a-cerradura-electrica-asf601a-inteligente-con-cierre-automatico-12-vdc-bidireccional-izquierda-o-derecha-aplicaciones-en-puerta-de-madera-metal-emergencia-etc-compatible-co","status":"publish","type":"product","link":"https:\/\/compuviper.mx\/tienda\/producto\/dahua-dhi-asf601a-cerradura-electrica-asf601a-inteligente-con-cierre-automatico-12-vdc-bidireccional-izquierda-o-derecha-aplicaciones-en-puerta-de-madera-metal-emergencia-etc-compatible-co\/","title":{"rendered":"Dahua Dhi-asf601a Cerradura Electrica\/ \/ Asf601a Inteligente Con Cierre Automatico\/ 12 Vdc\/ Bidireccional (izquierda O Derecha)\/ Aplicaciones En Puerta De Madera, Metal, Emergencia, Etc\/ Compatible Con Videoporte"},"content":{"rendered":"<table class=\"descripcion\">\n<tr>\n<td>Principales caracteristicas<\/td>\n<\/tr>\n<tr>\n<td>\u0095 voltaje de trabajo dc12v<\/td>\n<\/tr>\n<tr>\n<td>\u0095 alimentacion de trabajo 20ma<\/td>\n<\/tr>\n<tr>\n<td>\u0095 alimentacion de arranque 300ma<\/td>\n<\/tr>\n<tr>\n<td>\u0095 longitud del perno 22mm<\/td>\n<\/tr>\n<tr>\n<td>\u0095 peso 1.25kg<\/td>\n<\/tr>\n<tr>\n<td>\u0095 condiciones de humedad de trabajo 10%~95% hr<\/td>\n<\/tr>\n<tr>\n<td>\u0095 condiciones de temperatura de trabajo -30\u00b0c ~ +60\u00b0c<\/td>\n<\/tr>\n<tr>\n<td>\u0095 uso interior<\/td>\n<\/tr>\n<\/table>\n","protected":false},"excerpt":{"rendered":"<p>Informacion general. Con esta cerradura dahua dhi-asf601a no se requiere especificar el tipo de apertura de la puerta, ya que es integrable para para apertura izquierda y derecha, para puertas interiores. Contempla un cierre automatico ya que si no se abre la puerta, genera el bloqueo automaticamente despues de 15 segundos de su apertura. El cierre del pestillo se hace automaticamente con un minimo ruido. Siendo una de las cerraduras mas silenciosas en su tipo. Tiene un bajo consumo de energia y una vida util de hasta 350000 aperturas.<\/p>\n","protected":false},"featured_media":258650,"comment_status":"open","ping_status":"open","template":"","meta":[],"product_cat":[1540,1543],"product_tag":[1555],"acf":[],"yoast_head":"<!-- This site is optimized with the Yoast SEO plugin v21.7 - https:\/\/yoast.com\/wordpress\/plugins\/seo\/ -->\n<title>[ Dahua ] &#129351; Dhi-asf601a Cerradura Electrica\/ \/ Asf601a Inteligente Con Cierre Automatico\/ 12 Vdc\/ Bidireccional (izquierda O Derecha)\/ Aplicaciones En Puerta De Madera, Metal, Emergencia, Etc\/ Compatible Con Videoporte<\/title>\n<meta name=\"description\" content=\"Compra Dhi-asf601a Cerradura Electrica\/ \/ Asf601a Inteligente Con Cierre Automatico\/ 12 Vdc\/ Bidireccional (izquierda O Derecha)\/ Aplicaciones En Puerta De Madera, Metal, Emergencia, Etc\/ Compatible Con Videoporte + Env\u00edo a domicilio + Pago seguro + Garant\u00eda\" \/>\n<meta name=\"robots\" content=\"index, follow, max-snippet:-1, max-image-preview:large, max-video-preview:-1\" \/>\n<link rel=\"canonical\" href=\"https:\/\/compuviper.mx\/tienda\/producto\/dahua-dhi-asf601a-cerradura-electrica-asf601a-inteligente-con-cierre-automatico-12-vdc-bidireccional-izquierda-o-derecha-aplicaciones-en-puerta-de-madera-metal-emergencia-etc-compatible-co\/\" \/>\n<meta property=\"og:locale\" content=\"es_MX\" \/>\n<meta property=\"og:type\" content=\"article\" \/>\n<meta property=\"og:title\" content=\"[ Dahua ] &#129351; Dhi-asf601a Cerradura Electrica\/ \/ Asf601a Inteligente Con Cierre Automatico\/ 12 Vdc\/ Bidireccional (izquierda O Derecha)\/ Aplicaciones En Puerta De Madera, Metal, Emergencia, Etc\/ Compatible Con Videoporte\" \/>\n<meta property=\"og:description\" content=\"Compra Dhi-asf601a Cerradura Electrica\/ \/ Asf601a Inteligente Con Cierre Automatico\/ 12 Vdc\/ Bidireccional (izquierda O Derecha)\/ Aplicaciones En Puerta De Madera, Metal, Emergencia, Etc\/ Compatible Con Videoporte + Env\u00edo a domicilio + Pago seguro + Garant\u00eda\" \/>\n<meta property=\"og:url\" content=\"https:\/\/compuviper.mx\/tienda\/producto\/dahua-dhi-asf601a-cerradura-electrica-asf601a-inteligente-con-cierre-automatico-12-vdc-bidireccional-izquierda-o-derecha-aplicaciones-en-puerta-de-madera-metal-emergencia-etc-compatible-co\/\" \/>\n<meta property=\"og:site_name\" content=\"Compuviper\" \/>\n<meta property=\"article:publisher\" content=\"https:\/\/www.facebook.com\/compuviper\" \/>\n<meta property=\"og:image\" content=\"https:\/\/compuviper.mx\/tienda\/wp-content\/uploads\/2025\/10\/Cerradura-electrica-dahua-asf601a-inteligente-con-cierre-automatico-12-vdc-bidireccional-izquierda-o-derecha-aplicaciones-en-puerta-de-madera-metal-emergencia-etc-compatible-con-videoporte.jpg\" \/>\n\t<meta property=\"og:image:width\" content=\"200\" \/>\n\t<meta property=\"og:image:height\" content=\"200\" \/>\n\t<meta property=\"og:image:type\" content=\"image\/jpeg\" \/>\n<meta name=\"twitter:card\" content=\"summary_large_image\" \/>\n<meta name=\"twitter:label1\" content=\"Precio\" \/>\n\t<meta name=\"twitter:data1\" content=\"&#36;570 con IVA\" \/>\n\t<meta name=\"twitter:label2\" content=\"Availability\" \/>\n\t<meta name=\"twitter:data2\" content=\"Out of stock\" \/>\n<script type=\"application\/ld+json\" class=\"yoast-schema-graph\">{\"@context\":\"https:\/\/schema.org\",\"@graph\":[{\"@type\":\"WebPage\",\"@id\":\"https:\/\/compuviper.mx\/tienda\/producto\/dahua-dhi-asf601a-cerradura-electrica-asf601a-inteligente-con-cierre-automatico-12-vdc-bidireccional-izquierda-o-derecha-aplicaciones-en-puerta-de-madera-metal-emergencia-etc-compatible-co\/\",\"url\":\"https:\/\/compuviper.mx\/tienda\/producto\/dahua-dhi-asf601a-cerradura-electrica-asf601a-inteligente-con-cierre-automatico-12-vdc-bidireccional-izquierda-o-derecha-aplicaciones-en-puerta-de-madera-metal-emergencia-etc-compatible-co\/\",\"name\":\"[ Dahua ] &#129351; Dhi-asf601a Cerradura Electrica\/ \/ Asf601a Inteligente Con Cierre Automatico\/ 12 Vdc\/ Bidireccional (izquierda O Derecha)\/ Aplicaciones En Puerta De Madera, Metal, Emergencia, Etc\/ Compatible Con Videoporte\",\"isPartOf\":{\"@id\":\"https:\/\/compuviper.mx\/tienda\/#website\"},\"datePublished\":\"2026-04-28T05:14:05+00:00\",\"dateModified\":\"2026-04-28T05:14:05+00:00\",\"description\":\"Compra Dhi-asf601a Cerradura Electrica\/ \/ Asf601a Inteligente Con Cierre Automatico\/ 12 Vdc\/ Bidireccional (izquierda O Derecha)\/ Aplicaciones En Puerta De Madera, Metal, Emergencia, Etc\/ Compatible Con Videoporte + Env\u00edo a domicilio + Pago seguro + Garant\u00eda\",\"breadcrumb\":{\"@id\":\"https:\/\/compuviper.mx\/tienda\/producto\/dahua-dhi-asf601a-cerradura-electrica-asf601a-inteligente-con-cierre-automatico-12-vdc-bidireccional-izquierda-o-derecha-aplicaciones-en-puerta-de-madera-metal-emergencia-etc-compatible-co\/#breadcrumb\"},\"inLanguage\":\"es-MX\",\"potentialAction\":[{\"@type\":\"ReadAction\",\"target\":[\"https:\/\/compuviper.mx\/tienda\/producto\/dahua-dhi-asf601a-cerradura-electrica-asf601a-inteligente-con-cierre-automatico-12-vdc-bidireccional-izquierda-o-derecha-aplicaciones-en-puerta-de-madera-metal-emergencia-etc-compatible-co\/\"]}]},{\"@type\":\"BreadcrumbList\",\"@id\":\"https:\/\/compuviper.mx\/tienda\/producto\/dahua-dhi-asf601a-cerradura-electrica-asf601a-inteligente-con-cierre-automatico-12-vdc-bidireccional-izquierda-o-derecha-aplicaciones-en-puerta-de-madera-metal-emergencia-etc-compatible-co\/#breadcrumb\",\"itemListElement\":[{\"@type\":\"ListItem\",\"position\":1,\"name\":\"Inicio\",\"item\":\"https:\/\/compuviper.mx\/tienda\/\"},{\"@type\":\"ListItem\",\"position\":2,\"name\":\"Productos\",\"item\":\"https:\/\/compuviper.mx\/tienda\/productos\/\"},{\"@type\":\"ListItem\",\"position\":3,\"name\":\"Control De Acceso Y Asistencia\",\"item\":\"https:\/\/compuviper.mx\/tienda\/categoria-producto\/control-de-acceso-y-asistencia\/\"},{\"@type\":\"ListItem\",\"position\":4,\"name\":\"Accesorios De Control De Acceso Y Asistencia\",\"item\":\"https:\/\/compuviper.mx\/tienda\/categoria-producto\/control-de-acceso-y-asistencia\/accesorios-de-control-de-acceso-y-asistencia\/\"},{\"@type\":\"ListItem\",\"position\":5,\"name\":\"Dahua Dhi-asf601a Cerradura Electrica\/ \/ Asf601a Inteligente Con Cierre Automatico\/ 12 Vdc\/ Bidireccional (izquierda O Derecha)\/ Aplicaciones En Puerta De Madera, Metal, Emergencia, Etc\/ Compatible Con Videoporte\"}]},{\"@type\":\"WebSite\",\"@id\":\"https:\/\/compuviper.mx\/tienda\/#website\",\"url\":\"https:\/\/compuviper.mx\/tienda\/\",\"name\":\"Compuviper\",\"description\":\"Proveedor de Computadoras, Laptops, Servidores, Monitores, Puntos de Venta, Teclados,   Impresoras, T\u00f3ner, C\u00e1maras de Seguridad y m\u00e1s en tu tienda en l\u00ednea\",\"publisher\":{\"@id\":\"https:\/\/compuviper.mx\/tienda\/#organization\"},\"potentialAction\":[{\"@type\":\"SearchAction\",\"target\":{\"@type\":\"EntryPoint\",\"urlTemplate\":\"https:\/\/compuviper.mx\/tienda\/?s={search_term_string}\"},\"query-input\":\"required name=search_term_string\"}],\"inLanguage\":\"es-MX\"},{\"@type\":\"Organization\",\"@id\":\"https:\/\/compuviper.mx\/tienda\/#organization\",\"name\":\"Compuviper\",\"url\":\"https:\/\/compuviper.mx\/tienda\/\",\"logo\":{\"@type\":\"ImageObject\",\"inLanguage\":\"es-MX\",\"@id\":\"https:\/\/compuviper.mx\/tienda\/#\/schema\/logo\/image\/\",\"url\":\"https:\/\/compuviper.mx\/tienda\/wp-content\/uploads\/2021\/08\/Logo-Compuviper-10.png\",\"contentUrl\":\"https:\/\/compuviper.mx\/tienda\/wp-content\/uploads\/2021\/08\/Logo-Compuviper-10.png\",\"width\":1000,\"height\":500,\"caption\":\"Compuviper\"},\"image\":{\"@id\":\"https:\/\/compuviper.mx\/tienda\/#\/schema\/logo\/image\/\"},\"sameAs\":[\"https:\/\/www.facebook.com\/compuviper\",\"https:\/\/www.youtube.com\/channel\/UCf73dERp9Y3cfOq7q8BhLjA?view_as=subscriber\"]}]}<\/script>\n<meta property=\"product:brand\" content=\"DAHUA\" \/>\n<meta property=\"product:price:amount\" content=\"570\" \/>\n<meta property=\"product:price:currency\" content=\"MXN\" \/>\n<meta property=\"og:availability\" content=\"out of stock\" \/>\n<meta property=\"product:availability\" content=\"out of stock\" \/>\n<meta property=\"product:retailer_item_id\" content=\"DHI-ASF601A\" \/>\n<meta property=\"product:condition\" content=\"new\" \/>\n<!-- \/ Yoast SEO plugin. -->","yoast_head_json":{"title":"[ Dahua ] &#129351; Dhi-asf601a Cerradura Electrica\/ \/ Asf601a Inteligente Con Cierre Automatico\/ 12 Vdc\/ Bidireccional (izquierda O Derecha)\/ Aplicaciones En Puerta De Madera, Metal, Emergencia, Etc\/ Compatible Con Videoporte","description":"Compra Dhi-asf601a Cerradura Electrica\/ \/ Asf601a Inteligente Con Cierre Automatico\/ 12 Vdc\/ Bidireccional (izquierda O Derecha)\/ Aplicaciones En Puerta De Madera, Metal, Emergencia, Etc\/ Compatible Con Videoporte + Env\u00edo a domicilio + Pago seguro + Garant\u00eda","robots":{"index":"index","follow":"follow","max-snippet":"max-snippet:-1","max-image-preview":"max-image-preview:large","max-video-preview":"max-video-preview:-1"},"canonical":"https:\/\/compuviper.mx\/tienda\/producto\/dahua-dhi-asf601a-cerradura-electrica-asf601a-inteligente-con-cierre-automatico-12-vdc-bidireccional-izquierda-o-derecha-aplicaciones-en-puerta-de-madera-metal-emergencia-etc-compatible-co\/","og_locale":"es_MX","og_type":"article","og_title":"[ Dahua ] &#129351; Dhi-asf601a Cerradura Electrica\/ \/ Asf601a Inteligente Con Cierre Automatico\/ 12 Vdc\/ Bidireccional (izquierda O Derecha)\/ Aplicaciones En Puerta De Madera, Metal, Emergencia, Etc\/ Compatible Con Videoporte","og_description":"Compra Dhi-asf601a Cerradura Electrica\/ \/ Asf601a Inteligente Con Cierre Automatico\/ 12 Vdc\/ Bidireccional (izquierda O Derecha)\/ Aplicaciones En Puerta De Madera, Metal, Emergencia, Etc\/ Compatible Con Videoporte + Env\u00edo a domicilio + Pago seguro + Garant\u00eda","og_url":"https:\/\/compuviper.mx\/tienda\/producto\/dahua-dhi-asf601a-cerradura-electrica-asf601a-inteligente-con-cierre-automatico-12-vdc-bidireccional-izquierda-o-derecha-aplicaciones-en-puerta-de-madera-metal-emergencia-etc-compatible-co\/","og_site_name":"Compuviper","article_publisher":"https:\/\/www.facebook.com\/compuviper","og_image":[{"width":200,"height":200,"url":"https:\/\/compuviper.mx\/tienda\/wp-content\/uploads\/2025\/10\/Cerradura-electrica-dahua-asf601a-inteligente-con-cierre-automatico-12-vdc-bidireccional-izquierda-o-derecha-aplicaciones-en-puerta-de-madera-metal-emergencia-etc-compatible-con-videoporte.jpg","type":"image\/jpeg"}],"twitter_card":"summary_large_image","twitter_misc":{"Precio":"&#36;570 con IVA","Availability":"Out of stock"},"schema":{"@context":"https:\/\/schema.org","@graph":[{"@type":"WebPage","@id":"https:\/\/compuviper.mx\/tienda\/producto\/dahua-dhi-asf601a-cerradura-electrica-asf601a-inteligente-con-cierre-automatico-12-vdc-bidireccional-izquierda-o-derecha-aplicaciones-en-puerta-de-madera-metal-emergencia-etc-compatible-co\/","url":"https:\/\/compuviper.mx\/tienda\/producto\/dahua-dhi-asf601a-cerradura-electrica-asf601a-inteligente-con-cierre-automatico-12-vdc-bidireccional-izquierda-o-derecha-aplicaciones-en-puerta-de-madera-metal-emergencia-etc-compatible-co\/","name":"[ Dahua ] &#129351; Dhi-asf601a Cerradura Electrica\/ \/ Asf601a Inteligente Con Cierre Automatico\/ 12 Vdc\/ Bidireccional (izquierda O Derecha)\/ Aplicaciones En Puerta De Madera, Metal, Emergencia, Etc\/ Compatible Con Videoporte","isPartOf":{"@id":"https:\/\/compuviper.mx\/tienda\/#website"},"datePublished":"2026-04-28T05:14:05+00:00","dateModified":"2026-04-28T05:14:05+00:00","description":"Compra Dhi-asf601a Cerradura Electrica\/ \/ Asf601a Inteligente Con Cierre Automatico\/ 12 Vdc\/ Bidireccional (izquierda O Derecha)\/ Aplicaciones En Puerta De Madera, Metal, Emergencia, Etc\/ Compatible Con Videoporte + Env\u00edo a domicilio + Pago seguro + Garant\u00eda","breadcrumb":{"@id":"https:\/\/compuviper.mx\/tienda\/producto\/dahua-dhi-asf601a-cerradura-electrica-asf601a-inteligente-con-cierre-automatico-12-vdc-bidireccional-izquierda-o-derecha-aplicaciones-en-puerta-de-madera-metal-emergencia-etc-compatible-co\/#breadcrumb"},"inLanguage":"es-MX","potentialAction":[{"@type":"ReadAction","target":["https:\/\/compuviper.mx\/tienda\/producto\/dahua-dhi-asf601a-cerradura-electrica-asf601a-inteligente-con-cierre-automatico-12-vdc-bidireccional-izquierda-o-derecha-aplicaciones-en-puerta-de-madera-metal-emergencia-etc-compatible-co\/"]}]},{"@type":"BreadcrumbList","@id":"https:\/\/compuviper.mx\/tienda\/producto\/dahua-dhi-asf601a-cerradura-electrica-asf601a-inteligente-con-cierre-automatico-12-vdc-bidireccional-izquierda-o-derecha-aplicaciones-en-puerta-de-madera-metal-emergencia-etc-compatible-co\/#breadcrumb","itemListElement":[{"@type":"ListItem","position":1,"name":"Inicio","item":"https:\/\/compuviper.mx\/tienda\/"},{"@type":"ListItem","position":2,"name":"Productos","item":"https:\/\/compuviper.mx\/tienda\/productos\/"},{"@type":"ListItem","position":3,"name":"Control De Acceso Y Asistencia","item":"https:\/\/compuviper.mx\/tienda\/categoria-producto\/control-de-acceso-y-asistencia\/"},{"@type":"ListItem","position":4,"name":"Accesorios De Control De Acceso Y Asistencia","item":"https:\/\/compuviper.mx\/tienda\/categoria-producto\/control-de-acceso-y-asistencia\/accesorios-de-control-de-acceso-y-asistencia\/"},{"@type":"ListItem","position":5,"name":"Dahua Dhi-asf601a Cerradura Electrica\/ \/ Asf601a Inteligente Con Cierre Automatico\/ 12 Vdc\/ Bidireccional (izquierda O Derecha)\/ Aplicaciones En Puerta De Madera, Metal, Emergencia, Etc\/ Compatible Con Videoporte"}]},{"@type":"WebSite","@id":"https:\/\/compuviper.mx\/tienda\/#website","url":"https:\/\/compuviper.mx\/tienda\/","name":"Compuviper","description":"Proveedor de Computadoras, Laptops, Servidores, Monitores, Puntos de Venta, Teclados,   Impresoras, T\u00f3ner, C\u00e1maras de Seguridad y m\u00e1s en tu tienda en l\u00ednea","publisher":{"@id":"https:\/\/compuviper.mx\/tienda\/#organization"},"potentialAction":[{"@type":"SearchAction","target":{"@type":"EntryPoint","urlTemplate":"https:\/\/compuviper.mx\/tienda\/?s={search_term_string}"},"query-input":"required name=search_term_string"}],"inLanguage":"es-MX"},{"@type":"Organization","@id":"https:\/\/compuviper.mx\/tienda\/#organization","name":"Compuviper","url":"https:\/\/compuviper.mx\/tienda\/","logo":{"@type":"ImageObject","inLanguage":"es-MX","@id":"https:\/\/compuviper.mx\/tienda\/#\/schema\/logo\/image\/","url":"https:\/\/compuviper.mx\/tienda\/wp-content\/uploads\/2021\/08\/Logo-Compuviper-10.png","contentUrl":"https:\/\/compuviper.mx\/tienda\/wp-content\/uploads\/2021\/08\/Logo-Compuviper-10.png","width":1000,"height":500,"caption":"Compuviper"},"image":{"@id":"https:\/\/compuviper.mx\/tienda\/#\/schema\/logo\/image\/"},"sameAs":["https:\/\/www.facebook.com\/compuviper","https:\/\/www.youtube.com\/channel\/UCf73dERp9Y3cfOq7q8BhLjA?view_as=subscriber"]}]},"product_brand":"DAHUA","product_price_amount":"570","product_price_currency":"MXN","og_availability":"out of stock","product_availability":"out of stock","product_retailer_item_id":"DHI-ASF601A","product_condition":"new"},"_links":{"self":[{"href":"https:\/\/compuviper.mx\/tienda\/wp-json\/wp\/v2\/product\/243826"}],"collection":[{"href":"https:\/\/compuviper.mx\/tienda\/wp-json\/wp\/v2\/product"}],"about":[{"href":"https:\/\/compuviper.mx\/tienda\/wp-json\/wp\/v2\/types\/product"}],"replies":[{"embeddable":true,"href":"https:\/\/compuviper.mx\/tienda\/wp-json\/wp\/v2\/comments?post=243826"}],"wp:featuredmedia":[{"embeddable":true,"href":"https:\/\/compuviper.mx\/tienda\/wp-json\/wp\/v2\/media\/258650"}],"wp:attachment":[{"href":"https:\/\/compuviper.mx\/tienda\/wp-json\/wp\/v2\/media?parent=243826"}],"wp:term":[{"taxonomy":"product_cat","embeddable":true,"href":"https:\/\/compuviper.mx\/tienda\/wp-json\/wp\/v2\/product_cat?post=243826"},{"taxonomy":"product_tag","embeddable":true,"href":"https:\/\/compuviper.mx\/tienda\/wp-json\/wp\/v2\/product_tag?post=243826"}],"curies":[{"name":"wp","href":"https:\/\/api.w.org\/{rel}","templated":true}]}}