{"id":243800,"date":"2026-04-18T00:33:35","date_gmt":"2026-04-18T06:33:35","guid":{"rendered":"https:\/\/compuviper.mx\/tienda\/producto\/hikvision-ds-ups600-x-ups-de-600-va-360w-proteccion-contra-sobrecarga-y-descarga-entrada-y-salida-120-vca-6-tomas-nema-5-15r-4-con-respaldo-y-2-sin-respaldo\/"},"modified":"2026-04-18T00:33:35","modified_gmt":"2026-04-18T06:33:35","slug":"hikvision-ds-ups600-x6931847198992-ups-de-600-va-360w-proteccion-contra-sobrecarga-y-descarga-entrada-y-salida-120-vca-6-tomas-nema-5-15r-4-con-respaldo-y-2-sin-respaldo","status":"publish","type":"product","link":"https:\/\/compuviper.mx\/tienda\/producto\/hikvision-ds-ups600-x6931847198992-ups-de-600-va-360w-proteccion-contra-sobrecarga-y-descarga-entrada-y-salida-120-vca-6-tomas-nema-5-15r-4-con-respaldo-y-2-sin-respaldo\/","title":{"rendered":"Hikvision Ds-ups600-x,6931847198992  Ups De 600 Va \/ 360w \/ Proteccion Contra Sobrecarga Y Descarga \/ Entrada Y Salida 120 Vca \/ 6 Tomas Nema 5-15r (4 Con Respaldo Y 2 Sin Respaldo"},"content":{"rendered":"<table class=\"descripcion\">\n<tr>\n<td>Caracteristicas principales:<\/td>\n<\/tr>\n<tr>\n<td>Capacidad: 600 va \/ 360 w.<\/td>\n<\/tr>\n<tr>\n<td>Bateria: 12 v \/ 7 ah.<\/td>\n<\/tr>\n<tr>\n<td>6 salidas totales 4 con respaldo y 2 sin respaldo.<\/td>\n<\/tr>\n<tr>\n<td>Peso: 4.2 kg.<\/td>\n<\/tr>\n<tr>\n<td>Voltaje de entrada: 85 &#8211; 150 v ~ 50\/60 hz.<\/td>\n<\/tr>\n<tr>\n<td>Voltaje de salida: 102 &#8211; 132 v.<\/td>\n<\/tr>\n<tr>\n<td>Dimensiones: 274 x 95 x 139 mm.<\/td>\n<\/tr>\n<tr>\n<td>Garantia: 3 anos en la bateria es 1 ano.<\/td>\n<\/tr>\n<tr>\n<td>Tabla de referencia de consumo en watts aproximado:<\/td>\n<\/tr>\n<tr>\n<td>15 watts = 180 minutos.<\/td>\n<\/tr>\n<tr>\n<td>32 watts = 80 minutos.<\/td>\n<\/tr>\n<tr>\n<td>42 watts = 65 minutos.<\/td>\n<\/tr>\n<tr>\n<td>55 watts = 48 minutos.<\/td>\n<\/tr>\n<tr>\n<td>65 watts = 35 minutos.<\/td>\n<\/tr>\n<\/table>\n","protected":false},"excerpt":{"rendered":"<p>Ups de 600 va \/ 360w \/ proteccion contra sobrecarga y descarga \/ entrada y salida 120 vca \/ 6 tomas nema 5-15r 4 con respaldo y 2 sin respaldo<\/p>\n","protected":false},"featured_media":259550,"comment_status":"open","ping_status":"open","template":"","meta":[],"product_cat":[1508,1691],"product_tag":[1595],"acf":[],"yoast_head":"<!-- This site is optimized with the Yoast SEO plugin v21.7 - https:\/\/yoast.com\/wordpress\/plugins\/seo\/ -->\n<title>[ Hikvision ] &#129351; Ds-ups600-x,6931847198992 Ups De 600 Va \/ 360w \/ Proteccion Contra Sobrecarga Y Descarga \/ Entrada Y Salida 120 Vca \/ 6 Tomas Nema 5-15r (4 Con Respaldo Y 2 Sin Respaldo<\/title>\n<meta name=\"description\" content=\"Compra Ds-ups600-x,6931847198992 Ups De 600 Va \/ 360w \/ Proteccion Contra Sobrecarga Y Descarga \/ Entrada Y Salida 120 Vca \/ 6 Tomas Nema 5-15r (4 Con Respaldo Y 2 Sin Respaldo + Env\u00edo a domicilio + Pago seguro + Garant\u00eda\" \/>\n<meta name=\"robots\" content=\"index, follow, max-snippet:-1, max-image-preview:large, max-video-preview:-1\" \/>\n<link rel=\"canonical\" href=\"https:\/\/compuviper.mx\/tienda\/producto\/hikvision-ds-ups600-x6931847198992-ups-de-600-va-360w-proteccion-contra-sobrecarga-y-descarga-entrada-y-salida-120-vca-6-tomas-nema-5-15r-4-con-respaldo-y-2-sin-respaldo\/\" \/>\n<meta property=\"og:locale\" content=\"es_MX\" \/>\n<meta property=\"og:type\" content=\"article\" \/>\n<meta property=\"og:title\" content=\"[ Hikvision ] &#129351; Ds-ups600-x,6931847198992 Ups De 600 Va \/ 360w \/ Proteccion Contra Sobrecarga Y Descarga \/ Entrada Y Salida 120 Vca \/ 6 Tomas Nema 5-15r (4 Con Respaldo Y 2 Sin Respaldo\" \/>\n<meta property=\"og:description\" content=\"Compra Ds-ups600-x,6931847198992 Ups De 600 Va \/ 360w \/ Proteccion Contra Sobrecarga Y Descarga \/ Entrada Y Salida 120 Vca \/ 6 Tomas Nema 5-15r (4 Con Respaldo Y 2 Sin Respaldo + Env\u00edo a domicilio + Pago seguro + Garant\u00eda\" \/>\n<meta property=\"og:url\" content=\"https:\/\/compuviper.mx\/tienda\/producto\/hikvision-ds-ups600-x6931847198992-ups-de-600-va-360w-proteccion-contra-sobrecarga-y-descarga-entrada-y-salida-120-vca-6-tomas-nema-5-15r-4-con-respaldo-y-2-sin-respaldo\/\" \/>\n<meta property=\"og:site_name\" content=\"Compuviper\" \/>\n<meta property=\"article:publisher\" content=\"https:\/\/www.facebook.com\/compuviper\" \/>\n<meta property=\"og:image\" content=\"https:\/\/compuviper.mx\/tienda\/wp-content\/uploads\/2025\/10\/Hikvision-ups-de-600-va-360w-proteccion-contra-sobrecarga-y-descarga-entrada-y-salida-120-vca-6-tomas-nema-5-15r-4-con-respaldo-y-2-sin-respaldo.jpg\" \/>\n\t<meta property=\"og:image:width\" content=\"200\" \/>\n\t<meta property=\"og:image:height\" content=\"200\" \/>\n\t<meta property=\"og:image:type\" content=\"image\/jpeg\" \/>\n<meta name=\"twitter:card\" content=\"summary_large_image\" \/>\n<meta name=\"twitter:label1\" content=\"Precio\" \/>\n\t<meta name=\"twitter:data1\" content=\"&#36;826 con IVA\" \/>\n\t<meta name=\"twitter:label2\" content=\"Availability\" \/>\n\t<meta name=\"twitter:data2\" content=\"Out of stock\" \/>\n<script type=\"application\/ld+json\" class=\"yoast-schema-graph\">{\"@context\":\"https:\/\/schema.org\",\"@graph\":[{\"@type\":\"WebPage\",\"@id\":\"https:\/\/compuviper.mx\/tienda\/producto\/hikvision-ds-ups600-x6931847198992-ups-de-600-va-360w-proteccion-contra-sobrecarga-y-descarga-entrada-y-salida-120-vca-6-tomas-nema-5-15r-4-con-respaldo-y-2-sin-respaldo\/\",\"url\":\"https:\/\/compuviper.mx\/tienda\/producto\/hikvision-ds-ups600-x6931847198992-ups-de-600-va-360w-proteccion-contra-sobrecarga-y-descarga-entrada-y-salida-120-vca-6-tomas-nema-5-15r-4-con-respaldo-y-2-sin-respaldo\/\",\"name\":\"[ Hikvision ] &#129351; Ds-ups600-x,6931847198992 Ups De 600 Va \/ 360w \/ Proteccion Contra Sobrecarga Y Descarga \/ Entrada Y Salida 120 Vca \/ 6 Tomas Nema 5-15r (4 Con Respaldo Y 2 Sin Respaldo\",\"isPartOf\":{\"@id\":\"https:\/\/compuviper.mx\/tienda\/#website\"},\"datePublished\":\"2026-04-18T06:33:35+00:00\",\"dateModified\":\"2026-04-18T06:33:35+00:00\",\"description\":\"Compra Ds-ups600-x,6931847198992 Ups De 600 Va \/ 360w \/ Proteccion Contra Sobrecarga Y Descarga \/ Entrada Y Salida 120 Vca \/ 6 Tomas Nema 5-15r (4 Con Respaldo Y 2 Sin Respaldo + Env\u00edo a domicilio + Pago seguro + Garant\u00eda\",\"breadcrumb\":{\"@id\":\"https:\/\/compuviper.mx\/tienda\/producto\/hikvision-ds-ups600-x6931847198992-ups-de-600-va-360w-proteccion-contra-sobrecarga-y-descarga-entrada-y-salida-120-vca-6-tomas-nema-5-15r-4-con-respaldo-y-2-sin-respaldo\/#breadcrumb\"},\"inLanguage\":\"es-MX\",\"potentialAction\":[{\"@type\":\"ReadAction\",\"target\":[\"https:\/\/compuviper.mx\/tienda\/producto\/hikvision-ds-ups600-x6931847198992-ups-de-600-va-360w-proteccion-contra-sobrecarga-y-descarga-entrada-y-salida-120-vca-6-tomas-nema-5-15r-4-con-respaldo-y-2-sin-respaldo\/\"]}]},{\"@type\":\"BreadcrumbList\",\"@id\":\"https:\/\/compuviper.mx\/tienda\/producto\/hikvision-ds-ups600-x6931847198992-ups-de-600-va-360w-proteccion-contra-sobrecarga-y-descarga-entrada-y-salida-120-vca-6-tomas-nema-5-15r-4-con-respaldo-y-2-sin-respaldo\/#breadcrumb\",\"itemListElement\":[{\"@type\":\"ListItem\",\"position\":1,\"name\":\"Inicio\",\"item\":\"https:\/\/compuviper.mx\/tienda\/\"},{\"@type\":\"ListItem\",\"position\":2,\"name\":\"Productos\",\"item\":\"https:\/\/compuviper.mx\/tienda\/productos\/\"},{\"@type\":\"ListItem\",\"position\":3,\"name\":\"Energia\",\"item\":\"https:\/\/compuviper.mx\/tienda\/categoria-producto\/energia\/\"},{\"@type\":\"ListItem\",\"position\":4,\"name\":\"No Break\",\"item\":\"https:\/\/compuviper.mx\/tienda\/categoria-producto\/energia\/no-break\/\"},{\"@type\":\"ListItem\",\"position\":5,\"name\":\"Hikvision Ds-ups600-x,6931847198992 Ups De 600 Va \/ 360w \/ Proteccion Contra Sobrecarga Y Descarga \/ Entrada Y Salida 120 Vca \/ 6 Tomas Nema 5-15r (4 Con Respaldo Y 2 Sin Respaldo\"}]},{\"@type\":\"WebSite\",\"@id\":\"https:\/\/compuviper.mx\/tienda\/#website\",\"url\":\"https:\/\/compuviper.mx\/tienda\/\",\"name\":\"Compuviper\",\"description\":\"Proveedor de Computadoras, Laptops, Servidores, Monitores, Puntos de Venta, Teclados,   Impresoras, T\u00f3ner, C\u00e1maras de Seguridad y m\u00e1s en tu tienda en l\u00ednea\",\"publisher\":{\"@id\":\"https:\/\/compuviper.mx\/tienda\/#organization\"},\"potentialAction\":[{\"@type\":\"SearchAction\",\"target\":{\"@type\":\"EntryPoint\",\"urlTemplate\":\"https:\/\/compuviper.mx\/tienda\/?s={search_term_string}\"},\"query-input\":\"required name=search_term_string\"}],\"inLanguage\":\"es-MX\"},{\"@type\":\"Organization\",\"@id\":\"https:\/\/compuviper.mx\/tienda\/#organization\",\"name\":\"Compuviper\",\"url\":\"https:\/\/compuviper.mx\/tienda\/\",\"logo\":{\"@type\":\"ImageObject\",\"inLanguage\":\"es-MX\",\"@id\":\"https:\/\/compuviper.mx\/tienda\/#\/schema\/logo\/image\/\",\"url\":\"https:\/\/compuviper.mx\/tienda\/wp-content\/uploads\/2021\/08\/Logo-Compuviper-10.png\",\"contentUrl\":\"https:\/\/compuviper.mx\/tienda\/wp-content\/uploads\/2021\/08\/Logo-Compuviper-10.png\",\"width\":1000,\"height\":500,\"caption\":\"Compuviper\"},\"image\":{\"@id\":\"https:\/\/compuviper.mx\/tienda\/#\/schema\/logo\/image\/\"},\"sameAs\":[\"https:\/\/www.facebook.com\/compuviper\",\"https:\/\/www.youtube.com\/channel\/UCf73dERp9Y3cfOq7q8BhLjA?view_as=subscriber\"]}]}<\/script>\n<meta property=\"product:brand\" content=\"HIKVISION\" \/>\n<meta property=\"product:price:amount\" content=\"826\" \/>\n<meta property=\"product:price:currency\" content=\"MXN\" \/>\n<meta property=\"og:availability\" content=\"out of stock\" \/>\n<meta property=\"product:availability\" content=\"out of stock\" \/>\n<meta property=\"product:retailer_item_id\" content=\"DS-UPS600-X,6931847198992\" \/>\n<meta property=\"product:condition\" content=\"new\" \/>\n<!-- \/ Yoast SEO plugin. -->","yoast_head_json":{"title":"[ Hikvision ] &#129351; Ds-ups600-x,6931847198992 Ups De 600 Va \/ 360w \/ Proteccion Contra Sobrecarga Y Descarga \/ Entrada Y Salida 120 Vca \/ 6 Tomas Nema 5-15r (4 Con Respaldo Y 2 Sin Respaldo","description":"Compra Ds-ups600-x,6931847198992 Ups De 600 Va \/ 360w \/ Proteccion Contra Sobrecarga Y Descarga \/ Entrada Y Salida 120 Vca \/ 6 Tomas Nema 5-15r (4 Con Respaldo Y 2 Sin Respaldo + Env\u00edo a domicilio + Pago seguro + Garant\u00eda","robots":{"index":"index","follow":"follow","max-snippet":"max-snippet:-1","max-image-preview":"max-image-preview:large","max-video-preview":"max-video-preview:-1"},"canonical":"https:\/\/compuviper.mx\/tienda\/producto\/hikvision-ds-ups600-x6931847198992-ups-de-600-va-360w-proteccion-contra-sobrecarga-y-descarga-entrada-y-salida-120-vca-6-tomas-nema-5-15r-4-con-respaldo-y-2-sin-respaldo\/","og_locale":"es_MX","og_type":"article","og_title":"[ Hikvision ] &#129351; Ds-ups600-x,6931847198992 Ups De 600 Va \/ 360w \/ Proteccion Contra Sobrecarga Y Descarga \/ Entrada Y Salida 120 Vca \/ 6 Tomas Nema 5-15r (4 Con Respaldo Y 2 Sin Respaldo","og_description":"Compra Ds-ups600-x,6931847198992 Ups De 600 Va \/ 360w \/ Proteccion Contra Sobrecarga Y Descarga \/ Entrada Y Salida 120 Vca \/ 6 Tomas Nema 5-15r (4 Con Respaldo Y 2 Sin Respaldo + Env\u00edo a domicilio + Pago seguro + Garant\u00eda","og_url":"https:\/\/compuviper.mx\/tienda\/producto\/hikvision-ds-ups600-x6931847198992-ups-de-600-va-360w-proteccion-contra-sobrecarga-y-descarga-entrada-y-salida-120-vca-6-tomas-nema-5-15r-4-con-respaldo-y-2-sin-respaldo\/","og_site_name":"Compuviper","article_publisher":"https:\/\/www.facebook.com\/compuviper","og_image":[{"width":200,"height":200,"url":"https:\/\/compuviper.mx\/tienda\/wp-content\/uploads\/2025\/10\/Hikvision-ups-de-600-va-360w-proteccion-contra-sobrecarga-y-descarga-entrada-y-salida-120-vca-6-tomas-nema-5-15r-4-con-respaldo-y-2-sin-respaldo.jpg","type":"image\/jpeg"}],"twitter_card":"summary_large_image","twitter_misc":{"Precio":"&#36;826 con IVA","Availability":"Out of stock"},"schema":{"@context":"https:\/\/schema.org","@graph":[{"@type":"WebPage","@id":"https:\/\/compuviper.mx\/tienda\/producto\/hikvision-ds-ups600-x6931847198992-ups-de-600-va-360w-proteccion-contra-sobrecarga-y-descarga-entrada-y-salida-120-vca-6-tomas-nema-5-15r-4-con-respaldo-y-2-sin-respaldo\/","url":"https:\/\/compuviper.mx\/tienda\/producto\/hikvision-ds-ups600-x6931847198992-ups-de-600-va-360w-proteccion-contra-sobrecarga-y-descarga-entrada-y-salida-120-vca-6-tomas-nema-5-15r-4-con-respaldo-y-2-sin-respaldo\/","name":"[ Hikvision ] &#129351; Ds-ups600-x,6931847198992 Ups De 600 Va \/ 360w \/ Proteccion Contra Sobrecarga Y Descarga \/ Entrada Y Salida 120 Vca \/ 6 Tomas Nema 5-15r (4 Con Respaldo Y 2 Sin Respaldo","isPartOf":{"@id":"https:\/\/compuviper.mx\/tienda\/#website"},"datePublished":"2026-04-18T06:33:35+00:00","dateModified":"2026-04-18T06:33:35+00:00","description":"Compra Ds-ups600-x,6931847198992 Ups De 600 Va \/ 360w \/ Proteccion Contra Sobrecarga Y Descarga \/ Entrada Y Salida 120 Vca \/ 6 Tomas Nema 5-15r (4 Con Respaldo Y 2 Sin Respaldo + Env\u00edo a domicilio + Pago seguro + Garant\u00eda","breadcrumb":{"@id":"https:\/\/compuviper.mx\/tienda\/producto\/hikvision-ds-ups600-x6931847198992-ups-de-600-va-360w-proteccion-contra-sobrecarga-y-descarga-entrada-y-salida-120-vca-6-tomas-nema-5-15r-4-con-respaldo-y-2-sin-respaldo\/#breadcrumb"},"inLanguage":"es-MX","potentialAction":[{"@type":"ReadAction","target":["https:\/\/compuviper.mx\/tienda\/producto\/hikvision-ds-ups600-x6931847198992-ups-de-600-va-360w-proteccion-contra-sobrecarga-y-descarga-entrada-y-salida-120-vca-6-tomas-nema-5-15r-4-con-respaldo-y-2-sin-respaldo\/"]}]},{"@type":"BreadcrumbList","@id":"https:\/\/compuviper.mx\/tienda\/producto\/hikvision-ds-ups600-x6931847198992-ups-de-600-va-360w-proteccion-contra-sobrecarga-y-descarga-entrada-y-salida-120-vca-6-tomas-nema-5-15r-4-con-respaldo-y-2-sin-respaldo\/#breadcrumb","itemListElement":[{"@type":"ListItem","position":1,"name":"Inicio","item":"https:\/\/compuviper.mx\/tienda\/"},{"@type":"ListItem","position":2,"name":"Productos","item":"https:\/\/compuviper.mx\/tienda\/productos\/"},{"@type":"ListItem","position":3,"name":"Energia","item":"https:\/\/compuviper.mx\/tienda\/categoria-producto\/energia\/"},{"@type":"ListItem","position":4,"name":"No Break","item":"https:\/\/compuviper.mx\/tienda\/categoria-producto\/energia\/no-break\/"},{"@type":"ListItem","position":5,"name":"Hikvision Ds-ups600-x,6931847198992 Ups De 600 Va \/ 360w \/ Proteccion Contra Sobrecarga Y Descarga \/ Entrada Y Salida 120 Vca \/ 6 Tomas Nema 5-15r (4 Con Respaldo Y 2 Sin Respaldo"}]},{"@type":"WebSite","@id":"https:\/\/compuviper.mx\/tienda\/#website","url":"https:\/\/compuviper.mx\/tienda\/","name":"Compuviper","description":"Proveedor de Computadoras, Laptops, Servidores, Monitores, Puntos de Venta, Teclados,   Impresoras, T\u00f3ner, C\u00e1maras de Seguridad y m\u00e1s en tu tienda en l\u00ednea","publisher":{"@id":"https:\/\/compuviper.mx\/tienda\/#organization"},"potentialAction":[{"@type":"SearchAction","target":{"@type":"EntryPoint","urlTemplate":"https:\/\/compuviper.mx\/tienda\/?s={search_term_string}"},"query-input":"required name=search_term_string"}],"inLanguage":"es-MX"},{"@type":"Organization","@id":"https:\/\/compuviper.mx\/tienda\/#organization","name":"Compuviper","url":"https:\/\/compuviper.mx\/tienda\/","logo":{"@type":"ImageObject","inLanguage":"es-MX","@id":"https:\/\/compuviper.mx\/tienda\/#\/schema\/logo\/image\/","url":"https:\/\/compuviper.mx\/tienda\/wp-content\/uploads\/2021\/08\/Logo-Compuviper-10.png","contentUrl":"https:\/\/compuviper.mx\/tienda\/wp-content\/uploads\/2021\/08\/Logo-Compuviper-10.png","width":1000,"height":500,"caption":"Compuviper"},"image":{"@id":"https:\/\/compuviper.mx\/tienda\/#\/schema\/logo\/image\/"},"sameAs":["https:\/\/www.facebook.com\/compuviper","https:\/\/www.youtube.com\/channel\/UCf73dERp9Y3cfOq7q8BhLjA?view_as=subscriber"]}]},"product_brand":"HIKVISION","product_price_amount":"826","product_price_currency":"MXN","og_availability":"out of stock","product_availability":"out of stock","product_retailer_item_id":"DS-UPS600-X,6931847198992","product_condition":"new"},"_links":{"self":[{"href":"https:\/\/compuviper.mx\/tienda\/wp-json\/wp\/v2\/product\/243800"}],"collection":[{"href":"https:\/\/compuviper.mx\/tienda\/wp-json\/wp\/v2\/product"}],"about":[{"href":"https:\/\/compuviper.mx\/tienda\/wp-json\/wp\/v2\/types\/product"}],"replies":[{"embeddable":true,"href":"https:\/\/compuviper.mx\/tienda\/wp-json\/wp\/v2\/comments?post=243800"}],"wp:featuredmedia":[{"embeddable":true,"href":"https:\/\/compuviper.mx\/tienda\/wp-json\/wp\/v2\/media\/259550"}],"wp:attachment":[{"href":"https:\/\/compuviper.mx\/tienda\/wp-json\/wp\/v2\/media?parent=243800"}],"wp:term":[{"taxonomy":"product_cat","embeddable":true,"href":"https:\/\/compuviper.mx\/tienda\/wp-json\/wp\/v2\/product_cat?post=243800"},{"taxonomy":"product_tag","embeddable":true,"href":"https:\/\/compuviper.mx\/tienda\/wp-json\/wp\/v2\/product_tag?post=243800"}],"curies":[{"name":"wp","href":"https:\/\/api.w.org\/{rel}","templated":true}]}}