{"id":243792,"date":"2026-04-01T23:13:48","date_gmt":"2026-04-02T05:13:48","guid":{"rendered":"https:\/\/compuviper.mx\/tienda\/producto\/startech-com-usbdup15-clonador-autnomo-15-para-memorias-usb-copiador-de-unidades-de-memoria-usb-startech\/"},"modified":"2026-04-01T23:13:48","modified_gmt":"2026-04-02T05:13:48","slug":"startech-com-usbdup15-clonador-autnomo-15-para-memorias-usb-copiador-de-unidades-de-memoria-usb-startech","status":"publish","type":"product","link":"https:\/\/compuviper.mx\/tienda\/producto\/startech-com-usbdup15-clonador-autnomo-15-para-memorias-usb-copiador-de-unidades-de-memoria-usb-startech\/","title":{"rendered":"Startech.com Usbdup15 Clonador Autnomo 15 Para Memorias Usb &#8211; Copiador De Unidades De Memoria Usb Startech"},"content":{"rendered":"<table class=\"descripcion\">\n<tr>\n<td>Clone y borre unidades usb: clonador y limpiador de 1 a 5 unidades usb autonomo, sin necesidad de computadora &#8211; ideal para que los tecnicos y profesionales de ti puedan gestionar varias unidades usb<\/td>\n<\/tr>\n<tr>\n<td>Compatibilidad con unidades: admite la clonacion y el borrado de unidades flash usb 3.0\/2.0, y de tarjetas flash como sd, microsd mediante un adaptador usb o un lector de tarjetas (fcreadmicro3) que se venden por separado &#8211; firmware actualizable<\/td>\n<\/tr>\n<tr>\n<td>Modos de clonacion y borrado: copia de 1.5 gb\/min (formatos fat16\/32, ntfs, linux ext2, ext3, ext4), copia sectorial de toda la unidad (todos los formatos), borrado rapido, sobrescritura de una y tres pasadas (dod\/nist sp 800-88 rev 1 clear) &#8211; taa<\/td>\n<\/tr>\n<tr>\n<td>Pantalla lcd de men\u00fa: interfaz de botones para supervisar la informacion de la unidad &#8211; seleccione copiar y comparar para verificar sus unidades clonadas con la fuente cuando haya finalizado &#8211; leds verdes\/rojos para actividad\/errores<\/td>\n<\/tr>\n<tr>\n<td>Modo de copia asincronica: copie rapidamente en varias unidades usb mediante el modo de copia asincronica con memoria interna de 64 mb &#8211; el contenido de origen debe ser inferior a 64 mb<\/td>\n<\/tr>\n<\/table>\n","protected":false},"excerpt":{"rendered":"<p>Clonador autonomo 1:5 para memorias usb &#8211; copiador de unidades de memoria usb &#8211; copia sector por sector de sistema y archivos &#8211; 1.5 gb\/min &#8211; borrado de 3 pasos &#8211; pantalla lcd<\/p>\n","protected":false},"featured_media":258645,"comment_status":"open","ping_status":"open","template":"","meta":[],"product_cat":[1485,1492],"product_tag":[1590],"acf":[],"yoast_head":"<!-- This site is optimized with the Yoast SEO plugin v21.7 - https:\/\/yoast.com\/wordpress\/plugins\/seo\/ -->\n<title>[ Startech.com ] &#129351; Usbdup15 Clonador Autnomo 15 Para Memorias Usb - Copiador De Unidades De Memoria Usb Startech<\/title>\n<meta name=\"description\" content=\"Compra Usbdup15 Clonador Autnomo 15 Para Memorias Usb - Copiador De Unidades De Memoria Usb Startech + Env\u00edo a domicilio + Pago seguro + Garant\u00eda\" \/>\n<meta name=\"robots\" content=\"index, follow, max-snippet:-1, max-image-preview:large, max-video-preview:-1\" \/>\n<link rel=\"canonical\" href=\"https:\/\/compuviper.mx\/tienda\/producto\/startech-com-usbdup15-clonador-autnomo-15-para-memorias-usb-copiador-de-unidades-de-memoria-usb-startech\/\" \/>\n<meta property=\"og:locale\" content=\"es_MX\" \/>\n<meta property=\"og:type\" content=\"article\" \/>\n<meta property=\"og:title\" content=\"[ Startech.com ] &#129351; Usbdup15 Clonador Autnomo 15 Para Memorias Usb - Copiador De Unidades De Memoria Usb Startech\" \/>\n<meta property=\"og:description\" content=\"Compra Usbdup15 Clonador Autnomo 15 Para Memorias Usb - Copiador De Unidades De Memoria Usb Startech + Env\u00edo a domicilio + Pago seguro + Garant\u00eda\" \/>\n<meta property=\"og:url\" content=\"https:\/\/compuviper.mx\/tienda\/producto\/startech-com-usbdup15-clonador-autnomo-15-para-memorias-usb-copiador-de-unidades-de-memoria-usb-startech\/\" \/>\n<meta property=\"og:site_name\" content=\"Compuviper\" \/>\n<meta property=\"article:publisher\" content=\"https:\/\/www.facebook.com\/compuviper\" \/>\n<meta property=\"og:image\" content=\"https:\/\/compuviper.mx\/tienda\/wp-content\/uploads\/2025\/10\/Clonador-autnomo-15-para-memorias-usb-copiador-de-unidades-de-memoria-usb-startech.jpg\" \/>\n\t<meta property=\"og:image:width\" content=\"200\" \/>\n\t<meta property=\"og:image:height\" content=\"200\" \/>\n\t<meta property=\"og:image:type\" content=\"image\/jpeg\" \/>\n<meta name=\"twitter:card\" content=\"summary_large_image\" \/>\n<meta name=\"twitter:label1\" content=\"Precio\" \/>\n\t<meta name=\"twitter:data1\" content=\"&#36;9,439 con IVA\" \/>\n\t<meta name=\"twitter:label2\" content=\"Availability\" \/>\n\t<meta name=\"twitter:data2\" content=\"Out of stock\" \/>\n<script type=\"application\/ld+json\" class=\"yoast-schema-graph\">{\"@context\":\"https:\/\/schema.org\",\"@graph\":[{\"@type\":\"WebPage\",\"@id\":\"https:\/\/compuviper.mx\/tienda\/producto\/startech-com-usbdup15-clonador-autnomo-15-para-memorias-usb-copiador-de-unidades-de-memoria-usb-startech\/\",\"url\":\"https:\/\/compuviper.mx\/tienda\/producto\/startech-com-usbdup15-clonador-autnomo-15-para-memorias-usb-copiador-de-unidades-de-memoria-usb-startech\/\",\"name\":\"[ Startech.com ] &#129351; Usbdup15 Clonador Autnomo 15 Para Memorias Usb - Copiador De Unidades De Memoria Usb Startech\",\"isPartOf\":{\"@id\":\"https:\/\/compuviper.mx\/tienda\/#website\"},\"datePublished\":\"2026-04-02T05:13:48+00:00\",\"dateModified\":\"2026-04-02T05:13:48+00:00\",\"description\":\"Compra Usbdup15 Clonador Autnomo 15 Para Memorias Usb - Copiador De Unidades De Memoria Usb Startech + Env\u00edo a domicilio + Pago seguro + Garant\u00eda\",\"breadcrumb\":{\"@id\":\"https:\/\/compuviper.mx\/tienda\/producto\/startech-com-usbdup15-clonador-autnomo-15-para-memorias-usb-copiador-de-unidades-de-memoria-usb-startech\/#breadcrumb\"},\"inLanguage\":\"es-MX\",\"potentialAction\":[{\"@type\":\"ReadAction\",\"target\":[\"https:\/\/compuviper.mx\/tienda\/producto\/startech-com-usbdup15-clonador-autnomo-15-para-memorias-usb-copiador-de-unidades-de-memoria-usb-startech\/\"]}]},{\"@type\":\"BreadcrumbList\",\"@id\":\"https:\/\/compuviper.mx\/tienda\/producto\/startech-com-usbdup15-clonador-autnomo-15-para-memorias-usb-copiador-de-unidades-de-memoria-usb-startech\/#breadcrumb\",\"itemListElement\":[{\"@type\":\"ListItem\",\"position\":1,\"name\":\"Inicio\",\"item\":\"https:\/\/compuviper.mx\/tienda\/\"},{\"@type\":\"ListItem\",\"position\":2,\"name\":\"Productos\",\"item\":\"https:\/\/compuviper.mx\/tienda\/productos\/\"},{\"@type\":\"ListItem\",\"position\":3,\"name\":\"Accesorios\",\"item\":\"https:\/\/compuviper.mx\/tienda\/categoria-producto\/accesorios\/\"},{\"@type\":\"ListItem\",\"position\":4,\"name\":\"Adaptadores\",\"item\":\"https:\/\/compuviper.mx\/tienda\/categoria-producto\/accesorios\/adaptadores\/\"},{\"@type\":\"ListItem\",\"position\":5,\"name\":\"Startech.com Usbdup15 Clonador Autnomo 15 Para Memorias Usb &#8211; Copiador De Unidades De Memoria Usb Startech\"}]},{\"@type\":\"WebSite\",\"@id\":\"https:\/\/compuviper.mx\/tienda\/#website\",\"url\":\"https:\/\/compuviper.mx\/tienda\/\",\"name\":\"Compuviper\",\"description\":\"Proveedor de Computadoras, Laptops, Servidores, Monitores, Puntos de Venta, Teclados,   Impresoras, T\u00f3ner, C\u00e1maras de Seguridad y m\u00e1s en tu tienda en l\u00ednea\",\"publisher\":{\"@id\":\"https:\/\/compuviper.mx\/tienda\/#organization\"},\"potentialAction\":[{\"@type\":\"SearchAction\",\"target\":{\"@type\":\"EntryPoint\",\"urlTemplate\":\"https:\/\/compuviper.mx\/tienda\/?s={search_term_string}\"},\"query-input\":\"required name=search_term_string\"}],\"inLanguage\":\"es-MX\"},{\"@type\":\"Organization\",\"@id\":\"https:\/\/compuviper.mx\/tienda\/#organization\",\"name\":\"Compuviper\",\"url\":\"https:\/\/compuviper.mx\/tienda\/\",\"logo\":{\"@type\":\"ImageObject\",\"inLanguage\":\"es-MX\",\"@id\":\"https:\/\/compuviper.mx\/tienda\/#\/schema\/logo\/image\/\",\"url\":\"https:\/\/compuviper.mx\/tienda\/wp-content\/uploads\/2021\/08\/Logo-Compuviper-10.png\",\"contentUrl\":\"https:\/\/compuviper.mx\/tienda\/wp-content\/uploads\/2021\/08\/Logo-Compuviper-10.png\",\"width\":1000,\"height\":500,\"caption\":\"Compuviper\"},\"image\":{\"@id\":\"https:\/\/compuviper.mx\/tienda\/#\/schema\/logo\/image\/\"},\"sameAs\":[\"https:\/\/www.facebook.com\/compuviper\",\"https:\/\/www.youtube.com\/channel\/UCf73dERp9Y3cfOq7q8BhLjA?view_as=subscriber\"]}]}<\/script>\n<meta property=\"product:brand\" content=\"STARTECH.COM\" \/>\n<meta property=\"product:price:amount\" content=\"9439\" \/>\n<meta property=\"product:price:currency\" content=\"MXN\" \/>\n<meta property=\"og:availability\" content=\"out of stock\" \/>\n<meta property=\"product:availability\" content=\"out of stock\" \/>\n<meta property=\"product:retailer_item_id\" content=\"USBDUP15\" \/>\n<meta property=\"product:condition\" content=\"new\" \/>\n<!-- \/ Yoast SEO plugin. -->","yoast_head_json":{"title":"[ Startech.com ] &#129351; Usbdup15 Clonador Autnomo 15 Para Memorias Usb - Copiador De Unidades De Memoria Usb Startech","description":"Compra Usbdup15 Clonador Autnomo 15 Para Memorias Usb - Copiador De Unidades De Memoria Usb Startech + Env\u00edo a domicilio + Pago seguro + Garant\u00eda","robots":{"index":"index","follow":"follow","max-snippet":"max-snippet:-1","max-image-preview":"max-image-preview:large","max-video-preview":"max-video-preview:-1"},"canonical":"https:\/\/compuviper.mx\/tienda\/producto\/startech-com-usbdup15-clonador-autnomo-15-para-memorias-usb-copiador-de-unidades-de-memoria-usb-startech\/","og_locale":"es_MX","og_type":"article","og_title":"[ Startech.com ] &#129351; Usbdup15 Clonador Autnomo 15 Para Memorias Usb - Copiador De Unidades De Memoria Usb Startech","og_description":"Compra Usbdup15 Clonador Autnomo 15 Para Memorias Usb - Copiador De Unidades De Memoria Usb Startech + Env\u00edo a domicilio + Pago seguro + Garant\u00eda","og_url":"https:\/\/compuviper.mx\/tienda\/producto\/startech-com-usbdup15-clonador-autnomo-15-para-memorias-usb-copiador-de-unidades-de-memoria-usb-startech\/","og_site_name":"Compuviper","article_publisher":"https:\/\/www.facebook.com\/compuviper","og_image":[{"width":200,"height":200,"url":"https:\/\/compuviper.mx\/tienda\/wp-content\/uploads\/2025\/10\/Clonador-autnomo-15-para-memorias-usb-copiador-de-unidades-de-memoria-usb-startech.jpg","type":"image\/jpeg"}],"twitter_card":"summary_large_image","twitter_misc":{"Precio":"&#36;9,439 con IVA","Availability":"Out of stock"},"schema":{"@context":"https:\/\/schema.org","@graph":[{"@type":"WebPage","@id":"https:\/\/compuviper.mx\/tienda\/producto\/startech-com-usbdup15-clonador-autnomo-15-para-memorias-usb-copiador-de-unidades-de-memoria-usb-startech\/","url":"https:\/\/compuviper.mx\/tienda\/producto\/startech-com-usbdup15-clonador-autnomo-15-para-memorias-usb-copiador-de-unidades-de-memoria-usb-startech\/","name":"[ Startech.com ] &#129351; Usbdup15 Clonador Autnomo 15 Para Memorias Usb - Copiador De Unidades De Memoria Usb Startech","isPartOf":{"@id":"https:\/\/compuviper.mx\/tienda\/#website"},"datePublished":"2026-04-02T05:13:48+00:00","dateModified":"2026-04-02T05:13:48+00:00","description":"Compra Usbdup15 Clonador Autnomo 15 Para Memorias Usb - Copiador De Unidades De Memoria Usb Startech + Env\u00edo a domicilio + Pago seguro + Garant\u00eda","breadcrumb":{"@id":"https:\/\/compuviper.mx\/tienda\/producto\/startech-com-usbdup15-clonador-autnomo-15-para-memorias-usb-copiador-de-unidades-de-memoria-usb-startech\/#breadcrumb"},"inLanguage":"es-MX","potentialAction":[{"@type":"ReadAction","target":["https:\/\/compuviper.mx\/tienda\/producto\/startech-com-usbdup15-clonador-autnomo-15-para-memorias-usb-copiador-de-unidades-de-memoria-usb-startech\/"]}]},{"@type":"BreadcrumbList","@id":"https:\/\/compuviper.mx\/tienda\/producto\/startech-com-usbdup15-clonador-autnomo-15-para-memorias-usb-copiador-de-unidades-de-memoria-usb-startech\/#breadcrumb","itemListElement":[{"@type":"ListItem","position":1,"name":"Inicio","item":"https:\/\/compuviper.mx\/tienda\/"},{"@type":"ListItem","position":2,"name":"Productos","item":"https:\/\/compuviper.mx\/tienda\/productos\/"},{"@type":"ListItem","position":3,"name":"Accesorios","item":"https:\/\/compuviper.mx\/tienda\/categoria-producto\/accesorios\/"},{"@type":"ListItem","position":4,"name":"Adaptadores","item":"https:\/\/compuviper.mx\/tienda\/categoria-producto\/accesorios\/adaptadores\/"},{"@type":"ListItem","position":5,"name":"Startech.com Usbdup15 Clonador Autnomo 15 Para Memorias Usb &#8211; Copiador De Unidades De Memoria Usb Startech"}]},{"@type":"WebSite","@id":"https:\/\/compuviper.mx\/tienda\/#website","url":"https:\/\/compuviper.mx\/tienda\/","name":"Compuviper","description":"Proveedor de Computadoras, Laptops, Servidores, Monitores, Puntos de Venta, Teclados,   Impresoras, T\u00f3ner, C\u00e1maras de Seguridad y m\u00e1s en tu tienda en l\u00ednea","publisher":{"@id":"https:\/\/compuviper.mx\/tienda\/#organization"},"potentialAction":[{"@type":"SearchAction","target":{"@type":"EntryPoint","urlTemplate":"https:\/\/compuviper.mx\/tienda\/?s={search_term_string}"},"query-input":"required name=search_term_string"}],"inLanguage":"es-MX"},{"@type":"Organization","@id":"https:\/\/compuviper.mx\/tienda\/#organization","name":"Compuviper","url":"https:\/\/compuviper.mx\/tienda\/","logo":{"@type":"ImageObject","inLanguage":"es-MX","@id":"https:\/\/compuviper.mx\/tienda\/#\/schema\/logo\/image\/","url":"https:\/\/compuviper.mx\/tienda\/wp-content\/uploads\/2021\/08\/Logo-Compuviper-10.png","contentUrl":"https:\/\/compuviper.mx\/tienda\/wp-content\/uploads\/2021\/08\/Logo-Compuviper-10.png","width":1000,"height":500,"caption":"Compuviper"},"image":{"@id":"https:\/\/compuviper.mx\/tienda\/#\/schema\/logo\/image\/"},"sameAs":["https:\/\/www.facebook.com\/compuviper","https:\/\/www.youtube.com\/channel\/UCf73dERp9Y3cfOq7q8BhLjA?view_as=subscriber"]}]},"product_brand":"STARTECH.COM","product_price_amount":"9439","product_price_currency":"MXN","og_availability":"out of stock","product_availability":"out of stock","product_retailer_item_id":"USBDUP15","product_condition":"new"},"_links":{"self":[{"href":"https:\/\/compuviper.mx\/tienda\/wp-json\/wp\/v2\/product\/243792"}],"collection":[{"href":"https:\/\/compuviper.mx\/tienda\/wp-json\/wp\/v2\/product"}],"about":[{"href":"https:\/\/compuviper.mx\/tienda\/wp-json\/wp\/v2\/types\/product"}],"replies":[{"embeddable":true,"href":"https:\/\/compuviper.mx\/tienda\/wp-json\/wp\/v2\/comments?post=243792"}],"wp:featuredmedia":[{"embeddable":true,"href":"https:\/\/compuviper.mx\/tienda\/wp-json\/wp\/v2\/media\/258645"}],"wp:attachment":[{"href":"https:\/\/compuviper.mx\/tienda\/wp-json\/wp\/v2\/media?parent=243792"}],"wp:term":[{"taxonomy":"product_cat","embeddable":true,"href":"https:\/\/compuviper.mx\/tienda\/wp-json\/wp\/v2\/product_cat?post=243792"},{"taxonomy":"product_tag","embeddable":true,"href":"https:\/\/compuviper.mx\/tienda\/wp-json\/wp\/v2\/product_tag?post=243792"}],"curies":[{"name":"wp","href":"https:\/\/api.w.org\/{rel}","templated":true}]}}