{"id":243783,"date":"2026-04-02T01:59:47","date_gmt":"2026-04-02T07:59:47","guid":{"rendered":"https:\/\/compuviper.mx\/tienda\/producto\/canon-6383c002aa-escaner-imageformula-dr-s250n-50-ppm-simplex-100-ipm-dplex-600-dpi-ethernet-lan-usb-3-2-gen-1-windows-mac-alimentacion-60-hojas-oficio-vertical-6000-escaneos-diarios\/"},"modified":"2026-04-02T01:59:47","modified_gmt":"2026-04-02T07:59:47","slug":"canon-6383c002aa-escaner-imageformula-dr-s250n-50-ppm-simplex-100-ipm-dplex-600-dpi-ethernet-lan-usb-3-2-gen-1-windows-mac-alimentacion-60-hojas-oficio-vertical-6000-escaneos-diarios","status":"publish","type":"product","link":"https:\/\/compuviper.mx\/tienda\/producto\/canon-6383c002aa-escaner-imageformula-dr-s250n-50-ppm-simplex-100-ipm-dplex-600-dpi-ethernet-lan-usb-3-2-gen-1-windows-mac-alimentacion-60-hojas-oficio-vertical-6000-escaneos-diarios\/","title":{"rendered":"Canon 6383c002aa Escaner  Imageformula Dr-s250n 50 Ppm Simplex 100 Ipm Dplex 600 Dpi Ethernet Lan Usb 3.2 Gen 1. Windows\/mac, Alimentacion 60 Hojas Oficio, Vertical 6,000 Escaneos Diarios"},"content":{"rendered":"<table class=\"descripcion\">\n<tr>\n<td>Alimentacion de documentos autom\u00e1tica o manual.<\/td>\n<\/tr>\n<tr>\n<td>Resolucion optica de hasta 600 dpi.<\/td>\n<\/tr>\n<tr>\n<td>Fuente de luz led rgb.<\/td>\n<\/tr>\n<tr>\n<td>Sensor de imagen por contacto de 1 lnea cis.<\/td>\n<\/tr>\n<tr>\n<td>Conectividad:<\/td>\n<\/tr>\n<tr>\n<td>Usb 3.2 gen 1.<\/td>\n<\/tr>\n<tr>\n<td>Usb2.0 unicamente para lector nfc.<\/td>\n<\/tr>\n<tr>\n<td>Ethernet lan 10base-t\/100base- tx\/1000base-t.<\/td>\n<\/tr>\n<tr>\n<td>Consumo elctrico<\/td>\n<\/tr>\n<tr>\n<td>Escaneando: 24.5 w o menos.<\/td>\n<\/tr>\n<tr>\n<td>Modo de reposo: 1.6 w o menos.<\/td>\n<\/tr>\n<tr>\n<td> apagado: 0.1w o menos.<\/td>\n<\/tr>\n<tr>\n<td>Certificacion energy star\u00ae.<\/td>\n<\/tr>\n<tr>\n<td>Escaneo<\/td>\n<\/tr>\n<tr>\n<td>Velocidad de escaneo max. blanco y negro, escala de grises y color<\/td>\n<\/tr>\n<tr>\n<td>Hasta 50 ppm simplex | 100 ipm dplex.<\/td>\n<\/tr>\n<tr>\n<td> modo de escaneo blanco y negro.<\/td>\n<\/tr>\n<tr>\n<td> escala de grises 8-bit. color 24-bit.<\/td>\n<\/tr>\n<tr>\n<td>Resolucion de salida<\/td>\n<\/tr>\n<tr>\n<td> 100\/150\/200\/240\/300\/400\/600\/1200 dpi.<\/td>\n<\/tr>\n<tr>\n<td>Volumen diario recomendado<\/td>\n<\/tr>\n<tr>\n<td> 6,000 escaneos por da.<\/td>\n<\/tr>\n<tr>\n<td>Tamao del documento<\/td>\n<\/tr>\n<tr>\n<td> ancho de 5 hasta 21.5 cm 2\u0094 a 8.5\u0094<\/td>\n<\/tr>\n<tr>\n<td>Largo<\/td>\n<\/tr>\n<tr>\n<td>De 5.3 hasta 35. 5 cm 2.1\u0094 a 14\u0094<\/td>\n<\/tr>\n<tr>\n<td>Modo de documentos largos<\/td>\n<\/tr>\n<tr>\n<td>Hasta 558. 8 cm 220\u0094.<\/td>\n<\/tr>\n<tr>\n<td>Capacidad del alimentador de hasta 60 hojas.<\/td>\n<\/tr>\n<tr>\n<td>Software integrado:<\/td>\n<\/tr>\n<tr>\n<td>Software de escaneo web<\/td>\n<\/tr>\n<tr>\n<td>Canon captureontouch lite.<\/td>\n<\/tr>\n<tr>\n<td>Canon captureontouch pro.<\/td>\n<\/tr>\n<tr>\n<td>Software de gestion :<\/td>\n<\/tr>\n<tr>\n<td> dr scanner management tool.<\/td>\n<\/tr>\n<tr>\n<td> isis\/twain.<\/td>\n<\/tr>\n<\/table>\n","protected":false},"excerpt":{"rendered":"<p>Imageformula dr-s250n proporciona una solucin de escaneo r\u00e1pida, sencilla y vers\u00e1til. Convierte, procesa y comparte documentos de forma virtual, incluso sin tocar . Esc\u00e1ner departamental para documentos de oficina. El equipo. Es ideal para automatizar procesos en oficinas y entornos compartidos gracias al escaneo web sin drivers.<\/p>\n","protected":false},"featured_media":260773,"comment_status":"open","ping_status":"open","template":"","meta":[],"product_cat":[1805,1807],"product_tag":[1554],"acf":[],"yoast_head":"<!-- This site is optimized with the Yoast SEO plugin v21.7 - https:\/\/yoast.com\/wordpress\/plugins\/seo\/ -->\n<title>[ Canon ] &#129351; 6383c002aa Escaner Imageformula Dr-s250n 50 Ppm Simplex 100 Ipm Dplex 600 Dpi Ethernet Lan Usb 3.2 Gen 1. Windows\/mac, Alimentacion 60 Hojas Oficio, Vertical 6,000 Escaneos Diarios<\/title>\n<meta name=\"description\" content=\"Compra 6383c002aa Escaner Imageformula Dr-s250n 50 Ppm Simplex 100 Ipm Dplex 600 Dpi Ethernet Lan Usb 3.2 Gen 1. Windows\/mac, Alimentacion 60 Hojas Oficio, Vertical 6,000 Escaneos Diarios + Env\u00edo a domicilio + Pago seguro + Garant\u00eda\" \/>\n<meta name=\"robots\" content=\"index, follow, max-snippet:-1, max-image-preview:large, max-video-preview:-1\" \/>\n<link rel=\"canonical\" href=\"https:\/\/compuviper.mx\/tienda\/producto\/canon-6383c002aa-escaner-imageformula-dr-s250n-50-ppm-simplex-100-ipm-dplex-600-dpi-ethernet-lan-usb-3-2-gen-1-windows-mac-alimentacion-60-hojas-oficio-vertical-6000-escaneos-diarios\/\" \/>\n<meta property=\"og:locale\" content=\"es_MX\" \/>\n<meta property=\"og:type\" content=\"article\" \/>\n<meta property=\"og:title\" content=\"[ Canon ] &#129351; 6383c002aa Escaner Imageformula Dr-s250n 50 Ppm Simplex 100 Ipm Dplex 600 Dpi Ethernet Lan Usb 3.2 Gen 1. Windows\/mac, Alimentacion 60 Hojas Oficio, Vertical 6,000 Escaneos Diarios\" \/>\n<meta property=\"og:description\" content=\"Compra 6383c002aa Escaner Imageformula Dr-s250n 50 Ppm Simplex 100 Ipm Dplex 600 Dpi Ethernet Lan Usb 3.2 Gen 1. Windows\/mac, Alimentacion 60 Hojas Oficio, Vertical 6,000 Escaneos Diarios + Env\u00edo a domicilio + Pago seguro + Garant\u00eda\" \/>\n<meta property=\"og:url\" content=\"https:\/\/compuviper.mx\/tienda\/producto\/canon-6383c002aa-escaner-imageformula-dr-s250n-50-ppm-simplex-100-ipm-dplex-600-dpi-ethernet-lan-usb-3-2-gen-1-windows-mac-alimentacion-60-hojas-oficio-vertical-6000-escaneos-diarios\/\" \/>\n<meta property=\"og:site_name\" content=\"Compuviper\" \/>\n<meta property=\"article:publisher\" content=\"https:\/\/www.facebook.com\/compuviper\" \/>\n<meta property=\"og:image\" content=\"https:\/\/compuviper.mx\/tienda\/wp-content\/uploads\/2025\/10\/Escaner-canon-imageformula-dr-s250n-50-ppm-simplex-100-ipm-duplex-600-dpi-ethernet-lan-usb-3.2-gen-1.-windowsmac-alimentacion-60-hojas-oficio-vertical-6000-escaneos-diarios.jpg\" \/>\n\t<meta property=\"og:image:width\" content=\"200\" \/>\n\t<meta property=\"og:image:height\" content=\"200\" \/>\n\t<meta property=\"og:image:type\" content=\"image\/jpeg\" \/>\n<meta name=\"twitter:card\" content=\"summary_large_image\" \/>\n<meta name=\"twitter:label1\" content=\"Precio\" \/>\n\t<meta name=\"twitter:data1\" content=\"&#36;15,731 con IVA\" \/>\n\t<meta name=\"twitter:label2\" content=\"Availability\" \/>\n\t<meta name=\"twitter:data2\" content=\"On backorder\" \/>\n<script type=\"application\/ld+json\" class=\"yoast-schema-graph\">{\"@context\":\"https:\/\/schema.org\",\"@graph\":[{\"@type\":\"WebPage\",\"@id\":\"https:\/\/compuviper.mx\/tienda\/producto\/canon-6383c002aa-escaner-imageformula-dr-s250n-50-ppm-simplex-100-ipm-dplex-600-dpi-ethernet-lan-usb-3-2-gen-1-windows-mac-alimentacion-60-hojas-oficio-vertical-6000-escaneos-diarios\/\",\"url\":\"https:\/\/compuviper.mx\/tienda\/producto\/canon-6383c002aa-escaner-imageformula-dr-s250n-50-ppm-simplex-100-ipm-dplex-600-dpi-ethernet-lan-usb-3-2-gen-1-windows-mac-alimentacion-60-hojas-oficio-vertical-6000-escaneos-diarios\/\",\"name\":\"[ Canon ] &#129351; 6383c002aa Escaner Imageformula Dr-s250n 50 Ppm Simplex 100 Ipm Dplex 600 Dpi Ethernet Lan Usb 3.2 Gen 1. Windows\/mac, Alimentacion 60 Hojas Oficio, Vertical 6,000 Escaneos Diarios\",\"isPartOf\":{\"@id\":\"https:\/\/compuviper.mx\/tienda\/#website\"},\"datePublished\":\"2026-04-02T07:59:47+00:00\",\"dateModified\":\"2026-04-02T07:59:47+00:00\",\"description\":\"Compra 6383c002aa Escaner Imageformula Dr-s250n 50 Ppm Simplex 100 Ipm Dplex 600 Dpi Ethernet Lan Usb 3.2 Gen 1. Windows\/mac, Alimentacion 60 Hojas Oficio, Vertical 6,000 Escaneos Diarios + Env\u00edo a domicilio + Pago seguro + Garant\u00eda\",\"breadcrumb\":{\"@id\":\"https:\/\/compuviper.mx\/tienda\/producto\/canon-6383c002aa-escaner-imageformula-dr-s250n-50-ppm-simplex-100-ipm-dplex-600-dpi-ethernet-lan-usb-3-2-gen-1-windows-mac-alimentacion-60-hojas-oficio-vertical-6000-escaneos-diarios\/#breadcrumb\"},\"inLanguage\":\"es-MX\",\"potentialAction\":[{\"@type\":\"ReadAction\",\"target\":[\"https:\/\/compuviper.mx\/tienda\/producto\/canon-6383c002aa-escaner-imageformula-dr-s250n-50-ppm-simplex-100-ipm-dplex-600-dpi-ethernet-lan-usb-3-2-gen-1-windows-mac-alimentacion-60-hojas-oficio-vertical-6000-escaneos-diarios\/\"]}]},{\"@type\":\"BreadcrumbList\",\"@id\":\"https:\/\/compuviper.mx\/tienda\/producto\/canon-6383c002aa-escaner-imageformula-dr-s250n-50-ppm-simplex-100-ipm-dplex-600-dpi-ethernet-lan-usb-3-2-gen-1-windows-mac-alimentacion-60-hojas-oficio-vertical-6000-escaneos-diarios\/#breadcrumb\",\"itemListElement\":[{\"@type\":\"ListItem\",\"position\":1,\"name\":\"Inicio\",\"item\":\"https:\/\/compuviper.mx\/tienda\/\"},{\"@type\":\"ListItem\",\"position\":2,\"name\":\"Productos\",\"item\":\"https:\/\/compuviper.mx\/tienda\/productos\/\"},{\"@type\":\"ListItem\",\"position\":3,\"name\":\"Scanner\",\"item\":\"https:\/\/compuviper.mx\/tienda\/categoria-producto\/scanner\/\"},{\"@type\":\"ListItem\",\"position\":4,\"name\":\"Scanner Documentos\",\"item\":\"https:\/\/compuviper.mx\/tienda\/categoria-producto\/scanner\/scanner-documentos\/\"},{\"@type\":\"ListItem\",\"position\":5,\"name\":\"Canon 6383c002aa Escaner Imageformula Dr-s250n 50 Ppm Simplex 100 Ipm Dplex 600 Dpi Ethernet Lan Usb 3.2 Gen 1. Windows\/mac, Alimentacion 60 Hojas Oficio, Vertical 6,000 Escaneos Diarios\"}]},{\"@type\":\"WebSite\",\"@id\":\"https:\/\/compuviper.mx\/tienda\/#website\",\"url\":\"https:\/\/compuviper.mx\/tienda\/\",\"name\":\"Compuviper\",\"description\":\"Proveedor de Computadoras, Laptops, Servidores, Monitores, Puntos de Venta, Teclados,   Impresoras, T\u00f3ner, C\u00e1maras de Seguridad y m\u00e1s en tu tienda en l\u00ednea\",\"publisher\":{\"@id\":\"https:\/\/compuviper.mx\/tienda\/#organization\"},\"potentialAction\":[{\"@type\":\"SearchAction\",\"target\":{\"@type\":\"EntryPoint\",\"urlTemplate\":\"https:\/\/compuviper.mx\/tienda\/?s={search_term_string}\"},\"query-input\":\"required name=search_term_string\"}],\"inLanguage\":\"es-MX\"},{\"@type\":\"Organization\",\"@id\":\"https:\/\/compuviper.mx\/tienda\/#organization\",\"name\":\"Compuviper\",\"url\":\"https:\/\/compuviper.mx\/tienda\/\",\"logo\":{\"@type\":\"ImageObject\",\"inLanguage\":\"es-MX\",\"@id\":\"https:\/\/compuviper.mx\/tienda\/#\/schema\/logo\/image\/\",\"url\":\"https:\/\/compuviper.mx\/tienda\/wp-content\/uploads\/2021\/08\/Logo-Compuviper-10.png\",\"contentUrl\":\"https:\/\/compuviper.mx\/tienda\/wp-content\/uploads\/2021\/08\/Logo-Compuviper-10.png\",\"width\":1000,\"height\":500,\"caption\":\"Compuviper\"},\"image\":{\"@id\":\"https:\/\/compuviper.mx\/tienda\/#\/schema\/logo\/image\/\"},\"sameAs\":[\"https:\/\/www.facebook.com\/compuviper\",\"https:\/\/www.youtube.com\/channel\/UCf73dERp9Y3cfOq7q8BhLjA?view_as=subscriber\"]}]}<\/script>\n<meta property=\"product:brand\" content=\"CANON\" \/>\n<meta property=\"product:price:amount\" content=\"15731\" \/>\n<meta property=\"product:price:currency\" content=\"MXN\" \/>\n<meta property=\"og:availability\" content=\"backorder\" \/>\n<meta property=\"product:availability\" content=\"available for order\" \/>\n<meta property=\"product:retailer_item_id\" content=\"6383C002AA\" \/>\n<meta property=\"product:condition\" content=\"new\" \/>\n<!-- \/ Yoast SEO plugin. -->","yoast_head_json":{"title":"[ Canon ] &#129351; 6383c002aa Escaner Imageformula Dr-s250n 50 Ppm Simplex 100 Ipm Dplex 600 Dpi Ethernet Lan Usb 3.2 Gen 1. Windows\/mac, Alimentacion 60 Hojas Oficio, Vertical 6,000 Escaneos Diarios","description":"Compra 6383c002aa Escaner Imageformula Dr-s250n 50 Ppm Simplex 100 Ipm Dplex 600 Dpi Ethernet Lan Usb 3.2 Gen 1. Windows\/mac, Alimentacion 60 Hojas Oficio, Vertical 6,000 Escaneos Diarios + Env\u00edo a domicilio + Pago seguro + Garant\u00eda","robots":{"index":"index","follow":"follow","max-snippet":"max-snippet:-1","max-image-preview":"max-image-preview:large","max-video-preview":"max-video-preview:-1"},"canonical":"https:\/\/compuviper.mx\/tienda\/producto\/canon-6383c002aa-escaner-imageformula-dr-s250n-50-ppm-simplex-100-ipm-dplex-600-dpi-ethernet-lan-usb-3-2-gen-1-windows-mac-alimentacion-60-hojas-oficio-vertical-6000-escaneos-diarios\/","og_locale":"es_MX","og_type":"article","og_title":"[ Canon ] &#129351; 6383c002aa Escaner Imageformula Dr-s250n 50 Ppm Simplex 100 Ipm Dplex 600 Dpi Ethernet Lan Usb 3.2 Gen 1. Windows\/mac, Alimentacion 60 Hojas Oficio, Vertical 6,000 Escaneos Diarios","og_description":"Compra 6383c002aa Escaner Imageformula Dr-s250n 50 Ppm Simplex 100 Ipm Dplex 600 Dpi Ethernet Lan Usb 3.2 Gen 1. Windows\/mac, Alimentacion 60 Hojas Oficio, Vertical 6,000 Escaneos Diarios + Env\u00edo a domicilio + Pago seguro + Garant\u00eda","og_url":"https:\/\/compuviper.mx\/tienda\/producto\/canon-6383c002aa-escaner-imageformula-dr-s250n-50-ppm-simplex-100-ipm-dplex-600-dpi-ethernet-lan-usb-3-2-gen-1-windows-mac-alimentacion-60-hojas-oficio-vertical-6000-escaneos-diarios\/","og_site_name":"Compuviper","article_publisher":"https:\/\/www.facebook.com\/compuviper","og_image":[{"width":200,"height":200,"url":"https:\/\/compuviper.mx\/tienda\/wp-content\/uploads\/2025\/10\/Escaner-canon-imageformula-dr-s250n-50-ppm-simplex-100-ipm-duplex-600-dpi-ethernet-lan-usb-3.2-gen-1.-windowsmac-alimentacion-60-hojas-oficio-vertical-6000-escaneos-diarios.jpg","type":"image\/jpeg"}],"twitter_card":"summary_large_image","twitter_misc":{"Precio":"&#36;15,731 con IVA","Availability":"On backorder"},"schema":{"@context":"https:\/\/schema.org","@graph":[{"@type":"WebPage","@id":"https:\/\/compuviper.mx\/tienda\/producto\/canon-6383c002aa-escaner-imageformula-dr-s250n-50-ppm-simplex-100-ipm-dplex-600-dpi-ethernet-lan-usb-3-2-gen-1-windows-mac-alimentacion-60-hojas-oficio-vertical-6000-escaneos-diarios\/","url":"https:\/\/compuviper.mx\/tienda\/producto\/canon-6383c002aa-escaner-imageformula-dr-s250n-50-ppm-simplex-100-ipm-dplex-600-dpi-ethernet-lan-usb-3-2-gen-1-windows-mac-alimentacion-60-hojas-oficio-vertical-6000-escaneos-diarios\/","name":"[ Canon ] &#129351; 6383c002aa Escaner Imageformula Dr-s250n 50 Ppm Simplex 100 Ipm Dplex 600 Dpi Ethernet Lan Usb 3.2 Gen 1. Windows\/mac, Alimentacion 60 Hojas Oficio, Vertical 6,000 Escaneos Diarios","isPartOf":{"@id":"https:\/\/compuviper.mx\/tienda\/#website"},"datePublished":"2026-04-02T07:59:47+00:00","dateModified":"2026-04-02T07:59:47+00:00","description":"Compra 6383c002aa Escaner Imageformula Dr-s250n 50 Ppm Simplex 100 Ipm Dplex 600 Dpi Ethernet Lan Usb 3.2 Gen 1. Windows\/mac, Alimentacion 60 Hojas Oficio, Vertical 6,000 Escaneos Diarios + Env\u00edo a domicilio + Pago seguro + Garant\u00eda","breadcrumb":{"@id":"https:\/\/compuviper.mx\/tienda\/producto\/canon-6383c002aa-escaner-imageformula-dr-s250n-50-ppm-simplex-100-ipm-dplex-600-dpi-ethernet-lan-usb-3-2-gen-1-windows-mac-alimentacion-60-hojas-oficio-vertical-6000-escaneos-diarios\/#breadcrumb"},"inLanguage":"es-MX","potentialAction":[{"@type":"ReadAction","target":["https:\/\/compuviper.mx\/tienda\/producto\/canon-6383c002aa-escaner-imageformula-dr-s250n-50-ppm-simplex-100-ipm-dplex-600-dpi-ethernet-lan-usb-3-2-gen-1-windows-mac-alimentacion-60-hojas-oficio-vertical-6000-escaneos-diarios\/"]}]},{"@type":"BreadcrumbList","@id":"https:\/\/compuviper.mx\/tienda\/producto\/canon-6383c002aa-escaner-imageformula-dr-s250n-50-ppm-simplex-100-ipm-dplex-600-dpi-ethernet-lan-usb-3-2-gen-1-windows-mac-alimentacion-60-hojas-oficio-vertical-6000-escaneos-diarios\/#breadcrumb","itemListElement":[{"@type":"ListItem","position":1,"name":"Inicio","item":"https:\/\/compuviper.mx\/tienda\/"},{"@type":"ListItem","position":2,"name":"Productos","item":"https:\/\/compuviper.mx\/tienda\/productos\/"},{"@type":"ListItem","position":3,"name":"Scanner","item":"https:\/\/compuviper.mx\/tienda\/categoria-producto\/scanner\/"},{"@type":"ListItem","position":4,"name":"Scanner Documentos","item":"https:\/\/compuviper.mx\/tienda\/categoria-producto\/scanner\/scanner-documentos\/"},{"@type":"ListItem","position":5,"name":"Canon 6383c002aa Escaner Imageformula Dr-s250n 50 Ppm Simplex 100 Ipm Dplex 600 Dpi Ethernet Lan Usb 3.2 Gen 1. Windows\/mac, Alimentacion 60 Hojas Oficio, Vertical 6,000 Escaneos Diarios"}]},{"@type":"WebSite","@id":"https:\/\/compuviper.mx\/tienda\/#website","url":"https:\/\/compuviper.mx\/tienda\/","name":"Compuviper","description":"Proveedor de Computadoras, Laptops, Servidores, Monitores, Puntos de Venta, Teclados,   Impresoras, T\u00f3ner, C\u00e1maras de Seguridad y m\u00e1s en tu tienda en l\u00ednea","publisher":{"@id":"https:\/\/compuviper.mx\/tienda\/#organization"},"potentialAction":[{"@type":"SearchAction","target":{"@type":"EntryPoint","urlTemplate":"https:\/\/compuviper.mx\/tienda\/?s={search_term_string}"},"query-input":"required name=search_term_string"}],"inLanguage":"es-MX"},{"@type":"Organization","@id":"https:\/\/compuviper.mx\/tienda\/#organization","name":"Compuviper","url":"https:\/\/compuviper.mx\/tienda\/","logo":{"@type":"ImageObject","inLanguage":"es-MX","@id":"https:\/\/compuviper.mx\/tienda\/#\/schema\/logo\/image\/","url":"https:\/\/compuviper.mx\/tienda\/wp-content\/uploads\/2021\/08\/Logo-Compuviper-10.png","contentUrl":"https:\/\/compuviper.mx\/tienda\/wp-content\/uploads\/2021\/08\/Logo-Compuviper-10.png","width":1000,"height":500,"caption":"Compuviper"},"image":{"@id":"https:\/\/compuviper.mx\/tienda\/#\/schema\/logo\/image\/"},"sameAs":["https:\/\/www.facebook.com\/compuviper","https:\/\/www.youtube.com\/channel\/UCf73dERp9Y3cfOq7q8BhLjA?view_as=subscriber"]}]},"product_brand":"CANON","product_price_amount":"15731","product_price_currency":"MXN","og_availability":"backorder","product_availability":"available for order","product_retailer_item_id":"6383C002AA","product_condition":"new"},"_links":{"self":[{"href":"https:\/\/compuviper.mx\/tienda\/wp-json\/wp\/v2\/product\/243783"}],"collection":[{"href":"https:\/\/compuviper.mx\/tienda\/wp-json\/wp\/v2\/product"}],"about":[{"href":"https:\/\/compuviper.mx\/tienda\/wp-json\/wp\/v2\/types\/product"}],"replies":[{"embeddable":true,"href":"https:\/\/compuviper.mx\/tienda\/wp-json\/wp\/v2\/comments?post=243783"}],"wp:featuredmedia":[{"embeddable":true,"href":"https:\/\/compuviper.mx\/tienda\/wp-json\/wp\/v2\/media\/260773"}],"wp:attachment":[{"href":"https:\/\/compuviper.mx\/tienda\/wp-json\/wp\/v2\/media?parent=243783"}],"wp:term":[{"taxonomy":"product_cat","embeddable":true,"href":"https:\/\/compuviper.mx\/tienda\/wp-json\/wp\/v2\/product_cat?post=243783"},{"taxonomy":"product_tag","embeddable":true,"href":"https:\/\/compuviper.mx\/tienda\/wp-json\/wp\/v2\/product_tag?post=243783"}],"curies":[{"name":"wp","href":"https:\/\/api.w.org\/{rel}","templated":true}]}}