{"id":243778,"date":"2026-05-01T23:26:24","date_gmt":"2026-05-02T05:26:24","guid":{"rendered":"https:\/\/compuviper.mx\/tienda\/producto\/ocelot-gaming-om-titan-42-monitor-gamer-42-oled-resolucion-4k-3840-x-2160-138hz-dp-x2-hdmi-x1-tipo-c-x1-vesa-1-ms-gtg\/"},"modified":"2026-05-01T23:26:24","modified_gmt":"2026-05-02T05:26:24","slug":"ocelot-gaming-om-titan-42-monitor-gamer-42-oled-resolucion-4k-3840-x-2160-138hz-dp-x2-hdmi-x1-tipo-c-x1-vesa-1-ms-gtg","status":"publish","type":"product","link":"https:\/\/compuviper.mx\/tienda\/producto\/ocelot-gaming-om-titan-42-monitor-gamer-42-oled-resolucion-4k-3840-x-2160-138hz-dp-x2-hdmi-x1-tipo-c-x1-vesa-1-ms-gtg\/","title":{"rendered":"Ocelot Gaming Om-titan 42 Monitor Gamer 42 Oled  Resolucion 4k 3840 X 2160 138hz \/ Dp X2 Hdmi X1 Tipo C X1\/ Vesa\/ 1 Ms Gtg"},"content":{"rendered":"<table class=\"descripcion\">\n<tr>\n<td>Modelo  om-titan 42<\/td>\n<\/tr>\n<tr>\n<td>Inclinaci\u00f3n  -5\u00b0 ~ 15\u00b0<\/td>\n<\/tr>\n<tr>\n<td>Riel de ajuste de altura no<\/td>\n<\/tr>\n<tr>\n<td>Mecanismo de liberaci\u00f3n r\u00e1pida: no<\/td>\n<\/tr>\n<tr>\n<td>Medidas and #65306; largo\u00d7ancho\u00d7alto medidas (sin base) 932.1*51.6*534.6mm<\/td>\n<\/tr>\n<tr>\n<td>Medidas (con base) 932.1*250.2*599.5mm<\/td>\n<\/tr>\n<tr>\n<td>Medidas empaque 1095x195x675mm<\/td>\n<\/tr>\n<tr>\n<td>Peso peso en bruto  23.2kg<\/td>\n<\/tr>\n<tr>\n<td>Peso sin empaque 18.4kg<\/td>\n<\/tr>\n<tr>\n<td>Vesa: 200*200mm<\/td>\n<\/tr>\n<tr>\n<td>Tama\u00f1o panel: 42 diagonal<\/td>\n<\/tr>\n<tr>\n<td>Tipo de panel: oled<\/td>\n<\/tr>\n<tr>\n<td>Rango de aspecto: 16:9<\/td>\n<\/tr>\n<tr>\n<td>Resoluci\u00f3n m\u00e1xima: 3840*2160@120hz<\/td>\n<\/tr>\n<tr>\n<td> and #65288;hasta 138hz)<\/td>\n<\/tr>\n<tr>\n<td>Densidad de pixeles: 0.2395 mm x 0.2395 mm<\/td>\n<\/tr>\n<tr>\n<td>\u00e1rea activa : 919.68mm\u00d7517.32mm<\/td>\n<\/tr>\n<tr>\n<td>Angulo de visi\u00f3n: h:120\u00ba,v:120\u00ba and #65288;cr and #8805;10 and #65289;<\/td>\n<\/tr>\n<tr>\n<td>Tratamiento de superficie : anti reflejante<\/td>\n<\/tr>\n<tr>\n<td>Rango de luminosidad : typ:135cd\/m2  peak:450cd\/m2 typ: 720cd\/m2 (hdr 10%)<\/td>\n<\/tr>\n<tr>\n<td>Rango de contraste typ:135,000 and #65306;1  typ:1,500,000 and #65306;1 (25% apl)<\/td>\n<\/tr>\n<tr>\n<td>Tiempo de respuesta: typ:0.1ms and #65288;gtg and #65289;<\/td>\n<\/tr>\n<tr>\n<td>Colores: 1.07b<\/td>\n<\/tr>\n<tr>\n<td>Interfaz de entrada  hdmi2.1 *2 (3840&#215;2160@138hz)<\/td>\n<\/tr>\n<tr>\n<td>Type-c(90w) *1(3840&#215;2160@138hz)<\/td>\n<\/tr>\n<tr>\n<td>Dp1.4; *1(3840&#215;2160@138hz)<\/td>\n<\/tr>\n<tr>\n<td>Usb *3: (1*up+2*down)(usb3.2 gen1 and #65289;<\/td>\n<\/tr>\n<tr>\n<td>Interfaz de salida: jack 3.5*1<\/td>\n<\/tr>\n<tr>\n<td>Filtro de luz azul : si<\/td>\n<\/tr>\n<tr>\n<td>Hdr: si<\/td>\n<\/tr>\n<tr>\n<td>Freesync  and  g-sync compatible: si<\/td>\n<\/tr>\n<tr>\n<td>Consumo energetico<\/td>\n<\/tr>\n<tr>\n<td>Entrada:  ac 100v~220v<\/td>\n<\/tr>\n<tr>\n<td>Consumo activo:  and #8804;250w<\/td>\n<\/tr>\n<tr>\n<td>Consumo en reposo:  and #8804;0.5w<\/td>\n<\/tr>\n<tr>\n<td>Audio: 2*16w<\/td>\n<\/tr>\n<\/table>\n","protected":false},"excerpt":{"rendered":"<p>Modelo om-titan 42 Inclinaci\u00f3n -5\u00b0 ~ 15\u00b0 Riel de ajuste de altura no Mecanismo de liberaci\u00f3n r\u00e1pida: no Medidas and #65306; largo\u00d7ancho\u00d7alto medidas (sin base) 932.1*51.6*534.6mm Medidas (con base) 932.1*250.2*599.5mm Medidas empaque 1095x195x675mm Peso peso en bruto 23.2kg Peso sin empaque 18.4kg Vesa: 200*200mm Tama\u00f1o panel: 42 diagonal Tipo de panel: oled Rango de aspecto: [&hellip;]<\/p>\n","protected":false},"featured_media":259847,"comment_status":"open","ping_status":"open","template":"","meta":[],"product_cat":[1741,1740],"product_tag":[2019],"acf":[],"yoast_head":"<!-- This site is optimized with the Yoast SEO plugin v21.7 - https:\/\/yoast.com\/wordpress\/plugins\/seo\/ -->\n<title>[ Ocelot Gaming ] &#129351; Om-titan 42 Monitor Gamer 42 Oled Resolucion 4k 3840 X 2160 138hz \/ Dp X2 Hdmi X1 Tipo C X1\/ Vesa\/ 1 Ms Gtg<\/title>\n<meta name=\"description\" content=\"Compra Om-titan 42 Monitor Gamer 42 Oled Resolucion 4k 3840 X 2160 138hz \/ Dp X2 Hdmi X1 Tipo C X1\/ Vesa\/ 1 Ms Gtg + Env\u00edo a domicilio + Pago seguro + Garant\u00eda\" \/>\n<meta name=\"robots\" content=\"index, follow, max-snippet:-1, max-image-preview:large, max-video-preview:-1\" \/>\n<link rel=\"canonical\" href=\"https:\/\/compuviper.mx\/tienda\/producto\/ocelot-gaming-om-titan-42-monitor-gamer-42-oled-resolucion-4k-3840-x-2160-138hz-dp-x2-hdmi-x1-tipo-c-x1-vesa-1-ms-gtg\/\" \/>\n<meta property=\"og:locale\" content=\"es_MX\" \/>\n<meta property=\"og:type\" content=\"article\" \/>\n<meta property=\"og:title\" content=\"[ Ocelot Gaming ] &#129351; Om-titan 42 Monitor Gamer 42 Oled Resolucion 4k 3840 X 2160 138hz \/ Dp X2 Hdmi X1 Tipo C X1\/ Vesa\/ 1 Ms Gtg\" \/>\n<meta property=\"og:description\" content=\"Compra Om-titan 42 Monitor Gamer 42 Oled Resolucion 4k 3840 X 2160 138hz \/ Dp X2 Hdmi X1 Tipo C X1\/ Vesa\/ 1 Ms Gtg + Env\u00edo a domicilio + Pago seguro + Garant\u00eda\" \/>\n<meta property=\"og:url\" content=\"https:\/\/compuviper.mx\/tienda\/producto\/ocelot-gaming-om-titan-42-monitor-gamer-42-oled-resolucion-4k-3840-x-2160-138hz-dp-x2-hdmi-x1-tipo-c-x1-vesa-1-ms-gtg\/\" \/>\n<meta property=\"og:site_name\" content=\"Compuviper\" \/>\n<meta property=\"article:publisher\" content=\"https:\/\/www.facebook.com\/compuviper\" \/>\n<meta property=\"og:image\" content=\"https:\/\/compuviper.mx\/tienda\/wp-content\/uploads\/2025\/10\/Monitor-gamer-42-oled-ocelot-gaming-resolucion-4k-3840-x-2160-138hz-dp-x2-hdmi-x1-tipo-c-x1-vesa-1-ms-gtg.jpg\" \/>\n\t<meta property=\"og:image:width\" content=\"200\" \/>\n\t<meta property=\"og:image:height\" content=\"200\" \/>\n\t<meta property=\"og:image:type\" content=\"image\/jpeg\" \/>\n<meta name=\"twitter:card\" content=\"summary_large_image\" \/>\n<meta name=\"twitter:label1\" content=\"Precio\" \/>\n\t<meta name=\"twitter:data1\" content=\"&#36;16,667 &#36;12,396 con IVA\" \/>\n\t<meta name=\"twitter:label2\" content=\"Availability\" \/>\n\t<meta name=\"twitter:data2\" content=\"In stock\" \/>\n<script type=\"application\/ld+json\" class=\"yoast-schema-graph\">{\"@context\":\"https:\/\/schema.org\",\"@graph\":[{\"@type\":\"WebPage\",\"@id\":\"https:\/\/compuviper.mx\/tienda\/producto\/ocelot-gaming-om-titan-42-monitor-gamer-42-oled-resolucion-4k-3840-x-2160-138hz-dp-x2-hdmi-x1-tipo-c-x1-vesa-1-ms-gtg\/\",\"url\":\"https:\/\/compuviper.mx\/tienda\/producto\/ocelot-gaming-om-titan-42-monitor-gamer-42-oled-resolucion-4k-3840-x-2160-138hz-dp-x2-hdmi-x1-tipo-c-x1-vesa-1-ms-gtg\/\",\"name\":\"[ Ocelot Gaming ] &#129351; Om-titan 42 Monitor Gamer 42 Oled Resolucion 4k 3840 X 2160 138hz \/ Dp X2 Hdmi X1 Tipo C X1\/ Vesa\/ 1 Ms Gtg\",\"isPartOf\":{\"@id\":\"https:\/\/compuviper.mx\/tienda\/#website\"},\"datePublished\":\"2026-05-02T05:26:24+00:00\",\"dateModified\":\"2026-05-02T05:26:24+00:00\",\"description\":\"Compra Om-titan 42 Monitor Gamer 42 Oled Resolucion 4k 3840 X 2160 138hz \/ Dp X2 Hdmi X1 Tipo C X1\/ Vesa\/ 1 Ms Gtg + Env\u00edo a domicilio + Pago seguro + Garant\u00eda\",\"breadcrumb\":{\"@id\":\"https:\/\/compuviper.mx\/tienda\/producto\/ocelot-gaming-om-titan-42-monitor-gamer-42-oled-resolucion-4k-3840-x-2160-138hz-dp-x2-hdmi-x1-tipo-c-x1-vesa-1-ms-gtg\/#breadcrumb\"},\"inLanguage\":\"es-MX\",\"potentialAction\":[{\"@type\":\"ReadAction\",\"target\":[\"https:\/\/compuviper.mx\/tienda\/producto\/ocelot-gaming-om-titan-42-monitor-gamer-42-oled-resolucion-4k-3840-x-2160-138hz-dp-x2-hdmi-x1-tipo-c-x1-vesa-1-ms-gtg\/\"]}]},{\"@type\":\"BreadcrumbList\",\"@id\":\"https:\/\/compuviper.mx\/tienda\/producto\/ocelot-gaming-om-titan-42-monitor-gamer-42-oled-resolucion-4k-3840-x-2160-138hz-dp-x2-hdmi-x1-tipo-c-x1-vesa-1-ms-gtg\/#breadcrumb\",\"itemListElement\":[{\"@type\":\"ListItem\",\"position\":1,\"name\":\"Inicio\",\"item\":\"https:\/\/compuviper.mx\/tienda\/\"},{\"@type\":\"ListItem\",\"position\":2,\"name\":\"Productos\",\"item\":\"https:\/\/compuviper.mx\/tienda\/productos\/\"},{\"@type\":\"ListItem\",\"position\":3,\"name\":\"Monitores\",\"item\":\"https:\/\/compuviper.mx\/tienda\/categoria-producto\/monitores\/\"},{\"@type\":\"ListItem\",\"position\":4,\"name\":\"Led\",\"item\":\"https:\/\/compuviper.mx\/tienda\/categoria-producto\/monitores\/led\/\"},{\"@type\":\"ListItem\",\"position\":5,\"name\":\"Ocelot Gaming Om-titan 42 Monitor Gamer 42 Oled Resolucion 4k 3840 X 2160 138hz \/ Dp X2 Hdmi X1 Tipo C X1\/ Vesa\/ 1 Ms Gtg\"}]},{\"@type\":\"WebSite\",\"@id\":\"https:\/\/compuviper.mx\/tienda\/#website\",\"url\":\"https:\/\/compuviper.mx\/tienda\/\",\"name\":\"Compuviper\",\"description\":\"Proveedor de Computadoras, Laptops, Servidores, Monitores, Puntos de Venta, Teclados,   Impresoras, T\u00f3ner, C\u00e1maras de Seguridad y m\u00e1s en tu tienda en l\u00ednea\",\"publisher\":{\"@id\":\"https:\/\/compuviper.mx\/tienda\/#organization\"},\"potentialAction\":[{\"@type\":\"SearchAction\",\"target\":{\"@type\":\"EntryPoint\",\"urlTemplate\":\"https:\/\/compuviper.mx\/tienda\/?s={search_term_string}\"},\"query-input\":\"required name=search_term_string\"}],\"inLanguage\":\"es-MX\"},{\"@type\":\"Organization\",\"@id\":\"https:\/\/compuviper.mx\/tienda\/#organization\",\"name\":\"Compuviper\",\"url\":\"https:\/\/compuviper.mx\/tienda\/\",\"logo\":{\"@type\":\"ImageObject\",\"inLanguage\":\"es-MX\",\"@id\":\"https:\/\/compuviper.mx\/tienda\/#\/schema\/logo\/image\/\",\"url\":\"https:\/\/compuviper.mx\/tienda\/wp-content\/uploads\/2021\/08\/Logo-Compuviper-10.png\",\"contentUrl\":\"https:\/\/compuviper.mx\/tienda\/wp-content\/uploads\/2021\/08\/Logo-Compuviper-10.png\",\"width\":1000,\"height\":500,\"caption\":\"Compuviper\"},\"image\":{\"@id\":\"https:\/\/compuviper.mx\/tienda\/#\/schema\/logo\/image\/\"},\"sameAs\":[\"https:\/\/www.facebook.com\/compuviper\",\"https:\/\/www.youtube.com\/channel\/UCf73dERp9Y3cfOq7q8BhLjA?view_as=subscriber\"]}]}<\/script>\n<meta property=\"product:brand\" content=\"OCELOT GAMING\" \/>\n<meta property=\"product:price:amount\" content=\"12396\" \/>\n<meta property=\"product:price:currency\" content=\"MXN\" \/>\n<meta property=\"og:availability\" content=\"instock\" \/>\n<meta property=\"product:availability\" content=\"instock\" \/>\n<meta property=\"product:retailer_item_id\" content=\"OM-TITAN 42\" \/>\n<meta property=\"product:condition\" content=\"new\" \/>\n<!-- \/ Yoast SEO plugin. -->","yoast_head_json":{"title":"[ Ocelot Gaming ] &#129351; Om-titan 42 Monitor Gamer 42 Oled Resolucion 4k 3840 X 2160 138hz \/ Dp X2 Hdmi X1 Tipo C X1\/ Vesa\/ 1 Ms Gtg","description":"Compra Om-titan 42 Monitor Gamer 42 Oled Resolucion 4k 3840 X 2160 138hz \/ Dp X2 Hdmi X1 Tipo C X1\/ Vesa\/ 1 Ms Gtg + Env\u00edo a domicilio + Pago seguro + Garant\u00eda","robots":{"index":"index","follow":"follow","max-snippet":"max-snippet:-1","max-image-preview":"max-image-preview:large","max-video-preview":"max-video-preview:-1"},"canonical":"https:\/\/compuviper.mx\/tienda\/producto\/ocelot-gaming-om-titan-42-monitor-gamer-42-oled-resolucion-4k-3840-x-2160-138hz-dp-x2-hdmi-x1-tipo-c-x1-vesa-1-ms-gtg\/","og_locale":"es_MX","og_type":"article","og_title":"[ Ocelot Gaming ] &#129351; Om-titan 42 Monitor Gamer 42 Oled Resolucion 4k 3840 X 2160 138hz \/ Dp X2 Hdmi X1 Tipo C X1\/ Vesa\/ 1 Ms Gtg","og_description":"Compra Om-titan 42 Monitor Gamer 42 Oled Resolucion 4k 3840 X 2160 138hz \/ Dp X2 Hdmi X1 Tipo C X1\/ Vesa\/ 1 Ms Gtg + Env\u00edo a domicilio + Pago seguro + Garant\u00eda","og_url":"https:\/\/compuviper.mx\/tienda\/producto\/ocelot-gaming-om-titan-42-monitor-gamer-42-oled-resolucion-4k-3840-x-2160-138hz-dp-x2-hdmi-x1-tipo-c-x1-vesa-1-ms-gtg\/","og_site_name":"Compuviper","article_publisher":"https:\/\/www.facebook.com\/compuviper","og_image":[{"width":200,"height":200,"url":"https:\/\/compuviper.mx\/tienda\/wp-content\/uploads\/2025\/10\/Monitor-gamer-42-oled-ocelot-gaming-resolucion-4k-3840-x-2160-138hz-dp-x2-hdmi-x1-tipo-c-x1-vesa-1-ms-gtg.jpg","type":"image\/jpeg"}],"twitter_card":"summary_large_image","twitter_misc":{"Precio":"&#36;16,667 &#36;12,396 con IVA","Availability":"In stock"},"schema":{"@context":"https:\/\/schema.org","@graph":[{"@type":"WebPage","@id":"https:\/\/compuviper.mx\/tienda\/producto\/ocelot-gaming-om-titan-42-monitor-gamer-42-oled-resolucion-4k-3840-x-2160-138hz-dp-x2-hdmi-x1-tipo-c-x1-vesa-1-ms-gtg\/","url":"https:\/\/compuviper.mx\/tienda\/producto\/ocelot-gaming-om-titan-42-monitor-gamer-42-oled-resolucion-4k-3840-x-2160-138hz-dp-x2-hdmi-x1-tipo-c-x1-vesa-1-ms-gtg\/","name":"[ Ocelot Gaming ] &#129351; Om-titan 42 Monitor Gamer 42 Oled Resolucion 4k 3840 X 2160 138hz \/ Dp X2 Hdmi X1 Tipo C X1\/ Vesa\/ 1 Ms Gtg","isPartOf":{"@id":"https:\/\/compuviper.mx\/tienda\/#website"},"datePublished":"2026-05-02T05:26:24+00:00","dateModified":"2026-05-02T05:26:24+00:00","description":"Compra Om-titan 42 Monitor Gamer 42 Oled Resolucion 4k 3840 X 2160 138hz \/ Dp X2 Hdmi X1 Tipo C X1\/ Vesa\/ 1 Ms Gtg + Env\u00edo a domicilio + Pago seguro + Garant\u00eda","breadcrumb":{"@id":"https:\/\/compuviper.mx\/tienda\/producto\/ocelot-gaming-om-titan-42-monitor-gamer-42-oled-resolucion-4k-3840-x-2160-138hz-dp-x2-hdmi-x1-tipo-c-x1-vesa-1-ms-gtg\/#breadcrumb"},"inLanguage":"es-MX","potentialAction":[{"@type":"ReadAction","target":["https:\/\/compuviper.mx\/tienda\/producto\/ocelot-gaming-om-titan-42-monitor-gamer-42-oled-resolucion-4k-3840-x-2160-138hz-dp-x2-hdmi-x1-tipo-c-x1-vesa-1-ms-gtg\/"]}]},{"@type":"BreadcrumbList","@id":"https:\/\/compuviper.mx\/tienda\/producto\/ocelot-gaming-om-titan-42-monitor-gamer-42-oled-resolucion-4k-3840-x-2160-138hz-dp-x2-hdmi-x1-tipo-c-x1-vesa-1-ms-gtg\/#breadcrumb","itemListElement":[{"@type":"ListItem","position":1,"name":"Inicio","item":"https:\/\/compuviper.mx\/tienda\/"},{"@type":"ListItem","position":2,"name":"Productos","item":"https:\/\/compuviper.mx\/tienda\/productos\/"},{"@type":"ListItem","position":3,"name":"Monitores","item":"https:\/\/compuviper.mx\/tienda\/categoria-producto\/monitores\/"},{"@type":"ListItem","position":4,"name":"Led","item":"https:\/\/compuviper.mx\/tienda\/categoria-producto\/monitores\/led\/"},{"@type":"ListItem","position":5,"name":"Ocelot Gaming Om-titan 42 Monitor Gamer 42 Oled Resolucion 4k 3840 X 2160 138hz \/ Dp X2 Hdmi X1 Tipo C X1\/ Vesa\/ 1 Ms Gtg"}]},{"@type":"WebSite","@id":"https:\/\/compuviper.mx\/tienda\/#website","url":"https:\/\/compuviper.mx\/tienda\/","name":"Compuviper","description":"Proveedor de Computadoras, Laptops, Servidores, Monitores, Puntos de Venta, Teclados,   Impresoras, T\u00f3ner, C\u00e1maras de Seguridad y m\u00e1s en tu tienda en l\u00ednea","publisher":{"@id":"https:\/\/compuviper.mx\/tienda\/#organization"},"potentialAction":[{"@type":"SearchAction","target":{"@type":"EntryPoint","urlTemplate":"https:\/\/compuviper.mx\/tienda\/?s={search_term_string}"},"query-input":"required name=search_term_string"}],"inLanguage":"es-MX"},{"@type":"Organization","@id":"https:\/\/compuviper.mx\/tienda\/#organization","name":"Compuviper","url":"https:\/\/compuviper.mx\/tienda\/","logo":{"@type":"ImageObject","inLanguage":"es-MX","@id":"https:\/\/compuviper.mx\/tienda\/#\/schema\/logo\/image\/","url":"https:\/\/compuviper.mx\/tienda\/wp-content\/uploads\/2021\/08\/Logo-Compuviper-10.png","contentUrl":"https:\/\/compuviper.mx\/tienda\/wp-content\/uploads\/2021\/08\/Logo-Compuviper-10.png","width":1000,"height":500,"caption":"Compuviper"},"image":{"@id":"https:\/\/compuviper.mx\/tienda\/#\/schema\/logo\/image\/"},"sameAs":["https:\/\/www.facebook.com\/compuviper","https:\/\/www.youtube.com\/channel\/UCf73dERp9Y3cfOq7q8BhLjA?view_as=subscriber"]}]},"product_brand":"OCELOT GAMING","product_price_amount":"12396","product_price_currency":"MXN","og_availability":"instock","product_availability":"instock","product_retailer_item_id":"OM-TITAN 42","product_condition":"new"},"_links":{"self":[{"href":"https:\/\/compuviper.mx\/tienda\/wp-json\/wp\/v2\/product\/243778"}],"collection":[{"href":"https:\/\/compuviper.mx\/tienda\/wp-json\/wp\/v2\/product"}],"about":[{"href":"https:\/\/compuviper.mx\/tienda\/wp-json\/wp\/v2\/types\/product"}],"replies":[{"embeddable":true,"href":"https:\/\/compuviper.mx\/tienda\/wp-json\/wp\/v2\/comments?post=243778"}],"wp:featuredmedia":[{"embeddable":true,"href":"https:\/\/compuviper.mx\/tienda\/wp-json\/wp\/v2\/media\/259847"}],"wp:attachment":[{"href":"https:\/\/compuviper.mx\/tienda\/wp-json\/wp\/v2\/media?parent=243778"}],"wp:term":[{"taxonomy":"product_cat","embeddable":true,"href":"https:\/\/compuviper.mx\/tienda\/wp-json\/wp\/v2\/product_cat?post=243778"},{"taxonomy":"product_tag","embeddable":true,"href":"https:\/\/compuviper.mx\/tienda\/wp-json\/wp\/v2\/product_tag?post=243778"}],"curies":[{"name":"wp","href":"https:\/\/api.w.org\/{rel}","templated":true}]}}