{"id":243775,"date":"2026-04-09T00:07:03","date_gmt":"2026-04-09T06:07:03","guid":{"rendered":"https:\/\/compuviper.mx\/tienda\/producto\/acteck-ac-939270-gabinete-zenith-gi656-mini-torre-micro-atxmini-itx-fuente-500-w-full-metalico-frente-solido-blanco\/"},"modified":"2026-04-09T00:07:04","modified_gmt":"2026-04-09T06:07:04","slug":"acteck-ac-939270-gabinete-zenith-gi656-mini-torre-micro-atxmini-itx-fuente-500-w-full-metalico-frente-solido-blanco","status":"publish","type":"product","link":"https:\/\/compuviper.mx\/tienda\/producto\/acteck-ac-939270-gabinete-zenith-gi656-mini-torre-micro-atxmini-itx-fuente-500-w-full-metalico-frente-solido-blanco\/","title":{"rendered":"Acteck Ac-939270 Gabinete  Zenith Gi656 \/ Mini Torre \/ Micro-atx,mini-itx \/ Fuente 500 W \/  Full Metalico + Frente Solido \/ Blanco \/"},"content":{"rendered":"<table class=\"descripcion\">\n<tr>\n<td>Modelo: ac-939270<\/td>\n<\/tr>\n<tr>\n<td>Ean: 7506215939270<\/td>\n<\/tr>\n<tr>\n<td>Factor de forma: mini torre<\/td>\n<\/tr>\n<tr>\n<td>Tarjetas madres compatible:  mini-itx \/ micro-atx<\/td>\n<\/tr>\n<tr>\n<td>Fuente de poder compatible: atx<\/td>\n<\/tr>\n<tr>\n<td>Incluida: atx 500 w<\/td>\n<\/tr>\n<tr>\n<td>Ubicacion: superior trasera<\/td>\n<\/tr>\n<tr>\n<td>Enfriamiento cpu: 150 mm<\/td>\n<\/tr>\n<tr>\n<td>Tarjeta graficas: 280 mm<\/td>\n<\/tr>\n<tr>\n<td>Soporte para ventiladores<\/td>\n<\/tr>\n<tr>\n<td>Superior: na<\/td>\n<\/tr>\n<tr>\n<td>Frontal: 2x 120 mm<\/td>\n<\/tr>\n<tr>\n<td>Trasero: 1 x 120mm<\/td>\n<\/tr>\n<tr>\n<td>Otros: na<\/td>\n<\/tr>\n<tr>\n<td>Ventiladores pre instalados<\/td>\n<\/tr>\n<tr>\n<td>Superior: na<\/td>\n<\/tr>\n<tr>\n<td>Lateral m\/b: na<\/td>\n<\/tr>\n<tr>\n<td>Trasero: 1 x 120mm<\/td>\n<\/tr>\n<tr>\n<td>Otros: na<\/td>\n<\/tr>\n<tr>\n<td>Velocidad: 1200 rpm +\/- 10 %<\/td>\n<\/tr>\n<tr>\n<td>Flujo de aire: 45.2c fm mx<\/td>\n<\/tr>\n<tr>\n<td>Ranuras<\/td>\n<\/tr>\n<tr>\n<td>Pci: 4<\/td>\n<\/tr>\n<tr>\n<td>Bahias<\/td>\n<\/tr>\n<tr>\n<td>5.25\u0094 odd: 0<\/td>\n<\/tr>\n<tr>\n<td>3.5\u0094 hdd: 1<\/td>\n<\/tr>\n<tr>\n<td>3.5\u0094 \/ 2.5\u0094 combo: 1<\/td>\n<\/tr>\n<tr>\n<td>2.5\u0094 ssd: 1<\/td>\n<\/tr>\n<tr>\n<td>I\/o panel<\/td>\n<\/tr>\n<tr>\n<td>Puerto usb: 1x usb 3.0 +  2x usb 2.0<\/td>\n<\/tr>\n<tr>\n<td>Puertos de audio: hd audio + mic<\/td>\n<\/tr>\n<tr>\n<td>Materiales<\/td>\n<\/tr>\n<tr>\n<td>Estructura: spcc 0.4 mm<\/td>\n<\/tr>\n<tr>\n<td>Exterior:  metal + plastico<\/td>\n<\/tr>\n<tr>\n<td>Panel izquierdo: metal<\/td>\n<\/tr>\n<tr>\n<td>Panel derecho: metal<\/td>\n<\/tr>\n<tr>\n<td>Panel frontal: plastico<\/td>\n<\/tr>\n<tr>\n<td>Color: blanco<\/td>\n<\/tr>\n<tr>\n<td>Dimensiones l x w x h: 32.6 x 19.9 x 35.3 mm<\/td>\n<\/tr>\n<tr>\n<td>Garantia: 3 a\u00f1os<\/td>\n<\/tr>\n<tr>\n<td>Contenido del empaque:<\/td>\n<\/tr>\n<tr>\n<td>1 gabinete<\/td>\n<\/tr>\n<tr>\n<td>1 manual de usuario<\/td>\n<\/tr>\n<tr>\n<td>1 poliza de garantia<\/td>\n<\/tr>\n<\/table>\n","protected":false},"excerpt":{"rendered":"<p>Gabinete acteck zenith gi656 \/ mini torre \/ micro-atx,mini-itx \/ fuente 500 w \/  full metalico + frente solido \/ blanco \/ ac-939270<\/p>\n","protected":false},"featured_media":259272,"comment_status":"open","ping_status":"open","template":"","meta":[],"product_cat":[1674,1945],"product_tag":[1582],"acf":[],"yoast_head":"<!-- This site is optimized with the Yoast SEO plugin v21.7 - https:\/\/yoast.com\/wordpress\/plugins\/seo\/ -->\n<title>[ Acteck ] &#129351; Ac-939270 Gabinete Zenith Gi656 \/ Mini Torre \/ Micro-atx,mini-itx \/ Fuente 500 W \/ Full Metalico + Frente Solido \/ Blanco \/<\/title>\n<meta name=\"description\" content=\"Compra Ac-939270 Gabinete Zenith Gi656 \/ Mini Torre \/ Micro-atx,mini-itx \/ Fuente 500 W \/ Full Metalico + Frente Solido \/ Blanco \/ + Env\u00edo a domicilio + Pago seguro + Garant\u00eda\" \/>\n<meta name=\"robots\" content=\"index, follow, max-snippet:-1, max-image-preview:large, max-video-preview:-1\" \/>\n<link rel=\"canonical\" href=\"https:\/\/compuviper.mx\/tienda\/producto\/acteck-ac-939270-gabinete-zenith-gi656-mini-torre-micro-atxmini-itx-fuente-500-w-full-metalico-frente-solido-blanco\/\" \/>\n<meta property=\"og:locale\" content=\"es_MX\" \/>\n<meta property=\"og:type\" content=\"article\" \/>\n<meta property=\"og:title\" content=\"[ Acteck ] &#129351; Ac-939270 Gabinete Zenith Gi656 \/ Mini Torre \/ Micro-atx,mini-itx \/ Fuente 500 W \/ Full Metalico + Frente Solido \/ Blanco \/\" \/>\n<meta property=\"og:description\" content=\"Compra Ac-939270 Gabinete Zenith Gi656 \/ Mini Torre \/ Micro-atx,mini-itx \/ Fuente 500 W \/ Full Metalico + Frente Solido \/ Blanco \/ + Env\u00edo a domicilio + Pago seguro + Garant\u00eda\" \/>\n<meta property=\"og:url\" content=\"https:\/\/compuviper.mx\/tienda\/producto\/acteck-ac-939270-gabinete-zenith-gi656-mini-torre-micro-atxmini-itx-fuente-500-w-full-metalico-frente-solido-blanco\/\" \/>\n<meta property=\"og:site_name\" content=\"Compuviper\" \/>\n<meta property=\"article:publisher\" content=\"https:\/\/www.facebook.com\/compuviper\" \/>\n<meta property=\"article:modified_time\" content=\"2026-04-09T06:07:04+00:00\" \/>\n<meta property=\"og:image\" content=\"https:\/\/compuviper.mx\/tienda\/wp-content\/uploads\/2025\/10\/Gabinete-acteck-zenith-gi656-mini-torre-micro-atxmini-itx-fuente-500-w-full-metalico-frente-solido-blanco-ac-939270.jpg\" \/>\n\t<meta property=\"og:image:width\" content=\"200\" \/>\n\t<meta property=\"og:image:height\" content=\"200\" \/>\n\t<meta property=\"og:image:type\" content=\"image\/jpeg\" \/>\n<meta name=\"twitter:card\" content=\"summary_large_image\" \/>\n<meta name=\"twitter:label1\" content=\"Precio\" \/>\n\t<meta name=\"twitter:data1\" content=\"&#36;768 con IVA\" \/>\n\t<meta name=\"twitter:label2\" content=\"Availability\" \/>\n\t<meta name=\"twitter:data2\" content=\"In stock\" \/>\n<script type=\"application\/ld+json\" class=\"yoast-schema-graph\">{\"@context\":\"https:\/\/schema.org\",\"@graph\":[{\"@type\":\"WebPage\",\"@id\":\"https:\/\/compuviper.mx\/tienda\/producto\/acteck-ac-939270-gabinete-zenith-gi656-mini-torre-micro-atxmini-itx-fuente-500-w-full-metalico-frente-solido-blanco\/\",\"url\":\"https:\/\/compuviper.mx\/tienda\/producto\/acteck-ac-939270-gabinete-zenith-gi656-mini-torre-micro-atxmini-itx-fuente-500-w-full-metalico-frente-solido-blanco\/\",\"name\":\"[ Acteck ] &#129351; Ac-939270 Gabinete Zenith Gi656 \/ Mini Torre \/ Micro-atx,mini-itx \/ Fuente 500 W \/ Full Metalico + Frente Solido \/ Blanco \/\",\"isPartOf\":{\"@id\":\"https:\/\/compuviper.mx\/tienda\/#website\"},\"datePublished\":\"2026-04-09T06:07:03+00:00\",\"dateModified\":\"2026-04-09T06:07:04+00:00\",\"description\":\"Compra Ac-939270 Gabinete Zenith Gi656 \/ Mini Torre \/ Micro-atx,mini-itx \/ Fuente 500 W \/ Full Metalico + Frente Solido \/ Blanco \/ + Env\u00edo a domicilio + Pago seguro + Garant\u00eda\",\"breadcrumb\":{\"@id\":\"https:\/\/compuviper.mx\/tienda\/producto\/acteck-ac-939270-gabinete-zenith-gi656-mini-torre-micro-atxmini-itx-fuente-500-w-full-metalico-frente-solido-blanco\/#breadcrumb\"},\"inLanguage\":\"es-MX\",\"potentialAction\":[{\"@type\":\"ReadAction\",\"target\":[\"https:\/\/compuviper.mx\/tienda\/producto\/acteck-ac-939270-gabinete-zenith-gi656-mini-torre-micro-atxmini-itx-fuente-500-w-full-metalico-frente-solido-blanco\/\"]}]},{\"@type\":\"BreadcrumbList\",\"@id\":\"https:\/\/compuviper.mx\/tienda\/producto\/acteck-ac-939270-gabinete-zenith-gi656-mini-torre-micro-atxmini-itx-fuente-500-w-full-metalico-frente-solido-blanco\/#breadcrumb\",\"itemListElement\":[{\"@type\":\"ListItem\",\"position\":1,\"name\":\"Inicio\",\"item\":\"https:\/\/compuviper.mx\/tienda\/\"},{\"@type\":\"ListItem\",\"position\":2,\"name\":\"Productos\",\"item\":\"https:\/\/compuviper.mx\/tienda\/productos\/\"},{\"@type\":\"ListItem\",\"position\":3,\"name\":\"Gabinetes\",\"item\":\"https:\/\/compuviper.mx\/tienda\/categoria-producto\/gabinetes\/\"},{\"@type\":\"ListItem\",\"position\":4,\"name\":\"Mini Torre\",\"item\":\"https:\/\/compuviper.mx\/tienda\/categoria-producto\/gabinetes\/mini-torre\/\"},{\"@type\":\"ListItem\",\"position\":5,\"name\":\"Acteck Ac-939270 Gabinete Zenith Gi656 \/ Mini Torre \/ Micro-atx,mini-itx \/ Fuente 500 W \/ Full Metalico + Frente Solido \/ Blanco \/\"}]},{\"@type\":\"WebSite\",\"@id\":\"https:\/\/compuviper.mx\/tienda\/#website\",\"url\":\"https:\/\/compuviper.mx\/tienda\/\",\"name\":\"Compuviper\",\"description\":\"Proveedor de Computadoras, Laptops, Servidores, Monitores, Puntos de Venta, Teclados,   Impresoras, T\u00f3ner, C\u00e1maras de Seguridad y m\u00e1s en tu tienda en l\u00ednea\",\"publisher\":{\"@id\":\"https:\/\/compuviper.mx\/tienda\/#organization\"},\"potentialAction\":[{\"@type\":\"SearchAction\",\"target\":{\"@type\":\"EntryPoint\",\"urlTemplate\":\"https:\/\/compuviper.mx\/tienda\/?s={search_term_string}\"},\"query-input\":\"required name=search_term_string\"}],\"inLanguage\":\"es-MX\"},{\"@type\":\"Organization\",\"@id\":\"https:\/\/compuviper.mx\/tienda\/#organization\",\"name\":\"Compuviper\",\"url\":\"https:\/\/compuviper.mx\/tienda\/\",\"logo\":{\"@type\":\"ImageObject\",\"inLanguage\":\"es-MX\",\"@id\":\"https:\/\/compuviper.mx\/tienda\/#\/schema\/logo\/image\/\",\"url\":\"https:\/\/compuviper.mx\/tienda\/wp-content\/uploads\/2021\/08\/Logo-Compuviper-10.png\",\"contentUrl\":\"https:\/\/compuviper.mx\/tienda\/wp-content\/uploads\/2021\/08\/Logo-Compuviper-10.png\",\"width\":1000,\"height\":500,\"caption\":\"Compuviper\"},\"image\":{\"@id\":\"https:\/\/compuviper.mx\/tienda\/#\/schema\/logo\/image\/\"},\"sameAs\":[\"https:\/\/www.facebook.com\/compuviper\",\"https:\/\/www.youtube.com\/channel\/UCf73dERp9Y3cfOq7q8BhLjA?view_as=subscriber\"]}]}<\/script>\n<meta property=\"product:brand\" content=\"ACTECK\" \/>\n<meta property=\"product:price:amount\" content=\"768\" \/>\n<meta property=\"product:price:currency\" content=\"MXN\" \/>\n<meta property=\"og:availability\" content=\"instock\" \/>\n<meta property=\"product:availability\" content=\"instock\" \/>\n<meta property=\"product:retailer_item_id\" content=\"AC-939270\" \/>\n<meta property=\"product:condition\" content=\"new\" \/>\n<!-- \/ Yoast SEO plugin. -->","yoast_head_json":{"title":"[ Acteck ] &#129351; Ac-939270 Gabinete Zenith Gi656 \/ Mini Torre \/ Micro-atx,mini-itx \/ Fuente 500 W \/ Full Metalico + Frente Solido \/ Blanco \/","description":"Compra Ac-939270 Gabinete Zenith Gi656 \/ Mini Torre \/ Micro-atx,mini-itx \/ Fuente 500 W \/ Full Metalico + Frente Solido \/ Blanco \/ + Env\u00edo a domicilio + Pago seguro + Garant\u00eda","robots":{"index":"index","follow":"follow","max-snippet":"max-snippet:-1","max-image-preview":"max-image-preview:large","max-video-preview":"max-video-preview:-1"},"canonical":"https:\/\/compuviper.mx\/tienda\/producto\/acteck-ac-939270-gabinete-zenith-gi656-mini-torre-micro-atxmini-itx-fuente-500-w-full-metalico-frente-solido-blanco\/","og_locale":"es_MX","og_type":"article","og_title":"[ Acteck ] &#129351; Ac-939270 Gabinete Zenith Gi656 \/ Mini Torre \/ Micro-atx,mini-itx \/ Fuente 500 W \/ Full Metalico + Frente Solido \/ Blanco \/","og_description":"Compra Ac-939270 Gabinete Zenith Gi656 \/ Mini Torre \/ Micro-atx,mini-itx \/ Fuente 500 W \/ Full Metalico + Frente Solido \/ Blanco \/ + Env\u00edo a domicilio + Pago seguro + Garant\u00eda","og_url":"https:\/\/compuviper.mx\/tienda\/producto\/acteck-ac-939270-gabinete-zenith-gi656-mini-torre-micro-atxmini-itx-fuente-500-w-full-metalico-frente-solido-blanco\/","og_site_name":"Compuviper","article_publisher":"https:\/\/www.facebook.com\/compuviper","article_modified_time":"2026-04-09T06:07:04+00:00","og_image":[{"width":200,"height":200,"url":"https:\/\/compuviper.mx\/tienda\/wp-content\/uploads\/2025\/10\/Gabinete-acteck-zenith-gi656-mini-torre-micro-atxmini-itx-fuente-500-w-full-metalico-frente-solido-blanco-ac-939270.jpg","type":"image\/jpeg"}],"twitter_card":"summary_large_image","twitter_misc":{"Precio":"&#36;768 con IVA","Availability":"In stock"},"schema":{"@context":"https:\/\/schema.org","@graph":[{"@type":"WebPage","@id":"https:\/\/compuviper.mx\/tienda\/producto\/acteck-ac-939270-gabinete-zenith-gi656-mini-torre-micro-atxmini-itx-fuente-500-w-full-metalico-frente-solido-blanco\/","url":"https:\/\/compuviper.mx\/tienda\/producto\/acteck-ac-939270-gabinete-zenith-gi656-mini-torre-micro-atxmini-itx-fuente-500-w-full-metalico-frente-solido-blanco\/","name":"[ Acteck ] &#129351; Ac-939270 Gabinete Zenith Gi656 \/ Mini Torre \/ Micro-atx,mini-itx \/ Fuente 500 W \/ Full Metalico + Frente Solido \/ Blanco \/","isPartOf":{"@id":"https:\/\/compuviper.mx\/tienda\/#website"},"datePublished":"2026-04-09T06:07:03+00:00","dateModified":"2026-04-09T06:07:04+00:00","description":"Compra Ac-939270 Gabinete Zenith Gi656 \/ Mini Torre \/ Micro-atx,mini-itx \/ Fuente 500 W \/ Full Metalico + Frente Solido \/ Blanco \/ + Env\u00edo a domicilio + Pago seguro + Garant\u00eda","breadcrumb":{"@id":"https:\/\/compuviper.mx\/tienda\/producto\/acteck-ac-939270-gabinete-zenith-gi656-mini-torre-micro-atxmini-itx-fuente-500-w-full-metalico-frente-solido-blanco\/#breadcrumb"},"inLanguage":"es-MX","potentialAction":[{"@type":"ReadAction","target":["https:\/\/compuviper.mx\/tienda\/producto\/acteck-ac-939270-gabinete-zenith-gi656-mini-torre-micro-atxmini-itx-fuente-500-w-full-metalico-frente-solido-blanco\/"]}]},{"@type":"BreadcrumbList","@id":"https:\/\/compuviper.mx\/tienda\/producto\/acteck-ac-939270-gabinete-zenith-gi656-mini-torre-micro-atxmini-itx-fuente-500-w-full-metalico-frente-solido-blanco\/#breadcrumb","itemListElement":[{"@type":"ListItem","position":1,"name":"Inicio","item":"https:\/\/compuviper.mx\/tienda\/"},{"@type":"ListItem","position":2,"name":"Productos","item":"https:\/\/compuviper.mx\/tienda\/productos\/"},{"@type":"ListItem","position":3,"name":"Gabinetes","item":"https:\/\/compuviper.mx\/tienda\/categoria-producto\/gabinetes\/"},{"@type":"ListItem","position":4,"name":"Mini Torre","item":"https:\/\/compuviper.mx\/tienda\/categoria-producto\/gabinetes\/mini-torre\/"},{"@type":"ListItem","position":5,"name":"Acteck Ac-939270 Gabinete Zenith Gi656 \/ Mini Torre \/ Micro-atx,mini-itx \/ Fuente 500 W \/ Full Metalico + Frente Solido \/ Blanco \/"}]},{"@type":"WebSite","@id":"https:\/\/compuviper.mx\/tienda\/#website","url":"https:\/\/compuviper.mx\/tienda\/","name":"Compuviper","description":"Proveedor de Computadoras, Laptops, Servidores, Monitores, Puntos de Venta, Teclados,   Impresoras, T\u00f3ner, C\u00e1maras de Seguridad y m\u00e1s en tu tienda en l\u00ednea","publisher":{"@id":"https:\/\/compuviper.mx\/tienda\/#organization"},"potentialAction":[{"@type":"SearchAction","target":{"@type":"EntryPoint","urlTemplate":"https:\/\/compuviper.mx\/tienda\/?s={search_term_string}"},"query-input":"required name=search_term_string"}],"inLanguage":"es-MX"},{"@type":"Organization","@id":"https:\/\/compuviper.mx\/tienda\/#organization","name":"Compuviper","url":"https:\/\/compuviper.mx\/tienda\/","logo":{"@type":"ImageObject","inLanguage":"es-MX","@id":"https:\/\/compuviper.mx\/tienda\/#\/schema\/logo\/image\/","url":"https:\/\/compuviper.mx\/tienda\/wp-content\/uploads\/2021\/08\/Logo-Compuviper-10.png","contentUrl":"https:\/\/compuviper.mx\/tienda\/wp-content\/uploads\/2021\/08\/Logo-Compuviper-10.png","width":1000,"height":500,"caption":"Compuviper"},"image":{"@id":"https:\/\/compuviper.mx\/tienda\/#\/schema\/logo\/image\/"},"sameAs":["https:\/\/www.facebook.com\/compuviper","https:\/\/www.youtube.com\/channel\/UCf73dERp9Y3cfOq7q8BhLjA?view_as=subscriber"]}]},"product_brand":"ACTECK","product_price_amount":"768","product_price_currency":"MXN","og_availability":"instock","product_availability":"instock","product_retailer_item_id":"AC-939270","product_condition":"new"},"_links":{"self":[{"href":"https:\/\/compuviper.mx\/tienda\/wp-json\/wp\/v2\/product\/243775"}],"collection":[{"href":"https:\/\/compuviper.mx\/tienda\/wp-json\/wp\/v2\/product"}],"about":[{"href":"https:\/\/compuviper.mx\/tienda\/wp-json\/wp\/v2\/types\/product"}],"replies":[{"embeddable":true,"href":"https:\/\/compuviper.mx\/tienda\/wp-json\/wp\/v2\/comments?post=243775"}],"wp:featuredmedia":[{"embeddable":true,"href":"https:\/\/compuviper.mx\/tienda\/wp-json\/wp\/v2\/media\/259272"}],"wp:attachment":[{"href":"https:\/\/compuviper.mx\/tienda\/wp-json\/wp\/v2\/media?parent=243775"}],"wp:term":[{"taxonomy":"product_cat","embeddable":true,"href":"https:\/\/compuviper.mx\/tienda\/wp-json\/wp\/v2\/product_cat?post=243775"},{"taxonomy":"product_tag","embeddable":true,"href":"https:\/\/compuviper.mx\/tienda\/wp-json\/wp\/v2\/product_tag?post=243775"}],"curies":[{"name":"wp","href":"https:\/\/api.w.org\/{rel}","templated":true}]}}