{"id":243772,"date":"2026-04-11T00:09:12","date_gmt":"2026-04-11T06:09:12","guid":{"rendered":"https:\/\/compuviper.mx\/tienda\/producto\/acteck-ac-939539-gabinete-kioto-gc220f-mini-torre-micro-atx-mini-itx-fuente-500w-full-metalico-frente-solido-negro\/"},"modified":"2026-04-11T00:09:13","modified_gmt":"2026-04-11T06:09:13","slug":"acteck-ac-939539-gabinete-kioto-gc220f-mini-torre-micro-atx-mini-itx-fuente-500w-incluida-soporte-para-ventiladores-metal-negro","status":"publish","type":"product","link":"https:\/\/compuviper.mx\/tienda\/producto\/acteck-ac-939539-gabinete-kioto-gc220f-mini-torre-micro-atx-mini-itx-fuente-500w-incluida-soporte-para-ventiladores-metal-negro\/","title":{"rendered":"Acteck Ac-939539 Gabinete  Kioto Gc220f \/ Mini Torre \/ Micro Atx, Mini Itx \/ Fuente 500w Incluida \/ Soporte Para Ventiladores \/ Metal \/ Negro \/"},"content":{"rendered":"<table class=\"descripcion\">\n<tr>\n<td>Modelo: ac-939539<\/td>\n<\/tr>\n<tr>\n<td>Ean: 7506215939539<\/td>\n<\/tr>\n<tr>\n<td>Factor de forma:  mini torre<\/td>\n<\/tr>\n<tr>\n<td>Tarjetas madres compatible:  mini-itx \/ micro-atx<\/td>\n<\/tr>\n<tr>\n<td>Fuente de poder compatible: atx<\/td>\n<\/tr>\n<tr>\n<td>Incluida: atx 500 w<\/td>\n<\/tr>\n<tr>\n<td>Ubicacion: superior trasera<\/td>\n<\/tr>\n<tr>\n<td>Enfriamiento cpu: 140 mm<\/td>\n<\/tr>\n<tr>\n<td>Tarjeta graficas: 250 mm<\/td>\n<\/tr>\n<tr>\n<td>Soporte para ventiladores<\/td>\n<\/tr>\n<tr>\n<td>Superior: na<\/td>\n<\/tr>\n<tr>\n<td>Frontal: 2x 120 mm<\/td>\n<\/tr>\n<tr>\n<td>Trasero: 1 x 80mm<\/td>\n<\/tr>\n<tr>\n<td>Otros: na<\/td>\n<\/tr>\n<tr>\n<td>Ventiladores pre instalados<\/td>\n<\/tr>\n<tr>\n<td>Superior: na<\/td>\n<\/tr>\n<tr>\n<td>Interior: na<\/td>\n<\/tr>\n<tr>\n<td>Ranuras<\/td>\n<\/tr>\n<tr>\n<td>Pci: 4<\/td>\n<\/tr>\n<tr>\n<td>Bahias<\/td>\n<\/tr>\n<tr>\n<td>5.25\u0094 odd: 0<\/td>\n<\/tr>\n<tr>\n<td>3.5\u0094 hdd: 0<\/td>\n<\/tr>\n<tr>\n<td>3.5\u0094 \/ 2.5\u0094 combo: 1<\/td>\n<\/tr>\n<tr>\n<td>2.5\u0094 ssd: 3<\/td>\n<\/tr>\n<tr>\n<td>I\/o panel<\/td>\n<\/tr>\n<tr>\n<td>Puerto usb: 2x usb 2.0<\/td>\n<\/tr>\n<tr>\n<td>Puertos de audio:  1x audio 3.5 mm y 1x microfono 3.5 mm<\/td>\n<\/tr>\n<tr>\n<td>Materiales<\/td>\n<\/tr>\n<tr>\n<td>Estructura: spcc 0.4 mm<\/td>\n<\/tr>\n<tr>\n<td>Exterior: metal + plastico<\/td>\n<\/tr>\n<tr>\n<td>Panel izquierdo: cristal<\/td>\n<\/tr>\n<tr>\n<td>Panel derecho: metal<\/td>\n<\/tr>\n<tr>\n<td>Panel frontal: plastico<\/td>\n<\/tr>\n<tr>\n<td>Color: negro<\/td>\n<\/tr>\n<tr>\n<td>Dimensiones l x w x h: 30.0 x 16.5 x 35.0 mm<\/td>\n<\/tr>\n<tr>\n<td>Garantia: 3 a\u00f1os<\/td>\n<\/tr>\n<tr>\n<td>Contenido del empaque:<\/td>\n<\/tr>\n<tr>\n<td>1 gabinete<\/td>\n<\/tr>\n<tr>\n<td>1 manual de usuario<\/td>\n<\/tr>\n<tr>\n<td>1 poliza de garantia<\/td>\n<\/tr>\n<\/table>\n","protected":false},"excerpt":{"rendered":"<p>Gabinete acteck kioto gc220f \/ mini torre \/ micro atx, mini itx \/ fuente 500w \/ full metalico + frente solido \/ negro \/ ac-939539<\/p>\n","protected":false},"featured_media":259269,"comment_status":"open","ping_status":"open","template":"","meta":[],"product_cat":[1674,1945],"product_tag":[1582],"acf":[],"yoast_head":"<!-- This site is optimized with the Yoast SEO plugin v21.7 - https:\/\/yoast.com\/wordpress\/plugins\/seo\/ -->\n<title>[ Acteck ] &#129351; Ac-939539 Gabinete Kioto Gc220f \/ Mini Torre \/ Micro Atx, Mini Itx \/ Fuente 500w Incluida \/ Soporte Para Ventiladores \/ Metal \/ Negro \/<\/title>\n<meta name=\"description\" content=\"Compra Ac-939539 Gabinete Kioto Gc220f \/ Mini Torre \/ Micro Atx, Mini Itx \/ Fuente 500w Incluida \/ Soporte Para Ventiladores \/ Metal \/ Negro \/ + Env\u00edo a domicilio + Pago seguro + Garant\u00eda\" \/>\n<meta name=\"robots\" content=\"index, follow, max-snippet:-1, max-image-preview:large, max-video-preview:-1\" \/>\n<link rel=\"canonical\" href=\"https:\/\/compuviper.mx\/tienda\/producto\/acteck-ac-939539-gabinete-kioto-gc220f-mini-torre-micro-atx-mini-itx-fuente-500w-incluida-soporte-para-ventiladores-metal-negro\/\" \/>\n<meta property=\"og:locale\" content=\"es_MX\" \/>\n<meta property=\"og:type\" content=\"article\" \/>\n<meta property=\"og:title\" content=\"[ Acteck ] &#129351; Ac-939539 Gabinete Kioto Gc220f \/ Mini Torre \/ Micro Atx, Mini Itx \/ Fuente 500w Incluida \/ Soporte Para Ventiladores \/ Metal \/ Negro \/\" \/>\n<meta property=\"og:description\" content=\"Compra Ac-939539 Gabinete Kioto Gc220f \/ Mini Torre \/ Micro Atx, Mini Itx \/ Fuente 500w Incluida \/ Soporte Para Ventiladores \/ Metal \/ Negro \/ + Env\u00edo a domicilio + Pago seguro + Garant\u00eda\" \/>\n<meta property=\"og:url\" content=\"https:\/\/compuviper.mx\/tienda\/producto\/acteck-ac-939539-gabinete-kioto-gc220f-mini-torre-micro-atx-mini-itx-fuente-500w-incluida-soporte-para-ventiladores-metal-negro\/\" \/>\n<meta property=\"og:site_name\" content=\"Compuviper\" \/>\n<meta property=\"article:publisher\" content=\"https:\/\/www.facebook.com\/compuviper\" \/>\n<meta property=\"article:modified_time\" content=\"2026-04-11T06:09:13+00:00\" \/>\n<meta property=\"og:image\" content=\"https:\/\/compuviper.mx\/tienda\/wp-content\/uploads\/2025\/10\/Gabinete-acteck-kioto-gc220f-mini-torre-micro-atx-mini-itx-fuente-500w-incluida-soporte-para-ventiladores-metal-negro-ac-939539.jpg\" \/>\n\t<meta property=\"og:image:width\" content=\"200\" \/>\n\t<meta property=\"og:image:height\" content=\"200\" \/>\n\t<meta property=\"og:image:type\" content=\"image\/jpeg\" \/>\n<meta name=\"twitter:card\" content=\"summary_large_image\" \/>\n<meta name=\"twitter:label1\" content=\"Precio\" \/>\n\t<meta name=\"twitter:data1\" content=\"&#36;451 &#36;429 con IVA\" \/>\n\t<meta name=\"twitter:label2\" content=\"Availability\" \/>\n\t<meta name=\"twitter:data2\" content=\"In stock\" \/>\n<script type=\"application\/ld+json\" class=\"yoast-schema-graph\">{\"@context\":\"https:\/\/schema.org\",\"@graph\":[{\"@type\":\"WebPage\",\"@id\":\"https:\/\/compuviper.mx\/tienda\/producto\/acteck-ac-939539-gabinete-kioto-gc220f-mini-torre-micro-atx-mini-itx-fuente-500w-incluida-soporte-para-ventiladores-metal-negro\/\",\"url\":\"https:\/\/compuviper.mx\/tienda\/producto\/acteck-ac-939539-gabinete-kioto-gc220f-mini-torre-micro-atx-mini-itx-fuente-500w-incluida-soporte-para-ventiladores-metal-negro\/\",\"name\":\"[ Acteck ] &#129351; Ac-939539 Gabinete Kioto Gc220f \/ Mini Torre \/ Micro Atx, Mini Itx \/ Fuente 500w Incluida \/ Soporte Para Ventiladores \/ Metal \/ Negro \/\",\"isPartOf\":{\"@id\":\"https:\/\/compuviper.mx\/tienda\/#website\"},\"datePublished\":\"2026-04-11T06:09:12+00:00\",\"dateModified\":\"2026-04-11T06:09:13+00:00\",\"description\":\"Compra Ac-939539 Gabinete Kioto Gc220f \/ Mini Torre \/ Micro Atx, Mini Itx \/ Fuente 500w Incluida \/ Soporte Para Ventiladores \/ Metal \/ Negro \/ + Env\u00edo a domicilio + Pago seguro + Garant\u00eda\",\"breadcrumb\":{\"@id\":\"https:\/\/compuviper.mx\/tienda\/producto\/acteck-ac-939539-gabinete-kioto-gc220f-mini-torre-micro-atx-mini-itx-fuente-500w-incluida-soporte-para-ventiladores-metal-negro\/#breadcrumb\"},\"inLanguage\":\"es-MX\",\"potentialAction\":[{\"@type\":\"ReadAction\",\"target\":[\"https:\/\/compuviper.mx\/tienda\/producto\/acteck-ac-939539-gabinete-kioto-gc220f-mini-torre-micro-atx-mini-itx-fuente-500w-incluida-soporte-para-ventiladores-metal-negro\/\"]}]},{\"@type\":\"BreadcrumbList\",\"@id\":\"https:\/\/compuviper.mx\/tienda\/producto\/acteck-ac-939539-gabinete-kioto-gc220f-mini-torre-micro-atx-mini-itx-fuente-500w-incluida-soporte-para-ventiladores-metal-negro\/#breadcrumb\",\"itemListElement\":[{\"@type\":\"ListItem\",\"position\":1,\"name\":\"Inicio\",\"item\":\"https:\/\/compuviper.mx\/tienda\/\"},{\"@type\":\"ListItem\",\"position\":2,\"name\":\"Productos\",\"item\":\"https:\/\/compuviper.mx\/tienda\/productos\/\"},{\"@type\":\"ListItem\",\"position\":3,\"name\":\"Gabinetes\",\"item\":\"https:\/\/compuviper.mx\/tienda\/categoria-producto\/gabinetes\/\"},{\"@type\":\"ListItem\",\"position\":4,\"name\":\"Mini Torre\",\"item\":\"https:\/\/compuviper.mx\/tienda\/categoria-producto\/gabinetes\/mini-torre\/\"},{\"@type\":\"ListItem\",\"position\":5,\"name\":\"Acteck Ac-939539 Gabinete Kioto Gc220f \/ Mini Torre \/ Micro Atx, Mini Itx \/ Fuente 500w Incluida \/ Soporte Para Ventiladores \/ Metal \/ Negro \/\"}]},{\"@type\":\"WebSite\",\"@id\":\"https:\/\/compuviper.mx\/tienda\/#website\",\"url\":\"https:\/\/compuviper.mx\/tienda\/\",\"name\":\"Compuviper\",\"description\":\"Proveedor de Computadoras, Laptops, Servidores, Monitores, Puntos de Venta, Teclados,   Impresoras, T\u00f3ner, C\u00e1maras de Seguridad y m\u00e1s en tu tienda en l\u00ednea\",\"publisher\":{\"@id\":\"https:\/\/compuviper.mx\/tienda\/#organization\"},\"potentialAction\":[{\"@type\":\"SearchAction\",\"target\":{\"@type\":\"EntryPoint\",\"urlTemplate\":\"https:\/\/compuviper.mx\/tienda\/?s={search_term_string}\"},\"query-input\":\"required name=search_term_string\"}],\"inLanguage\":\"es-MX\"},{\"@type\":\"Organization\",\"@id\":\"https:\/\/compuviper.mx\/tienda\/#organization\",\"name\":\"Compuviper\",\"url\":\"https:\/\/compuviper.mx\/tienda\/\",\"logo\":{\"@type\":\"ImageObject\",\"inLanguage\":\"es-MX\",\"@id\":\"https:\/\/compuviper.mx\/tienda\/#\/schema\/logo\/image\/\",\"url\":\"https:\/\/compuviper.mx\/tienda\/wp-content\/uploads\/2021\/08\/Logo-Compuviper-10.png\",\"contentUrl\":\"https:\/\/compuviper.mx\/tienda\/wp-content\/uploads\/2021\/08\/Logo-Compuviper-10.png\",\"width\":1000,\"height\":500,\"caption\":\"Compuviper\"},\"image\":{\"@id\":\"https:\/\/compuviper.mx\/tienda\/#\/schema\/logo\/image\/\"},\"sameAs\":[\"https:\/\/www.facebook.com\/compuviper\",\"https:\/\/www.youtube.com\/channel\/UCf73dERp9Y3cfOq7q8BhLjA?view_as=subscriber\"]}]}<\/script>\n<meta property=\"product:brand\" content=\"ACTECK\" \/>\n<meta property=\"product:price:amount\" content=\"429\" \/>\n<meta property=\"product:price:currency\" content=\"MXN\" \/>\n<meta property=\"og:availability\" content=\"instock\" \/>\n<meta property=\"product:availability\" content=\"instock\" \/>\n<meta property=\"product:retailer_item_id\" content=\"AC-939539\" \/>\n<meta property=\"product:condition\" content=\"new\" \/>\n<!-- \/ Yoast SEO plugin. -->","yoast_head_json":{"title":"[ Acteck ] &#129351; Ac-939539 Gabinete Kioto Gc220f \/ Mini Torre \/ Micro Atx, Mini Itx \/ Fuente 500w Incluida \/ Soporte Para Ventiladores \/ Metal \/ Negro \/","description":"Compra Ac-939539 Gabinete Kioto Gc220f \/ Mini Torre \/ Micro Atx, Mini Itx \/ Fuente 500w Incluida \/ Soporte Para Ventiladores \/ Metal \/ Negro \/ + Env\u00edo a domicilio + Pago seguro + Garant\u00eda","robots":{"index":"index","follow":"follow","max-snippet":"max-snippet:-1","max-image-preview":"max-image-preview:large","max-video-preview":"max-video-preview:-1"},"canonical":"https:\/\/compuviper.mx\/tienda\/producto\/acteck-ac-939539-gabinete-kioto-gc220f-mini-torre-micro-atx-mini-itx-fuente-500w-incluida-soporte-para-ventiladores-metal-negro\/","og_locale":"es_MX","og_type":"article","og_title":"[ Acteck ] &#129351; Ac-939539 Gabinete Kioto Gc220f \/ Mini Torre \/ Micro Atx, Mini Itx \/ Fuente 500w Incluida \/ Soporte Para Ventiladores \/ Metal \/ Negro \/","og_description":"Compra Ac-939539 Gabinete Kioto Gc220f \/ Mini Torre \/ Micro Atx, Mini Itx \/ Fuente 500w Incluida \/ Soporte Para Ventiladores \/ Metal \/ Negro \/ + Env\u00edo a domicilio + Pago seguro + Garant\u00eda","og_url":"https:\/\/compuviper.mx\/tienda\/producto\/acteck-ac-939539-gabinete-kioto-gc220f-mini-torre-micro-atx-mini-itx-fuente-500w-incluida-soporte-para-ventiladores-metal-negro\/","og_site_name":"Compuviper","article_publisher":"https:\/\/www.facebook.com\/compuviper","article_modified_time":"2026-04-11T06:09:13+00:00","og_image":[{"width":200,"height":200,"url":"https:\/\/compuviper.mx\/tienda\/wp-content\/uploads\/2025\/10\/Gabinete-acteck-kioto-gc220f-mini-torre-micro-atx-mini-itx-fuente-500w-incluida-soporte-para-ventiladores-metal-negro-ac-939539.jpg","type":"image\/jpeg"}],"twitter_card":"summary_large_image","twitter_misc":{"Precio":"&#36;451 &#36;429 con IVA","Availability":"In stock"},"schema":{"@context":"https:\/\/schema.org","@graph":[{"@type":"WebPage","@id":"https:\/\/compuviper.mx\/tienda\/producto\/acteck-ac-939539-gabinete-kioto-gc220f-mini-torre-micro-atx-mini-itx-fuente-500w-incluida-soporte-para-ventiladores-metal-negro\/","url":"https:\/\/compuviper.mx\/tienda\/producto\/acteck-ac-939539-gabinete-kioto-gc220f-mini-torre-micro-atx-mini-itx-fuente-500w-incluida-soporte-para-ventiladores-metal-negro\/","name":"[ Acteck ] &#129351; Ac-939539 Gabinete Kioto Gc220f \/ Mini Torre \/ Micro Atx, Mini Itx \/ Fuente 500w Incluida \/ Soporte Para Ventiladores \/ Metal \/ Negro \/","isPartOf":{"@id":"https:\/\/compuviper.mx\/tienda\/#website"},"datePublished":"2026-04-11T06:09:12+00:00","dateModified":"2026-04-11T06:09:13+00:00","description":"Compra Ac-939539 Gabinete Kioto Gc220f \/ Mini Torre \/ Micro Atx, Mini Itx \/ Fuente 500w Incluida \/ Soporte Para Ventiladores \/ Metal \/ Negro \/ + Env\u00edo a domicilio + Pago seguro + Garant\u00eda","breadcrumb":{"@id":"https:\/\/compuviper.mx\/tienda\/producto\/acteck-ac-939539-gabinete-kioto-gc220f-mini-torre-micro-atx-mini-itx-fuente-500w-incluida-soporte-para-ventiladores-metal-negro\/#breadcrumb"},"inLanguage":"es-MX","potentialAction":[{"@type":"ReadAction","target":["https:\/\/compuviper.mx\/tienda\/producto\/acteck-ac-939539-gabinete-kioto-gc220f-mini-torre-micro-atx-mini-itx-fuente-500w-incluida-soporte-para-ventiladores-metal-negro\/"]}]},{"@type":"BreadcrumbList","@id":"https:\/\/compuviper.mx\/tienda\/producto\/acteck-ac-939539-gabinete-kioto-gc220f-mini-torre-micro-atx-mini-itx-fuente-500w-incluida-soporte-para-ventiladores-metal-negro\/#breadcrumb","itemListElement":[{"@type":"ListItem","position":1,"name":"Inicio","item":"https:\/\/compuviper.mx\/tienda\/"},{"@type":"ListItem","position":2,"name":"Productos","item":"https:\/\/compuviper.mx\/tienda\/productos\/"},{"@type":"ListItem","position":3,"name":"Gabinetes","item":"https:\/\/compuviper.mx\/tienda\/categoria-producto\/gabinetes\/"},{"@type":"ListItem","position":4,"name":"Mini Torre","item":"https:\/\/compuviper.mx\/tienda\/categoria-producto\/gabinetes\/mini-torre\/"},{"@type":"ListItem","position":5,"name":"Acteck Ac-939539 Gabinete Kioto Gc220f \/ Mini Torre \/ Micro Atx, Mini Itx \/ Fuente 500w Incluida \/ Soporte Para Ventiladores \/ Metal \/ Negro \/"}]},{"@type":"WebSite","@id":"https:\/\/compuviper.mx\/tienda\/#website","url":"https:\/\/compuviper.mx\/tienda\/","name":"Compuviper","description":"Proveedor de Computadoras, Laptops, Servidores, Monitores, Puntos de Venta, Teclados,   Impresoras, T\u00f3ner, C\u00e1maras de Seguridad y m\u00e1s en tu tienda en l\u00ednea","publisher":{"@id":"https:\/\/compuviper.mx\/tienda\/#organization"},"potentialAction":[{"@type":"SearchAction","target":{"@type":"EntryPoint","urlTemplate":"https:\/\/compuviper.mx\/tienda\/?s={search_term_string}"},"query-input":"required name=search_term_string"}],"inLanguage":"es-MX"},{"@type":"Organization","@id":"https:\/\/compuviper.mx\/tienda\/#organization","name":"Compuviper","url":"https:\/\/compuviper.mx\/tienda\/","logo":{"@type":"ImageObject","inLanguage":"es-MX","@id":"https:\/\/compuviper.mx\/tienda\/#\/schema\/logo\/image\/","url":"https:\/\/compuviper.mx\/tienda\/wp-content\/uploads\/2021\/08\/Logo-Compuviper-10.png","contentUrl":"https:\/\/compuviper.mx\/tienda\/wp-content\/uploads\/2021\/08\/Logo-Compuviper-10.png","width":1000,"height":500,"caption":"Compuviper"},"image":{"@id":"https:\/\/compuviper.mx\/tienda\/#\/schema\/logo\/image\/"},"sameAs":["https:\/\/www.facebook.com\/compuviper","https:\/\/www.youtube.com\/channel\/UCf73dERp9Y3cfOq7q8BhLjA?view_as=subscriber"]}]},"product_brand":"ACTECK","product_price_amount":"429","product_price_currency":"MXN","og_availability":"instock","product_availability":"instock","product_retailer_item_id":"AC-939539","product_condition":"new"},"_links":{"self":[{"href":"https:\/\/compuviper.mx\/tienda\/wp-json\/wp\/v2\/product\/243772"}],"collection":[{"href":"https:\/\/compuviper.mx\/tienda\/wp-json\/wp\/v2\/product"}],"about":[{"href":"https:\/\/compuviper.mx\/tienda\/wp-json\/wp\/v2\/types\/product"}],"replies":[{"embeddable":true,"href":"https:\/\/compuviper.mx\/tienda\/wp-json\/wp\/v2\/comments?post=243772"}],"wp:featuredmedia":[{"embeddable":true,"href":"https:\/\/compuviper.mx\/tienda\/wp-json\/wp\/v2\/media\/259269"}],"wp:attachment":[{"href":"https:\/\/compuviper.mx\/tienda\/wp-json\/wp\/v2\/media?parent=243772"}],"wp:term":[{"taxonomy":"product_cat","embeddable":true,"href":"https:\/\/compuviper.mx\/tienda\/wp-json\/wp\/v2\/product_cat?post=243772"},{"taxonomy":"product_tag","embeddable":true,"href":"https:\/\/compuviper.mx\/tienda\/wp-json\/wp\/v2\/product_tag?post=243772"}],"curies":[{"name":"wp","href":"https:\/\/api.w.org\/{rel}","templated":true}]}}