{"id":243738,"date":"2026-04-01T23:08:25","date_gmt":"2026-04-02T05:08:25","guid":{"rendered":"https:\/\/compuviper.mx\/tienda\/producto\/startech-com-st12mhdlan4k-juego-de-extensor-hdmi-4k-con-soporte-para-mosaico-de-video-extensor-por-ip-compatible-con-video-wall-mod\/"},"modified":"2026-04-01T23:08:26","modified_gmt":"2026-04-02T05:08:26","slug":"startech-com-st12mhdlan4k-juego-de-extensor-hdmi-4k-con-soporte-para-mosaico-de-video-extensor-por-ip-compatible-con-video-wall-mod","status":"publish","type":"product","link":"https:\/\/compuviper.mx\/tienda\/producto\/startech-com-st12mhdlan4k-juego-de-extensor-hdmi-4k-con-soporte-para-mosaico-de-video-extensor-por-ip-compatible-con-video-wall-mod\/","title":{"rendered":"Startech.com St12mhdlan4k Juego De Extensor Hdmi 4k Con Soporte Para Mosaico De Video &#8211; Extensor Por Ip Compatible Con Video Wall &#8211;  Mod."},"content":{"rendered":"<table class=\"descripcion\">\n<tr>\n<td>Caractersticas fsicas<\/td>\n<\/tr>\n<tr>\n<td>Color: negro<\/td>\n<\/tr>\n<tr>\n<td>Tipo de gabinete: aluminio<\/td>\n<\/tr>\n<tr>\n<td>Longitud: 13 cm<\/td>\n<\/tr>\n<tr>\n<td>Ancho: 11.7 cm<\/td>\n<\/tr>\n<tr>\n<td>Altura: 3 cm<\/td>\n<\/tr>\n<tr>\n<td>Peso: 592 g<\/td>\n<\/tr>\n<tr>\n<td>Conectores<\/td>\n<\/tr>\n<tr>\n<td>Conector a: 1 &#8211; hdmi \/ 1 &#8211; rj-45 \/ 2 &#8211; rj-11 \/ 4 &#8211; mini-jack de 3.5mm 3 posiciones<\/td>\n<\/tr>\n<tr>\n<td>Conector b: 1 &#8211; hdmi 19 pines \/ 1 &#8211; rj-45 \/ 2 &#8211; rj-11 \/ 4 &#8211; mini-jack de 3.5mm 3 posiciones<\/td>\n<\/tr>\n<tr>\n<td>Hardware<\/td>\n<\/tr>\n<tr>\n<td>Cantidad de puertos: 1<\/td>\n<\/tr>\n<tr>\n<td>Entrada a\/v: hdmi<\/td>\n<\/tr>\n<tr>\n<td>Cableado: utp cat 5e o superior<\/td>\n<\/tr>\n<tr>\n<td>Soporte de audio: s<\/td>\n<\/tr>\n<tr>\n<td>Montaje en rack: no<\/td>\n<\/tr>\n<tr>\n<td>Sistema en cascada: s<\/td>\n<\/tr>\n<tr>\n<td>Indicadores led<\/td>\n<\/tr>\n<tr>\n<td>1 &#8211; enlace aceptar\/encender &#8211; transmisor<\/td>\n<\/tr>\n<tr>\n<td>1 &#8211; restablecimiento &#8211; transmisor<\/td>\n<\/tr>\n<tr>\n<td>1 &#8211; enlace aceptar\/encender &#8211; receptor<\/td>\n<\/tr>\n<tr>\n<td>1 &#8211; restablecimiento &#8211; receptor<\/td>\n<\/tr>\n<tr>\n<td>Observaciones \/ requisitos<\/td>\n<\/tr>\n<tr>\n<td>Nota :el modelo st12mhdlan4k solo funciona con los receptores st12mhdlan4r<\/td>\n<\/tr>\n<tr>\n<td>Rendimiento<\/td>\n<\/tr>\n<tr>\n<td>Distancia mxima: 100 m<\/td>\n<\/tr>\n<tr>\n<td>Resolucin digital mxima: 4k @ 30hz<\/td>\n<\/tr>\n<tr>\n<td>Resoluciones admitidas:<\/td>\n<\/tr>\n<tr>\n<td>3840&#215;2160 4k @ 30hz<\/td>\n<\/tr>\n<tr>\n<td>2560&#215;1600<\/td>\n<\/tr>\n<tr>\n<td>1920&#215;1200 @ 60hz<\/td>\n<\/tr>\n<tr>\n<td>1920&#215;1080 1080p<\/td>\n<\/tr>\n<tr>\n<td>1280&#215;720 720p<\/td>\n<\/tr>\n<tr>\n<td>Pantalla plana soportada: s<\/td>\n<\/tr>\n<\/table>\n","protected":false},"excerpt":{"rendered":"<p>Este extensor hdmi a travs de ip le ofrece la flexibilidad de colocar las pantallas de sealizacin digital donde las necesite. Mediante el uso de su red local para extender una seal 4k hdmi puede distribuir video de manera fluida a varias pantallas, a partir de varios dispositivos fuente. Esto facilita la colocacin de sus pantallas o la creacin de un mosaico de video, para causar el mximo impacto en la audiencia. El receptor\u00a0ip tambin incluye una extensin rs-232 que le permite agregar un dispositivo remoto operado de forma serie desde su fuente de video o en cada pantalla remota. Este extensor hdmi a travs de ip es la solucin perfecta para combinar una pantalla tctil operada de forma serie con una pantalla o muro\u00a0multivdeo, a fin de crear una presentacin interactiva de\u00a0sealizacin digital. En el caso de una configuracin punto a multipunto, puede conectar el kit hdmi por ip a travs de un portal lan gigabit administrado o no administrado.<\/p>\n","protected":false},"featured_media":243786,"comment_status":"open","ping_status":"open","template":"","meta":[],"product_cat":[1485,1506],"product_tag":[1590],"acf":[],"yoast_head":"<!-- This site is optimized with the Yoast SEO plugin v21.7 - https:\/\/yoast.com\/wordpress\/plugins\/seo\/ -->\n<title>[ Startech.com ] &#129351; St12mhdlan4k Juego De Extensor Hdmi 4k Con Soporte Para Mosaico De Video - Extensor Por Ip Compatible Con Video Wall - Mod.<\/title>\n<meta name=\"description\" content=\"Compra St12mhdlan4k Juego De Extensor Hdmi 4k Con Soporte Para Mosaico De Video - Extensor Por Ip Compatible Con Video Wall - Mod. + Env\u00edo a domicilio + Pago seguro + Garant\u00eda\" \/>\n<meta name=\"robots\" content=\"index, follow, max-snippet:-1, max-image-preview:large, max-video-preview:-1\" \/>\n<link rel=\"canonical\" href=\"https:\/\/compuviper.mx\/tienda\/producto\/startech-com-st12mhdlan4k-juego-de-extensor-hdmi-4k-con-soporte-para-mosaico-de-video-extensor-por-ip-compatible-con-video-wall-mod\/\" \/>\n<meta property=\"og:locale\" content=\"es_MX\" \/>\n<meta property=\"og:type\" content=\"article\" \/>\n<meta property=\"og:title\" content=\"[ Startech.com ] &#129351; St12mhdlan4k Juego De Extensor Hdmi 4k Con Soporte Para Mosaico De Video - Extensor Por Ip Compatible Con Video Wall - Mod.\" \/>\n<meta property=\"og:description\" content=\"Compra St12mhdlan4k Juego De Extensor Hdmi 4k Con Soporte Para Mosaico De Video - Extensor Por Ip Compatible Con Video Wall - Mod. + Env\u00edo a domicilio + Pago seguro + Garant\u00eda\" \/>\n<meta property=\"og:url\" content=\"https:\/\/compuviper.mx\/tienda\/producto\/startech-com-st12mhdlan4k-juego-de-extensor-hdmi-4k-con-soporte-para-mosaico-de-video-extensor-por-ip-compatible-con-video-wall-mod\/\" \/>\n<meta property=\"og:site_name\" content=\"Compuviper\" \/>\n<meta property=\"article:publisher\" content=\"https:\/\/www.facebook.com\/compuviper\" \/>\n<meta property=\"article:modified_time\" content=\"2026-04-02T05:08:26+00:00\" \/>\n<meta property=\"og:image\" content=\"https:\/\/compuviper.mx\/tienda\/wp-content\/uploads\/2024\/09\/Juego-de-extensor-hdmi-4k-con-soporte-para-mosaico-de-video-extensor-por-ip-compatible-con-video-wall-startech.com-mod.-st12mhdlan4k.jpg\" \/>\n\t<meta property=\"og:image:width\" content=\"200\" \/>\n\t<meta property=\"og:image:height\" content=\"200\" \/>\n\t<meta property=\"og:image:type\" content=\"image\/jpeg\" \/>\n<meta name=\"twitter:card\" content=\"summary_large_image\" \/>\n<meta name=\"twitter:label1\" content=\"Precio\" \/>\n\t<meta name=\"twitter:data1\" content=\"&#36;11,427 con IVA\" \/>\n\t<meta name=\"twitter:label2\" content=\"Availability\" \/>\n\t<meta name=\"twitter:data2\" content=\"On backorder\" \/>\n<script type=\"application\/ld+json\" class=\"yoast-schema-graph\">{\"@context\":\"https:\/\/schema.org\",\"@graph\":[{\"@type\":\"WebPage\",\"@id\":\"https:\/\/compuviper.mx\/tienda\/producto\/startech-com-st12mhdlan4k-juego-de-extensor-hdmi-4k-con-soporte-para-mosaico-de-video-extensor-por-ip-compatible-con-video-wall-mod\/\",\"url\":\"https:\/\/compuviper.mx\/tienda\/producto\/startech-com-st12mhdlan4k-juego-de-extensor-hdmi-4k-con-soporte-para-mosaico-de-video-extensor-por-ip-compatible-con-video-wall-mod\/\",\"name\":\"[ Startech.com ] &#129351; St12mhdlan4k Juego De Extensor Hdmi 4k Con Soporte Para Mosaico De Video - Extensor Por Ip Compatible Con Video Wall - Mod.\",\"isPartOf\":{\"@id\":\"https:\/\/compuviper.mx\/tienda\/#website\"},\"datePublished\":\"2026-04-02T05:08:25+00:00\",\"dateModified\":\"2026-04-02T05:08:26+00:00\",\"description\":\"Compra St12mhdlan4k Juego De Extensor Hdmi 4k Con Soporte Para Mosaico De Video - Extensor Por Ip Compatible Con Video Wall - Mod. + Env\u00edo a domicilio + Pago seguro + Garant\u00eda\",\"breadcrumb\":{\"@id\":\"https:\/\/compuviper.mx\/tienda\/producto\/startech-com-st12mhdlan4k-juego-de-extensor-hdmi-4k-con-soporte-para-mosaico-de-video-extensor-por-ip-compatible-con-video-wall-mod\/#breadcrumb\"},\"inLanguage\":\"es-MX\",\"potentialAction\":[{\"@type\":\"ReadAction\",\"target\":[\"https:\/\/compuviper.mx\/tienda\/producto\/startech-com-st12mhdlan4k-juego-de-extensor-hdmi-4k-con-soporte-para-mosaico-de-video-extensor-por-ip-compatible-con-video-wall-mod\/\"]}]},{\"@type\":\"BreadcrumbList\",\"@id\":\"https:\/\/compuviper.mx\/tienda\/producto\/startech-com-st12mhdlan4k-juego-de-extensor-hdmi-4k-con-soporte-para-mosaico-de-video-extensor-por-ip-compatible-con-video-wall-mod\/#breadcrumb\",\"itemListElement\":[{\"@type\":\"ListItem\",\"position\":1,\"name\":\"Inicio\",\"item\":\"https:\/\/compuviper.mx\/tienda\/\"},{\"@type\":\"ListItem\",\"position\":2,\"name\":\"Productos\",\"item\":\"https:\/\/compuviper.mx\/tienda\/productos\/\"},{\"@type\":\"ListItem\",\"position\":3,\"name\":\"Accesorios\",\"item\":\"https:\/\/compuviper.mx\/tienda\/categoria-producto\/accesorios\/\"},{\"@type\":\"ListItem\",\"position\":4,\"name\":\"Conectividad\",\"item\":\"https:\/\/compuviper.mx\/tienda\/categoria-producto\/accesorios\/conectividad\/\"},{\"@type\":\"ListItem\",\"position\":5,\"name\":\"Startech.com St12mhdlan4k Juego De Extensor Hdmi 4k Con Soporte Para Mosaico De Video &#8211; Extensor Por Ip Compatible Con Video Wall &#8211; Mod.\"}]},{\"@type\":\"WebSite\",\"@id\":\"https:\/\/compuviper.mx\/tienda\/#website\",\"url\":\"https:\/\/compuviper.mx\/tienda\/\",\"name\":\"Compuviper\",\"description\":\"Proveedor de Computadoras, Laptops, Servidores, Monitores, Puntos de Venta, Teclados,   Impresoras, T\u00f3ner, C\u00e1maras de Seguridad y m\u00e1s en tu tienda en l\u00ednea\",\"publisher\":{\"@id\":\"https:\/\/compuviper.mx\/tienda\/#organization\"},\"potentialAction\":[{\"@type\":\"SearchAction\",\"target\":{\"@type\":\"EntryPoint\",\"urlTemplate\":\"https:\/\/compuviper.mx\/tienda\/?s={search_term_string}\"},\"query-input\":\"required name=search_term_string\"}],\"inLanguage\":\"es-MX\"},{\"@type\":\"Organization\",\"@id\":\"https:\/\/compuviper.mx\/tienda\/#organization\",\"name\":\"Compuviper\",\"url\":\"https:\/\/compuviper.mx\/tienda\/\",\"logo\":{\"@type\":\"ImageObject\",\"inLanguage\":\"es-MX\",\"@id\":\"https:\/\/compuviper.mx\/tienda\/#\/schema\/logo\/image\/\",\"url\":\"https:\/\/compuviper.mx\/tienda\/wp-content\/uploads\/2021\/08\/Logo-Compuviper-10.png\",\"contentUrl\":\"https:\/\/compuviper.mx\/tienda\/wp-content\/uploads\/2021\/08\/Logo-Compuviper-10.png\",\"width\":1000,\"height\":500,\"caption\":\"Compuviper\"},\"image\":{\"@id\":\"https:\/\/compuviper.mx\/tienda\/#\/schema\/logo\/image\/\"},\"sameAs\":[\"https:\/\/www.facebook.com\/compuviper\",\"https:\/\/www.youtube.com\/channel\/UCf73dERp9Y3cfOq7q8BhLjA?view_as=subscriber\"]}]}<\/script>\n<meta property=\"product:brand\" content=\"STARTECH.COM\" \/>\n<meta property=\"product:price:amount\" content=\"11427\" \/>\n<meta property=\"product:price:currency\" content=\"MXN\" \/>\n<meta property=\"og:availability\" content=\"backorder\" \/>\n<meta property=\"product:availability\" content=\"available for order\" \/>\n<meta property=\"product:retailer_item_id\" content=\"ST12MHDLAN4K\" \/>\n<meta property=\"product:condition\" content=\"new\" \/>\n<!-- \/ Yoast SEO plugin. -->","yoast_head_json":{"title":"[ Startech.com ] &#129351; St12mhdlan4k Juego De Extensor Hdmi 4k Con Soporte Para Mosaico De Video - Extensor Por Ip Compatible Con Video Wall - Mod.","description":"Compra St12mhdlan4k Juego De Extensor Hdmi 4k Con Soporte Para Mosaico De Video - Extensor Por Ip Compatible Con Video Wall - Mod. + Env\u00edo a domicilio + Pago seguro + Garant\u00eda","robots":{"index":"index","follow":"follow","max-snippet":"max-snippet:-1","max-image-preview":"max-image-preview:large","max-video-preview":"max-video-preview:-1"},"canonical":"https:\/\/compuviper.mx\/tienda\/producto\/startech-com-st12mhdlan4k-juego-de-extensor-hdmi-4k-con-soporte-para-mosaico-de-video-extensor-por-ip-compatible-con-video-wall-mod\/","og_locale":"es_MX","og_type":"article","og_title":"[ Startech.com ] &#129351; St12mhdlan4k Juego De Extensor Hdmi 4k Con Soporte Para Mosaico De Video - Extensor Por Ip Compatible Con Video Wall - Mod.","og_description":"Compra St12mhdlan4k Juego De Extensor Hdmi 4k Con Soporte Para Mosaico De Video - Extensor Por Ip Compatible Con Video Wall - Mod. + Env\u00edo a domicilio + Pago seguro + Garant\u00eda","og_url":"https:\/\/compuviper.mx\/tienda\/producto\/startech-com-st12mhdlan4k-juego-de-extensor-hdmi-4k-con-soporte-para-mosaico-de-video-extensor-por-ip-compatible-con-video-wall-mod\/","og_site_name":"Compuviper","article_publisher":"https:\/\/www.facebook.com\/compuviper","article_modified_time":"2026-04-02T05:08:26+00:00","og_image":[{"width":200,"height":200,"url":"https:\/\/compuviper.mx\/tienda\/wp-content\/uploads\/2024\/09\/Juego-de-extensor-hdmi-4k-con-soporte-para-mosaico-de-video-extensor-por-ip-compatible-con-video-wall-startech.com-mod.-st12mhdlan4k.jpg","type":"image\/jpeg"}],"twitter_card":"summary_large_image","twitter_misc":{"Precio":"&#36;11,427 con IVA","Availability":"On backorder"},"schema":{"@context":"https:\/\/schema.org","@graph":[{"@type":"WebPage","@id":"https:\/\/compuviper.mx\/tienda\/producto\/startech-com-st12mhdlan4k-juego-de-extensor-hdmi-4k-con-soporte-para-mosaico-de-video-extensor-por-ip-compatible-con-video-wall-mod\/","url":"https:\/\/compuviper.mx\/tienda\/producto\/startech-com-st12mhdlan4k-juego-de-extensor-hdmi-4k-con-soporte-para-mosaico-de-video-extensor-por-ip-compatible-con-video-wall-mod\/","name":"[ Startech.com ] &#129351; St12mhdlan4k Juego De Extensor Hdmi 4k Con Soporte Para Mosaico De Video - Extensor Por Ip Compatible Con Video Wall - Mod.","isPartOf":{"@id":"https:\/\/compuviper.mx\/tienda\/#website"},"datePublished":"2026-04-02T05:08:25+00:00","dateModified":"2026-04-02T05:08:26+00:00","description":"Compra St12mhdlan4k Juego De Extensor Hdmi 4k Con Soporte Para Mosaico De Video - Extensor Por Ip Compatible Con Video Wall - Mod. + Env\u00edo a domicilio + Pago seguro + Garant\u00eda","breadcrumb":{"@id":"https:\/\/compuviper.mx\/tienda\/producto\/startech-com-st12mhdlan4k-juego-de-extensor-hdmi-4k-con-soporte-para-mosaico-de-video-extensor-por-ip-compatible-con-video-wall-mod\/#breadcrumb"},"inLanguage":"es-MX","potentialAction":[{"@type":"ReadAction","target":["https:\/\/compuviper.mx\/tienda\/producto\/startech-com-st12mhdlan4k-juego-de-extensor-hdmi-4k-con-soporte-para-mosaico-de-video-extensor-por-ip-compatible-con-video-wall-mod\/"]}]},{"@type":"BreadcrumbList","@id":"https:\/\/compuviper.mx\/tienda\/producto\/startech-com-st12mhdlan4k-juego-de-extensor-hdmi-4k-con-soporte-para-mosaico-de-video-extensor-por-ip-compatible-con-video-wall-mod\/#breadcrumb","itemListElement":[{"@type":"ListItem","position":1,"name":"Inicio","item":"https:\/\/compuviper.mx\/tienda\/"},{"@type":"ListItem","position":2,"name":"Productos","item":"https:\/\/compuviper.mx\/tienda\/productos\/"},{"@type":"ListItem","position":3,"name":"Accesorios","item":"https:\/\/compuviper.mx\/tienda\/categoria-producto\/accesorios\/"},{"@type":"ListItem","position":4,"name":"Conectividad","item":"https:\/\/compuviper.mx\/tienda\/categoria-producto\/accesorios\/conectividad\/"},{"@type":"ListItem","position":5,"name":"Startech.com St12mhdlan4k Juego De Extensor Hdmi 4k Con Soporte Para Mosaico De Video &#8211; Extensor Por Ip Compatible Con Video Wall &#8211; Mod."}]},{"@type":"WebSite","@id":"https:\/\/compuviper.mx\/tienda\/#website","url":"https:\/\/compuviper.mx\/tienda\/","name":"Compuviper","description":"Proveedor de Computadoras, Laptops, Servidores, Monitores, Puntos de Venta, Teclados,   Impresoras, T\u00f3ner, C\u00e1maras de Seguridad y m\u00e1s en tu tienda en l\u00ednea","publisher":{"@id":"https:\/\/compuviper.mx\/tienda\/#organization"},"potentialAction":[{"@type":"SearchAction","target":{"@type":"EntryPoint","urlTemplate":"https:\/\/compuviper.mx\/tienda\/?s={search_term_string}"},"query-input":"required name=search_term_string"}],"inLanguage":"es-MX"},{"@type":"Organization","@id":"https:\/\/compuviper.mx\/tienda\/#organization","name":"Compuviper","url":"https:\/\/compuviper.mx\/tienda\/","logo":{"@type":"ImageObject","inLanguage":"es-MX","@id":"https:\/\/compuviper.mx\/tienda\/#\/schema\/logo\/image\/","url":"https:\/\/compuviper.mx\/tienda\/wp-content\/uploads\/2021\/08\/Logo-Compuviper-10.png","contentUrl":"https:\/\/compuviper.mx\/tienda\/wp-content\/uploads\/2021\/08\/Logo-Compuviper-10.png","width":1000,"height":500,"caption":"Compuviper"},"image":{"@id":"https:\/\/compuviper.mx\/tienda\/#\/schema\/logo\/image\/"},"sameAs":["https:\/\/www.facebook.com\/compuviper","https:\/\/www.youtube.com\/channel\/UCf73dERp9Y3cfOq7q8BhLjA?view_as=subscriber"]}]},"product_brand":"STARTECH.COM","product_price_amount":"11427","product_price_currency":"MXN","og_availability":"backorder","product_availability":"available for order","product_retailer_item_id":"ST12MHDLAN4K","product_condition":"new"},"_links":{"self":[{"href":"https:\/\/compuviper.mx\/tienda\/wp-json\/wp\/v2\/product\/243738"}],"collection":[{"href":"https:\/\/compuviper.mx\/tienda\/wp-json\/wp\/v2\/product"}],"about":[{"href":"https:\/\/compuviper.mx\/tienda\/wp-json\/wp\/v2\/types\/product"}],"replies":[{"embeddable":true,"href":"https:\/\/compuviper.mx\/tienda\/wp-json\/wp\/v2\/comments?post=243738"}],"wp:featuredmedia":[{"embeddable":true,"href":"https:\/\/compuviper.mx\/tienda\/wp-json\/wp\/v2\/media\/243786"}],"wp:attachment":[{"href":"https:\/\/compuviper.mx\/tienda\/wp-json\/wp\/v2\/media?parent=243738"}],"wp:term":[{"taxonomy":"product_cat","embeddable":true,"href":"https:\/\/compuviper.mx\/tienda\/wp-json\/wp\/v2\/product_cat?post=243738"},{"taxonomy":"product_tag","embeddable":true,"href":"https:\/\/compuviper.mx\/tienda\/wp-json\/wp\/v2\/product_tag?post=243738"}],"curies":[{"name":"wp","href":"https:\/\/api.w.org\/{rel}","templated":true}]}}