{"id":243733,"date":"2026-04-02T01:46:02","date_gmt":"2026-04-02T07:46:02","guid":{"rendered":"https:\/\/compuviper.mx\/tienda\/producto\/epson-c31ch76201-impresora-de-etiquetas-colorworks-cw-c6000p-inyeccion-de-tinta-a-color-usb-ethernet-corte-mannual\/"},"modified":"2026-04-02T01:46:03","modified_gmt":"2026-04-02T07:46:03","slug":"epson-c31ch76201-impresora-de-etiquetas-colorworks-cw-c6000p-inyeccion-de-tinta-a-color-usb-ethernet-corte-mannual","status":"publish","type":"product","link":"https:\/\/compuviper.mx\/tienda\/producto\/epson-c31ch76201-impresora-de-etiquetas-colorworks-cw-c6000p-inyeccion-de-tinta-a-color-usb-ethernet-corte-mannual\/","title":{"rendered":"Epson C31ch76201 Impresora De Etiquetas  Colorworks Cw-c6000p, Inyeccion De Tinta A Color, Usb, Ethernet, Corte Mannual"},"content":{"rendered":"<table class=\"descripcion\">\n<tr>\n<td>Informacion tecnica:<\/td>\n<\/tr>\n<tr>\n<td>Imprimir<\/td>\n<\/tr>\n<tr>\n<td>* tecnologia de impresion: inyeccion de tinta en serie precisioncore tfp<\/td>\n<\/tr>\n<tr>\n<td>* ancho de impresion: 4.25 (108 mm)<\/td>\n<\/tr>\n<tr>\n<td>* image security: tecnologia de verificacion de boquillas, mantenimiento automatico del cabezal y compensacion automatica de puntos faltantes<\/td>\n<\/tr>\n<tr>\n<td>Tinta<\/td>\n<\/tr>\n<tr>\n<td>* tipo de tinta: tinta de pigmento dl ultrachrome\u00ae<\/td>\n<\/tr>\n<tr>\n<td>* paleta de tintas: cartucho de tinta sjic35p-c (cian) cartucho de tinta sjic35p-m (magenta) cartucho de tinta sjic35p-y (amarillo) cartucho de tinta sjic35p-k (negro)<\/td>\n<\/tr>\n<tr>\n<td>* configuracion de la tinta: cartuchos individuales cmyk.<\/td>\n<\/tr>\n<tr>\n<td>Fuentes de impresion<\/td>\n<\/tr>\n<tr>\n<td>* codigo de barras: upc-a, upc-e, jan13(ean), jan8(ean), code39, itf, codabar, code93, code128, gs1-128, gs1 databar omnidirectional, gs1 databar truncated, gs1 databar limited, gs1 databar expanded.<\/td>\n<\/tr>\n<tr>\n<td>Fuentes<\/td>\n<\/tr>\n<tr>\n<td>* codigo de barras: upc-a, upc-e, jan 13(ean), jan8(ean), code39, itf, codabar, code93, code128, gs1-128, gs1 databaromnidirectional, gs1 databar truncated, gs1 databar limited, gs1 databar expanded<\/td>\n<\/tr>\n<tr>\n<td>* codigo de impresion de dos dimensiones: pdf417, qr code, maxi code, gs1 databar stacked, gs1 databar stacked omnidirectional, gs1 databar expanded stacked, datamatrix, aztec code, micropdf417, micro qr code.<\/td>\n<\/tr>\n<tr>\n<td>General<\/td>\n<\/tr>\n<tr>\n<td>* sistemas de operacion: windows 10, 8.1, 8, 7 sp1, windows vista sp2, macos 10.6.8 o posterior, linux<\/td>\n<\/tr>\n<tr>\n<td>* sistemas de servidor: windows server\u00ae 2019, 2016, 2012 r2, 2012, 2008 r2, 2008<\/td>\n<\/tr>\n<tr>\n<td>* temperatura: temperatura de funcionamiento: 5 a 35 \u00b0c \/ 20 &#8211; 80% de humedad relativa<\/td>\n<\/tr>\n<tr>\n<td>* temperatura de almacenamiento: -20 a 60 \u00b0 c \/ 5 &#8211; 85% de humedad relativa<\/td>\n<\/tr>\n<tr>\n<td>* nivel de sonido: 55 dba<\/td>\n<\/tr>\n<tr>\n<td>* dimensiones: impresora (w x d x h) 13.4 x 22.2 x 12.8 (340 mm x 565 mm x 326 mm), despacho (w x d x h) 19.5 x 27 x 18.5 (495 mm x 685 mm)<\/td>\n<\/tr>\n<tr>\n<td>* peso: peso &#8211; impresora (dry): 50.7 lb (23.0 kg) peso &#8211; despacho 75.0 lb (34.0 kg)<\/td>\n<\/tr>\n<tr>\n<td>* normas de seguridad: ul1950\/csa c22.2 no.950, tuv, gost-r<\/td>\n<\/tr>\n<tr>\n<td>* garantia: 1 a\u00f1o de garantia carry in<\/td>\n<\/tr>\n<tr>\n<td>Conectividad<\/td>\n<\/tr>\n<tr>\n<td>*conectividad estandar: usb 2.0 high-speed, ethernet<\/td>\n<\/tr>\n<\/table>\n","protected":false},"excerpt":{"rendered":"<p>Informacion comercial. La primera impresora disenada especificamente como un paso mas alla en color para impresoras de transferencia termica en blanco y negro1. La impresora de inyeccion de tinta colorworks cw-c6000a puede producir etiquetas a color de 4, a pedido, a un precio comparable2. Dise\u00f1ada para aplicaciones urgentes, esta confiable impresora rapidamente imprime etiquetas de hasta 5 por segundo3. Con una resolucion de hasta 1200 ppp, la cw-c6000a produce imagenes nitidas comparables a las etiquetas preimpresas. Compatible con zpl ii, sap y mas, y dise\u00f1ada para adaptarse a la administracion remota de impresoras, esta versatil impresora ofrece una integracion perfecta con su flujo de trabajo existente. Viene con un cortador manual con peeler, para crear etiquetas de longitud variable y permitir una facil separacion del trabajo.<\/p>\n","protected":false},"featured_media":260607,"comment_status":"open","ping_status":"open","template":"","meta":[],"product_cat":[1788,1777],"product_tag":[1624],"acf":[],"yoast_head":"<!-- This site is optimized with the Yoast SEO plugin v21.7 - https:\/\/yoast.com\/wordpress\/plugins\/seo\/ -->\n<title>[ Epson ] &#129351; C31ch76201 Impresora De Etiquetas Colorworks Cw-c6000p, Inyeccion De Tinta A Color, Usb, Ethernet, Corte Mannual<\/title>\n<meta name=\"description\" content=\"Compra C31ch76201 Impresora De Etiquetas Colorworks Cw-c6000p, Inyeccion De Tinta A Color, Usb, Ethernet, Corte Mannual + Env\u00edo a domicilio + Pago seguro + Garant\u00eda\" \/>\n<meta name=\"robots\" content=\"index, follow, max-snippet:-1, max-image-preview:large, max-video-preview:-1\" \/>\n<link rel=\"canonical\" href=\"https:\/\/compuviper.mx\/tienda\/producto\/epson-c31ch76201-impresora-de-etiquetas-colorworks-cw-c6000p-inyeccion-de-tinta-a-color-usb-ethernet-corte-mannual\/\" \/>\n<meta property=\"og:locale\" content=\"es_MX\" \/>\n<meta property=\"og:type\" content=\"article\" \/>\n<meta property=\"og:title\" content=\"[ Epson ] &#129351; C31ch76201 Impresora De Etiquetas Colorworks Cw-c6000p, Inyeccion De Tinta A Color, Usb, Ethernet, Corte Mannual\" \/>\n<meta property=\"og:description\" content=\"Compra C31ch76201 Impresora De Etiquetas Colorworks Cw-c6000p, Inyeccion De Tinta A Color, Usb, Ethernet, Corte Mannual + Env\u00edo a domicilio + Pago seguro + Garant\u00eda\" \/>\n<meta property=\"og:url\" content=\"https:\/\/compuviper.mx\/tienda\/producto\/epson-c31ch76201-impresora-de-etiquetas-colorworks-cw-c6000p-inyeccion-de-tinta-a-color-usb-ethernet-corte-mannual\/\" \/>\n<meta property=\"og:site_name\" content=\"Compuviper\" \/>\n<meta property=\"article:publisher\" content=\"https:\/\/www.facebook.com\/compuviper\" \/>\n<meta property=\"article:modified_time\" content=\"2026-04-02T07:46:03+00:00\" \/>\n<meta property=\"og:image\" content=\"https:\/\/compuviper.mx\/tienda\/wp-content\/uploads\/2025\/10\/Impresora-de-etiquetas-epson-colorworks-cw-c6000p-inyeccion-de-tinta-a-color-usb-ethernet-corte-mannual.jpg\" \/>\n\t<meta property=\"og:image:width\" content=\"200\" \/>\n\t<meta property=\"og:image:height\" content=\"200\" \/>\n\t<meta property=\"og:image:type\" content=\"image\/jpeg\" \/>\n<meta name=\"twitter:card\" content=\"summary_large_image\" \/>\n<meta name=\"twitter:label1\" content=\"Precio\" \/>\n\t<meta name=\"twitter:data1\" content=\"&#36;48,095 con IVA\" \/>\n\t<meta name=\"twitter:label2\" content=\"Availability\" \/>\n\t<meta name=\"twitter:data2\" content=\"On backorder\" \/>\n<script type=\"application\/ld+json\" class=\"yoast-schema-graph\">{\"@context\":\"https:\/\/schema.org\",\"@graph\":[{\"@type\":\"WebPage\",\"@id\":\"https:\/\/compuviper.mx\/tienda\/producto\/epson-c31ch76201-impresora-de-etiquetas-colorworks-cw-c6000p-inyeccion-de-tinta-a-color-usb-ethernet-corte-mannual\/\",\"url\":\"https:\/\/compuviper.mx\/tienda\/producto\/epson-c31ch76201-impresora-de-etiquetas-colorworks-cw-c6000p-inyeccion-de-tinta-a-color-usb-ethernet-corte-mannual\/\",\"name\":\"[ Epson ] &#129351; C31ch76201 Impresora De Etiquetas Colorworks Cw-c6000p, Inyeccion De Tinta A Color, Usb, Ethernet, Corte Mannual\",\"isPartOf\":{\"@id\":\"https:\/\/compuviper.mx\/tienda\/#website\"},\"datePublished\":\"2026-04-02T07:46:02+00:00\",\"dateModified\":\"2026-04-02T07:46:03+00:00\",\"description\":\"Compra C31ch76201 Impresora De Etiquetas Colorworks Cw-c6000p, Inyeccion De Tinta A Color, Usb, Ethernet, Corte Mannual + Env\u00edo a domicilio + Pago seguro + Garant\u00eda\",\"breadcrumb\":{\"@id\":\"https:\/\/compuviper.mx\/tienda\/producto\/epson-c31ch76201-impresora-de-etiquetas-colorworks-cw-c6000p-inyeccion-de-tinta-a-color-usb-ethernet-corte-mannual\/#breadcrumb\"},\"inLanguage\":\"es-MX\",\"potentialAction\":[{\"@type\":\"ReadAction\",\"target\":[\"https:\/\/compuviper.mx\/tienda\/producto\/epson-c31ch76201-impresora-de-etiquetas-colorworks-cw-c6000p-inyeccion-de-tinta-a-color-usb-ethernet-corte-mannual\/\"]}]},{\"@type\":\"BreadcrumbList\",\"@id\":\"https:\/\/compuviper.mx\/tienda\/producto\/epson-c31ch76201-impresora-de-etiquetas-colorworks-cw-c6000p-inyeccion-de-tinta-a-color-usb-ethernet-corte-mannual\/#breadcrumb\",\"itemListElement\":[{\"@type\":\"ListItem\",\"position\":1,\"name\":\"Inicio\",\"item\":\"https:\/\/compuviper.mx\/tienda\/\"},{\"@type\":\"ListItem\",\"position\":2,\"name\":\"Productos\",\"item\":\"https:\/\/compuviper.mx\/tienda\/productos\/\"},{\"@type\":\"ListItem\",\"position\":3,\"name\":\"Impresoras\",\"item\":\"https:\/\/compuviper.mx\/tienda\/categoria-producto\/impresoras\/\"},{\"@type\":\"ListItem\",\"position\":4,\"name\":\"Etiquetas\",\"item\":\"https:\/\/compuviper.mx\/tienda\/categoria-producto\/impresoras\/etiquetas\/\"},{\"@type\":\"ListItem\",\"position\":5,\"name\":\"Epson C31ch76201 Impresora De Etiquetas Colorworks Cw-c6000p, Inyeccion De Tinta A Color, Usb, Ethernet, Corte Mannual\"}]},{\"@type\":\"WebSite\",\"@id\":\"https:\/\/compuviper.mx\/tienda\/#website\",\"url\":\"https:\/\/compuviper.mx\/tienda\/\",\"name\":\"Compuviper\",\"description\":\"Proveedor de Computadoras, Laptops, Servidores, Monitores, Puntos de Venta, Teclados,   Impresoras, T\u00f3ner, C\u00e1maras de Seguridad y m\u00e1s en tu tienda en l\u00ednea\",\"publisher\":{\"@id\":\"https:\/\/compuviper.mx\/tienda\/#organization\"},\"potentialAction\":[{\"@type\":\"SearchAction\",\"target\":{\"@type\":\"EntryPoint\",\"urlTemplate\":\"https:\/\/compuviper.mx\/tienda\/?s={search_term_string}\"},\"query-input\":\"required name=search_term_string\"}],\"inLanguage\":\"es-MX\"},{\"@type\":\"Organization\",\"@id\":\"https:\/\/compuviper.mx\/tienda\/#organization\",\"name\":\"Compuviper\",\"url\":\"https:\/\/compuviper.mx\/tienda\/\",\"logo\":{\"@type\":\"ImageObject\",\"inLanguage\":\"es-MX\",\"@id\":\"https:\/\/compuviper.mx\/tienda\/#\/schema\/logo\/image\/\",\"url\":\"https:\/\/compuviper.mx\/tienda\/wp-content\/uploads\/2021\/08\/Logo-Compuviper-10.png\",\"contentUrl\":\"https:\/\/compuviper.mx\/tienda\/wp-content\/uploads\/2021\/08\/Logo-Compuviper-10.png\",\"width\":1000,\"height\":500,\"caption\":\"Compuviper\"},\"image\":{\"@id\":\"https:\/\/compuviper.mx\/tienda\/#\/schema\/logo\/image\/\"},\"sameAs\":[\"https:\/\/www.facebook.com\/compuviper\",\"https:\/\/www.youtube.com\/channel\/UCf73dERp9Y3cfOq7q8BhLjA?view_as=subscriber\"]}]}<\/script>\n<meta property=\"product:brand\" content=\"EPSON\" \/>\n<meta property=\"product:price:amount\" content=\"48095\" \/>\n<meta property=\"product:price:currency\" content=\"MXN\" \/>\n<meta property=\"og:availability\" content=\"backorder\" \/>\n<meta property=\"product:availability\" content=\"available for order\" \/>\n<meta property=\"product:retailer_item_id\" content=\"C31CH76201\" \/>\n<meta property=\"product:condition\" content=\"new\" \/>\n<!-- \/ Yoast SEO plugin. -->","yoast_head_json":{"title":"[ Epson ] &#129351; C31ch76201 Impresora De Etiquetas Colorworks Cw-c6000p, Inyeccion De Tinta A Color, Usb, Ethernet, Corte Mannual","description":"Compra C31ch76201 Impresora De Etiquetas Colorworks Cw-c6000p, Inyeccion De Tinta A Color, Usb, Ethernet, Corte Mannual + Env\u00edo a domicilio + Pago seguro + Garant\u00eda","robots":{"index":"index","follow":"follow","max-snippet":"max-snippet:-1","max-image-preview":"max-image-preview:large","max-video-preview":"max-video-preview:-1"},"canonical":"https:\/\/compuviper.mx\/tienda\/producto\/epson-c31ch76201-impresora-de-etiquetas-colorworks-cw-c6000p-inyeccion-de-tinta-a-color-usb-ethernet-corte-mannual\/","og_locale":"es_MX","og_type":"article","og_title":"[ Epson ] &#129351; C31ch76201 Impresora De Etiquetas Colorworks Cw-c6000p, Inyeccion De Tinta A Color, Usb, Ethernet, Corte Mannual","og_description":"Compra C31ch76201 Impresora De Etiquetas Colorworks Cw-c6000p, Inyeccion De Tinta A Color, Usb, Ethernet, Corte Mannual + Env\u00edo a domicilio + Pago seguro + Garant\u00eda","og_url":"https:\/\/compuviper.mx\/tienda\/producto\/epson-c31ch76201-impresora-de-etiquetas-colorworks-cw-c6000p-inyeccion-de-tinta-a-color-usb-ethernet-corte-mannual\/","og_site_name":"Compuviper","article_publisher":"https:\/\/www.facebook.com\/compuviper","article_modified_time":"2026-04-02T07:46:03+00:00","og_image":[{"width":200,"height":200,"url":"https:\/\/compuviper.mx\/tienda\/wp-content\/uploads\/2025\/10\/Impresora-de-etiquetas-epson-colorworks-cw-c6000p-inyeccion-de-tinta-a-color-usb-ethernet-corte-mannual.jpg","type":"image\/jpeg"}],"twitter_card":"summary_large_image","twitter_misc":{"Precio":"&#36;48,095 con IVA","Availability":"On backorder"},"schema":{"@context":"https:\/\/schema.org","@graph":[{"@type":"WebPage","@id":"https:\/\/compuviper.mx\/tienda\/producto\/epson-c31ch76201-impresora-de-etiquetas-colorworks-cw-c6000p-inyeccion-de-tinta-a-color-usb-ethernet-corte-mannual\/","url":"https:\/\/compuviper.mx\/tienda\/producto\/epson-c31ch76201-impresora-de-etiquetas-colorworks-cw-c6000p-inyeccion-de-tinta-a-color-usb-ethernet-corte-mannual\/","name":"[ Epson ] &#129351; C31ch76201 Impresora De Etiquetas Colorworks Cw-c6000p, Inyeccion De Tinta A Color, Usb, Ethernet, Corte Mannual","isPartOf":{"@id":"https:\/\/compuviper.mx\/tienda\/#website"},"datePublished":"2026-04-02T07:46:02+00:00","dateModified":"2026-04-02T07:46:03+00:00","description":"Compra C31ch76201 Impresora De Etiquetas Colorworks Cw-c6000p, Inyeccion De Tinta A Color, Usb, Ethernet, Corte Mannual + Env\u00edo a domicilio + Pago seguro + Garant\u00eda","breadcrumb":{"@id":"https:\/\/compuviper.mx\/tienda\/producto\/epson-c31ch76201-impresora-de-etiquetas-colorworks-cw-c6000p-inyeccion-de-tinta-a-color-usb-ethernet-corte-mannual\/#breadcrumb"},"inLanguage":"es-MX","potentialAction":[{"@type":"ReadAction","target":["https:\/\/compuviper.mx\/tienda\/producto\/epson-c31ch76201-impresora-de-etiquetas-colorworks-cw-c6000p-inyeccion-de-tinta-a-color-usb-ethernet-corte-mannual\/"]}]},{"@type":"BreadcrumbList","@id":"https:\/\/compuviper.mx\/tienda\/producto\/epson-c31ch76201-impresora-de-etiquetas-colorworks-cw-c6000p-inyeccion-de-tinta-a-color-usb-ethernet-corte-mannual\/#breadcrumb","itemListElement":[{"@type":"ListItem","position":1,"name":"Inicio","item":"https:\/\/compuviper.mx\/tienda\/"},{"@type":"ListItem","position":2,"name":"Productos","item":"https:\/\/compuviper.mx\/tienda\/productos\/"},{"@type":"ListItem","position":3,"name":"Impresoras","item":"https:\/\/compuviper.mx\/tienda\/categoria-producto\/impresoras\/"},{"@type":"ListItem","position":4,"name":"Etiquetas","item":"https:\/\/compuviper.mx\/tienda\/categoria-producto\/impresoras\/etiquetas\/"},{"@type":"ListItem","position":5,"name":"Epson C31ch76201 Impresora De Etiquetas Colorworks Cw-c6000p, Inyeccion De Tinta A Color, Usb, Ethernet, Corte Mannual"}]},{"@type":"WebSite","@id":"https:\/\/compuviper.mx\/tienda\/#website","url":"https:\/\/compuviper.mx\/tienda\/","name":"Compuviper","description":"Proveedor de Computadoras, Laptops, Servidores, Monitores, Puntos de Venta, Teclados,   Impresoras, T\u00f3ner, C\u00e1maras de Seguridad y m\u00e1s en tu tienda en l\u00ednea","publisher":{"@id":"https:\/\/compuviper.mx\/tienda\/#organization"},"potentialAction":[{"@type":"SearchAction","target":{"@type":"EntryPoint","urlTemplate":"https:\/\/compuviper.mx\/tienda\/?s={search_term_string}"},"query-input":"required name=search_term_string"}],"inLanguage":"es-MX"},{"@type":"Organization","@id":"https:\/\/compuviper.mx\/tienda\/#organization","name":"Compuviper","url":"https:\/\/compuviper.mx\/tienda\/","logo":{"@type":"ImageObject","inLanguage":"es-MX","@id":"https:\/\/compuviper.mx\/tienda\/#\/schema\/logo\/image\/","url":"https:\/\/compuviper.mx\/tienda\/wp-content\/uploads\/2021\/08\/Logo-Compuviper-10.png","contentUrl":"https:\/\/compuviper.mx\/tienda\/wp-content\/uploads\/2021\/08\/Logo-Compuviper-10.png","width":1000,"height":500,"caption":"Compuviper"},"image":{"@id":"https:\/\/compuviper.mx\/tienda\/#\/schema\/logo\/image\/"},"sameAs":["https:\/\/www.facebook.com\/compuviper","https:\/\/www.youtube.com\/channel\/UCf73dERp9Y3cfOq7q8BhLjA?view_as=subscriber"]}]},"product_brand":"EPSON","product_price_amount":"48095","product_price_currency":"MXN","og_availability":"backorder","product_availability":"available for order","product_retailer_item_id":"C31CH76201","product_condition":"new"},"_links":{"self":[{"href":"https:\/\/compuviper.mx\/tienda\/wp-json\/wp\/v2\/product\/243733"}],"collection":[{"href":"https:\/\/compuviper.mx\/tienda\/wp-json\/wp\/v2\/product"}],"about":[{"href":"https:\/\/compuviper.mx\/tienda\/wp-json\/wp\/v2\/types\/product"}],"replies":[{"embeddable":true,"href":"https:\/\/compuviper.mx\/tienda\/wp-json\/wp\/v2\/comments?post=243733"}],"wp:featuredmedia":[{"embeddable":true,"href":"https:\/\/compuviper.mx\/tienda\/wp-json\/wp\/v2\/media\/260607"}],"wp:attachment":[{"href":"https:\/\/compuviper.mx\/tienda\/wp-json\/wp\/v2\/media?parent=243733"}],"wp:term":[{"taxonomy":"product_cat","embeddable":true,"href":"https:\/\/compuviper.mx\/tienda\/wp-json\/wp\/v2\/product_cat?post=243733"},{"taxonomy":"product_tag","embeddable":true,"href":"https:\/\/compuviper.mx\/tienda\/wp-json\/wp\/v2\/product_tag?post=243733"}],"curies":[{"name":"wp","href":"https:\/\/api.w.org\/{rel}","templated":true}]}}