{"id":243712,"date":"2026-04-02T00:50:24","date_gmt":"2026-04-02T06:50:24","guid":{"rendered":"https:\/\/compuviper.mx\/tienda\/producto\/viewsonic-vx2416a-monitor-gamer-1920-x-1080-full-hd-120-hz-1-ms-tiempo-de-respuesta-con-altavoces-usb-c-hdmi-display-port-3-aos-de-garantia\/"},"modified":"2026-04-02T00:50:25","modified_gmt":"2026-04-02T06:50:25","slug":"viewsonic-vx2416a-monitor-gamer-1920-x-1080-full-hd-120-hz-1-ms-tiempo-de-respuesta-con-altavoces-usb-c-hdmi-display-port-3-aos-de-garantia","status":"publish","type":"product","link":"https:\/\/compuviper.mx\/tienda\/producto\/viewsonic-vx2416a-monitor-gamer-1920-x-1080-full-hd-120-hz-1-ms-tiempo-de-respuesta-con-altavoces-usb-c-hdmi-display-port-3-aos-de-garantia\/","title":{"rendered":"Viewsonic Vx2416a Monitor  Gamer , 1920 X 1080, Full Hd, 120 Hz, 1 Ms Tiempo De Respuesta, Con Altavoces, Usb C, Hdmi, Display Port, 3 A?os De Garantia"},"content":{"rendered":"<table class=\"descripcion\">\n<tr>\n<td>Screen size: 24<\/td>\n<\/tr>\n<tr>\n<td>Viewable area (in.): 23.8<\/td>\n<\/tr>\n<tr>\n<td>Panel type: ips<\/td>\n<\/tr>\n<tr>\n<td>Display resolution: 1920 x 1080<\/td>\n<\/tr>\n<tr>\n<td>Display resolution: full hd (1920&#215;1080)<\/td>\n<\/tr>\n<tr>\n<td>Static contrast ratio: 1,300:1<\/td>\n<\/tr>\n<tr>\n<td>Dynamic contrast ratio: 80m:1<\/td>\n<\/tr>\n<tr>\n<td>Fuente de luz: led<\/td>\n<\/tr>\n<tr>\n<td>Brightness: 250 cd\/m2<\/td>\n<\/tr>\n<tr>\n<td>Colors: 16.7m<\/td>\n<\/tr>\n<tr>\n<td>Color space support: 6 bit + frc<\/td>\n<\/tr>\n<tr>\n<td>Aspect ratio: 16:9<\/td>\n<\/tr>\n<tr>\n<td>Response time (typical gtg): 4ms<\/td>\n<\/tr>\n<tr>\n<td>Response time (mprt): 1ms<\/td>\n<\/tr>\n<tr>\n<td>Viewing angles: 178\u00ba horizontal, 178\u00ba vertical<\/td>\n<\/tr>\n<tr>\n<td>Backlight life (hours): 30,000<\/td>\n<\/tr>\n<tr>\n<td>Panel surface: anti-glare type, hard-coating (3h), haze 25%<\/td>\n<\/tr>\n<tr>\n<td>Refresh rate: 120hz<\/td>\n<\/tr>\n<tr>\n<td>Pc resolution (max): 1920 x 1080<\/td>\n<\/tr>\n<tr>\n<td>Mac\u00ae resolution (max): 1920 x 1080<\/td>\n<\/tr>\n<tr>\n<td>Usb type c: 1<\/td>\n<\/tr>\n<tr>\n<td>3.5mm audio out: 1<\/td>\n<\/tr>\n<tr>\n<td>Hdmi 1.4 in: 1<\/td>\n<\/tr>\n<tr>\n<td>Displayport: 1<\/td>\n<\/tr>\n<tr>\n<td>Internal speakers: 2w (x2)<\/td>\n<\/tr>\n<tr>\n<td>Eco mode (conserve): 15 w<\/td>\n<\/tr>\n<tr>\n<td>Eco mode (optimized): 17 w<\/td>\n<\/tr>\n<tr>\n<td>Consumption (typical): 26 w<\/td>\n<\/tr>\n<tr>\n<td>Consumption (max): 30 w<\/td>\n<\/tr>\n<tr>\n<td>Voltage: ac 100-240v (universal), 50-60hz<\/td>\n<\/tr>\n<tr>\n<td>Stand-by: 0.5 w<\/td>\n<\/tr>\n<tr>\n<td>Power supply: internal<\/td>\n<\/tr>\n<tr>\n<td>Cable organization: no<\/td>\n<\/tr>\n<tr>\n<td>Headphone hook: no<\/td>\n<\/tr>\n<tr>\n<td>Kensington lock slot: 1<\/td>\n<\/tr>\n<tr>\n<td>Physical controls: key 1 (favorite), key 2, key 3, key 4, key 5 (power)<\/td>\n<\/tr>\n<tr>\n<td>On screen display: input select, audio adjust, viewmode, color adjust, manual image adjust, setup menu<\/td>\n<\/tr>\n<tr>\n<td>Temperature: 32-104\u00ba f (0 &#8211; 40\u00ba c)<\/td>\n<\/tr>\n<tr>\n<td>Humidity (non-condensing): 20-90%<\/td>\n<\/tr>\n<tr>\n<td>Vesa compatible: 100 x 100 mm<\/td>\n<\/tr>\n<tr>\n<td>Frequency horizontal: 30 ~ 138 khz<\/td>\n<\/tr>\n<tr>\n<td>Frequency vertical: 48 ~ 120 hz<\/td>\n<\/tr>\n<tr>\n<td>Inclinaci\u00f3n (adelante\/atr\u00e1s): 5.\u00ba\/ 22.\u00ba<\/td>\n<\/tr>\n<tr>\n<td>Net (lbs): 7.9<\/td>\n<\/tr>\n<tr>\n<td>Net without stand (lbs): 7.1<\/td>\n<\/tr>\n<tr>\n<td>Gross (lbs): 10.5<\/td>\n<\/tr>\n<tr>\n<td>Net (kg): 3.6<\/td>\n<\/tr>\n<tr>\n<td>Net without stand (kg): 3.2<\/td>\n<\/tr>\n<tr>\n<td>Gross (kg): 4.8<\/td>\n<\/tr>\n<tr>\n<td>Packaging (in.): 24.2 x 16.1 x 4.9<\/td>\n<\/tr>\n<tr>\n<td>Physical (in.): 21.2 x 15.5 x 8.1<\/td>\n<\/tr>\n<tr>\n<td>Physical without stand (in.): 21.2 x 12.7 x 1.9<\/td>\n<\/tr>\n<tr>\n<td>Packaging (mm): 614.0 x 410.0 x 125.0<\/td>\n<\/tr>\n<tr>\n<td>Physical (mm): 539.0 x 393.1 x 206.1<\/td>\n<\/tr>\n<tr>\n<td>Physical without stand (mm): 539.0 x 323.1 x 47.6<\/td>\n<\/tr>\n<\/table>\n","protected":false},"excerpt":{"rendered":"<p>Ya sea que sea un jugador novato o un veterano, el viewsonic vx2416a de 24\u0094 es el monitor de juegos ideal para los jugadores que buscan cambiar su forma de jugar. Sumergete por completo en mundos virtuales con funciones como una impresionante resolucion full hd, una rapida frecuencia de actualizacion de overclock (oc) de 120 hz y un tiempo de respuesta de 1 ms. Los envolventes altavoces estereo duales integrados ayudan a que los juegos pasen de ser un pasatiempo a una experiencia, mientras que las opciones de conectividad versatiles como hdmi, displayport y usb-c (solo se\u00f1al) hacen del vx2416a una excelente pantalla tanto para trabajar como para jugar.<\/p>\n","protected":false},"featured_media":259854,"comment_status":"open","ping_status":"open","template":"","meta":[],"product_cat":[1740,1741],"product_tag":[1862],"acf":[],"yoast_head":"<!-- This site is optimized with the Yoast SEO plugin v21.7 - https:\/\/yoast.com\/wordpress\/plugins\/seo\/ -->\n<title>[ Viewsonic ] &#129351; Vx2416a Monitor Gamer , 1920 X 1080, Full Hd, 120 Hz, 1 Ms Tiempo De Respuesta, Con Altavoces, Usb C, Hdmi, Display Port, 3 A\u00f1os De Garantia<\/title>\n<meta name=\"description\" content=\"Compra Vx2416a Monitor Gamer , 1920 X 1080, Full Hd, 120 Hz, 1 Ms Tiempo De Respuesta, Con Altavoces, Usb C, Hdmi, Display Port, 3 A\u00f1os De Garantia + Env\u00edo a domicilio + Pago seguro + Garant\u00eda\" \/>\n<meta name=\"robots\" content=\"index, follow, max-snippet:-1, max-image-preview:large, max-video-preview:-1\" \/>\n<link rel=\"canonical\" href=\"https:\/\/compuviper.mx\/tienda\/producto\/viewsonic-vx2416a-monitor-gamer-1920-x-1080-full-hd-120-hz-1-ms-tiempo-de-respuesta-con-altavoces-usb-c-hdmi-display-port-3-aos-de-garantia\/\" \/>\n<meta property=\"og:locale\" content=\"es_MX\" \/>\n<meta property=\"og:type\" content=\"article\" \/>\n<meta property=\"og:title\" content=\"[ Viewsonic ] &#129351; Vx2416a Monitor Gamer , 1920 X 1080, Full Hd, 120 Hz, 1 Ms Tiempo De Respuesta, Con Altavoces, Usb C, Hdmi, Display Port, 3 A\u00f1os De Garantia\" \/>\n<meta property=\"og:description\" content=\"Compra Vx2416a Monitor Gamer , 1920 X 1080, Full Hd, 120 Hz, 1 Ms Tiempo De Respuesta, Con Altavoces, Usb C, Hdmi, Display Port, 3 A\u00f1os De Garantia + Env\u00edo a domicilio + Pago seguro + Garant\u00eda\" \/>\n<meta property=\"og:url\" content=\"https:\/\/compuviper.mx\/tienda\/producto\/viewsonic-vx2416a-monitor-gamer-1920-x-1080-full-hd-120-hz-1-ms-tiempo-de-respuesta-con-altavoces-usb-c-hdmi-display-port-3-aos-de-garantia\/\" \/>\n<meta property=\"og:site_name\" content=\"Compuviper\" \/>\n<meta property=\"article:publisher\" content=\"https:\/\/www.facebook.com\/compuviper\" \/>\n<meta property=\"article:modified_time\" content=\"2026-04-02T06:50:25+00:00\" \/>\n<meta property=\"og:image\" content=\"https:\/\/compuviper.mx\/tienda\/wp-content\/uploads\/2025\/10\/Monitor-viewsonic-gamer-vx2416a-1920-x-1080-full-hd-120-hz-1-ms-tiempo-de-respuesta-con-altavoces-usb-c-hdmi-display-port-3-anos-de-garantia.jpg\" \/>\n\t<meta property=\"og:image:width\" content=\"200\" \/>\n\t<meta property=\"og:image:height\" content=\"200\" \/>\n\t<meta property=\"og:image:type\" content=\"image\/jpeg\" \/>\n<meta name=\"twitter:card\" content=\"summary_large_image\" \/>\n<meta name=\"twitter:label1\" content=\"Precio\" \/>\n\t<meta name=\"twitter:data1\" content=\"&#36;2,429 &#36;2,032 con IVA\" \/>\n\t<meta name=\"twitter:label2\" content=\"Availability\" \/>\n\t<meta name=\"twitter:data2\" content=\"In stock\" \/>\n<script type=\"application\/ld+json\" class=\"yoast-schema-graph\">{\"@context\":\"https:\/\/schema.org\",\"@graph\":[{\"@type\":\"WebPage\",\"@id\":\"https:\/\/compuviper.mx\/tienda\/producto\/viewsonic-vx2416a-monitor-gamer-1920-x-1080-full-hd-120-hz-1-ms-tiempo-de-respuesta-con-altavoces-usb-c-hdmi-display-port-3-aos-de-garantia\/\",\"url\":\"https:\/\/compuviper.mx\/tienda\/producto\/viewsonic-vx2416a-monitor-gamer-1920-x-1080-full-hd-120-hz-1-ms-tiempo-de-respuesta-con-altavoces-usb-c-hdmi-display-port-3-aos-de-garantia\/\",\"name\":\"[ Viewsonic ] &#129351; Vx2416a Monitor Gamer , 1920 X 1080, Full Hd, 120 Hz, 1 Ms Tiempo De Respuesta, Con Altavoces, Usb C, Hdmi, Display Port, 3 A\u00f1os De Garantia\",\"isPartOf\":{\"@id\":\"https:\/\/compuviper.mx\/tienda\/#website\"},\"datePublished\":\"2026-04-02T06:50:24+00:00\",\"dateModified\":\"2026-04-02T06:50:25+00:00\",\"description\":\"Compra Vx2416a Monitor Gamer , 1920 X 1080, Full Hd, 120 Hz, 1 Ms Tiempo De Respuesta, Con Altavoces, Usb C, Hdmi, Display Port, 3 A\u00f1os De Garantia + Env\u00edo a domicilio + Pago seguro + Garant\u00eda\",\"breadcrumb\":{\"@id\":\"https:\/\/compuviper.mx\/tienda\/producto\/viewsonic-vx2416a-monitor-gamer-1920-x-1080-full-hd-120-hz-1-ms-tiempo-de-respuesta-con-altavoces-usb-c-hdmi-display-port-3-aos-de-garantia\/#breadcrumb\"},\"inLanguage\":\"es-MX\",\"potentialAction\":[{\"@type\":\"ReadAction\",\"target\":[\"https:\/\/compuviper.mx\/tienda\/producto\/viewsonic-vx2416a-monitor-gamer-1920-x-1080-full-hd-120-hz-1-ms-tiempo-de-respuesta-con-altavoces-usb-c-hdmi-display-port-3-aos-de-garantia\/\"]}]},{\"@type\":\"BreadcrumbList\",\"@id\":\"https:\/\/compuviper.mx\/tienda\/producto\/viewsonic-vx2416a-monitor-gamer-1920-x-1080-full-hd-120-hz-1-ms-tiempo-de-respuesta-con-altavoces-usb-c-hdmi-display-port-3-aos-de-garantia\/#breadcrumb\",\"itemListElement\":[{\"@type\":\"ListItem\",\"position\":1,\"name\":\"Inicio\",\"item\":\"https:\/\/compuviper.mx\/tienda\/\"},{\"@type\":\"ListItem\",\"position\":2,\"name\":\"Productos\",\"item\":\"https:\/\/compuviper.mx\/tienda\/productos\/\"},{\"@type\":\"ListItem\",\"position\":3,\"name\":\"Monitores\",\"item\":\"https:\/\/compuviper.mx\/tienda\/categoria-producto\/monitores\/\"},{\"@type\":\"ListItem\",\"position\":4,\"name\":\"Led\",\"item\":\"https:\/\/compuviper.mx\/tienda\/categoria-producto\/monitores\/led\/\"},{\"@type\":\"ListItem\",\"position\":5,\"name\":\"Viewsonic Vx2416a Monitor Gamer , 1920 X 1080, Full Hd, 120 Hz, 1 Ms Tiempo De Respuesta, Con Altavoces, Usb C, Hdmi, Display Port, 3 A?os De Garantia\"}]},{\"@type\":\"WebSite\",\"@id\":\"https:\/\/compuviper.mx\/tienda\/#website\",\"url\":\"https:\/\/compuviper.mx\/tienda\/\",\"name\":\"Compuviper\",\"description\":\"Proveedor de Computadoras, Laptops, Servidores, Monitores, Puntos de Venta, Teclados,   Impresoras, T\u00f3ner, C\u00e1maras de Seguridad y m\u00e1s en tu tienda en l\u00ednea\",\"publisher\":{\"@id\":\"https:\/\/compuviper.mx\/tienda\/#organization\"},\"potentialAction\":[{\"@type\":\"SearchAction\",\"target\":{\"@type\":\"EntryPoint\",\"urlTemplate\":\"https:\/\/compuviper.mx\/tienda\/?s={search_term_string}\"},\"query-input\":\"required name=search_term_string\"}],\"inLanguage\":\"es-MX\"},{\"@type\":\"Organization\",\"@id\":\"https:\/\/compuviper.mx\/tienda\/#organization\",\"name\":\"Compuviper\",\"url\":\"https:\/\/compuviper.mx\/tienda\/\",\"logo\":{\"@type\":\"ImageObject\",\"inLanguage\":\"es-MX\",\"@id\":\"https:\/\/compuviper.mx\/tienda\/#\/schema\/logo\/image\/\",\"url\":\"https:\/\/compuviper.mx\/tienda\/wp-content\/uploads\/2021\/08\/Logo-Compuviper-10.png\",\"contentUrl\":\"https:\/\/compuviper.mx\/tienda\/wp-content\/uploads\/2021\/08\/Logo-Compuviper-10.png\",\"width\":1000,\"height\":500,\"caption\":\"Compuviper\"},\"image\":{\"@id\":\"https:\/\/compuviper.mx\/tienda\/#\/schema\/logo\/image\/\"},\"sameAs\":[\"https:\/\/www.facebook.com\/compuviper\",\"https:\/\/www.youtube.com\/channel\/UCf73dERp9Y3cfOq7q8BhLjA?view_as=subscriber\"]}]}<\/script>\n<meta property=\"product:brand\" content=\"VIEWSONIC\" \/>\n<meta property=\"product:price:amount\" content=\"2032\" \/>\n<meta property=\"product:price:currency\" content=\"MXN\" \/>\n<meta property=\"og:availability\" content=\"instock\" \/>\n<meta property=\"product:availability\" content=\"instock\" \/>\n<meta property=\"product:retailer_item_id\" content=\"VX2416A\" \/>\n<meta property=\"product:condition\" content=\"new\" \/>\n<!-- \/ Yoast SEO plugin. -->","yoast_head_json":{"title":"[ Viewsonic ] &#129351; Vx2416a Monitor Gamer , 1920 X 1080, Full Hd, 120 Hz, 1 Ms Tiempo De Respuesta, Con Altavoces, Usb C, Hdmi, Display Port, 3 A\u00f1os De Garantia","description":"Compra Vx2416a Monitor Gamer , 1920 X 1080, Full Hd, 120 Hz, 1 Ms Tiempo De Respuesta, Con Altavoces, Usb C, Hdmi, Display Port, 3 A\u00f1os De Garantia + Env\u00edo a domicilio + Pago seguro + Garant\u00eda","robots":{"index":"index","follow":"follow","max-snippet":"max-snippet:-1","max-image-preview":"max-image-preview:large","max-video-preview":"max-video-preview:-1"},"canonical":"https:\/\/compuviper.mx\/tienda\/producto\/viewsonic-vx2416a-monitor-gamer-1920-x-1080-full-hd-120-hz-1-ms-tiempo-de-respuesta-con-altavoces-usb-c-hdmi-display-port-3-aos-de-garantia\/","og_locale":"es_MX","og_type":"article","og_title":"[ Viewsonic ] &#129351; Vx2416a Monitor Gamer , 1920 X 1080, Full Hd, 120 Hz, 1 Ms Tiempo De Respuesta, Con Altavoces, Usb C, Hdmi, Display Port, 3 A\u00f1os De Garantia","og_description":"Compra Vx2416a Monitor Gamer , 1920 X 1080, Full Hd, 120 Hz, 1 Ms Tiempo De Respuesta, Con Altavoces, Usb C, Hdmi, Display Port, 3 A\u00f1os De Garantia + Env\u00edo a domicilio + Pago seguro + Garant\u00eda","og_url":"https:\/\/compuviper.mx\/tienda\/producto\/viewsonic-vx2416a-monitor-gamer-1920-x-1080-full-hd-120-hz-1-ms-tiempo-de-respuesta-con-altavoces-usb-c-hdmi-display-port-3-aos-de-garantia\/","og_site_name":"Compuviper","article_publisher":"https:\/\/www.facebook.com\/compuviper","article_modified_time":"2026-04-02T06:50:25+00:00","og_image":[{"width":200,"height":200,"url":"https:\/\/compuviper.mx\/tienda\/wp-content\/uploads\/2025\/10\/Monitor-viewsonic-gamer-vx2416a-1920-x-1080-full-hd-120-hz-1-ms-tiempo-de-respuesta-con-altavoces-usb-c-hdmi-display-port-3-anos-de-garantia.jpg","type":"image\/jpeg"}],"twitter_card":"summary_large_image","twitter_misc":{"Precio":"&#36;2,429 &#36;2,032 con IVA","Availability":"In stock"},"schema":{"@context":"https:\/\/schema.org","@graph":[{"@type":"WebPage","@id":"https:\/\/compuviper.mx\/tienda\/producto\/viewsonic-vx2416a-monitor-gamer-1920-x-1080-full-hd-120-hz-1-ms-tiempo-de-respuesta-con-altavoces-usb-c-hdmi-display-port-3-aos-de-garantia\/","url":"https:\/\/compuviper.mx\/tienda\/producto\/viewsonic-vx2416a-monitor-gamer-1920-x-1080-full-hd-120-hz-1-ms-tiempo-de-respuesta-con-altavoces-usb-c-hdmi-display-port-3-aos-de-garantia\/","name":"[ Viewsonic ] &#129351; Vx2416a Monitor Gamer , 1920 X 1080, Full Hd, 120 Hz, 1 Ms Tiempo De Respuesta, Con Altavoces, Usb C, Hdmi, Display Port, 3 A\u00f1os De Garantia","isPartOf":{"@id":"https:\/\/compuviper.mx\/tienda\/#website"},"datePublished":"2026-04-02T06:50:24+00:00","dateModified":"2026-04-02T06:50:25+00:00","description":"Compra Vx2416a Monitor Gamer , 1920 X 1080, Full Hd, 120 Hz, 1 Ms Tiempo De Respuesta, Con Altavoces, Usb C, Hdmi, Display Port, 3 A\u00f1os De Garantia + Env\u00edo a domicilio + Pago seguro + Garant\u00eda","breadcrumb":{"@id":"https:\/\/compuviper.mx\/tienda\/producto\/viewsonic-vx2416a-monitor-gamer-1920-x-1080-full-hd-120-hz-1-ms-tiempo-de-respuesta-con-altavoces-usb-c-hdmi-display-port-3-aos-de-garantia\/#breadcrumb"},"inLanguage":"es-MX","potentialAction":[{"@type":"ReadAction","target":["https:\/\/compuviper.mx\/tienda\/producto\/viewsonic-vx2416a-monitor-gamer-1920-x-1080-full-hd-120-hz-1-ms-tiempo-de-respuesta-con-altavoces-usb-c-hdmi-display-port-3-aos-de-garantia\/"]}]},{"@type":"BreadcrumbList","@id":"https:\/\/compuviper.mx\/tienda\/producto\/viewsonic-vx2416a-monitor-gamer-1920-x-1080-full-hd-120-hz-1-ms-tiempo-de-respuesta-con-altavoces-usb-c-hdmi-display-port-3-aos-de-garantia\/#breadcrumb","itemListElement":[{"@type":"ListItem","position":1,"name":"Inicio","item":"https:\/\/compuviper.mx\/tienda\/"},{"@type":"ListItem","position":2,"name":"Productos","item":"https:\/\/compuviper.mx\/tienda\/productos\/"},{"@type":"ListItem","position":3,"name":"Monitores","item":"https:\/\/compuviper.mx\/tienda\/categoria-producto\/monitores\/"},{"@type":"ListItem","position":4,"name":"Led","item":"https:\/\/compuviper.mx\/tienda\/categoria-producto\/monitores\/led\/"},{"@type":"ListItem","position":5,"name":"Viewsonic Vx2416a Monitor Gamer , 1920 X 1080, Full Hd, 120 Hz, 1 Ms Tiempo De Respuesta, Con Altavoces, Usb C, Hdmi, Display Port, 3 A?os De Garantia"}]},{"@type":"WebSite","@id":"https:\/\/compuviper.mx\/tienda\/#website","url":"https:\/\/compuviper.mx\/tienda\/","name":"Compuviper","description":"Proveedor de Computadoras, Laptops, Servidores, Monitores, Puntos de Venta, Teclados,   Impresoras, T\u00f3ner, C\u00e1maras de Seguridad y m\u00e1s en tu tienda en l\u00ednea","publisher":{"@id":"https:\/\/compuviper.mx\/tienda\/#organization"},"potentialAction":[{"@type":"SearchAction","target":{"@type":"EntryPoint","urlTemplate":"https:\/\/compuviper.mx\/tienda\/?s={search_term_string}"},"query-input":"required name=search_term_string"}],"inLanguage":"es-MX"},{"@type":"Organization","@id":"https:\/\/compuviper.mx\/tienda\/#organization","name":"Compuviper","url":"https:\/\/compuviper.mx\/tienda\/","logo":{"@type":"ImageObject","inLanguage":"es-MX","@id":"https:\/\/compuviper.mx\/tienda\/#\/schema\/logo\/image\/","url":"https:\/\/compuviper.mx\/tienda\/wp-content\/uploads\/2021\/08\/Logo-Compuviper-10.png","contentUrl":"https:\/\/compuviper.mx\/tienda\/wp-content\/uploads\/2021\/08\/Logo-Compuviper-10.png","width":1000,"height":500,"caption":"Compuviper"},"image":{"@id":"https:\/\/compuviper.mx\/tienda\/#\/schema\/logo\/image\/"},"sameAs":["https:\/\/www.facebook.com\/compuviper","https:\/\/www.youtube.com\/channel\/UCf73dERp9Y3cfOq7q8BhLjA?view_as=subscriber"]}]},"product_brand":"VIEWSONIC","product_price_amount":"2032","product_price_currency":"MXN","og_availability":"instock","product_availability":"instock","product_retailer_item_id":"VX2416A","product_condition":"new"},"_links":{"self":[{"href":"https:\/\/compuviper.mx\/tienda\/wp-json\/wp\/v2\/product\/243712"}],"collection":[{"href":"https:\/\/compuviper.mx\/tienda\/wp-json\/wp\/v2\/product"}],"about":[{"href":"https:\/\/compuviper.mx\/tienda\/wp-json\/wp\/v2\/types\/product"}],"replies":[{"embeddable":true,"href":"https:\/\/compuviper.mx\/tienda\/wp-json\/wp\/v2\/comments?post=243712"}],"wp:featuredmedia":[{"embeddable":true,"href":"https:\/\/compuviper.mx\/tienda\/wp-json\/wp\/v2\/media\/259854"}],"wp:attachment":[{"href":"https:\/\/compuviper.mx\/tienda\/wp-json\/wp\/v2\/media?parent=243712"}],"wp:term":[{"taxonomy":"product_cat","embeddable":true,"href":"https:\/\/compuviper.mx\/tienda\/wp-json\/wp\/v2\/product_cat?post=243712"},{"taxonomy":"product_tag","embeddable":true,"href":"https:\/\/compuviper.mx\/tienda\/wp-json\/wp\/v2\/product_tag?post=243712"}],"curies":[{"name":"wp","href":"https:\/\/api.w.org\/{rel}","templated":true}]}}