{"id":243191,"date":"2026-04-16T01:40:23","date_gmt":"2026-04-16T07:40:23","guid":{"rendered":"https:\/\/compuviper.mx\/tienda\/producto\/3nstar-pte0211w-8-240w11-terminal-punto-de-venta-pte0211w-8-240w10-aio-touch-plateado-15-pulgadas-corei-5-11va-gen-ram-8gb-memoria-interna-240-gb-ssdcon-sistema-operativo-windows-11-iot\/"},"modified":"2026-04-16T01:40:24","modified_gmt":"2026-04-16T07:40:24","slug":"3nstar-pte0211w-8-240w11-terminal-punto-de-venta-aio-touch-plateado-15-pulgadas-corei-5-11va-gen-ram-8gb-memoria-interna-240-gb-ssdcon-sistema-operativo-windows-11-iot","status":"publish","type":"product","link":"https:\/\/compuviper.mx\/tienda\/producto\/3nstar-pte0211w-8-240w11-terminal-punto-de-venta-aio-touch-plateado-15-pulgadas-corei-5-11va-gen-ram-8gb-memoria-interna-240-gb-ssdcon-sistema-operativo-windows-11-iot\/","title":{"rendered":"3nstar Pte0211w-8-240w11 Terminal Punto De Venta  , Aio Touch, Plateado, 15 Pulgadas, Corei 5 11va Gen, Ram 8gb, Memoria Interna 240 Gb Ssd,con Sistema Operativo Windows 11 Iot"},"content":{"rendered":"<table class=\"descripcion\">\n<tr>\n<td>Fisicas<\/td>\n<\/tr>\n<tr>\n<td>Dimensiones 400mm x 360mm x 210mm<\/td>\n<\/tr>\n<tr>\n<td>Peso 6.3kg.<\/td>\n<\/tr>\n<tr>\n<td>Construccion plastico abs y acero galvanizado<\/td>\n<\/tr>\n<tr>\n<td>Color plateado<\/td>\n<\/tr>\n<tr>\n<td>Rendimiento<\/td>\n<\/tr>\n<tr>\n<td>Sistema operativo opcional windows y linux<\/td>\n<\/tr>\n<tr>\n<td>Procesador intel core i5 11ava generacion<\/td>\n<\/tr>\n<tr>\n<td>Memoria ram 8gb ddr4 expandible hasta 32gb<\/td>\n<\/tr>\n<tr>\n<td>Almacenamiento 240gb ssd expandible a 1tb msata<\/td>\n<\/tr>\n<tr>\n<td>Conectividad<\/td>\n<\/tr>\n<tr>\n<td>Wi-fi doble banda 802.11ac, a\/b\/g, n<\/td>\n<\/tr>\n<tr>\n<td>Bluetooth 4.0<\/td>\n<\/tr>\n<tr>\n<td>Ethernet 10\/100\/1000m rj45<\/td>\n<\/tr>\n<tr>\n<td>Usb 7 puertos<\/td>\n<\/tr>\n<tr>\n<td>Serial rs232 2 puertos db9<\/td>\n<\/tr>\n<tr>\n<td>Salida de video 2 puertos 1 vga, 1 hdmi<\/td>\n<\/tr>\n<tr>\n<td>Pantalla tactil<\/td>\n<\/tr>\n<tr>\n<td>Tecnologia capacitivo 10 puntos<\/td>\n<\/tr>\n<tr>\n<td>Trasmision  95<\/td>\n<\/tr>\n<tr>\n<td>Numero de toques mas de 50.000.000<\/td>\n<\/tr>\n<tr>\n<td>Monitor<\/td>\n<\/tr>\n<tr>\n<td>Resolucion 1024 768<\/td>\n<\/tr>\n<tr>\n<td>Tamao del punto 0.297v0.297hmm<\/td>\n<\/tr>\n<tr>\n<td>Brillo 400 cd\/m\u00b2<\/td>\n<\/tr>\n<tr>\n<td>Contraste 800:1tipico 450:1min<\/td>\n<\/tr>\n<tr>\n<td>Tiempo de respuesta 16ms<\/td>\n<\/tr>\n<tr>\n<td>Angulo de vision 150\u00ba\/140\u00ba<\/td>\n<\/tr>\n<tr>\n<td>Numero de colores 16,2m<\/td>\n<\/tr>\n<tr>\n<td>Frecuencia horizontal 60khz.<\/td>\n<\/tr>\n<tr>\n<td>Frecuencia vertical 78hz<\/td>\n<\/tr>\n<tr>\n<td>Ancho de banda 60hz<\/td>\n<\/tr>\n<tr>\n<td>Vida util mas de 50.000 horas<\/td>\n<\/tr>\n<tr>\n<td>Caracteristicas electricas<\/td>\n<\/tr>\n<tr>\n<td>Salida del adaptador dc 12v, 7.5a<\/td>\n<\/tr>\n<tr>\n<td>Entrada del adaptador adaptador ac 100-240v, 50-60hz<\/td>\n<\/tr>\n<tr>\n<td>Condiciones ambientales<\/td>\n<\/tr>\n<tr>\n<td>Temperatura de operacion 0 and 8451; ~ 50 and 8451;<\/td>\n<\/tr>\n<tr>\n<td>Temperatura de almacenaje -20 and 8451; ~ 60 and 8451;<\/td>\n<\/tr>\n<tr>\n<td>Humedad 10 ~ 90 sin condensacion<\/td>\n<\/tr>\n<tr>\n<td>Empaque<\/td>\n<\/tr>\n<tr>\n<td>Contenido adaptador de corriente<\/td>\n<\/tr>\n<tr>\n<td>Tamao 320mm x 480 mm x 460mm<\/td>\n<\/tr>\n<tr>\n<td>Peso bruto 9.0kg<\/td>\n<\/tr>\n<tr>\n<td>Certificaciones y garantia<\/td>\n<\/tr>\n<tr>\n<td>Certificaciones ce, rohs, fcc, ccc<\/td>\n<\/tr>\n<tr>\n<td>Garantia 1 ao garantia extendida opcional<\/td>\n<\/tr>\n<\/table>\n","protected":false},"excerpt":{"rendered":"<p>El sistema 3nstar  pte0211 ha sido dise\u00f1ado para aplicaciones de punto de venta y hospitalidad,  es un equipo robusto, resistente al polvo  y capaz de operar continuamente las 24 horas del dia los 365 dias del a\u00f1o.<\/p>\n","protected":false},"featured_media":260596,"comment_status":"open","ping_status":"open","template":"","meta":[],"product_cat":[1532,1533],"product_tag":[1570],"acf":[],"yoast_head":"<!-- This site is optimized with the Yoast SEO plugin v21.7 - https:\/\/yoast.com\/wordpress\/plugins\/seo\/ -->\n<title>[ 3nstar ] &#129351; Pte0211w-8-240w11 Terminal Punto De Venta , Aio Touch, Plateado, 15 Pulgadas, Corei 5 11va Gen, Ram 8gb, Memoria Interna 240 Gb Ssd,con Sistema Operativo Windows 11 Iot<\/title>\n<meta name=\"description\" content=\"Compra Pte0211w-8-240w11 Terminal Punto De Venta , Aio Touch, Plateado, 15 Pulgadas, Corei 5 11va Gen, Ram 8gb, Memoria Interna 240 Gb Ssd,con Sistema Operativo Windows 11 Iot + Env\u00edo a domicilio + Pago seguro + Garant\u00eda\" \/>\n<meta name=\"robots\" content=\"index, follow, max-snippet:-1, max-image-preview:large, max-video-preview:-1\" \/>\n<link rel=\"canonical\" href=\"https:\/\/compuviper.mx\/tienda\/producto\/3nstar-pte0211w-8-240w11-terminal-punto-de-venta-aio-touch-plateado-15-pulgadas-corei-5-11va-gen-ram-8gb-memoria-interna-240-gb-ssdcon-sistema-operativo-windows-11-iot\/\" \/>\n<meta property=\"og:locale\" content=\"es_MX\" \/>\n<meta property=\"og:type\" content=\"article\" \/>\n<meta property=\"og:title\" content=\"[ 3nstar ] &#129351; Pte0211w-8-240w11 Terminal Punto De Venta , Aio Touch, Plateado, 15 Pulgadas, Corei 5 11va Gen, Ram 8gb, Memoria Interna 240 Gb Ssd,con Sistema Operativo Windows 11 Iot\" \/>\n<meta property=\"og:description\" content=\"Compra Pte0211w-8-240w11 Terminal Punto De Venta , Aio Touch, Plateado, 15 Pulgadas, Corei 5 11va Gen, Ram 8gb, Memoria Interna 240 Gb Ssd,con Sistema Operativo Windows 11 Iot + Env\u00edo a domicilio + Pago seguro + Garant\u00eda\" \/>\n<meta property=\"og:url\" content=\"https:\/\/compuviper.mx\/tienda\/producto\/3nstar-pte0211w-8-240w11-terminal-punto-de-venta-aio-touch-plateado-15-pulgadas-corei-5-11va-gen-ram-8gb-memoria-interna-240-gb-ssdcon-sistema-operativo-windows-11-iot\/\" \/>\n<meta property=\"og:site_name\" content=\"Compuviper\" \/>\n<meta property=\"article:publisher\" content=\"https:\/\/www.facebook.com\/compuviper\" \/>\n<meta property=\"article:modified_time\" content=\"2026-04-16T07:40:24+00:00\" \/>\n<meta property=\"og:image\" content=\"https:\/\/compuviper.mx\/tienda\/wp-content\/uploads\/2025\/10\/Terminal-punto-de-venta-3nstar-pte0211w-8-240w11-aio-touch-plateado-15-pulgadas-corei-5-11va-gen-ram-8gb-memoria-interna-240-gb-ssdcon-sistema-operativo-windows-11-iot.jpg\" \/>\n\t<meta property=\"og:image:width\" content=\"200\" \/>\n\t<meta property=\"og:image:height\" content=\"200\" \/>\n\t<meta property=\"og:image:type\" content=\"image\/jpeg\" \/>\n<meta name=\"twitter:card\" content=\"summary_large_image\" \/>\n<meta name=\"twitter:label1\" content=\"Precio\" \/>\n\t<meta name=\"twitter:data1\" content=\"&#36;19,660 con IVA\" \/>\n\t<meta name=\"twitter:label2\" content=\"Availability\" \/>\n\t<meta name=\"twitter:data2\" content=\"In stock\" \/>\n<script type=\"application\/ld+json\" class=\"yoast-schema-graph\">{\"@context\":\"https:\/\/schema.org\",\"@graph\":[{\"@type\":\"WebPage\",\"@id\":\"https:\/\/compuviper.mx\/tienda\/producto\/3nstar-pte0211w-8-240w11-terminal-punto-de-venta-aio-touch-plateado-15-pulgadas-corei-5-11va-gen-ram-8gb-memoria-interna-240-gb-ssdcon-sistema-operativo-windows-11-iot\/\",\"url\":\"https:\/\/compuviper.mx\/tienda\/producto\/3nstar-pte0211w-8-240w11-terminal-punto-de-venta-aio-touch-plateado-15-pulgadas-corei-5-11va-gen-ram-8gb-memoria-interna-240-gb-ssdcon-sistema-operativo-windows-11-iot\/\",\"name\":\"[ 3nstar ] &#129351; Pte0211w-8-240w11 Terminal Punto De Venta , Aio Touch, Plateado, 15 Pulgadas, Corei 5 11va Gen, Ram 8gb, Memoria Interna 240 Gb Ssd,con Sistema Operativo Windows 11 Iot\",\"isPartOf\":{\"@id\":\"https:\/\/compuviper.mx\/tienda\/#website\"},\"datePublished\":\"2026-04-16T07:40:23+00:00\",\"dateModified\":\"2026-04-16T07:40:24+00:00\",\"description\":\"Compra Pte0211w-8-240w11 Terminal Punto De Venta , Aio Touch, Plateado, 15 Pulgadas, Corei 5 11va Gen, Ram 8gb, Memoria Interna 240 Gb Ssd,con Sistema Operativo Windows 11 Iot + Env\u00edo a domicilio + Pago seguro + Garant\u00eda\",\"breadcrumb\":{\"@id\":\"https:\/\/compuviper.mx\/tienda\/producto\/3nstar-pte0211w-8-240w11-terminal-punto-de-venta-aio-touch-plateado-15-pulgadas-corei-5-11va-gen-ram-8gb-memoria-interna-240-gb-ssdcon-sistema-operativo-windows-11-iot\/#breadcrumb\"},\"inLanguage\":\"es-MX\",\"potentialAction\":[{\"@type\":\"ReadAction\",\"target\":[\"https:\/\/compuviper.mx\/tienda\/producto\/3nstar-pte0211w-8-240w11-terminal-punto-de-venta-aio-touch-plateado-15-pulgadas-corei-5-11va-gen-ram-8gb-memoria-interna-240-gb-ssdcon-sistema-operativo-windows-11-iot\/\"]}]},{\"@type\":\"BreadcrumbList\",\"@id\":\"https:\/\/compuviper.mx\/tienda\/producto\/3nstar-pte0211w-8-240w11-terminal-punto-de-venta-aio-touch-plateado-15-pulgadas-corei-5-11va-gen-ram-8gb-memoria-interna-240-gb-ssdcon-sistema-operativo-windows-11-iot\/#breadcrumb\",\"itemListElement\":[{\"@type\":\"ListItem\",\"position\":1,\"name\":\"Inicio\",\"item\":\"https:\/\/compuviper.mx\/tienda\/\"},{\"@type\":\"ListItem\",\"position\":2,\"name\":\"Productos\",\"item\":\"https:\/\/compuviper.mx\/tienda\/productos\/\"},{\"@type\":\"ListItem\",\"position\":3,\"name\":\"Terminal Pos\",\"item\":\"https:\/\/compuviper.mx\/tienda\/categoria-producto\/terminal-pos\/\"},{\"@type\":\"ListItem\",\"position\":4,\"name\":\"Sin Categor\u00eda\",\"item\":\"https:\/\/compuviper.mx\/tienda\/categoria-producto\/terminal-pos\/sin-categoria-terminal-pos\/\"},{\"@type\":\"ListItem\",\"position\":5,\"name\":\"3nstar Pte0211w-8-240w11 Terminal Punto De Venta , Aio Touch, Plateado, 15 Pulgadas, Corei 5 11va Gen, Ram 8gb, Memoria Interna 240 Gb Ssd,con Sistema Operativo Windows 11 Iot\"}]},{\"@type\":\"WebSite\",\"@id\":\"https:\/\/compuviper.mx\/tienda\/#website\",\"url\":\"https:\/\/compuviper.mx\/tienda\/\",\"name\":\"Compuviper\",\"description\":\"Proveedor de Computadoras, Laptops, Servidores, Monitores, Puntos de Venta, Teclados,   Impresoras, T\u00f3ner, C\u00e1maras de Seguridad y m\u00e1s en tu tienda en l\u00ednea\",\"publisher\":{\"@id\":\"https:\/\/compuviper.mx\/tienda\/#organization\"},\"potentialAction\":[{\"@type\":\"SearchAction\",\"target\":{\"@type\":\"EntryPoint\",\"urlTemplate\":\"https:\/\/compuviper.mx\/tienda\/?s={search_term_string}\"},\"query-input\":\"required name=search_term_string\"}],\"inLanguage\":\"es-MX\"},{\"@type\":\"Organization\",\"@id\":\"https:\/\/compuviper.mx\/tienda\/#organization\",\"name\":\"Compuviper\",\"url\":\"https:\/\/compuviper.mx\/tienda\/\",\"logo\":{\"@type\":\"ImageObject\",\"inLanguage\":\"es-MX\",\"@id\":\"https:\/\/compuviper.mx\/tienda\/#\/schema\/logo\/image\/\",\"url\":\"https:\/\/compuviper.mx\/tienda\/wp-content\/uploads\/2021\/08\/Logo-Compuviper-10.png\",\"contentUrl\":\"https:\/\/compuviper.mx\/tienda\/wp-content\/uploads\/2021\/08\/Logo-Compuviper-10.png\",\"width\":1000,\"height\":500,\"caption\":\"Compuviper\"},\"image\":{\"@id\":\"https:\/\/compuviper.mx\/tienda\/#\/schema\/logo\/image\/\"},\"sameAs\":[\"https:\/\/www.facebook.com\/compuviper\",\"https:\/\/www.youtube.com\/channel\/UCf73dERp9Y3cfOq7q8BhLjA?view_as=subscriber\"]}]}<\/script>\n<meta property=\"product:brand\" content=\"3NSTAR\" \/>\n<meta property=\"product:price:amount\" content=\"19660\" \/>\n<meta property=\"product:price:currency\" content=\"MXN\" \/>\n<meta property=\"og:availability\" content=\"instock\" \/>\n<meta property=\"product:availability\" content=\"instock\" \/>\n<meta property=\"product:retailer_item_id\" content=\"PTE0211W-8-240W11\" \/>\n<meta property=\"product:condition\" content=\"new\" \/>\n<!-- \/ Yoast SEO plugin. -->","yoast_head_json":{"title":"[ 3nstar ] &#129351; Pte0211w-8-240w11 Terminal Punto De Venta , Aio Touch, Plateado, 15 Pulgadas, Corei 5 11va Gen, Ram 8gb, Memoria Interna 240 Gb Ssd,con Sistema Operativo Windows 11 Iot","description":"Compra Pte0211w-8-240w11 Terminal Punto De Venta , Aio Touch, Plateado, 15 Pulgadas, Corei 5 11va Gen, Ram 8gb, Memoria Interna 240 Gb Ssd,con Sistema Operativo Windows 11 Iot + Env\u00edo a domicilio + Pago seguro + Garant\u00eda","robots":{"index":"index","follow":"follow","max-snippet":"max-snippet:-1","max-image-preview":"max-image-preview:large","max-video-preview":"max-video-preview:-1"},"canonical":"https:\/\/compuviper.mx\/tienda\/producto\/3nstar-pte0211w-8-240w11-terminal-punto-de-venta-aio-touch-plateado-15-pulgadas-corei-5-11va-gen-ram-8gb-memoria-interna-240-gb-ssdcon-sistema-operativo-windows-11-iot\/","og_locale":"es_MX","og_type":"article","og_title":"[ 3nstar ] &#129351; Pte0211w-8-240w11 Terminal Punto De Venta , Aio Touch, Plateado, 15 Pulgadas, Corei 5 11va Gen, Ram 8gb, Memoria Interna 240 Gb Ssd,con Sistema Operativo Windows 11 Iot","og_description":"Compra Pte0211w-8-240w11 Terminal Punto De Venta , Aio Touch, Plateado, 15 Pulgadas, Corei 5 11va Gen, Ram 8gb, Memoria Interna 240 Gb Ssd,con Sistema Operativo Windows 11 Iot + Env\u00edo a domicilio + Pago seguro + Garant\u00eda","og_url":"https:\/\/compuviper.mx\/tienda\/producto\/3nstar-pte0211w-8-240w11-terminal-punto-de-venta-aio-touch-plateado-15-pulgadas-corei-5-11va-gen-ram-8gb-memoria-interna-240-gb-ssdcon-sistema-operativo-windows-11-iot\/","og_site_name":"Compuviper","article_publisher":"https:\/\/www.facebook.com\/compuviper","article_modified_time":"2026-04-16T07:40:24+00:00","og_image":[{"width":200,"height":200,"url":"https:\/\/compuviper.mx\/tienda\/wp-content\/uploads\/2025\/10\/Terminal-punto-de-venta-3nstar-pte0211w-8-240w11-aio-touch-plateado-15-pulgadas-corei-5-11va-gen-ram-8gb-memoria-interna-240-gb-ssdcon-sistema-operativo-windows-11-iot.jpg","type":"image\/jpeg"}],"twitter_card":"summary_large_image","twitter_misc":{"Precio":"&#36;19,660 con IVA","Availability":"In stock"},"schema":{"@context":"https:\/\/schema.org","@graph":[{"@type":"WebPage","@id":"https:\/\/compuviper.mx\/tienda\/producto\/3nstar-pte0211w-8-240w11-terminal-punto-de-venta-aio-touch-plateado-15-pulgadas-corei-5-11va-gen-ram-8gb-memoria-interna-240-gb-ssdcon-sistema-operativo-windows-11-iot\/","url":"https:\/\/compuviper.mx\/tienda\/producto\/3nstar-pte0211w-8-240w11-terminal-punto-de-venta-aio-touch-plateado-15-pulgadas-corei-5-11va-gen-ram-8gb-memoria-interna-240-gb-ssdcon-sistema-operativo-windows-11-iot\/","name":"[ 3nstar ] &#129351; Pte0211w-8-240w11 Terminal Punto De Venta , Aio Touch, Plateado, 15 Pulgadas, Corei 5 11va Gen, Ram 8gb, Memoria Interna 240 Gb Ssd,con Sistema Operativo Windows 11 Iot","isPartOf":{"@id":"https:\/\/compuviper.mx\/tienda\/#website"},"datePublished":"2026-04-16T07:40:23+00:00","dateModified":"2026-04-16T07:40:24+00:00","description":"Compra Pte0211w-8-240w11 Terminal Punto De Venta , Aio Touch, Plateado, 15 Pulgadas, Corei 5 11va Gen, Ram 8gb, Memoria Interna 240 Gb Ssd,con Sistema Operativo Windows 11 Iot + Env\u00edo a domicilio + Pago seguro + Garant\u00eda","breadcrumb":{"@id":"https:\/\/compuviper.mx\/tienda\/producto\/3nstar-pte0211w-8-240w11-terminal-punto-de-venta-aio-touch-plateado-15-pulgadas-corei-5-11va-gen-ram-8gb-memoria-interna-240-gb-ssdcon-sistema-operativo-windows-11-iot\/#breadcrumb"},"inLanguage":"es-MX","potentialAction":[{"@type":"ReadAction","target":["https:\/\/compuviper.mx\/tienda\/producto\/3nstar-pte0211w-8-240w11-terminal-punto-de-venta-aio-touch-plateado-15-pulgadas-corei-5-11va-gen-ram-8gb-memoria-interna-240-gb-ssdcon-sistema-operativo-windows-11-iot\/"]}]},{"@type":"BreadcrumbList","@id":"https:\/\/compuviper.mx\/tienda\/producto\/3nstar-pte0211w-8-240w11-terminal-punto-de-venta-aio-touch-plateado-15-pulgadas-corei-5-11va-gen-ram-8gb-memoria-interna-240-gb-ssdcon-sistema-operativo-windows-11-iot\/#breadcrumb","itemListElement":[{"@type":"ListItem","position":1,"name":"Inicio","item":"https:\/\/compuviper.mx\/tienda\/"},{"@type":"ListItem","position":2,"name":"Productos","item":"https:\/\/compuviper.mx\/tienda\/productos\/"},{"@type":"ListItem","position":3,"name":"Terminal Pos","item":"https:\/\/compuviper.mx\/tienda\/categoria-producto\/terminal-pos\/"},{"@type":"ListItem","position":4,"name":"Sin Categor\u00eda","item":"https:\/\/compuviper.mx\/tienda\/categoria-producto\/terminal-pos\/sin-categoria-terminal-pos\/"},{"@type":"ListItem","position":5,"name":"3nstar Pte0211w-8-240w11 Terminal Punto De Venta , Aio Touch, Plateado, 15 Pulgadas, Corei 5 11va Gen, Ram 8gb, Memoria Interna 240 Gb Ssd,con Sistema Operativo Windows 11 Iot"}]},{"@type":"WebSite","@id":"https:\/\/compuviper.mx\/tienda\/#website","url":"https:\/\/compuviper.mx\/tienda\/","name":"Compuviper","description":"Proveedor de Computadoras, Laptops, Servidores, Monitores, Puntos de Venta, Teclados,   Impresoras, T\u00f3ner, C\u00e1maras de Seguridad y m\u00e1s en tu tienda en l\u00ednea","publisher":{"@id":"https:\/\/compuviper.mx\/tienda\/#organization"},"potentialAction":[{"@type":"SearchAction","target":{"@type":"EntryPoint","urlTemplate":"https:\/\/compuviper.mx\/tienda\/?s={search_term_string}"},"query-input":"required name=search_term_string"}],"inLanguage":"es-MX"},{"@type":"Organization","@id":"https:\/\/compuviper.mx\/tienda\/#organization","name":"Compuviper","url":"https:\/\/compuviper.mx\/tienda\/","logo":{"@type":"ImageObject","inLanguage":"es-MX","@id":"https:\/\/compuviper.mx\/tienda\/#\/schema\/logo\/image\/","url":"https:\/\/compuviper.mx\/tienda\/wp-content\/uploads\/2021\/08\/Logo-Compuviper-10.png","contentUrl":"https:\/\/compuviper.mx\/tienda\/wp-content\/uploads\/2021\/08\/Logo-Compuviper-10.png","width":1000,"height":500,"caption":"Compuviper"},"image":{"@id":"https:\/\/compuviper.mx\/tienda\/#\/schema\/logo\/image\/"},"sameAs":["https:\/\/www.facebook.com\/compuviper","https:\/\/www.youtube.com\/channel\/UCf73dERp9Y3cfOq7q8BhLjA?view_as=subscriber"]}]},"product_brand":"3NSTAR","product_price_amount":"19660","product_price_currency":"MXN","og_availability":"instock","product_availability":"instock","product_retailer_item_id":"PTE0211W-8-240W11","product_condition":"new"},"_links":{"self":[{"href":"https:\/\/compuviper.mx\/tienda\/wp-json\/wp\/v2\/product\/243191"}],"collection":[{"href":"https:\/\/compuviper.mx\/tienda\/wp-json\/wp\/v2\/product"}],"about":[{"href":"https:\/\/compuviper.mx\/tienda\/wp-json\/wp\/v2\/types\/product"}],"replies":[{"embeddable":true,"href":"https:\/\/compuviper.mx\/tienda\/wp-json\/wp\/v2\/comments?post=243191"}],"wp:featuredmedia":[{"embeddable":true,"href":"https:\/\/compuviper.mx\/tienda\/wp-json\/wp\/v2\/media\/260596"}],"wp:attachment":[{"href":"https:\/\/compuviper.mx\/tienda\/wp-json\/wp\/v2\/media?parent=243191"}],"wp:term":[{"taxonomy":"product_cat","embeddable":true,"href":"https:\/\/compuviper.mx\/tienda\/wp-json\/wp\/v2\/product_cat?post=243191"},{"taxonomy":"product_tag","embeddable":true,"href":"https:\/\/compuviper.mx\/tienda\/wp-json\/wp\/v2\/product_tag?post=243191"}],"curies":[{"name":"wp","href":"https:\/\/api.w.org\/{rel}","templated":true}]}}