{"id":242594,"date":"2026-04-07T00:28:31","date_gmt":"2026-04-07T06:28:31","guid":{"rendered":"https:\/\/compuviper.mx\/tienda\/producto\/cyberpower-bps240v7art3u-mdulo-de-bateras-externas-para-extensin-de-tiempo-de-respaldo-compatible-con-el-modelo-ols6kert5u-nema\/"},"modified":"2026-04-07T00:28:31","modified_gmt":"2026-04-07T06:28:31","slug":"cyberpower-bps240v7art3u-mdulo-de-bateras-externas-para-extensin-de-tiempo-de-respaldo-compatible-con-el-modelo-ols6kert5u-nema","status":"publish","type":"product","link":"https:\/\/compuviper.mx\/tienda\/producto\/cyberpower-bps240v7art3u-mdulo-de-bateras-externas-para-extensin-de-tiempo-de-respaldo-compatible-con-el-modelo-ols6kert5u-nema\/","title":{"rendered":"Cyberpower Bps240v7art3u M?dulo De Bater?as Externas () Para Extensi?n De Tiempo De Respaldo. Compatible Con El Modelo Ols6kert5u-nema"},"content":{"rendered":"<table class=\"descripcion\">\n<tr>\n<td>General<\/td>\n<\/tr>\n<tr>\n<td>Voltaje de salida 240v<\/td>\n<\/tr>\n<tr>\n<td>Corriente nominal de salida 75<\/td>\n<\/tr>\n<tr>\n<td>Bater\u00eda<\/td>\n<\/tr>\n<tr>\n<td>Tipo de bater\u00eda \u00e1cido de plomo sellado<\/td>\n<\/tr>\n<tr>\n<td>Tama\u00f1o de la bater\u00eda 12v \/ 7ah<\/td>\n<\/tr>\n<tr>\n<td>Cantidad de la bater\u00eda 20<\/td>\n<\/tr>\n<tr>\n<td>Reemplazable por el usuario solo personal calificado<\/td>\n<\/tr>\n<tr>\n<td>Cargador incorporado no<\/td>\n<\/tr>\n<tr>\n<td>Tiempo t\u00edpico de recarga 4 horas<\/td>\n<\/tr>\n<tr>\n<td>Listo para expansion si<\/td>\n<\/tr>\n<tr>\n<td>Cantidad de paquetes de sustitucion de bteria (pz) 2<\/td>\n<\/tr>\n<tr>\n<td>F\u00edsico<\/td>\n<\/tr>\n<tr>\n<td>Factor de forma rack, torre<\/td>\n<\/tr>\n<tr>\n<td>Carcasa metal<\/td>\n<\/tr>\n<tr>\n<td>Color negro<\/td>\n<\/tr>\n<tr>\n<td>Riel de montaje en rack si<\/td>\n<\/tr>\n<tr>\n<td>Altura del rack instalado (u) 3<\/td>\n<\/tr>\n<tr>\n<td>Dimensiones &#8211; (anxalxp) (mm) 433 x 127.8 x 660<\/td>\n<\/tr>\n<tr>\n<td>Peso kilos 55<\/td>\n<\/tr>\n<tr>\n<td>Ambiental<\/td>\n<\/tr>\n<tr>\n<td>Temperatura de funcionamiento (0-40\u00b0 c)<\/td>\n<\/tr>\n<tr>\n<td>Humedad relativa de operacion 0 &#8211; 90% (sin condensaci\u00f3n)<\/td>\n<\/tr>\n<tr>\n<td>Temperatura de almacenamiento (-4 &#8211; 104 \u00b0 c)<\/td>\n<\/tr>\n<tr>\n<td>Humedad relativa de almacenamiento 0 &#8211; 90% (sin condensaci\u00f3n)<\/td>\n<\/tr>\n<tr>\n<td>Elevaci\u00f3n operativa m\u00e1xima 10,000 pies (0-1500 metros)<\/td>\n<\/tr>\n<tr>\n<td>Elevaci\u00f3n m\u00e1xima de almacenamiento (0-1500 metros)<\/td>\n<\/tr>\n<tr>\n<td>Certificaciones<\/td>\n<\/tr>\n<tr>\n<td>La seguridad ce<\/td>\n<\/tr>\n<tr>\n<td>Ambiental rohs<\/td>\n<\/tr>\n<\/table>\n","protected":false},"excerpt":{"rendered":"<p>Cyberpower bps240v7art3u el modulo de bateria extendido incrementa significativamente el tiempo de ejecucion cuando se usa con ups cybepower compatible. Con una construccion metalica resistente, de calidad industrial, se puede instalar incluso en entornos exigentes:<\/p>\n","protected":false},"featured_media":259549,"comment_status":"open","ping_status":"open","template":"","meta":[],"product_cat":[1508,1511],"product_tag":[1692],"acf":[],"yoast_head":"<!-- This site is optimized with the Yoast SEO plugin v21.7 - https:\/\/yoast.com\/wordpress\/plugins\/seo\/ -->\n<title>[ Cyberpower ] &#129351; Bps240v7art3u M\u00f3dulo De Bater\u00edas Externas () Para Extensi\u00f3n De Tiempo De Respaldo. Compatible Con El Modelo Ols6kert5u-nema<\/title>\n<meta name=\"description\" content=\"Compra Bps240v7art3u M\u00f3dulo De Bater\u00edas Externas () Para Extensi\u00f3n De Tiempo De Respaldo. Compatible Con El Modelo Ols6kert5u-nema + Env\u00edo a domicilio + Pago seguro + Garant\u00eda\" \/>\n<meta name=\"robots\" content=\"index, follow, max-snippet:-1, max-image-preview:large, max-video-preview:-1\" \/>\n<link rel=\"canonical\" href=\"https:\/\/compuviper.mx\/tienda\/producto\/cyberpower-bps240v7art3u-mdulo-de-bateras-externas-para-extensin-de-tiempo-de-respaldo-compatible-con-el-modelo-ols6kert5u-nema\/\" \/>\n<meta property=\"og:locale\" content=\"es_MX\" \/>\n<meta property=\"og:type\" content=\"article\" \/>\n<meta property=\"og:title\" content=\"[ Cyberpower ] &#129351; Bps240v7art3u M\u00f3dulo De Bater\u00edas Externas () Para Extensi\u00f3n De Tiempo De Respaldo. Compatible Con El Modelo Ols6kert5u-nema\" \/>\n<meta property=\"og:description\" content=\"Compra Bps240v7art3u M\u00f3dulo De Bater\u00edas Externas () Para Extensi\u00f3n De Tiempo De Respaldo. Compatible Con El Modelo Ols6kert5u-nema + Env\u00edo a domicilio + Pago seguro + Garant\u00eda\" \/>\n<meta property=\"og:url\" content=\"https:\/\/compuviper.mx\/tienda\/producto\/cyberpower-bps240v7art3u-mdulo-de-bateras-externas-para-extensin-de-tiempo-de-respaldo-compatible-con-el-modelo-ols6kert5u-nema\/\" \/>\n<meta property=\"og:site_name\" content=\"Compuviper\" \/>\n<meta property=\"article:publisher\" content=\"https:\/\/www.facebook.com\/compuviper\" \/>\n<meta property=\"og:image\" content=\"https:\/\/compuviper.mx\/tienda\/wp-content\/uploads\/2025\/10\/Modulo-de-baterias-externas-bps240v7art3u-para-extension-de-tiempo-de-respaldo.-compatible-con-el-modelo-ols6kert5u-nema.jpg\" \/>\n\t<meta property=\"og:image:width\" content=\"200\" \/>\n\t<meta property=\"og:image:height\" content=\"200\" \/>\n\t<meta property=\"og:image:type\" content=\"image\/jpeg\" \/>\n<meta name=\"twitter:card\" content=\"summary_large_image\" \/>\n<meta name=\"twitter:label1\" content=\"Precio\" \/>\n\t<meta name=\"twitter:data1\" content=\"&#36;24,943 con IVA\" \/>\n\t<meta name=\"twitter:label2\" content=\"Availability\" \/>\n\t<meta name=\"twitter:data2\" content=\"On backorder\" \/>\n<script type=\"application\/ld+json\" class=\"yoast-schema-graph\">{\"@context\":\"https:\/\/schema.org\",\"@graph\":[{\"@type\":\"WebPage\",\"@id\":\"https:\/\/compuviper.mx\/tienda\/producto\/cyberpower-bps240v7art3u-mdulo-de-bateras-externas-para-extensin-de-tiempo-de-respaldo-compatible-con-el-modelo-ols6kert5u-nema\/\",\"url\":\"https:\/\/compuviper.mx\/tienda\/producto\/cyberpower-bps240v7art3u-mdulo-de-bateras-externas-para-extensin-de-tiempo-de-respaldo-compatible-con-el-modelo-ols6kert5u-nema\/\",\"name\":\"[ Cyberpower ] &#129351; Bps240v7art3u M\u00f3dulo De Bater\u00edas Externas () Para Extensi\u00f3n De Tiempo De Respaldo. Compatible Con El Modelo Ols6kert5u-nema\",\"isPartOf\":{\"@id\":\"https:\/\/compuviper.mx\/tienda\/#website\"},\"datePublished\":\"2026-04-07T06:28:31+00:00\",\"dateModified\":\"2026-04-07T06:28:31+00:00\",\"description\":\"Compra Bps240v7art3u M\u00f3dulo De Bater\u00edas Externas () Para Extensi\u00f3n De Tiempo De Respaldo. Compatible Con El Modelo Ols6kert5u-nema + Env\u00edo a domicilio + Pago seguro + Garant\u00eda\",\"breadcrumb\":{\"@id\":\"https:\/\/compuviper.mx\/tienda\/producto\/cyberpower-bps240v7art3u-mdulo-de-bateras-externas-para-extensin-de-tiempo-de-respaldo-compatible-con-el-modelo-ols6kert5u-nema\/#breadcrumb\"},\"inLanguage\":\"es-MX\",\"potentialAction\":[{\"@type\":\"ReadAction\",\"target\":[\"https:\/\/compuviper.mx\/tienda\/producto\/cyberpower-bps240v7art3u-mdulo-de-bateras-externas-para-extensin-de-tiempo-de-respaldo-compatible-con-el-modelo-ols6kert5u-nema\/\"]}]},{\"@type\":\"BreadcrumbList\",\"@id\":\"https:\/\/compuviper.mx\/tienda\/producto\/cyberpower-bps240v7art3u-mdulo-de-bateras-externas-para-extensin-de-tiempo-de-respaldo-compatible-con-el-modelo-ols6kert5u-nema\/#breadcrumb\",\"itemListElement\":[{\"@type\":\"ListItem\",\"position\":1,\"name\":\"Inicio\",\"item\":\"https:\/\/compuviper.mx\/tienda\/\"},{\"@type\":\"ListItem\",\"position\":2,\"name\":\"Productos\",\"item\":\"https:\/\/compuviper.mx\/tienda\/productos\/\"},{\"@type\":\"ListItem\",\"position\":3,\"name\":\"Energia\",\"item\":\"https:\/\/compuviper.mx\/tienda\/categoria-producto\/energia\/\"},{\"@type\":\"ListItem\",\"position\":4,\"name\":\"Bateria\",\"item\":\"https:\/\/compuviper.mx\/tienda\/categoria-producto\/energia\/bateria\/\"},{\"@type\":\"ListItem\",\"position\":5,\"name\":\"Cyberpower Bps240v7art3u M?dulo De Bater?as Externas () Para Extensi?n De Tiempo De Respaldo. Compatible Con El Modelo Ols6kert5u-nema\"}]},{\"@type\":\"WebSite\",\"@id\":\"https:\/\/compuviper.mx\/tienda\/#website\",\"url\":\"https:\/\/compuviper.mx\/tienda\/\",\"name\":\"Compuviper\",\"description\":\"Proveedor de Computadoras, Laptops, Servidores, Monitores, Puntos de Venta, Teclados,   Impresoras, T\u00f3ner, C\u00e1maras de Seguridad y m\u00e1s en tu tienda en l\u00ednea\",\"publisher\":{\"@id\":\"https:\/\/compuviper.mx\/tienda\/#organization\"},\"potentialAction\":[{\"@type\":\"SearchAction\",\"target\":{\"@type\":\"EntryPoint\",\"urlTemplate\":\"https:\/\/compuviper.mx\/tienda\/?s={search_term_string}\"},\"query-input\":\"required name=search_term_string\"}],\"inLanguage\":\"es-MX\"},{\"@type\":\"Organization\",\"@id\":\"https:\/\/compuviper.mx\/tienda\/#organization\",\"name\":\"Compuviper\",\"url\":\"https:\/\/compuviper.mx\/tienda\/\",\"logo\":{\"@type\":\"ImageObject\",\"inLanguage\":\"es-MX\",\"@id\":\"https:\/\/compuviper.mx\/tienda\/#\/schema\/logo\/image\/\",\"url\":\"https:\/\/compuviper.mx\/tienda\/wp-content\/uploads\/2021\/08\/Logo-Compuviper-10.png\",\"contentUrl\":\"https:\/\/compuviper.mx\/tienda\/wp-content\/uploads\/2021\/08\/Logo-Compuviper-10.png\",\"width\":1000,\"height\":500,\"caption\":\"Compuviper\"},\"image\":{\"@id\":\"https:\/\/compuviper.mx\/tienda\/#\/schema\/logo\/image\/\"},\"sameAs\":[\"https:\/\/www.facebook.com\/compuviper\",\"https:\/\/www.youtube.com\/channel\/UCf73dERp9Y3cfOq7q8BhLjA?view_as=subscriber\"]}]}<\/script>\n<meta property=\"product:brand\" content=\"CYBERPOWER\" \/>\n<meta property=\"product:price:amount\" content=\"24943\" \/>\n<meta property=\"product:price:currency\" content=\"MXN\" \/>\n<meta property=\"og:availability\" content=\"backorder\" \/>\n<meta property=\"product:availability\" content=\"available for order\" \/>\n<meta property=\"product:retailer_item_id\" content=\"BPS240V7ART3U\" \/>\n<meta property=\"product:condition\" content=\"new\" \/>\n<!-- \/ Yoast SEO plugin. -->","yoast_head_json":{"title":"[ Cyberpower ] &#129351; Bps240v7art3u M\u00f3dulo De Bater\u00edas Externas () Para Extensi\u00f3n De Tiempo De Respaldo. Compatible Con El Modelo Ols6kert5u-nema","description":"Compra Bps240v7art3u M\u00f3dulo De Bater\u00edas Externas () Para Extensi\u00f3n De Tiempo De Respaldo. Compatible Con El Modelo Ols6kert5u-nema + Env\u00edo a domicilio + Pago seguro + Garant\u00eda","robots":{"index":"index","follow":"follow","max-snippet":"max-snippet:-1","max-image-preview":"max-image-preview:large","max-video-preview":"max-video-preview:-1"},"canonical":"https:\/\/compuviper.mx\/tienda\/producto\/cyberpower-bps240v7art3u-mdulo-de-bateras-externas-para-extensin-de-tiempo-de-respaldo-compatible-con-el-modelo-ols6kert5u-nema\/","og_locale":"es_MX","og_type":"article","og_title":"[ Cyberpower ] &#129351; Bps240v7art3u M\u00f3dulo De Bater\u00edas Externas () Para Extensi\u00f3n De Tiempo De Respaldo. Compatible Con El Modelo Ols6kert5u-nema","og_description":"Compra Bps240v7art3u M\u00f3dulo De Bater\u00edas Externas () Para Extensi\u00f3n De Tiempo De Respaldo. Compatible Con El Modelo Ols6kert5u-nema + Env\u00edo a domicilio + Pago seguro + Garant\u00eda","og_url":"https:\/\/compuviper.mx\/tienda\/producto\/cyberpower-bps240v7art3u-mdulo-de-bateras-externas-para-extensin-de-tiempo-de-respaldo-compatible-con-el-modelo-ols6kert5u-nema\/","og_site_name":"Compuviper","article_publisher":"https:\/\/www.facebook.com\/compuviper","og_image":[{"width":200,"height":200,"url":"https:\/\/compuviper.mx\/tienda\/wp-content\/uploads\/2025\/10\/Modulo-de-baterias-externas-bps240v7art3u-para-extension-de-tiempo-de-respaldo.-compatible-con-el-modelo-ols6kert5u-nema.jpg","type":"image\/jpeg"}],"twitter_card":"summary_large_image","twitter_misc":{"Precio":"&#36;24,943 con IVA","Availability":"On backorder"},"schema":{"@context":"https:\/\/schema.org","@graph":[{"@type":"WebPage","@id":"https:\/\/compuviper.mx\/tienda\/producto\/cyberpower-bps240v7art3u-mdulo-de-bateras-externas-para-extensin-de-tiempo-de-respaldo-compatible-con-el-modelo-ols6kert5u-nema\/","url":"https:\/\/compuviper.mx\/tienda\/producto\/cyberpower-bps240v7art3u-mdulo-de-bateras-externas-para-extensin-de-tiempo-de-respaldo-compatible-con-el-modelo-ols6kert5u-nema\/","name":"[ Cyberpower ] &#129351; Bps240v7art3u M\u00f3dulo De Bater\u00edas Externas () Para Extensi\u00f3n De Tiempo De Respaldo. Compatible Con El Modelo Ols6kert5u-nema","isPartOf":{"@id":"https:\/\/compuviper.mx\/tienda\/#website"},"datePublished":"2026-04-07T06:28:31+00:00","dateModified":"2026-04-07T06:28:31+00:00","description":"Compra Bps240v7art3u M\u00f3dulo De Bater\u00edas Externas () Para Extensi\u00f3n De Tiempo De Respaldo. Compatible Con El Modelo Ols6kert5u-nema + Env\u00edo a domicilio + Pago seguro + Garant\u00eda","breadcrumb":{"@id":"https:\/\/compuviper.mx\/tienda\/producto\/cyberpower-bps240v7art3u-mdulo-de-bateras-externas-para-extensin-de-tiempo-de-respaldo-compatible-con-el-modelo-ols6kert5u-nema\/#breadcrumb"},"inLanguage":"es-MX","potentialAction":[{"@type":"ReadAction","target":["https:\/\/compuviper.mx\/tienda\/producto\/cyberpower-bps240v7art3u-mdulo-de-bateras-externas-para-extensin-de-tiempo-de-respaldo-compatible-con-el-modelo-ols6kert5u-nema\/"]}]},{"@type":"BreadcrumbList","@id":"https:\/\/compuviper.mx\/tienda\/producto\/cyberpower-bps240v7art3u-mdulo-de-bateras-externas-para-extensin-de-tiempo-de-respaldo-compatible-con-el-modelo-ols6kert5u-nema\/#breadcrumb","itemListElement":[{"@type":"ListItem","position":1,"name":"Inicio","item":"https:\/\/compuviper.mx\/tienda\/"},{"@type":"ListItem","position":2,"name":"Productos","item":"https:\/\/compuviper.mx\/tienda\/productos\/"},{"@type":"ListItem","position":3,"name":"Energia","item":"https:\/\/compuviper.mx\/tienda\/categoria-producto\/energia\/"},{"@type":"ListItem","position":4,"name":"Bateria","item":"https:\/\/compuviper.mx\/tienda\/categoria-producto\/energia\/bateria\/"},{"@type":"ListItem","position":5,"name":"Cyberpower Bps240v7art3u M?dulo De Bater?as Externas () Para Extensi?n De Tiempo De Respaldo. Compatible Con El Modelo Ols6kert5u-nema"}]},{"@type":"WebSite","@id":"https:\/\/compuviper.mx\/tienda\/#website","url":"https:\/\/compuviper.mx\/tienda\/","name":"Compuviper","description":"Proveedor de Computadoras, Laptops, Servidores, Monitores, Puntos de Venta, Teclados,   Impresoras, T\u00f3ner, C\u00e1maras de Seguridad y m\u00e1s en tu tienda en l\u00ednea","publisher":{"@id":"https:\/\/compuviper.mx\/tienda\/#organization"},"potentialAction":[{"@type":"SearchAction","target":{"@type":"EntryPoint","urlTemplate":"https:\/\/compuviper.mx\/tienda\/?s={search_term_string}"},"query-input":"required name=search_term_string"}],"inLanguage":"es-MX"},{"@type":"Organization","@id":"https:\/\/compuviper.mx\/tienda\/#organization","name":"Compuviper","url":"https:\/\/compuviper.mx\/tienda\/","logo":{"@type":"ImageObject","inLanguage":"es-MX","@id":"https:\/\/compuviper.mx\/tienda\/#\/schema\/logo\/image\/","url":"https:\/\/compuviper.mx\/tienda\/wp-content\/uploads\/2021\/08\/Logo-Compuviper-10.png","contentUrl":"https:\/\/compuviper.mx\/tienda\/wp-content\/uploads\/2021\/08\/Logo-Compuviper-10.png","width":1000,"height":500,"caption":"Compuviper"},"image":{"@id":"https:\/\/compuviper.mx\/tienda\/#\/schema\/logo\/image\/"},"sameAs":["https:\/\/www.facebook.com\/compuviper","https:\/\/www.youtube.com\/channel\/UCf73dERp9Y3cfOq7q8BhLjA?view_as=subscriber"]}]},"product_brand":"CYBERPOWER","product_price_amount":"24943","product_price_currency":"MXN","og_availability":"backorder","product_availability":"available for order","product_retailer_item_id":"BPS240V7ART3U","product_condition":"new"},"_links":{"self":[{"href":"https:\/\/compuviper.mx\/tienda\/wp-json\/wp\/v2\/product\/242594"}],"collection":[{"href":"https:\/\/compuviper.mx\/tienda\/wp-json\/wp\/v2\/product"}],"about":[{"href":"https:\/\/compuviper.mx\/tienda\/wp-json\/wp\/v2\/types\/product"}],"replies":[{"embeddable":true,"href":"https:\/\/compuviper.mx\/tienda\/wp-json\/wp\/v2\/comments?post=242594"}],"wp:featuredmedia":[{"embeddable":true,"href":"https:\/\/compuviper.mx\/tienda\/wp-json\/wp\/v2\/media\/259549"}],"wp:attachment":[{"href":"https:\/\/compuviper.mx\/tienda\/wp-json\/wp\/v2\/media?parent=242594"}],"wp:term":[{"taxonomy":"product_cat","embeddable":true,"href":"https:\/\/compuviper.mx\/tienda\/wp-json\/wp\/v2\/product_cat?post=242594"},{"taxonomy":"product_tag","embeddable":true,"href":"https:\/\/compuviper.mx\/tienda\/wp-json\/wp\/v2\/product_tag?post=242594"}],"curies":[{"name":"wp","href":"https:\/\/api.w.org\/{rel}","templated":true}]}}