{"id":241786,"date":"2026-04-25T01:50:57","date_gmt":"2026-04-25T07:50:57","guid":{"rendered":"https:\/\/compuviper.mx\/tienda\/producto\/qnap-ts-435xeu-4g-us-nas-4bahias-sata3-5-rack-tiro-corto-marvell-arm-4nucleos-2-2ghz-4gb-ram-ddr4-2-5-gbe2-10gbe-spf2-m-22-usb-2-02-usb-3-22-hot-swap-no-incluye-discos\/"},"modified":"2026-04-25T01:50:58","modified_gmt":"2026-04-25T07:50:58","slug":"qnap-ts-435xeu-4g-us-nas-4bahias-sata3-5-rack-tiro-corto-marvell-arm-4nucleos-2-2ghz-4gb-ram-ddr4-2-5-gbe2-10gbe-spf2-m-22-usb-2-02-usb-3-22-hot-swap-no-incluye-discos","status":"publish","type":"product","link":"https:\/\/compuviper.mx\/tienda\/producto\/qnap-ts-435xeu-4g-us-nas-4bahias-sata3-5-rack-tiro-corto-marvell-arm-4nucleos-2-2ghz-4gb-ram-ddr4-2-5-gbe2-10gbe-spf2-m-22-usb-2-02-usb-3-22-hot-swap-no-incluye-discos\/","title":{"rendered":"Qnap Ts-435xeu-4g-us Nas   \/ 4bahias Sata3.5\/ Rack Tiro Corto \/ Marvell Arm 4nucleos 2.2ghz \/ 4gb Ram Ddr4 \/ 2.5 Gbe2 \/ 10gbe Spf2 \/ M.22 Usb 2.02 \/ Usb 3.22 \/ Hot Swap \/ No Incluye Discos"},"content":{"rendered":"<table class=\"descripcion\">\n<tr>\n<td>Ts-435xeu-4g<\/td>\n<\/tr>\n<tr>\n<td>Cpu: procesador marvell octeon tx2 cn9130 \/ cn9131 armv8 cortex-a72 de 4 n\u00facleos a 2,2 ghz<\/td>\n<\/tr>\n<tr>\n<td>Arquitectura de cpu: arm de 64 bits<\/td>\n<\/tr>\n<tr>\n<td>Unidad de coma flotante: si<\/td>\n<\/tr>\n<tr>\n<td>Motor de cifrado: si<\/td>\n<\/tr>\n<tr>\n<td>Memoria del sistema: 4 gb de memoria ddr4 sodimm (1 modulo de 4 gb)<\/td>\n<\/tr>\n<tr>\n<td>Memoria m\u00e1xima: 32 gb (1 modulo de 32 gb)<\/td>\n<\/tr>\n<tr>\n<td>Ranura para memoria: 1 modulo de memoria ddr4 sodimm<\/td>\n<\/tr>\n<tr>\n<td>Qts firmware version 5.0.1(0426) and later will support ecc.<\/td>\n<\/tr>\n<tr>\n<td>Memoria flash: 4 gb (protecci\u00f3n del sistema operativo de doble arranque)<\/td>\n<\/tr>\n<tr>\n<td>Bah\u00eda de unidades: 4 unidades sata de 3,5 a 6gb\/s, 3gb\/s<\/td>\n<\/tr>\n<tr>\n<td>Compatibilidad de unidades: bah\u00edas de 3.5 pulgadas:<\/td>\n<\/tr>\n<tr>\n<td>3.5 pulgadas sata discos duros 2.5 pulgadas sata estado s\u00f3lido discos duros<\/td>\n<\/tr>\n<tr>\n<td>Intercambiable en caliente: si<\/td>\n<\/tr>\n<tr>\n<td>Ranura m.2: 2 ranuras para m.2 2280 pcie gen 3 x1<\/td>\n<\/tr>\n<tr>\n<td>Compatible con ssd nvme pcie gen 3 y gen 4. consulte la compatibilidad<\/td>\n<\/tr>\n<tr>\n<td>En https:\/\/www.qnap.com\/compatibility\/.<\/td>\n<\/tr>\n<tr>\n<td>Compatibilidad con aceleraci\u00f3n de cach\u00e9 ssd: si<\/td>\n<\/tr>\n<tr>\n<td>Puerto 2,5 gbe (2,5g\/1g\/100m): 2 (2,5g\/1g\/100m)<\/td>\n<\/tr>\n<tr>\n<td>Puerto 10 gbe: 2 puertos sfp+ 10gbe<\/td>\n<\/tr>\n<tr>\n<td>Wake-on-lan (wol): si<\/td>\n<\/tr>\n<tr>\n<td>Jumbo frame: si<\/td>\n<\/tr>\n<tr>\n<td>Puerto usb 2.0: 2<\/td>\n<\/tr>\n<tr>\n<td>Puerto usb 3.2 gen 1: 2<\/td>\n<\/tr>\n<tr>\n<td>Factor de forma: montaje en rack de poca profundidad 1u<\/td>\n<\/tr>\n<tr>\n<td>Indicadores led: unidad de disco duro 1-4, estado, lan, usb, ssd m.2 1-2<\/td>\n<\/tr>\n<tr>\n<td>Botones: encendido, reinicio<\/td>\n<\/tr>\n<tr>\n<td>Dimensiones (altura x anchura x profundidad): 43.3 \u00d7 430 \u00d7 292.12 mm<\/td>\n<\/tr>\n<tr>\n<td>Excluye el gancho de oreja y la parte que sobresale de la unidad de fuente de alimentaci\u00f3n.<\/td>\n<\/tr>\n<tr>\n<td>Peso (neto) : 4.91 kg<\/td>\n<\/tr>\n<tr>\n<td>Peso (bruto): 5.82 kg<\/td>\n<\/tr>\n<tr>\n<td>Temperatura operativa: 0 &#8211; 40 \u00b0c (32 \u00b0f &#8211; 104 \u00b0f)<\/td>\n<\/tr>\n<tr>\n<td>Temperatura de almacenamiento -20 &#8211; 70\u00b0c (-4\u00b0f &#8211; 158\u00b0f)<\/td>\n<\/tr>\n<tr>\n<td>Humedad relativa: 5 ~ 95 % de humedad relativa sin condensaci\u00f3n, bulbo h\u00famedo: 27  and #730;c (80,6  and #730;f)<\/td>\n<\/tr>\n<tr>\n<td>Unidad de alimentacion electrica: 100w psu, 100-240 v<\/td>\n<\/tr>\n<tr>\n<td>Consumo de energ\u00eda: modo suspensi\u00f3n de disco duro: 17.367 w<\/td>\n<\/tr>\n<tr>\n<td>Consumo de energ\u00eda: modo de funcionamiento, t\u00edpico: 30.878 w<\/td>\n<\/tr>\n<tr>\n<td>Ventilador: 3 de 40 mm, 12 v de cc<\/td>\n<\/tr>\n<tr>\n<td>Advertencia del sistema: timbre<\/td>\n<\/tr>\n<tr>\n<td>Ranura de seguridad kensington: si<\/td>\n<\/tr>\n<tr>\n<td>Garant\u00eda estandar: 3<\/td>\n<\/tr>\n<tr>\n<td>N.\u00ba m\u00e1x. de conexiones simult\u00e1neas (cifs): con memoria m\u00e1x:1500<\/td>\n<\/tr>\n<\/table>\n","protected":false},"excerpt":{"rendered":"<p>El compacto y completo modelo ts-435xeu ofrece una soluci\u00f3n nas de cuatro n\u00facleos de clase profesional en un formato de montaje en rack de poca profundidad. El sfp+ de 10gbe nativo y la conectividad de 2,5gbe, junto con las ranuras ssd nvme m.2 que permiten la aceleraci\u00f3n de la cach\u00e9, permite a las empresas responder con eficiencia a tareas diarias como la copia de seguridad y restauraci\u00f3n de archivos, as\u00ed como a potenciar la colaboraci\u00f3n en equipo con una mayor productividad. El dise\u00f1o compacto y de poca profundidad facilita la instalaci\u00f3n del ts-435xeu en armarios multimedia peque\u00f1os o en lugares con una gran cantidad de cableado. Gracias a la compatibilidad con abundantes aplicaciones empresariales (incluyendo el intercambio y la sincronizaci\u00f3n de archivos, la protecci\u00f3n mediante instant\u00e1neas, la contenerizaci\u00f3n, las pasarelas de almacenamiento en la nube y la transmisi\u00f3n de v\u00eddeo), a la capacidad de almacenamiento ampliable y a las aplicaciones de instalaci\u00f3n bajo demanda, el ts-435xeu es un perfecto nas de montaje en rack b\u00e1sico y asequible.<\/p>\n","protected":false},"featured_media":260758,"comment_status":"open","ping_status":"open","template":"","meta":[],"product_cat":[1803,1804],"product_tag":[2110],"acf":[],"yoast_head":"<!-- This site is optimized with the Yoast SEO plugin v21.7 - https:\/\/yoast.com\/wordpress\/plugins\/seo\/ -->\n<title>[ Qnap ] &#129351; Ts-435xeu-4g-us Nas \/ 4bahias Sata3.5\/ Rack Tiro Corto \/ Marvell Arm 4nucleos 2.2ghz \/ 4gb Ram Ddr4 \/ 2.5 Gbe2 \/ 10gbe Spf2 \/ M.22 Usb 2.02 \/ Usb 3.22 \/ Hot Swap \/ No Incluye Discos<\/title>\n<meta name=\"description\" content=\"Compra Ts-435xeu-4g-us Nas \/ 4bahias Sata3.5\/ Rack Tiro Corto \/ Marvell Arm 4nucleos 2.2ghz \/ 4gb Ram Ddr4 \/ 2.5 Gbe2 \/ 10gbe Spf2 \/ M.22 Usb 2.02 \/ Usb 3.22 \/ Hot Swap \/ No Incluye Discos + Env\u00edo a domicilio + Pago seguro + Garant\u00eda\" \/>\n<meta name=\"robots\" content=\"index, follow, max-snippet:-1, max-image-preview:large, max-video-preview:-1\" \/>\n<link rel=\"canonical\" href=\"https:\/\/compuviper.mx\/tienda\/producto\/qnap-ts-435xeu-4g-us-nas-4bahias-sata3-5-rack-tiro-corto-marvell-arm-4nucleos-2-2ghz-4gb-ram-ddr4-2-5-gbe2-10gbe-spf2-m-22-usb-2-02-usb-3-22-hot-swap-no-incluye-discos\/\" \/>\n<meta property=\"og:locale\" content=\"es_MX\" \/>\n<meta property=\"og:type\" content=\"article\" \/>\n<meta property=\"og:title\" content=\"[ Qnap ] &#129351; Ts-435xeu-4g-us Nas \/ 4bahias Sata3.5\/ Rack Tiro Corto \/ Marvell Arm 4nucleos 2.2ghz \/ 4gb Ram Ddr4 \/ 2.5 Gbe2 \/ 10gbe Spf2 \/ M.22 Usb 2.02 \/ Usb 3.22 \/ Hot Swap \/ No Incluye Discos\" \/>\n<meta property=\"og:description\" content=\"Compra Ts-435xeu-4g-us Nas \/ 4bahias Sata3.5\/ Rack Tiro Corto \/ Marvell Arm 4nucleos 2.2ghz \/ 4gb Ram Ddr4 \/ 2.5 Gbe2 \/ 10gbe Spf2 \/ M.22 Usb 2.02 \/ Usb 3.22 \/ Hot Swap \/ No Incluye Discos + Env\u00edo a domicilio + Pago seguro + Garant\u00eda\" \/>\n<meta property=\"og:url\" content=\"https:\/\/compuviper.mx\/tienda\/producto\/qnap-ts-435xeu-4g-us-nas-4bahias-sata3-5-rack-tiro-corto-marvell-arm-4nucleos-2-2ghz-4gb-ram-ddr4-2-5-gbe2-10gbe-spf2-m-22-usb-2-02-usb-3-22-hot-swap-no-incluye-discos\/\" \/>\n<meta property=\"og:site_name\" content=\"Compuviper\" \/>\n<meta property=\"article:publisher\" content=\"https:\/\/www.facebook.com\/compuviper\" \/>\n<meta property=\"article:modified_time\" content=\"2026-04-25T07:50:58+00:00\" \/>\n<meta property=\"og:image\" content=\"https:\/\/compuviper.mx\/tienda\/wp-content\/uploads\/2025\/10\/Nas-qnap-ts-435xeu-4g-us-4bahias-sata3.5-rack-tiro-corto-marvell-arm-4nucleos-2.2ghz-4gb-ram-ddr4-2.5-gbe2-10gbe-spf2-m.22-usb-2.02-usb-3.22-hot-swap-no-incluye-discos.jpg\" \/>\n\t<meta property=\"og:image:width\" content=\"200\" \/>\n\t<meta property=\"og:image:height\" content=\"200\" \/>\n\t<meta property=\"og:image:type\" content=\"image\/jpeg\" \/>\n<meta name=\"twitter:card\" content=\"summary_large_image\" \/>\n<meta name=\"twitter:label1\" content=\"Precio\" \/>\n\t<meta name=\"twitter:data1\" content=\"&#36;13,027 con IVA\" \/>\n\t<meta name=\"twitter:label2\" content=\"Availability\" \/>\n\t<meta name=\"twitter:data2\" content=\"On backorder\" \/>\n<script type=\"application\/ld+json\" class=\"yoast-schema-graph\">{\"@context\":\"https:\/\/schema.org\",\"@graph\":[{\"@type\":\"WebPage\",\"@id\":\"https:\/\/compuviper.mx\/tienda\/producto\/qnap-ts-435xeu-4g-us-nas-4bahias-sata3-5-rack-tiro-corto-marvell-arm-4nucleos-2-2ghz-4gb-ram-ddr4-2-5-gbe2-10gbe-spf2-m-22-usb-2-02-usb-3-22-hot-swap-no-incluye-discos\/\",\"url\":\"https:\/\/compuviper.mx\/tienda\/producto\/qnap-ts-435xeu-4g-us-nas-4bahias-sata3-5-rack-tiro-corto-marvell-arm-4nucleos-2-2ghz-4gb-ram-ddr4-2-5-gbe2-10gbe-spf2-m-22-usb-2-02-usb-3-22-hot-swap-no-incluye-discos\/\",\"name\":\"[ Qnap ] &#129351; Ts-435xeu-4g-us Nas \/ 4bahias Sata3.5\/ Rack Tiro Corto \/ Marvell Arm 4nucleos 2.2ghz \/ 4gb Ram Ddr4 \/ 2.5 Gbe2 \/ 10gbe Spf2 \/ M.22 Usb 2.02 \/ Usb 3.22 \/ Hot Swap \/ No Incluye Discos\",\"isPartOf\":{\"@id\":\"https:\/\/compuviper.mx\/tienda\/#website\"},\"datePublished\":\"2026-04-25T07:50:57+00:00\",\"dateModified\":\"2026-04-25T07:50:58+00:00\",\"description\":\"Compra Ts-435xeu-4g-us Nas \/ 4bahias Sata3.5\/ Rack Tiro Corto \/ Marvell Arm 4nucleos 2.2ghz \/ 4gb Ram Ddr4 \/ 2.5 Gbe2 \/ 10gbe Spf2 \/ M.22 Usb 2.02 \/ Usb 3.22 \/ Hot Swap \/ No Incluye Discos + Env\u00edo a domicilio + Pago seguro + Garant\u00eda\",\"breadcrumb\":{\"@id\":\"https:\/\/compuviper.mx\/tienda\/producto\/qnap-ts-435xeu-4g-us-nas-4bahias-sata3-5-rack-tiro-corto-marvell-arm-4nucleos-2-2ghz-4gb-ram-ddr4-2-5-gbe2-10gbe-spf2-m-22-usb-2-02-usb-3-22-hot-swap-no-incluye-discos\/#breadcrumb\"},\"inLanguage\":\"es-MX\",\"potentialAction\":[{\"@type\":\"ReadAction\",\"target\":[\"https:\/\/compuviper.mx\/tienda\/producto\/qnap-ts-435xeu-4g-us-nas-4bahias-sata3-5-rack-tiro-corto-marvell-arm-4nucleos-2-2ghz-4gb-ram-ddr4-2-5-gbe2-10gbe-spf2-m-22-usb-2-02-usb-3-22-hot-swap-no-incluye-discos\/\"]}]},{\"@type\":\"BreadcrumbList\",\"@id\":\"https:\/\/compuviper.mx\/tienda\/producto\/qnap-ts-435xeu-4g-us-nas-4bahias-sata3-5-rack-tiro-corto-marvell-arm-4nucleos-2-2ghz-4gb-ram-ddr4-2-5-gbe2-10gbe-spf2-m-22-usb-2-02-usb-3-22-hot-swap-no-incluye-discos\/#breadcrumb\",\"itemListElement\":[{\"@type\":\"ListItem\",\"position\":1,\"name\":\"Inicio\",\"item\":\"https:\/\/compuviper.mx\/tienda\/\"},{\"@type\":\"ListItem\",\"position\":2,\"name\":\"Productos\",\"item\":\"https:\/\/compuviper.mx\/tienda\/productos\/\"},{\"@type\":\"ListItem\",\"position\":3,\"name\":\"Almacenamiento\",\"item\":\"https:\/\/compuviper.mx\/tienda\/categoria-producto\/almacenamiento\/\"},{\"@type\":\"ListItem\",\"position\":4,\"name\":\"Sistema De Almacenamiento\",\"item\":\"https:\/\/compuviper.mx\/tienda\/categoria-producto\/almacenamiento\/sistema-de-almacenamiento\/\"},{\"@type\":\"ListItem\",\"position\":5,\"name\":\"Qnap Ts-435xeu-4g-us Nas \/ 4bahias Sata3.5\/ Rack Tiro Corto \/ Marvell Arm 4nucleos 2.2ghz \/ 4gb Ram Ddr4 \/ 2.5 Gbe2 \/ 10gbe Spf2 \/ M.22 Usb 2.02 \/ Usb 3.22 \/ Hot Swap \/ No Incluye Discos\"}]},{\"@type\":\"WebSite\",\"@id\":\"https:\/\/compuviper.mx\/tienda\/#website\",\"url\":\"https:\/\/compuviper.mx\/tienda\/\",\"name\":\"Compuviper\",\"description\":\"Proveedor de Computadoras, Laptops, Servidores, Monitores, Puntos de Venta, Teclados,   Impresoras, T\u00f3ner, C\u00e1maras de Seguridad y m\u00e1s en tu tienda en l\u00ednea\",\"publisher\":{\"@id\":\"https:\/\/compuviper.mx\/tienda\/#organization\"},\"potentialAction\":[{\"@type\":\"SearchAction\",\"target\":{\"@type\":\"EntryPoint\",\"urlTemplate\":\"https:\/\/compuviper.mx\/tienda\/?s={search_term_string}\"},\"query-input\":\"required name=search_term_string\"}],\"inLanguage\":\"es-MX\"},{\"@type\":\"Organization\",\"@id\":\"https:\/\/compuviper.mx\/tienda\/#organization\",\"name\":\"Compuviper\",\"url\":\"https:\/\/compuviper.mx\/tienda\/\",\"logo\":{\"@type\":\"ImageObject\",\"inLanguage\":\"es-MX\",\"@id\":\"https:\/\/compuviper.mx\/tienda\/#\/schema\/logo\/image\/\",\"url\":\"https:\/\/compuviper.mx\/tienda\/wp-content\/uploads\/2021\/08\/Logo-Compuviper-10.png\",\"contentUrl\":\"https:\/\/compuviper.mx\/tienda\/wp-content\/uploads\/2021\/08\/Logo-Compuviper-10.png\",\"width\":1000,\"height\":500,\"caption\":\"Compuviper\"},\"image\":{\"@id\":\"https:\/\/compuviper.mx\/tienda\/#\/schema\/logo\/image\/\"},\"sameAs\":[\"https:\/\/www.facebook.com\/compuviper\",\"https:\/\/www.youtube.com\/channel\/UCf73dERp9Y3cfOq7q8BhLjA?view_as=subscriber\"]}]}<\/script>\n<meta property=\"product:brand\" content=\"Qnap\" \/>\n<meta property=\"product:price:amount\" content=\"13027\" \/>\n<meta property=\"product:price:currency\" content=\"MXN\" \/>\n<meta property=\"og:availability\" content=\"backorder\" \/>\n<meta property=\"product:availability\" content=\"available for order\" \/>\n<meta property=\"product:retailer_item_id\" content=\"TS-435XEU-4G-US\" \/>\n<meta property=\"product:condition\" content=\"new\" \/>\n<!-- \/ Yoast SEO plugin. -->","yoast_head_json":{"title":"[ Qnap ] &#129351; Ts-435xeu-4g-us Nas \/ 4bahias Sata3.5\/ Rack Tiro Corto \/ Marvell Arm 4nucleos 2.2ghz \/ 4gb Ram Ddr4 \/ 2.5 Gbe2 \/ 10gbe Spf2 \/ M.22 Usb 2.02 \/ Usb 3.22 \/ Hot Swap \/ No Incluye Discos","description":"Compra Ts-435xeu-4g-us Nas \/ 4bahias Sata3.5\/ Rack Tiro Corto \/ Marvell Arm 4nucleos 2.2ghz \/ 4gb Ram Ddr4 \/ 2.5 Gbe2 \/ 10gbe Spf2 \/ M.22 Usb 2.02 \/ Usb 3.22 \/ Hot Swap \/ No Incluye Discos + Env\u00edo a domicilio + Pago seguro + Garant\u00eda","robots":{"index":"index","follow":"follow","max-snippet":"max-snippet:-1","max-image-preview":"max-image-preview:large","max-video-preview":"max-video-preview:-1"},"canonical":"https:\/\/compuviper.mx\/tienda\/producto\/qnap-ts-435xeu-4g-us-nas-4bahias-sata3-5-rack-tiro-corto-marvell-arm-4nucleos-2-2ghz-4gb-ram-ddr4-2-5-gbe2-10gbe-spf2-m-22-usb-2-02-usb-3-22-hot-swap-no-incluye-discos\/","og_locale":"es_MX","og_type":"article","og_title":"[ Qnap ] &#129351; Ts-435xeu-4g-us Nas \/ 4bahias Sata3.5\/ Rack Tiro Corto \/ Marvell Arm 4nucleos 2.2ghz \/ 4gb Ram Ddr4 \/ 2.5 Gbe2 \/ 10gbe Spf2 \/ M.22 Usb 2.02 \/ Usb 3.22 \/ Hot Swap \/ No Incluye Discos","og_description":"Compra Ts-435xeu-4g-us Nas \/ 4bahias Sata3.5\/ Rack Tiro Corto \/ Marvell Arm 4nucleos 2.2ghz \/ 4gb Ram Ddr4 \/ 2.5 Gbe2 \/ 10gbe Spf2 \/ M.22 Usb 2.02 \/ Usb 3.22 \/ Hot Swap \/ No Incluye Discos + Env\u00edo a domicilio + Pago seguro + Garant\u00eda","og_url":"https:\/\/compuviper.mx\/tienda\/producto\/qnap-ts-435xeu-4g-us-nas-4bahias-sata3-5-rack-tiro-corto-marvell-arm-4nucleos-2-2ghz-4gb-ram-ddr4-2-5-gbe2-10gbe-spf2-m-22-usb-2-02-usb-3-22-hot-swap-no-incluye-discos\/","og_site_name":"Compuviper","article_publisher":"https:\/\/www.facebook.com\/compuviper","article_modified_time":"2026-04-25T07:50:58+00:00","og_image":[{"width":200,"height":200,"url":"https:\/\/compuviper.mx\/tienda\/wp-content\/uploads\/2025\/10\/Nas-qnap-ts-435xeu-4g-us-4bahias-sata3.5-rack-tiro-corto-marvell-arm-4nucleos-2.2ghz-4gb-ram-ddr4-2.5-gbe2-10gbe-spf2-m.22-usb-2.02-usb-3.22-hot-swap-no-incluye-discos.jpg","type":"image\/jpeg"}],"twitter_card":"summary_large_image","twitter_misc":{"Precio":"&#36;13,027 con IVA","Availability":"On backorder"},"schema":{"@context":"https:\/\/schema.org","@graph":[{"@type":"WebPage","@id":"https:\/\/compuviper.mx\/tienda\/producto\/qnap-ts-435xeu-4g-us-nas-4bahias-sata3-5-rack-tiro-corto-marvell-arm-4nucleos-2-2ghz-4gb-ram-ddr4-2-5-gbe2-10gbe-spf2-m-22-usb-2-02-usb-3-22-hot-swap-no-incluye-discos\/","url":"https:\/\/compuviper.mx\/tienda\/producto\/qnap-ts-435xeu-4g-us-nas-4bahias-sata3-5-rack-tiro-corto-marvell-arm-4nucleos-2-2ghz-4gb-ram-ddr4-2-5-gbe2-10gbe-spf2-m-22-usb-2-02-usb-3-22-hot-swap-no-incluye-discos\/","name":"[ Qnap ] &#129351; Ts-435xeu-4g-us Nas \/ 4bahias Sata3.5\/ Rack Tiro Corto \/ Marvell Arm 4nucleos 2.2ghz \/ 4gb Ram Ddr4 \/ 2.5 Gbe2 \/ 10gbe Spf2 \/ M.22 Usb 2.02 \/ Usb 3.22 \/ Hot Swap \/ No Incluye Discos","isPartOf":{"@id":"https:\/\/compuviper.mx\/tienda\/#website"},"datePublished":"2026-04-25T07:50:57+00:00","dateModified":"2026-04-25T07:50:58+00:00","description":"Compra Ts-435xeu-4g-us Nas \/ 4bahias Sata3.5\/ Rack Tiro Corto \/ Marvell Arm 4nucleos 2.2ghz \/ 4gb Ram Ddr4 \/ 2.5 Gbe2 \/ 10gbe Spf2 \/ M.22 Usb 2.02 \/ Usb 3.22 \/ Hot Swap \/ No Incluye Discos + Env\u00edo a domicilio + Pago seguro + Garant\u00eda","breadcrumb":{"@id":"https:\/\/compuviper.mx\/tienda\/producto\/qnap-ts-435xeu-4g-us-nas-4bahias-sata3-5-rack-tiro-corto-marvell-arm-4nucleos-2-2ghz-4gb-ram-ddr4-2-5-gbe2-10gbe-spf2-m-22-usb-2-02-usb-3-22-hot-swap-no-incluye-discos\/#breadcrumb"},"inLanguage":"es-MX","potentialAction":[{"@type":"ReadAction","target":["https:\/\/compuviper.mx\/tienda\/producto\/qnap-ts-435xeu-4g-us-nas-4bahias-sata3-5-rack-tiro-corto-marvell-arm-4nucleos-2-2ghz-4gb-ram-ddr4-2-5-gbe2-10gbe-spf2-m-22-usb-2-02-usb-3-22-hot-swap-no-incluye-discos\/"]}]},{"@type":"BreadcrumbList","@id":"https:\/\/compuviper.mx\/tienda\/producto\/qnap-ts-435xeu-4g-us-nas-4bahias-sata3-5-rack-tiro-corto-marvell-arm-4nucleos-2-2ghz-4gb-ram-ddr4-2-5-gbe2-10gbe-spf2-m-22-usb-2-02-usb-3-22-hot-swap-no-incluye-discos\/#breadcrumb","itemListElement":[{"@type":"ListItem","position":1,"name":"Inicio","item":"https:\/\/compuviper.mx\/tienda\/"},{"@type":"ListItem","position":2,"name":"Productos","item":"https:\/\/compuviper.mx\/tienda\/productos\/"},{"@type":"ListItem","position":3,"name":"Almacenamiento","item":"https:\/\/compuviper.mx\/tienda\/categoria-producto\/almacenamiento\/"},{"@type":"ListItem","position":4,"name":"Sistema De Almacenamiento","item":"https:\/\/compuviper.mx\/tienda\/categoria-producto\/almacenamiento\/sistema-de-almacenamiento\/"},{"@type":"ListItem","position":5,"name":"Qnap Ts-435xeu-4g-us Nas \/ 4bahias Sata3.5\/ Rack Tiro Corto \/ Marvell Arm 4nucleos 2.2ghz \/ 4gb Ram Ddr4 \/ 2.5 Gbe2 \/ 10gbe Spf2 \/ M.22 Usb 2.02 \/ Usb 3.22 \/ Hot Swap \/ No Incluye Discos"}]},{"@type":"WebSite","@id":"https:\/\/compuviper.mx\/tienda\/#website","url":"https:\/\/compuviper.mx\/tienda\/","name":"Compuviper","description":"Proveedor de Computadoras, Laptops, Servidores, Monitores, Puntos de Venta, Teclados,   Impresoras, T\u00f3ner, C\u00e1maras de Seguridad y m\u00e1s en tu tienda en l\u00ednea","publisher":{"@id":"https:\/\/compuviper.mx\/tienda\/#organization"},"potentialAction":[{"@type":"SearchAction","target":{"@type":"EntryPoint","urlTemplate":"https:\/\/compuviper.mx\/tienda\/?s={search_term_string}"},"query-input":"required name=search_term_string"}],"inLanguage":"es-MX"},{"@type":"Organization","@id":"https:\/\/compuviper.mx\/tienda\/#organization","name":"Compuviper","url":"https:\/\/compuviper.mx\/tienda\/","logo":{"@type":"ImageObject","inLanguage":"es-MX","@id":"https:\/\/compuviper.mx\/tienda\/#\/schema\/logo\/image\/","url":"https:\/\/compuviper.mx\/tienda\/wp-content\/uploads\/2021\/08\/Logo-Compuviper-10.png","contentUrl":"https:\/\/compuviper.mx\/tienda\/wp-content\/uploads\/2021\/08\/Logo-Compuviper-10.png","width":1000,"height":500,"caption":"Compuviper"},"image":{"@id":"https:\/\/compuviper.mx\/tienda\/#\/schema\/logo\/image\/"},"sameAs":["https:\/\/www.facebook.com\/compuviper","https:\/\/www.youtube.com\/channel\/UCf73dERp9Y3cfOq7q8BhLjA?view_as=subscriber"]}]},"product_brand":"Qnap","product_price_amount":"13027","product_price_currency":"MXN","og_availability":"backorder","product_availability":"available for order","product_retailer_item_id":"TS-435XEU-4G-US","product_condition":"new"},"_links":{"self":[{"href":"https:\/\/compuviper.mx\/tienda\/wp-json\/wp\/v2\/product\/241786"}],"collection":[{"href":"https:\/\/compuviper.mx\/tienda\/wp-json\/wp\/v2\/product"}],"about":[{"href":"https:\/\/compuviper.mx\/tienda\/wp-json\/wp\/v2\/types\/product"}],"replies":[{"embeddable":true,"href":"https:\/\/compuviper.mx\/tienda\/wp-json\/wp\/v2\/comments?post=241786"}],"wp:featuredmedia":[{"embeddable":true,"href":"https:\/\/compuviper.mx\/tienda\/wp-json\/wp\/v2\/media\/260758"}],"wp:attachment":[{"href":"https:\/\/compuviper.mx\/tienda\/wp-json\/wp\/v2\/media?parent=241786"}],"wp:term":[{"taxonomy":"product_cat","embeddable":true,"href":"https:\/\/compuviper.mx\/tienda\/wp-json\/wp\/v2\/product_cat?post=241786"},{"taxonomy":"product_tag","embeddable":true,"href":"https:\/\/compuviper.mx\/tienda\/wp-json\/wp\/v2\/product_tag?post=241786"}],"curies":[{"name":"wp","href":"https:\/\/api.w.org\/{rel}","templated":true}]}}