{"id":241668,"date":"2026-04-02T02:06:40","date_gmt":"2026-04-02T08:06:40","guid":{"rendered":"https:\/\/compuviper.mx\/tienda\/producto\/poly-767f7aa-diadema-hp-blackwire-c3310-alambrica-monoaural-usb-a-usb-c-reduccion-de-ruido-con-microfono-control-en-el-cable-color-negro-con-naranja\/"},"modified":"2026-04-02T02:06:41","modified_gmt":"2026-04-02T08:06:41","slug":"poly-8x215aa-diadema-hp-blackwire-c3310-alambrica-monoaural-usb-a-usb-c-reduccion-de-ruido-con-microfono-control-en-el-cable-color-negro-con-naranja","status":"publish","type":"product","link":"https:\/\/compuviper.mx\/tienda\/producto\/poly-8x215aa-diadema-hp-blackwire-c3310-alambrica-monoaural-usb-a-usb-c-reduccion-de-ruido-con-microfono-control-en-el-cable-color-negro-con-naranja\/","title":{"rendered":"Poly 8x215aa Diadema Hp   Blackwire C3310\/ Alambrica Monoaural Usb-a Usb-c Reduccion De Ruido Con Microfono Control En El Cable Color Negro Con Naranja"},"content":{"rendered":"<table class=\"descripcion\">\n<tr>\n<td>Pc mediante usb-a\/usb-c y dispositivos que admiten usb-c\u00ae<\/td>\n<\/tr>\n<tr>\n<td>Monoaural con uso sobre la cabeza<\/td>\n<\/tr>\n<tr>\n<td>Windows\u00ae o mac os<\/td>\n<\/tr>\n<tr>\n<td>Micr\u00f3fono flexible con cancelaci\u00f3n de ruido, ecualizaci\u00f3n din\u00e1mica optimizada para telefon\u00eda de voz de banda ancha para pc de hasta 6,8 khz o para multimedia desde 20 hz hasta 20 khz<\/td>\n<\/tr>\n<\/table>\n","protected":false},"excerpt":{"rendered":"<p>Dise\u00f1o elegante y audio de calidad profesional en unos auriculares de precio moderado. Con\u00e9ctate de forma r\u00e1pida y f\u00e1cil. Totalmente listos para conectar y usar con dispositivos usb, para que puedas atender llamadas en la oficina o fuera de ella. Dise\u00f1o elegante y audio de calidad profesional en unos auriculares de precio moderado. Con\u00e9ctate de forma r\u00e1pida y f\u00e1cil. Totalmente listos para conectar y usar con dispositivos usb, para que puedas atender llamadas en la oficina o fuera de ella. Obt\u00e9n auriculares adecuados para todas las personas. Accesibles, de r\u00e1pida implementaci\u00f3n y listos para empresas: una inversi\u00f3n inteligente para todos.<\/p>\n","protected":false},"featured_media":243508,"comment_status":"open","ping_status":"open","template":"","meta":[],"product_cat":[1552,1816],"product_tag":[2035],"acf":[],"yoast_head":"<!-- This site is optimized with the Yoast SEO plugin v21.7 - https:\/\/yoast.com\/wordpress\/plugins\/seo\/ -->\n<title>[ Poly ] &#129351; 8x215aa Diadema Hp Blackwire C3310\/ Alambrica Monoaural Usb-a Usb-c Reduccion De Ruido Con Microfono Control En El Cable Color Negro Con Naranja<\/title>\n<meta name=\"description\" content=\"Compra 8x215aa Diadema Hp Blackwire C3310\/ Alambrica Monoaural Usb-a Usb-c Reduccion De Ruido Con Microfono Control En El Cable Color Negro Con Naranja + Env\u00edo a domicilio + Pago seguro + Garant\u00eda\" \/>\n<meta name=\"robots\" content=\"index, follow, max-snippet:-1, max-image-preview:large, max-video-preview:-1\" \/>\n<link rel=\"canonical\" href=\"https:\/\/compuviper.mx\/tienda\/producto\/poly-8x215aa-diadema-hp-blackwire-c3310-alambrica-monoaural-usb-a-usb-c-reduccion-de-ruido-con-microfono-control-en-el-cable-color-negro-con-naranja\/\" \/>\n<meta property=\"og:locale\" content=\"es_MX\" \/>\n<meta property=\"og:type\" content=\"article\" \/>\n<meta property=\"og:title\" content=\"[ Poly ] &#129351; 8x215aa Diadema Hp Blackwire C3310\/ Alambrica Monoaural Usb-a Usb-c Reduccion De Ruido Con Microfono Control En El Cable Color Negro Con Naranja\" \/>\n<meta property=\"og:description\" content=\"Compra 8x215aa Diadema Hp Blackwire C3310\/ Alambrica Monoaural Usb-a Usb-c Reduccion De Ruido Con Microfono Control En El Cable Color Negro Con Naranja + Env\u00edo a domicilio + Pago seguro + Garant\u00eda\" \/>\n<meta property=\"og:url\" content=\"https:\/\/compuviper.mx\/tienda\/producto\/poly-8x215aa-diadema-hp-blackwire-c3310-alambrica-monoaural-usb-a-usb-c-reduccion-de-ruido-con-microfono-control-en-el-cable-color-negro-con-naranja\/\" \/>\n<meta property=\"og:site_name\" content=\"Compuviper\" \/>\n<meta property=\"article:publisher\" content=\"https:\/\/www.facebook.com\/compuviper\" \/>\n<meta property=\"article:modified_time\" content=\"2026-04-02T08:06:41+00:00\" \/>\n<meta property=\"og:image\" content=\"https:\/\/compuviper.mx\/tienda\/wp-content\/uploads\/2024\/09\/Diadema-hp-poly-767f7aa-blackwire-c3310-alambrica-monoaural-usb-a-usb-c-reduccion-de-ruido-con-microfono-control-en-el-cable-color-negro-con-naranja.jpg\" \/>\n\t<meta property=\"og:image:width\" content=\"200\" \/>\n\t<meta property=\"og:image:height\" content=\"200\" \/>\n\t<meta property=\"og:image:type\" content=\"image\/jpeg\" \/>\n<meta name=\"twitter:card\" content=\"summary_large_image\" \/>\n<meta name=\"twitter:label1\" content=\"Precio\" \/>\n\t<meta name=\"twitter:data1\" content=\"&#36;976 con IVA\" \/>\n\t<meta name=\"twitter:label2\" content=\"Availability\" \/>\n\t<meta name=\"twitter:data2\" content=\"On backorder\" \/>\n<script type=\"application\/ld+json\" class=\"yoast-schema-graph\">{\"@context\":\"https:\/\/schema.org\",\"@graph\":[{\"@type\":\"WebPage\",\"@id\":\"https:\/\/compuviper.mx\/tienda\/producto\/poly-8x215aa-diadema-hp-blackwire-c3310-alambrica-monoaural-usb-a-usb-c-reduccion-de-ruido-con-microfono-control-en-el-cable-color-negro-con-naranja\/\",\"url\":\"https:\/\/compuviper.mx\/tienda\/producto\/poly-8x215aa-diadema-hp-blackwire-c3310-alambrica-monoaural-usb-a-usb-c-reduccion-de-ruido-con-microfono-control-en-el-cable-color-negro-con-naranja\/\",\"name\":\"[ Poly ] &#129351; 8x215aa Diadema Hp Blackwire C3310\/ Alambrica Monoaural Usb-a Usb-c Reduccion De Ruido Con Microfono Control En El Cable Color Negro Con Naranja\",\"isPartOf\":{\"@id\":\"https:\/\/compuviper.mx\/tienda\/#website\"},\"datePublished\":\"2026-04-02T08:06:40+00:00\",\"dateModified\":\"2026-04-02T08:06:41+00:00\",\"description\":\"Compra 8x215aa Diadema Hp Blackwire C3310\/ Alambrica Monoaural Usb-a Usb-c Reduccion De Ruido Con Microfono Control En El Cable Color Negro Con Naranja + Env\u00edo a domicilio + Pago seguro + Garant\u00eda\",\"breadcrumb\":{\"@id\":\"https:\/\/compuviper.mx\/tienda\/producto\/poly-8x215aa-diadema-hp-blackwire-c3310-alambrica-monoaural-usb-a-usb-c-reduccion-de-ruido-con-microfono-control-en-el-cable-color-negro-con-naranja\/#breadcrumb\"},\"inLanguage\":\"es-MX\",\"potentialAction\":[{\"@type\":\"ReadAction\",\"target\":[\"https:\/\/compuviper.mx\/tienda\/producto\/poly-8x215aa-diadema-hp-blackwire-c3310-alambrica-monoaural-usb-a-usb-c-reduccion-de-ruido-con-microfono-control-en-el-cable-color-negro-con-naranja\/\"]}]},{\"@type\":\"BreadcrumbList\",\"@id\":\"https:\/\/compuviper.mx\/tienda\/producto\/poly-8x215aa-diadema-hp-blackwire-c3310-alambrica-monoaural-usb-a-usb-c-reduccion-de-ruido-con-microfono-control-en-el-cable-color-negro-con-naranja\/#breadcrumb\",\"itemListElement\":[{\"@type\":\"ListItem\",\"position\":1,\"name\":\"Inicio\",\"item\":\"https:\/\/compuviper.mx\/tienda\/\"},{\"@type\":\"ListItem\",\"position\":2,\"name\":\"Productos\",\"item\":\"https:\/\/compuviper.mx\/tienda\/productos\/\"},{\"@type\":\"ListItem\",\"position\":3,\"name\":\"Audifonos Y Micro\",\"item\":\"https:\/\/compuviper.mx\/tienda\/categoria-producto\/audifonos-y-micro\/\"},{\"@type\":\"ListItem\",\"position\":4,\"name\":\"Audifono Con Microfono\",\"item\":\"https:\/\/compuviper.mx\/tienda\/categoria-producto\/audifonos-y-micro\/audifono-con-microfono\/\"},{\"@type\":\"ListItem\",\"position\":5,\"name\":\"Poly 8x215aa Diadema Hp Blackwire C3310\/ Alambrica Monoaural Usb-a Usb-c Reduccion De Ruido Con Microfono Control En El Cable Color Negro Con Naranja\"}]},{\"@type\":\"WebSite\",\"@id\":\"https:\/\/compuviper.mx\/tienda\/#website\",\"url\":\"https:\/\/compuviper.mx\/tienda\/\",\"name\":\"Compuviper\",\"description\":\"Proveedor de Computadoras, Laptops, Servidores, Monitores, Puntos de Venta, Teclados,   Impresoras, T\u00f3ner, C\u00e1maras de Seguridad y m\u00e1s en tu tienda en l\u00ednea\",\"publisher\":{\"@id\":\"https:\/\/compuviper.mx\/tienda\/#organization\"},\"potentialAction\":[{\"@type\":\"SearchAction\",\"target\":{\"@type\":\"EntryPoint\",\"urlTemplate\":\"https:\/\/compuviper.mx\/tienda\/?s={search_term_string}\"},\"query-input\":\"required name=search_term_string\"}],\"inLanguage\":\"es-MX\"},{\"@type\":\"Organization\",\"@id\":\"https:\/\/compuviper.mx\/tienda\/#organization\",\"name\":\"Compuviper\",\"url\":\"https:\/\/compuviper.mx\/tienda\/\",\"logo\":{\"@type\":\"ImageObject\",\"inLanguage\":\"es-MX\",\"@id\":\"https:\/\/compuviper.mx\/tienda\/#\/schema\/logo\/image\/\",\"url\":\"https:\/\/compuviper.mx\/tienda\/wp-content\/uploads\/2021\/08\/Logo-Compuviper-10.png\",\"contentUrl\":\"https:\/\/compuviper.mx\/tienda\/wp-content\/uploads\/2021\/08\/Logo-Compuviper-10.png\",\"width\":1000,\"height\":500,\"caption\":\"Compuviper\"},\"image\":{\"@id\":\"https:\/\/compuviper.mx\/tienda\/#\/schema\/logo\/image\/\"},\"sameAs\":[\"https:\/\/www.facebook.com\/compuviper\",\"https:\/\/www.youtube.com\/channel\/UCf73dERp9Y3cfOq7q8BhLjA?view_as=subscriber\"]}]}<\/script>\n<meta property=\"product:brand\" content=\"POLY\" \/>\n<meta property=\"product:price:amount\" content=\"976\" \/>\n<meta property=\"product:price:currency\" content=\"MXN\" \/>\n<meta property=\"og:availability\" content=\"backorder\" \/>\n<meta property=\"product:availability\" content=\"available for order\" \/>\n<meta property=\"product:retailer_item_id\" content=\"8X215AA\" \/>\n<meta property=\"product:condition\" content=\"new\" \/>\n<!-- \/ Yoast SEO plugin. -->","yoast_head_json":{"title":"[ Poly ] &#129351; 8x215aa Diadema Hp Blackwire C3310\/ Alambrica Monoaural Usb-a Usb-c Reduccion De Ruido Con Microfono Control En El Cable Color Negro Con Naranja","description":"Compra 8x215aa Diadema Hp Blackwire C3310\/ Alambrica Monoaural Usb-a Usb-c Reduccion De Ruido Con Microfono Control En El Cable Color Negro Con Naranja + Env\u00edo a domicilio + Pago seguro + Garant\u00eda","robots":{"index":"index","follow":"follow","max-snippet":"max-snippet:-1","max-image-preview":"max-image-preview:large","max-video-preview":"max-video-preview:-1"},"canonical":"https:\/\/compuviper.mx\/tienda\/producto\/poly-8x215aa-diadema-hp-blackwire-c3310-alambrica-monoaural-usb-a-usb-c-reduccion-de-ruido-con-microfono-control-en-el-cable-color-negro-con-naranja\/","og_locale":"es_MX","og_type":"article","og_title":"[ Poly ] &#129351; 8x215aa Diadema Hp Blackwire C3310\/ Alambrica Monoaural Usb-a Usb-c Reduccion De Ruido Con Microfono Control En El Cable Color Negro Con Naranja","og_description":"Compra 8x215aa Diadema Hp Blackwire C3310\/ Alambrica Monoaural Usb-a Usb-c Reduccion De Ruido Con Microfono Control En El Cable Color Negro Con Naranja + Env\u00edo a domicilio + Pago seguro + Garant\u00eda","og_url":"https:\/\/compuviper.mx\/tienda\/producto\/poly-8x215aa-diadema-hp-blackwire-c3310-alambrica-monoaural-usb-a-usb-c-reduccion-de-ruido-con-microfono-control-en-el-cable-color-negro-con-naranja\/","og_site_name":"Compuviper","article_publisher":"https:\/\/www.facebook.com\/compuviper","article_modified_time":"2026-04-02T08:06:41+00:00","og_image":[{"width":200,"height":200,"url":"https:\/\/compuviper.mx\/tienda\/wp-content\/uploads\/2024\/09\/Diadema-hp-poly-767f7aa-blackwire-c3310-alambrica-monoaural-usb-a-usb-c-reduccion-de-ruido-con-microfono-control-en-el-cable-color-negro-con-naranja.jpg","type":"image\/jpeg"}],"twitter_card":"summary_large_image","twitter_misc":{"Precio":"&#36;976 con IVA","Availability":"On backorder"},"schema":{"@context":"https:\/\/schema.org","@graph":[{"@type":"WebPage","@id":"https:\/\/compuviper.mx\/tienda\/producto\/poly-8x215aa-diadema-hp-blackwire-c3310-alambrica-monoaural-usb-a-usb-c-reduccion-de-ruido-con-microfono-control-en-el-cable-color-negro-con-naranja\/","url":"https:\/\/compuviper.mx\/tienda\/producto\/poly-8x215aa-diadema-hp-blackwire-c3310-alambrica-monoaural-usb-a-usb-c-reduccion-de-ruido-con-microfono-control-en-el-cable-color-negro-con-naranja\/","name":"[ Poly ] &#129351; 8x215aa Diadema Hp Blackwire C3310\/ Alambrica Monoaural Usb-a Usb-c Reduccion De Ruido Con Microfono Control En El Cable Color Negro Con Naranja","isPartOf":{"@id":"https:\/\/compuviper.mx\/tienda\/#website"},"datePublished":"2026-04-02T08:06:40+00:00","dateModified":"2026-04-02T08:06:41+00:00","description":"Compra 8x215aa Diadema Hp Blackwire C3310\/ Alambrica Monoaural Usb-a Usb-c Reduccion De Ruido Con Microfono Control En El Cable Color Negro Con Naranja + Env\u00edo a domicilio + Pago seguro + Garant\u00eda","breadcrumb":{"@id":"https:\/\/compuviper.mx\/tienda\/producto\/poly-8x215aa-diadema-hp-blackwire-c3310-alambrica-monoaural-usb-a-usb-c-reduccion-de-ruido-con-microfono-control-en-el-cable-color-negro-con-naranja\/#breadcrumb"},"inLanguage":"es-MX","potentialAction":[{"@type":"ReadAction","target":["https:\/\/compuviper.mx\/tienda\/producto\/poly-8x215aa-diadema-hp-blackwire-c3310-alambrica-monoaural-usb-a-usb-c-reduccion-de-ruido-con-microfono-control-en-el-cable-color-negro-con-naranja\/"]}]},{"@type":"BreadcrumbList","@id":"https:\/\/compuviper.mx\/tienda\/producto\/poly-8x215aa-diadema-hp-blackwire-c3310-alambrica-monoaural-usb-a-usb-c-reduccion-de-ruido-con-microfono-control-en-el-cable-color-negro-con-naranja\/#breadcrumb","itemListElement":[{"@type":"ListItem","position":1,"name":"Inicio","item":"https:\/\/compuviper.mx\/tienda\/"},{"@type":"ListItem","position":2,"name":"Productos","item":"https:\/\/compuviper.mx\/tienda\/productos\/"},{"@type":"ListItem","position":3,"name":"Audifonos Y Micro","item":"https:\/\/compuviper.mx\/tienda\/categoria-producto\/audifonos-y-micro\/"},{"@type":"ListItem","position":4,"name":"Audifono Con Microfono","item":"https:\/\/compuviper.mx\/tienda\/categoria-producto\/audifonos-y-micro\/audifono-con-microfono\/"},{"@type":"ListItem","position":5,"name":"Poly 8x215aa Diadema Hp Blackwire C3310\/ Alambrica Monoaural Usb-a Usb-c Reduccion De Ruido Con Microfono Control En El Cable Color Negro Con Naranja"}]},{"@type":"WebSite","@id":"https:\/\/compuviper.mx\/tienda\/#website","url":"https:\/\/compuviper.mx\/tienda\/","name":"Compuviper","description":"Proveedor de Computadoras, Laptops, Servidores, Monitores, Puntos de Venta, Teclados,   Impresoras, T\u00f3ner, C\u00e1maras de Seguridad y m\u00e1s en tu tienda en l\u00ednea","publisher":{"@id":"https:\/\/compuviper.mx\/tienda\/#organization"},"potentialAction":[{"@type":"SearchAction","target":{"@type":"EntryPoint","urlTemplate":"https:\/\/compuviper.mx\/tienda\/?s={search_term_string}"},"query-input":"required name=search_term_string"}],"inLanguage":"es-MX"},{"@type":"Organization","@id":"https:\/\/compuviper.mx\/tienda\/#organization","name":"Compuviper","url":"https:\/\/compuviper.mx\/tienda\/","logo":{"@type":"ImageObject","inLanguage":"es-MX","@id":"https:\/\/compuviper.mx\/tienda\/#\/schema\/logo\/image\/","url":"https:\/\/compuviper.mx\/tienda\/wp-content\/uploads\/2021\/08\/Logo-Compuviper-10.png","contentUrl":"https:\/\/compuviper.mx\/tienda\/wp-content\/uploads\/2021\/08\/Logo-Compuviper-10.png","width":1000,"height":500,"caption":"Compuviper"},"image":{"@id":"https:\/\/compuviper.mx\/tienda\/#\/schema\/logo\/image\/"},"sameAs":["https:\/\/www.facebook.com\/compuviper","https:\/\/www.youtube.com\/channel\/UCf73dERp9Y3cfOq7q8BhLjA?view_as=subscriber"]}]},"product_brand":"POLY","product_price_amount":"976","product_price_currency":"MXN","og_availability":"backorder","product_availability":"available for order","product_retailer_item_id":"8X215AA","product_condition":"new"},"_links":{"self":[{"href":"https:\/\/compuviper.mx\/tienda\/wp-json\/wp\/v2\/product\/241668"}],"collection":[{"href":"https:\/\/compuviper.mx\/tienda\/wp-json\/wp\/v2\/product"}],"about":[{"href":"https:\/\/compuviper.mx\/tienda\/wp-json\/wp\/v2\/types\/product"}],"replies":[{"embeddable":true,"href":"https:\/\/compuviper.mx\/tienda\/wp-json\/wp\/v2\/comments?post=241668"}],"wp:featuredmedia":[{"embeddable":true,"href":"https:\/\/compuviper.mx\/tienda\/wp-json\/wp\/v2\/media\/243508"}],"wp:attachment":[{"href":"https:\/\/compuviper.mx\/tienda\/wp-json\/wp\/v2\/media?parent=241668"}],"wp:term":[{"taxonomy":"product_cat","embeddable":true,"href":"https:\/\/compuviper.mx\/tienda\/wp-json\/wp\/v2\/product_cat?post=241668"},{"taxonomy":"product_tag","embeddable":true,"href":"https:\/\/compuviper.mx\/tienda\/wp-json\/wp\/v2\/product_tag?post=241668"}],"curies":[{"name":"wp","href":"https:\/\/api.w.org\/{rel}","templated":true}]}}