{"id":241622,"date":"2026-04-02T00:50:22","date_gmt":"2026-04-02T06:50:22","guid":{"rendered":"https:\/\/compuviper.mx\/tienda\/producto\/benq-9h-f97tc-de1-monitor-de-sealizacion-digital-rp6504-65-uhd-4k-450-nits-android-13-0-8gbram-64bgrom-40-puntos-tactiles-18-7-garantia-3-aos\/"},"modified":"2026-04-02T00:50:22","modified_gmt":"2026-04-02T06:50:22","slug":"benq-9h-f97tc-de1-monitor-de-sealizacion-digital-rp6504-65-uhd-4k-450-nits-android-13-0-8gbram-64bgrom-40-puntos-tactiles-18-7-garantia-3-aos","status":"publish","type":"product","link":"https:\/\/compuviper.mx\/tienda\/producto\/benq-9h-f97tc-de1-monitor-de-sealizacion-digital-rp6504-65-uhd-4k-450-nits-android-13-0-8gbram-64bgrom-40-puntos-tactiles-18-7-garantia-3-aos\/","title":{"rendered":"Benq 9h.f97tc.de1 Monitor De Se?alizacion Digital  Rp6504 65 Uhd 4k 450 Nits Android 13.0 8gbram 64bgrom 40 Puntos Tactiles 18\/7 Garantia 3 A?os"},"content":{"rendered":"<table class=\"descripcion\">\n<tr>\n<td>Rp6504 benq board de 65<\/td>\n<\/tr>\n<tr>\n<td>Google certified para aplicaciones versatiles<\/td>\n<\/tr>\n<tr>\n<td>Google core service y parches de seguridad garantizados<\/td>\n<\/tr>\n<tr>\n<td>Sistema todo en uno integrado android 13.0<\/td>\n<\/tr>\n<tr>\n<td>Resolucion uhd microfono de matriz x8 y sensor nfc<\/td>\n<\/tr>\n<tr>\n<td>Procesador octa core a78 x4 mas a55 x4 8gb 64gb<\/td>\n<\/tr>\n<tr>\n<td>Benq ams dms integrado para una solucion de gestion completa<\/td>\n<\/tr>\n<tr>\n<td>Eye safe 2.0 rpf50 anti glare flicker free low blue light<\/td>\n<\/tr>\n<tr>\n<td>Classroomcare<\/td>\n<\/tr>\n<tr>\n<td>Especificaciones<\/td>\n<\/tr>\n<tr>\n<td>Panel<\/td>\n<\/tr>\n<tr>\n<td>Tamano de pantalla 65<\/td>\n<\/tr>\n<tr>\n<td>Fuente de iluminacion dled<\/td>\n<\/tr>\n<tr>\n<td>Tipo de panel ips<\/td>\n<\/tr>\n<tr>\n<td>Orientacion horizontal<\/td>\n<\/tr>\n<tr>\n<td>Operacion 18 horas 7 dias<\/td>\n<\/tr>\n<tr>\n<td>Resolucion uhd 3840 x 2160 pixeles<\/td>\n<\/tr>\n<tr>\n<td>Relacion de aspecto 16 9<\/td>\n<\/tr>\n<tr>\n<td>Brillo 450 nits<\/td>\n<\/tr>\n<tr>\n<td>Contraste nativo dinamico 1200 1 50000 1<\/td>\n<\/tr>\n<tr>\n<td>Tiempo de respuesta 8ms<\/td>\n<\/tr>\n<tr>\n<td>Frame rate cuadros por segundo 60hz<\/td>\n<\/tr>\n<tr>\n<td>Angulo de vision 178 h 178 v<\/td>\n<\/tr>\n<tr>\n<td>Proteccion del panel ag haze 25<\/td>\n<\/tr>\n<tr>\n<td>Gama de color 72 ntsc<\/td>\n<\/tr>\n<tr>\n<td>Profundidad de color bits 10 bit<\/td>\n<\/tr>\n<tr>\n<td>Vida de fuente de luz 50000 hrs<\/td>\n<\/tr>\n<tr>\n<td>Vidrio<\/td>\n<\/tr>\n<tr>\n<td>Grosor 3.2 mm<\/td>\n<\/tr>\n<tr>\n<td>Tecnologia resistente a los germenes plata nano ionica<\/td>\n<\/tr>\n<tr>\n<td>Recubrimiento si<\/td>\n<\/tr>\n<tr>\n<td>Dureza 9h templado<\/td>\n<\/tr>\n<tr>\n<td>Tactil<\/td>\n<\/tr>\n<tr>\n<td>Tecnologia tactil infrarrojo de ultra precision<\/td>\n<\/tr>\n<tr>\n<td>Puntos tactiles hasta 50<\/td>\n<\/tr>\n<tr>\n<td>Resolucion tactil 32767 x 32767<\/td>\n<\/tr>\n<tr>\n<td>Tiempo de respuesta 8ms<\/td>\n<\/tr>\n<tr>\n<td>Exactitud tactil 1.0mm<\/td>\n<\/tr>\n<tr>\n<td>Sistema operativo compatible windows xp 7 8 10 11 linux mac os x android chrome<\/td>\n<\/tr>\n<tr>\n<td>Sistema operativo controlador tactil windows xp 7 8 10 11 linux mac android chrome os<\/td>\n<\/tr>\n<tr>\n<td>Plataforma del sistema<\/td>\n<\/tr>\n<tr>\n<td>Sistema operativo android 13.0 edla<\/td>\n<\/tr>\n<tr>\n<td>Memoria almacenamiento 8gb 64gb<\/td>\n<\/tr>\n<tr>\n<td>Cpu gpu a78 x 4 mas a55 x 4 g57 mc5<\/td>\n<\/tr>\n<tr>\n<td>Conectividad<\/td>\n<\/tr>\n<tr>\n<td>Vga in out x1 no<\/td>\n<\/tr>\n<tr>\n<td>Hdmi in out hdmi 2.0 x4 hdmi 2.0 x1<\/td>\n<\/tr>\n<tr>\n<td>Display port in out display port 1.2a x1 no<\/td>\n<\/tr>\n<tr>\n<td>Usb tipo a usb 2.0 x1 usb 3.0 x7<\/td>\n<\/tr>\n<tr>\n<td>Usb tipo b tactil usb 3.0 x3<\/td>\n<\/tr>\n<tr>\n<td>Usb tipo c usb 3.0 x2 usb 3.0 pd 100w x1 usb 2.0 pd65w<\/td>\n<\/tr>\n<tr>\n<td>Ranura ops x1<\/td>\n<\/tr>\n<tr>\n<td>Spdif in out no x1 optico<\/td>\n<\/tr>\n<tr>\n<td>Ethernet lan 10 100 1000 mbps android 10 100 1000 mbps ops x2<\/td>\n<\/tr>\n<tr>\n<td>Audio 3.5 mm microfono in x1 pc audio in x1 audifono out x1<\/td>\n<\/tr>\n<tr>\n<td>Perifericos integrados<\/td>\n<\/tr>\n<tr>\n<td>Fuente de alimentacion ac 100 240v 50 60 hz<\/td>\n<\/tr>\n<tr>\n<td>Consumo de energia normal standby maxima 95.0w 0.5w 426.8w<\/td>\n<\/tr>\n<tr>\n<td>Caracteristicas fisicas<\/td>\n<\/tr>\n<tr>\n<td>Dimensiones wxhxd 1488.4 x 937.6 x 117.7 mm 58.6 x 36.9 x 4.6 pulgadas<\/td>\n<\/tr>\n<tr>\n<td>Peso neto 40.6 kg 89.5 lbs<\/td>\n<\/tr>\n<tr>\n<td>Bisel 16.6 16.6 16.6 16.6 mm 0.7 0.7 0.7 0.7 pulgadas<\/td>\n<\/tr>\n<tr>\n<td>Montaje vesa 600 x 400 mm 4 x m8 x 25l<\/td>\n<\/tr>\n<tr>\n<td>Orificio vesa para reproductor multimedia 1 100 x 100<\/td>\n<\/tr>\n<tr>\n<td>Medio ambiente<\/td>\n<\/tr>\n<tr>\n<td>Temperatura de almacenamiento 20c 60c<\/td>\n<\/tr>\n<tr>\n<td>Temperatura de funcionamiento 0c 40c<\/td>\n<\/tr>\n<tr>\n<td>Software flicker free low blue light dms instashare 2 compartir de forma inalambrica x sign broadcast sistema de transmision ams administracion de cuentas wps office app de visualizacion ezwrite 6.0 pizarra interfaz de usuario 4k herramienta flotante<\/td>\n<\/tr>\n<tr>\n<td>Accesorios incluidos garantia plumillas x2 montaje a pared x1 garantia de inicio rapido manual de usuario electronico control remoto cables poder vga hdmi usb c usb b<\/td>\n<\/tr>\n<tr>\n<td>Otros<\/td>\n<\/tr>\n<tr>\n<td>Caracteristicas configuracion de imagen hdmi daisy chain mejora de la nitidez aprueba de retencion de imagen hdmi hdcp 2.0 dp hdcp 1.2 procesamiento de color de 10 bits funcion rtc sensor nfc sensor de luz ambiental control cec bluetooth 5.2 wi fi 6 opcional<\/td>\n<\/tr>\n<\/table>\n","protected":false},"excerpt":{"rendered":"<p>Pantalla tactil interactiva benq pro. Ensena de formas que nunca imaginaste. Descubre nuevas formas de imparir lecciones y lleva tu ensenanza al siguiente nivel con nuestra pizarra mas potente hasta ahora. Una experiencia muy al estilo de google. La nueva pizarra benq board pro rp04 certificada por edla te ofrece la mejor experiencia en el aula al combinar la potencia del software y hardware de benq con los servicios oficiales de google para la educacion<\/p>\n","protected":false},"featured_media":242789,"comment_status":"open","ping_status":"open","template":"","meta":[],"product_cat":[1740,1741],"product_tag":[1744],"acf":[],"yoast_head":"<!-- This site is optimized with the Yoast SEO plugin v21.7 - https:\/\/yoast.com\/wordpress\/plugins\/seo\/ -->\n<title>[ Benq ] &#129351; 9h.f97tc.de1 Monitor De Se\u00f1alizacion Digital Rp6504 65 Uhd 4k 450 Nits Android 13.0 8gbram 64bgrom 40 Puntos Tactiles 18\/7 Garantia 3 A\u00f1os<\/title>\n<meta name=\"description\" content=\"Compra 9h.f97tc.de1 Monitor De Se\u00f1alizacion Digital Rp6504 65 Uhd 4k 450 Nits Android 13.0 8gbram 64bgrom 40 Puntos Tactiles 18\/7 Garantia 3 A\u00f1os + Env\u00edo a domicilio + Pago seguro + Garant\u00eda\" \/>\n<meta name=\"robots\" content=\"index, follow, max-snippet:-1, max-image-preview:large, max-video-preview:-1\" \/>\n<link rel=\"canonical\" href=\"https:\/\/compuviper.mx\/tienda\/producto\/benq-9h-f97tc-de1-monitor-de-sealizacion-digital-rp6504-65-uhd-4k-450-nits-android-13-0-8gbram-64bgrom-40-puntos-tactiles-18-7-garantia-3-aos\/\" \/>\n<meta property=\"og:locale\" content=\"es_MX\" \/>\n<meta property=\"og:type\" content=\"article\" \/>\n<meta property=\"og:title\" content=\"[ Benq ] &#129351; 9h.f97tc.de1 Monitor De Se\u00f1alizacion Digital Rp6504 65 Uhd 4k 450 Nits Android 13.0 8gbram 64bgrom 40 Puntos Tactiles 18\/7 Garantia 3 A\u00f1os\" \/>\n<meta property=\"og:description\" content=\"Compra 9h.f97tc.de1 Monitor De Se\u00f1alizacion Digital Rp6504 65 Uhd 4k 450 Nits Android 13.0 8gbram 64bgrom 40 Puntos Tactiles 18\/7 Garantia 3 A\u00f1os + Env\u00edo a domicilio + Pago seguro + Garant\u00eda\" \/>\n<meta property=\"og:url\" content=\"https:\/\/compuviper.mx\/tienda\/producto\/benq-9h-f97tc-de1-monitor-de-sealizacion-digital-rp6504-65-uhd-4k-450-nits-android-13-0-8gbram-64bgrom-40-puntos-tactiles-18-7-garantia-3-aos\/\" \/>\n<meta property=\"og:site_name\" content=\"Compuviper\" \/>\n<meta property=\"article:publisher\" content=\"https:\/\/www.facebook.com\/compuviper\" \/>\n<meta property=\"og:image\" content=\"https:\/\/compuviper.mx\/tienda\/wp-content\/uploads\/2024\/09\/Monitor-de-senalizacion-digital-benq-rp6504-65-uhd-4k-450-nits-android-13.0-8gbram-64bgrom-40-puntos-tactiles-187-garantia-3-anos.jpg\" \/>\n\t<meta property=\"og:image:width\" content=\"200\" \/>\n\t<meta property=\"og:image:height\" content=\"200\" \/>\n\t<meta property=\"og:image:type\" content=\"image\/jpeg\" \/>\n<meta name=\"twitter:card\" content=\"summary_large_image\" \/>\n<meta name=\"twitter:label1\" content=\"Precio\" \/>\n\t<meta name=\"twitter:data1\" content=\"&#36;42,491 con IVA\" \/>\n\t<meta name=\"twitter:label2\" content=\"Availability\" \/>\n\t<meta name=\"twitter:data2\" content=\"On backorder\" \/>\n<script type=\"application\/ld+json\" class=\"yoast-schema-graph\">{\"@context\":\"https:\/\/schema.org\",\"@graph\":[{\"@type\":\"WebPage\",\"@id\":\"https:\/\/compuviper.mx\/tienda\/producto\/benq-9h-f97tc-de1-monitor-de-sealizacion-digital-rp6504-65-uhd-4k-450-nits-android-13-0-8gbram-64bgrom-40-puntos-tactiles-18-7-garantia-3-aos\/\",\"url\":\"https:\/\/compuviper.mx\/tienda\/producto\/benq-9h-f97tc-de1-monitor-de-sealizacion-digital-rp6504-65-uhd-4k-450-nits-android-13-0-8gbram-64bgrom-40-puntos-tactiles-18-7-garantia-3-aos\/\",\"name\":\"[ Benq ] &#129351; 9h.f97tc.de1 Monitor De Se\u00f1alizacion Digital Rp6504 65 Uhd 4k 450 Nits Android 13.0 8gbram 64bgrom 40 Puntos Tactiles 18\/7 Garantia 3 A\u00f1os\",\"isPartOf\":{\"@id\":\"https:\/\/compuviper.mx\/tienda\/#website\"},\"datePublished\":\"2026-04-02T06:50:22+00:00\",\"dateModified\":\"2026-04-02T06:50:22+00:00\",\"description\":\"Compra 9h.f97tc.de1 Monitor De Se\u00f1alizacion Digital Rp6504 65 Uhd 4k 450 Nits Android 13.0 8gbram 64bgrom 40 Puntos Tactiles 18\/7 Garantia 3 A\u00f1os + Env\u00edo a domicilio + Pago seguro + Garant\u00eda\",\"breadcrumb\":{\"@id\":\"https:\/\/compuviper.mx\/tienda\/producto\/benq-9h-f97tc-de1-monitor-de-sealizacion-digital-rp6504-65-uhd-4k-450-nits-android-13-0-8gbram-64bgrom-40-puntos-tactiles-18-7-garantia-3-aos\/#breadcrumb\"},\"inLanguage\":\"es-MX\",\"potentialAction\":[{\"@type\":\"ReadAction\",\"target\":[\"https:\/\/compuviper.mx\/tienda\/producto\/benq-9h-f97tc-de1-monitor-de-sealizacion-digital-rp6504-65-uhd-4k-450-nits-android-13-0-8gbram-64bgrom-40-puntos-tactiles-18-7-garantia-3-aos\/\"]}]},{\"@type\":\"BreadcrumbList\",\"@id\":\"https:\/\/compuviper.mx\/tienda\/producto\/benq-9h-f97tc-de1-monitor-de-sealizacion-digital-rp6504-65-uhd-4k-450-nits-android-13-0-8gbram-64bgrom-40-puntos-tactiles-18-7-garantia-3-aos\/#breadcrumb\",\"itemListElement\":[{\"@type\":\"ListItem\",\"position\":1,\"name\":\"Inicio\",\"item\":\"https:\/\/compuviper.mx\/tienda\/\"},{\"@type\":\"ListItem\",\"position\":2,\"name\":\"Productos\",\"item\":\"https:\/\/compuviper.mx\/tienda\/productos\/\"},{\"@type\":\"ListItem\",\"position\":3,\"name\":\"Monitores\",\"item\":\"https:\/\/compuviper.mx\/tienda\/categoria-producto\/monitores\/\"},{\"@type\":\"ListItem\",\"position\":4,\"name\":\"Led\",\"item\":\"https:\/\/compuviper.mx\/tienda\/categoria-producto\/monitores\/led\/\"},{\"@type\":\"ListItem\",\"position\":5,\"name\":\"Benq 9h.f97tc.de1 Monitor De Se?alizacion Digital Rp6504 65 Uhd 4k 450 Nits Android 13.0 8gbram 64bgrom 40 Puntos Tactiles 18\/7 Garantia 3 A?os\"}]},{\"@type\":\"WebSite\",\"@id\":\"https:\/\/compuviper.mx\/tienda\/#website\",\"url\":\"https:\/\/compuviper.mx\/tienda\/\",\"name\":\"Compuviper\",\"description\":\"Proveedor de Computadoras, Laptops, Servidores, Monitores, Puntos de Venta, Teclados,   Impresoras, T\u00f3ner, C\u00e1maras de Seguridad y m\u00e1s en tu tienda en l\u00ednea\",\"publisher\":{\"@id\":\"https:\/\/compuviper.mx\/tienda\/#organization\"},\"potentialAction\":[{\"@type\":\"SearchAction\",\"target\":{\"@type\":\"EntryPoint\",\"urlTemplate\":\"https:\/\/compuviper.mx\/tienda\/?s={search_term_string}\"},\"query-input\":\"required name=search_term_string\"}],\"inLanguage\":\"es-MX\"},{\"@type\":\"Organization\",\"@id\":\"https:\/\/compuviper.mx\/tienda\/#organization\",\"name\":\"Compuviper\",\"url\":\"https:\/\/compuviper.mx\/tienda\/\",\"logo\":{\"@type\":\"ImageObject\",\"inLanguage\":\"es-MX\",\"@id\":\"https:\/\/compuviper.mx\/tienda\/#\/schema\/logo\/image\/\",\"url\":\"https:\/\/compuviper.mx\/tienda\/wp-content\/uploads\/2021\/08\/Logo-Compuviper-10.png\",\"contentUrl\":\"https:\/\/compuviper.mx\/tienda\/wp-content\/uploads\/2021\/08\/Logo-Compuviper-10.png\",\"width\":1000,\"height\":500,\"caption\":\"Compuviper\"},\"image\":{\"@id\":\"https:\/\/compuviper.mx\/tienda\/#\/schema\/logo\/image\/\"},\"sameAs\":[\"https:\/\/www.facebook.com\/compuviper\",\"https:\/\/www.youtube.com\/channel\/UCf73dERp9Y3cfOq7q8BhLjA?view_as=subscriber\"]}]}<\/script>\n<meta property=\"product:brand\" content=\"BENQ\" \/>\n<meta property=\"product:price:amount\" content=\"42491\" \/>\n<meta property=\"product:price:currency\" content=\"MXN\" \/>\n<meta property=\"og:availability\" content=\"backorder\" \/>\n<meta property=\"product:availability\" content=\"available for order\" \/>\n<meta property=\"product:retailer_item_id\" content=\"9H.F97TC.DE1\" \/>\n<meta property=\"product:condition\" content=\"new\" \/>\n<!-- \/ Yoast SEO plugin. -->","yoast_head_json":{"title":"[ Benq ] &#129351; 9h.f97tc.de1 Monitor De Se\u00f1alizacion Digital Rp6504 65 Uhd 4k 450 Nits Android 13.0 8gbram 64bgrom 40 Puntos Tactiles 18\/7 Garantia 3 A\u00f1os","description":"Compra 9h.f97tc.de1 Monitor De Se\u00f1alizacion Digital Rp6504 65 Uhd 4k 450 Nits Android 13.0 8gbram 64bgrom 40 Puntos Tactiles 18\/7 Garantia 3 A\u00f1os + Env\u00edo a domicilio + Pago seguro + Garant\u00eda","robots":{"index":"index","follow":"follow","max-snippet":"max-snippet:-1","max-image-preview":"max-image-preview:large","max-video-preview":"max-video-preview:-1"},"canonical":"https:\/\/compuviper.mx\/tienda\/producto\/benq-9h-f97tc-de1-monitor-de-sealizacion-digital-rp6504-65-uhd-4k-450-nits-android-13-0-8gbram-64bgrom-40-puntos-tactiles-18-7-garantia-3-aos\/","og_locale":"es_MX","og_type":"article","og_title":"[ Benq ] &#129351; 9h.f97tc.de1 Monitor De Se\u00f1alizacion Digital Rp6504 65 Uhd 4k 450 Nits Android 13.0 8gbram 64bgrom 40 Puntos Tactiles 18\/7 Garantia 3 A\u00f1os","og_description":"Compra 9h.f97tc.de1 Monitor De Se\u00f1alizacion Digital Rp6504 65 Uhd 4k 450 Nits Android 13.0 8gbram 64bgrom 40 Puntos Tactiles 18\/7 Garantia 3 A\u00f1os + Env\u00edo a domicilio + Pago seguro + Garant\u00eda","og_url":"https:\/\/compuviper.mx\/tienda\/producto\/benq-9h-f97tc-de1-monitor-de-sealizacion-digital-rp6504-65-uhd-4k-450-nits-android-13-0-8gbram-64bgrom-40-puntos-tactiles-18-7-garantia-3-aos\/","og_site_name":"Compuviper","article_publisher":"https:\/\/www.facebook.com\/compuviper","og_image":[{"width":200,"height":200,"url":"https:\/\/compuviper.mx\/tienda\/wp-content\/uploads\/2024\/09\/Monitor-de-senalizacion-digital-benq-rp6504-65-uhd-4k-450-nits-android-13.0-8gbram-64bgrom-40-puntos-tactiles-187-garantia-3-anos.jpg","type":"image\/jpeg"}],"twitter_card":"summary_large_image","twitter_misc":{"Precio":"&#36;42,491 con IVA","Availability":"On backorder"},"schema":{"@context":"https:\/\/schema.org","@graph":[{"@type":"WebPage","@id":"https:\/\/compuviper.mx\/tienda\/producto\/benq-9h-f97tc-de1-monitor-de-sealizacion-digital-rp6504-65-uhd-4k-450-nits-android-13-0-8gbram-64bgrom-40-puntos-tactiles-18-7-garantia-3-aos\/","url":"https:\/\/compuviper.mx\/tienda\/producto\/benq-9h-f97tc-de1-monitor-de-sealizacion-digital-rp6504-65-uhd-4k-450-nits-android-13-0-8gbram-64bgrom-40-puntos-tactiles-18-7-garantia-3-aos\/","name":"[ Benq ] &#129351; 9h.f97tc.de1 Monitor De Se\u00f1alizacion Digital Rp6504 65 Uhd 4k 450 Nits Android 13.0 8gbram 64bgrom 40 Puntos Tactiles 18\/7 Garantia 3 A\u00f1os","isPartOf":{"@id":"https:\/\/compuviper.mx\/tienda\/#website"},"datePublished":"2026-04-02T06:50:22+00:00","dateModified":"2026-04-02T06:50:22+00:00","description":"Compra 9h.f97tc.de1 Monitor De Se\u00f1alizacion Digital Rp6504 65 Uhd 4k 450 Nits Android 13.0 8gbram 64bgrom 40 Puntos Tactiles 18\/7 Garantia 3 A\u00f1os + Env\u00edo a domicilio + Pago seguro + Garant\u00eda","breadcrumb":{"@id":"https:\/\/compuviper.mx\/tienda\/producto\/benq-9h-f97tc-de1-monitor-de-sealizacion-digital-rp6504-65-uhd-4k-450-nits-android-13-0-8gbram-64bgrom-40-puntos-tactiles-18-7-garantia-3-aos\/#breadcrumb"},"inLanguage":"es-MX","potentialAction":[{"@type":"ReadAction","target":["https:\/\/compuviper.mx\/tienda\/producto\/benq-9h-f97tc-de1-monitor-de-sealizacion-digital-rp6504-65-uhd-4k-450-nits-android-13-0-8gbram-64bgrom-40-puntos-tactiles-18-7-garantia-3-aos\/"]}]},{"@type":"BreadcrumbList","@id":"https:\/\/compuviper.mx\/tienda\/producto\/benq-9h-f97tc-de1-monitor-de-sealizacion-digital-rp6504-65-uhd-4k-450-nits-android-13-0-8gbram-64bgrom-40-puntos-tactiles-18-7-garantia-3-aos\/#breadcrumb","itemListElement":[{"@type":"ListItem","position":1,"name":"Inicio","item":"https:\/\/compuviper.mx\/tienda\/"},{"@type":"ListItem","position":2,"name":"Productos","item":"https:\/\/compuviper.mx\/tienda\/productos\/"},{"@type":"ListItem","position":3,"name":"Monitores","item":"https:\/\/compuviper.mx\/tienda\/categoria-producto\/monitores\/"},{"@type":"ListItem","position":4,"name":"Led","item":"https:\/\/compuviper.mx\/tienda\/categoria-producto\/monitores\/led\/"},{"@type":"ListItem","position":5,"name":"Benq 9h.f97tc.de1 Monitor De Se?alizacion Digital Rp6504 65 Uhd 4k 450 Nits Android 13.0 8gbram 64bgrom 40 Puntos Tactiles 18\/7 Garantia 3 A?os"}]},{"@type":"WebSite","@id":"https:\/\/compuviper.mx\/tienda\/#website","url":"https:\/\/compuviper.mx\/tienda\/","name":"Compuviper","description":"Proveedor de Computadoras, Laptops, Servidores, Monitores, Puntos de Venta, Teclados,   Impresoras, T\u00f3ner, C\u00e1maras de Seguridad y m\u00e1s en tu tienda en l\u00ednea","publisher":{"@id":"https:\/\/compuviper.mx\/tienda\/#organization"},"potentialAction":[{"@type":"SearchAction","target":{"@type":"EntryPoint","urlTemplate":"https:\/\/compuviper.mx\/tienda\/?s={search_term_string}"},"query-input":"required name=search_term_string"}],"inLanguage":"es-MX"},{"@type":"Organization","@id":"https:\/\/compuviper.mx\/tienda\/#organization","name":"Compuviper","url":"https:\/\/compuviper.mx\/tienda\/","logo":{"@type":"ImageObject","inLanguage":"es-MX","@id":"https:\/\/compuviper.mx\/tienda\/#\/schema\/logo\/image\/","url":"https:\/\/compuviper.mx\/tienda\/wp-content\/uploads\/2021\/08\/Logo-Compuviper-10.png","contentUrl":"https:\/\/compuviper.mx\/tienda\/wp-content\/uploads\/2021\/08\/Logo-Compuviper-10.png","width":1000,"height":500,"caption":"Compuviper"},"image":{"@id":"https:\/\/compuviper.mx\/tienda\/#\/schema\/logo\/image\/"},"sameAs":["https:\/\/www.facebook.com\/compuviper","https:\/\/www.youtube.com\/channel\/UCf73dERp9Y3cfOq7q8BhLjA?view_as=subscriber"]}]},"product_brand":"BENQ","product_price_amount":"42491","product_price_currency":"MXN","og_availability":"backorder","product_availability":"available for order","product_retailer_item_id":"9H.F97TC.DE1","product_condition":"new"},"_links":{"self":[{"href":"https:\/\/compuviper.mx\/tienda\/wp-json\/wp\/v2\/product\/241622"}],"collection":[{"href":"https:\/\/compuviper.mx\/tienda\/wp-json\/wp\/v2\/product"}],"about":[{"href":"https:\/\/compuviper.mx\/tienda\/wp-json\/wp\/v2\/types\/product"}],"replies":[{"embeddable":true,"href":"https:\/\/compuviper.mx\/tienda\/wp-json\/wp\/v2\/comments?post=241622"}],"wp:featuredmedia":[{"embeddable":true,"href":"https:\/\/compuviper.mx\/tienda\/wp-json\/wp\/v2\/media\/242789"}],"wp:attachment":[{"href":"https:\/\/compuviper.mx\/tienda\/wp-json\/wp\/v2\/media?parent=241622"}],"wp:term":[{"taxonomy":"product_cat","embeddable":true,"href":"https:\/\/compuviper.mx\/tienda\/wp-json\/wp\/v2\/product_cat?post=241622"},{"taxonomy":"product_tag","embeddable":true,"href":"https:\/\/compuviper.mx\/tienda\/wp-json\/wp\/v2\/product_tag?post=241622"}],"curies":[{"name":"wp","href":"https:\/\/api.w.org\/{rel}","templated":true}]}}