{"id":241238,"date":"2026-04-22T01:43:40","date_gmt":"2026-04-22T07:43:40","guid":{"rendered":"https:\/\/compuviper.mx\/tienda\/producto\/forza-fvr-1221usb-regulador-automatico-de-voltaje-1200va-600w-8-slds-2-usb-120v\/"},"modified":"2026-04-22T01:43:40","modified_gmt":"2026-04-22T07:43:40","slug":"forza-fvr-1221usb-regulador-automatico-de-voltaje-1200va-600w-8-slds-2-usb-120v","status":"publish","type":"product","link":"https:\/\/compuviper.mx\/tienda\/producto\/forza-fvr-1221usb-regulador-automatico-de-voltaje-1200va-600w-8-slds-2-usb-120v\/","title":{"rendered":"Forza Fvr-1221usb Regulador Automatico De Voltaje   1200va\/600w 8 Slds 2 Usb 120v"},"content":{"rendered":"<table class=\"descripcion\">\n<tr>\n<td>Regulador automatico de voltaje forza.<\/td>\n<\/tr>\n<tr>\n<td>General:<\/td>\n<\/tr>\n<tr>\n<td>Capacidad                             1200va \/ 600w<\/td>\n<\/tr>\n<tr>\n<td>Tecnologia                           controlado por una upc<\/td>\n<\/tr>\n<tr>\n<td>Entrada:<\/td>\n<\/tr>\n<tr>\n<td>Tension                                      110v\/115v\/120 vca<\/td>\n<\/tr>\n<tr>\n<td>Margen de tension               88-136vca \/ 92-142vca \/ 96\/148vca<\/td>\n<\/tr>\n<tr>\n<td>Frecuencia                               50 \/ 60 hz (deteccion automatica)<\/td>\n<\/tr>\n<tr>\n<td>Joules                                        320 j<\/td>\n<\/tr>\n<tr>\n<td>Corriente max. admisible   4500 a<\/td>\n<\/tr>\n<tr>\n<td>Tipo de enchufe                      nema 5-15p<\/td>\n<\/tr>\n<tr>\n<td>Salida:<\/td>\n<\/tr>\n<tr>\n<td>Tomas de receptaculo          8 salidas nema 5-15r<\/td>\n<\/tr>\n<tr>\n<td>Margen tension                     99-121vca\/103-126vca\/108-132vca<\/td>\n<\/tr>\n<tr>\n<td>Frecuencia                                               50 \/ 60 hz<\/td>\n<\/tr>\n<tr>\n<td>Temporalizador de retardo              2 seg \u0096 10 seg \u0096 30 seg<\/td>\n<\/tr>\n<tr>\n<td>Pasos de regulacion                            1 elevacion \/ 1 reduccion<\/td>\n<\/tr>\n<tr>\n<td>Proteccion contra sobrecargas     termofusible<\/td>\n<\/tr>\n<tr>\n<td>Puertos usb para carga                     2 puertos de 5v (2,4 a max.)<\/td>\n<\/tr>\n<tr>\n<td>Garantia:<\/td>\n<\/tr>\n<tr>\n<td>2 a\u00f1os.<\/td>\n<\/tr>\n<\/table>\n","protected":false},"excerpt":{"rendered":"<p>El regulador automatico de voltaje de forza, o acondicionador de linea, es la solucion fiable que ofrece la proteccion adecuada para sus equipos.<\/p>\n","protected":false},"featured_media":243390,"comment_status":"open","ping_status":"open","template":"","meta":[],"product_cat":[1508,1802],"product_tag":[2260],"acf":[],"yoast_head":"<!-- This site is optimized with the Yoast SEO plugin v21.7 - https:\/\/yoast.com\/wordpress\/plugins\/seo\/ -->\n<title>[ Forza ] &#129351; Fvr-1221usb Regulador Automatico De Voltaje 1200va\/600w 8 Slds 2 Usb 120v<\/title>\n<meta name=\"description\" content=\"Compra Fvr-1221usb Regulador Automatico De Voltaje 1200va\/600w 8 Slds 2 Usb 120v + Env\u00edo a domicilio + Pago seguro + Garant\u00eda\" \/>\n<meta name=\"robots\" content=\"index, follow, max-snippet:-1, max-image-preview:large, max-video-preview:-1\" \/>\n<link rel=\"canonical\" href=\"https:\/\/compuviper.mx\/tienda\/producto\/forza-fvr-1221usb-regulador-automatico-de-voltaje-1200va-600w-8-slds-2-usb-120v\/\" \/>\n<meta property=\"og:locale\" content=\"es_MX\" \/>\n<meta property=\"og:type\" content=\"article\" \/>\n<meta property=\"og:title\" content=\"[ Forza ] &#129351; Fvr-1221usb Regulador Automatico De Voltaje 1200va\/600w 8 Slds 2 Usb 120v\" \/>\n<meta property=\"og:description\" content=\"Compra Fvr-1221usb Regulador Automatico De Voltaje 1200va\/600w 8 Slds 2 Usb 120v + Env\u00edo a domicilio + Pago seguro + Garant\u00eda\" \/>\n<meta property=\"og:url\" content=\"https:\/\/compuviper.mx\/tienda\/producto\/forza-fvr-1221usb-regulador-automatico-de-voltaje-1200va-600w-8-slds-2-usb-120v\/\" \/>\n<meta property=\"og:site_name\" content=\"Compuviper\" \/>\n<meta property=\"article:publisher\" content=\"https:\/\/www.facebook.com\/compuviper\" \/>\n<meta property=\"og:image\" content=\"https:\/\/compuviper.mx\/tienda\/wp-content\/uploads\/2024\/09\/Regulador-automatico-de-voltaje-forza-fvr-1221usb-1200va600w-8-slds-2-usb-120v.jpg\" \/>\n\t<meta property=\"og:image:width\" content=\"200\" \/>\n\t<meta property=\"og:image:height\" content=\"200\" \/>\n\t<meta property=\"og:image:type\" content=\"image\/jpeg\" \/>\n<meta name=\"twitter:card\" content=\"summary_large_image\" \/>\n<meta name=\"twitter:label1\" content=\"Precio\" \/>\n\t<meta name=\"twitter:data1\" content=\"&#36;327 con IVA\" \/>\n\t<meta name=\"twitter:label2\" content=\"Availability\" \/>\n\t<meta name=\"twitter:data2\" content=\"In stock\" \/>\n<script type=\"application\/ld+json\" class=\"yoast-schema-graph\">{\"@context\":\"https:\/\/schema.org\",\"@graph\":[{\"@type\":\"WebPage\",\"@id\":\"https:\/\/compuviper.mx\/tienda\/producto\/forza-fvr-1221usb-regulador-automatico-de-voltaje-1200va-600w-8-slds-2-usb-120v\/\",\"url\":\"https:\/\/compuviper.mx\/tienda\/producto\/forza-fvr-1221usb-regulador-automatico-de-voltaje-1200va-600w-8-slds-2-usb-120v\/\",\"name\":\"[ Forza ] &#129351; Fvr-1221usb Regulador Automatico De Voltaje 1200va\/600w 8 Slds 2 Usb 120v\",\"isPartOf\":{\"@id\":\"https:\/\/compuviper.mx\/tienda\/#website\"},\"datePublished\":\"2026-04-22T07:43:40+00:00\",\"dateModified\":\"2026-04-22T07:43:40+00:00\",\"description\":\"Compra Fvr-1221usb Regulador Automatico De Voltaje 1200va\/600w 8 Slds 2 Usb 120v + Env\u00edo a domicilio + Pago seguro + Garant\u00eda\",\"breadcrumb\":{\"@id\":\"https:\/\/compuviper.mx\/tienda\/producto\/forza-fvr-1221usb-regulador-automatico-de-voltaje-1200va-600w-8-slds-2-usb-120v\/#breadcrumb\"},\"inLanguage\":\"es-MX\",\"potentialAction\":[{\"@type\":\"ReadAction\",\"target\":[\"https:\/\/compuviper.mx\/tienda\/producto\/forza-fvr-1221usb-regulador-automatico-de-voltaje-1200va-600w-8-slds-2-usb-120v\/\"]}]},{\"@type\":\"BreadcrumbList\",\"@id\":\"https:\/\/compuviper.mx\/tienda\/producto\/forza-fvr-1221usb-regulador-automatico-de-voltaje-1200va-600w-8-slds-2-usb-120v\/#breadcrumb\",\"itemListElement\":[{\"@type\":\"ListItem\",\"position\":1,\"name\":\"Inicio\",\"item\":\"https:\/\/compuviper.mx\/tienda\/\"},{\"@type\":\"ListItem\",\"position\":2,\"name\":\"Productos\",\"item\":\"https:\/\/compuviper.mx\/tienda\/productos\/\"},{\"@type\":\"ListItem\",\"position\":3,\"name\":\"Energia\",\"item\":\"https:\/\/compuviper.mx\/tienda\/categoria-producto\/energia\/\"},{\"@type\":\"ListItem\",\"position\":4,\"name\":\"Regulador\",\"item\":\"https:\/\/compuviper.mx\/tienda\/categoria-producto\/energia\/regulador\/\"},{\"@type\":\"ListItem\",\"position\":5,\"name\":\"Forza Fvr-1221usb Regulador Automatico De Voltaje 1200va\/600w 8 Slds 2 Usb 120v\"}]},{\"@type\":\"WebSite\",\"@id\":\"https:\/\/compuviper.mx\/tienda\/#website\",\"url\":\"https:\/\/compuviper.mx\/tienda\/\",\"name\":\"Compuviper\",\"description\":\"Proveedor de Computadoras, Laptops, Servidores, Monitores, Puntos de Venta, Teclados,   Impresoras, T\u00f3ner, C\u00e1maras de Seguridad y m\u00e1s en tu tienda en l\u00ednea\",\"publisher\":{\"@id\":\"https:\/\/compuviper.mx\/tienda\/#organization\"},\"potentialAction\":[{\"@type\":\"SearchAction\",\"target\":{\"@type\":\"EntryPoint\",\"urlTemplate\":\"https:\/\/compuviper.mx\/tienda\/?s={search_term_string}\"},\"query-input\":\"required name=search_term_string\"}],\"inLanguage\":\"es-MX\"},{\"@type\":\"Organization\",\"@id\":\"https:\/\/compuviper.mx\/tienda\/#organization\",\"name\":\"Compuviper\",\"url\":\"https:\/\/compuviper.mx\/tienda\/\",\"logo\":{\"@type\":\"ImageObject\",\"inLanguage\":\"es-MX\",\"@id\":\"https:\/\/compuviper.mx\/tienda\/#\/schema\/logo\/image\/\",\"url\":\"https:\/\/compuviper.mx\/tienda\/wp-content\/uploads\/2021\/08\/Logo-Compuviper-10.png\",\"contentUrl\":\"https:\/\/compuviper.mx\/tienda\/wp-content\/uploads\/2021\/08\/Logo-Compuviper-10.png\",\"width\":1000,\"height\":500,\"caption\":\"Compuviper\"},\"image\":{\"@id\":\"https:\/\/compuviper.mx\/tienda\/#\/schema\/logo\/image\/\"},\"sameAs\":[\"https:\/\/www.facebook.com\/compuviper\",\"https:\/\/www.youtube.com\/channel\/UCf73dERp9Y3cfOq7q8BhLjA?view_as=subscriber\"]}]}<\/script>\n<meta property=\"product:brand\" content=\"Forza\" \/>\n<meta property=\"product:price:amount\" content=\"327\" \/>\n<meta property=\"product:price:currency\" content=\"MXN\" \/>\n<meta property=\"og:availability\" content=\"instock\" \/>\n<meta property=\"product:availability\" content=\"instock\" \/>\n<meta property=\"product:retailer_item_id\" content=\"FVR-1221USB\" \/>\n<meta property=\"product:condition\" content=\"new\" \/>\n<!-- \/ Yoast SEO plugin. -->","yoast_head_json":{"title":"[ Forza ] &#129351; Fvr-1221usb Regulador Automatico De Voltaje 1200va\/600w 8 Slds 2 Usb 120v","description":"Compra Fvr-1221usb Regulador Automatico De Voltaje 1200va\/600w 8 Slds 2 Usb 120v + Env\u00edo a domicilio + Pago seguro + Garant\u00eda","robots":{"index":"index","follow":"follow","max-snippet":"max-snippet:-1","max-image-preview":"max-image-preview:large","max-video-preview":"max-video-preview:-1"},"canonical":"https:\/\/compuviper.mx\/tienda\/producto\/forza-fvr-1221usb-regulador-automatico-de-voltaje-1200va-600w-8-slds-2-usb-120v\/","og_locale":"es_MX","og_type":"article","og_title":"[ Forza ] &#129351; Fvr-1221usb Regulador Automatico De Voltaje 1200va\/600w 8 Slds 2 Usb 120v","og_description":"Compra Fvr-1221usb Regulador Automatico De Voltaje 1200va\/600w 8 Slds 2 Usb 120v + Env\u00edo a domicilio + Pago seguro + Garant\u00eda","og_url":"https:\/\/compuviper.mx\/tienda\/producto\/forza-fvr-1221usb-regulador-automatico-de-voltaje-1200va-600w-8-slds-2-usb-120v\/","og_site_name":"Compuviper","article_publisher":"https:\/\/www.facebook.com\/compuviper","og_image":[{"width":200,"height":200,"url":"https:\/\/compuviper.mx\/tienda\/wp-content\/uploads\/2024\/09\/Regulador-automatico-de-voltaje-forza-fvr-1221usb-1200va600w-8-slds-2-usb-120v.jpg","type":"image\/jpeg"}],"twitter_card":"summary_large_image","twitter_misc":{"Precio":"&#36;327 con IVA","Availability":"In stock"},"schema":{"@context":"https:\/\/schema.org","@graph":[{"@type":"WebPage","@id":"https:\/\/compuviper.mx\/tienda\/producto\/forza-fvr-1221usb-regulador-automatico-de-voltaje-1200va-600w-8-slds-2-usb-120v\/","url":"https:\/\/compuviper.mx\/tienda\/producto\/forza-fvr-1221usb-regulador-automatico-de-voltaje-1200va-600w-8-slds-2-usb-120v\/","name":"[ Forza ] &#129351; Fvr-1221usb Regulador Automatico De Voltaje 1200va\/600w 8 Slds 2 Usb 120v","isPartOf":{"@id":"https:\/\/compuviper.mx\/tienda\/#website"},"datePublished":"2026-04-22T07:43:40+00:00","dateModified":"2026-04-22T07:43:40+00:00","description":"Compra Fvr-1221usb Regulador Automatico De Voltaje 1200va\/600w 8 Slds 2 Usb 120v + Env\u00edo a domicilio + Pago seguro + Garant\u00eda","breadcrumb":{"@id":"https:\/\/compuviper.mx\/tienda\/producto\/forza-fvr-1221usb-regulador-automatico-de-voltaje-1200va-600w-8-slds-2-usb-120v\/#breadcrumb"},"inLanguage":"es-MX","potentialAction":[{"@type":"ReadAction","target":["https:\/\/compuviper.mx\/tienda\/producto\/forza-fvr-1221usb-regulador-automatico-de-voltaje-1200va-600w-8-slds-2-usb-120v\/"]}]},{"@type":"BreadcrumbList","@id":"https:\/\/compuviper.mx\/tienda\/producto\/forza-fvr-1221usb-regulador-automatico-de-voltaje-1200va-600w-8-slds-2-usb-120v\/#breadcrumb","itemListElement":[{"@type":"ListItem","position":1,"name":"Inicio","item":"https:\/\/compuviper.mx\/tienda\/"},{"@type":"ListItem","position":2,"name":"Productos","item":"https:\/\/compuviper.mx\/tienda\/productos\/"},{"@type":"ListItem","position":3,"name":"Energia","item":"https:\/\/compuviper.mx\/tienda\/categoria-producto\/energia\/"},{"@type":"ListItem","position":4,"name":"Regulador","item":"https:\/\/compuviper.mx\/tienda\/categoria-producto\/energia\/regulador\/"},{"@type":"ListItem","position":5,"name":"Forza Fvr-1221usb Regulador Automatico De Voltaje 1200va\/600w 8 Slds 2 Usb 120v"}]},{"@type":"WebSite","@id":"https:\/\/compuviper.mx\/tienda\/#website","url":"https:\/\/compuviper.mx\/tienda\/","name":"Compuviper","description":"Proveedor de Computadoras, Laptops, Servidores, Monitores, Puntos de Venta, Teclados,   Impresoras, T\u00f3ner, C\u00e1maras de Seguridad y m\u00e1s en tu tienda en l\u00ednea","publisher":{"@id":"https:\/\/compuviper.mx\/tienda\/#organization"},"potentialAction":[{"@type":"SearchAction","target":{"@type":"EntryPoint","urlTemplate":"https:\/\/compuviper.mx\/tienda\/?s={search_term_string}"},"query-input":"required name=search_term_string"}],"inLanguage":"es-MX"},{"@type":"Organization","@id":"https:\/\/compuviper.mx\/tienda\/#organization","name":"Compuviper","url":"https:\/\/compuviper.mx\/tienda\/","logo":{"@type":"ImageObject","inLanguage":"es-MX","@id":"https:\/\/compuviper.mx\/tienda\/#\/schema\/logo\/image\/","url":"https:\/\/compuviper.mx\/tienda\/wp-content\/uploads\/2021\/08\/Logo-Compuviper-10.png","contentUrl":"https:\/\/compuviper.mx\/tienda\/wp-content\/uploads\/2021\/08\/Logo-Compuviper-10.png","width":1000,"height":500,"caption":"Compuviper"},"image":{"@id":"https:\/\/compuviper.mx\/tienda\/#\/schema\/logo\/image\/"},"sameAs":["https:\/\/www.facebook.com\/compuviper","https:\/\/www.youtube.com\/channel\/UCf73dERp9Y3cfOq7q8BhLjA?view_as=subscriber"]}]},"product_brand":"Forza","product_price_amount":"327","product_price_currency":"MXN","og_availability":"instock","product_availability":"instock","product_retailer_item_id":"FVR-1221USB","product_condition":"new"},"_links":{"self":[{"href":"https:\/\/compuviper.mx\/tienda\/wp-json\/wp\/v2\/product\/241238"}],"collection":[{"href":"https:\/\/compuviper.mx\/tienda\/wp-json\/wp\/v2\/product"}],"about":[{"href":"https:\/\/compuviper.mx\/tienda\/wp-json\/wp\/v2\/types\/product"}],"replies":[{"embeddable":true,"href":"https:\/\/compuviper.mx\/tienda\/wp-json\/wp\/v2\/comments?post=241238"}],"wp:featuredmedia":[{"embeddable":true,"href":"https:\/\/compuviper.mx\/tienda\/wp-json\/wp\/v2\/media\/243390"}],"wp:attachment":[{"href":"https:\/\/compuviper.mx\/tienda\/wp-json\/wp\/v2\/media?parent=241238"}],"wp:term":[{"taxonomy":"product_cat","embeddable":true,"href":"https:\/\/compuviper.mx\/tienda\/wp-json\/wp\/v2\/product_cat?post=241238"},{"taxonomy":"product_tag","embeddable":true,"href":"https:\/\/compuviper.mx\/tienda\/wp-json\/wp\/v2\/product_tag?post=241238"}],"curies":[{"name":"wp","href":"https:\/\/api.w.org\/{rel}","templated":true}]}}