{"id":241222,"date":"2026-04-07T00:25:50","date_gmt":"2026-04-07T06:25:50","guid":{"rendered":"https:\/\/compuviper.mx\/tienda\/producto\/tripp-lite-bp240v65l-gabinete-de-bateras-externas-de-120v-cd-para-ups-trifsico-selectos-de-la-serie-s3m-de-10k-100k-40x-bateras-vrla-agm-de-65ah-garanta-limitada-por-1-ao\/"},"modified":"2026-04-07T00:25:50","modified_gmt":"2026-04-07T06:25:50","slug":"tripp-lite-bp240v65l-gabinete-de-bateras-externas-de-120v-cd-para-ups-trifsico-selectos-de-la-serie-s3m-de-10k-100k-40x-bateras-vrla-agm-de-65ah-garanta-limitada-por-1-ao","status":"publish","type":"product","link":"https:\/\/compuviper.mx\/tienda\/producto\/tripp-lite-bp240v65l-gabinete-de-bateras-externas-de-120v-cd-para-ups-trifsico-selectos-de-la-serie-s3m-de-10k-100k-40x-bateras-vrla-agm-de-65ah-garanta-limitada-por-1-ao\/","title":{"rendered":"Tripp-lite Bp240v65l Gabinete De Bater?as Externas De ?120v Cd     Para Ups Trif?sico Selectos De La Serie S3m De 10k ~ 100k &#8211; 40x Bater?as Vrla (agm) De 65ah.garant?a Limitada Por 1 A?o."},"content":{"rendered":"<table class=\"descripcion\">\n<tr>\n<td>El modulo de baterias de respaldo externas proporciona autonomia extendida para sistemas ups trifasicos selectos de 10k ~ 100k de la serie s3m de tripp lite.<\/td>\n<\/tr>\n<tr>\n<td>Ideal para aplicaciones de ti que requieran alta capacidad, alta disponibilidad y mayor autonom\u00eda<\/td>\n<\/tr>\n<tr>\n<td>Soporta el encadenado a m\u00f3dulos de baterias adicionales del mismo modelo para a\u00fan m\u00e1s autonom\u00eda<\/td>\n<\/tr>\n<tr>\n<td>Gabinete de acero con puerta frontal con cerradura para f\u00e1cil acceso a baterias reciclables vrla (agm)<\/td>\n<\/tr>\n<tr>\n<td>Los fusibles y el breaker de salida protegen contra sobrecorriente potencialmente peligrosa<\/td>\n<\/tr>\n<tr>\n<td>El dise\u00f1o industrial coincide con los gabinetes del ups para una apariencia limpia y profesional<\/td>\n<\/tr>\n<tr>\n<td>Garant\u00eda limitada por 1 a\u00f1o.<\/td>\n<\/tr>\n<\/table>\n","protected":false},"excerpt":{"rendered":"<p>Las bater\u00edas externas de \u00b1120vcd le dan una autonomia ampliada a su ups trifasico compatible. Este modulo de baterias externas se conecta a un sistema ups trif\u00e1sico smartonline\u00ae de la serie s3m compatible para proporcionar respaldo por bater\u00eda de larga duraci\u00f3n para centros de datos, telecomunicaciones, redes, instalaciones industriales, seguridad, sistemas de emergencia y otras aplicaciones de misi\u00f3n cr\u00edtica que requieran alta capacidad, alta disponibilidad y autonom\u00eda extendida. Adem\u00e1s del respaldo por bateria y autonom\u00eda extendida, el bp240v65l puede tambien ser encadenado a otros gabinetes de bater\u00edas externas para extender aun m\u00e1s la autonomia. Robusta construcci\u00f3n de acero dise\u00f1ada para durar en aplicaciones demandantes de ti. El gabinete est\u00e1 hecho de acero de calibre pesado con un acabado de pintura en polvo horneada que ayuda a evitar picaduras y corrosi\u00f3n. La puerta frontal abisagrada proporciona f\u00e1cil acceso a las bater\u00edas internas reciclables. La puerta se cierra con llave para evitar da\u00f1os, manipulaci\u00f3n indebida o robos. Los fusibles y el breaker de salida protegen contra sobrecorriente potencialmente peligrosa. Se embarca listo para instalaci\u00f3n inmediata. Incluye cableado de grueso calibre con conector de cd de alta corriente para una f\u00e1cil instalaci\u00f3n con modelos de usb de 10k ~ 20k. Incluye adem\u00e1s bloques de terminales de entrada y salida para instalaci\u00f3n el\u00e9ctrica permanente con modelos de ups m\u00e1s grandes. Los cables de la bater\u00eda se alimentan en el gabinete a trav\u00e9s de recortes para conductos incorporados en el panel inferior.<\/p>\n","protected":false},"featured_media":242550,"comment_status":"open","ping_status":"open","template":"","meta":[],"product_cat":[1511,1508],"product_tag":[1510],"acf":[],"yoast_head":"<!-- This site is optimized with the Yoast SEO plugin v21.7 - https:\/\/yoast.com\/wordpress\/plugins\/seo\/ -->\n<title>[ Tripp-lite ] &#129351; Bp240v65l Gabinete De Bater\u00edas Externas De \u00b1120v Cd Para Ups Trif\u00e1sico Selectos De La Serie S3m De 10k ~ 100k - 40x Bater\u00edas Vrla (agm) De 65ah.garant\u00eda Limitada Por 1 A\u00f1o.<\/title>\n<meta name=\"description\" content=\"Compra Bp240v65l Gabinete De Bater\u00edas Externas De \u00b1120v Cd Para Ups Trif\u00e1sico Selectos De La Serie S3m De 10k ~ 100k - 40x Bater\u00edas Vrla (agm) De 65ah.garant\u00eda Limitada Por 1 A\u00f1o. + Env\u00edo a domicilio + Pago seguro + Garant\u00eda\" \/>\n<meta name=\"robots\" content=\"index, follow, max-snippet:-1, max-image-preview:large, max-video-preview:-1\" \/>\n<link rel=\"canonical\" href=\"https:\/\/compuviper.mx\/tienda\/producto\/tripp-lite-bp240v65l-gabinete-de-bateras-externas-de-120v-cd-para-ups-trifsico-selectos-de-la-serie-s3m-de-10k-100k-40x-bateras-vrla-agm-de-65ah-garanta-limitada-por-1-ao\/\" \/>\n<meta property=\"og:locale\" content=\"es_MX\" \/>\n<meta property=\"og:type\" content=\"article\" \/>\n<meta property=\"og:title\" content=\"[ Tripp-lite ] &#129351; Bp240v65l Gabinete De Bater\u00edas Externas De \u00b1120v Cd Para Ups Trif\u00e1sico Selectos De La Serie S3m De 10k ~ 100k - 40x Bater\u00edas Vrla (agm) De 65ah.garant\u00eda Limitada Por 1 A\u00f1o.\" \/>\n<meta property=\"og:description\" content=\"Compra Bp240v65l Gabinete De Bater\u00edas Externas De \u00b1120v Cd Para Ups Trif\u00e1sico Selectos De La Serie S3m De 10k ~ 100k - 40x Bater\u00edas Vrla (agm) De 65ah.garant\u00eda Limitada Por 1 A\u00f1o. + Env\u00edo a domicilio + Pago seguro + Garant\u00eda\" \/>\n<meta property=\"og:url\" content=\"https:\/\/compuviper.mx\/tienda\/producto\/tripp-lite-bp240v65l-gabinete-de-bateras-externas-de-120v-cd-para-ups-trifsico-selectos-de-la-serie-s3m-de-10k-100k-40x-bateras-vrla-agm-de-65ah-garanta-limitada-por-1-ao\/\" \/>\n<meta property=\"og:site_name\" content=\"Compuviper\" \/>\n<meta property=\"article:publisher\" content=\"https:\/\/www.facebook.com\/compuviper\" \/>\n<meta property=\"og:image\" content=\"https:\/\/compuviper.mx\/tienda\/wp-content\/uploads\/2024\/09\/Gabinete-de-baterias-externas-de-\u00b1120v-cd-tripp-lite-bp240v65l-para-ups-trifasico-selectos-de-la-serie-s3m-de-10k-100k-40x-baterias-vrla-agm-de-65ah.garantia-limitada-por-1-ano.jpg\" \/>\n\t<meta property=\"og:image:width\" content=\"200\" \/>\n\t<meta property=\"og:image:height\" content=\"200\" \/>\n\t<meta property=\"og:image:type\" content=\"image\/jpeg\" \/>\n<meta name=\"twitter:card\" content=\"summary_large_image\" \/>\n<meta name=\"twitter:label1\" content=\"Precio\" \/>\n\t<meta name=\"twitter:data1\" content=\"&#36;344,857 con IVA\" \/>\n\t<meta name=\"twitter:label2\" content=\"Availability\" \/>\n\t<meta name=\"twitter:data2\" content=\"On backorder\" \/>\n<script type=\"application\/ld+json\" class=\"yoast-schema-graph\">{\"@context\":\"https:\/\/schema.org\",\"@graph\":[{\"@type\":\"WebPage\",\"@id\":\"https:\/\/compuviper.mx\/tienda\/producto\/tripp-lite-bp240v65l-gabinete-de-bateras-externas-de-120v-cd-para-ups-trifsico-selectos-de-la-serie-s3m-de-10k-100k-40x-bateras-vrla-agm-de-65ah-garanta-limitada-por-1-ao\/\",\"url\":\"https:\/\/compuviper.mx\/tienda\/producto\/tripp-lite-bp240v65l-gabinete-de-bateras-externas-de-120v-cd-para-ups-trifsico-selectos-de-la-serie-s3m-de-10k-100k-40x-bateras-vrla-agm-de-65ah-garanta-limitada-por-1-ao\/\",\"name\":\"[ Tripp-lite ] &#129351; Bp240v65l Gabinete De Bater\u00edas Externas De \u00b1120v Cd Para Ups Trif\u00e1sico Selectos De La Serie S3m De 10k ~ 100k - 40x Bater\u00edas Vrla (agm) De 65ah.garant\u00eda Limitada Por 1 A\u00f1o.\",\"isPartOf\":{\"@id\":\"https:\/\/compuviper.mx\/tienda\/#website\"},\"datePublished\":\"2026-04-07T06:25:50+00:00\",\"dateModified\":\"2026-04-07T06:25:50+00:00\",\"description\":\"Compra Bp240v65l Gabinete De Bater\u00edas Externas De \u00b1120v Cd Para Ups Trif\u00e1sico Selectos De La Serie S3m De 10k ~ 100k - 40x Bater\u00edas Vrla (agm) De 65ah.garant\u00eda Limitada Por 1 A\u00f1o. + Env\u00edo a domicilio + Pago seguro + Garant\u00eda\",\"breadcrumb\":{\"@id\":\"https:\/\/compuviper.mx\/tienda\/producto\/tripp-lite-bp240v65l-gabinete-de-bateras-externas-de-120v-cd-para-ups-trifsico-selectos-de-la-serie-s3m-de-10k-100k-40x-bateras-vrla-agm-de-65ah-garanta-limitada-por-1-ao\/#breadcrumb\"},\"inLanguage\":\"es-MX\",\"potentialAction\":[{\"@type\":\"ReadAction\",\"target\":[\"https:\/\/compuviper.mx\/tienda\/producto\/tripp-lite-bp240v65l-gabinete-de-bateras-externas-de-120v-cd-para-ups-trifsico-selectos-de-la-serie-s3m-de-10k-100k-40x-bateras-vrla-agm-de-65ah-garanta-limitada-por-1-ao\/\"]}]},{\"@type\":\"BreadcrumbList\",\"@id\":\"https:\/\/compuviper.mx\/tienda\/producto\/tripp-lite-bp240v65l-gabinete-de-bateras-externas-de-120v-cd-para-ups-trifsico-selectos-de-la-serie-s3m-de-10k-100k-40x-bateras-vrla-agm-de-65ah-garanta-limitada-por-1-ao\/#breadcrumb\",\"itemListElement\":[{\"@type\":\"ListItem\",\"position\":1,\"name\":\"Inicio\",\"item\":\"https:\/\/compuviper.mx\/tienda\/\"},{\"@type\":\"ListItem\",\"position\":2,\"name\":\"Productos\",\"item\":\"https:\/\/compuviper.mx\/tienda\/productos\/\"},{\"@type\":\"ListItem\",\"position\":3,\"name\":\"Energia\",\"item\":\"https:\/\/compuviper.mx\/tienda\/categoria-producto\/energia\/\"},{\"@type\":\"ListItem\",\"position\":4,\"name\":\"Bateria\",\"item\":\"https:\/\/compuviper.mx\/tienda\/categoria-producto\/energia\/bateria\/\"},{\"@type\":\"ListItem\",\"position\":5,\"name\":\"Tripp-lite Bp240v65l Gabinete De Bater?as Externas De ?120v Cd Para Ups Trif?sico Selectos De La Serie S3m De 10k ~ 100k &#8211; 40x Bater?as Vrla (agm) De 65ah.garant?a Limitada Por 1 A?o.\"}]},{\"@type\":\"WebSite\",\"@id\":\"https:\/\/compuviper.mx\/tienda\/#website\",\"url\":\"https:\/\/compuviper.mx\/tienda\/\",\"name\":\"Compuviper\",\"description\":\"Proveedor de Computadoras, Laptops, Servidores, Monitores, Puntos de Venta, Teclados,   Impresoras, T\u00f3ner, C\u00e1maras de Seguridad y m\u00e1s en tu tienda en l\u00ednea\",\"publisher\":{\"@id\":\"https:\/\/compuviper.mx\/tienda\/#organization\"},\"potentialAction\":[{\"@type\":\"SearchAction\",\"target\":{\"@type\":\"EntryPoint\",\"urlTemplate\":\"https:\/\/compuviper.mx\/tienda\/?s={search_term_string}\"},\"query-input\":\"required name=search_term_string\"}],\"inLanguage\":\"es-MX\"},{\"@type\":\"Organization\",\"@id\":\"https:\/\/compuviper.mx\/tienda\/#organization\",\"name\":\"Compuviper\",\"url\":\"https:\/\/compuviper.mx\/tienda\/\",\"logo\":{\"@type\":\"ImageObject\",\"inLanguage\":\"es-MX\",\"@id\":\"https:\/\/compuviper.mx\/tienda\/#\/schema\/logo\/image\/\",\"url\":\"https:\/\/compuviper.mx\/tienda\/wp-content\/uploads\/2021\/08\/Logo-Compuviper-10.png\",\"contentUrl\":\"https:\/\/compuviper.mx\/tienda\/wp-content\/uploads\/2021\/08\/Logo-Compuviper-10.png\",\"width\":1000,\"height\":500,\"caption\":\"Compuviper\"},\"image\":{\"@id\":\"https:\/\/compuviper.mx\/tienda\/#\/schema\/logo\/image\/\"},\"sameAs\":[\"https:\/\/www.facebook.com\/compuviper\",\"https:\/\/www.youtube.com\/channel\/UCf73dERp9Y3cfOq7q8BhLjA?view_as=subscriber\"]}]}<\/script>\n<meta property=\"product:brand\" content=\"TRIPP-LITE\" \/>\n<meta property=\"product:price:amount\" content=\"344857\" \/>\n<meta property=\"product:price:currency\" content=\"MXN\" \/>\n<meta property=\"og:availability\" content=\"backorder\" \/>\n<meta property=\"product:availability\" content=\"available for order\" \/>\n<meta property=\"product:retailer_item_id\" content=\"BP240V65L\" \/>\n<meta property=\"product:condition\" content=\"new\" \/>\n<!-- \/ Yoast SEO plugin. -->","yoast_head_json":{"title":"[ Tripp-lite ] &#129351; Bp240v65l Gabinete De Bater\u00edas Externas De \u00b1120v Cd Para Ups Trif\u00e1sico Selectos De La Serie S3m De 10k ~ 100k - 40x Bater\u00edas Vrla (agm) De 65ah.garant\u00eda Limitada Por 1 A\u00f1o.","description":"Compra Bp240v65l Gabinete De Bater\u00edas Externas De \u00b1120v Cd Para Ups Trif\u00e1sico Selectos De La Serie S3m De 10k ~ 100k - 40x Bater\u00edas Vrla (agm) De 65ah.garant\u00eda Limitada Por 1 A\u00f1o. + Env\u00edo a domicilio + Pago seguro + Garant\u00eda","robots":{"index":"index","follow":"follow","max-snippet":"max-snippet:-1","max-image-preview":"max-image-preview:large","max-video-preview":"max-video-preview:-1"},"canonical":"https:\/\/compuviper.mx\/tienda\/producto\/tripp-lite-bp240v65l-gabinete-de-bateras-externas-de-120v-cd-para-ups-trifsico-selectos-de-la-serie-s3m-de-10k-100k-40x-bateras-vrla-agm-de-65ah-garanta-limitada-por-1-ao\/","og_locale":"es_MX","og_type":"article","og_title":"[ Tripp-lite ] &#129351; Bp240v65l Gabinete De Bater\u00edas Externas De \u00b1120v Cd Para Ups Trif\u00e1sico Selectos De La Serie S3m De 10k ~ 100k - 40x Bater\u00edas Vrla (agm) De 65ah.garant\u00eda Limitada Por 1 A\u00f1o.","og_description":"Compra Bp240v65l Gabinete De Bater\u00edas Externas De \u00b1120v Cd Para Ups Trif\u00e1sico Selectos De La Serie S3m De 10k ~ 100k - 40x Bater\u00edas Vrla (agm) De 65ah.garant\u00eda Limitada Por 1 A\u00f1o. + Env\u00edo a domicilio + Pago seguro + Garant\u00eda","og_url":"https:\/\/compuviper.mx\/tienda\/producto\/tripp-lite-bp240v65l-gabinete-de-bateras-externas-de-120v-cd-para-ups-trifsico-selectos-de-la-serie-s3m-de-10k-100k-40x-bateras-vrla-agm-de-65ah-garanta-limitada-por-1-ao\/","og_site_name":"Compuviper","article_publisher":"https:\/\/www.facebook.com\/compuviper","og_image":[{"width":200,"height":200,"url":"https:\/\/compuviper.mx\/tienda\/wp-content\/uploads\/2024\/09\/Gabinete-de-baterias-externas-de-\u00b1120v-cd-tripp-lite-bp240v65l-para-ups-trifasico-selectos-de-la-serie-s3m-de-10k-100k-40x-baterias-vrla-agm-de-65ah.garantia-limitada-por-1-ano.jpg","type":"image\/jpeg"}],"twitter_card":"summary_large_image","twitter_misc":{"Precio":"&#36;344,857 con IVA","Availability":"On backorder"},"schema":{"@context":"https:\/\/schema.org","@graph":[{"@type":"WebPage","@id":"https:\/\/compuviper.mx\/tienda\/producto\/tripp-lite-bp240v65l-gabinete-de-bateras-externas-de-120v-cd-para-ups-trifsico-selectos-de-la-serie-s3m-de-10k-100k-40x-bateras-vrla-agm-de-65ah-garanta-limitada-por-1-ao\/","url":"https:\/\/compuviper.mx\/tienda\/producto\/tripp-lite-bp240v65l-gabinete-de-bateras-externas-de-120v-cd-para-ups-trifsico-selectos-de-la-serie-s3m-de-10k-100k-40x-bateras-vrla-agm-de-65ah-garanta-limitada-por-1-ao\/","name":"[ Tripp-lite ] &#129351; Bp240v65l Gabinete De Bater\u00edas Externas De \u00b1120v Cd Para Ups Trif\u00e1sico Selectos De La Serie S3m De 10k ~ 100k - 40x Bater\u00edas Vrla (agm) De 65ah.garant\u00eda Limitada Por 1 A\u00f1o.","isPartOf":{"@id":"https:\/\/compuviper.mx\/tienda\/#website"},"datePublished":"2026-04-07T06:25:50+00:00","dateModified":"2026-04-07T06:25:50+00:00","description":"Compra Bp240v65l Gabinete De Bater\u00edas Externas De \u00b1120v Cd Para Ups Trif\u00e1sico Selectos De La Serie S3m De 10k ~ 100k - 40x Bater\u00edas Vrla (agm) De 65ah.garant\u00eda Limitada Por 1 A\u00f1o. + Env\u00edo a domicilio + Pago seguro + Garant\u00eda","breadcrumb":{"@id":"https:\/\/compuviper.mx\/tienda\/producto\/tripp-lite-bp240v65l-gabinete-de-bateras-externas-de-120v-cd-para-ups-trifsico-selectos-de-la-serie-s3m-de-10k-100k-40x-bateras-vrla-agm-de-65ah-garanta-limitada-por-1-ao\/#breadcrumb"},"inLanguage":"es-MX","potentialAction":[{"@type":"ReadAction","target":["https:\/\/compuviper.mx\/tienda\/producto\/tripp-lite-bp240v65l-gabinete-de-bateras-externas-de-120v-cd-para-ups-trifsico-selectos-de-la-serie-s3m-de-10k-100k-40x-bateras-vrla-agm-de-65ah-garanta-limitada-por-1-ao\/"]}]},{"@type":"BreadcrumbList","@id":"https:\/\/compuviper.mx\/tienda\/producto\/tripp-lite-bp240v65l-gabinete-de-bateras-externas-de-120v-cd-para-ups-trifsico-selectos-de-la-serie-s3m-de-10k-100k-40x-bateras-vrla-agm-de-65ah-garanta-limitada-por-1-ao\/#breadcrumb","itemListElement":[{"@type":"ListItem","position":1,"name":"Inicio","item":"https:\/\/compuviper.mx\/tienda\/"},{"@type":"ListItem","position":2,"name":"Productos","item":"https:\/\/compuviper.mx\/tienda\/productos\/"},{"@type":"ListItem","position":3,"name":"Energia","item":"https:\/\/compuviper.mx\/tienda\/categoria-producto\/energia\/"},{"@type":"ListItem","position":4,"name":"Bateria","item":"https:\/\/compuviper.mx\/tienda\/categoria-producto\/energia\/bateria\/"},{"@type":"ListItem","position":5,"name":"Tripp-lite Bp240v65l Gabinete De Bater?as Externas De ?120v Cd Para Ups Trif?sico Selectos De La Serie S3m De 10k ~ 100k &#8211; 40x Bater?as Vrla (agm) De 65ah.garant?a Limitada Por 1 A?o."}]},{"@type":"WebSite","@id":"https:\/\/compuviper.mx\/tienda\/#website","url":"https:\/\/compuviper.mx\/tienda\/","name":"Compuviper","description":"Proveedor de Computadoras, Laptops, Servidores, Monitores, Puntos de Venta, Teclados,   Impresoras, T\u00f3ner, C\u00e1maras de Seguridad y m\u00e1s en tu tienda en l\u00ednea","publisher":{"@id":"https:\/\/compuviper.mx\/tienda\/#organization"},"potentialAction":[{"@type":"SearchAction","target":{"@type":"EntryPoint","urlTemplate":"https:\/\/compuviper.mx\/tienda\/?s={search_term_string}"},"query-input":"required name=search_term_string"}],"inLanguage":"es-MX"},{"@type":"Organization","@id":"https:\/\/compuviper.mx\/tienda\/#organization","name":"Compuviper","url":"https:\/\/compuviper.mx\/tienda\/","logo":{"@type":"ImageObject","inLanguage":"es-MX","@id":"https:\/\/compuviper.mx\/tienda\/#\/schema\/logo\/image\/","url":"https:\/\/compuviper.mx\/tienda\/wp-content\/uploads\/2021\/08\/Logo-Compuviper-10.png","contentUrl":"https:\/\/compuviper.mx\/tienda\/wp-content\/uploads\/2021\/08\/Logo-Compuviper-10.png","width":1000,"height":500,"caption":"Compuviper"},"image":{"@id":"https:\/\/compuviper.mx\/tienda\/#\/schema\/logo\/image\/"},"sameAs":["https:\/\/www.facebook.com\/compuviper","https:\/\/www.youtube.com\/channel\/UCf73dERp9Y3cfOq7q8BhLjA?view_as=subscriber"]}]},"product_brand":"TRIPP-LITE","product_price_amount":"344857","product_price_currency":"MXN","og_availability":"backorder","product_availability":"available for order","product_retailer_item_id":"BP240V65L","product_condition":"new"},"_links":{"self":[{"href":"https:\/\/compuviper.mx\/tienda\/wp-json\/wp\/v2\/product\/241222"}],"collection":[{"href":"https:\/\/compuviper.mx\/tienda\/wp-json\/wp\/v2\/product"}],"about":[{"href":"https:\/\/compuviper.mx\/tienda\/wp-json\/wp\/v2\/types\/product"}],"replies":[{"embeddable":true,"href":"https:\/\/compuviper.mx\/tienda\/wp-json\/wp\/v2\/comments?post=241222"}],"wp:featuredmedia":[{"embeddable":true,"href":"https:\/\/compuviper.mx\/tienda\/wp-json\/wp\/v2\/media\/242550"}],"wp:attachment":[{"href":"https:\/\/compuviper.mx\/tienda\/wp-json\/wp\/v2\/media?parent=241222"}],"wp:term":[{"taxonomy":"product_cat","embeddable":true,"href":"https:\/\/compuviper.mx\/tienda\/wp-json\/wp\/v2\/product_cat?post=241222"},{"taxonomy":"product_tag","embeddable":true,"href":"https:\/\/compuviper.mx\/tienda\/wp-json\/wp\/v2\/product_tag?post=241222"}],"curies":[{"name":"wp","href":"https:\/\/api.w.org\/{rel}","templated":true}]}}