{"id":241139,"date":"2026-04-16T00:58:58","date_gmt":"2026-04-16T06:58:58","guid":{"rendered":"https:\/\/compuviper.mx\/tienda\/producto\/perfect-choice-v-930716-mouse-gamer-ultraligero-12800-dpi-litebee-vortred-by\/"},"modified":"2026-04-16T00:58:59","modified_gmt":"2026-04-16T06:58:59","slug":"perfect-choice-v-930716-mouse-gamer-ultraligero-12800-dpi-litebee-vortred-by","status":"publish","type":"product","link":"https:\/\/compuviper.mx\/tienda\/producto\/perfect-choice-v-930716-mouse-gamer-ultraligero-12800-dpi-litebee-vortred-by\/","title":{"rendered":"Perfect Choice V-930716 Mouse Gamer Ultraligero 12800 Dpi Litebee Vortred By"},"content":{"rendered":"<table class=\"descripcion\">\n<tr>\n<td>Especificaciones tcnicas<\/td>\n<\/tr>\n<tr>\n<td>Alimentacin: 5vcc<\/td>\n<\/tr>\n<tr>\n<td>Conexin: almbrico usb<\/td>\n<\/tr>\n<tr>\n<td>Longitud del cable: 1.8m<\/td>\n<\/tr>\n<tr>\n<td>Dpi: 800-1600-3200-4800-6400-12800<\/td>\n<\/tr>\n<tr>\n<td>Sensor: instant a825<\/td>\n<\/tr>\n<tr>\n<td>Aceleracin: 20g<\/td>\n<\/tr>\n<tr>\n<td>Iluminacin: rgb<\/td>\n<\/tr>\n<tr>\n<td>Botones: 7d<\/td>\n<\/tr>\n<tr>\n<td>Switch: huano &#8211; 5 millones ciclos<\/td>\n<\/tr>\n<\/table>\n","protected":false},"excerpt":{"rendered":"<p>.Su diseo anti-sudor garantiza que puedas mantener la concentracin durante horas sin. Preocuparte por el deslizamiento o la incomodidad. Adems, su construccin ligera te. Permite moverte con agilidad y rapidez en cualquier situacin. Preprate para dominar el. Campo de batalla con este mouse diseado para los jugadores ms exigentes. Descubre el poder del juego sin lmites con nuestro mouse gamer de ltima generacin. Equipado con una asombrosa precisin de hasta 12,800 dpi, este dispositivo te brinda un. Control absoluto en cada movimiento, desde los movimientos ms sutiles hasta los rpidos. Giros en el fragor de la batalla<\/p>\n","protected":false},"featured_media":242836,"comment_status":"open","ping_status":"open","template":"","meta":[],"product_cat":[1752,1748],"product_tag":[1513],"acf":[],"yoast_head":"<!-- This site is optimized with the Yoast SEO plugin v21.7 - https:\/\/yoast.com\/wordpress\/plugins\/seo\/ -->\n<title>[ Perfect Choice ] &#129351; V-930716 Mouse Gamer Ultraligero 12800 Dpi Litebee Vortred By<\/title>\n<meta name=\"description\" content=\"Compra V-930716 Mouse Gamer Ultraligero 12800 Dpi Litebee Vortred By + Env\u00edo a domicilio + Pago seguro + Garant\u00eda\" \/>\n<meta name=\"robots\" content=\"index, follow, max-snippet:-1, max-image-preview:large, max-video-preview:-1\" \/>\n<link rel=\"canonical\" href=\"https:\/\/compuviper.mx\/tienda\/producto\/perfect-choice-v-930716-mouse-gamer-ultraligero-12800-dpi-litebee-vortred-by\/\" \/>\n<meta property=\"og:locale\" content=\"es_MX\" \/>\n<meta property=\"og:type\" content=\"article\" \/>\n<meta property=\"og:title\" content=\"[ Perfect Choice ] &#129351; V-930716 Mouse Gamer Ultraligero 12800 Dpi Litebee Vortred By\" \/>\n<meta property=\"og:description\" content=\"Compra V-930716 Mouse Gamer Ultraligero 12800 Dpi Litebee Vortred By + Env\u00edo a domicilio + Pago seguro + Garant\u00eda\" \/>\n<meta property=\"og:url\" content=\"https:\/\/compuviper.mx\/tienda\/producto\/perfect-choice-v-930716-mouse-gamer-ultraligero-12800-dpi-litebee-vortred-by\/\" \/>\n<meta property=\"og:site_name\" content=\"Compuviper\" \/>\n<meta property=\"article:publisher\" content=\"https:\/\/www.facebook.com\/compuviper\" \/>\n<meta property=\"article:modified_time\" content=\"2026-04-16T06:58:59+00:00\" \/>\n<meta property=\"og:image\" content=\"https:\/\/compuviper.mx\/tienda\/wp-content\/uploads\/2024\/09\/Mouse-gamer-ultraligero-12800-dpi-litebee-vortred-by-perfect-choice.jpg\" \/>\n\t<meta property=\"og:image:width\" content=\"200\" \/>\n\t<meta property=\"og:image:height\" content=\"200\" \/>\n\t<meta property=\"og:image:type\" content=\"image\/jpeg\" \/>\n<meta name=\"twitter:card\" content=\"summary_large_image\" \/>\n<meta name=\"twitter:label1\" content=\"Precio\" \/>\n\t<meta name=\"twitter:data1\" content=\"&#36;291 con IVA\" \/>\n\t<meta name=\"twitter:label2\" content=\"Availability\" \/>\n\t<meta name=\"twitter:data2\" content=\"In stock\" \/>\n<script type=\"application\/ld+json\" class=\"yoast-schema-graph\">{\"@context\":\"https:\/\/schema.org\",\"@graph\":[{\"@type\":\"WebPage\",\"@id\":\"https:\/\/compuviper.mx\/tienda\/producto\/perfect-choice-v-930716-mouse-gamer-ultraligero-12800-dpi-litebee-vortred-by\/\",\"url\":\"https:\/\/compuviper.mx\/tienda\/producto\/perfect-choice-v-930716-mouse-gamer-ultraligero-12800-dpi-litebee-vortred-by\/\",\"name\":\"[ Perfect Choice ] &#129351; V-930716 Mouse Gamer Ultraligero 12800 Dpi Litebee Vortred By\",\"isPartOf\":{\"@id\":\"https:\/\/compuviper.mx\/tienda\/#website\"},\"datePublished\":\"2026-04-16T06:58:58+00:00\",\"dateModified\":\"2026-04-16T06:58:59+00:00\",\"description\":\"Compra V-930716 Mouse Gamer Ultraligero 12800 Dpi Litebee Vortred By + Env\u00edo a domicilio + Pago seguro + Garant\u00eda\",\"breadcrumb\":{\"@id\":\"https:\/\/compuviper.mx\/tienda\/producto\/perfect-choice-v-930716-mouse-gamer-ultraligero-12800-dpi-litebee-vortred-by\/#breadcrumb\"},\"inLanguage\":\"es-MX\",\"potentialAction\":[{\"@type\":\"ReadAction\",\"target\":[\"https:\/\/compuviper.mx\/tienda\/producto\/perfect-choice-v-930716-mouse-gamer-ultraligero-12800-dpi-litebee-vortred-by\/\"]}]},{\"@type\":\"BreadcrumbList\",\"@id\":\"https:\/\/compuviper.mx\/tienda\/producto\/perfect-choice-v-930716-mouse-gamer-ultraligero-12800-dpi-litebee-vortred-by\/#breadcrumb\",\"itemListElement\":[{\"@type\":\"ListItem\",\"position\":1,\"name\":\"Inicio\",\"item\":\"https:\/\/compuviper.mx\/tienda\/\"},{\"@type\":\"ListItem\",\"position\":2,\"name\":\"Productos\",\"item\":\"https:\/\/compuviper.mx\/tienda\/productos\/\"},{\"@type\":\"ListItem\",\"position\":3,\"name\":\"Mouse\",\"item\":\"https:\/\/compuviper.mx\/tienda\/categoria-producto\/mouse\/\"},{\"@type\":\"ListItem\",\"position\":4,\"name\":\"Gamers\",\"item\":\"https:\/\/compuviper.mx\/tienda\/categoria-producto\/mouse\/gamers-mouse\/\"},{\"@type\":\"ListItem\",\"position\":5,\"name\":\"Perfect Choice V-930716 Mouse Gamer Ultraligero 12800 Dpi Litebee Vortred By\"}]},{\"@type\":\"WebSite\",\"@id\":\"https:\/\/compuviper.mx\/tienda\/#website\",\"url\":\"https:\/\/compuviper.mx\/tienda\/\",\"name\":\"Compuviper\",\"description\":\"Proveedor de Computadoras, Laptops, Servidores, Monitores, Puntos de Venta, Teclados,   Impresoras, T\u00f3ner, C\u00e1maras de Seguridad y m\u00e1s en tu tienda en l\u00ednea\",\"publisher\":{\"@id\":\"https:\/\/compuviper.mx\/tienda\/#organization\"},\"potentialAction\":[{\"@type\":\"SearchAction\",\"target\":{\"@type\":\"EntryPoint\",\"urlTemplate\":\"https:\/\/compuviper.mx\/tienda\/?s={search_term_string}\"},\"query-input\":\"required name=search_term_string\"}],\"inLanguage\":\"es-MX\"},{\"@type\":\"Organization\",\"@id\":\"https:\/\/compuviper.mx\/tienda\/#organization\",\"name\":\"Compuviper\",\"url\":\"https:\/\/compuviper.mx\/tienda\/\",\"logo\":{\"@type\":\"ImageObject\",\"inLanguage\":\"es-MX\",\"@id\":\"https:\/\/compuviper.mx\/tienda\/#\/schema\/logo\/image\/\",\"url\":\"https:\/\/compuviper.mx\/tienda\/wp-content\/uploads\/2021\/08\/Logo-Compuviper-10.png\",\"contentUrl\":\"https:\/\/compuviper.mx\/tienda\/wp-content\/uploads\/2021\/08\/Logo-Compuviper-10.png\",\"width\":1000,\"height\":500,\"caption\":\"Compuviper\"},\"image\":{\"@id\":\"https:\/\/compuviper.mx\/tienda\/#\/schema\/logo\/image\/\"},\"sameAs\":[\"https:\/\/www.facebook.com\/compuviper\",\"https:\/\/www.youtube.com\/channel\/UCf73dERp9Y3cfOq7q8BhLjA?view_as=subscriber\"]}]}<\/script>\n<meta property=\"product:brand\" content=\"PERFECT CHOICE\" \/>\n<meta property=\"product:price:amount\" content=\"291\" \/>\n<meta property=\"product:price:currency\" content=\"MXN\" \/>\n<meta property=\"og:availability\" content=\"instock\" \/>\n<meta property=\"product:availability\" content=\"instock\" \/>\n<meta property=\"product:retailer_item_id\" content=\"V-930716\" \/>\n<meta property=\"product:condition\" content=\"new\" \/>\n<!-- \/ Yoast SEO plugin. -->","yoast_head_json":{"title":"[ Perfect Choice ] &#129351; V-930716 Mouse Gamer Ultraligero 12800 Dpi Litebee Vortred By","description":"Compra V-930716 Mouse Gamer Ultraligero 12800 Dpi Litebee Vortred By + Env\u00edo a domicilio + Pago seguro + Garant\u00eda","robots":{"index":"index","follow":"follow","max-snippet":"max-snippet:-1","max-image-preview":"max-image-preview:large","max-video-preview":"max-video-preview:-1"},"canonical":"https:\/\/compuviper.mx\/tienda\/producto\/perfect-choice-v-930716-mouse-gamer-ultraligero-12800-dpi-litebee-vortred-by\/","og_locale":"es_MX","og_type":"article","og_title":"[ Perfect Choice ] &#129351; V-930716 Mouse Gamer Ultraligero 12800 Dpi Litebee Vortred By","og_description":"Compra V-930716 Mouse Gamer Ultraligero 12800 Dpi Litebee Vortred By + Env\u00edo a domicilio + Pago seguro + Garant\u00eda","og_url":"https:\/\/compuviper.mx\/tienda\/producto\/perfect-choice-v-930716-mouse-gamer-ultraligero-12800-dpi-litebee-vortred-by\/","og_site_name":"Compuviper","article_publisher":"https:\/\/www.facebook.com\/compuviper","article_modified_time":"2026-04-16T06:58:59+00:00","og_image":[{"width":200,"height":200,"url":"https:\/\/compuviper.mx\/tienda\/wp-content\/uploads\/2024\/09\/Mouse-gamer-ultraligero-12800-dpi-litebee-vortred-by-perfect-choice.jpg","type":"image\/jpeg"}],"twitter_card":"summary_large_image","twitter_misc":{"Precio":"&#36;291 con IVA","Availability":"In stock"},"schema":{"@context":"https:\/\/schema.org","@graph":[{"@type":"WebPage","@id":"https:\/\/compuviper.mx\/tienda\/producto\/perfect-choice-v-930716-mouse-gamer-ultraligero-12800-dpi-litebee-vortred-by\/","url":"https:\/\/compuviper.mx\/tienda\/producto\/perfect-choice-v-930716-mouse-gamer-ultraligero-12800-dpi-litebee-vortred-by\/","name":"[ Perfect Choice ] &#129351; V-930716 Mouse Gamer Ultraligero 12800 Dpi Litebee Vortred By","isPartOf":{"@id":"https:\/\/compuviper.mx\/tienda\/#website"},"datePublished":"2026-04-16T06:58:58+00:00","dateModified":"2026-04-16T06:58:59+00:00","description":"Compra V-930716 Mouse Gamer Ultraligero 12800 Dpi Litebee Vortred By + Env\u00edo a domicilio + Pago seguro + Garant\u00eda","breadcrumb":{"@id":"https:\/\/compuviper.mx\/tienda\/producto\/perfect-choice-v-930716-mouse-gamer-ultraligero-12800-dpi-litebee-vortred-by\/#breadcrumb"},"inLanguage":"es-MX","potentialAction":[{"@type":"ReadAction","target":["https:\/\/compuviper.mx\/tienda\/producto\/perfect-choice-v-930716-mouse-gamer-ultraligero-12800-dpi-litebee-vortred-by\/"]}]},{"@type":"BreadcrumbList","@id":"https:\/\/compuviper.mx\/tienda\/producto\/perfect-choice-v-930716-mouse-gamer-ultraligero-12800-dpi-litebee-vortred-by\/#breadcrumb","itemListElement":[{"@type":"ListItem","position":1,"name":"Inicio","item":"https:\/\/compuviper.mx\/tienda\/"},{"@type":"ListItem","position":2,"name":"Productos","item":"https:\/\/compuviper.mx\/tienda\/productos\/"},{"@type":"ListItem","position":3,"name":"Mouse","item":"https:\/\/compuviper.mx\/tienda\/categoria-producto\/mouse\/"},{"@type":"ListItem","position":4,"name":"Gamers","item":"https:\/\/compuviper.mx\/tienda\/categoria-producto\/mouse\/gamers-mouse\/"},{"@type":"ListItem","position":5,"name":"Perfect Choice V-930716 Mouse Gamer Ultraligero 12800 Dpi Litebee Vortred By"}]},{"@type":"WebSite","@id":"https:\/\/compuviper.mx\/tienda\/#website","url":"https:\/\/compuviper.mx\/tienda\/","name":"Compuviper","description":"Proveedor de Computadoras, Laptops, Servidores, Monitores, Puntos de Venta, Teclados,   Impresoras, T\u00f3ner, C\u00e1maras de Seguridad y m\u00e1s en tu tienda en l\u00ednea","publisher":{"@id":"https:\/\/compuviper.mx\/tienda\/#organization"},"potentialAction":[{"@type":"SearchAction","target":{"@type":"EntryPoint","urlTemplate":"https:\/\/compuviper.mx\/tienda\/?s={search_term_string}"},"query-input":"required name=search_term_string"}],"inLanguage":"es-MX"},{"@type":"Organization","@id":"https:\/\/compuviper.mx\/tienda\/#organization","name":"Compuviper","url":"https:\/\/compuviper.mx\/tienda\/","logo":{"@type":"ImageObject","inLanguage":"es-MX","@id":"https:\/\/compuviper.mx\/tienda\/#\/schema\/logo\/image\/","url":"https:\/\/compuviper.mx\/tienda\/wp-content\/uploads\/2021\/08\/Logo-Compuviper-10.png","contentUrl":"https:\/\/compuviper.mx\/tienda\/wp-content\/uploads\/2021\/08\/Logo-Compuviper-10.png","width":1000,"height":500,"caption":"Compuviper"},"image":{"@id":"https:\/\/compuviper.mx\/tienda\/#\/schema\/logo\/image\/"},"sameAs":["https:\/\/www.facebook.com\/compuviper","https:\/\/www.youtube.com\/channel\/UCf73dERp9Y3cfOq7q8BhLjA?view_as=subscriber"]}]},"product_brand":"PERFECT CHOICE","product_price_amount":"291","product_price_currency":"MXN","og_availability":"instock","product_availability":"instock","product_retailer_item_id":"V-930716","product_condition":"new"},"_links":{"self":[{"href":"https:\/\/compuviper.mx\/tienda\/wp-json\/wp\/v2\/product\/241139"}],"collection":[{"href":"https:\/\/compuviper.mx\/tienda\/wp-json\/wp\/v2\/product"}],"about":[{"href":"https:\/\/compuviper.mx\/tienda\/wp-json\/wp\/v2\/types\/product"}],"replies":[{"embeddable":true,"href":"https:\/\/compuviper.mx\/tienda\/wp-json\/wp\/v2\/comments?post=241139"}],"wp:featuredmedia":[{"embeddable":true,"href":"https:\/\/compuviper.mx\/tienda\/wp-json\/wp\/v2\/media\/242836"}],"wp:attachment":[{"href":"https:\/\/compuviper.mx\/tienda\/wp-json\/wp\/v2\/media?parent=241139"}],"wp:term":[{"taxonomy":"product_cat","embeddable":true,"href":"https:\/\/compuviper.mx\/tienda\/wp-json\/wp\/v2\/product_cat?post=241139"},{"taxonomy":"product_tag","embeddable":true,"href":"https:\/\/compuviper.mx\/tienda\/wp-json\/wp\/v2\/product_tag?post=241139"}],"curies":[{"name":"wp","href":"https:\/\/api.w.org\/{rel}","templated":true}]}}