{"id":241129,"date":"2026-04-11T00:00:30","date_gmt":"2026-04-11T06:00:30","guid":{"rendered":"https:\/\/compuviper.mx\/tienda\/producto\/silimex-silimpo-gamer-espuma-limpiadora-300-ml\/"},"modified":"2026-04-11T00:00:31","modified_gmt":"2026-04-11T06:00:31","slug":"silimex-espuma-limpiadora-gamer-300-gr-espuma-limpiadora-silimpo-gamer-300-ml","status":"publish","type":"product","link":"https:\/\/compuviper.mx\/tienda\/producto\/silimex-espuma-limpiadora-gamer-300-gr-espuma-limpiadora-silimpo-gamer-300-ml\/","title":{"rendered":"Silimex Espuma Limpiadora Gamer 300 Gr Espuma Limpiadora Silimpo Gamer  300 Ml"},"content":{"rendered":"<table class=\"descripcion\">\n<tr>\n<td>La espuma limpiadora silimpo gamer\u00ae es un limpiador especializado para consolas, teclados, controles y otros perif\u00e9ricos de equipos gamer. formulado para eliminar suciedad, polvo y manchas de superficies pl\u00e1sticas sin da\u00f1ar los dispositivos. su f\u00f3rmula suave permite una limpieza efectiva sin dejar residuos. se aplica mediante un formato de espuma que facilita la cobertura uniforme, y su uso es seguro en superficies pl\u00e1sticas, aunque no se recomienda para pantallas ni componentes sensibles a la humedad. ideal para prolongar la vida \u00fatil de equipos de juego.<\/td>\n<\/tr>\n<tr>\n<td>Espuma limpiadora de superficies: poder de limpieza, f\u00e1cil expansi\u00f3n de producto con propiedades anticorrosivas y tensoactivos biodegradable.<\/td>\n<\/tr>\n<\/table>\n","protected":false},"excerpt":{"rendered":"<p>La espuma limpiadora silimpo gamer\u00ae es ideal para mantener tu equipo gamer impecable. Dise\u00f1ada para eliminar polvo, manchas y suciedad, su f\u00f3rmula en espuma permite una limpieza profunda y segura en teclados, controles y consolas, sin dejar residuos. Mant\u00e9n tus dispositivos como nuevos con este producto f\u00e1cil de usar, simplemente apl\u00edcalo con una microfibra para resultados impecables. No est\u00e1 recomendada para pantallas. Es el aliado perfecto para los gamers que buscan un cuidado efectivo de sus equipos.<\/p>\n","protected":false},"featured_media":242293,"comment_status":"open","ping_status":"open","template":"","meta":[],"product_cat":[1638,1619],"product_tag":[1621],"acf":[],"yoast_head":"<!-- This site is optimized with the Yoast SEO plugin v21.7 - https:\/\/yoast.com\/wordpress\/plugins\/seo\/ -->\n<title>[ Silimex ] &#129351; Espuma Limpiadora Gamer 300 Gr Espuma Limpiadora Silimpo Gamer 300 Ml<\/title>\n<meta name=\"description\" content=\"Compra Espuma Limpiadora Gamer 300 Gr Espuma Limpiadora Silimpo Gamer 300 Ml + Env\u00edo a domicilio + Pago seguro + Garant\u00eda\" \/>\n<meta name=\"robots\" content=\"index, follow, max-snippet:-1, max-image-preview:large, max-video-preview:-1\" \/>\n<link rel=\"canonical\" href=\"https:\/\/compuviper.mx\/tienda\/producto\/silimex-espuma-limpiadora-gamer-300-gr-espuma-limpiadora-silimpo-gamer-300-ml\/\" \/>\n<meta property=\"og:locale\" content=\"es_MX\" \/>\n<meta property=\"og:type\" content=\"article\" \/>\n<meta property=\"og:title\" content=\"[ Silimex ] &#129351; Espuma Limpiadora Gamer 300 Gr Espuma Limpiadora Silimpo Gamer 300 Ml\" \/>\n<meta property=\"og:description\" content=\"Compra Espuma Limpiadora Gamer 300 Gr Espuma Limpiadora Silimpo Gamer 300 Ml + Env\u00edo a domicilio + Pago seguro + Garant\u00eda\" \/>\n<meta property=\"og:url\" content=\"https:\/\/compuviper.mx\/tienda\/producto\/silimex-espuma-limpiadora-gamer-300-gr-espuma-limpiadora-silimpo-gamer-300-ml\/\" \/>\n<meta property=\"og:site_name\" content=\"Compuviper\" \/>\n<meta property=\"article:publisher\" content=\"https:\/\/www.facebook.com\/compuviper\" \/>\n<meta property=\"article:modified_time\" content=\"2026-04-11T06:00:31+00:00\" \/>\n<meta property=\"og:image\" content=\"https:\/\/compuviper.mx\/tienda\/wp-content\/uploads\/2024\/09\/Espuma-limpiadora-silimpo-gamer-silimex-300-ml.jpg\" \/>\n\t<meta property=\"og:image:width\" content=\"200\" \/>\n\t<meta property=\"og:image:height\" content=\"200\" \/>\n\t<meta property=\"og:image:type\" content=\"image\/jpeg\" \/>\n<meta name=\"twitter:card\" content=\"summary_large_image\" \/>\n<meta name=\"twitter:label1\" content=\"Precio\" \/>\n\t<meta name=\"twitter:data1\" content=\"&#36;66 con IVA\" \/>\n\t<meta name=\"twitter:label2\" content=\"Availability\" \/>\n\t<meta name=\"twitter:data2\" content=\"In stock\" \/>\n<script type=\"application\/ld+json\" class=\"yoast-schema-graph\">{\"@context\":\"https:\/\/schema.org\",\"@graph\":[{\"@type\":\"WebPage\",\"@id\":\"https:\/\/compuviper.mx\/tienda\/producto\/silimex-espuma-limpiadora-gamer-300-gr-espuma-limpiadora-silimpo-gamer-300-ml\/\",\"url\":\"https:\/\/compuviper.mx\/tienda\/producto\/silimex-espuma-limpiadora-gamer-300-gr-espuma-limpiadora-silimpo-gamer-300-ml\/\",\"name\":\"[ Silimex ] &#129351; Espuma Limpiadora Gamer 300 Gr Espuma Limpiadora Silimpo Gamer 300 Ml\",\"isPartOf\":{\"@id\":\"https:\/\/compuviper.mx\/tienda\/#website\"},\"datePublished\":\"2026-04-11T06:00:30+00:00\",\"dateModified\":\"2026-04-11T06:00:31+00:00\",\"description\":\"Compra Espuma Limpiadora Gamer 300 Gr Espuma Limpiadora Silimpo Gamer 300 Ml + Env\u00edo a domicilio + Pago seguro + Garant\u00eda\",\"breadcrumb\":{\"@id\":\"https:\/\/compuviper.mx\/tienda\/producto\/silimex-espuma-limpiadora-gamer-300-gr-espuma-limpiadora-silimpo-gamer-300-ml\/#breadcrumb\"},\"inLanguage\":\"es-MX\",\"potentialAction\":[{\"@type\":\"ReadAction\",\"target\":[\"https:\/\/compuviper.mx\/tienda\/producto\/silimex-espuma-limpiadora-gamer-300-gr-espuma-limpiadora-silimpo-gamer-300-ml\/\"]}]},{\"@type\":\"BreadcrumbList\",\"@id\":\"https:\/\/compuviper.mx\/tienda\/producto\/silimex-espuma-limpiadora-gamer-300-gr-espuma-limpiadora-silimpo-gamer-300-ml\/#breadcrumb\",\"itemListElement\":[{\"@type\":\"ListItem\",\"position\":1,\"name\":\"Inicio\",\"item\":\"https:\/\/compuviper.mx\/tienda\/\"},{\"@type\":\"ListItem\",\"position\":2,\"name\":\"Productos\",\"item\":\"https:\/\/compuviper.mx\/tienda\/productos\/\"},{\"@type\":\"ListItem\",\"position\":3,\"name\":\"Productos De Limpieza\",\"item\":\"https:\/\/compuviper.mx\/tienda\/categoria-producto\/productos-de-limpieza\/\"},{\"@type\":\"ListItem\",\"position\":4,\"name\":\"Limpiadores De Gabinetes Y Carcasas\",\"item\":\"https:\/\/compuviper.mx\/tienda\/categoria-producto\/productos-de-limpieza\/limpiadores-de-gabinetes-y-carcasas\/\"},{\"@type\":\"ListItem\",\"position\":5,\"name\":\"Silimex Espuma Limpiadora Gamer 300 Gr Espuma Limpiadora Silimpo Gamer 300 Ml\"}]},{\"@type\":\"WebSite\",\"@id\":\"https:\/\/compuviper.mx\/tienda\/#website\",\"url\":\"https:\/\/compuviper.mx\/tienda\/\",\"name\":\"Compuviper\",\"description\":\"Proveedor de Computadoras, Laptops, Servidores, Monitores, Puntos de Venta, Teclados,   Impresoras, T\u00f3ner, C\u00e1maras de Seguridad y m\u00e1s en tu tienda en l\u00ednea\",\"publisher\":{\"@id\":\"https:\/\/compuviper.mx\/tienda\/#organization\"},\"potentialAction\":[{\"@type\":\"SearchAction\",\"target\":{\"@type\":\"EntryPoint\",\"urlTemplate\":\"https:\/\/compuviper.mx\/tienda\/?s={search_term_string}\"},\"query-input\":\"required name=search_term_string\"}],\"inLanguage\":\"es-MX\"},{\"@type\":\"Organization\",\"@id\":\"https:\/\/compuviper.mx\/tienda\/#organization\",\"name\":\"Compuviper\",\"url\":\"https:\/\/compuviper.mx\/tienda\/\",\"logo\":{\"@type\":\"ImageObject\",\"inLanguage\":\"es-MX\",\"@id\":\"https:\/\/compuviper.mx\/tienda\/#\/schema\/logo\/image\/\",\"url\":\"https:\/\/compuviper.mx\/tienda\/wp-content\/uploads\/2021\/08\/Logo-Compuviper-10.png\",\"contentUrl\":\"https:\/\/compuviper.mx\/tienda\/wp-content\/uploads\/2021\/08\/Logo-Compuviper-10.png\",\"width\":1000,\"height\":500,\"caption\":\"Compuviper\"},\"image\":{\"@id\":\"https:\/\/compuviper.mx\/tienda\/#\/schema\/logo\/image\/\"},\"sameAs\":[\"https:\/\/www.facebook.com\/compuviper\",\"https:\/\/www.youtube.com\/channel\/UCf73dERp9Y3cfOq7q8BhLjA?view_as=subscriber\"]}]}<\/script>\n<meta property=\"product:brand\" content=\"SILIMEX\" \/>\n<meta property=\"product:price:amount\" content=\"66\" \/>\n<meta property=\"product:price:currency\" content=\"MXN\" \/>\n<meta property=\"og:availability\" content=\"instock\" \/>\n<meta property=\"product:availability\" content=\"instock\" \/>\n<meta property=\"product:retailer_item_id\" content=\"ESPUMA LIMPIADORA GAMER 300 GR\" \/>\n<meta property=\"product:condition\" content=\"new\" \/>\n<!-- \/ Yoast SEO plugin. -->","yoast_head_json":{"title":"[ Silimex ] &#129351; Espuma Limpiadora Gamer 300 Gr Espuma Limpiadora Silimpo Gamer 300 Ml","description":"Compra Espuma Limpiadora Gamer 300 Gr Espuma Limpiadora Silimpo Gamer 300 Ml + Env\u00edo a domicilio + Pago seguro + Garant\u00eda","robots":{"index":"index","follow":"follow","max-snippet":"max-snippet:-1","max-image-preview":"max-image-preview:large","max-video-preview":"max-video-preview:-1"},"canonical":"https:\/\/compuviper.mx\/tienda\/producto\/silimex-espuma-limpiadora-gamer-300-gr-espuma-limpiadora-silimpo-gamer-300-ml\/","og_locale":"es_MX","og_type":"article","og_title":"[ Silimex ] &#129351; Espuma Limpiadora Gamer 300 Gr Espuma Limpiadora Silimpo Gamer 300 Ml","og_description":"Compra Espuma Limpiadora Gamer 300 Gr Espuma Limpiadora Silimpo Gamer 300 Ml + Env\u00edo a domicilio + Pago seguro + Garant\u00eda","og_url":"https:\/\/compuviper.mx\/tienda\/producto\/silimex-espuma-limpiadora-gamer-300-gr-espuma-limpiadora-silimpo-gamer-300-ml\/","og_site_name":"Compuviper","article_publisher":"https:\/\/www.facebook.com\/compuviper","article_modified_time":"2026-04-11T06:00:31+00:00","og_image":[{"width":200,"height":200,"url":"https:\/\/compuviper.mx\/tienda\/wp-content\/uploads\/2024\/09\/Espuma-limpiadora-silimpo-gamer-silimex-300-ml.jpg","type":"image\/jpeg"}],"twitter_card":"summary_large_image","twitter_misc":{"Precio":"&#36;66 con IVA","Availability":"In stock"},"schema":{"@context":"https:\/\/schema.org","@graph":[{"@type":"WebPage","@id":"https:\/\/compuviper.mx\/tienda\/producto\/silimex-espuma-limpiadora-gamer-300-gr-espuma-limpiadora-silimpo-gamer-300-ml\/","url":"https:\/\/compuviper.mx\/tienda\/producto\/silimex-espuma-limpiadora-gamer-300-gr-espuma-limpiadora-silimpo-gamer-300-ml\/","name":"[ Silimex ] &#129351; Espuma Limpiadora Gamer 300 Gr Espuma Limpiadora Silimpo Gamer 300 Ml","isPartOf":{"@id":"https:\/\/compuviper.mx\/tienda\/#website"},"datePublished":"2026-04-11T06:00:30+00:00","dateModified":"2026-04-11T06:00:31+00:00","description":"Compra Espuma Limpiadora Gamer 300 Gr Espuma Limpiadora Silimpo Gamer 300 Ml + Env\u00edo a domicilio + Pago seguro + Garant\u00eda","breadcrumb":{"@id":"https:\/\/compuviper.mx\/tienda\/producto\/silimex-espuma-limpiadora-gamer-300-gr-espuma-limpiadora-silimpo-gamer-300-ml\/#breadcrumb"},"inLanguage":"es-MX","potentialAction":[{"@type":"ReadAction","target":["https:\/\/compuviper.mx\/tienda\/producto\/silimex-espuma-limpiadora-gamer-300-gr-espuma-limpiadora-silimpo-gamer-300-ml\/"]}]},{"@type":"BreadcrumbList","@id":"https:\/\/compuviper.mx\/tienda\/producto\/silimex-espuma-limpiadora-gamer-300-gr-espuma-limpiadora-silimpo-gamer-300-ml\/#breadcrumb","itemListElement":[{"@type":"ListItem","position":1,"name":"Inicio","item":"https:\/\/compuviper.mx\/tienda\/"},{"@type":"ListItem","position":2,"name":"Productos","item":"https:\/\/compuviper.mx\/tienda\/productos\/"},{"@type":"ListItem","position":3,"name":"Productos De Limpieza","item":"https:\/\/compuviper.mx\/tienda\/categoria-producto\/productos-de-limpieza\/"},{"@type":"ListItem","position":4,"name":"Limpiadores De Gabinetes Y Carcasas","item":"https:\/\/compuviper.mx\/tienda\/categoria-producto\/productos-de-limpieza\/limpiadores-de-gabinetes-y-carcasas\/"},{"@type":"ListItem","position":5,"name":"Silimex Espuma Limpiadora Gamer 300 Gr Espuma Limpiadora Silimpo Gamer 300 Ml"}]},{"@type":"WebSite","@id":"https:\/\/compuviper.mx\/tienda\/#website","url":"https:\/\/compuviper.mx\/tienda\/","name":"Compuviper","description":"Proveedor de Computadoras, Laptops, Servidores, Monitores, Puntos de Venta, Teclados,   Impresoras, T\u00f3ner, C\u00e1maras de Seguridad y m\u00e1s en tu tienda en l\u00ednea","publisher":{"@id":"https:\/\/compuviper.mx\/tienda\/#organization"},"potentialAction":[{"@type":"SearchAction","target":{"@type":"EntryPoint","urlTemplate":"https:\/\/compuviper.mx\/tienda\/?s={search_term_string}"},"query-input":"required name=search_term_string"}],"inLanguage":"es-MX"},{"@type":"Organization","@id":"https:\/\/compuviper.mx\/tienda\/#organization","name":"Compuviper","url":"https:\/\/compuviper.mx\/tienda\/","logo":{"@type":"ImageObject","inLanguage":"es-MX","@id":"https:\/\/compuviper.mx\/tienda\/#\/schema\/logo\/image\/","url":"https:\/\/compuviper.mx\/tienda\/wp-content\/uploads\/2021\/08\/Logo-Compuviper-10.png","contentUrl":"https:\/\/compuviper.mx\/tienda\/wp-content\/uploads\/2021\/08\/Logo-Compuviper-10.png","width":1000,"height":500,"caption":"Compuviper"},"image":{"@id":"https:\/\/compuviper.mx\/tienda\/#\/schema\/logo\/image\/"},"sameAs":["https:\/\/www.facebook.com\/compuviper","https:\/\/www.youtube.com\/channel\/UCf73dERp9Y3cfOq7q8BhLjA?view_as=subscriber"]}]},"product_brand":"SILIMEX","product_price_amount":"66","product_price_currency":"MXN","og_availability":"instock","product_availability":"instock","product_retailer_item_id":"ESPUMA LIMPIADORA GAMER 300 GR","product_condition":"new"},"_links":{"self":[{"href":"https:\/\/compuviper.mx\/tienda\/wp-json\/wp\/v2\/product\/241129"}],"collection":[{"href":"https:\/\/compuviper.mx\/tienda\/wp-json\/wp\/v2\/product"}],"about":[{"href":"https:\/\/compuviper.mx\/tienda\/wp-json\/wp\/v2\/types\/product"}],"replies":[{"embeddable":true,"href":"https:\/\/compuviper.mx\/tienda\/wp-json\/wp\/v2\/comments?post=241129"}],"wp:featuredmedia":[{"embeddable":true,"href":"https:\/\/compuviper.mx\/tienda\/wp-json\/wp\/v2\/media\/242293"}],"wp:attachment":[{"href":"https:\/\/compuviper.mx\/tienda\/wp-json\/wp\/v2\/media?parent=241129"}],"wp:term":[{"taxonomy":"product_cat","embeddable":true,"href":"https:\/\/compuviper.mx\/tienda\/wp-json\/wp\/v2\/product_cat?post=241129"},{"taxonomy":"product_tag","embeddable":true,"href":"https:\/\/compuviper.mx\/tienda\/wp-json\/wp\/v2\/product_tag?post=241129"}],"curies":[{"name":"wp","href":"https:\/\/api.w.org\/{rel}","templated":true}]}}