{"id":240973,"date":"2026-04-14T00:39:31","date_gmt":"2026-04-14T06:39:31","guid":{"rendered":"https:\/\/compuviper.mx\/tienda\/producto\/tech-zone-accesorios-tzaccbi04-teclado-mouse-techzone-teclado-mini\/"},"modified":"2026-04-14T00:39:31","modified_gmt":"2026-04-14T06:39:31","slug":"tech-zone-accesorios-tzaccbi04-teclado-mouse-techzone-teclado-mini","status":"publish","type":"product","link":"https:\/\/compuviper.mx\/tienda\/producto\/tech-zone-accesorios-tzaccbi04-teclado-mouse-techzone-teclado-mini\/","title":{"rendered":"Tech Zone Accesorios Tzaccbi04 Teclado\/mouse Techzone ?teclado Mini"},"content":{"rendered":"<table class=\"descripcion\">\n<tr>\n<td>Caractersticas:<\/td>\n<\/tr>\n<tr>\n<td>Tipo de conexin: inalmbrica<\/td>\n<\/tr>\n<tr>\n<td>Frecuencia: 2400 mhz<\/td>\n<\/tr>\n<tr>\n<td>Alcance: 10 m<\/td>\n<\/tr>\n<tr>\n<td>Material: abs<\/td>\n<\/tr>\n<tr>\n<td>Color: blanco<\/td>\n<\/tr>\n<tr>\n<td>Compatibilidad: windows\u00ae y macos\u00ae<\/td>\n<\/tr>\n<tr>\n<td>Mouse:<\/td>\n<\/tr>\n<tr>\n<td>Dimensiones: 5.8 x 10.8 x 2.4 cm<\/td>\n<\/tr>\n<tr>\n<td>Peso: 70 g con batera<\/td>\n<\/tr>\n<tr>\n<td>Teclado:<\/td>\n<\/tr>\n<tr>\n<td>Dimensiones: 285 x 108 x 23 mm<\/td>\n<\/tr>\n<tr>\n<td>Especificacin tcnica teclado:<\/td>\n<\/tr>\n<tr>\n<td>Nmero de teclas: 64<\/td>\n<\/tr>\n<tr>\n<td>Distribucin de las teclas: qwerty<\/td>\n<\/tr>\n<tr>\n<td>Batera: 2 aaa incluidas 3 vcc<\/td>\n<\/tr>\n<tr>\n<td>Indicadores: maysculas y encendido<\/td>\n<\/tr>\n<tr>\n<td>Especificacin tcnica mouse:<\/td>\n<\/tr>\n<tr>\n<td>Nmero de botones: 3 derecho, izquierdo y scroll<\/td>\n<\/tr>\n<tr>\n<td>Dpi: 1200<\/td>\n<\/tr>\n<tr>\n<td>Batera: 1 aa incluida 1.5 vcc<\/td>\n<\/tr>\n<tr>\n<td>Empaque:<\/td>\n<\/tr>\n<tr>\n<td>Tipo de empaque: caja a color<\/td>\n<\/tr>\n<tr>\n<td>Medidas: 37 x 3 x 13.2 cm<\/td>\n<\/tr>\n<tr>\n<td>Peso: 450 g<\/td>\n<\/tr>\n<tr>\n<td>Contenido:<\/td>\n<\/tr>\n<tr>\n<td>1 teclado inalmbrico<\/td>\n<\/tr>\n<tr>\n<td>1 mouse inalmbrico<\/td>\n<\/tr>\n<tr>\n<td>1 receptor usb<\/td>\n<\/tr>\n<tr>\n<td>1 batera aa<\/td>\n<\/tr>\n<tr>\n<td>2 bateras aaa<\/td>\n<\/tr>\n<tr>\n<td>Manual de usuario<\/td>\n<\/tr>\n<tr>\n<td>Garanta de un ao por defectos de fbrica<\/td>\n<\/tr>\n<\/table>\n","protected":false},"excerpt":{"rendered":"<p>Prctico y novedoso combo inalmbrico con teclado mini y mouse, su tamao da la oportunidad al usuario de transportarlo con facilidad. Conecta y usa.<\/p>\n","protected":false},"featured_media":242662,"comment_status":"open","ping_status":"open","template":"","meta":[],"product_cat":[1711,1712],"product_tag":[2233],"acf":[],"yoast_head":"<!-- This site is optimized with the Yoast SEO plugin v21.7 - https:\/\/yoast.com\/wordpress\/plugins\/seo\/ -->\n<title>[ Tech Zone Accesorios ] &#129351; Tzaccbi04 Teclado\/mouse Techzone \u00a0teclado Mini<\/title>\n<meta name=\"description\" content=\"Compra Tzaccbi04 Teclado\/mouse Techzone \u00a0teclado Mini + Env\u00edo a domicilio + Pago seguro + Garant\u00eda\" \/>\n<meta name=\"robots\" content=\"index, follow, max-snippet:-1, max-image-preview:large, max-video-preview:-1\" \/>\n<link rel=\"canonical\" href=\"https:\/\/compuviper.mx\/tienda\/producto\/tech-zone-accesorios-tzaccbi04-teclado-mouse-techzone-teclado-mini\/\" \/>\n<meta property=\"og:locale\" content=\"es_MX\" \/>\n<meta property=\"og:type\" content=\"article\" \/>\n<meta property=\"og:title\" content=\"[ Tech Zone Accesorios ] &#129351; Tzaccbi04 Teclado\/mouse Techzone \u00a0teclado Mini\" \/>\n<meta property=\"og:description\" content=\"Compra Tzaccbi04 Teclado\/mouse Techzone \u00a0teclado Mini + Env\u00edo a domicilio + Pago seguro + Garant\u00eda\" \/>\n<meta property=\"og:url\" content=\"https:\/\/compuviper.mx\/tienda\/producto\/tech-zone-accesorios-tzaccbi04-teclado-mouse-techzone-teclado-mini\/\" \/>\n<meta property=\"og:site_name\" content=\"Compuviper\" \/>\n<meta property=\"article:publisher\" content=\"https:\/\/www.facebook.com\/compuviper\" \/>\n<meta property=\"og:image\" content=\"https:\/\/compuviper.mx\/tienda\/wp-content\/uploads\/2024\/09\/Tecladomouse-techzone-tzaccbi04-teclado-mini.jpg\" \/>\n\t<meta property=\"og:image:width\" content=\"200\" \/>\n\t<meta property=\"og:image:height\" content=\"200\" \/>\n\t<meta property=\"og:image:type\" content=\"image\/jpeg\" \/>\n<meta name=\"twitter:card\" content=\"summary_large_image\" \/>\n<meta name=\"twitter:label1\" content=\"Precio\" \/>\n\t<meta name=\"twitter:data1\" content=\"&#36;310 con IVA\" \/>\n\t<meta name=\"twitter:label2\" content=\"Availability\" \/>\n\t<meta name=\"twitter:data2\" content=\"Out of stock\" \/>\n<script type=\"application\/ld+json\" class=\"yoast-schema-graph\">{\"@context\":\"https:\/\/schema.org\",\"@graph\":[{\"@type\":\"WebPage\",\"@id\":\"https:\/\/compuviper.mx\/tienda\/producto\/tech-zone-accesorios-tzaccbi04-teclado-mouse-techzone-teclado-mini\/\",\"url\":\"https:\/\/compuviper.mx\/tienda\/producto\/tech-zone-accesorios-tzaccbi04-teclado-mouse-techzone-teclado-mini\/\",\"name\":\"[ Tech Zone Accesorios ] &#129351; Tzaccbi04 Teclado\/mouse Techzone \u00a0teclado Mini\",\"isPartOf\":{\"@id\":\"https:\/\/compuviper.mx\/tienda\/#website\"},\"datePublished\":\"2026-04-14T06:39:31+00:00\",\"dateModified\":\"2026-04-14T06:39:31+00:00\",\"description\":\"Compra Tzaccbi04 Teclado\/mouse Techzone \u00a0teclado Mini + Env\u00edo a domicilio + Pago seguro + Garant\u00eda\",\"breadcrumb\":{\"@id\":\"https:\/\/compuviper.mx\/tienda\/producto\/tech-zone-accesorios-tzaccbi04-teclado-mouse-techzone-teclado-mini\/#breadcrumb\"},\"inLanguage\":\"es-MX\",\"potentialAction\":[{\"@type\":\"ReadAction\",\"target\":[\"https:\/\/compuviper.mx\/tienda\/producto\/tech-zone-accesorios-tzaccbi04-teclado-mouse-techzone-teclado-mini\/\"]}]},{\"@type\":\"BreadcrumbList\",\"@id\":\"https:\/\/compuviper.mx\/tienda\/producto\/tech-zone-accesorios-tzaccbi04-teclado-mouse-techzone-teclado-mini\/#breadcrumb\",\"itemListElement\":[{\"@type\":\"ListItem\",\"position\":1,\"name\":\"Inicio\",\"item\":\"https:\/\/compuviper.mx\/tienda\/\"},{\"@type\":\"ListItem\",\"position\":2,\"name\":\"Productos\",\"item\":\"https:\/\/compuviper.mx\/tienda\/productos\/\"},{\"@type\":\"ListItem\",\"position\":3,\"name\":\"Teclado Y Mouse\",\"item\":\"https:\/\/compuviper.mx\/tienda\/categoria-producto\/teclado-y-mouse\/\"},{\"@type\":\"ListItem\",\"position\":4,\"name\":\"Sin Categor\u00eda\",\"item\":\"https:\/\/compuviper.mx\/tienda\/categoria-producto\/teclado-y-mouse\/sin-categoria-teclado-y-mouse\/\"},{\"@type\":\"ListItem\",\"position\":5,\"name\":\"Tech Zone Accesorios Tzaccbi04 Teclado\/mouse Techzone ?teclado Mini\"}]},{\"@type\":\"WebSite\",\"@id\":\"https:\/\/compuviper.mx\/tienda\/#website\",\"url\":\"https:\/\/compuviper.mx\/tienda\/\",\"name\":\"Compuviper\",\"description\":\"Proveedor de Computadoras, Laptops, Servidores, Monitores, Puntos de Venta, Teclados,   Impresoras, T\u00f3ner, C\u00e1maras de Seguridad y m\u00e1s en tu tienda en l\u00ednea\",\"publisher\":{\"@id\":\"https:\/\/compuviper.mx\/tienda\/#organization\"},\"potentialAction\":[{\"@type\":\"SearchAction\",\"target\":{\"@type\":\"EntryPoint\",\"urlTemplate\":\"https:\/\/compuviper.mx\/tienda\/?s={search_term_string}\"},\"query-input\":\"required name=search_term_string\"}],\"inLanguage\":\"es-MX\"},{\"@type\":\"Organization\",\"@id\":\"https:\/\/compuviper.mx\/tienda\/#organization\",\"name\":\"Compuviper\",\"url\":\"https:\/\/compuviper.mx\/tienda\/\",\"logo\":{\"@type\":\"ImageObject\",\"inLanguage\":\"es-MX\",\"@id\":\"https:\/\/compuviper.mx\/tienda\/#\/schema\/logo\/image\/\",\"url\":\"https:\/\/compuviper.mx\/tienda\/wp-content\/uploads\/2021\/08\/Logo-Compuviper-10.png\",\"contentUrl\":\"https:\/\/compuviper.mx\/tienda\/wp-content\/uploads\/2021\/08\/Logo-Compuviper-10.png\",\"width\":1000,\"height\":500,\"caption\":\"Compuviper\"},\"image\":{\"@id\":\"https:\/\/compuviper.mx\/tienda\/#\/schema\/logo\/image\/\"},\"sameAs\":[\"https:\/\/www.facebook.com\/compuviper\",\"https:\/\/www.youtube.com\/channel\/UCf73dERp9Y3cfOq7q8BhLjA?view_as=subscriber\"]}]}<\/script>\n<meta property=\"product:brand\" content=\"Tech Zone Accesorios\" \/>\n<meta property=\"product:price:amount\" content=\"310\" \/>\n<meta property=\"product:price:currency\" content=\"MXN\" \/>\n<meta property=\"og:availability\" content=\"out of stock\" \/>\n<meta property=\"product:availability\" content=\"out of stock\" \/>\n<meta property=\"product:retailer_item_id\" content=\"TZACCBI04\" \/>\n<meta property=\"product:condition\" content=\"new\" \/>\n<!-- \/ Yoast SEO plugin. -->","yoast_head_json":{"title":"[ Tech Zone Accesorios ] &#129351; Tzaccbi04 Teclado\/mouse Techzone \u00a0teclado Mini","description":"Compra Tzaccbi04 Teclado\/mouse Techzone \u00a0teclado Mini + Env\u00edo a domicilio + Pago seguro + Garant\u00eda","robots":{"index":"index","follow":"follow","max-snippet":"max-snippet:-1","max-image-preview":"max-image-preview:large","max-video-preview":"max-video-preview:-1"},"canonical":"https:\/\/compuviper.mx\/tienda\/producto\/tech-zone-accesorios-tzaccbi04-teclado-mouse-techzone-teclado-mini\/","og_locale":"es_MX","og_type":"article","og_title":"[ Tech Zone Accesorios ] &#129351; Tzaccbi04 Teclado\/mouse Techzone \u00a0teclado Mini","og_description":"Compra Tzaccbi04 Teclado\/mouse Techzone \u00a0teclado Mini + Env\u00edo a domicilio + Pago seguro + Garant\u00eda","og_url":"https:\/\/compuviper.mx\/tienda\/producto\/tech-zone-accesorios-tzaccbi04-teclado-mouse-techzone-teclado-mini\/","og_site_name":"Compuviper","article_publisher":"https:\/\/www.facebook.com\/compuviper","og_image":[{"width":200,"height":200,"url":"https:\/\/compuviper.mx\/tienda\/wp-content\/uploads\/2024\/09\/Tecladomouse-techzone-tzaccbi04-teclado-mini.jpg","type":"image\/jpeg"}],"twitter_card":"summary_large_image","twitter_misc":{"Precio":"&#36;310 con IVA","Availability":"Out of stock"},"schema":{"@context":"https:\/\/schema.org","@graph":[{"@type":"WebPage","@id":"https:\/\/compuviper.mx\/tienda\/producto\/tech-zone-accesorios-tzaccbi04-teclado-mouse-techzone-teclado-mini\/","url":"https:\/\/compuviper.mx\/tienda\/producto\/tech-zone-accesorios-tzaccbi04-teclado-mouse-techzone-teclado-mini\/","name":"[ Tech Zone Accesorios ] &#129351; Tzaccbi04 Teclado\/mouse Techzone \u00a0teclado Mini","isPartOf":{"@id":"https:\/\/compuviper.mx\/tienda\/#website"},"datePublished":"2026-04-14T06:39:31+00:00","dateModified":"2026-04-14T06:39:31+00:00","description":"Compra Tzaccbi04 Teclado\/mouse Techzone \u00a0teclado Mini + Env\u00edo a domicilio + Pago seguro + Garant\u00eda","breadcrumb":{"@id":"https:\/\/compuviper.mx\/tienda\/producto\/tech-zone-accesorios-tzaccbi04-teclado-mouse-techzone-teclado-mini\/#breadcrumb"},"inLanguage":"es-MX","potentialAction":[{"@type":"ReadAction","target":["https:\/\/compuviper.mx\/tienda\/producto\/tech-zone-accesorios-tzaccbi04-teclado-mouse-techzone-teclado-mini\/"]}]},{"@type":"BreadcrumbList","@id":"https:\/\/compuviper.mx\/tienda\/producto\/tech-zone-accesorios-tzaccbi04-teclado-mouse-techzone-teclado-mini\/#breadcrumb","itemListElement":[{"@type":"ListItem","position":1,"name":"Inicio","item":"https:\/\/compuviper.mx\/tienda\/"},{"@type":"ListItem","position":2,"name":"Productos","item":"https:\/\/compuviper.mx\/tienda\/productos\/"},{"@type":"ListItem","position":3,"name":"Teclado Y Mouse","item":"https:\/\/compuviper.mx\/tienda\/categoria-producto\/teclado-y-mouse\/"},{"@type":"ListItem","position":4,"name":"Sin Categor\u00eda","item":"https:\/\/compuviper.mx\/tienda\/categoria-producto\/teclado-y-mouse\/sin-categoria-teclado-y-mouse\/"},{"@type":"ListItem","position":5,"name":"Tech Zone Accesorios Tzaccbi04 Teclado\/mouse Techzone ?teclado Mini"}]},{"@type":"WebSite","@id":"https:\/\/compuviper.mx\/tienda\/#website","url":"https:\/\/compuviper.mx\/tienda\/","name":"Compuviper","description":"Proveedor de Computadoras, Laptops, Servidores, Monitores, Puntos de Venta, Teclados,   Impresoras, T\u00f3ner, C\u00e1maras de Seguridad y m\u00e1s en tu tienda en l\u00ednea","publisher":{"@id":"https:\/\/compuviper.mx\/tienda\/#organization"},"potentialAction":[{"@type":"SearchAction","target":{"@type":"EntryPoint","urlTemplate":"https:\/\/compuviper.mx\/tienda\/?s={search_term_string}"},"query-input":"required name=search_term_string"}],"inLanguage":"es-MX"},{"@type":"Organization","@id":"https:\/\/compuviper.mx\/tienda\/#organization","name":"Compuviper","url":"https:\/\/compuviper.mx\/tienda\/","logo":{"@type":"ImageObject","inLanguage":"es-MX","@id":"https:\/\/compuviper.mx\/tienda\/#\/schema\/logo\/image\/","url":"https:\/\/compuviper.mx\/tienda\/wp-content\/uploads\/2021\/08\/Logo-Compuviper-10.png","contentUrl":"https:\/\/compuviper.mx\/tienda\/wp-content\/uploads\/2021\/08\/Logo-Compuviper-10.png","width":1000,"height":500,"caption":"Compuviper"},"image":{"@id":"https:\/\/compuviper.mx\/tienda\/#\/schema\/logo\/image\/"},"sameAs":["https:\/\/www.facebook.com\/compuviper","https:\/\/www.youtube.com\/channel\/UCf73dERp9Y3cfOq7q8BhLjA?view_as=subscriber"]}]},"product_brand":"Tech Zone Accesorios","product_price_amount":"310","product_price_currency":"MXN","og_availability":"out of stock","product_availability":"out of stock","product_retailer_item_id":"TZACCBI04","product_condition":"new"},"_links":{"self":[{"href":"https:\/\/compuviper.mx\/tienda\/wp-json\/wp\/v2\/product\/240973"}],"collection":[{"href":"https:\/\/compuviper.mx\/tienda\/wp-json\/wp\/v2\/product"}],"about":[{"href":"https:\/\/compuviper.mx\/tienda\/wp-json\/wp\/v2\/types\/product"}],"replies":[{"embeddable":true,"href":"https:\/\/compuviper.mx\/tienda\/wp-json\/wp\/v2\/comments?post=240973"}],"wp:featuredmedia":[{"embeddable":true,"href":"https:\/\/compuviper.mx\/tienda\/wp-json\/wp\/v2\/media\/242662"}],"wp:attachment":[{"href":"https:\/\/compuviper.mx\/tienda\/wp-json\/wp\/v2\/media?parent=240973"}],"wp:term":[{"taxonomy":"product_cat","embeddable":true,"href":"https:\/\/compuviper.mx\/tienda\/wp-json\/wp\/v2\/product_cat?post=240973"},{"taxonomy":"product_tag","embeddable":true,"href":"https:\/\/compuviper.mx\/tienda\/wp-json\/wp\/v2\/product_tag?post=240973"}],"curies":[{"name":"wp","href":"https:\/\/api.w.org\/{rel}","templated":true}]}}